{"id":208595,"date":"2024-05-29T10:20:19","date_gmt":"2024-05-29T08:20:19","guid":{"rendered":"https:\/\/marktxxl.de\/markt\/produkt\/unbekannt-honda-42710-vh7-010za-pk2-rasenmaeher-hinterraeder-229-cm-grau\/"},"modified":"2024-05-29T10:20:19","modified_gmt":"2024-05-29T08:20:19","slug":"unbekannt-honda-42710-vh7-010za-pk2-rasenmaeher-hinterraeder-229-cm-grau","status":"publish","type":"product","link":"https:\/\/marktxxl.de\/markt\/produkt\/unbekannt-honda-42710-vh7-010za-pk2-rasenmaeher-hinterraeder-229-cm-grau\/","title":{"rendered":"Unbekannt Honda 42710-VH7-010ZA PK2 Rasenm\u00e4her Hinterr\u00e4der 22,9 cm, Grau"},"content":{"rendered":"<p>Original-OEM-Honda-Ersatzteil; 2 St\u00fcck.<br \/>\nErsetzt 42710-VH7-000, 42710-VH7-000ZA<br \/>\nVIN# MZCG-7700001 ZCG-77999 HRR216K6 VXAA Rasenm\u00e4her<br \/>\nMeka Marka \/ Rasenm\u00e4her, USA, VIN# MAGA-1400001 TO MAGA-14999 HRX217K1 HXA Rasenm\u00e4her, USA, VIN# MAGA-1400001 TO MAGA-14999 HRX217K1 TDA Rasenm\u00e4her, USA, VIN# MAGA-1400001 TO MAGA-14999 HRX217K1<br \/>\nHRX217K3 HZAA Rasenm\u00e4her, USA, VIN# MAGA-2020001 HRX217K3 VKAA Rasenm\u00e4her, USA, VIN# MAGA-2020001<br \/>\n<div class=\"main-cross-sell\" data-asin=\"B01H2H6B5G\">\n\n\t<div class=\"WooZone-cross-sell-loader\">\n\t\t<div>\n\t\t\t<div id=\"floatingBarsG\">\n\t\t\t\t<div class=\"blockG\" id=\"rotateG_01\"><\/div>\n\t\t\t\t<div class=\"blockG\" id=\"rotateG_02\"><\/div>\n\t\t\t\t<div class=\"blockG\" id=\"rotateG_03\"><\/div>\n\t\t\t\t<div class=\"blockG\" id=\"rotateG_04\"><\/div>\n\t\t\t\t<div class=\"blockG\" id=\"rotateG_05\"><\/div>\n\t\t\t\t<div class=\"blockG\" id=\"rotateG_06\"><\/div>\n\t\t\t\t<div class=\"blockG\" id=\"rotateG_07\"><\/div>\n\t\t\t\t<div class=\"blockG\" id=\"rotateG_08\"><\/div>\n\t\t\t<\/div>\n\t\t\t<div class=\"WooZone-cross-sell-loader-text\"><\/div>\n\t\t<\/div>\n\t<\/div>\n\n\t\t\n<\/div>\n<div style=\"clear:both;\"><\/div><\/p>\n","protected":false},"excerpt":{"rendered":"<p>Original-OEM-Honda-Ersatzteil; 2 St\u00fcck.<br \/>\nErsetzt 42710-VH7-000, 42710-VH7-000ZA<br \/>\nVIN# MZCG-7700001 ZCG-77999 HRR216K6 VXAA Rasenm\u00e4her<\/p>\n","protected":false},"featured_media":208596,"comment_status":"open","ping_status":"closed","template":"","meta":[],"product_brand":[],"product_cat":[1983,11235],"product_tag":[],"class_list":{"0":"post-208595","1":"product","2":"type-product","3":"status-publish","4":"has-post-thumbnail","6":"product_cat-baumarkt","7":"product_cat-rasenmaeher-elektrische-gartenwerkzeuge","8":"pa_brand-honda","9":"pa_manufacturer-honda","10":"pa_model-42710-vh7-010za","11":"pa_size-mittel","12":"pa_weight-4-44-pounds","14":"first","15":"instock","16":"shipping-taxable","17":"purchasable","18":"product-type-simple","19":"customify-col","20":"product-has-gallery"},"yoast_head":"<!-- This site is optimized with the Yoast SEO plugin v27.4 - https:\/\/yoast.com\/product\/yoast-seo-wordpress\/ -->\n<title>Unbekannt Honda 42710-VH7-010ZA PK2 Rasenm\u00e4her Hinterr\u00e4der 22,9 cm, Grau - Markt-XXL<\/title>\n<meta name=\"description\" content=\"Markt-XXL Unbekannt Honda 42710-VH7-010ZA PK2 Rasenm\u00e4her Hinterr\u00e4der 22,9 cm, Grau\" \/>\n<meta name=\"robots\" content=\"index, follow, max-snippet:-1, max-image-preview:large, max-video-preview:-1\" \/>\n<link rel=\"canonical\" href=\"https:\/\/marktxxl.de\/markt\/produkt\/unbekannt-honda-42710-vh7-010za-pk2-rasenmaeher-hinterraeder-229-cm-grau\/\" \/>\n<meta property=\"og:locale\" content=\"de_DE\" \/>\n<meta property=\"og:type\" content=\"article\" \/>\n<meta property=\"og:title\" content=\"Unbekannt Honda 42710-VH7-010ZA PK2 Rasenm\u00e4her Hinterr\u00e4der 22,9 cm, Grau - Markt-XXL\" \/>\n<meta property=\"og:description\" content=\"Markt-XXL Unbekannt Honda 42710-VH7-010ZA PK2 Rasenm\u00e4her Hinterr\u00e4der 22,9 cm, Grau\" \/>\n<meta property=\"og:url\" content=\"https:\/\/marktxxl.de\/markt\/produkt\/unbekannt-honda-42710-vh7-010za-pk2-rasenmaeher-hinterraeder-229-cm-grau\/\" \/>\n<meta property=\"og:site_name\" content=\"Markt-XXL\" \/>\n<meta name=\"twitter:card\" content=\"summary_large_image\" \/>\n<script type=\"application\/ld+json\" class=\"yoast-schema-graph\">{\"@context\":\"https:\\\/\\\/schema.org\",\"@graph\":[{\"@type\":\"WebPage\",\"@id\":\"https:\\\/\\\/marktxxl.de\\\/markt\\\/produkt\\\/unbekannt-honda-42710-vh7-010za-pk2-rasenmaeher-hinterraeder-229-cm-grau\\\/\",\"url\":\"https:\\\/\\\/marktxxl.de\\\/markt\\\/produkt\\\/unbekannt-honda-42710-vh7-010za-pk2-rasenmaeher-hinterraeder-229-cm-grau\\\/\",\"name\":\"Unbekannt Honda 42710-VH7-010ZA PK2 Rasenm\u00e4her Hinterr\u00e4der 22,9 cm, Grau - Markt-XXL\",\"isPartOf\":{\"@id\":\"https:\\\/\\\/marktxxl.de\\\/markt\\\/#website\"},\"primaryImageOfPage\":{\"@id\":\"https:\\\/\\\/marktxxl.de\\\/markt\\\/produkt\\\/unbekannt-honda-42710-vh7-010za-pk2-rasenmaeher-hinterraeder-229-cm-grau\\\/#primaryimage\"},\"image\":{\"@id\":\"https:\\\/\\\/marktxxl.de\\\/markt\\\/produkt\\\/unbekannt-honda-42710-vh7-010za-pk2-rasenmaeher-hinterraeder-229-cm-grau\\\/#primaryimage\"},\"thumbnailUrl\":\"https:\\\/\\\/m.media-amazon.com\\\/images\\\/I\\\/41v7-mrZvwL._SL500_.jpg\",\"datePublished\":\"2024-05-29T08:20:19+00:00\",\"description\":\"Markt-XXL Unbekannt Honda 42710-VH7-010ZA PK2 Rasenm\u00e4her Hinterr\u00e4der 22,9 cm, Grau\",\"breadcrumb\":{\"@id\":\"https:\\\/\\\/marktxxl.de\\\/markt\\\/produkt\\\/unbekannt-honda-42710-vh7-010za-pk2-rasenmaeher-hinterraeder-229-cm-grau\\\/#breadcrumb\"},\"inLanguage\":\"de\",\"potentialAction\":[{\"@type\":\"ReadAction\",\"target\":[\"https:\\\/\\\/marktxxl.de\\\/markt\\\/produkt\\\/unbekannt-honda-42710-vh7-010za-pk2-rasenmaeher-hinterraeder-229-cm-grau\\\/\"]}]},{\"@type\":\"ImageObject\",\"inLanguage\":\"de\",\"@id\":\"https:\\\/\\\/marktxxl.de\\\/markt\\\/produkt\\\/unbekannt-honda-42710-vh7-010za-pk2-rasenmaeher-hinterraeder-229-cm-grau\\\/#primaryimage\",\"url\":\"https:\\\/\\\/m.media-amazon.com\\\/images\\\/I\\\/41v7-mrZvwL._SL500_.jpg\",\"contentUrl\":\"https:\\\/\\\/m.media-amazon.com\\\/images\\\/I\\\/41v7-mrZvwL._SL500_.jpg\",\"width\":500,\"height\":500},{\"@type\":\"BreadcrumbList\",\"@id\":\"https:\\\/\\\/marktxxl.de\\\/markt\\\/produkt\\\/unbekannt-honda-42710-vh7-010za-pk2-rasenmaeher-hinterraeder-229-cm-grau\\\/#breadcrumb\",\"itemListElement\":[{\"@type\":\"ListItem\",\"position\":1,\"name\":\"Startseite\",\"item\":\"https:\\\/\\\/marktxxl.de\\\/markt\\\/\"},{\"@type\":\"ListItem\",\"position\":2,\"name\":\"Markt\",\"item\":\"https:\\\/\\\/marktxxl.de\\\/markt\\\/\"},{\"@type\":\"ListItem\",\"position\":3,\"name\":\"Unbekannt Honda 42710-VH7-010ZA PK2 Rasenm\u00e4her Hinterr\u00e4der 22,9 cm, Grau\"}]},{\"@type\":\"WebSite\",\"@id\":\"https:\\\/\\\/marktxxl.de\\\/markt\\\/#website\",\"url\":\"https:\\\/\\\/marktxxl.de\\\/markt\\\/\",\"name\":\"Markt-XXL\",\"description\":\"Ihr Markt Online\",\"publisher\":{\"@id\":\"https:\\\/\\\/marktxxl.de\\\/markt\\\/#organization\"},\"potentialAction\":[{\"@type\":\"SearchAction\",\"target\":{\"@type\":\"EntryPoint\",\"urlTemplate\":\"https:\\\/\\\/marktxxl.de\\\/markt\\\/?s={search_term_string}\"},\"query-input\":{\"@type\":\"PropertyValueSpecification\",\"valueRequired\":true,\"valueName\":\"search_term_string\"}}],\"inLanguage\":\"de\"},{\"@type\":\"Organization\",\"@id\":\"https:\\\/\\\/marktxxl.de\\\/markt\\\/#organization\",\"name\":\"Markt-XXL\",\"url\":\"https:\\\/\\\/marktxxl.de\\\/markt\\\/\",\"logo\":{\"@type\":\"ImageObject\",\"inLanguage\":\"de\",\"@id\":\"https:\\\/\\\/marktxxl.de\\\/markt\\\/#\\\/schema\\\/logo\\\/image\\\/\",\"url\":\"https:\\\/\\\/marktxxl.de\\\/markt\\\/wp-content\\\/uploads\\\/sites\\\/3\\\/2020\\\/12\\\/logo.png\",\"contentUrl\":\"https:\\\/\\\/marktxxl.de\\\/markt\\\/wp-content\\\/uploads\\\/sites\\\/3\\\/2020\\\/12\\\/logo.png\",\"width\":200,\"height\":70,\"caption\":\"Markt-XXL\"},\"image\":{\"@id\":\"https:\\\/\\\/marktxxl.de\\\/markt\\\/#\\\/schema\\\/logo\\\/image\\\/\"}}]}<\/script>\n<!-- \/ Yoast SEO plugin. -->","yoast_head_json":{"title":"Unbekannt Honda 42710-VH7-010ZA PK2 Rasenm\u00e4her Hinterr\u00e4der 22,9 cm, Grau - Markt-XXL","description":"Markt-XXL Unbekannt Honda 42710-VH7-010ZA PK2 Rasenm\u00e4her Hinterr\u00e4der 22,9 cm, Grau","robots":{"index":"index","follow":"follow","max-snippet":"max-snippet:-1","max-image-preview":"max-image-preview:large","max-video-preview":"max-video-preview:-1"},"canonical":"https:\/\/marktxxl.de\/markt\/produkt\/unbekannt-honda-42710-vh7-010za-pk2-rasenmaeher-hinterraeder-229-cm-grau\/","og_locale":"de_DE","og_type":"article","og_title":"Unbekannt Honda 42710-VH7-010ZA PK2 Rasenm\u00e4her Hinterr\u00e4der 22,9 cm, Grau - Markt-XXL","og_description":"Markt-XXL Unbekannt Honda 42710-VH7-010ZA PK2 Rasenm\u00e4her Hinterr\u00e4der 22,9 cm, Grau","og_url":"https:\/\/marktxxl.de\/markt\/produkt\/unbekannt-honda-42710-vh7-010za-pk2-rasenmaeher-hinterraeder-229-cm-grau\/","og_site_name":"Markt-XXL","twitter_card":"summary_large_image","schema":{"@context":"https:\/\/schema.org","@graph":[{"@type":"WebPage","@id":"https:\/\/marktxxl.de\/markt\/produkt\/unbekannt-honda-42710-vh7-010za-pk2-rasenmaeher-hinterraeder-229-cm-grau\/","url":"https:\/\/marktxxl.de\/markt\/produkt\/unbekannt-honda-42710-vh7-010za-pk2-rasenmaeher-hinterraeder-229-cm-grau\/","name":"Unbekannt Honda 42710-VH7-010ZA PK2 Rasenm\u00e4her Hinterr\u00e4der 22,9 cm, Grau - Markt-XXL","isPartOf":{"@id":"https:\/\/marktxxl.de\/markt\/#website"},"primaryImageOfPage":{"@id":"https:\/\/marktxxl.de\/markt\/produkt\/unbekannt-honda-42710-vh7-010za-pk2-rasenmaeher-hinterraeder-229-cm-grau\/#primaryimage"},"image":{"@id":"https:\/\/marktxxl.de\/markt\/produkt\/unbekannt-honda-42710-vh7-010za-pk2-rasenmaeher-hinterraeder-229-cm-grau\/#primaryimage"},"thumbnailUrl":"https:\/\/m.media-amazon.com\/images\/I\/41v7-mrZvwL._SL500_.jpg","datePublished":"2024-05-29T08:20:19+00:00","description":"Markt-XXL Unbekannt Honda 42710-VH7-010ZA PK2 Rasenm\u00e4her Hinterr\u00e4der 22,9 cm, Grau","breadcrumb":{"@id":"https:\/\/marktxxl.de\/markt\/produkt\/unbekannt-honda-42710-vh7-010za-pk2-rasenmaeher-hinterraeder-229-cm-grau\/#breadcrumb"},"inLanguage":"de","potentialAction":[{"@type":"ReadAction","target":["https:\/\/marktxxl.de\/markt\/produkt\/unbekannt-honda-42710-vh7-010za-pk2-rasenmaeher-hinterraeder-229-cm-grau\/"]}]},{"@type":"ImageObject","inLanguage":"de","@id":"https:\/\/marktxxl.de\/markt\/produkt\/unbekannt-honda-42710-vh7-010za-pk2-rasenmaeher-hinterraeder-229-cm-grau\/#primaryimage","url":"https:\/\/m.media-amazon.com\/images\/I\/41v7-mrZvwL._SL500_.jpg","contentUrl":"https:\/\/m.media-amazon.com\/images\/I\/41v7-mrZvwL._SL500_.jpg","width":500,"height":500},{"@type":"BreadcrumbList","@id":"https:\/\/marktxxl.de\/markt\/produkt\/unbekannt-honda-42710-vh7-010za-pk2-rasenmaeher-hinterraeder-229-cm-grau\/#breadcrumb","itemListElement":[{"@type":"ListItem","position":1,"name":"Startseite","item":"https:\/\/marktxxl.de\/markt\/"},{"@type":"ListItem","position":2,"name":"Markt","item":"https:\/\/marktxxl.de\/markt\/"},{"@type":"ListItem","position":3,"name":"Unbekannt Honda 42710-VH7-010ZA PK2 Rasenm\u00e4her Hinterr\u00e4der 22,9 cm, Grau"}]},{"@type":"WebSite","@id":"https:\/\/marktxxl.de\/markt\/#website","url":"https:\/\/marktxxl.de\/markt\/","name":"Markt-XXL","description":"Ihr Markt Online","publisher":{"@id":"https:\/\/marktxxl.de\/markt\/#organization"},"potentialAction":[{"@type":"SearchAction","target":{"@type":"EntryPoint","urlTemplate":"https:\/\/marktxxl.de\/markt\/?s={search_term_string}"},"query-input":{"@type":"PropertyValueSpecification","valueRequired":true,"valueName":"search_term_string"}}],"inLanguage":"de"},{"@type":"Organization","@id":"https:\/\/marktxxl.de\/markt\/#organization","name":"Markt-XXL","url":"https:\/\/marktxxl.de\/markt\/","logo":{"@type":"ImageObject","inLanguage":"de","@id":"https:\/\/marktxxl.de\/markt\/#\/schema\/logo\/image\/","url":"https:\/\/marktxxl.de\/markt\/wp-content\/uploads\/sites\/3\/2020\/12\/logo.png","contentUrl":"https:\/\/marktxxl.de\/markt\/wp-content\/uploads\/sites\/3\/2020\/12\/logo.png","width":200,"height":70,"caption":"Markt-XXL"},"image":{"@id":"https:\/\/marktxxl.de\/markt\/#\/schema\/logo\/image\/"}}]}},"_links":{"self":[{"href":"https:\/\/marktxxl.de\/markt\/wp-json\/wp\/v2\/product\/208595","targetHints":{"allow":["GET"]}}],"collection":[{"href":"https:\/\/marktxxl.de\/markt\/wp-json\/wp\/v2\/product"}],"about":[{"href":"https:\/\/marktxxl.de\/markt\/wp-json\/wp\/v2\/types\/product"}],"replies":[{"embeddable":true,"href":"https:\/\/marktxxl.de\/markt\/wp-json\/wp\/v2\/comments?post=208595"}],"wp:featuredmedia":[{"embeddable":true,"href":"https:\/\/marktxxl.de\/markt\/wp-json\/wp\/v2\/media\/208596"}],"wp:attachment":[{"href":"https:\/\/marktxxl.de\/markt\/wp-json\/wp\/v2\/media?parent=208595"}],"wp:term":[{"taxonomy":"product_brand","embeddable":true,"href":"https:\/\/marktxxl.de\/markt\/wp-json\/wp\/v2\/product_brand?post=208595"},{"taxonomy":"product_cat","embeddable":true,"href":"https:\/\/marktxxl.de\/markt\/wp-json\/wp\/v2\/product_cat?post=208595"},{"taxonomy":"product_tag","embeddable":true,"href":"https:\/\/marktxxl.de\/markt\/wp-json\/wp\/v2\/product_tag?post=208595"}],"curies":[{"name":"wp","href":"https:\/\/api.w.org\/{rel}","templated":true}]}}