{"id":208587,"date":"2024-05-29T10:20:05","date_gmt":"2024-05-29T08:20:05","guid":{"rendered":"https:\/\/marktxxl.de\/markt\/produkt\/batteriehalter-fuer-makita-18-v-batteriehalterungen-dock-halter-passend-fuer-bl1860-bl1850-bl1840-bl1830-mit-10-schrauben-5-stueck\/"},"modified":"2024-05-29T10:20:05","modified_gmt":"2024-05-29T08:20:05","slug":"batteriehalter-fuer-makita-18-v-batteriehalterungen-dock-halter-passend-fuer-bl1860-bl1850-bl1840-bl1830-mit-10-schrauben-5-stueck","status":"publish","type":"product","link":"https:\/\/marktxxl.de\/markt\/produkt\/batteriehalter-fuer-makita-18-v-batteriehalterungen-dock-halter-passend-fuer-bl1860-bl1850-bl1840-bl1830-mit-10-schrauben-5-stueck\/","title":{"rendered":"Batteriehalter f\u00fcr Makita 18 V Batteriehalterungen, Dock-Halter, passend f\u00fcr BL1860, BL1850, BL1840, BL1830 (mit 10 Schrauben), 5 St\u00fcck"},"content":{"rendered":"<p>Anwendung &#8211; Geeignet f\u00fcr die gesamte Serie von Makita 18 V Batterie zum Befestigen an der Wand, Bank, Garage, Werkstatt, Werkstattwagen, \u00dcberkopf, Verwendung zur Inventarverwaltung, Displayausr\u00fcstung.<br \/>\nInstallation \u2013 Montieren Sie diese Halterung nur mit 2 Schrauben (im Lieferumfang enthalten). Dann treffen Sie Ihre Batterie die Rille, um sie sicher zu verriegeln. Sie k\u00f6nnen die Halterung umdrehen, wie auf dem Kopf, an der Seite oder in einem beliebigen Winkel.<br \/>\nEigenschaften &#8211; Hergestellt aus hochwertigem ABS-Kunststoff, der robust und langlebig ist (nicht 3D-gedruckt). Gewicht bis zu 38 g pro Halter, sehr einfach zu tragen und zu installieren.<br \/>\nOrdentlich \u2013 Halten Sie Ihren Arbeitsplatz aufger\u00e4umt, sparen Sie Ihre Zeit beim Herumfummeln auf dem unordentlichen Tisch und sch\u00fctzen Sie Ihre Batterien vor Besch\u00e4digungen.<br \/>\nKundenservice &#8211; Wenn Sie irgendwelche Probleme haben, z\u00f6gern Sie bitte nicht, uns zu kontaktieren, wir werden unser Bestes versuchen, Ihnen innerhalb von 24 Stunden eine v\u00f6llig zufriedenstellende L\u00f6sung zu antworten.<br \/>\n<div class=\"main-cross-sell\" data-asin=\"B09Q2R257D\">\n\n\t<div class=\"WooZone-cross-sell-loader\">\n\t\t<div>\n\t\t\t<div id=\"floatingBarsG\">\n\t\t\t\t<div class=\"blockG\" id=\"rotateG_01\"><\/div>\n\t\t\t\t<div class=\"blockG\" id=\"rotateG_02\"><\/div>\n\t\t\t\t<div class=\"blockG\" id=\"rotateG_03\"><\/div>\n\t\t\t\t<div class=\"blockG\" id=\"rotateG_04\"><\/div>\n\t\t\t\t<div class=\"blockG\" id=\"rotateG_05\"><\/div>\n\t\t\t\t<div class=\"blockG\" id=\"rotateG_06\"><\/div>\n\t\t\t\t<div class=\"blockG\" id=\"rotateG_07\"><\/div>\n\t\t\t\t<div class=\"blockG\" id=\"rotateG_08\"><\/div>\n\t\t\t<\/div>\n\t\t\t<div class=\"WooZone-cross-sell-loader-text\"><\/div>\n\t\t<\/div>\n\t<\/div>\n\n\t\t\n<\/div>\n<div style=\"clear:both;\"><\/div><\/p>\n","protected":false},"excerpt":{"rendered":"<p>Anwendung &#8211; Geeignet f\u00fcr die gesamte Serie von Makita 18 V Batterie zum Befestigen an der Wand, Bank, Garage, Werkstatt, Werkstattwagen, \u00dcberkopf, Verwendung zur Inventarverwaltung, Displayausr\u00fcstung.<br \/>\nInstallation \u2013 Montieren Sie diese Halterung nur mit 2 Schrauben (im Lieferumfang enthalten). Dann treffen Sie Ihre Batterie die Rille, um sie sicher zu verriegeln. Sie k\u00f6nnen die Halterung umdrehen, wie auf dem Kopf, an der Seite oder in einem beliebigen Winkel.<br \/>\nEigenschaften &#8211; Hergestellt aus hochwertigem ABS-Kunststoff, der robust und langlebig ist (nicht 3D-gedruckt). Gewicht bis zu 38 g pro Halter, sehr einfach zu tragen und zu installieren.<\/p>\n","protected":false},"featured_media":208588,"comment_status":"open","ping_status":"closed","template":"","meta":[],"product_brand":[],"product_cat":[1983,11235],"product_tag":[],"class_list":{"0":"post-208587","1":"product","2":"type-product","3":"status-publish","4":"has-post-thumbnail","6":"product_cat-baumarkt","7":"product_cat-rasenmaeher-elektrische-gartenwerkzeuge","8":"pa_binding-unbekannter-einband","9":"pa_brand-crivnhar","10":"pa_color-schwarz","11":"pa_manufacturer-crivnhar","12":"pa_weight-0-08377565956-pounds","14":"first","15":"instock","16":"shipping-taxable","17":"purchasable","18":"product-type-simple","19":"customify-col","20":"product-has-gallery"},"yoast_head":"<!-- This site is optimized with the Yoast SEO plugin v27.4 - https:\/\/yoast.com\/product\/yoast-seo-wordpress\/ -->\n<title>Batteriehalter f\u00fcr Makita 18 V Batteriehalterungen, Dock-Halter, passend f\u00fcr BL1860, BL1850, BL1840, BL1830 (mit 10 Schrauben), 5 St\u00fcck - Markt-XXL<\/title>\n<meta name=\"description\" content=\"Markt-XXL Batteriehalter f\u00fcr Makita 18 V Batteriehalterungen, Dock-Halter, passend f\u00fcr BL1860, BL1850, BL1840, BL1830 (mit 10 Schrauben), 5 St\u00fcck\" \/>\n<meta name=\"robots\" content=\"index, follow, max-snippet:-1, max-image-preview:large, max-video-preview:-1\" \/>\n<link rel=\"canonical\" href=\"https:\/\/marktxxl.de\/markt\/produkt\/batteriehalter-fuer-makita-18-v-batteriehalterungen-dock-halter-passend-fuer-bl1860-bl1850-bl1840-bl1830-mit-10-schrauben-5-stueck\/\" \/>\n<meta property=\"og:locale\" content=\"de_DE\" \/>\n<meta property=\"og:type\" content=\"article\" \/>\n<meta property=\"og:title\" content=\"Batteriehalter f\u00fcr Makita 18 V Batteriehalterungen, Dock-Halter, passend f\u00fcr BL1860, BL1850, BL1840, BL1830 (mit 10 Schrauben), 5 St\u00fcck - Markt-XXL\" \/>\n<meta property=\"og:description\" content=\"Markt-XXL Batteriehalter f\u00fcr Makita 18 V Batteriehalterungen, Dock-Halter, passend f\u00fcr BL1860, BL1850, BL1840, BL1830 (mit 10 Schrauben), 5 St\u00fcck\" \/>\n<meta property=\"og:url\" content=\"https:\/\/marktxxl.de\/markt\/produkt\/batteriehalter-fuer-makita-18-v-batteriehalterungen-dock-halter-passend-fuer-bl1860-bl1850-bl1840-bl1830-mit-10-schrauben-5-stueck\/\" \/>\n<meta property=\"og:site_name\" content=\"Markt-XXL\" \/>\n<meta name=\"twitter:card\" content=\"summary_large_image\" \/>\n<meta name=\"twitter:label1\" content=\"Gesch\u00e4tzte Lesezeit\" \/>\n\t<meta name=\"twitter:data1\" content=\"1\u00a0Minute\" \/>\n<script type=\"application\/ld+json\" class=\"yoast-schema-graph\">{\"@context\":\"https:\\\/\\\/schema.org\",\"@graph\":[{\"@type\":\"WebPage\",\"@id\":\"https:\\\/\\\/marktxxl.de\\\/markt\\\/produkt\\\/batteriehalter-fuer-makita-18-v-batteriehalterungen-dock-halter-passend-fuer-bl1860-bl1850-bl1840-bl1830-mit-10-schrauben-5-stueck\\\/\",\"url\":\"https:\\\/\\\/marktxxl.de\\\/markt\\\/produkt\\\/batteriehalter-fuer-makita-18-v-batteriehalterungen-dock-halter-passend-fuer-bl1860-bl1850-bl1840-bl1830-mit-10-schrauben-5-stueck\\\/\",\"name\":\"Batteriehalter f\u00fcr Makita 18 V Batteriehalterungen, Dock-Halter, passend f\u00fcr BL1860, BL1850, BL1840, BL1830 (mit 10 Schrauben), 5 St\u00fcck - Markt-XXL\",\"isPartOf\":{\"@id\":\"https:\\\/\\\/marktxxl.de\\\/markt\\\/#website\"},\"primaryImageOfPage\":{\"@id\":\"https:\\\/\\\/marktxxl.de\\\/markt\\\/produkt\\\/batteriehalter-fuer-makita-18-v-batteriehalterungen-dock-halter-passend-fuer-bl1860-bl1850-bl1840-bl1830-mit-10-schrauben-5-stueck\\\/#primaryimage\"},\"image\":{\"@id\":\"https:\\\/\\\/marktxxl.de\\\/markt\\\/produkt\\\/batteriehalter-fuer-makita-18-v-batteriehalterungen-dock-halter-passend-fuer-bl1860-bl1850-bl1840-bl1830-mit-10-schrauben-5-stueck\\\/#primaryimage\"},\"thumbnailUrl\":\"https:\\\/\\\/m.media-amazon.com\\\/images\\\/I\\\/41piwurB71L._SL500_.jpg\",\"datePublished\":\"2024-05-29T08:20:05+00:00\",\"description\":\"Markt-XXL Batteriehalter f\u00fcr Makita 18 V Batteriehalterungen, Dock-Halter, passend f\u00fcr BL1860, BL1850, BL1840, BL1830 (mit 10 Schrauben), 5 St\u00fcck\",\"breadcrumb\":{\"@id\":\"https:\\\/\\\/marktxxl.de\\\/markt\\\/produkt\\\/batteriehalter-fuer-makita-18-v-batteriehalterungen-dock-halter-passend-fuer-bl1860-bl1850-bl1840-bl1830-mit-10-schrauben-5-stueck\\\/#breadcrumb\"},\"inLanguage\":\"de\",\"potentialAction\":[{\"@type\":\"ReadAction\",\"target\":[\"https:\\\/\\\/marktxxl.de\\\/markt\\\/produkt\\\/batteriehalter-fuer-makita-18-v-batteriehalterungen-dock-halter-passend-fuer-bl1860-bl1850-bl1840-bl1830-mit-10-schrauben-5-stueck\\\/\"]}]},{\"@type\":\"ImageObject\",\"inLanguage\":\"de\",\"@id\":\"https:\\\/\\\/marktxxl.de\\\/markt\\\/produkt\\\/batteriehalter-fuer-makita-18-v-batteriehalterungen-dock-halter-passend-fuer-bl1860-bl1850-bl1840-bl1830-mit-10-schrauben-5-stueck\\\/#primaryimage\",\"url\":\"https:\\\/\\\/m.media-amazon.com\\\/images\\\/I\\\/41piwurB71L._SL500_.jpg\",\"contentUrl\":\"https:\\\/\\\/m.media-amazon.com\\\/images\\\/I\\\/41piwurB71L._SL500_.jpg\",\"width\":500,\"height\":500},{\"@type\":\"BreadcrumbList\",\"@id\":\"https:\\\/\\\/marktxxl.de\\\/markt\\\/produkt\\\/batteriehalter-fuer-makita-18-v-batteriehalterungen-dock-halter-passend-fuer-bl1860-bl1850-bl1840-bl1830-mit-10-schrauben-5-stueck\\\/#breadcrumb\",\"itemListElement\":[{\"@type\":\"ListItem\",\"position\":1,\"name\":\"Startseite\",\"item\":\"https:\\\/\\\/marktxxl.de\\\/markt\\\/\"},{\"@type\":\"ListItem\",\"position\":2,\"name\":\"Markt\",\"item\":\"https:\\\/\\\/marktxxl.de\\\/markt\\\/\"},{\"@type\":\"ListItem\",\"position\":3,\"name\":\"Batteriehalter f\u00fcr Makita 18 V Batteriehalterungen, Dock-Halter, passend f\u00fcr BL1860, BL1850, BL1840, BL1830 (mit 10 Schrauben), 5 St\u00fcck\"}]},{\"@type\":\"WebSite\",\"@id\":\"https:\\\/\\\/marktxxl.de\\\/markt\\\/#website\",\"url\":\"https:\\\/\\\/marktxxl.de\\\/markt\\\/\",\"name\":\"Markt-XXL\",\"description\":\"Ihr Markt Online\",\"publisher\":{\"@id\":\"https:\\\/\\\/marktxxl.de\\\/markt\\\/#organization\"},\"potentialAction\":[{\"@type\":\"SearchAction\",\"target\":{\"@type\":\"EntryPoint\",\"urlTemplate\":\"https:\\\/\\\/marktxxl.de\\\/markt\\\/?s={search_term_string}\"},\"query-input\":{\"@type\":\"PropertyValueSpecification\",\"valueRequired\":true,\"valueName\":\"search_term_string\"}}],\"inLanguage\":\"de\"},{\"@type\":\"Organization\",\"@id\":\"https:\\\/\\\/marktxxl.de\\\/markt\\\/#organization\",\"name\":\"Markt-XXL\",\"url\":\"https:\\\/\\\/marktxxl.de\\\/markt\\\/\",\"logo\":{\"@type\":\"ImageObject\",\"inLanguage\":\"de\",\"@id\":\"https:\\\/\\\/marktxxl.de\\\/markt\\\/#\\\/schema\\\/logo\\\/image\\\/\",\"url\":\"https:\\\/\\\/marktxxl.de\\\/markt\\\/wp-content\\\/uploads\\\/sites\\\/3\\\/2020\\\/12\\\/logo.png\",\"contentUrl\":\"https:\\\/\\\/marktxxl.de\\\/markt\\\/wp-content\\\/uploads\\\/sites\\\/3\\\/2020\\\/12\\\/logo.png\",\"width\":200,\"height\":70,\"caption\":\"Markt-XXL\"},\"image\":{\"@id\":\"https:\\\/\\\/marktxxl.de\\\/markt\\\/#\\\/schema\\\/logo\\\/image\\\/\"}}]}<\/script>\n<!-- \/ Yoast SEO plugin. -->","yoast_head_json":{"title":"Batteriehalter f\u00fcr Makita 18 V Batteriehalterungen, Dock-Halter, passend f\u00fcr BL1860, BL1850, BL1840, BL1830 (mit 10 Schrauben), 5 St\u00fcck - Markt-XXL","description":"Markt-XXL Batteriehalter f\u00fcr Makita 18 V Batteriehalterungen, Dock-Halter, passend f\u00fcr BL1860, BL1850, BL1840, BL1830 (mit 10 Schrauben), 5 St\u00fcck","robots":{"index":"index","follow":"follow","max-snippet":"max-snippet:-1","max-image-preview":"max-image-preview:large","max-video-preview":"max-video-preview:-1"},"canonical":"https:\/\/marktxxl.de\/markt\/produkt\/batteriehalter-fuer-makita-18-v-batteriehalterungen-dock-halter-passend-fuer-bl1860-bl1850-bl1840-bl1830-mit-10-schrauben-5-stueck\/","og_locale":"de_DE","og_type":"article","og_title":"Batteriehalter f\u00fcr Makita 18 V Batteriehalterungen, Dock-Halter, passend f\u00fcr BL1860, BL1850, BL1840, BL1830 (mit 10 Schrauben), 5 St\u00fcck - Markt-XXL","og_description":"Markt-XXL Batteriehalter f\u00fcr Makita 18 V Batteriehalterungen, Dock-Halter, passend f\u00fcr BL1860, BL1850, BL1840, BL1830 (mit 10 Schrauben), 5 St\u00fcck","og_url":"https:\/\/marktxxl.de\/markt\/produkt\/batteriehalter-fuer-makita-18-v-batteriehalterungen-dock-halter-passend-fuer-bl1860-bl1850-bl1840-bl1830-mit-10-schrauben-5-stueck\/","og_site_name":"Markt-XXL","twitter_card":"summary_large_image","twitter_misc":{"Gesch\u00e4tzte Lesezeit":"1\u00a0Minute"},"schema":{"@context":"https:\/\/schema.org","@graph":[{"@type":"WebPage","@id":"https:\/\/marktxxl.de\/markt\/produkt\/batteriehalter-fuer-makita-18-v-batteriehalterungen-dock-halter-passend-fuer-bl1860-bl1850-bl1840-bl1830-mit-10-schrauben-5-stueck\/","url":"https:\/\/marktxxl.de\/markt\/produkt\/batteriehalter-fuer-makita-18-v-batteriehalterungen-dock-halter-passend-fuer-bl1860-bl1850-bl1840-bl1830-mit-10-schrauben-5-stueck\/","name":"Batteriehalter f\u00fcr Makita 18 V Batteriehalterungen, Dock-Halter, passend f\u00fcr BL1860, BL1850, BL1840, BL1830 (mit 10 Schrauben), 5 St\u00fcck - Markt-XXL","isPartOf":{"@id":"https:\/\/marktxxl.de\/markt\/#website"},"primaryImageOfPage":{"@id":"https:\/\/marktxxl.de\/markt\/produkt\/batteriehalter-fuer-makita-18-v-batteriehalterungen-dock-halter-passend-fuer-bl1860-bl1850-bl1840-bl1830-mit-10-schrauben-5-stueck\/#primaryimage"},"image":{"@id":"https:\/\/marktxxl.de\/markt\/produkt\/batteriehalter-fuer-makita-18-v-batteriehalterungen-dock-halter-passend-fuer-bl1860-bl1850-bl1840-bl1830-mit-10-schrauben-5-stueck\/#primaryimage"},"thumbnailUrl":"https:\/\/m.media-amazon.com\/images\/I\/41piwurB71L._SL500_.jpg","datePublished":"2024-05-29T08:20:05+00:00","description":"Markt-XXL Batteriehalter f\u00fcr Makita 18 V Batteriehalterungen, Dock-Halter, passend f\u00fcr BL1860, BL1850, BL1840, BL1830 (mit 10 Schrauben), 5 St\u00fcck","breadcrumb":{"@id":"https:\/\/marktxxl.de\/markt\/produkt\/batteriehalter-fuer-makita-18-v-batteriehalterungen-dock-halter-passend-fuer-bl1860-bl1850-bl1840-bl1830-mit-10-schrauben-5-stueck\/#breadcrumb"},"inLanguage":"de","potentialAction":[{"@type":"ReadAction","target":["https:\/\/marktxxl.de\/markt\/produkt\/batteriehalter-fuer-makita-18-v-batteriehalterungen-dock-halter-passend-fuer-bl1860-bl1850-bl1840-bl1830-mit-10-schrauben-5-stueck\/"]}]},{"@type":"ImageObject","inLanguage":"de","@id":"https:\/\/marktxxl.de\/markt\/produkt\/batteriehalter-fuer-makita-18-v-batteriehalterungen-dock-halter-passend-fuer-bl1860-bl1850-bl1840-bl1830-mit-10-schrauben-5-stueck\/#primaryimage","url":"https:\/\/m.media-amazon.com\/images\/I\/41piwurB71L._SL500_.jpg","contentUrl":"https:\/\/m.media-amazon.com\/images\/I\/41piwurB71L._SL500_.jpg","width":500,"height":500},{"@type":"BreadcrumbList","@id":"https:\/\/marktxxl.de\/markt\/produkt\/batteriehalter-fuer-makita-18-v-batteriehalterungen-dock-halter-passend-fuer-bl1860-bl1850-bl1840-bl1830-mit-10-schrauben-5-stueck\/#breadcrumb","itemListElement":[{"@type":"ListItem","position":1,"name":"Startseite","item":"https:\/\/marktxxl.de\/markt\/"},{"@type":"ListItem","position":2,"name":"Markt","item":"https:\/\/marktxxl.de\/markt\/"},{"@type":"ListItem","position":3,"name":"Batteriehalter f\u00fcr Makita 18 V Batteriehalterungen, Dock-Halter, passend f\u00fcr BL1860, BL1850, BL1840, BL1830 (mit 10 Schrauben), 5 St\u00fcck"}]},{"@type":"WebSite","@id":"https:\/\/marktxxl.de\/markt\/#website","url":"https:\/\/marktxxl.de\/markt\/","name":"Markt-XXL","description":"Ihr Markt Online","publisher":{"@id":"https:\/\/marktxxl.de\/markt\/#organization"},"potentialAction":[{"@type":"SearchAction","target":{"@type":"EntryPoint","urlTemplate":"https:\/\/marktxxl.de\/markt\/?s={search_term_string}"},"query-input":{"@type":"PropertyValueSpecification","valueRequired":true,"valueName":"search_term_string"}}],"inLanguage":"de"},{"@type":"Organization","@id":"https:\/\/marktxxl.de\/markt\/#organization","name":"Markt-XXL","url":"https:\/\/marktxxl.de\/markt\/","logo":{"@type":"ImageObject","inLanguage":"de","@id":"https:\/\/marktxxl.de\/markt\/#\/schema\/logo\/image\/","url":"https:\/\/marktxxl.de\/markt\/wp-content\/uploads\/sites\/3\/2020\/12\/logo.png","contentUrl":"https:\/\/marktxxl.de\/markt\/wp-content\/uploads\/sites\/3\/2020\/12\/logo.png","width":200,"height":70,"caption":"Markt-XXL"},"image":{"@id":"https:\/\/marktxxl.de\/markt\/#\/schema\/logo\/image\/"}}]}},"_links":{"self":[{"href":"https:\/\/marktxxl.de\/markt\/wp-json\/wp\/v2\/product\/208587","targetHints":{"allow":["GET"]}}],"collection":[{"href":"https:\/\/marktxxl.de\/markt\/wp-json\/wp\/v2\/product"}],"about":[{"href":"https:\/\/marktxxl.de\/markt\/wp-json\/wp\/v2\/types\/product"}],"replies":[{"embeddable":true,"href":"https:\/\/marktxxl.de\/markt\/wp-json\/wp\/v2\/comments?post=208587"}],"wp:featuredmedia":[{"embeddable":true,"href":"https:\/\/marktxxl.de\/markt\/wp-json\/wp\/v2\/media\/208588"}],"wp:attachment":[{"href":"https:\/\/marktxxl.de\/markt\/wp-json\/wp\/v2\/media?parent=208587"}],"wp:term":[{"taxonomy":"product_brand","embeddable":true,"href":"https:\/\/marktxxl.de\/markt\/wp-json\/wp\/v2\/product_brand?post=208587"},{"taxonomy":"product_cat","embeddable":true,"href":"https:\/\/marktxxl.de\/markt\/wp-json\/wp\/v2\/product_cat?post=208587"},{"taxonomy":"product_tag","embeddable":true,"href":"https:\/\/marktxxl.de\/markt\/wp-json\/wp\/v2\/product_tag?post=208587"}],"curies":[{"name":"wp","href":"https:\/\/api.w.org\/{rel}","templated":true}]}}