{"id":208568,"date":"2024-05-29T10:19:44","date_gmt":"2024-05-29T08:19:44","guid":{"rendered":"https:\/\/marktxxl.de\/markt\/produkt\/6stueck-akkuhalter-kompatibel-mit-makita-bosch-akku-batteriehalter-stealth-halterungen-guertelclip-batteriehalter-halterung-fuer-18v-batterie\/"},"modified":"2024-05-29T10:19:44","modified_gmt":"2024-05-29T08:19:44","slug":"6stueck-akkuhalter-kompatibel-mit-makita-bosch-akku-batteriehalter-stealth-halterungen-guertelclip-batteriehalter-halterung-fuer-18v-batterie","status":"publish","type":"product","link":"https:\/\/marktxxl.de\/markt\/produkt\/6stueck-akkuhalter-kompatibel-mit-makita-bosch-akku-batteriehalter-stealth-halterungen-guertelclip-batteriehalter-halterung-fuer-18v-batterie\/","title":{"rendered":"6St\u00fcck Akkuhalter Kompatibel mit Makita\/Bosch Akku, Batteriehalter Stealth Halterungen g\u00fcrtelclip, Batteriehalter Halterung f\u00fcr 18V Batterie"},"content":{"rendered":"<p>Kompatibel mit Makita 14.4V-18V Batterien: BL1430 BL1440 BL1450 BL1815 BL1830 BL1840 BL1850 BL1860. Hinweis: Gilt nicht f\u00fcr die G-Serie!<br \/>\nSie k\u00f6nnen sie in einem beliebigen Winkel, kopf\u00fcber oder unter einem Regal montieren.Durch die Batteriehalter ist endlich Ordnung am Arbeitsplatz und alle Akkus lassen sich sicher und sauber verstauen, Vermeiden Sie es, den \u00dcberblick zu verlieren, und sehen Sie leicht, welche vollst\u00e4ndig aufgeladen sind.<br \/>\n6 St\u00fcck einfach zu verwalten Ihre mehreren Batterien. Der Batteriehalter kann an einer Wand, einem Regal, einem Tisch oder einer Decke installiert werden. Halten alle Akkus lassen sich sicher und sauber verstauen und halten Sie Ihre Werkstatt viel ordentlicher und sauberer.<br \/>\nHergestellt aus robustem und umweltfreundlichem ABS-Material. Leichter und stabiler Batteriehalter mit versenkten Schraubl\u00f6chern f\u00fcr eine sichere Montage, Jede Halterung kann frei in ihrer Position platziert werden.<br \/>\nWir bieten Ihnen 12 Monate lang einen freundlichen Kundendienst, bitte nehmen Sie Kontakt mit uns auf. Wir werden uns innerhalb von 24 Stunden mit einer zufriedenstellenden Antwort bei Ihnen melden.<br \/>\n<div class=\"main-cross-sell\" data-asin=\"B0B7RKWFFB\">\n\n\t<div class=\"WooZone-cross-sell-loader\">\n\t\t<div>\n\t\t\t<div id=\"floatingBarsG\">\n\t\t\t\t<div class=\"blockG\" id=\"rotateG_01\"><\/div>\n\t\t\t\t<div class=\"blockG\" id=\"rotateG_02\"><\/div>\n\t\t\t\t<div class=\"blockG\" id=\"rotateG_03\"><\/div>\n\t\t\t\t<div class=\"blockG\" id=\"rotateG_04\"><\/div>\n\t\t\t\t<div class=\"blockG\" id=\"rotateG_05\"><\/div>\n\t\t\t\t<div class=\"blockG\" id=\"rotateG_06\"><\/div>\n\t\t\t\t<div class=\"blockG\" id=\"rotateG_07\"><\/div>\n\t\t\t\t<div class=\"blockG\" id=\"rotateG_08\"><\/div>\n\t\t\t<\/div>\n\t\t\t<div class=\"WooZone-cross-sell-loader-text\"><\/div>\n\t\t<\/div>\n\t<\/div>\n\n\t\t\n<\/div>\n<div style=\"clear:both;\"><\/div><\/p>\n","protected":false},"excerpt":{"rendered":"<p>Kompatibel mit Makita 14.4V-18V Batterien: BL1430 BL1440 BL1450 BL1815 BL1830 BL1840 BL1850 BL1860. Hinweis: Gilt nicht f\u00fcr die G-Serie!<br \/>\nSie k\u00f6nnen sie in einem beliebigen Winkel, kopf\u00fcber oder unter einem Regal montieren.Durch die Batteriehalter ist endlich Ordnung am Arbeitsplatz und alle Akkus lassen sich sicher und sauber verstauen, Vermeiden Sie es, den \u00dcberblick zu verlieren, und sehen Sie leicht, welche vollst\u00e4ndig aufgeladen sind.<br \/>\n6 St\u00fcck einfach zu verwalten Ihre mehreren Batterien. Der Batteriehalter kann an einer Wand, einem Regal, einem Tisch oder einer Decke installiert werden. Halten alle Akkus lassen sich sicher und sauber verstauen und halten Sie Ihre Werkstatt viel ordentlicher und sauberer.<\/p>\n","protected":false},"featured_media":208569,"comment_status":"open","ping_status":"closed","template":"","meta":[],"product_brand":[],"product_cat":[1983,11235],"product_tag":[],"class_list":{"0":"post-208568","1":"product","2":"type-product","3":"status-publish","4":"has-post-thumbnail","6":"product_cat-baumarkt","7":"product_cat-rasenmaeher-elektrische-gartenwerkzeuge","8":"pa_binding-elektronik","9":"pa_brand-chenyu","10":"pa_manufacturer-chenyu","11":"pa_warranty-bieten-sie-12-monate-freundlichen-kundendienst-an","12":"pa_weight-0-0551155655-pounds","14":"first","15":"instock","16":"shipping-taxable","17":"purchasable","18":"product-type-simple","19":"customify-col","20":"product-has-gallery"},"yoast_head":"<!-- This site is optimized with the Yoast SEO plugin v27.4 - https:\/\/yoast.com\/product\/yoast-seo-wordpress\/ -->\n<title>6St\u00fcck Akkuhalter Kompatibel mit Makita\/Bosch Akku, Batteriehalter Stealth Halterungen g\u00fcrtelclip, Batteriehalter Halterung f\u00fcr 18V Batterie - Markt-XXL<\/title>\n<meta name=\"description\" content=\"Markt-XXL 6St\u00fcck Akkuhalter Kompatibel mit Makita\/Bosch Akku, Batteriehalter Stealth Halterungen g\u00fcrtelclip, Batteriehalter Halterung f\u00fcr 18V Batterie\" \/>\n<meta name=\"robots\" content=\"index, follow, max-snippet:-1, max-image-preview:large, max-video-preview:-1\" \/>\n<link rel=\"canonical\" href=\"https:\/\/marktxxl.de\/markt\/produkt\/6stueck-akkuhalter-kompatibel-mit-makita-bosch-akku-batteriehalter-stealth-halterungen-guertelclip-batteriehalter-halterung-fuer-18v-batterie\/\" \/>\n<meta property=\"og:locale\" content=\"de_DE\" \/>\n<meta property=\"og:type\" content=\"article\" \/>\n<meta property=\"og:title\" content=\"6St\u00fcck Akkuhalter Kompatibel mit Makita\/Bosch Akku, Batteriehalter Stealth Halterungen g\u00fcrtelclip, Batteriehalter Halterung f\u00fcr 18V Batterie - Markt-XXL\" \/>\n<meta property=\"og:description\" content=\"Markt-XXL 6St\u00fcck Akkuhalter Kompatibel mit Makita\/Bosch Akku, Batteriehalter Stealth Halterungen g\u00fcrtelclip, Batteriehalter Halterung f\u00fcr 18V Batterie\" \/>\n<meta property=\"og:url\" content=\"https:\/\/marktxxl.de\/markt\/produkt\/6stueck-akkuhalter-kompatibel-mit-makita-bosch-akku-batteriehalter-stealth-halterungen-guertelclip-batteriehalter-halterung-fuer-18v-batterie\/\" \/>\n<meta property=\"og:site_name\" content=\"Markt-XXL\" \/>\n<meta name=\"twitter:card\" content=\"summary_large_image\" \/>\n<meta name=\"twitter:label1\" content=\"Gesch\u00e4tzte Lesezeit\" \/>\n\t<meta name=\"twitter:data1\" content=\"1\u00a0Minute\" \/>\n<script type=\"application\/ld+json\" class=\"yoast-schema-graph\">{\"@context\":\"https:\\\/\\\/schema.org\",\"@graph\":[{\"@type\":\"WebPage\",\"@id\":\"https:\\\/\\\/marktxxl.de\\\/markt\\\/produkt\\\/6stueck-akkuhalter-kompatibel-mit-makita-bosch-akku-batteriehalter-stealth-halterungen-guertelclip-batteriehalter-halterung-fuer-18v-batterie\\\/\",\"url\":\"https:\\\/\\\/marktxxl.de\\\/markt\\\/produkt\\\/6stueck-akkuhalter-kompatibel-mit-makita-bosch-akku-batteriehalter-stealth-halterungen-guertelclip-batteriehalter-halterung-fuer-18v-batterie\\\/\",\"name\":\"6St\u00fcck Akkuhalter Kompatibel mit Makita\\\/Bosch Akku, Batteriehalter Stealth Halterungen g\u00fcrtelclip, Batteriehalter Halterung f\u00fcr 18V Batterie - Markt-XXL\",\"isPartOf\":{\"@id\":\"https:\\\/\\\/marktxxl.de\\\/markt\\\/#website\"},\"primaryImageOfPage\":{\"@id\":\"https:\\\/\\\/marktxxl.de\\\/markt\\\/produkt\\\/6stueck-akkuhalter-kompatibel-mit-makita-bosch-akku-batteriehalter-stealth-halterungen-guertelclip-batteriehalter-halterung-fuer-18v-batterie\\\/#primaryimage\"},\"image\":{\"@id\":\"https:\\\/\\\/marktxxl.de\\\/markt\\\/produkt\\\/6stueck-akkuhalter-kompatibel-mit-makita-bosch-akku-batteriehalter-stealth-halterungen-guertelclip-batteriehalter-halterung-fuer-18v-batterie\\\/#primaryimage\"},\"thumbnailUrl\":\"https:\\\/\\\/m.media-amazon.com\\\/images\\\/I\\\/41J+D2N+gDL._SL500_.jpg\",\"datePublished\":\"2024-05-29T08:19:44+00:00\",\"description\":\"Markt-XXL 6St\u00fcck Akkuhalter Kompatibel mit Makita\\\/Bosch Akku, Batteriehalter Stealth Halterungen g\u00fcrtelclip, Batteriehalter Halterung f\u00fcr 18V Batterie\",\"breadcrumb\":{\"@id\":\"https:\\\/\\\/marktxxl.de\\\/markt\\\/produkt\\\/6stueck-akkuhalter-kompatibel-mit-makita-bosch-akku-batteriehalter-stealth-halterungen-guertelclip-batteriehalter-halterung-fuer-18v-batterie\\\/#breadcrumb\"},\"inLanguage\":\"de\",\"potentialAction\":[{\"@type\":\"ReadAction\",\"target\":[\"https:\\\/\\\/marktxxl.de\\\/markt\\\/produkt\\\/6stueck-akkuhalter-kompatibel-mit-makita-bosch-akku-batteriehalter-stealth-halterungen-guertelclip-batteriehalter-halterung-fuer-18v-batterie\\\/\"]}]},{\"@type\":\"ImageObject\",\"inLanguage\":\"de\",\"@id\":\"https:\\\/\\\/marktxxl.de\\\/markt\\\/produkt\\\/6stueck-akkuhalter-kompatibel-mit-makita-bosch-akku-batteriehalter-stealth-halterungen-guertelclip-batteriehalter-halterung-fuer-18v-batterie\\\/#primaryimage\",\"url\":\"https:\\\/\\\/m.media-amazon.com\\\/images\\\/I\\\/41J+D2N+gDL._SL500_.jpg\",\"contentUrl\":\"https:\\\/\\\/m.media-amazon.com\\\/images\\\/I\\\/41J+D2N+gDL._SL500_.jpg\",\"width\":500,\"height\":500},{\"@type\":\"BreadcrumbList\",\"@id\":\"https:\\\/\\\/marktxxl.de\\\/markt\\\/produkt\\\/6stueck-akkuhalter-kompatibel-mit-makita-bosch-akku-batteriehalter-stealth-halterungen-guertelclip-batteriehalter-halterung-fuer-18v-batterie\\\/#breadcrumb\",\"itemListElement\":[{\"@type\":\"ListItem\",\"position\":1,\"name\":\"Startseite\",\"item\":\"https:\\\/\\\/marktxxl.de\\\/markt\\\/\"},{\"@type\":\"ListItem\",\"position\":2,\"name\":\"Markt\",\"item\":\"https:\\\/\\\/marktxxl.de\\\/markt\\\/\"},{\"@type\":\"ListItem\",\"position\":3,\"name\":\"6St\u00fcck Akkuhalter Kompatibel mit Makita\\\/Bosch Akku, Batteriehalter Stealth Halterungen g\u00fcrtelclip, Batteriehalter Halterung f\u00fcr 18V Batterie\"}]},{\"@type\":\"WebSite\",\"@id\":\"https:\\\/\\\/marktxxl.de\\\/markt\\\/#website\",\"url\":\"https:\\\/\\\/marktxxl.de\\\/markt\\\/\",\"name\":\"Markt-XXL\",\"description\":\"Ihr Markt Online\",\"publisher\":{\"@id\":\"https:\\\/\\\/marktxxl.de\\\/markt\\\/#organization\"},\"potentialAction\":[{\"@type\":\"SearchAction\",\"target\":{\"@type\":\"EntryPoint\",\"urlTemplate\":\"https:\\\/\\\/marktxxl.de\\\/markt\\\/?s={search_term_string}\"},\"query-input\":{\"@type\":\"PropertyValueSpecification\",\"valueRequired\":true,\"valueName\":\"search_term_string\"}}],\"inLanguage\":\"de\"},{\"@type\":\"Organization\",\"@id\":\"https:\\\/\\\/marktxxl.de\\\/markt\\\/#organization\",\"name\":\"Markt-XXL\",\"url\":\"https:\\\/\\\/marktxxl.de\\\/markt\\\/\",\"logo\":{\"@type\":\"ImageObject\",\"inLanguage\":\"de\",\"@id\":\"https:\\\/\\\/marktxxl.de\\\/markt\\\/#\\\/schema\\\/logo\\\/image\\\/\",\"url\":\"https:\\\/\\\/marktxxl.de\\\/markt\\\/wp-content\\\/uploads\\\/sites\\\/3\\\/2020\\\/12\\\/logo.png\",\"contentUrl\":\"https:\\\/\\\/marktxxl.de\\\/markt\\\/wp-content\\\/uploads\\\/sites\\\/3\\\/2020\\\/12\\\/logo.png\",\"width\":200,\"height\":70,\"caption\":\"Markt-XXL\"},\"image\":{\"@id\":\"https:\\\/\\\/marktxxl.de\\\/markt\\\/#\\\/schema\\\/logo\\\/image\\\/\"}}]}<\/script>\n<!-- \/ Yoast SEO plugin. -->","yoast_head_json":{"title":"6St\u00fcck Akkuhalter Kompatibel mit Makita\/Bosch Akku, Batteriehalter Stealth Halterungen g\u00fcrtelclip, Batteriehalter Halterung f\u00fcr 18V Batterie - Markt-XXL","description":"Markt-XXL 6St\u00fcck Akkuhalter Kompatibel mit Makita\/Bosch Akku, Batteriehalter Stealth Halterungen g\u00fcrtelclip, Batteriehalter Halterung f\u00fcr 18V Batterie","robots":{"index":"index","follow":"follow","max-snippet":"max-snippet:-1","max-image-preview":"max-image-preview:large","max-video-preview":"max-video-preview:-1"},"canonical":"https:\/\/marktxxl.de\/markt\/produkt\/6stueck-akkuhalter-kompatibel-mit-makita-bosch-akku-batteriehalter-stealth-halterungen-guertelclip-batteriehalter-halterung-fuer-18v-batterie\/","og_locale":"de_DE","og_type":"article","og_title":"6St\u00fcck Akkuhalter Kompatibel mit Makita\/Bosch Akku, Batteriehalter Stealth Halterungen g\u00fcrtelclip, Batteriehalter Halterung f\u00fcr 18V Batterie - Markt-XXL","og_description":"Markt-XXL 6St\u00fcck Akkuhalter Kompatibel mit Makita\/Bosch Akku, Batteriehalter Stealth Halterungen g\u00fcrtelclip, Batteriehalter Halterung f\u00fcr 18V Batterie","og_url":"https:\/\/marktxxl.de\/markt\/produkt\/6stueck-akkuhalter-kompatibel-mit-makita-bosch-akku-batteriehalter-stealth-halterungen-guertelclip-batteriehalter-halterung-fuer-18v-batterie\/","og_site_name":"Markt-XXL","twitter_card":"summary_large_image","twitter_misc":{"Gesch\u00e4tzte Lesezeit":"1\u00a0Minute"},"schema":{"@context":"https:\/\/schema.org","@graph":[{"@type":"WebPage","@id":"https:\/\/marktxxl.de\/markt\/produkt\/6stueck-akkuhalter-kompatibel-mit-makita-bosch-akku-batteriehalter-stealth-halterungen-guertelclip-batteriehalter-halterung-fuer-18v-batterie\/","url":"https:\/\/marktxxl.de\/markt\/produkt\/6stueck-akkuhalter-kompatibel-mit-makita-bosch-akku-batteriehalter-stealth-halterungen-guertelclip-batteriehalter-halterung-fuer-18v-batterie\/","name":"6St\u00fcck Akkuhalter Kompatibel mit Makita\/Bosch Akku, Batteriehalter Stealth Halterungen g\u00fcrtelclip, Batteriehalter Halterung f\u00fcr 18V Batterie - Markt-XXL","isPartOf":{"@id":"https:\/\/marktxxl.de\/markt\/#website"},"primaryImageOfPage":{"@id":"https:\/\/marktxxl.de\/markt\/produkt\/6stueck-akkuhalter-kompatibel-mit-makita-bosch-akku-batteriehalter-stealth-halterungen-guertelclip-batteriehalter-halterung-fuer-18v-batterie\/#primaryimage"},"image":{"@id":"https:\/\/marktxxl.de\/markt\/produkt\/6stueck-akkuhalter-kompatibel-mit-makita-bosch-akku-batteriehalter-stealth-halterungen-guertelclip-batteriehalter-halterung-fuer-18v-batterie\/#primaryimage"},"thumbnailUrl":"https:\/\/m.media-amazon.com\/images\/I\/41J+D2N+gDL._SL500_.jpg","datePublished":"2024-05-29T08:19:44+00:00","description":"Markt-XXL 6St\u00fcck Akkuhalter Kompatibel mit Makita\/Bosch Akku, Batteriehalter Stealth Halterungen g\u00fcrtelclip, Batteriehalter Halterung f\u00fcr 18V Batterie","breadcrumb":{"@id":"https:\/\/marktxxl.de\/markt\/produkt\/6stueck-akkuhalter-kompatibel-mit-makita-bosch-akku-batteriehalter-stealth-halterungen-guertelclip-batteriehalter-halterung-fuer-18v-batterie\/#breadcrumb"},"inLanguage":"de","potentialAction":[{"@type":"ReadAction","target":["https:\/\/marktxxl.de\/markt\/produkt\/6stueck-akkuhalter-kompatibel-mit-makita-bosch-akku-batteriehalter-stealth-halterungen-guertelclip-batteriehalter-halterung-fuer-18v-batterie\/"]}]},{"@type":"ImageObject","inLanguage":"de","@id":"https:\/\/marktxxl.de\/markt\/produkt\/6stueck-akkuhalter-kompatibel-mit-makita-bosch-akku-batteriehalter-stealth-halterungen-guertelclip-batteriehalter-halterung-fuer-18v-batterie\/#primaryimage","url":"https:\/\/m.media-amazon.com\/images\/I\/41J+D2N+gDL._SL500_.jpg","contentUrl":"https:\/\/m.media-amazon.com\/images\/I\/41J+D2N+gDL._SL500_.jpg","width":500,"height":500},{"@type":"BreadcrumbList","@id":"https:\/\/marktxxl.de\/markt\/produkt\/6stueck-akkuhalter-kompatibel-mit-makita-bosch-akku-batteriehalter-stealth-halterungen-guertelclip-batteriehalter-halterung-fuer-18v-batterie\/#breadcrumb","itemListElement":[{"@type":"ListItem","position":1,"name":"Startseite","item":"https:\/\/marktxxl.de\/markt\/"},{"@type":"ListItem","position":2,"name":"Markt","item":"https:\/\/marktxxl.de\/markt\/"},{"@type":"ListItem","position":3,"name":"6St\u00fcck Akkuhalter Kompatibel mit Makita\/Bosch Akku, Batteriehalter Stealth Halterungen g\u00fcrtelclip, Batteriehalter Halterung f\u00fcr 18V Batterie"}]},{"@type":"WebSite","@id":"https:\/\/marktxxl.de\/markt\/#website","url":"https:\/\/marktxxl.de\/markt\/","name":"Markt-XXL","description":"Ihr Markt Online","publisher":{"@id":"https:\/\/marktxxl.de\/markt\/#organization"},"potentialAction":[{"@type":"SearchAction","target":{"@type":"EntryPoint","urlTemplate":"https:\/\/marktxxl.de\/markt\/?s={search_term_string}"},"query-input":{"@type":"PropertyValueSpecification","valueRequired":true,"valueName":"search_term_string"}}],"inLanguage":"de"},{"@type":"Organization","@id":"https:\/\/marktxxl.de\/markt\/#organization","name":"Markt-XXL","url":"https:\/\/marktxxl.de\/markt\/","logo":{"@type":"ImageObject","inLanguage":"de","@id":"https:\/\/marktxxl.de\/markt\/#\/schema\/logo\/image\/","url":"https:\/\/marktxxl.de\/markt\/wp-content\/uploads\/sites\/3\/2020\/12\/logo.png","contentUrl":"https:\/\/marktxxl.de\/markt\/wp-content\/uploads\/sites\/3\/2020\/12\/logo.png","width":200,"height":70,"caption":"Markt-XXL"},"image":{"@id":"https:\/\/marktxxl.de\/markt\/#\/schema\/logo\/image\/"}}]}},"_links":{"self":[{"href":"https:\/\/marktxxl.de\/markt\/wp-json\/wp\/v2\/product\/208568","targetHints":{"allow":["GET"]}}],"collection":[{"href":"https:\/\/marktxxl.de\/markt\/wp-json\/wp\/v2\/product"}],"about":[{"href":"https:\/\/marktxxl.de\/markt\/wp-json\/wp\/v2\/types\/product"}],"replies":[{"embeddable":true,"href":"https:\/\/marktxxl.de\/markt\/wp-json\/wp\/v2\/comments?post=208568"}],"wp:featuredmedia":[{"embeddable":true,"href":"https:\/\/marktxxl.de\/markt\/wp-json\/wp\/v2\/media\/208569"}],"wp:attachment":[{"href":"https:\/\/marktxxl.de\/markt\/wp-json\/wp\/v2\/media?parent=208568"}],"wp:term":[{"taxonomy":"product_brand","embeddable":true,"href":"https:\/\/marktxxl.de\/markt\/wp-json\/wp\/v2\/product_brand?post=208568"},{"taxonomy":"product_cat","embeddable":true,"href":"https:\/\/marktxxl.de\/markt\/wp-json\/wp\/v2\/product_cat?post=208568"},{"taxonomy":"product_tag","embeddable":true,"href":"https:\/\/marktxxl.de\/markt\/wp-json\/wp\/v2\/product_tag?post=208568"}],"curies":[{"name":"wp","href":"https:\/\/api.w.org\/{rel}","templated":true}]}}