{"id":208491,"date":"2024-05-29T09:43:18","date_gmt":"2024-05-29T07:43:18","guid":{"rendered":"https:\/\/marktxxl.de\/markt\/produkt\/jygmpro-21v-akku-rasentrimmer-akku-freischneider-buerstenloser-mit-2-batterien-2-0ah-2-klingen2-maehfaedenteleskoprohr-verstellbarer-griff90schwenkbarem-kopf-fuer-rasen-und-anderen-gartena\/"},"modified":"2024-05-29T09:43:18","modified_gmt":"2024-05-29T07:43:18","slug":"jygmpro-21v-akku-rasentrimmer-akku-freischneider-buerstenloser-mit-2-batterien-2-0ah-2-klingen2-maehfaedenteleskoprohr-verstellbarer-griff90schwenkbarem-kopf-fuer-rasen-und-anderen-gartena","status":"publish","type":"product","link":"https:\/\/marktxxl.de\/markt\/produkt\/jygmpro-21v-akku-rasentrimmer-akku-freischneider-buerstenloser-mit-2-batterien-2-0ah-2-klingen2-maehfaedenteleskoprohr-verstellbarer-griff90schwenkbarem-kopf-fuer-rasen-und-anderen-gartena\/","title":{"rendered":"JYGMPRO 21V Akku Rasentrimmer, Akku Freischneider B\u00fcrstenloser mit 2 Batterien 2.0Ah, 2 Klingen,2 M\u00e4hf\u00e4den,Teleskoprohr, Verstellbarer Griff,90\u00b0Schwenkbarem Kopf f\u00fcr Rasen und Anderen Gartenarbeiten"},"content":{"rendered":"<p>\u3010Verbesserter b\u00fcrstenloser Motor und 2 leistungsstarke Batterien\u3011Verglichen mit anderen traditionellen Karbon-B\u00fcrstenmotor-Rasentrimmern, verf\u00fcgt der von JYGMPRO verbesserte Rasentrimmer \u00fcber einen 8500RPM b\u00fcrstenlosen Motor, der die Laufzeit um 200% verl\u00e4ngert, den Output um 90% erh\u00f6ht und den L\u00e4rm um 90% verringert. Sie brauchen sich keine Sorgen mehr \u00fcber seine Laufzeit machen oder die Sorge haben, dass Sie die Nachbarn mit L\u00e4rm bel\u00e4stigen. 2*2000mAh Batterien gew\u00e4hrleisten eine l\u00e4ngere Laufzeit, ideal f\u00fcr kleine und mittelgro\u00dfe G\u00e4rten.<br \/>\n\u3010Ergonomisches Design\u3011Der JYGMPRO Trimmer ist von geringem Gewicht und leicht einstellbar. Der weiche Gummigriff und der um 180\u00b0 schwenkbare Hilfsgriff macht Ihre Arbeit leicht und unkompliziert, und Ihre Arme werden nach mehrst\u00fcndiger Benutzung nicht schmerzen. Sie k\u00f6nnen ebenso die H\u00f6he individuell von 100 cm bis 135 cm verstellen, so dass Sie sich f\u00fcr den Gebrauch nicht b\u00fccken m\u00fcssen, passend f\u00fcr Menschen jeder K\u00f6rpergr\u00f6\u00dfe, um in angenehmer Haltung zu arbeiten.<br \/>\n\u30102 in 1 Trimmer\/Kantschneider\u3011Dank der 90\u00b0 drehbaren Schnitteinheit m\u00fcssen sie lediglich den Drehschaft kurz dr\u00fccken, um einfach von einem Trimmer zu einem Kantenschneider zu wechseln und mit wenig Aufwand die Ecken und engen Bereiche Ihrer Wiese zu erreichen. Der Trimmer wird sowohl mit einem M\u00e4hfaden als auch mit Klingen. Das M\u00e4hfaden dient dem Schnitt von weichem Gras und die Klingen sind f\u00fcr l\u00e4ngeres Gras und andere Pflanzen, so dass Sie nach Belieben wechseln k\u00f6nnen.<br \/>\n\u3010Multiple Sicherheitsvorkehrungen\u3011Der Akku Rasentrimmer ist mit zwei Sicherheitsschl\u00f6ssern ausgestattet, um Unf\u00e4lle zu vermeiden. Dr\u00fccken Sie einfach den Sicherheitsknopf und gleichzeitig den Anschaltknopf, um den Trimmer zu starten, was sicherer als bei anderen elektrischen Trimmern ist. Die Kantenf\u00fchrung und das rotierende Leitblechdesign verhindern versehentliches Trimmen und Spritzen des Unkrautschneiders, Sie k\u00f6nnen ihn beruhigt verwenden.<br \/>\n\u3010Leicht zum Zusammenbauen\u3011Die Installation ist sehr einfach und ben\u00f6tigt nur wenige Minuten. Die Packung enth\u00e4lt 1* kabellosen Trimmer, b\u00fcrstenlos, 2* Schnittf\u00e4den (5m) , 2* Klingen, 1* Metallplatten, 2 *Montageschl\u00fcssel, 2* 2,0 Ah Batterien, 1* Ladeger\u00e4t, 1* Gebrauchsanweisung. Der Kauf dieses Rasentrimmer erf\u00fcllt jetzt alle Ihre Bed\u00fcrfnisse und ist die beste Investition f\u00fcr Ihren Garten.<br \/>\n\u3010\u00dcberpr\u00fcfen Sie jederzeit den Leistungspegel\u3011 Der Akku und der Griff sind jeweils mit Stromanzeigen ausgestattet: 3 Kontrollleuchten leuchten auf und zeigen ausreichend Strom an. Es leuchtet nur eine Kontrollleuchte, was darauf hinweist, dass der Akku fast leer ist. Manchmal sind die Kontrollleuchten an den beiden Stellen nicht synchron, das ist normal.<br \/>\n\u3010Vatertagsgeschenke\u3011 Das ultimative Geschenk f\u00fcr den Vater, das perfekte Geschenk zum Vatertag f\u00fcr den Vater.<br \/>\n<div class=\"main-cross-sell\" data-asin=\"B0CWNGQK51\">\n\n\t<div class=\"WooZone-cross-sell-loader\">\n\t\t<div>\n\t\t\t<div id=\"floatingBarsG\">\n\t\t\t\t<div class=\"blockG\" id=\"rotateG_01\"><\/div>\n\t\t\t\t<div class=\"blockG\" id=\"rotateG_02\"><\/div>\n\t\t\t\t<div class=\"blockG\" id=\"rotateG_03\"><\/div>\n\t\t\t\t<div class=\"blockG\" id=\"rotateG_04\"><\/div>\n\t\t\t\t<div class=\"blockG\" id=\"rotateG_05\"><\/div>\n\t\t\t\t<div class=\"blockG\" id=\"rotateG_06\"><\/div>\n\t\t\t\t<div class=\"blockG\" id=\"rotateG_07\"><\/div>\n\t\t\t\t<div class=\"blockG\" id=\"rotateG_08\"><\/div>\n\t\t\t<\/div>\n\t\t\t<div class=\"WooZone-cross-sell-loader-text\"><\/div>\n\t\t<\/div>\n\t<\/div>\n\n\t\t\n<\/div>\n<div style=\"clear:both;\"><\/div><\/p>\n","protected":false},"excerpt":{"rendered":"<p>\u3010Verbesserter b\u00fcrstenloser Motor und 2 leistungsstarke Batterien\u3011Verglichen mit anderen traditionellen Karbon-B\u00fcrstenmotor-Rasentrimmern, verf\u00fcgt der von JYGMPRO verbesserte Rasentrimmer \u00fcber einen 8500RPM b\u00fcrstenlosen Motor, der die Laufzeit um 200% verl\u00e4ngert, den Output um 90% erh\u00f6ht und den L\u00e4rm um 90% verringert. Sie brauchen sich keine Sorgen mehr \u00fcber seine Laufzeit machen oder die Sorge haben, dass Sie die Nachbarn mit L\u00e4rm bel\u00e4stigen. 2*2000mAh Batterien gew\u00e4hrleisten eine l\u00e4ngere Laufzeit, ideal f\u00fcr kleine und mittelgro\u00dfe G\u00e4rten.<br \/>\n\u3010Ergonomisches Design\u3011Der JYGMPRO Trimmer ist von geringem Gewicht und leicht einstellbar. Der weiche Gummigriff und der um 180\u00b0 schwenkbare Hilfsgriff macht Ihre Arbeit leicht und unkompliziert, und Ihre Arme werden nach mehrst\u00fcndiger Benutzung nicht schmerzen. Sie k\u00f6nnen ebenso die H\u00f6he individuell von 100 cm bis 135 cm verstellen, so dass Sie sich f\u00fcr den Gebrauch nicht b\u00fccken m\u00fcssen, passend f\u00fcr Menschen jeder K\u00f6rpergr\u00f6\u00dfe, um in angenehmer Haltung zu arbeiten.<br \/>\n\u30102 in 1 Trimmer\/Kantschneider\u3011Dank der 90\u00b0 drehbaren Schnitteinheit m\u00fcssen sie lediglich den Drehschaft kurz dr\u00fccken, um einfach von einem Trimmer zu einem Kantenschneider zu wechseln und mit wenig Aufwand die Ecken und engen Bereiche Ihrer Wiese zu erreichen. Der Trimmer wird sowohl mit einem M\u00e4hfaden als auch mit Klingen. Das M\u00e4hfaden dient dem Schnitt von weichem Gras und die Klingen sind f\u00fcr l\u00e4ngeres Gras und andere Pflanzen, so dass Sie nach Belieben wechseln k\u00f6nnen.<\/p>\n","protected":false},"featured_media":208492,"comment_status":"open","ping_status":"closed","template":"","meta":[],"product_brand":[],"product_cat":[1983,11235],"product_tag":[],"class_list":{"0":"post-208491","1":"product","2":"type-product","3":"status-publish","4":"has-post-thumbnail","6":"product_cat-baumarkt","7":"product_cat-rasenmaeher-elektrische-gartenwerkzeuge","8":"pa_brand-jygmpro","9":"pa_color-klassisches-gelb-neues-design","10":"pa_height-4-9999999949-zoll","11":"pa_length-41-338582635-zoll","12":"pa_manufacturer-jygmpro","13":"pa_model-gcj00003-eu-2","14":"pa_weight-5-3792791928-pounds","15":"pa_width-7-480314953-zoll","17":"first","18":"instock","19":"shipping-taxable","20":"purchasable","21":"product-type-simple","22":"customify-col","23":"product-has-gallery"},"yoast_head":"<!-- This site is optimized with the Yoast SEO plugin v27.4 - https:\/\/yoast.com\/product\/yoast-seo-wordpress\/ -->\n<title>JYGMPRO 21V Akku Rasentrimmer, Akku Freischneider B\u00fcrstenloser mit 2 Batterien 2.0Ah, 2 Klingen,2 M\u00e4hf\u00e4den,Teleskoprohr, Verstellbarer Griff,90\u00b0Schwenkbarem Kopf f\u00fcr Rasen und Anderen Gartenarbeiten - Markt-XXL<\/title>\n<meta name=\"description\" content=\"Markt-XXL JYGMPRO 21V Akku Rasentrimmer, Akku Freischneider B\u00fcrstenloser mit 2 Batterien 2.0Ah, 2 Klingen,2 M\u00e4hf\u00e4den,Teleskoprohr, Verstellbarer Griff,90\u00b0Schwenkbarem Kopf f\u00fcr Rasen und Anderen Gartenarbeiten\" \/>\n<meta name=\"robots\" content=\"index, follow, max-snippet:-1, max-image-preview:large, max-video-preview:-1\" \/>\n<link rel=\"canonical\" href=\"https:\/\/marktxxl.de\/markt\/produkt\/jygmpro-21v-akku-rasentrimmer-akku-freischneider-buerstenloser-mit-2-batterien-2-0ah-2-klingen2-maehfaedenteleskoprohr-verstellbarer-griff90schwenkbarem-kopf-fuer-rasen-und-anderen-gartena\/\" \/>\n<meta property=\"og:locale\" content=\"de_DE\" \/>\n<meta property=\"og:type\" content=\"article\" \/>\n<meta property=\"og:title\" content=\"JYGMPRO 21V Akku Rasentrimmer, Akku Freischneider B\u00fcrstenloser mit 2 Batterien 2.0Ah, 2 Klingen,2 M\u00e4hf\u00e4den,Teleskoprohr, Verstellbarer Griff,90\u00b0Schwenkbarem Kopf f\u00fcr Rasen und Anderen Gartenarbeiten - Markt-XXL\" \/>\n<meta property=\"og:description\" content=\"Markt-XXL JYGMPRO 21V Akku Rasentrimmer, Akku Freischneider B\u00fcrstenloser mit 2 Batterien 2.0Ah, 2 Klingen,2 M\u00e4hf\u00e4den,Teleskoprohr, Verstellbarer Griff,90\u00b0Schwenkbarem Kopf f\u00fcr Rasen und Anderen Gartenarbeiten\" \/>\n<meta property=\"og:url\" content=\"https:\/\/marktxxl.de\/markt\/produkt\/jygmpro-21v-akku-rasentrimmer-akku-freischneider-buerstenloser-mit-2-batterien-2-0ah-2-klingen2-maehfaedenteleskoprohr-verstellbarer-griff90schwenkbarem-kopf-fuer-rasen-und-anderen-gartena\/\" \/>\n<meta property=\"og:site_name\" content=\"Markt-XXL\" \/>\n<meta name=\"twitter:card\" content=\"summary_large_image\" \/>\n<meta name=\"twitter:label1\" content=\"Gesch\u00e4tzte Lesezeit\" \/>\n\t<meta name=\"twitter:data1\" content=\"2\u00a0Minuten\" \/>\n<script type=\"application\/ld+json\" class=\"yoast-schema-graph\">{\"@context\":\"https:\\\/\\\/schema.org\",\"@graph\":[{\"@type\":\"WebPage\",\"@id\":\"https:\\\/\\\/marktxxl.de\\\/markt\\\/produkt\\\/jygmpro-21v-akku-rasentrimmer-akku-freischneider-buerstenloser-mit-2-batterien-2-0ah-2-klingen2-maehfaedenteleskoprohr-verstellbarer-griff90schwenkbarem-kopf-fuer-rasen-und-anderen-gartena\\\/\",\"url\":\"https:\\\/\\\/marktxxl.de\\\/markt\\\/produkt\\\/jygmpro-21v-akku-rasentrimmer-akku-freischneider-buerstenloser-mit-2-batterien-2-0ah-2-klingen2-maehfaedenteleskoprohr-verstellbarer-griff90schwenkbarem-kopf-fuer-rasen-und-anderen-gartena\\\/\",\"name\":\"JYGMPRO 21V Akku Rasentrimmer, Akku Freischneider B\u00fcrstenloser mit 2 Batterien 2.0Ah, 2 Klingen,2 M\u00e4hf\u00e4den,Teleskoprohr, Verstellbarer Griff,90\u00b0Schwenkbarem Kopf f\u00fcr Rasen und Anderen Gartenarbeiten - Markt-XXL\",\"isPartOf\":{\"@id\":\"https:\\\/\\\/marktxxl.de\\\/markt\\\/#website\"},\"primaryImageOfPage\":{\"@id\":\"https:\\\/\\\/marktxxl.de\\\/markt\\\/produkt\\\/jygmpro-21v-akku-rasentrimmer-akku-freischneider-buerstenloser-mit-2-batterien-2-0ah-2-klingen2-maehfaedenteleskoprohr-verstellbarer-griff90schwenkbarem-kopf-fuer-rasen-und-anderen-gartena\\\/#primaryimage\"},\"image\":{\"@id\":\"https:\\\/\\\/marktxxl.de\\\/markt\\\/produkt\\\/jygmpro-21v-akku-rasentrimmer-akku-freischneider-buerstenloser-mit-2-batterien-2-0ah-2-klingen2-maehfaedenteleskoprohr-verstellbarer-griff90schwenkbarem-kopf-fuer-rasen-und-anderen-gartena\\\/#primaryimage\"},\"thumbnailUrl\":\"https:\\\/\\\/m.media-amazon.com\\\/images\\\/I\\\/41Iksd0cC9L._SL500_.jpg\",\"datePublished\":\"2024-05-29T07:43:18+00:00\",\"description\":\"Markt-XXL JYGMPRO 21V Akku Rasentrimmer, Akku Freischneider B\u00fcrstenloser mit 2 Batterien 2.0Ah, 2 Klingen,2 M\u00e4hf\u00e4den,Teleskoprohr, Verstellbarer Griff,90\u00b0Schwenkbarem Kopf f\u00fcr Rasen und Anderen Gartenarbeiten\",\"breadcrumb\":{\"@id\":\"https:\\\/\\\/marktxxl.de\\\/markt\\\/produkt\\\/jygmpro-21v-akku-rasentrimmer-akku-freischneider-buerstenloser-mit-2-batterien-2-0ah-2-klingen2-maehfaedenteleskoprohr-verstellbarer-griff90schwenkbarem-kopf-fuer-rasen-und-anderen-gartena\\\/#breadcrumb\"},\"inLanguage\":\"de\",\"potentialAction\":[{\"@type\":\"ReadAction\",\"target\":[\"https:\\\/\\\/marktxxl.de\\\/markt\\\/produkt\\\/jygmpro-21v-akku-rasentrimmer-akku-freischneider-buerstenloser-mit-2-batterien-2-0ah-2-klingen2-maehfaedenteleskoprohr-verstellbarer-griff90schwenkbarem-kopf-fuer-rasen-und-anderen-gartena\\\/\"]}]},{\"@type\":\"ImageObject\",\"inLanguage\":\"de\",\"@id\":\"https:\\\/\\\/marktxxl.de\\\/markt\\\/produkt\\\/jygmpro-21v-akku-rasentrimmer-akku-freischneider-buerstenloser-mit-2-batterien-2-0ah-2-klingen2-maehfaedenteleskoprohr-verstellbarer-griff90schwenkbarem-kopf-fuer-rasen-und-anderen-gartena\\\/#primaryimage\",\"url\":\"https:\\\/\\\/m.media-amazon.com\\\/images\\\/I\\\/41Iksd0cC9L._SL500_.jpg\",\"contentUrl\":\"https:\\\/\\\/m.media-amazon.com\\\/images\\\/I\\\/41Iksd0cC9L._SL500_.jpg\",\"width\":500,\"height\":500},{\"@type\":\"BreadcrumbList\",\"@id\":\"https:\\\/\\\/marktxxl.de\\\/markt\\\/produkt\\\/jygmpro-21v-akku-rasentrimmer-akku-freischneider-buerstenloser-mit-2-batterien-2-0ah-2-klingen2-maehfaedenteleskoprohr-verstellbarer-griff90schwenkbarem-kopf-fuer-rasen-und-anderen-gartena\\\/#breadcrumb\",\"itemListElement\":[{\"@type\":\"ListItem\",\"position\":1,\"name\":\"Startseite\",\"item\":\"https:\\\/\\\/marktxxl.de\\\/markt\\\/\"},{\"@type\":\"ListItem\",\"position\":2,\"name\":\"Markt\",\"item\":\"https:\\\/\\\/marktxxl.de\\\/markt\\\/\"},{\"@type\":\"ListItem\",\"position\":3,\"name\":\"JYGMPRO 21V Akku Rasentrimmer, Akku Freischneider B\u00fcrstenloser mit 2 Batterien 2.0Ah, 2 Klingen,2 M\u00e4hf\u00e4den,Teleskoprohr, Verstellbarer Griff,90\u00b0Schwenkbarem Kopf f\u00fcr Rasen und Anderen Gartenarbeiten\"}]},{\"@type\":\"WebSite\",\"@id\":\"https:\\\/\\\/marktxxl.de\\\/markt\\\/#website\",\"url\":\"https:\\\/\\\/marktxxl.de\\\/markt\\\/\",\"name\":\"Markt-XXL\",\"description\":\"Ihr Markt Online\",\"publisher\":{\"@id\":\"https:\\\/\\\/marktxxl.de\\\/markt\\\/#organization\"},\"potentialAction\":[{\"@type\":\"SearchAction\",\"target\":{\"@type\":\"EntryPoint\",\"urlTemplate\":\"https:\\\/\\\/marktxxl.de\\\/markt\\\/?s={search_term_string}\"},\"query-input\":{\"@type\":\"PropertyValueSpecification\",\"valueRequired\":true,\"valueName\":\"search_term_string\"}}],\"inLanguage\":\"de\"},{\"@type\":\"Organization\",\"@id\":\"https:\\\/\\\/marktxxl.de\\\/markt\\\/#organization\",\"name\":\"Markt-XXL\",\"url\":\"https:\\\/\\\/marktxxl.de\\\/markt\\\/\",\"logo\":{\"@type\":\"ImageObject\",\"inLanguage\":\"de\",\"@id\":\"https:\\\/\\\/marktxxl.de\\\/markt\\\/#\\\/schema\\\/logo\\\/image\\\/\",\"url\":\"https:\\\/\\\/marktxxl.de\\\/markt\\\/wp-content\\\/uploads\\\/sites\\\/3\\\/2020\\\/12\\\/logo.png\",\"contentUrl\":\"https:\\\/\\\/marktxxl.de\\\/markt\\\/wp-content\\\/uploads\\\/sites\\\/3\\\/2020\\\/12\\\/logo.png\",\"width\":200,\"height\":70,\"caption\":\"Markt-XXL\"},\"image\":{\"@id\":\"https:\\\/\\\/marktxxl.de\\\/markt\\\/#\\\/schema\\\/logo\\\/image\\\/\"}}]}<\/script>\n<!-- \/ Yoast SEO plugin. -->","yoast_head_json":{"title":"JYGMPRO 21V Akku Rasentrimmer, Akku Freischneider B\u00fcrstenloser mit 2 Batterien 2.0Ah, 2 Klingen,2 M\u00e4hf\u00e4den,Teleskoprohr, Verstellbarer Griff,90\u00b0Schwenkbarem Kopf f\u00fcr Rasen und Anderen Gartenarbeiten - Markt-XXL","description":"Markt-XXL JYGMPRO 21V Akku Rasentrimmer, Akku Freischneider B\u00fcrstenloser mit 2 Batterien 2.0Ah, 2 Klingen,2 M\u00e4hf\u00e4den,Teleskoprohr, Verstellbarer Griff,90\u00b0Schwenkbarem Kopf f\u00fcr Rasen und Anderen Gartenarbeiten","robots":{"index":"index","follow":"follow","max-snippet":"max-snippet:-1","max-image-preview":"max-image-preview:large","max-video-preview":"max-video-preview:-1"},"canonical":"https:\/\/marktxxl.de\/markt\/produkt\/jygmpro-21v-akku-rasentrimmer-akku-freischneider-buerstenloser-mit-2-batterien-2-0ah-2-klingen2-maehfaedenteleskoprohr-verstellbarer-griff90schwenkbarem-kopf-fuer-rasen-und-anderen-gartena\/","og_locale":"de_DE","og_type":"article","og_title":"JYGMPRO 21V Akku Rasentrimmer, Akku Freischneider B\u00fcrstenloser mit 2 Batterien 2.0Ah, 2 Klingen,2 M\u00e4hf\u00e4den,Teleskoprohr, Verstellbarer Griff,90\u00b0Schwenkbarem Kopf f\u00fcr Rasen und Anderen Gartenarbeiten - Markt-XXL","og_description":"Markt-XXL JYGMPRO 21V Akku Rasentrimmer, Akku Freischneider B\u00fcrstenloser mit 2 Batterien 2.0Ah, 2 Klingen,2 M\u00e4hf\u00e4den,Teleskoprohr, Verstellbarer Griff,90\u00b0Schwenkbarem Kopf f\u00fcr Rasen und Anderen Gartenarbeiten","og_url":"https:\/\/marktxxl.de\/markt\/produkt\/jygmpro-21v-akku-rasentrimmer-akku-freischneider-buerstenloser-mit-2-batterien-2-0ah-2-klingen2-maehfaedenteleskoprohr-verstellbarer-griff90schwenkbarem-kopf-fuer-rasen-und-anderen-gartena\/","og_site_name":"Markt-XXL","twitter_card":"summary_large_image","twitter_misc":{"Gesch\u00e4tzte Lesezeit":"2\u00a0Minuten"},"schema":{"@context":"https:\/\/schema.org","@graph":[{"@type":"WebPage","@id":"https:\/\/marktxxl.de\/markt\/produkt\/jygmpro-21v-akku-rasentrimmer-akku-freischneider-buerstenloser-mit-2-batterien-2-0ah-2-klingen2-maehfaedenteleskoprohr-verstellbarer-griff90schwenkbarem-kopf-fuer-rasen-und-anderen-gartena\/","url":"https:\/\/marktxxl.de\/markt\/produkt\/jygmpro-21v-akku-rasentrimmer-akku-freischneider-buerstenloser-mit-2-batterien-2-0ah-2-klingen2-maehfaedenteleskoprohr-verstellbarer-griff90schwenkbarem-kopf-fuer-rasen-und-anderen-gartena\/","name":"JYGMPRO 21V Akku Rasentrimmer, Akku Freischneider B\u00fcrstenloser mit 2 Batterien 2.0Ah, 2 Klingen,2 M\u00e4hf\u00e4den,Teleskoprohr, Verstellbarer Griff,90\u00b0Schwenkbarem Kopf f\u00fcr Rasen und Anderen Gartenarbeiten - Markt-XXL","isPartOf":{"@id":"https:\/\/marktxxl.de\/markt\/#website"},"primaryImageOfPage":{"@id":"https:\/\/marktxxl.de\/markt\/produkt\/jygmpro-21v-akku-rasentrimmer-akku-freischneider-buerstenloser-mit-2-batterien-2-0ah-2-klingen2-maehfaedenteleskoprohr-verstellbarer-griff90schwenkbarem-kopf-fuer-rasen-und-anderen-gartena\/#primaryimage"},"image":{"@id":"https:\/\/marktxxl.de\/markt\/produkt\/jygmpro-21v-akku-rasentrimmer-akku-freischneider-buerstenloser-mit-2-batterien-2-0ah-2-klingen2-maehfaedenteleskoprohr-verstellbarer-griff90schwenkbarem-kopf-fuer-rasen-und-anderen-gartena\/#primaryimage"},"thumbnailUrl":"https:\/\/m.media-amazon.com\/images\/I\/41Iksd0cC9L._SL500_.jpg","datePublished":"2024-05-29T07:43:18+00:00","description":"Markt-XXL JYGMPRO 21V Akku Rasentrimmer, Akku Freischneider B\u00fcrstenloser mit 2 Batterien 2.0Ah, 2 Klingen,2 M\u00e4hf\u00e4den,Teleskoprohr, Verstellbarer Griff,90\u00b0Schwenkbarem Kopf f\u00fcr Rasen und Anderen Gartenarbeiten","breadcrumb":{"@id":"https:\/\/marktxxl.de\/markt\/produkt\/jygmpro-21v-akku-rasentrimmer-akku-freischneider-buerstenloser-mit-2-batterien-2-0ah-2-klingen2-maehfaedenteleskoprohr-verstellbarer-griff90schwenkbarem-kopf-fuer-rasen-und-anderen-gartena\/#breadcrumb"},"inLanguage":"de","potentialAction":[{"@type":"ReadAction","target":["https:\/\/marktxxl.de\/markt\/produkt\/jygmpro-21v-akku-rasentrimmer-akku-freischneider-buerstenloser-mit-2-batterien-2-0ah-2-klingen2-maehfaedenteleskoprohr-verstellbarer-griff90schwenkbarem-kopf-fuer-rasen-und-anderen-gartena\/"]}]},{"@type":"ImageObject","inLanguage":"de","@id":"https:\/\/marktxxl.de\/markt\/produkt\/jygmpro-21v-akku-rasentrimmer-akku-freischneider-buerstenloser-mit-2-batterien-2-0ah-2-klingen2-maehfaedenteleskoprohr-verstellbarer-griff90schwenkbarem-kopf-fuer-rasen-und-anderen-gartena\/#primaryimage","url":"https:\/\/m.media-amazon.com\/images\/I\/41Iksd0cC9L._SL500_.jpg","contentUrl":"https:\/\/m.media-amazon.com\/images\/I\/41Iksd0cC9L._SL500_.jpg","width":500,"height":500},{"@type":"BreadcrumbList","@id":"https:\/\/marktxxl.de\/markt\/produkt\/jygmpro-21v-akku-rasentrimmer-akku-freischneider-buerstenloser-mit-2-batterien-2-0ah-2-klingen2-maehfaedenteleskoprohr-verstellbarer-griff90schwenkbarem-kopf-fuer-rasen-und-anderen-gartena\/#breadcrumb","itemListElement":[{"@type":"ListItem","position":1,"name":"Startseite","item":"https:\/\/marktxxl.de\/markt\/"},{"@type":"ListItem","position":2,"name":"Markt","item":"https:\/\/marktxxl.de\/markt\/"},{"@type":"ListItem","position":3,"name":"JYGMPRO 21V Akku Rasentrimmer, Akku Freischneider B\u00fcrstenloser mit 2 Batterien 2.0Ah, 2 Klingen,2 M\u00e4hf\u00e4den,Teleskoprohr, Verstellbarer Griff,90\u00b0Schwenkbarem Kopf f\u00fcr Rasen und Anderen Gartenarbeiten"}]},{"@type":"WebSite","@id":"https:\/\/marktxxl.de\/markt\/#website","url":"https:\/\/marktxxl.de\/markt\/","name":"Markt-XXL","description":"Ihr Markt Online","publisher":{"@id":"https:\/\/marktxxl.de\/markt\/#organization"},"potentialAction":[{"@type":"SearchAction","target":{"@type":"EntryPoint","urlTemplate":"https:\/\/marktxxl.de\/markt\/?s={search_term_string}"},"query-input":{"@type":"PropertyValueSpecification","valueRequired":true,"valueName":"search_term_string"}}],"inLanguage":"de"},{"@type":"Organization","@id":"https:\/\/marktxxl.de\/markt\/#organization","name":"Markt-XXL","url":"https:\/\/marktxxl.de\/markt\/","logo":{"@type":"ImageObject","inLanguage":"de","@id":"https:\/\/marktxxl.de\/markt\/#\/schema\/logo\/image\/","url":"https:\/\/marktxxl.de\/markt\/wp-content\/uploads\/sites\/3\/2020\/12\/logo.png","contentUrl":"https:\/\/marktxxl.de\/markt\/wp-content\/uploads\/sites\/3\/2020\/12\/logo.png","width":200,"height":70,"caption":"Markt-XXL"},"image":{"@id":"https:\/\/marktxxl.de\/markt\/#\/schema\/logo\/image\/"}}]}},"_links":{"self":[{"href":"https:\/\/marktxxl.de\/markt\/wp-json\/wp\/v2\/product\/208491","targetHints":{"allow":["GET"]}}],"collection":[{"href":"https:\/\/marktxxl.de\/markt\/wp-json\/wp\/v2\/product"}],"about":[{"href":"https:\/\/marktxxl.de\/markt\/wp-json\/wp\/v2\/types\/product"}],"replies":[{"embeddable":true,"href":"https:\/\/marktxxl.de\/markt\/wp-json\/wp\/v2\/comments?post=208491"}],"wp:featuredmedia":[{"embeddable":true,"href":"https:\/\/marktxxl.de\/markt\/wp-json\/wp\/v2\/media\/208492"}],"wp:attachment":[{"href":"https:\/\/marktxxl.de\/markt\/wp-json\/wp\/v2\/media?parent=208491"}],"wp:term":[{"taxonomy":"product_brand","embeddable":true,"href":"https:\/\/marktxxl.de\/markt\/wp-json\/wp\/v2\/product_brand?post=208491"},{"taxonomy":"product_cat","embeddable":true,"href":"https:\/\/marktxxl.de\/markt\/wp-json\/wp\/v2\/product_cat?post=208491"},{"taxonomy":"product_tag","embeddable":true,"href":"https:\/\/marktxxl.de\/markt\/wp-json\/wp\/v2\/product_tag?post=208491"}],"curies":[{"name":"wp","href":"https:\/\/api.w.org\/{rel}","templated":true}]}}