{"id":208484,"date":"2024-05-29T09:42:48","date_gmt":"2024-05-29T07:42:48","guid":{"rendered":"https:\/\/marktxxl.de\/markt\/produkt\/ballistol-25425-harz-loeser-5l-kanister-baumharz-entferner-fuer-werkzeug-ketten-saege-rasenmaeher-heckenschere\/"},"modified":"2024-05-29T09:42:48","modified_gmt":"2024-05-29T07:42:48","slug":"ballistol-25425-harz-loeser-5l-kanister-baumharz-entferner-fuer-werkzeug-ketten-saege-rasenmaeher-heckenschere","status":"publish","type":"product","link":"https:\/\/marktxxl.de\/markt\/produkt\/ballistol-25425-harz-loeser-5l-kanister-baumharz-entferner-fuer-werkzeug-ketten-saege-rasenmaeher-heckenschere\/","title":{"rendered":"BALLISTOL 25425 Harz-L\u00f6ser 5L Kanister \u2013 Baumharz-Entferner f\u00fcr Werkzeug, Ketten-S\u00e4ge, Rasenm\u00e4her Heckenschere"},"content":{"rendered":"<p>Wirkung \u2013 Unser Harz-Reiniger l\u00f6st und entfernt r\u00fcckstandsfrei, schnell und effektiv Baumharze und eingebrannte Harzr\u00fcckst\u00e4nde. Sowohl auf Metall, Kunststoff, Gummi, Holz und Aluminium anwendbar<br \/>\nAnwendung \u2013 Die biologisch abbaubare, PTFE- und silikonfreie Pflege einfach aufspr\u00fchen, einwirken lassen, abwischen, fertig. Nach Reinigung empfehlen wir die Konservierung mit Ballistol Universal-\u00d6l<br \/>\nAnwendungsbereiche \u2013 F\u00fcr alle Garten-und Forst-Werkzeuge geeignet: Motor-S\u00e4ge, Axt, Beil, Rasenm\u00e4her, Sense, H\u00e4cksler, Gartenschere, Ast-Schere, Hochentaster, S\u00e4ge-Bl\u00e4tter, Fr\u00e4se und Schubkarren<br \/>\nKombination \u2013 Entdecken Sie unser Portfolio an Haushalts-Reinigern f\u00fcr noch mehr Sauberkeit: Kamin- und Ofenreiniger, Glas-Reiniger, Grill-Reiniger, Felgen-Reiniger und viele weitere erprobte Produkte<br \/>\nBALLISTOL &#8211; Die Marke f\u00fcr Mensch. Tier. Technik. Seit 1874 produziert unser Traditionsunternehmen qualitativ hochwertige Spezial-\u00d6le sowie Pflege-, Reinigungs- und M\u00fcckenschutz-Mittel in Deutschland<br \/>\n<div class=\"main-cross-sell\" data-asin=\"B00MG7D7KU\">\n\n\t<div class=\"WooZone-cross-sell-loader\">\n\t\t<div>\n\t\t\t<div id=\"floatingBarsG\">\n\t\t\t\t<div class=\"blockG\" id=\"rotateG_01\"><\/div>\n\t\t\t\t<div class=\"blockG\" id=\"rotateG_02\"><\/div>\n\t\t\t\t<div class=\"blockG\" id=\"rotateG_03\"><\/div>\n\t\t\t\t<div class=\"blockG\" id=\"rotateG_04\"><\/div>\n\t\t\t\t<div class=\"blockG\" id=\"rotateG_05\"><\/div>\n\t\t\t\t<div class=\"blockG\" id=\"rotateG_06\"><\/div>\n\t\t\t\t<div class=\"blockG\" id=\"rotateG_07\"><\/div>\n\t\t\t\t<div class=\"blockG\" id=\"rotateG_08\"><\/div>\n\t\t\t<\/div>\n\t\t\t<div class=\"WooZone-cross-sell-loader-text\"><\/div>\n\t\t<\/div>\n\t<\/div>\n\n\t\t\n<\/div>\n<div style=\"clear:both;\"><\/div><\/p>\n","protected":false},"excerpt":{"rendered":"<p>Wirkung \u2013 Unser Harz-Reiniger l\u00f6st und entfernt r\u00fcckstandsfrei, schnell und effektiv Baumharze und eingebrannte Harzr\u00fcckst\u00e4nde. Sowohl auf Metall, Kunststoff, Gummi, Holz und Aluminium anwendbar<br \/>\nAnwendung \u2013 Die biologisch abbaubare, PTFE- und silikonfreie Pflege einfach aufspr\u00fchen, einwirken lassen, abwischen, fertig. Nach Reinigung empfehlen wir die Konservierung mit Ballistol Universal-\u00d6l<br \/>\nAnwendungsbereiche \u2013 F\u00fcr alle Garten-und Forst-Werkzeuge geeignet: Motor-S\u00e4ge, Axt, Beil, Rasenm\u00e4her, Sense, H\u00e4cksler, Gartenschere, Ast-Schere, Hochentaster, S\u00e4ge-Bl\u00e4tter, Fr\u00e4se und Schubkarren<\/p>\n","protected":false},"featured_media":208485,"comment_status":"open","ping_status":"closed","template":"","meta":[],"product_brand":[],"product_cat":[1983,11235],"product_tag":[],"class_list":{"0":"post-208484","1":"product","2":"type-product","3":"status-publish","4":"has-post-thumbnail","6":"product_cat-baumarkt","7":"product_cat-rasenmaeher-elektrische-gartenwerkzeuge","8":"pa_binding-automotive","9":"pa_brand-ballistol","10":"pa_color-farblos","11":"pa_height-12-598425184-zoll","12":"pa_length-7-086614166-zoll","13":"pa_manufacturer-ballistol","14":"pa_model-52555","15":"pa_size-5-l-1er-pack","16":"pa_warranty-keine","17":"pa_weight-9-810570659-pounds","18":"pa_width-5-511811018-zoll","20":"first","21":"instock","22":"shipping-taxable","23":"purchasable","24":"product-type-simple","25":"customify-col","26":"product-has-gallery"},"yoast_head":"<!-- This site is optimized with the Yoast SEO plugin v27.3 - https:\/\/yoast.com\/product\/yoast-seo-wordpress\/ -->\n<title>BALLISTOL 25425 Harz-L\u00f6ser 5L Kanister \u2013 Baumharz-Entferner f\u00fcr Werkzeug, Ketten-S\u00e4ge, Rasenm\u00e4her Heckenschere - Markt-XXL<\/title>\n<meta name=\"description\" content=\"Markt-XXL BALLISTOL 25425 Harz-L\u00f6ser 5L Kanister \u2013 Baumharz-Entferner f\u00fcr Werkzeug, Ketten-S\u00e4ge, Rasenm\u00e4her Heckenschere\" \/>\n<meta name=\"robots\" content=\"index, follow, max-snippet:-1, max-image-preview:large, max-video-preview:-1\" \/>\n<link rel=\"canonical\" href=\"https:\/\/marktxxl.de\/markt\/produkt\/ballistol-25425-harz-loeser-5l-kanister-baumharz-entferner-fuer-werkzeug-ketten-saege-rasenmaeher-heckenschere\/\" \/>\n<meta property=\"og:locale\" content=\"de_DE\" \/>\n<meta property=\"og:type\" content=\"article\" \/>\n<meta property=\"og:title\" content=\"BALLISTOL 25425 Harz-L\u00f6ser 5L Kanister \u2013 Baumharz-Entferner f\u00fcr Werkzeug, Ketten-S\u00e4ge, Rasenm\u00e4her Heckenschere - Markt-XXL\" \/>\n<meta property=\"og:description\" content=\"Markt-XXL BALLISTOL 25425 Harz-L\u00f6ser 5L Kanister \u2013 Baumharz-Entferner f\u00fcr Werkzeug, Ketten-S\u00e4ge, Rasenm\u00e4her Heckenschere\" \/>\n<meta property=\"og:url\" content=\"https:\/\/marktxxl.de\/markt\/produkt\/ballistol-25425-harz-loeser-5l-kanister-baumharz-entferner-fuer-werkzeug-ketten-saege-rasenmaeher-heckenschere\/\" \/>\n<meta property=\"og:site_name\" content=\"Markt-XXL\" \/>\n<meta name=\"twitter:card\" content=\"summary_large_image\" \/>\n<meta name=\"twitter:label1\" content=\"Gesch\u00e4tzte Lesezeit\" \/>\n\t<meta name=\"twitter:data1\" content=\"1\u00a0Minute\" \/>\n<script type=\"application\/ld+json\" class=\"yoast-schema-graph\">{\"@context\":\"https:\\\/\\\/schema.org\",\"@graph\":[{\"@type\":\"WebPage\",\"@id\":\"https:\\\/\\\/marktxxl.de\\\/markt\\\/produkt\\\/ballistol-25425-harz-loeser-5l-kanister-baumharz-entferner-fuer-werkzeug-ketten-saege-rasenmaeher-heckenschere\\\/\",\"url\":\"https:\\\/\\\/marktxxl.de\\\/markt\\\/produkt\\\/ballistol-25425-harz-loeser-5l-kanister-baumharz-entferner-fuer-werkzeug-ketten-saege-rasenmaeher-heckenschere\\\/\",\"name\":\"BALLISTOL 25425 Harz-L\u00f6ser 5L Kanister \u2013 Baumharz-Entferner f\u00fcr Werkzeug, Ketten-S\u00e4ge, Rasenm\u00e4her Heckenschere - Markt-XXL\",\"isPartOf\":{\"@id\":\"https:\\\/\\\/marktxxl.de\\\/markt\\\/#website\"},\"primaryImageOfPage\":{\"@id\":\"https:\\\/\\\/marktxxl.de\\\/markt\\\/produkt\\\/ballistol-25425-harz-loeser-5l-kanister-baumharz-entferner-fuer-werkzeug-ketten-saege-rasenmaeher-heckenschere\\\/#primaryimage\"},\"image\":{\"@id\":\"https:\\\/\\\/marktxxl.de\\\/markt\\\/produkt\\\/ballistol-25425-harz-loeser-5l-kanister-baumharz-entferner-fuer-werkzeug-ketten-saege-rasenmaeher-heckenschere\\\/#primaryimage\"},\"thumbnailUrl\":\"https:\\\/\\\/m.media-amazon.com\\\/images\\\/I\\\/31bOYcVi-VL._SL500_.jpg\",\"datePublished\":\"2024-05-29T07:42:48+00:00\",\"description\":\"Markt-XXL BALLISTOL 25425 Harz-L\u00f6ser 5L Kanister \u2013 Baumharz-Entferner f\u00fcr Werkzeug, Ketten-S\u00e4ge, Rasenm\u00e4her Heckenschere\",\"breadcrumb\":{\"@id\":\"https:\\\/\\\/marktxxl.de\\\/markt\\\/produkt\\\/ballistol-25425-harz-loeser-5l-kanister-baumharz-entferner-fuer-werkzeug-ketten-saege-rasenmaeher-heckenschere\\\/#breadcrumb\"},\"inLanguage\":\"de\",\"potentialAction\":[{\"@type\":\"ReadAction\",\"target\":[\"https:\\\/\\\/marktxxl.de\\\/markt\\\/produkt\\\/ballistol-25425-harz-loeser-5l-kanister-baumharz-entferner-fuer-werkzeug-ketten-saege-rasenmaeher-heckenschere\\\/\"]}]},{\"@type\":\"ImageObject\",\"inLanguage\":\"de\",\"@id\":\"https:\\\/\\\/marktxxl.de\\\/markt\\\/produkt\\\/ballistol-25425-harz-loeser-5l-kanister-baumharz-entferner-fuer-werkzeug-ketten-saege-rasenmaeher-heckenschere\\\/#primaryimage\",\"url\":\"https:\\\/\\\/m.media-amazon.com\\\/images\\\/I\\\/31bOYcVi-VL._SL500_.jpg\",\"contentUrl\":\"https:\\\/\\\/m.media-amazon.com\\\/images\\\/I\\\/31bOYcVi-VL._SL500_.jpg\",\"width\":396,\"height\":500},{\"@type\":\"BreadcrumbList\",\"@id\":\"https:\\\/\\\/marktxxl.de\\\/markt\\\/produkt\\\/ballistol-25425-harz-loeser-5l-kanister-baumharz-entferner-fuer-werkzeug-ketten-saege-rasenmaeher-heckenschere\\\/#breadcrumb\",\"itemListElement\":[{\"@type\":\"ListItem\",\"position\":1,\"name\":\"Startseite\",\"item\":\"https:\\\/\\\/marktxxl.de\\\/markt\\\/\"},{\"@type\":\"ListItem\",\"position\":2,\"name\":\"Markt\",\"item\":\"https:\\\/\\\/marktxxl.de\\\/markt\\\/\"},{\"@type\":\"ListItem\",\"position\":3,\"name\":\"BALLISTOL 25425 Harz-L\u00f6ser 5L Kanister \u2013 Baumharz-Entferner f\u00fcr Werkzeug, Ketten-S\u00e4ge, Rasenm\u00e4her Heckenschere\"}]},{\"@type\":\"WebSite\",\"@id\":\"https:\\\/\\\/marktxxl.de\\\/markt\\\/#website\",\"url\":\"https:\\\/\\\/marktxxl.de\\\/markt\\\/\",\"name\":\"Markt-XXL\",\"description\":\"Ihr Markt Online\",\"publisher\":{\"@id\":\"https:\\\/\\\/marktxxl.de\\\/markt\\\/#organization\"},\"potentialAction\":[{\"@type\":\"SearchAction\",\"target\":{\"@type\":\"EntryPoint\",\"urlTemplate\":\"https:\\\/\\\/marktxxl.de\\\/markt\\\/?s={search_term_string}\"},\"query-input\":{\"@type\":\"PropertyValueSpecification\",\"valueRequired\":true,\"valueName\":\"search_term_string\"}}],\"inLanguage\":\"de\"},{\"@type\":\"Organization\",\"@id\":\"https:\\\/\\\/marktxxl.de\\\/markt\\\/#organization\",\"name\":\"Markt-XXL\",\"url\":\"https:\\\/\\\/marktxxl.de\\\/markt\\\/\",\"logo\":{\"@type\":\"ImageObject\",\"inLanguage\":\"de\",\"@id\":\"https:\\\/\\\/marktxxl.de\\\/markt\\\/#\\\/schema\\\/logo\\\/image\\\/\",\"url\":\"https:\\\/\\\/marktxxl.de\\\/markt\\\/wp-content\\\/uploads\\\/sites\\\/3\\\/2020\\\/12\\\/logo.png\",\"contentUrl\":\"https:\\\/\\\/marktxxl.de\\\/markt\\\/wp-content\\\/uploads\\\/sites\\\/3\\\/2020\\\/12\\\/logo.png\",\"width\":200,\"height\":70,\"caption\":\"Markt-XXL\"},\"image\":{\"@id\":\"https:\\\/\\\/marktxxl.de\\\/markt\\\/#\\\/schema\\\/logo\\\/image\\\/\"}}]}<\/script>\n<!-- \/ Yoast SEO plugin. -->","yoast_head_json":{"title":"BALLISTOL 25425 Harz-L\u00f6ser 5L Kanister \u2013 Baumharz-Entferner f\u00fcr Werkzeug, Ketten-S\u00e4ge, Rasenm\u00e4her Heckenschere - Markt-XXL","description":"Markt-XXL BALLISTOL 25425 Harz-L\u00f6ser 5L Kanister \u2013 Baumharz-Entferner f\u00fcr Werkzeug, Ketten-S\u00e4ge, Rasenm\u00e4her Heckenschere","robots":{"index":"index","follow":"follow","max-snippet":"max-snippet:-1","max-image-preview":"max-image-preview:large","max-video-preview":"max-video-preview:-1"},"canonical":"https:\/\/marktxxl.de\/markt\/produkt\/ballistol-25425-harz-loeser-5l-kanister-baumharz-entferner-fuer-werkzeug-ketten-saege-rasenmaeher-heckenschere\/","og_locale":"de_DE","og_type":"article","og_title":"BALLISTOL 25425 Harz-L\u00f6ser 5L Kanister \u2013 Baumharz-Entferner f\u00fcr Werkzeug, Ketten-S\u00e4ge, Rasenm\u00e4her Heckenschere - Markt-XXL","og_description":"Markt-XXL BALLISTOL 25425 Harz-L\u00f6ser 5L Kanister \u2013 Baumharz-Entferner f\u00fcr Werkzeug, Ketten-S\u00e4ge, Rasenm\u00e4her Heckenschere","og_url":"https:\/\/marktxxl.de\/markt\/produkt\/ballistol-25425-harz-loeser-5l-kanister-baumharz-entferner-fuer-werkzeug-ketten-saege-rasenmaeher-heckenschere\/","og_site_name":"Markt-XXL","twitter_card":"summary_large_image","twitter_misc":{"Gesch\u00e4tzte Lesezeit":"1\u00a0Minute"},"schema":{"@context":"https:\/\/schema.org","@graph":[{"@type":"WebPage","@id":"https:\/\/marktxxl.de\/markt\/produkt\/ballistol-25425-harz-loeser-5l-kanister-baumharz-entferner-fuer-werkzeug-ketten-saege-rasenmaeher-heckenschere\/","url":"https:\/\/marktxxl.de\/markt\/produkt\/ballistol-25425-harz-loeser-5l-kanister-baumharz-entferner-fuer-werkzeug-ketten-saege-rasenmaeher-heckenschere\/","name":"BALLISTOL 25425 Harz-L\u00f6ser 5L Kanister \u2013 Baumharz-Entferner f\u00fcr Werkzeug, Ketten-S\u00e4ge, Rasenm\u00e4her Heckenschere - Markt-XXL","isPartOf":{"@id":"https:\/\/marktxxl.de\/markt\/#website"},"primaryImageOfPage":{"@id":"https:\/\/marktxxl.de\/markt\/produkt\/ballistol-25425-harz-loeser-5l-kanister-baumharz-entferner-fuer-werkzeug-ketten-saege-rasenmaeher-heckenschere\/#primaryimage"},"image":{"@id":"https:\/\/marktxxl.de\/markt\/produkt\/ballistol-25425-harz-loeser-5l-kanister-baumharz-entferner-fuer-werkzeug-ketten-saege-rasenmaeher-heckenschere\/#primaryimage"},"thumbnailUrl":"https:\/\/m.media-amazon.com\/images\/I\/31bOYcVi-VL._SL500_.jpg","datePublished":"2024-05-29T07:42:48+00:00","description":"Markt-XXL BALLISTOL 25425 Harz-L\u00f6ser 5L Kanister \u2013 Baumharz-Entferner f\u00fcr Werkzeug, Ketten-S\u00e4ge, Rasenm\u00e4her Heckenschere","breadcrumb":{"@id":"https:\/\/marktxxl.de\/markt\/produkt\/ballistol-25425-harz-loeser-5l-kanister-baumharz-entferner-fuer-werkzeug-ketten-saege-rasenmaeher-heckenschere\/#breadcrumb"},"inLanguage":"de","potentialAction":[{"@type":"ReadAction","target":["https:\/\/marktxxl.de\/markt\/produkt\/ballistol-25425-harz-loeser-5l-kanister-baumharz-entferner-fuer-werkzeug-ketten-saege-rasenmaeher-heckenschere\/"]}]},{"@type":"ImageObject","inLanguage":"de","@id":"https:\/\/marktxxl.de\/markt\/produkt\/ballistol-25425-harz-loeser-5l-kanister-baumharz-entferner-fuer-werkzeug-ketten-saege-rasenmaeher-heckenschere\/#primaryimage","url":"https:\/\/m.media-amazon.com\/images\/I\/31bOYcVi-VL._SL500_.jpg","contentUrl":"https:\/\/m.media-amazon.com\/images\/I\/31bOYcVi-VL._SL500_.jpg","width":396,"height":500},{"@type":"BreadcrumbList","@id":"https:\/\/marktxxl.de\/markt\/produkt\/ballistol-25425-harz-loeser-5l-kanister-baumharz-entferner-fuer-werkzeug-ketten-saege-rasenmaeher-heckenschere\/#breadcrumb","itemListElement":[{"@type":"ListItem","position":1,"name":"Startseite","item":"https:\/\/marktxxl.de\/markt\/"},{"@type":"ListItem","position":2,"name":"Markt","item":"https:\/\/marktxxl.de\/markt\/"},{"@type":"ListItem","position":3,"name":"BALLISTOL 25425 Harz-L\u00f6ser 5L Kanister \u2013 Baumharz-Entferner f\u00fcr Werkzeug, Ketten-S\u00e4ge, Rasenm\u00e4her Heckenschere"}]},{"@type":"WebSite","@id":"https:\/\/marktxxl.de\/markt\/#website","url":"https:\/\/marktxxl.de\/markt\/","name":"Markt-XXL","description":"Ihr Markt Online","publisher":{"@id":"https:\/\/marktxxl.de\/markt\/#organization"},"potentialAction":[{"@type":"SearchAction","target":{"@type":"EntryPoint","urlTemplate":"https:\/\/marktxxl.de\/markt\/?s={search_term_string}"},"query-input":{"@type":"PropertyValueSpecification","valueRequired":true,"valueName":"search_term_string"}}],"inLanguage":"de"},{"@type":"Organization","@id":"https:\/\/marktxxl.de\/markt\/#organization","name":"Markt-XXL","url":"https:\/\/marktxxl.de\/markt\/","logo":{"@type":"ImageObject","inLanguage":"de","@id":"https:\/\/marktxxl.de\/markt\/#\/schema\/logo\/image\/","url":"https:\/\/marktxxl.de\/markt\/wp-content\/uploads\/sites\/3\/2020\/12\/logo.png","contentUrl":"https:\/\/marktxxl.de\/markt\/wp-content\/uploads\/sites\/3\/2020\/12\/logo.png","width":200,"height":70,"caption":"Markt-XXL"},"image":{"@id":"https:\/\/marktxxl.de\/markt\/#\/schema\/logo\/image\/"}}]}},"_links":{"self":[{"href":"https:\/\/marktxxl.de\/markt\/wp-json\/wp\/v2\/product\/208484","targetHints":{"allow":["GET"]}}],"collection":[{"href":"https:\/\/marktxxl.de\/markt\/wp-json\/wp\/v2\/product"}],"about":[{"href":"https:\/\/marktxxl.de\/markt\/wp-json\/wp\/v2\/types\/product"}],"replies":[{"embeddable":true,"href":"https:\/\/marktxxl.de\/markt\/wp-json\/wp\/v2\/comments?post=208484"}],"wp:featuredmedia":[{"embeddable":true,"href":"https:\/\/marktxxl.de\/markt\/wp-json\/wp\/v2\/media\/208485"}],"wp:attachment":[{"href":"https:\/\/marktxxl.de\/markt\/wp-json\/wp\/v2\/media?parent=208484"}],"wp:term":[{"taxonomy":"product_brand","embeddable":true,"href":"https:\/\/marktxxl.de\/markt\/wp-json\/wp\/v2\/product_brand?post=208484"},{"taxonomy":"product_cat","embeddable":true,"href":"https:\/\/marktxxl.de\/markt\/wp-json\/wp\/v2\/product_cat?post=208484"},{"taxonomy":"product_tag","embeddable":true,"href":"https:\/\/marktxxl.de\/markt\/wp-json\/wp\/v2\/product_tag?post=208484"}],"curies":[{"name":"wp","href":"https:\/\/api.w.org\/{rel}","templated":true}]}}