{"id":208344,"date":"2024-05-29T08:45:53","date_gmt":"2024-05-29T06:45:53","guid":{"rendered":"https:\/\/marktxxl.de\/markt\/produkt\/allgaeuquelle-saunaaufguss-bio-3er-set-sauna-aufgussmittel-3x100ml-saunaduft-aufguss\/"},"modified":"2024-05-29T08:45:53","modified_gmt":"2024-05-29T06:45:53","slug":"allgaeuquelle-saunaaufguss-bio-3er-set-sauna-aufgussmittel-3x100ml-saunaduft-aufguss","status":"publish","type":"product","link":"https:\/\/marktxxl.de\/markt\/produkt\/allgaeuquelle-saunaaufguss-bio-3er-set-sauna-aufgussmittel-3x100ml-saunaduft-aufguss\/","title":{"rendered":"Allg\u00e4uQuelle\u00ae Saunaaufguss Bio 3er Set Sauna Aufgussmittel 3x100ml Saunaduft Aufguss"},"content":{"rendered":"<p>\u2705 NAT\u00dcRLICH BIO! Unser Saunaaufguss-Set enth\u00e4lt 3 x 100 ml Saunaaufg\u00fcsse mit Sauna-\u00d6l aus 100 % naturreinen \u00e4therischen \u00d6len (kbA).<br \/>\n\u2705 KRATZT NICHT IM HALS, BRENNT NICHT IN DEN AUGEN! Wir verwenden keine k\u00fcnstlichen Zusatzstoffe! So werden beim Sauna-Aufguss die Schleimh\u00e4ute nicht gereizt.<br \/>\n\u2705 PREMIUM QUALIT\u00c4T! Alle Sauna-Aufgussmittel in unserem Sauna-Aufguss-Set enthalten ausschlie\u00dflich hochwertige Inhaltsstoffe. Das sind nat\u00fcrliche BIO Sauna-\u00d6le, BIO Alkohol und Wasser aus der Allg\u00e4uer &#8220;Bad Nieratz Quelle&#8221;.<br \/>\n\u2705 PERFEKT ZUM VERSCHENKEN! Das Sauna-Geschenkset enth\u00e4lt drei neue Sauna-Aufg\u00fcsse von Allg\u00e4uQuelle: 1 x Quellaufguss &#8220;Allg\u00e4uer Klarheit&#8221;, 1 x Lichtaufguss &#8220;Allg\u00e4uer Geborgenheit&#8221;, 1 x Wiesenaufguss &#8220;Allg\u00e4uer Freudensprung&#8221;. 3 hochwertige und UV-gesch\u00fctzte Glasflaschen im stabilen Set-Karton.<br \/>\n\u2705 MIT LIEBE ENTWICKELT! Unser Sauna-Zubeh\u00f6r wird im Allg\u00e4u entwickelt und in S\u00fcddeutschland hergestellt. Wir sind Mitglied im Deutschen Saunabund. Weil wir hinter unseren Produkten stehen, bieten wir als Hersteller eine \u201e60 Tage Geld zur\u00fcck Garantie\u201c f\u00fcr dein Geschenk-Set.<br \/>\n<div class=\"main-cross-sell\" data-asin=\"B0BN952BBF\">\n\n\t<div class=\"WooZone-cross-sell-loader\">\n\t\t<div>\n\t\t\t<div id=\"floatingBarsG\">\n\t\t\t\t<div class=\"blockG\" id=\"rotateG_01\"><\/div>\n\t\t\t\t<div class=\"blockG\" id=\"rotateG_02\"><\/div>\n\t\t\t\t<div class=\"blockG\" id=\"rotateG_03\"><\/div>\n\t\t\t\t<div class=\"blockG\" id=\"rotateG_04\"><\/div>\n\t\t\t\t<div class=\"blockG\" id=\"rotateG_05\"><\/div>\n\t\t\t\t<div class=\"blockG\" id=\"rotateG_06\"><\/div>\n\t\t\t\t<div class=\"blockG\" id=\"rotateG_07\"><\/div>\n\t\t\t\t<div class=\"blockG\" id=\"rotateG_08\"><\/div>\n\t\t\t<\/div>\n\t\t\t<div class=\"WooZone-cross-sell-loader-text\"><\/div>\n\t\t<\/div>\n\t<\/div>\n\n\t\t\n<\/div>\n<div style=\"clear:both;\"><\/div><\/p>\n","protected":false},"excerpt":{"rendered":"<p>\u2705 NAT\u00dcRLICH BIO! Unser Saunaaufguss-Set enth\u00e4lt 3 x 100 ml Saunaaufg\u00fcsse mit Sauna-\u00d6l aus 100 % naturreinen \u00e4therischen \u00d6len (kbA).<br \/>\n\u2705 KRATZT NICHT IM HALS, BRENNT NICHT IN DEN AUGEN! Wir verwenden keine k\u00fcnstlichen Zusatzstoffe! So werden beim Sauna-Aufguss die Schleimh\u00e4ute nicht gereizt.<br \/>\n\u2705 PREMIUM QUALIT\u00c4T! Alle Sauna-Aufgussmittel in unserem Sauna-Aufguss-Set enthalten ausschlie\u00dflich hochwertige Inhaltsstoffe. Das sind nat\u00fcrliche BIO Sauna-\u00d6le, BIO Alkohol und Wasser aus der Allg\u00e4uer &#8220;Bad Nieratz Quelle&#8221;.<\/p>\n","protected":false},"featured_media":208345,"comment_status":"open","ping_status":"closed","template":"","meta":[],"product_brand":[],"product_cat":[1983,11101],"product_tag":[],"class_list":{"0":"post-208344","1":"product","2":"type-product","3":"status-publish","4":"has-post-thumbnail","6":"product_cat-baumarkt","7":"product_cat-kuechen-badinstallation","8":"pa_binding-badartikel","9":"pa_brand-allgaeuquelle-naturprodukte","10":"pa_manufacturer-allgaeuquelle-naturprodukte-gmbh","11":"pa_weight-1-5322127209-pounds","13":"first","14":"instock","15":"shipping-taxable","16":"purchasable","17":"product-type-simple","18":"customify-col","19":"product-has-gallery"},"yoast_head":"<!-- This site is optimized with the Yoast SEO plugin v27.4 - https:\/\/yoast.com\/product\/yoast-seo-wordpress\/ -->\n<title>Allg\u00e4uQuelle\u00ae Saunaaufguss Bio 3er Set Sauna Aufgussmittel 3x100ml Saunaduft Aufguss - Markt-XXL<\/title>\n<meta name=\"description\" content=\"Markt-XXL Allg\u00e4uQuelle\u00ae Saunaaufguss Bio 3er Set Sauna Aufgussmittel 3x100ml Saunaduft Aufguss\" \/>\n<meta name=\"robots\" content=\"index, follow, max-snippet:-1, max-image-preview:large, max-video-preview:-1\" \/>\n<link rel=\"canonical\" href=\"https:\/\/marktxxl.de\/markt\/produkt\/allgaeuquelle-saunaaufguss-bio-3er-set-sauna-aufgussmittel-3x100ml-saunaduft-aufguss\/\" \/>\n<meta property=\"og:locale\" content=\"de_DE\" \/>\n<meta property=\"og:type\" content=\"article\" \/>\n<meta property=\"og:title\" content=\"Allg\u00e4uQuelle\u00ae Saunaaufguss Bio 3er Set Sauna Aufgussmittel 3x100ml Saunaduft Aufguss - Markt-XXL\" \/>\n<meta property=\"og:description\" content=\"Markt-XXL Allg\u00e4uQuelle\u00ae Saunaaufguss Bio 3er Set Sauna Aufgussmittel 3x100ml Saunaduft Aufguss\" \/>\n<meta property=\"og:url\" content=\"https:\/\/marktxxl.de\/markt\/produkt\/allgaeuquelle-saunaaufguss-bio-3er-set-sauna-aufgussmittel-3x100ml-saunaduft-aufguss\/\" \/>\n<meta property=\"og:site_name\" content=\"Markt-XXL\" \/>\n<meta name=\"twitter:card\" content=\"summary_large_image\" \/>\n<meta name=\"twitter:label1\" content=\"Gesch\u00e4tzte Lesezeit\" \/>\n\t<meta name=\"twitter:data1\" content=\"1\u00a0Minute\" \/>\n<script type=\"application\/ld+json\" class=\"yoast-schema-graph\">{\"@context\":\"https:\\\/\\\/schema.org\",\"@graph\":[{\"@type\":\"WebPage\",\"@id\":\"https:\\\/\\\/marktxxl.de\\\/markt\\\/produkt\\\/allgaeuquelle-saunaaufguss-bio-3er-set-sauna-aufgussmittel-3x100ml-saunaduft-aufguss\\\/\",\"url\":\"https:\\\/\\\/marktxxl.de\\\/markt\\\/produkt\\\/allgaeuquelle-saunaaufguss-bio-3er-set-sauna-aufgussmittel-3x100ml-saunaduft-aufguss\\\/\",\"name\":\"Allg\u00e4uQuelle\u00ae Saunaaufguss Bio 3er Set Sauna Aufgussmittel 3x100ml Saunaduft Aufguss - Markt-XXL\",\"isPartOf\":{\"@id\":\"https:\\\/\\\/marktxxl.de\\\/markt\\\/#website\"},\"primaryImageOfPage\":{\"@id\":\"https:\\\/\\\/marktxxl.de\\\/markt\\\/produkt\\\/allgaeuquelle-saunaaufguss-bio-3er-set-sauna-aufgussmittel-3x100ml-saunaduft-aufguss\\\/#primaryimage\"},\"image\":{\"@id\":\"https:\\\/\\\/marktxxl.de\\\/markt\\\/produkt\\\/allgaeuquelle-saunaaufguss-bio-3er-set-sauna-aufgussmittel-3x100ml-saunaduft-aufguss\\\/#primaryimage\"},\"thumbnailUrl\":\"https:\\\/\\\/m.media-amazon.com\\\/images\\\/I\\\/512cZp7dpXL._SL500_.jpg\",\"datePublished\":\"2024-05-29T06:45:53+00:00\",\"description\":\"Markt-XXL Allg\u00e4uQuelle\u00ae Saunaaufguss Bio 3er Set Sauna Aufgussmittel 3x100ml Saunaduft Aufguss\",\"breadcrumb\":{\"@id\":\"https:\\\/\\\/marktxxl.de\\\/markt\\\/produkt\\\/allgaeuquelle-saunaaufguss-bio-3er-set-sauna-aufgussmittel-3x100ml-saunaduft-aufguss\\\/#breadcrumb\"},\"inLanguage\":\"de\",\"potentialAction\":[{\"@type\":\"ReadAction\",\"target\":[\"https:\\\/\\\/marktxxl.de\\\/markt\\\/produkt\\\/allgaeuquelle-saunaaufguss-bio-3er-set-sauna-aufgussmittel-3x100ml-saunaduft-aufguss\\\/\"]}]},{\"@type\":\"ImageObject\",\"inLanguage\":\"de\",\"@id\":\"https:\\\/\\\/marktxxl.de\\\/markt\\\/produkt\\\/allgaeuquelle-saunaaufguss-bio-3er-set-sauna-aufgussmittel-3x100ml-saunaduft-aufguss\\\/#primaryimage\",\"url\":\"https:\\\/\\\/m.media-amazon.com\\\/images\\\/I\\\/512cZp7dpXL._SL500_.jpg\",\"contentUrl\":\"https:\\\/\\\/m.media-amazon.com\\\/images\\\/I\\\/512cZp7dpXL._SL500_.jpg\",\"width\":500,\"height\":500},{\"@type\":\"BreadcrumbList\",\"@id\":\"https:\\\/\\\/marktxxl.de\\\/markt\\\/produkt\\\/allgaeuquelle-saunaaufguss-bio-3er-set-sauna-aufgussmittel-3x100ml-saunaduft-aufguss\\\/#breadcrumb\",\"itemListElement\":[{\"@type\":\"ListItem\",\"position\":1,\"name\":\"Startseite\",\"item\":\"https:\\\/\\\/marktxxl.de\\\/markt\\\/\"},{\"@type\":\"ListItem\",\"position\":2,\"name\":\"Markt\",\"item\":\"https:\\\/\\\/marktxxl.de\\\/markt\\\/\"},{\"@type\":\"ListItem\",\"position\":3,\"name\":\"Allg\u00e4uQuelle\u00ae Saunaaufguss Bio 3er Set Sauna Aufgussmittel 3x100ml Saunaduft Aufguss\"}]},{\"@type\":\"WebSite\",\"@id\":\"https:\\\/\\\/marktxxl.de\\\/markt\\\/#website\",\"url\":\"https:\\\/\\\/marktxxl.de\\\/markt\\\/\",\"name\":\"Markt-XXL\",\"description\":\"Ihr Markt Online\",\"publisher\":{\"@id\":\"https:\\\/\\\/marktxxl.de\\\/markt\\\/#organization\"},\"potentialAction\":[{\"@type\":\"SearchAction\",\"target\":{\"@type\":\"EntryPoint\",\"urlTemplate\":\"https:\\\/\\\/marktxxl.de\\\/markt\\\/?s={search_term_string}\"},\"query-input\":{\"@type\":\"PropertyValueSpecification\",\"valueRequired\":true,\"valueName\":\"search_term_string\"}}],\"inLanguage\":\"de\"},{\"@type\":\"Organization\",\"@id\":\"https:\\\/\\\/marktxxl.de\\\/markt\\\/#organization\",\"name\":\"Markt-XXL\",\"url\":\"https:\\\/\\\/marktxxl.de\\\/markt\\\/\",\"logo\":{\"@type\":\"ImageObject\",\"inLanguage\":\"de\",\"@id\":\"https:\\\/\\\/marktxxl.de\\\/markt\\\/#\\\/schema\\\/logo\\\/image\\\/\",\"url\":\"https:\\\/\\\/marktxxl.de\\\/markt\\\/wp-content\\\/uploads\\\/sites\\\/3\\\/2020\\\/12\\\/logo.png\",\"contentUrl\":\"https:\\\/\\\/marktxxl.de\\\/markt\\\/wp-content\\\/uploads\\\/sites\\\/3\\\/2020\\\/12\\\/logo.png\",\"width\":200,\"height\":70,\"caption\":\"Markt-XXL\"},\"image\":{\"@id\":\"https:\\\/\\\/marktxxl.de\\\/markt\\\/#\\\/schema\\\/logo\\\/image\\\/\"}}]}<\/script>\n<!-- \/ Yoast SEO plugin. -->","yoast_head_json":{"title":"Allg\u00e4uQuelle\u00ae Saunaaufguss Bio 3er Set Sauna Aufgussmittel 3x100ml Saunaduft Aufguss - Markt-XXL","description":"Markt-XXL Allg\u00e4uQuelle\u00ae Saunaaufguss Bio 3er Set Sauna Aufgussmittel 3x100ml Saunaduft Aufguss","robots":{"index":"index","follow":"follow","max-snippet":"max-snippet:-1","max-image-preview":"max-image-preview:large","max-video-preview":"max-video-preview:-1"},"canonical":"https:\/\/marktxxl.de\/markt\/produkt\/allgaeuquelle-saunaaufguss-bio-3er-set-sauna-aufgussmittel-3x100ml-saunaduft-aufguss\/","og_locale":"de_DE","og_type":"article","og_title":"Allg\u00e4uQuelle\u00ae Saunaaufguss Bio 3er Set Sauna Aufgussmittel 3x100ml Saunaduft Aufguss - Markt-XXL","og_description":"Markt-XXL Allg\u00e4uQuelle\u00ae Saunaaufguss Bio 3er Set Sauna Aufgussmittel 3x100ml Saunaduft Aufguss","og_url":"https:\/\/marktxxl.de\/markt\/produkt\/allgaeuquelle-saunaaufguss-bio-3er-set-sauna-aufgussmittel-3x100ml-saunaduft-aufguss\/","og_site_name":"Markt-XXL","twitter_card":"summary_large_image","twitter_misc":{"Gesch\u00e4tzte Lesezeit":"1\u00a0Minute"},"schema":{"@context":"https:\/\/schema.org","@graph":[{"@type":"WebPage","@id":"https:\/\/marktxxl.de\/markt\/produkt\/allgaeuquelle-saunaaufguss-bio-3er-set-sauna-aufgussmittel-3x100ml-saunaduft-aufguss\/","url":"https:\/\/marktxxl.de\/markt\/produkt\/allgaeuquelle-saunaaufguss-bio-3er-set-sauna-aufgussmittel-3x100ml-saunaduft-aufguss\/","name":"Allg\u00e4uQuelle\u00ae Saunaaufguss Bio 3er Set Sauna Aufgussmittel 3x100ml Saunaduft Aufguss - Markt-XXL","isPartOf":{"@id":"https:\/\/marktxxl.de\/markt\/#website"},"primaryImageOfPage":{"@id":"https:\/\/marktxxl.de\/markt\/produkt\/allgaeuquelle-saunaaufguss-bio-3er-set-sauna-aufgussmittel-3x100ml-saunaduft-aufguss\/#primaryimage"},"image":{"@id":"https:\/\/marktxxl.de\/markt\/produkt\/allgaeuquelle-saunaaufguss-bio-3er-set-sauna-aufgussmittel-3x100ml-saunaduft-aufguss\/#primaryimage"},"thumbnailUrl":"https:\/\/m.media-amazon.com\/images\/I\/512cZp7dpXL._SL500_.jpg","datePublished":"2024-05-29T06:45:53+00:00","description":"Markt-XXL Allg\u00e4uQuelle\u00ae Saunaaufguss Bio 3er Set Sauna Aufgussmittel 3x100ml Saunaduft Aufguss","breadcrumb":{"@id":"https:\/\/marktxxl.de\/markt\/produkt\/allgaeuquelle-saunaaufguss-bio-3er-set-sauna-aufgussmittel-3x100ml-saunaduft-aufguss\/#breadcrumb"},"inLanguage":"de","potentialAction":[{"@type":"ReadAction","target":["https:\/\/marktxxl.de\/markt\/produkt\/allgaeuquelle-saunaaufguss-bio-3er-set-sauna-aufgussmittel-3x100ml-saunaduft-aufguss\/"]}]},{"@type":"ImageObject","inLanguage":"de","@id":"https:\/\/marktxxl.de\/markt\/produkt\/allgaeuquelle-saunaaufguss-bio-3er-set-sauna-aufgussmittel-3x100ml-saunaduft-aufguss\/#primaryimage","url":"https:\/\/m.media-amazon.com\/images\/I\/512cZp7dpXL._SL500_.jpg","contentUrl":"https:\/\/m.media-amazon.com\/images\/I\/512cZp7dpXL._SL500_.jpg","width":500,"height":500},{"@type":"BreadcrumbList","@id":"https:\/\/marktxxl.de\/markt\/produkt\/allgaeuquelle-saunaaufguss-bio-3er-set-sauna-aufgussmittel-3x100ml-saunaduft-aufguss\/#breadcrumb","itemListElement":[{"@type":"ListItem","position":1,"name":"Startseite","item":"https:\/\/marktxxl.de\/markt\/"},{"@type":"ListItem","position":2,"name":"Markt","item":"https:\/\/marktxxl.de\/markt\/"},{"@type":"ListItem","position":3,"name":"Allg\u00e4uQuelle\u00ae Saunaaufguss Bio 3er Set Sauna Aufgussmittel 3x100ml Saunaduft Aufguss"}]},{"@type":"WebSite","@id":"https:\/\/marktxxl.de\/markt\/#website","url":"https:\/\/marktxxl.de\/markt\/","name":"Markt-XXL","description":"Ihr Markt Online","publisher":{"@id":"https:\/\/marktxxl.de\/markt\/#organization"},"potentialAction":[{"@type":"SearchAction","target":{"@type":"EntryPoint","urlTemplate":"https:\/\/marktxxl.de\/markt\/?s={search_term_string}"},"query-input":{"@type":"PropertyValueSpecification","valueRequired":true,"valueName":"search_term_string"}}],"inLanguage":"de"},{"@type":"Organization","@id":"https:\/\/marktxxl.de\/markt\/#organization","name":"Markt-XXL","url":"https:\/\/marktxxl.de\/markt\/","logo":{"@type":"ImageObject","inLanguage":"de","@id":"https:\/\/marktxxl.de\/markt\/#\/schema\/logo\/image\/","url":"https:\/\/marktxxl.de\/markt\/wp-content\/uploads\/sites\/3\/2020\/12\/logo.png","contentUrl":"https:\/\/marktxxl.de\/markt\/wp-content\/uploads\/sites\/3\/2020\/12\/logo.png","width":200,"height":70,"caption":"Markt-XXL"},"image":{"@id":"https:\/\/marktxxl.de\/markt\/#\/schema\/logo\/image\/"}}]}},"_links":{"self":[{"href":"https:\/\/marktxxl.de\/markt\/wp-json\/wp\/v2\/product\/208344","targetHints":{"allow":["GET"]}}],"collection":[{"href":"https:\/\/marktxxl.de\/markt\/wp-json\/wp\/v2\/product"}],"about":[{"href":"https:\/\/marktxxl.de\/markt\/wp-json\/wp\/v2\/types\/product"}],"replies":[{"embeddable":true,"href":"https:\/\/marktxxl.de\/markt\/wp-json\/wp\/v2\/comments?post=208344"}],"wp:featuredmedia":[{"embeddable":true,"href":"https:\/\/marktxxl.de\/markt\/wp-json\/wp\/v2\/media\/208345"}],"wp:attachment":[{"href":"https:\/\/marktxxl.de\/markt\/wp-json\/wp\/v2\/media?parent=208344"}],"wp:term":[{"taxonomy":"product_brand","embeddable":true,"href":"https:\/\/marktxxl.de\/markt\/wp-json\/wp\/v2\/product_brand?post=208344"},{"taxonomy":"product_cat","embeddable":true,"href":"https:\/\/marktxxl.de\/markt\/wp-json\/wp\/v2\/product_cat?post=208344"},{"taxonomy":"product_tag","embeddable":true,"href":"https:\/\/marktxxl.de\/markt\/wp-json\/wp\/v2\/product_tag?post=208344"}],"curies":[{"name":"wp","href":"https:\/\/api.w.org\/{rel}","templated":true}]}}