{"id":208213,"date":"2024-05-29T07:43:06","date_gmt":"2024-05-29T05:43:06","guid":{"rendered":"https:\/\/marktxxl.de\/markt\/produkt\/zenhero-recovery-eisbad-80-cm-o-xl-komplettset-mit-thermometer-fuer-athleten-eistonne-fuer-eisbaden-geeignet-fuer-den-einsatz-drinnen-und-draussen-starke-isolierung-fuer-kaltes-wasser-im-sommer\/"},"modified":"2024-05-29T07:43:06","modified_gmt":"2024-05-29T05:43:06","slug":"zenhero-recovery-eisbad-80-cm-o-xl-komplettset-mit-thermometer-fuer-athleten-eistonne-fuer-eisbaden-geeignet-fuer-den-einsatz-drinnen-und-draussen-starke-isolierung-fuer-kaltes-wasser-im-sommer","status":"publish","type":"product","link":"https:\/\/marktxxl.de\/markt\/produkt\/zenhero-recovery-eisbad-80-cm-o-xl-komplettset-mit-thermometer-fuer-athleten-eistonne-fuer-eisbaden-geeignet-fuer-den-einsatz-drinnen-und-draussen-starke-isolierung-fuer-kaltes-wasser-im-sommer\/","title":{"rendered":"Zenhero Recovery Eisbad (80 cm \u00d8) XL Komplettset &#8211; mit Thermometer f\u00fcr Athleten, Eistonne f\u00fcr Eisbaden. Geeignet f\u00fcr den Einsatz drinnen und drau\u00dfen, starke Isolierung f\u00fcr kaltes Wasser im Sommer!"},"content":{"rendered":"<p>\u26a1\ufe0f\ud835\udc01\ud835\udc0b\ud835\udc08\ud835\udc13\ud835\udc19\ud835\udc12\ud835\udc02\ud835\udc07\ud835\udc0d\ud835\udc04\ud835\udc0b\ud835\udc0b\ud835\udc04\ud835\udc11 \ud835\udc15\ud835\udc04\ud835\udc11\ud835\udc12\ud835\udc00\ud835\udc0d\ud835\udc03 &#8211; Unser Team versendet jede Bestellung welche vor 15:00 Uhr abgegeben wird am gleichen Tag, somit profitierst du von einer sehr schnellen Lieferzeit von 1-3 Werktagen.<br \/>\n\u2764\ufe0f\ud835\udc06\ud835\udc04\ud835\udc12\ud835\udc14\ud835\udc0d\ud835\udc03\ud835\udc07\ud835\udc04\ud835\udc08\ud835\udc13\ud835\udc0b\ud835\udc08\ud835\udc02\ud835\udc07\ud835\udc04 \ud835\udc15\ud835\udc0e\ud835\udc11\ud835\udc13\ud835\udc04\ud835\udc08\ud835\udc0b\ud835\udc04 &#8211; Das Zenhero Eisbad unterst\u00fctzt effektiv deine Regeneration, verbessert Schlaf, st\u00e4rkt das Immunsystem, steigert dein Energieniveau, verbessert Durchblutung, optimiert Stoffwechsel, f\u00f6rdert mentale Gesundheit und reduziert Entz\u00fcndungen. Die vielseitigen positiven Auswirkungen machen das Eisbaden zu einer ganzheitlichen Methode zur F\u00f6rderung von Wohlbefinden und Gesundheit. Tauche ein in die transformative Kraft des Zenhero Eisbads.<br \/>\n\ud83e\uddec\ud835\udc03\ud835\udc04\ud835\udc08\ud835\udc0d\ud835\udc04 \ud835\udc01\ud835\udc08\ud835\udc0e\ud835\udc07\ud835\udc00\ud835\udc02\ud835\udc0a\ud835\udc08\ud835\udc0d\ud835\udc06 \ud835\udc11\ud835\udc0e\ud835\udc14\ud835\udc13\ud835\udc08\ud835\udc0d\ud835\udc04 &#8211; Eisbaden, bevorzugt von Spitzensportlern, steigert nicht nur das k\u00f6rperliche, sondern auch das mentale Wohlbefinden. Die K\u00e4lte hebt das Dopaminlevel an, sch\u00e4rft den Fokus und f\u00f6rdert die physische Regeneration. Diese bew\u00e4hrte Praxis intensiviert nicht nur die Durchblutung, sondern reduziert auch Stress. Mach das Eisbaden zu deiner Routine um deine sportliche Leistung und allgemeine Lebensqualit\u00e4t zu steigern.<br \/>\n\ud83c\udf1f\ud835\udc07\ud835\udc0e\ud835\udc07\ud835\udc04\ud835\udc11 \ud835\udc10\ud835\udc14\ud835\udc00\ud835\udc0b\ud835\udc08\ud835\udc13\u00c4\ud835\udc13\ud835\udc12\ud835\udc00\ud835\udc0d\ud835\udc12\ud835\udc0f\ud835\udc11\ud835\udc14\ud835\udc02\ud835\udc07 &#8211; Als deutsche Firma und eingetragene Marke Zenhero pr\u00e4sentieren wir stolz das Recovery Eisbad. Unsere sorgf\u00e4ltige Produktentwicklung und Herstellerauswahl garantieren nachhaltigen Nutzen und eine lange Produktlebenszeit \u2013 Es ist kein Zufall, dass sowohl Personal Trainer als auch Spitzensportler unser Eisbad empfehlen. Mit der Eistonne von Zenhero holst du dir den Qualit\u00e4tsf\u00fchrer direkt in dein Zuhause!<br \/>\n\u26a1\ud835\udc01\ud835\udc0b\ud835\udc08\ud835\udc13\ud835\udc19\ud835\udc12\ud835\udc02\ud835\udc07\ud835\udc0d\ud835\udc04\ud835\udc0b\ud835\udc0b\ud835\udc04\ud835\udc11 \ud835\udc00\ud835\udc14\ud835\udc05\ud835\udc01\ud835\udc00\ud835\udc14 &#8211; Kinderleichter Aufbau in 5-10 Minuten Das Eisbad ist tragbar und l\u00e4sst sich in k\u00fcrzester Zeit auf- und abbauen. Einfach aufstellen, den St\u00fctzring mit der mitgelieferten Pumpe aufpumpen und schon ist dein Eisbad ready to go!<br \/>\n\ud83d\udce6\ud835\udc03\ud835\udc14\ud835\udc11\ud835\udc02\ud835\udc07\ud835\udc03\ud835\udc00\ud835\udc02\ud835\udc07\ud835\udc13\ud835\udc04\ud835\udc12 \ud835\udc06\ud835\udc04\ud835\udc12\ud835\udc00\ud835\udc0c\ud835\udc13\ud835\udc0f\ud835\udc00\ud835\udc0a\ud835\udc04\ud835\udc13 &#8211; geliefert wird ein Eisbad aus rei\u00dffestem Polyestergewebe und einem Fassungsverm\u00f6gen von 400L + \ud835\udc13\ud835\udc21\ud835\udc1e\ud835\udc2b\ud835\udc26\ud835\udc28\ud835\udc26\ud835\udc1e\ud835\udc2d\ud835\udc1e\ud835\udc2b, isolierter Deckel, Allwetter-Abdeckung, Handpumpe , Ablassschlauch, GRATIS FLICKSET &amp; eine Tasche f\u00fcr das komplette Paket damit du es \u00fcberall hin mitnehmen kannst.<br \/>\n<div class=\"main-cross-sell\" data-asin=\"B0CV4F2XND\">\n\n\t<div class=\"WooZone-cross-sell-loader\">\n\t\t<div>\n\t\t\t<div id=\"floatingBarsG\">\n\t\t\t\t<div class=\"blockG\" id=\"rotateG_01\"><\/div>\n\t\t\t\t<div class=\"blockG\" id=\"rotateG_02\"><\/div>\n\t\t\t\t<div class=\"blockG\" id=\"rotateG_03\"><\/div>\n\t\t\t\t<div class=\"blockG\" id=\"rotateG_04\"><\/div>\n\t\t\t\t<div class=\"blockG\" id=\"rotateG_05\"><\/div>\n\t\t\t\t<div class=\"blockG\" id=\"rotateG_06\"><\/div>\n\t\t\t\t<div class=\"blockG\" id=\"rotateG_07\"><\/div>\n\t\t\t\t<div class=\"blockG\" id=\"rotateG_08\"><\/div>\n\t\t\t<\/div>\n\t\t\t<div class=\"WooZone-cross-sell-loader-text\"><\/div>\n\t\t<\/div>\n\t<\/div>\n\n\t\t\n<\/div>\n<div style=\"clear:both;\"><\/div><\/p>\n","protected":false},"excerpt":{"rendered":"<p>\u26a1\ufe0f\ud835\udc01\ud835\udc0b\ud835\udc08\ud835\udc13\ud835\udc19\ud835\udc12\ud835\udc02\ud835\udc07\ud835\udc0d\ud835\udc04\ud835\udc0b\ud835\udc0b\ud835\udc04\ud835\udc11 \ud835\udc15\ud835\udc04\ud835\udc11\ud835\udc12\ud835\udc00\ud835\udc0d\ud835\udc03 &#8211; Unser Team versendet jede Bestellung welche vor 15:00 Uhr abgegeben wird am gleichen Tag, somit profitierst du von einer sehr schnellen Lieferzeit von 1-3 Werktagen.<br \/>\n\u2764\ufe0f\ud835\udc06\ud835\udc04\ud835\udc12\ud835\udc14\ud835\udc0d\ud835\udc03\ud835\udc07\ud835\udc04\ud835\udc08\ud835\udc13\ud835\udc0b\ud835\udc08\ud835\udc02\ud835\udc07\ud835\udc04 \ud835\udc15\ud835\udc0e\ud835\udc11\ud835\udc13\ud835\udc04\ud835\udc08\ud835\udc0b\ud835\udc04 &#8211; Das Zenhero Eisbad unterst\u00fctzt effektiv deine Regeneration, verbessert Schlaf, st\u00e4rkt das Immunsystem, steigert dein Energieniveau, verbessert Durchblutung, optimiert Stoffwechsel, f\u00f6rdert mentale Gesundheit und reduziert Entz\u00fcndungen. Die vielseitigen positiven Auswirkungen machen das Eisbaden zu einer ganzheitlichen Methode zur F\u00f6rderung von Wohlbefinden und Gesundheit. Tauche ein in die transformative Kraft des Zenhero Eisbads.<br \/>\n\ud83e\uddec\ud835\udc03\ud835\udc04\ud835\udc08\ud835\udc0d\ud835\udc04 \ud835\udc01\ud835\udc08\ud835\udc0e\ud835\udc07\ud835\udc00\ud835\udc02\ud835\udc0a\ud835\udc08\ud835\udc0d\ud835\udc06 \ud835\udc11\ud835\udc0e\ud835\udc14\ud835\udc13\ud835\udc08\ud835\udc0d\ud835\udc04 &#8211; Eisbaden, bevorzugt von Spitzensportlern, steigert nicht nur das k\u00f6rperliche, sondern auch das mentale Wohlbefinden. Die K\u00e4lte hebt das Dopaminlevel an, sch\u00e4rft den Fokus und f\u00f6rdert die physische Regeneration. Diese bew\u00e4hrte Praxis intensiviert nicht nur die Durchblutung, sondern reduziert auch Stress. Mach das Eisbaden zu deiner Routine um deine sportliche Leistung und allgemeine Lebensqualit\u00e4t zu steigern.<\/p>\n","protected":false},"featured_media":208214,"comment_status":"open","ping_status":"closed","template":"","meta":[],"product_brand":[],"product_cat":[1983,11101],"product_tag":[],"class_list":{"0":"post-208213","1":"product","2":"type-product","3":"status-publish","4":"has-post-thumbnail","6":"product_cat-baumarkt","7":"product_cat-kuechen-badinstallation","8":"pa_brand-zenhero","9":"pa_color-schwarz","10":"pa_height-29-527559025-zoll","11":"pa_length-31-49606296-zoll","12":"pa_manufacturer-zenhero","13":"pa_model-ebst80","14":"pa_weight-7-71617917-pounds","15":"pa_width-31-49606296-zoll","17":"first","18":"instock","19":"sale","20":"shipping-taxable","21":"purchasable","22":"product-type-simple","23":"customify-col","24":"product-has-gallery"},"yoast_head":"<!-- This site is optimized with the Yoast SEO plugin v27.4 - https:\/\/yoast.com\/product\/yoast-seo-wordpress\/ -->\n<title>Zenhero Recovery Eisbad (80 cm \u00d8) XL Komplettset - mit Thermometer f\u00fcr Athleten, Eistonne f\u00fcr Eisbaden. Geeignet f\u00fcr den Einsatz drinnen und drau\u00dfen, starke Isolierung f\u00fcr kaltes Wasser im Sommer! - Markt-XXL<\/title>\n<meta name=\"description\" content=\"Markt-XXL Zenhero Recovery Eisbad (80 cm \u00d8) XL Komplettset - mit Thermometer f\u00fcr Athleten, Eistonne f\u00fcr Eisbaden. Geeignet f\u00fcr den Einsatz drinnen und drau\u00dfen, starke Isolierung f\u00fcr kaltes Wasser im Sommer!\" \/>\n<meta name=\"robots\" content=\"index, follow, max-snippet:-1, max-image-preview:large, max-video-preview:-1\" \/>\n<link rel=\"canonical\" href=\"https:\/\/marktxxl.de\/markt\/produkt\/zenhero-recovery-eisbad-80-cm-o-xl-komplettset-mit-thermometer-fuer-athleten-eistonne-fuer-eisbaden-geeignet-fuer-den-einsatz-drinnen-und-draussen-starke-isolierung-fuer-kaltes-wasser-im-sommer\/\" \/>\n<meta property=\"og:locale\" content=\"de_DE\" \/>\n<meta property=\"og:type\" content=\"article\" \/>\n<meta property=\"og:title\" content=\"Zenhero Recovery Eisbad (80 cm \u00d8) XL Komplettset - mit Thermometer f\u00fcr Athleten, Eistonne f\u00fcr Eisbaden. Geeignet f\u00fcr den Einsatz drinnen und drau\u00dfen, starke Isolierung f\u00fcr kaltes Wasser im Sommer! - Markt-XXL\" \/>\n<meta property=\"og:description\" content=\"Markt-XXL Zenhero Recovery Eisbad (80 cm \u00d8) XL Komplettset - mit Thermometer f\u00fcr Athleten, Eistonne f\u00fcr Eisbaden. Geeignet f\u00fcr den Einsatz drinnen und drau\u00dfen, starke Isolierung f\u00fcr kaltes Wasser im Sommer!\" \/>\n<meta property=\"og:url\" content=\"https:\/\/marktxxl.de\/markt\/produkt\/zenhero-recovery-eisbad-80-cm-o-xl-komplettset-mit-thermometer-fuer-athleten-eistonne-fuer-eisbaden-geeignet-fuer-den-einsatz-drinnen-und-draussen-starke-isolierung-fuer-kaltes-wasser-im-sommer\/\" \/>\n<meta property=\"og:site_name\" content=\"Markt-XXL\" \/>\n<meta name=\"twitter:card\" content=\"summary_large_image\" \/>\n<meta name=\"twitter:label1\" content=\"Gesch\u00e4tzte Lesezeit\" \/>\n\t<meta name=\"twitter:data1\" content=\"1\u00a0Minute\" \/>\n<script type=\"application\/ld+json\" class=\"yoast-schema-graph\">{\"@context\":\"https:\\\/\\\/schema.org\",\"@graph\":[{\"@type\":\"WebPage\",\"@id\":\"https:\\\/\\\/marktxxl.de\\\/markt\\\/produkt\\\/zenhero-recovery-eisbad-80-cm-o-xl-komplettset-mit-thermometer-fuer-athleten-eistonne-fuer-eisbaden-geeignet-fuer-den-einsatz-drinnen-und-draussen-starke-isolierung-fuer-kaltes-wasser-im-sommer\\\/\",\"url\":\"https:\\\/\\\/marktxxl.de\\\/markt\\\/produkt\\\/zenhero-recovery-eisbad-80-cm-o-xl-komplettset-mit-thermometer-fuer-athleten-eistonne-fuer-eisbaden-geeignet-fuer-den-einsatz-drinnen-und-draussen-starke-isolierung-fuer-kaltes-wasser-im-sommer\\\/\",\"name\":\"Zenhero Recovery Eisbad (80 cm \u00d8) XL Komplettset - mit Thermometer f\u00fcr Athleten, Eistonne f\u00fcr Eisbaden. Geeignet f\u00fcr den Einsatz drinnen und drau\u00dfen, starke Isolierung f\u00fcr kaltes Wasser im Sommer! - Markt-XXL\",\"isPartOf\":{\"@id\":\"https:\\\/\\\/marktxxl.de\\\/markt\\\/#website\"},\"primaryImageOfPage\":{\"@id\":\"https:\\\/\\\/marktxxl.de\\\/markt\\\/produkt\\\/zenhero-recovery-eisbad-80-cm-o-xl-komplettset-mit-thermometer-fuer-athleten-eistonne-fuer-eisbaden-geeignet-fuer-den-einsatz-drinnen-und-draussen-starke-isolierung-fuer-kaltes-wasser-im-sommer\\\/#primaryimage\"},\"image\":{\"@id\":\"https:\\\/\\\/marktxxl.de\\\/markt\\\/produkt\\\/zenhero-recovery-eisbad-80-cm-o-xl-komplettset-mit-thermometer-fuer-athleten-eistonne-fuer-eisbaden-geeignet-fuer-den-einsatz-drinnen-und-draussen-starke-isolierung-fuer-kaltes-wasser-im-sommer\\\/#primaryimage\"},\"thumbnailUrl\":\"https:\\\/\\\/m.media-amazon.com\\\/images\\\/I\\\/41xFMUB48GL._SL500_.jpg\",\"datePublished\":\"2024-05-29T05:43:06+00:00\",\"description\":\"Markt-XXL Zenhero Recovery Eisbad (80 cm \u00d8) XL Komplettset - mit Thermometer f\u00fcr Athleten, Eistonne f\u00fcr Eisbaden. Geeignet f\u00fcr den Einsatz drinnen und drau\u00dfen, starke Isolierung f\u00fcr kaltes Wasser im Sommer!\",\"breadcrumb\":{\"@id\":\"https:\\\/\\\/marktxxl.de\\\/markt\\\/produkt\\\/zenhero-recovery-eisbad-80-cm-o-xl-komplettset-mit-thermometer-fuer-athleten-eistonne-fuer-eisbaden-geeignet-fuer-den-einsatz-drinnen-und-draussen-starke-isolierung-fuer-kaltes-wasser-im-sommer\\\/#breadcrumb\"},\"inLanguage\":\"de\",\"potentialAction\":[{\"@type\":\"ReadAction\",\"target\":[\"https:\\\/\\\/marktxxl.de\\\/markt\\\/produkt\\\/zenhero-recovery-eisbad-80-cm-o-xl-komplettset-mit-thermometer-fuer-athleten-eistonne-fuer-eisbaden-geeignet-fuer-den-einsatz-drinnen-und-draussen-starke-isolierung-fuer-kaltes-wasser-im-sommer\\\/\"]}]},{\"@type\":\"ImageObject\",\"inLanguage\":\"de\",\"@id\":\"https:\\\/\\\/marktxxl.de\\\/markt\\\/produkt\\\/zenhero-recovery-eisbad-80-cm-o-xl-komplettset-mit-thermometer-fuer-athleten-eistonne-fuer-eisbaden-geeignet-fuer-den-einsatz-drinnen-und-draussen-starke-isolierung-fuer-kaltes-wasser-im-sommer\\\/#primaryimage\",\"url\":\"https:\\\/\\\/m.media-amazon.com\\\/images\\\/I\\\/41xFMUB48GL._SL500_.jpg\",\"contentUrl\":\"https:\\\/\\\/m.media-amazon.com\\\/images\\\/I\\\/41xFMUB48GL._SL500_.jpg\",\"width\":500,\"height\":500},{\"@type\":\"BreadcrumbList\",\"@id\":\"https:\\\/\\\/marktxxl.de\\\/markt\\\/produkt\\\/zenhero-recovery-eisbad-80-cm-o-xl-komplettset-mit-thermometer-fuer-athleten-eistonne-fuer-eisbaden-geeignet-fuer-den-einsatz-drinnen-und-draussen-starke-isolierung-fuer-kaltes-wasser-im-sommer\\\/#breadcrumb\",\"itemListElement\":[{\"@type\":\"ListItem\",\"position\":1,\"name\":\"Startseite\",\"item\":\"https:\\\/\\\/marktxxl.de\\\/markt\\\/\"},{\"@type\":\"ListItem\",\"position\":2,\"name\":\"Markt\",\"item\":\"https:\\\/\\\/marktxxl.de\\\/markt\\\/\"},{\"@type\":\"ListItem\",\"position\":3,\"name\":\"Zenhero Recovery Eisbad (80 cm \u00d8) XL Komplettset &#8211; mit Thermometer f\u00fcr Athleten, Eistonne f\u00fcr Eisbaden. Geeignet f\u00fcr den Einsatz drinnen und drau\u00dfen, starke Isolierung f\u00fcr kaltes Wasser im Sommer!\"}]},{\"@type\":\"WebSite\",\"@id\":\"https:\\\/\\\/marktxxl.de\\\/markt\\\/#website\",\"url\":\"https:\\\/\\\/marktxxl.de\\\/markt\\\/\",\"name\":\"Markt-XXL\",\"description\":\"Ihr Markt Online\",\"publisher\":{\"@id\":\"https:\\\/\\\/marktxxl.de\\\/markt\\\/#organization\"},\"potentialAction\":[{\"@type\":\"SearchAction\",\"target\":{\"@type\":\"EntryPoint\",\"urlTemplate\":\"https:\\\/\\\/marktxxl.de\\\/markt\\\/?s={search_term_string}\"},\"query-input\":{\"@type\":\"PropertyValueSpecification\",\"valueRequired\":true,\"valueName\":\"search_term_string\"}}],\"inLanguage\":\"de\"},{\"@type\":\"Organization\",\"@id\":\"https:\\\/\\\/marktxxl.de\\\/markt\\\/#organization\",\"name\":\"Markt-XXL\",\"url\":\"https:\\\/\\\/marktxxl.de\\\/markt\\\/\",\"logo\":{\"@type\":\"ImageObject\",\"inLanguage\":\"de\",\"@id\":\"https:\\\/\\\/marktxxl.de\\\/markt\\\/#\\\/schema\\\/logo\\\/image\\\/\",\"url\":\"https:\\\/\\\/marktxxl.de\\\/markt\\\/wp-content\\\/uploads\\\/sites\\\/3\\\/2020\\\/12\\\/logo.png\",\"contentUrl\":\"https:\\\/\\\/marktxxl.de\\\/markt\\\/wp-content\\\/uploads\\\/sites\\\/3\\\/2020\\\/12\\\/logo.png\",\"width\":200,\"height\":70,\"caption\":\"Markt-XXL\"},\"image\":{\"@id\":\"https:\\\/\\\/marktxxl.de\\\/markt\\\/#\\\/schema\\\/logo\\\/image\\\/\"}}]}<\/script>\n<!-- \/ Yoast SEO plugin. -->","yoast_head_json":{"title":"Zenhero Recovery Eisbad (80 cm \u00d8) XL Komplettset - mit Thermometer f\u00fcr Athleten, Eistonne f\u00fcr Eisbaden. Geeignet f\u00fcr den Einsatz drinnen und drau\u00dfen, starke Isolierung f\u00fcr kaltes Wasser im Sommer! - Markt-XXL","description":"Markt-XXL Zenhero Recovery Eisbad (80 cm \u00d8) XL Komplettset - mit Thermometer f\u00fcr Athleten, Eistonne f\u00fcr Eisbaden. Geeignet f\u00fcr den Einsatz drinnen und drau\u00dfen, starke Isolierung f\u00fcr kaltes Wasser im Sommer!","robots":{"index":"index","follow":"follow","max-snippet":"max-snippet:-1","max-image-preview":"max-image-preview:large","max-video-preview":"max-video-preview:-1"},"canonical":"https:\/\/marktxxl.de\/markt\/produkt\/zenhero-recovery-eisbad-80-cm-o-xl-komplettset-mit-thermometer-fuer-athleten-eistonne-fuer-eisbaden-geeignet-fuer-den-einsatz-drinnen-und-draussen-starke-isolierung-fuer-kaltes-wasser-im-sommer\/","og_locale":"de_DE","og_type":"article","og_title":"Zenhero Recovery Eisbad (80 cm \u00d8) XL Komplettset - mit Thermometer f\u00fcr Athleten, Eistonne f\u00fcr Eisbaden. Geeignet f\u00fcr den Einsatz drinnen und drau\u00dfen, starke Isolierung f\u00fcr kaltes Wasser im Sommer! - Markt-XXL","og_description":"Markt-XXL Zenhero Recovery Eisbad (80 cm \u00d8) XL Komplettset - mit Thermometer f\u00fcr Athleten, Eistonne f\u00fcr Eisbaden. Geeignet f\u00fcr den Einsatz drinnen und drau\u00dfen, starke Isolierung f\u00fcr kaltes Wasser im Sommer!","og_url":"https:\/\/marktxxl.de\/markt\/produkt\/zenhero-recovery-eisbad-80-cm-o-xl-komplettset-mit-thermometer-fuer-athleten-eistonne-fuer-eisbaden-geeignet-fuer-den-einsatz-drinnen-und-draussen-starke-isolierung-fuer-kaltes-wasser-im-sommer\/","og_site_name":"Markt-XXL","twitter_card":"summary_large_image","twitter_misc":{"Gesch\u00e4tzte Lesezeit":"1\u00a0Minute"},"schema":{"@context":"https:\/\/schema.org","@graph":[{"@type":"WebPage","@id":"https:\/\/marktxxl.de\/markt\/produkt\/zenhero-recovery-eisbad-80-cm-o-xl-komplettset-mit-thermometer-fuer-athleten-eistonne-fuer-eisbaden-geeignet-fuer-den-einsatz-drinnen-und-draussen-starke-isolierung-fuer-kaltes-wasser-im-sommer\/","url":"https:\/\/marktxxl.de\/markt\/produkt\/zenhero-recovery-eisbad-80-cm-o-xl-komplettset-mit-thermometer-fuer-athleten-eistonne-fuer-eisbaden-geeignet-fuer-den-einsatz-drinnen-und-draussen-starke-isolierung-fuer-kaltes-wasser-im-sommer\/","name":"Zenhero Recovery Eisbad (80 cm \u00d8) XL Komplettset - mit Thermometer f\u00fcr Athleten, Eistonne f\u00fcr Eisbaden. Geeignet f\u00fcr den Einsatz drinnen und drau\u00dfen, starke Isolierung f\u00fcr kaltes Wasser im Sommer! - Markt-XXL","isPartOf":{"@id":"https:\/\/marktxxl.de\/markt\/#website"},"primaryImageOfPage":{"@id":"https:\/\/marktxxl.de\/markt\/produkt\/zenhero-recovery-eisbad-80-cm-o-xl-komplettset-mit-thermometer-fuer-athleten-eistonne-fuer-eisbaden-geeignet-fuer-den-einsatz-drinnen-und-draussen-starke-isolierung-fuer-kaltes-wasser-im-sommer\/#primaryimage"},"image":{"@id":"https:\/\/marktxxl.de\/markt\/produkt\/zenhero-recovery-eisbad-80-cm-o-xl-komplettset-mit-thermometer-fuer-athleten-eistonne-fuer-eisbaden-geeignet-fuer-den-einsatz-drinnen-und-draussen-starke-isolierung-fuer-kaltes-wasser-im-sommer\/#primaryimage"},"thumbnailUrl":"https:\/\/m.media-amazon.com\/images\/I\/41xFMUB48GL._SL500_.jpg","datePublished":"2024-05-29T05:43:06+00:00","description":"Markt-XXL Zenhero Recovery Eisbad (80 cm \u00d8) XL Komplettset - mit Thermometer f\u00fcr Athleten, Eistonne f\u00fcr Eisbaden. Geeignet f\u00fcr den Einsatz drinnen und drau\u00dfen, starke Isolierung f\u00fcr kaltes Wasser im Sommer!","breadcrumb":{"@id":"https:\/\/marktxxl.de\/markt\/produkt\/zenhero-recovery-eisbad-80-cm-o-xl-komplettset-mit-thermometer-fuer-athleten-eistonne-fuer-eisbaden-geeignet-fuer-den-einsatz-drinnen-und-draussen-starke-isolierung-fuer-kaltes-wasser-im-sommer\/#breadcrumb"},"inLanguage":"de","potentialAction":[{"@type":"ReadAction","target":["https:\/\/marktxxl.de\/markt\/produkt\/zenhero-recovery-eisbad-80-cm-o-xl-komplettset-mit-thermometer-fuer-athleten-eistonne-fuer-eisbaden-geeignet-fuer-den-einsatz-drinnen-und-draussen-starke-isolierung-fuer-kaltes-wasser-im-sommer\/"]}]},{"@type":"ImageObject","inLanguage":"de","@id":"https:\/\/marktxxl.de\/markt\/produkt\/zenhero-recovery-eisbad-80-cm-o-xl-komplettset-mit-thermometer-fuer-athleten-eistonne-fuer-eisbaden-geeignet-fuer-den-einsatz-drinnen-und-draussen-starke-isolierung-fuer-kaltes-wasser-im-sommer\/#primaryimage","url":"https:\/\/m.media-amazon.com\/images\/I\/41xFMUB48GL._SL500_.jpg","contentUrl":"https:\/\/m.media-amazon.com\/images\/I\/41xFMUB48GL._SL500_.jpg","width":500,"height":500},{"@type":"BreadcrumbList","@id":"https:\/\/marktxxl.de\/markt\/produkt\/zenhero-recovery-eisbad-80-cm-o-xl-komplettset-mit-thermometer-fuer-athleten-eistonne-fuer-eisbaden-geeignet-fuer-den-einsatz-drinnen-und-draussen-starke-isolierung-fuer-kaltes-wasser-im-sommer\/#breadcrumb","itemListElement":[{"@type":"ListItem","position":1,"name":"Startseite","item":"https:\/\/marktxxl.de\/markt\/"},{"@type":"ListItem","position":2,"name":"Markt","item":"https:\/\/marktxxl.de\/markt\/"},{"@type":"ListItem","position":3,"name":"Zenhero Recovery Eisbad (80 cm \u00d8) XL Komplettset &#8211; mit Thermometer f\u00fcr Athleten, Eistonne f\u00fcr Eisbaden. Geeignet f\u00fcr den Einsatz drinnen und drau\u00dfen, starke Isolierung f\u00fcr kaltes Wasser im Sommer!"}]},{"@type":"WebSite","@id":"https:\/\/marktxxl.de\/markt\/#website","url":"https:\/\/marktxxl.de\/markt\/","name":"Markt-XXL","description":"Ihr Markt Online","publisher":{"@id":"https:\/\/marktxxl.de\/markt\/#organization"},"potentialAction":[{"@type":"SearchAction","target":{"@type":"EntryPoint","urlTemplate":"https:\/\/marktxxl.de\/markt\/?s={search_term_string}"},"query-input":{"@type":"PropertyValueSpecification","valueRequired":true,"valueName":"search_term_string"}}],"inLanguage":"de"},{"@type":"Organization","@id":"https:\/\/marktxxl.de\/markt\/#organization","name":"Markt-XXL","url":"https:\/\/marktxxl.de\/markt\/","logo":{"@type":"ImageObject","inLanguage":"de","@id":"https:\/\/marktxxl.de\/markt\/#\/schema\/logo\/image\/","url":"https:\/\/marktxxl.de\/markt\/wp-content\/uploads\/sites\/3\/2020\/12\/logo.png","contentUrl":"https:\/\/marktxxl.de\/markt\/wp-content\/uploads\/sites\/3\/2020\/12\/logo.png","width":200,"height":70,"caption":"Markt-XXL"},"image":{"@id":"https:\/\/marktxxl.de\/markt\/#\/schema\/logo\/image\/"}}]}},"_links":{"self":[{"href":"https:\/\/marktxxl.de\/markt\/wp-json\/wp\/v2\/product\/208213","targetHints":{"allow":["GET"]}}],"collection":[{"href":"https:\/\/marktxxl.de\/markt\/wp-json\/wp\/v2\/product"}],"about":[{"href":"https:\/\/marktxxl.de\/markt\/wp-json\/wp\/v2\/types\/product"}],"replies":[{"embeddable":true,"href":"https:\/\/marktxxl.de\/markt\/wp-json\/wp\/v2\/comments?post=208213"}],"wp:featuredmedia":[{"embeddable":true,"href":"https:\/\/marktxxl.de\/markt\/wp-json\/wp\/v2\/media\/208214"}],"wp:attachment":[{"href":"https:\/\/marktxxl.de\/markt\/wp-json\/wp\/v2\/media?parent=208213"}],"wp:term":[{"taxonomy":"product_brand","embeddable":true,"href":"https:\/\/marktxxl.de\/markt\/wp-json\/wp\/v2\/product_brand?post=208213"},{"taxonomy":"product_cat","embeddable":true,"href":"https:\/\/marktxxl.de\/markt\/wp-json\/wp\/v2\/product_cat?post=208213"},{"taxonomy":"product_tag","embeddable":true,"href":"https:\/\/marktxxl.de\/markt\/wp-json\/wp\/v2\/product_tag?post=208213"}],"curies":[{"name":"wp","href":"https:\/\/api.w.org\/{rel}","templated":true}]}}