{"id":208060,"date":"2024-05-29T04:51:28","date_gmt":"2024-05-29T02:51:28","guid":{"rendered":"https:\/\/marktxxl.de\/markt\/produkt\/fischer-duopower-universalduebel-leistungsstarker-2-komponenten-duebel-kunststoffduebel-zur-befestigung-in-beton-ziegeln-stein-uvm-ohne-schrauben-silber-rot-25-stueck\/"},"modified":"2024-05-29T04:51:28","modified_gmt":"2024-05-29T02:51:28","slug":"fischer-duopower-universalduebel-leistungsstarker-2-komponenten-duebel-kunststoffduebel-zur-befestigung-in-beton-ziegeln-stein-uvm-ohne-schrauben-silber-rot-25-stueck","status":"publish","type":"product","link":"https:\/\/marktxxl.de\/markt\/produkt\/fischer-duopower-universalduebel-leistungsstarker-2-komponenten-duebel-kunststoffduebel-zur-befestigung-in-beton-ziegeln-stein-uvm-ohne-schrauben-silber-rot-25-stueck\/","title":{"rendered":"fischer Duopower Universald\u00fcbel, Leistungsstarker 2-Komponenten-D\u00fcbel, Kunststoffd\u00fcbel zur Befestigung in Beton, Ziegeln, Stein uvm., Ohne Schrauben, Silber, Rot, 25 St\u00fcck"},"content":{"rendered":"<p>Beste Lastwerte and intelligente Funktion: Der DUOPOWER ist der erste D\u00fcbel, der selbst entscheidet, ob er spreizt oder klappt so passt er sich automatisch an den jeweiligen Untergrund an und erm\u00f6glicht dadurch ein breites Anwendungsspektrum in Vollund Lochbaustoffen. Die mitgelieferten Schrauben sind optimal auf den D\u00fcbel abgestimmt<br \/>\nEin D\u00fcbel f\u00fcr alle Baustoffe: Als intelligenter 2-Komponenten-D\u00fcbel ist er mit Schrauben \u00d8 6 8 mm verwendbar und bietet er sehr gute Haltewerte die graue Komponente aktiviert je nach Baustoff automatisch das optimale Funktionsprinzip, w\u00e4hrend die Expansionsfl\u00fcgel der roten Komponente die sichere Verspreizung unterst\u00fctzen<br \/>\nAbsolut leistungsstark: Beim Einschlagen des D\u00fcbels verhindert der schmale Rand das Durchrutschen ins Bohrloch, die Mitdrehsicherung verhindert das Mitdrehen des D\u00fcbels und dank der bestm\u00f6glichen R\u00fcckmeldung sp\u00fcren Sie sofort, wenn er perfekt sitzt<br \/>\nAnwendungsgebiete: Der kraftvolle D\u00fcbel eignet sich zur Anbringung von leichten Spiegelschr\u00e4nken, H\u00e4ngeschr\u00e4nken, Wandregalen, Werkzeugw\u00e4nden, schweren Spiegeln und Garderoben in zahlreichen Baustoffen wie Beton, Vollund Hochlochziegeln, Naturstein, Kalksand-Vollund Lochstein, Hohldecken und Leichtbeton<br \/>\nLieferumfang: 25 x DUOPOWER 10 x 80 (Art.-Nr. 538242) von fischer<br \/>\n<div class=\"main-cross-sell\" data-asin=\"B01LY3OHLS\">\n\n\t<div class=\"WooZone-cross-sell-loader\">\n\t\t<div>\n\t\t\t<div id=\"floatingBarsG\">\n\t\t\t\t<div class=\"blockG\" id=\"rotateG_01\"><\/div>\n\t\t\t\t<div class=\"blockG\" id=\"rotateG_02\"><\/div>\n\t\t\t\t<div class=\"blockG\" id=\"rotateG_03\"><\/div>\n\t\t\t\t<div class=\"blockG\" id=\"rotateG_04\"><\/div>\n\t\t\t\t<div class=\"blockG\" id=\"rotateG_05\"><\/div>\n\t\t\t\t<div class=\"blockG\" id=\"rotateG_06\"><\/div>\n\t\t\t\t<div class=\"blockG\" id=\"rotateG_07\"><\/div>\n\t\t\t\t<div class=\"blockG\" id=\"rotateG_08\"><\/div>\n\t\t\t<\/div>\n\t\t\t<div class=\"WooZone-cross-sell-loader-text\"><\/div>\n\t\t<\/div>\n\t<\/div>\n\n\t\t\n<\/div>\n<div style=\"clear:both;\"><\/div><\/p>\n","protected":false},"excerpt":{"rendered":"<p>Beste Lastwerte and intelligente Funktion: Der DUOPOWER ist der erste D\u00fcbel, der selbst entscheidet, ob er spreizt oder klappt so passt er sich automatisch an den jeweiligen Untergrund an und erm\u00f6glicht dadurch ein breites Anwendungsspektrum in Vollund Lochbaustoffen. Die mitgelieferten Schrauben sind optimal auf den D\u00fcbel abgestimmt<br \/>\nEin D\u00fcbel f\u00fcr alle Baustoffe: Als intelligenter 2-Komponenten-D\u00fcbel ist er mit Schrauben \u00d8 6 8 mm verwendbar und bietet er sehr gute Haltewerte die graue Komponente aktiviert je nach Baustoff automatisch das optimale Funktionsprinzip, w\u00e4hrend die Expansionsfl\u00fcgel der roten Komponente die sichere Verspreizung unterst\u00fctzen<br \/>\nAbsolut leistungsstark: Beim Einschlagen des D\u00fcbels verhindert der schmale Rand das Durchrutschen ins Bohrloch, die Mitdrehsicherung verhindert das Mitdrehen des D\u00fcbels und dank der bestm\u00f6glichen R\u00fcckmeldung sp\u00fcren Sie sofort, wenn er perfekt sitzt<\/p>\n","protected":false},"featured_media":208061,"comment_status":"open","ping_status":"closed","template":"","meta":[],"product_brand":[],"product_cat":[1983,10865],"product_tag":[],"class_list":{"0":"post-208060","1":"product","2":"type-product","3":"status-publish","4":"has-post-thumbnail","6":"product_cat-baumarkt","7":"product_cat-eisenwaren","8":"pa_binding-werkzeug","9":"pa_brand-fischer","10":"pa_color-multicolor","11":"pa_height-3-1496-zoll","12":"pa_length-3-1496-zoll","13":"pa_manufacturer-fischerwerke-gmbh-co-kg","14":"pa_model-52438","15":"pa_size-10x80","16":"pa_warranty-other","17":"pa_weight-0-3527396192-pfund","18":"pa_width-0-3937-zoll","20":"first","21":"instock","22":"sale","23":"shipping-taxable","24":"purchasable","25":"product-type-simple","26":"customify-col","27":"product-has-gallery"},"yoast_head":"<!-- This site is optimized with the Yoast SEO plugin v27.4 - https:\/\/yoast.com\/product\/yoast-seo-wordpress\/ -->\n<title>fischer Duopower Universald\u00fcbel, Leistungsstarker 2-Komponenten-D\u00fcbel, Kunststoffd\u00fcbel zur Befestigung in Beton, Ziegeln, Stein uvm., Ohne Schrauben, Silber, Rot, 25 St\u00fcck - Markt-XXL<\/title>\n<meta name=\"description\" content=\"Markt-XXL fischer Duopower Universald\u00fcbel, Leistungsstarker 2-Komponenten-D\u00fcbel, Kunststoffd\u00fcbel zur Befestigung in Beton, Ziegeln, Stein uvm., Ohne Schrauben, Silber, Rot, 25 St\u00fcck\" \/>\n<meta name=\"robots\" content=\"index, follow, max-snippet:-1, max-image-preview:large, max-video-preview:-1\" \/>\n<link rel=\"canonical\" href=\"https:\/\/marktxxl.de\/markt\/produkt\/fischer-duopower-universalduebel-leistungsstarker-2-komponenten-duebel-kunststoffduebel-zur-befestigung-in-beton-ziegeln-stein-uvm-ohne-schrauben-silber-rot-25-stueck\/\" \/>\n<meta property=\"og:locale\" content=\"de_DE\" \/>\n<meta property=\"og:type\" content=\"article\" \/>\n<meta property=\"og:title\" content=\"fischer Duopower Universald\u00fcbel, Leistungsstarker 2-Komponenten-D\u00fcbel, Kunststoffd\u00fcbel zur Befestigung in Beton, Ziegeln, Stein uvm., Ohne Schrauben, Silber, Rot, 25 St\u00fcck - Markt-XXL\" \/>\n<meta property=\"og:description\" content=\"Markt-XXL fischer Duopower Universald\u00fcbel, Leistungsstarker 2-Komponenten-D\u00fcbel, Kunststoffd\u00fcbel zur Befestigung in Beton, Ziegeln, Stein uvm., Ohne Schrauben, Silber, Rot, 25 St\u00fcck\" \/>\n<meta property=\"og:url\" content=\"https:\/\/marktxxl.de\/markt\/produkt\/fischer-duopower-universalduebel-leistungsstarker-2-komponenten-duebel-kunststoffduebel-zur-befestigung-in-beton-ziegeln-stein-uvm-ohne-schrauben-silber-rot-25-stueck\/\" \/>\n<meta property=\"og:site_name\" content=\"Markt-XXL\" \/>\n<meta name=\"twitter:card\" content=\"summary_large_image\" \/>\n<meta name=\"twitter:label1\" content=\"Gesch\u00e4tzte Lesezeit\" \/>\n\t<meta name=\"twitter:data1\" content=\"1\u00a0Minute\" \/>\n<script type=\"application\/ld+json\" class=\"yoast-schema-graph\">{\"@context\":\"https:\\\/\\\/schema.org\",\"@graph\":[{\"@type\":\"WebPage\",\"@id\":\"https:\\\/\\\/marktxxl.de\\\/markt\\\/produkt\\\/fischer-duopower-universalduebel-leistungsstarker-2-komponenten-duebel-kunststoffduebel-zur-befestigung-in-beton-ziegeln-stein-uvm-ohne-schrauben-silber-rot-25-stueck\\\/\",\"url\":\"https:\\\/\\\/marktxxl.de\\\/markt\\\/produkt\\\/fischer-duopower-universalduebel-leistungsstarker-2-komponenten-duebel-kunststoffduebel-zur-befestigung-in-beton-ziegeln-stein-uvm-ohne-schrauben-silber-rot-25-stueck\\\/\",\"name\":\"fischer Duopower Universald\u00fcbel, Leistungsstarker 2-Komponenten-D\u00fcbel, Kunststoffd\u00fcbel zur Befestigung in Beton, Ziegeln, Stein uvm., Ohne Schrauben, Silber, Rot, 25 St\u00fcck - Markt-XXL\",\"isPartOf\":{\"@id\":\"https:\\\/\\\/marktxxl.de\\\/markt\\\/#website\"},\"primaryImageOfPage\":{\"@id\":\"https:\\\/\\\/marktxxl.de\\\/markt\\\/produkt\\\/fischer-duopower-universalduebel-leistungsstarker-2-komponenten-duebel-kunststoffduebel-zur-befestigung-in-beton-ziegeln-stein-uvm-ohne-schrauben-silber-rot-25-stueck\\\/#primaryimage\"},\"image\":{\"@id\":\"https:\\\/\\\/marktxxl.de\\\/markt\\\/produkt\\\/fischer-duopower-universalduebel-leistungsstarker-2-komponenten-duebel-kunststoffduebel-zur-befestigung-in-beton-ziegeln-stein-uvm-ohne-schrauben-silber-rot-25-stueck\\\/#primaryimage\"},\"thumbnailUrl\":\"https:\\\/\\\/m.media-amazon.com\\\/images\\\/I\\\/51nofKVwOQL._SL500_.jpg\",\"datePublished\":\"2024-05-29T02:51:28+00:00\",\"description\":\"Markt-XXL fischer Duopower Universald\u00fcbel, Leistungsstarker 2-Komponenten-D\u00fcbel, Kunststoffd\u00fcbel zur Befestigung in Beton, Ziegeln, Stein uvm., Ohne Schrauben, Silber, Rot, 25 St\u00fcck\",\"breadcrumb\":{\"@id\":\"https:\\\/\\\/marktxxl.de\\\/markt\\\/produkt\\\/fischer-duopower-universalduebel-leistungsstarker-2-komponenten-duebel-kunststoffduebel-zur-befestigung-in-beton-ziegeln-stein-uvm-ohne-schrauben-silber-rot-25-stueck\\\/#breadcrumb\"},\"inLanguage\":\"de\",\"potentialAction\":[{\"@type\":\"ReadAction\",\"target\":[\"https:\\\/\\\/marktxxl.de\\\/markt\\\/produkt\\\/fischer-duopower-universalduebel-leistungsstarker-2-komponenten-duebel-kunststoffduebel-zur-befestigung-in-beton-ziegeln-stein-uvm-ohne-schrauben-silber-rot-25-stueck\\\/\"]}]},{\"@type\":\"ImageObject\",\"inLanguage\":\"de\",\"@id\":\"https:\\\/\\\/marktxxl.de\\\/markt\\\/produkt\\\/fischer-duopower-universalduebel-leistungsstarker-2-komponenten-duebel-kunststoffduebel-zur-befestigung-in-beton-ziegeln-stein-uvm-ohne-schrauben-silber-rot-25-stueck\\\/#primaryimage\",\"url\":\"https:\\\/\\\/m.media-amazon.com\\\/images\\\/I\\\/51nofKVwOQL._SL500_.jpg\",\"contentUrl\":\"https:\\\/\\\/m.media-amazon.com\\\/images\\\/I\\\/51nofKVwOQL._SL500_.jpg\",\"width\":500,\"height\":500},{\"@type\":\"BreadcrumbList\",\"@id\":\"https:\\\/\\\/marktxxl.de\\\/markt\\\/produkt\\\/fischer-duopower-universalduebel-leistungsstarker-2-komponenten-duebel-kunststoffduebel-zur-befestigung-in-beton-ziegeln-stein-uvm-ohne-schrauben-silber-rot-25-stueck\\\/#breadcrumb\",\"itemListElement\":[{\"@type\":\"ListItem\",\"position\":1,\"name\":\"Startseite\",\"item\":\"https:\\\/\\\/marktxxl.de\\\/markt\\\/\"},{\"@type\":\"ListItem\",\"position\":2,\"name\":\"Markt\",\"item\":\"https:\\\/\\\/marktxxl.de\\\/markt\\\/\"},{\"@type\":\"ListItem\",\"position\":3,\"name\":\"fischer Duopower Universald\u00fcbel, Leistungsstarker 2-Komponenten-D\u00fcbel, Kunststoffd\u00fcbel zur Befestigung in Beton, Ziegeln, Stein uvm., Ohne Schrauben, Silber, Rot, 25 St\u00fcck\"}]},{\"@type\":\"WebSite\",\"@id\":\"https:\\\/\\\/marktxxl.de\\\/markt\\\/#website\",\"url\":\"https:\\\/\\\/marktxxl.de\\\/markt\\\/\",\"name\":\"Markt-XXL\",\"description\":\"Ihr Markt Online\",\"publisher\":{\"@id\":\"https:\\\/\\\/marktxxl.de\\\/markt\\\/#organization\"},\"potentialAction\":[{\"@type\":\"SearchAction\",\"target\":{\"@type\":\"EntryPoint\",\"urlTemplate\":\"https:\\\/\\\/marktxxl.de\\\/markt\\\/?s={search_term_string}\"},\"query-input\":{\"@type\":\"PropertyValueSpecification\",\"valueRequired\":true,\"valueName\":\"search_term_string\"}}],\"inLanguage\":\"de\"},{\"@type\":\"Organization\",\"@id\":\"https:\\\/\\\/marktxxl.de\\\/markt\\\/#organization\",\"name\":\"Markt-XXL\",\"url\":\"https:\\\/\\\/marktxxl.de\\\/markt\\\/\",\"logo\":{\"@type\":\"ImageObject\",\"inLanguage\":\"de\",\"@id\":\"https:\\\/\\\/marktxxl.de\\\/markt\\\/#\\\/schema\\\/logo\\\/image\\\/\",\"url\":\"https:\\\/\\\/marktxxl.de\\\/markt\\\/wp-content\\\/uploads\\\/sites\\\/3\\\/2020\\\/12\\\/logo.png\",\"contentUrl\":\"https:\\\/\\\/marktxxl.de\\\/markt\\\/wp-content\\\/uploads\\\/sites\\\/3\\\/2020\\\/12\\\/logo.png\",\"width\":200,\"height\":70,\"caption\":\"Markt-XXL\"},\"image\":{\"@id\":\"https:\\\/\\\/marktxxl.de\\\/markt\\\/#\\\/schema\\\/logo\\\/image\\\/\"}}]}<\/script>\n<!-- \/ Yoast SEO plugin. -->","yoast_head_json":{"title":"fischer Duopower Universald\u00fcbel, Leistungsstarker 2-Komponenten-D\u00fcbel, Kunststoffd\u00fcbel zur Befestigung in Beton, Ziegeln, Stein uvm., Ohne Schrauben, Silber, Rot, 25 St\u00fcck - Markt-XXL","description":"Markt-XXL fischer Duopower Universald\u00fcbel, Leistungsstarker 2-Komponenten-D\u00fcbel, Kunststoffd\u00fcbel zur Befestigung in Beton, Ziegeln, Stein uvm., Ohne Schrauben, Silber, Rot, 25 St\u00fcck","robots":{"index":"index","follow":"follow","max-snippet":"max-snippet:-1","max-image-preview":"max-image-preview:large","max-video-preview":"max-video-preview:-1"},"canonical":"https:\/\/marktxxl.de\/markt\/produkt\/fischer-duopower-universalduebel-leistungsstarker-2-komponenten-duebel-kunststoffduebel-zur-befestigung-in-beton-ziegeln-stein-uvm-ohne-schrauben-silber-rot-25-stueck\/","og_locale":"de_DE","og_type":"article","og_title":"fischer Duopower Universald\u00fcbel, Leistungsstarker 2-Komponenten-D\u00fcbel, Kunststoffd\u00fcbel zur Befestigung in Beton, Ziegeln, Stein uvm., Ohne Schrauben, Silber, Rot, 25 St\u00fcck - Markt-XXL","og_description":"Markt-XXL fischer Duopower Universald\u00fcbel, Leistungsstarker 2-Komponenten-D\u00fcbel, Kunststoffd\u00fcbel zur Befestigung in Beton, Ziegeln, Stein uvm., Ohne Schrauben, Silber, Rot, 25 St\u00fcck","og_url":"https:\/\/marktxxl.de\/markt\/produkt\/fischer-duopower-universalduebel-leistungsstarker-2-komponenten-duebel-kunststoffduebel-zur-befestigung-in-beton-ziegeln-stein-uvm-ohne-schrauben-silber-rot-25-stueck\/","og_site_name":"Markt-XXL","twitter_card":"summary_large_image","twitter_misc":{"Gesch\u00e4tzte Lesezeit":"1\u00a0Minute"},"schema":{"@context":"https:\/\/schema.org","@graph":[{"@type":"WebPage","@id":"https:\/\/marktxxl.de\/markt\/produkt\/fischer-duopower-universalduebel-leistungsstarker-2-komponenten-duebel-kunststoffduebel-zur-befestigung-in-beton-ziegeln-stein-uvm-ohne-schrauben-silber-rot-25-stueck\/","url":"https:\/\/marktxxl.de\/markt\/produkt\/fischer-duopower-universalduebel-leistungsstarker-2-komponenten-duebel-kunststoffduebel-zur-befestigung-in-beton-ziegeln-stein-uvm-ohne-schrauben-silber-rot-25-stueck\/","name":"fischer Duopower Universald\u00fcbel, Leistungsstarker 2-Komponenten-D\u00fcbel, Kunststoffd\u00fcbel zur Befestigung in Beton, Ziegeln, Stein uvm., Ohne Schrauben, Silber, Rot, 25 St\u00fcck - Markt-XXL","isPartOf":{"@id":"https:\/\/marktxxl.de\/markt\/#website"},"primaryImageOfPage":{"@id":"https:\/\/marktxxl.de\/markt\/produkt\/fischer-duopower-universalduebel-leistungsstarker-2-komponenten-duebel-kunststoffduebel-zur-befestigung-in-beton-ziegeln-stein-uvm-ohne-schrauben-silber-rot-25-stueck\/#primaryimage"},"image":{"@id":"https:\/\/marktxxl.de\/markt\/produkt\/fischer-duopower-universalduebel-leistungsstarker-2-komponenten-duebel-kunststoffduebel-zur-befestigung-in-beton-ziegeln-stein-uvm-ohne-schrauben-silber-rot-25-stueck\/#primaryimage"},"thumbnailUrl":"https:\/\/m.media-amazon.com\/images\/I\/51nofKVwOQL._SL500_.jpg","datePublished":"2024-05-29T02:51:28+00:00","description":"Markt-XXL fischer Duopower Universald\u00fcbel, Leistungsstarker 2-Komponenten-D\u00fcbel, Kunststoffd\u00fcbel zur Befestigung in Beton, Ziegeln, Stein uvm., Ohne Schrauben, Silber, Rot, 25 St\u00fcck","breadcrumb":{"@id":"https:\/\/marktxxl.de\/markt\/produkt\/fischer-duopower-universalduebel-leistungsstarker-2-komponenten-duebel-kunststoffduebel-zur-befestigung-in-beton-ziegeln-stein-uvm-ohne-schrauben-silber-rot-25-stueck\/#breadcrumb"},"inLanguage":"de","potentialAction":[{"@type":"ReadAction","target":["https:\/\/marktxxl.de\/markt\/produkt\/fischer-duopower-universalduebel-leistungsstarker-2-komponenten-duebel-kunststoffduebel-zur-befestigung-in-beton-ziegeln-stein-uvm-ohne-schrauben-silber-rot-25-stueck\/"]}]},{"@type":"ImageObject","inLanguage":"de","@id":"https:\/\/marktxxl.de\/markt\/produkt\/fischer-duopower-universalduebel-leistungsstarker-2-komponenten-duebel-kunststoffduebel-zur-befestigung-in-beton-ziegeln-stein-uvm-ohne-schrauben-silber-rot-25-stueck\/#primaryimage","url":"https:\/\/m.media-amazon.com\/images\/I\/51nofKVwOQL._SL500_.jpg","contentUrl":"https:\/\/m.media-amazon.com\/images\/I\/51nofKVwOQL._SL500_.jpg","width":500,"height":500},{"@type":"BreadcrumbList","@id":"https:\/\/marktxxl.de\/markt\/produkt\/fischer-duopower-universalduebel-leistungsstarker-2-komponenten-duebel-kunststoffduebel-zur-befestigung-in-beton-ziegeln-stein-uvm-ohne-schrauben-silber-rot-25-stueck\/#breadcrumb","itemListElement":[{"@type":"ListItem","position":1,"name":"Startseite","item":"https:\/\/marktxxl.de\/markt\/"},{"@type":"ListItem","position":2,"name":"Markt","item":"https:\/\/marktxxl.de\/markt\/"},{"@type":"ListItem","position":3,"name":"fischer Duopower Universald\u00fcbel, Leistungsstarker 2-Komponenten-D\u00fcbel, Kunststoffd\u00fcbel zur Befestigung in Beton, Ziegeln, Stein uvm., Ohne Schrauben, Silber, Rot, 25 St\u00fcck"}]},{"@type":"WebSite","@id":"https:\/\/marktxxl.de\/markt\/#website","url":"https:\/\/marktxxl.de\/markt\/","name":"Markt-XXL","description":"Ihr Markt Online","publisher":{"@id":"https:\/\/marktxxl.de\/markt\/#organization"},"potentialAction":[{"@type":"SearchAction","target":{"@type":"EntryPoint","urlTemplate":"https:\/\/marktxxl.de\/markt\/?s={search_term_string}"},"query-input":{"@type":"PropertyValueSpecification","valueRequired":true,"valueName":"search_term_string"}}],"inLanguage":"de"},{"@type":"Organization","@id":"https:\/\/marktxxl.de\/markt\/#organization","name":"Markt-XXL","url":"https:\/\/marktxxl.de\/markt\/","logo":{"@type":"ImageObject","inLanguage":"de","@id":"https:\/\/marktxxl.de\/markt\/#\/schema\/logo\/image\/","url":"https:\/\/marktxxl.de\/markt\/wp-content\/uploads\/sites\/3\/2020\/12\/logo.png","contentUrl":"https:\/\/marktxxl.de\/markt\/wp-content\/uploads\/sites\/3\/2020\/12\/logo.png","width":200,"height":70,"caption":"Markt-XXL"},"image":{"@id":"https:\/\/marktxxl.de\/markt\/#\/schema\/logo\/image\/"}}]}},"_links":{"self":[{"href":"https:\/\/marktxxl.de\/markt\/wp-json\/wp\/v2\/product\/208060","targetHints":{"allow":["GET"]}}],"collection":[{"href":"https:\/\/marktxxl.de\/markt\/wp-json\/wp\/v2\/product"}],"about":[{"href":"https:\/\/marktxxl.de\/markt\/wp-json\/wp\/v2\/types\/product"}],"replies":[{"embeddable":true,"href":"https:\/\/marktxxl.de\/markt\/wp-json\/wp\/v2\/comments?post=208060"}],"wp:featuredmedia":[{"embeddable":true,"href":"https:\/\/marktxxl.de\/markt\/wp-json\/wp\/v2\/media\/208061"}],"wp:attachment":[{"href":"https:\/\/marktxxl.de\/markt\/wp-json\/wp\/v2\/media?parent=208060"}],"wp:term":[{"taxonomy":"product_brand","embeddable":true,"href":"https:\/\/marktxxl.de\/markt\/wp-json\/wp\/v2\/product_brand?post=208060"},{"taxonomy":"product_cat","embeddable":true,"href":"https:\/\/marktxxl.de\/markt\/wp-json\/wp\/v2\/product_cat?post=208060"},{"taxonomy":"product_tag","embeddable":true,"href":"https:\/\/marktxxl.de\/markt\/wp-json\/wp\/v2\/product_tag?post=208060"}],"curies":[{"name":"wp","href":"https:\/\/api.w.org\/{rel}","templated":true}]}}