{"id":207996,"date":"2024-05-29T04:49:27","date_gmt":"2024-05-29T02:49:27","guid":{"rendered":"https:\/\/marktxxl.de\/markt\/produkt\/siga-farmer-hochleistungs-klebeband-60-mm-x-15-m-reparaturband-uv-stabil-durchsichtig\/"},"modified":"2024-05-29T04:49:27","modified_gmt":"2024-05-29T02:49:27","slug":"siga-farmer-hochleistungs-klebeband-60-mm-x-15-m-reparaturband-uv-stabil-durchsichtig","status":"publish","type":"product","link":"https:\/\/marktxxl.de\/markt\/produkt\/siga-farmer-hochleistungs-klebeband-60-mm-x-15-m-reparaturband-uv-stabil-durchsichtig\/","title":{"rendered":"SIGA FARMER Hochleistungs-Klebeband 60 mm x 15 m Reparaturband UV-Stabil durchsichtig"},"content":{"rendered":"<p>LANGLEBIG &#8211; Schweizer Qualit\u00e4t die es in sich hat. Klebt extrem stark und vor allem dauerhaft im Innenbereich wie im Au\u00dfenbereich.<br \/>\nKLEBESTARK BEI K\u00c4LTE\/HITZE\/FEUCHTE &#8211; Kinderleichtes Aufbringen dank extremer Klebkraft selbst bei K\u00e4lte, Hitze oder auch Feuchte machen das Verarbeiten schnell, einfach und vor allem sicher.<br \/>\nLICHTDURCHL\u00c4SSIG und UV-BEST\u00c4NDIG &#8211; ideal f\u00fcr Gew\u00e4chshaus, Treibhaus, Gem\u00fcsetunnel, Folien oder andere lichtdurchl\u00e4ssig zu haltenden Oberfl\u00e4chen. Der unauff\u00e4llig perfekte Partner im Au\u00dfenbereich.<br \/>\nREGENDICHT &#8211; h\u00e4lt trocken wo andere schlappmachen und das dauerhaft, egal ob zu Hause oder unterwegs beim Camping.<br \/>\nDER ALLROUNDER &#8211; F\u00fcr Reparaturen aller Art. Ideal f\u00fcr Handwerker, ambitionierte Heimwerker, Freizeit und Hobby oder Landwirtschaft und Garten. F\u00fcr Private und Profis gleicherma\u00dfen geeignet. Das ideale Quick Tape.<br \/>\n<div class=\"main-cross-sell\" data-asin=\"B007DDC172\">\n\n\t<div class=\"WooZone-cross-sell-loader\">\n\t\t<div>\n\t\t\t<div id=\"floatingBarsG\">\n\t\t\t\t<div class=\"blockG\" id=\"rotateG_01\"><\/div>\n\t\t\t\t<div class=\"blockG\" id=\"rotateG_02\"><\/div>\n\t\t\t\t<div class=\"blockG\" id=\"rotateG_03\"><\/div>\n\t\t\t\t<div class=\"blockG\" id=\"rotateG_04\"><\/div>\n\t\t\t\t<div class=\"blockG\" id=\"rotateG_05\"><\/div>\n\t\t\t\t<div class=\"blockG\" id=\"rotateG_06\"><\/div>\n\t\t\t\t<div class=\"blockG\" id=\"rotateG_07\"><\/div>\n\t\t\t\t<div class=\"blockG\" id=\"rotateG_08\"><\/div>\n\t\t\t<\/div>\n\t\t\t<div class=\"WooZone-cross-sell-loader-text\"><\/div>\n\t\t<\/div>\n\t<\/div>\n\n\t\t\n<\/div>\n<div style=\"clear:both;\"><\/div><\/p>\n","protected":false},"excerpt":{"rendered":"<p>LANGLEBIG &#8211; Schweizer Qualit\u00e4t die es in sich hat. Klebt extrem stark und vor allem dauerhaft im Innenbereich wie im Au\u00dfenbereich.<br \/>\nKLEBESTARK BEI K\u00c4LTE\/HITZE\/FEUCHTE &#8211; Kinderleichtes Aufbringen dank extremer Klebkraft selbst bei K\u00e4lte, Hitze oder auch Feuchte machen das Verarbeiten schnell, einfach und vor allem sicher.<br \/>\nLICHTDURCHL\u00c4SSIG und UV-BEST\u00c4NDIG &#8211; ideal f\u00fcr Gew\u00e4chshaus, Treibhaus, Gem\u00fcsetunnel, Folien oder andere lichtdurchl\u00e4ssig zu haltenden Oberfl\u00e4chen. Der unauff\u00e4llig perfekte Partner im Au\u00dfenbereich.<\/p>\n","protected":false},"featured_media":207997,"comment_status":"open","ping_status":"closed","template":"","meta":[],"product_brand":[],"product_cat":[1983,10865],"product_tag":[],"class_list":{"0":"post-207996","1":"product","2":"type-product","3":"status-publish","4":"has-post-thumbnail","6":"product_cat-baumarkt","7":"product_cat-eisenwaren","8":"pa_brand-siga","9":"pa_height-0-0003937-zoll","10":"pa_length-0-0003937-zoll","11":"pa_manufacturer-siga","12":"pa_size-60-mm-x-15-m","13":"pa_width-0-0003937-zoll","15":"first","16":"instock","17":"shipping-taxable","18":"purchasable","19":"product-type-simple","20":"customify-col","21":"product-has-gallery"},"yoast_head":"<!-- This site is optimized with the Yoast SEO plugin v27.4 - https:\/\/yoast.com\/product\/yoast-seo-wordpress\/ -->\n<title>SIGA FARMER Hochleistungs-Klebeband 60 mm x 15 m Reparaturband UV-Stabil durchsichtig - Markt-XXL<\/title>\n<meta name=\"description\" content=\"Markt-XXL SIGA FARMER Hochleistungs-Klebeband 60 mm x 15 m Reparaturband UV-Stabil durchsichtig\" \/>\n<meta name=\"robots\" content=\"index, follow, max-snippet:-1, max-image-preview:large, max-video-preview:-1\" \/>\n<link rel=\"canonical\" href=\"https:\/\/marktxxl.de\/markt\/produkt\/siga-farmer-hochleistungs-klebeband-60-mm-x-15-m-reparaturband-uv-stabil-durchsichtig\/\" \/>\n<meta property=\"og:locale\" content=\"de_DE\" \/>\n<meta property=\"og:type\" content=\"article\" \/>\n<meta property=\"og:title\" content=\"SIGA FARMER Hochleistungs-Klebeband 60 mm x 15 m Reparaturband UV-Stabil durchsichtig - Markt-XXL\" \/>\n<meta property=\"og:description\" content=\"Markt-XXL SIGA FARMER Hochleistungs-Klebeband 60 mm x 15 m Reparaturband UV-Stabil durchsichtig\" \/>\n<meta property=\"og:url\" content=\"https:\/\/marktxxl.de\/markt\/produkt\/siga-farmer-hochleistungs-klebeband-60-mm-x-15-m-reparaturband-uv-stabil-durchsichtig\/\" \/>\n<meta property=\"og:site_name\" content=\"Markt-XXL\" \/>\n<meta name=\"twitter:card\" content=\"summary_large_image\" \/>\n<meta name=\"twitter:label1\" content=\"Gesch\u00e4tzte Lesezeit\" \/>\n\t<meta name=\"twitter:data1\" content=\"1\u00a0Minute\" \/>\n<script type=\"application\/ld+json\" class=\"yoast-schema-graph\">{\"@context\":\"https:\\\/\\\/schema.org\",\"@graph\":[{\"@type\":\"WebPage\",\"@id\":\"https:\\\/\\\/marktxxl.de\\\/markt\\\/produkt\\\/siga-farmer-hochleistungs-klebeband-60-mm-x-15-m-reparaturband-uv-stabil-durchsichtig\\\/\",\"url\":\"https:\\\/\\\/marktxxl.de\\\/markt\\\/produkt\\\/siga-farmer-hochleistungs-klebeband-60-mm-x-15-m-reparaturband-uv-stabil-durchsichtig\\\/\",\"name\":\"SIGA FARMER Hochleistungs-Klebeband 60 mm x 15 m Reparaturband UV-Stabil durchsichtig - Markt-XXL\",\"isPartOf\":{\"@id\":\"https:\\\/\\\/marktxxl.de\\\/markt\\\/#website\"},\"primaryImageOfPage\":{\"@id\":\"https:\\\/\\\/marktxxl.de\\\/markt\\\/produkt\\\/siga-farmer-hochleistungs-klebeband-60-mm-x-15-m-reparaturband-uv-stabil-durchsichtig\\\/#primaryimage\"},\"image\":{\"@id\":\"https:\\\/\\\/marktxxl.de\\\/markt\\\/produkt\\\/siga-farmer-hochleistungs-klebeband-60-mm-x-15-m-reparaturband-uv-stabil-durchsichtig\\\/#primaryimage\"},\"thumbnailUrl\":\"https:\\\/\\\/m.media-amazon.com\\\/images\\\/I\\\/31321j9RdLL._SL500_.jpg\",\"datePublished\":\"2024-05-29T02:49:27+00:00\",\"description\":\"Markt-XXL SIGA FARMER Hochleistungs-Klebeband 60 mm x 15 m Reparaturband UV-Stabil durchsichtig\",\"breadcrumb\":{\"@id\":\"https:\\\/\\\/marktxxl.de\\\/markt\\\/produkt\\\/siga-farmer-hochleistungs-klebeband-60-mm-x-15-m-reparaturband-uv-stabil-durchsichtig\\\/#breadcrumb\"},\"inLanguage\":\"de\",\"potentialAction\":[{\"@type\":\"ReadAction\",\"target\":[\"https:\\\/\\\/marktxxl.de\\\/markt\\\/produkt\\\/siga-farmer-hochleistungs-klebeband-60-mm-x-15-m-reparaturband-uv-stabil-durchsichtig\\\/\"]}]},{\"@type\":\"ImageObject\",\"inLanguage\":\"de\",\"@id\":\"https:\\\/\\\/marktxxl.de\\\/markt\\\/produkt\\\/siga-farmer-hochleistungs-klebeband-60-mm-x-15-m-reparaturband-uv-stabil-durchsichtig\\\/#primaryimage\",\"url\":\"https:\\\/\\\/m.media-amazon.com\\\/images\\\/I\\\/31321j9RdLL._SL500_.jpg\",\"contentUrl\":\"https:\\\/\\\/m.media-amazon.com\\\/images\\\/I\\\/31321j9RdLL._SL500_.jpg\",\"width\":500,\"height\":475},{\"@type\":\"BreadcrumbList\",\"@id\":\"https:\\\/\\\/marktxxl.de\\\/markt\\\/produkt\\\/siga-farmer-hochleistungs-klebeband-60-mm-x-15-m-reparaturband-uv-stabil-durchsichtig\\\/#breadcrumb\",\"itemListElement\":[{\"@type\":\"ListItem\",\"position\":1,\"name\":\"Startseite\",\"item\":\"https:\\\/\\\/marktxxl.de\\\/markt\\\/\"},{\"@type\":\"ListItem\",\"position\":2,\"name\":\"Markt\",\"item\":\"https:\\\/\\\/marktxxl.de\\\/markt\\\/\"},{\"@type\":\"ListItem\",\"position\":3,\"name\":\"SIGA FARMER Hochleistungs-Klebeband 60 mm x 15 m Reparaturband UV-Stabil durchsichtig\"}]},{\"@type\":\"WebSite\",\"@id\":\"https:\\\/\\\/marktxxl.de\\\/markt\\\/#website\",\"url\":\"https:\\\/\\\/marktxxl.de\\\/markt\\\/\",\"name\":\"Markt-XXL\",\"description\":\"Ihr Markt Online\",\"publisher\":{\"@id\":\"https:\\\/\\\/marktxxl.de\\\/markt\\\/#organization\"},\"potentialAction\":[{\"@type\":\"SearchAction\",\"target\":{\"@type\":\"EntryPoint\",\"urlTemplate\":\"https:\\\/\\\/marktxxl.de\\\/markt\\\/?s={search_term_string}\"},\"query-input\":{\"@type\":\"PropertyValueSpecification\",\"valueRequired\":true,\"valueName\":\"search_term_string\"}}],\"inLanguage\":\"de\"},{\"@type\":\"Organization\",\"@id\":\"https:\\\/\\\/marktxxl.de\\\/markt\\\/#organization\",\"name\":\"Markt-XXL\",\"url\":\"https:\\\/\\\/marktxxl.de\\\/markt\\\/\",\"logo\":{\"@type\":\"ImageObject\",\"inLanguage\":\"de\",\"@id\":\"https:\\\/\\\/marktxxl.de\\\/markt\\\/#\\\/schema\\\/logo\\\/image\\\/\",\"url\":\"https:\\\/\\\/marktxxl.de\\\/markt\\\/wp-content\\\/uploads\\\/sites\\\/3\\\/2020\\\/12\\\/logo.png\",\"contentUrl\":\"https:\\\/\\\/marktxxl.de\\\/markt\\\/wp-content\\\/uploads\\\/sites\\\/3\\\/2020\\\/12\\\/logo.png\",\"width\":200,\"height\":70,\"caption\":\"Markt-XXL\"},\"image\":{\"@id\":\"https:\\\/\\\/marktxxl.de\\\/markt\\\/#\\\/schema\\\/logo\\\/image\\\/\"}}]}<\/script>\n<!-- \/ Yoast SEO plugin. -->","yoast_head_json":{"title":"SIGA FARMER Hochleistungs-Klebeband 60 mm x 15 m Reparaturband UV-Stabil durchsichtig - Markt-XXL","description":"Markt-XXL SIGA FARMER Hochleistungs-Klebeband 60 mm x 15 m Reparaturband UV-Stabil durchsichtig","robots":{"index":"index","follow":"follow","max-snippet":"max-snippet:-1","max-image-preview":"max-image-preview:large","max-video-preview":"max-video-preview:-1"},"canonical":"https:\/\/marktxxl.de\/markt\/produkt\/siga-farmer-hochleistungs-klebeband-60-mm-x-15-m-reparaturband-uv-stabil-durchsichtig\/","og_locale":"de_DE","og_type":"article","og_title":"SIGA FARMER Hochleistungs-Klebeband 60 mm x 15 m Reparaturband UV-Stabil durchsichtig - Markt-XXL","og_description":"Markt-XXL SIGA FARMER Hochleistungs-Klebeband 60 mm x 15 m Reparaturband UV-Stabil durchsichtig","og_url":"https:\/\/marktxxl.de\/markt\/produkt\/siga-farmer-hochleistungs-klebeband-60-mm-x-15-m-reparaturband-uv-stabil-durchsichtig\/","og_site_name":"Markt-XXL","twitter_card":"summary_large_image","twitter_misc":{"Gesch\u00e4tzte Lesezeit":"1\u00a0Minute"},"schema":{"@context":"https:\/\/schema.org","@graph":[{"@type":"WebPage","@id":"https:\/\/marktxxl.de\/markt\/produkt\/siga-farmer-hochleistungs-klebeband-60-mm-x-15-m-reparaturband-uv-stabil-durchsichtig\/","url":"https:\/\/marktxxl.de\/markt\/produkt\/siga-farmer-hochleistungs-klebeband-60-mm-x-15-m-reparaturband-uv-stabil-durchsichtig\/","name":"SIGA FARMER Hochleistungs-Klebeband 60 mm x 15 m Reparaturband UV-Stabil durchsichtig - Markt-XXL","isPartOf":{"@id":"https:\/\/marktxxl.de\/markt\/#website"},"primaryImageOfPage":{"@id":"https:\/\/marktxxl.de\/markt\/produkt\/siga-farmer-hochleistungs-klebeband-60-mm-x-15-m-reparaturband-uv-stabil-durchsichtig\/#primaryimage"},"image":{"@id":"https:\/\/marktxxl.de\/markt\/produkt\/siga-farmer-hochleistungs-klebeband-60-mm-x-15-m-reparaturband-uv-stabil-durchsichtig\/#primaryimage"},"thumbnailUrl":"https:\/\/m.media-amazon.com\/images\/I\/31321j9RdLL._SL500_.jpg","datePublished":"2024-05-29T02:49:27+00:00","description":"Markt-XXL SIGA FARMER Hochleistungs-Klebeband 60 mm x 15 m Reparaturband UV-Stabil durchsichtig","breadcrumb":{"@id":"https:\/\/marktxxl.de\/markt\/produkt\/siga-farmer-hochleistungs-klebeband-60-mm-x-15-m-reparaturband-uv-stabil-durchsichtig\/#breadcrumb"},"inLanguage":"de","potentialAction":[{"@type":"ReadAction","target":["https:\/\/marktxxl.de\/markt\/produkt\/siga-farmer-hochleistungs-klebeband-60-mm-x-15-m-reparaturband-uv-stabil-durchsichtig\/"]}]},{"@type":"ImageObject","inLanguage":"de","@id":"https:\/\/marktxxl.de\/markt\/produkt\/siga-farmer-hochleistungs-klebeband-60-mm-x-15-m-reparaturband-uv-stabil-durchsichtig\/#primaryimage","url":"https:\/\/m.media-amazon.com\/images\/I\/31321j9RdLL._SL500_.jpg","contentUrl":"https:\/\/m.media-amazon.com\/images\/I\/31321j9RdLL._SL500_.jpg","width":500,"height":475},{"@type":"BreadcrumbList","@id":"https:\/\/marktxxl.de\/markt\/produkt\/siga-farmer-hochleistungs-klebeband-60-mm-x-15-m-reparaturband-uv-stabil-durchsichtig\/#breadcrumb","itemListElement":[{"@type":"ListItem","position":1,"name":"Startseite","item":"https:\/\/marktxxl.de\/markt\/"},{"@type":"ListItem","position":2,"name":"Markt","item":"https:\/\/marktxxl.de\/markt\/"},{"@type":"ListItem","position":3,"name":"SIGA FARMER Hochleistungs-Klebeband 60 mm x 15 m Reparaturband UV-Stabil durchsichtig"}]},{"@type":"WebSite","@id":"https:\/\/marktxxl.de\/markt\/#website","url":"https:\/\/marktxxl.de\/markt\/","name":"Markt-XXL","description":"Ihr Markt Online","publisher":{"@id":"https:\/\/marktxxl.de\/markt\/#organization"},"potentialAction":[{"@type":"SearchAction","target":{"@type":"EntryPoint","urlTemplate":"https:\/\/marktxxl.de\/markt\/?s={search_term_string}"},"query-input":{"@type":"PropertyValueSpecification","valueRequired":true,"valueName":"search_term_string"}}],"inLanguage":"de"},{"@type":"Organization","@id":"https:\/\/marktxxl.de\/markt\/#organization","name":"Markt-XXL","url":"https:\/\/marktxxl.de\/markt\/","logo":{"@type":"ImageObject","inLanguage":"de","@id":"https:\/\/marktxxl.de\/markt\/#\/schema\/logo\/image\/","url":"https:\/\/marktxxl.de\/markt\/wp-content\/uploads\/sites\/3\/2020\/12\/logo.png","contentUrl":"https:\/\/marktxxl.de\/markt\/wp-content\/uploads\/sites\/3\/2020\/12\/logo.png","width":200,"height":70,"caption":"Markt-XXL"},"image":{"@id":"https:\/\/marktxxl.de\/markt\/#\/schema\/logo\/image\/"}}]}},"_links":{"self":[{"href":"https:\/\/marktxxl.de\/markt\/wp-json\/wp\/v2\/product\/207996","targetHints":{"allow":["GET"]}}],"collection":[{"href":"https:\/\/marktxxl.de\/markt\/wp-json\/wp\/v2\/product"}],"about":[{"href":"https:\/\/marktxxl.de\/markt\/wp-json\/wp\/v2\/types\/product"}],"replies":[{"embeddable":true,"href":"https:\/\/marktxxl.de\/markt\/wp-json\/wp\/v2\/comments?post=207996"}],"wp:featuredmedia":[{"embeddable":true,"href":"https:\/\/marktxxl.de\/markt\/wp-json\/wp\/v2\/media\/207997"}],"wp:attachment":[{"href":"https:\/\/marktxxl.de\/markt\/wp-json\/wp\/v2\/media?parent=207996"}],"wp:term":[{"taxonomy":"product_brand","embeddable":true,"href":"https:\/\/marktxxl.de\/markt\/wp-json\/wp\/v2\/product_brand?post=207996"},{"taxonomy":"product_cat","embeddable":true,"href":"https:\/\/marktxxl.de\/markt\/wp-json\/wp\/v2\/product_cat?post=207996"},{"taxonomy":"product_tag","embeddable":true,"href":"https:\/\/marktxxl.de\/markt\/wp-json\/wp\/v2\/product_tag?post=207996"}],"curies":[{"name":"wp","href":"https:\/\/api.w.org\/{rel}","templated":true}]}}