{"id":207949,"date":"2024-05-29T04:19:23","date_gmt":"2024-05-29T02:19:23","guid":{"rendered":"https:\/\/marktxxl.de\/markt\/produkt\/3m-scotch-blaues-band-wasserdicht-automotive-kreppband-3434-110c-24-mm-x-50m-x-2-rollen\/"},"modified":"2024-05-29T04:19:23","modified_gmt":"2024-05-29T02:19:23","slug":"3m-scotch-blaues-band-wasserdicht-automotive-kreppband-3434-110c-24-mm-x-50m-x-2-rollen","status":"publish","type":"product","link":"https:\/\/marktxxl.de\/markt\/produkt\/3m-scotch-blaues-band-wasserdicht-automotive-kreppband-3434-110c-24-mm-x-50m-x-2-rollen\/","title":{"rendered":"3M Scotch Blaues Band Wasserdicht, Automotive Kreppband 3434 110\u00b0C 24 mm x 50m x 2 Rollen"},"content":{"rendered":"<p>Das 3M-Original<br \/>\nHervorragend geeignet auch als BlueTape f\u00fcr 3D Drucker<br \/>\nTemperaturbest\u00e4ndig bis 110\u00b0C 1 Stunde<br \/>\nSehr hohe Best\u00e4ndigkeit gegen Wasser und L\u00f6semittel<br \/>\nDehnbarer Papiertr\u00e4ger = h\u00f6chste Kurvenstabilit\u00e4t<br \/>\n<div class=\"main-cross-sell\" data-asin=\"B0C1GFH2TV\">\n\n\t<div class=\"WooZone-cross-sell-loader\">\n\t\t<div>\n\t\t\t<div id=\"floatingBarsG\">\n\t\t\t\t<div class=\"blockG\" id=\"rotateG_01\"><\/div>\n\t\t\t\t<div class=\"blockG\" id=\"rotateG_02\"><\/div>\n\t\t\t\t<div class=\"blockG\" id=\"rotateG_03\"><\/div>\n\t\t\t\t<div class=\"blockG\" id=\"rotateG_04\"><\/div>\n\t\t\t\t<div class=\"blockG\" id=\"rotateG_05\"><\/div>\n\t\t\t\t<div class=\"blockG\" id=\"rotateG_06\"><\/div>\n\t\t\t\t<div class=\"blockG\" id=\"rotateG_07\"><\/div>\n\t\t\t\t<div class=\"blockG\" id=\"rotateG_08\"><\/div>\n\t\t\t<\/div>\n\t\t\t<div class=\"WooZone-cross-sell-loader-text\"><\/div>\n\t\t<\/div>\n\t<\/div>\n\n\t\t\n<\/div>\n<div style=\"clear:both;\"><\/div><\/p>\n","protected":false},"excerpt":{"rendered":"<p>Das 3M-Original<br \/>\nHervorragend geeignet auch als BlueTape f\u00fcr 3D Drucker<br \/>\nTemperaturbest\u00e4ndig bis 110\u00b0C 1 Stunde<\/p>\n","protected":false},"featured_media":207950,"comment_status":"open","ping_status":"closed","template":"","meta":[],"product_brand":[],"product_cat":[1983,10865],"product_tag":[],"class_list":{"0":"post-207949","1":"product","2":"type-product","3":"status-publish","4":"has-post-thumbnail","6":"product_cat-baumarkt","7":"product_cat-eisenwaren","8":"pa_brand-oerange","9":"pa_color-blau","10":"pa_manufacturer-3m","11":"pa_model-52426","12":"pa_size-24mm-x-50m","14":"first","15":"instock","16":"shipping-taxable","17":"purchasable","18":"product-type-simple","19":"customify-col","20":"product-has-gallery"},"yoast_head":"<!-- This site is optimized with the Yoast SEO plugin v27.3 - https:\/\/yoast.com\/product\/yoast-seo-wordpress\/ -->\n<title>3M Scotch Blaues Band Wasserdicht, Automotive Kreppband 3434 110\u00b0C 24 mm x 50m x 2 Rollen - Markt-XXL<\/title>\n<meta name=\"description\" content=\"Markt-XXL 3M Scotch Blaues Band Wasserdicht, Automotive Kreppband 3434 110\u00b0C 24 mm x 50m x 2 Rollen\" \/>\n<meta name=\"robots\" content=\"index, follow, max-snippet:-1, max-image-preview:large, max-video-preview:-1\" \/>\n<link rel=\"canonical\" href=\"https:\/\/marktxxl.de\/markt\/produkt\/3m-scotch-blaues-band-wasserdicht-automotive-kreppband-3434-110c-24-mm-x-50m-x-2-rollen\/\" \/>\n<meta property=\"og:locale\" content=\"de_DE\" \/>\n<meta property=\"og:type\" content=\"article\" \/>\n<meta property=\"og:title\" content=\"3M Scotch Blaues Band Wasserdicht, Automotive Kreppband 3434 110\u00b0C 24 mm x 50m x 2 Rollen - Markt-XXL\" \/>\n<meta property=\"og:description\" content=\"Markt-XXL 3M Scotch Blaues Band Wasserdicht, Automotive Kreppband 3434 110\u00b0C 24 mm x 50m x 2 Rollen\" \/>\n<meta property=\"og:url\" content=\"https:\/\/marktxxl.de\/markt\/produkt\/3m-scotch-blaues-band-wasserdicht-automotive-kreppband-3434-110c-24-mm-x-50m-x-2-rollen\/\" \/>\n<meta property=\"og:site_name\" content=\"Markt-XXL\" \/>\n<meta name=\"twitter:card\" content=\"summary_large_image\" \/>\n<script type=\"application\/ld+json\" class=\"yoast-schema-graph\">{\"@context\":\"https:\\\/\\\/schema.org\",\"@graph\":[{\"@type\":\"WebPage\",\"@id\":\"https:\\\/\\\/marktxxl.de\\\/markt\\\/produkt\\\/3m-scotch-blaues-band-wasserdicht-automotive-kreppband-3434-110c-24-mm-x-50m-x-2-rollen\\\/\",\"url\":\"https:\\\/\\\/marktxxl.de\\\/markt\\\/produkt\\\/3m-scotch-blaues-band-wasserdicht-automotive-kreppband-3434-110c-24-mm-x-50m-x-2-rollen\\\/\",\"name\":\"3M Scotch Blaues Band Wasserdicht, Automotive Kreppband 3434 110\u00b0C 24 mm x 50m x 2 Rollen - Markt-XXL\",\"isPartOf\":{\"@id\":\"https:\\\/\\\/marktxxl.de\\\/markt\\\/#website\"},\"primaryImageOfPage\":{\"@id\":\"https:\\\/\\\/marktxxl.de\\\/markt\\\/produkt\\\/3m-scotch-blaues-band-wasserdicht-automotive-kreppband-3434-110c-24-mm-x-50m-x-2-rollen\\\/#primaryimage\"},\"image\":{\"@id\":\"https:\\\/\\\/marktxxl.de\\\/markt\\\/produkt\\\/3m-scotch-blaues-band-wasserdicht-automotive-kreppband-3434-110c-24-mm-x-50m-x-2-rollen\\\/#primaryimage\"},\"thumbnailUrl\":\"https:\\\/\\\/m.media-amazon.com\\\/images\\\/I\\\/41LR-Nmcy+L._SL500_.jpg\",\"datePublished\":\"2024-05-29T02:19:23+00:00\",\"description\":\"Markt-XXL 3M Scotch Blaues Band Wasserdicht, Automotive Kreppband 3434 110\u00b0C 24 mm x 50m x 2 Rollen\",\"breadcrumb\":{\"@id\":\"https:\\\/\\\/marktxxl.de\\\/markt\\\/produkt\\\/3m-scotch-blaues-band-wasserdicht-automotive-kreppband-3434-110c-24-mm-x-50m-x-2-rollen\\\/#breadcrumb\"},\"inLanguage\":\"de\",\"potentialAction\":[{\"@type\":\"ReadAction\",\"target\":[\"https:\\\/\\\/marktxxl.de\\\/markt\\\/produkt\\\/3m-scotch-blaues-band-wasserdicht-automotive-kreppband-3434-110c-24-mm-x-50m-x-2-rollen\\\/\"]}]},{\"@type\":\"ImageObject\",\"inLanguage\":\"de\",\"@id\":\"https:\\\/\\\/marktxxl.de\\\/markt\\\/produkt\\\/3m-scotch-blaues-band-wasserdicht-automotive-kreppband-3434-110c-24-mm-x-50m-x-2-rollen\\\/#primaryimage\",\"url\":\"https:\\\/\\\/m.media-amazon.com\\\/images\\\/I\\\/41LR-Nmcy+L._SL500_.jpg\",\"contentUrl\":\"https:\\\/\\\/m.media-amazon.com\\\/images\\\/I\\\/41LR-Nmcy+L._SL500_.jpg\",\"width\":500,\"height\":500},{\"@type\":\"BreadcrumbList\",\"@id\":\"https:\\\/\\\/marktxxl.de\\\/markt\\\/produkt\\\/3m-scotch-blaues-band-wasserdicht-automotive-kreppband-3434-110c-24-mm-x-50m-x-2-rollen\\\/#breadcrumb\",\"itemListElement\":[{\"@type\":\"ListItem\",\"position\":1,\"name\":\"Startseite\",\"item\":\"https:\\\/\\\/marktxxl.de\\\/markt\\\/\"},{\"@type\":\"ListItem\",\"position\":2,\"name\":\"Markt\",\"item\":\"https:\\\/\\\/marktxxl.de\\\/markt\\\/\"},{\"@type\":\"ListItem\",\"position\":3,\"name\":\"3M Scotch Blaues Band Wasserdicht, Automotive Kreppband 3434 110\u00b0C 24 mm x 50m x 2 Rollen\"}]},{\"@type\":\"WebSite\",\"@id\":\"https:\\\/\\\/marktxxl.de\\\/markt\\\/#website\",\"url\":\"https:\\\/\\\/marktxxl.de\\\/markt\\\/\",\"name\":\"Markt-XXL\",\"description\":\"Ihr Markt Online\",\"publisher\":{\"@id\":\"https:\\\/\\\/marktxxl.de\\\/markt\\\/#organization\"},\"potentialAction\":[{\"@type\":\"SearchAction\",\"target\":{\"@type\":\"EntryPoint\",\"urlTemplate\":\"https:\\\/\\\/marktxxl.de\\\/markt\\\/?s={search_term_string}\"},\"query-input\":{\"@type\":\"PropertyValueSpecification\",\"valueRequired\":true,\"valueName\":\"search_term_string\"}}],\"inLanguage\":\"de\"},{\"@type\":\"Organization\",\"@id\":\"https:\\\/\\\/marktxxl.de\\\/markt\\\/#organization\",\"name\":\"Markt-XXL\",\"url\":\"https:\\\/\\\/marktxxl.de\\\/markt\\\/\",\"logo\":{\"@type\":\"ImageObject\",\"inLanguage\":\"de\",\"@id\":\"https:\\\/\\\/marktxxl.de\\\/markt\\\/#\\\/schema\\\/logo\\\/image\\\/\",\"url\":\"https:\\\/\\\/marktxxl.de\\\/markt\\\/wp-content\\\/uploads\\\/sites\\\/3\\\/2020\\\/12\\\/logo.png\",\"contentUrl\":\"https:\\\/\\\/marktxxl.de\\\/markt\\\/wp-content\\\/uploads\\\/sites\\\/3\\\/2020\\\/12\\\/logo.png\",\"width\":200,\"height\":70,\"caption\":\"Markt-XXL\"},\"image\":{\"@id\":\"https:\\\/\\\/marktxxl.de\\\/markt\\\/#\\\/schema\\\/logo\\\/image\\\/\"}}]}<\/script>\n<!-- \/ Yoast SEO plugin. -->","yoast_head_json":{"title":"3M Scotch Blaues Band Wasserdicht, Automotive Kreppband 3434 110\u00b0C 24 mm x 50m x 2 Rollen - Markt-XXL","description":"Markt-XXL 3M Scotch Blaues Band Wasserdicht, Automotive Kreppband 3434 110\u00b0C 24 mm x 50m x 2 Rollen","robots":{"index":"index","follow":"follow","max-snippet":"max-snippet:-1","max-image-preview":"max-image-preview:large","max-video-preview":"max-video-preview:-1"},"canonical":"https:\/\/marktxxl.de\/markt\/produkt\/3m-scotch-blaues-band-wasserdicht-automotive-kreppband-3434-110c-24-mm-x-50m-x-2-rollen\/","og_locale":"de_DE","og_type":"article","og_title":"3M Scotch Blaues Band Wasserdicht, Automotive Kreppband 3434 110\u00b0C 24 mm x 50m x 2 Rollen - Markt-XXL","og_description":"Markt-XXL 3M Scotch Blaues Band Wasserdicht, Automotive Kreppband 3434 110\u00b0C 24 mm x 50m x 2 Rollen","og_url":"https:\/\/marktxxl.de\/markt\/produkt\/3m-scotch-blaues-band-wasserdicht-automotive-kreppband-3434-110c-24-mm-x-50m-x-2-rollen\/","og_site_name":"Markt-XXL","twitter_card":"summary_large_image","schema":{"@context":"https:\/\/schema.org","@graph":[{"@type":"WebPage","@id":"https:\/\/marktxxl.de\/markt\/produkt\/3m-scotch-blaues-band-wasserdicht-automotive-kreppband-3434-110c-24-mm-x-50m-x-2-rollen\/","url":"https:\/\/marktxxl.de\/markt\/produkt\/3m-scotch-blaues-band-wasserdicht-automotive-kreppband-3434-110c-24-mm-x-50m-x-2-rollen\/","name":"3M Scotch Blaues Band Wasserdicht, Automotive Kreppband 3434 110\u00b0C 24 mm x 50m x 2 Rollen - Markt-XXL","isPartOf":{"@id":"https:\/\/marktxxl.de\/markt\/#website"},"primaryImageOfPage":{"@id":"https:\/\/marktxxl.de\/markt\/produkt\/3m-scotch-blaues-band-wasserdicht-automotive-kreppband-3434-110c-24-mm-x-50m-x-2-rollen\/#primaryimage"},"image":{"@id":"https:\/\/marktxxl.de\/markt\/produkt\/3m-scotch-blaues-band-wasserdicht-automotive-kreppband-3434-110c-24-mm-x-50m-x-2-rollen\/#primaryimage"},"thumbnailUrl":"https:\/\/m.media-amazon.com\/images\/I\/41LR-Nmcy+L._SL500_.jpg","datePublished":"2024-05-29T02:19:23+00:00","description":"Markt-XXL 3M Scotch Blaues Band Wasserdicht, Automotive Kreppband 3434 110\u00b0C 24 mm x 50m x 2 Rollen","breadcrumb":{"@id":"https:\/\/marktxxl.de\/markt\/produkt\/3m-scotch-blaues-band-wasserdicht-automotive-kreppband-3434-110c-24-mm-x-50m-x-2-rollen\/#breadcrumb"},"inLanguage":"de","potentialAction":[{"@type":"ReadAction","target":["https:\/\/marktxxl.de\/markt\/produkt\/3m-scotch-blaues-band-wasserdicht-automotive-kreppband-3434-110c-24-mm-x-50m-x-2-rollen\/"]}]},{"@type":"ImageObject","inLanguage":"de","@id":"https:\/\/marktxxl.de\/markt\/produkt\/3m-scotch-blaues-band-wasserdicht-automotive-kreppband-3434-110c-24-mm-x-50m-x-2-rollen\/#primaryimage","url":"https:\/\/m.media-amazon.com\/images\/I\/41LR-Nmcy+L._SL500_.jpg","contentUrl":"https:\/\/m.media-amazon.com\/images\/I\/41LR-Nmcy+L._SL500_.jpg","width":500,"height":500},{"@type":"BreadcrumbList","@id":"https:\/\/marktxxl.de\/markt\/produkt\/3m-scotch-blaues-band-wasserdicht-automotive-kreppband-3434-110c-24-mm-x-50m-x-2-rollen\/#breadcrumb","itemListElement":[{"@type":"ListItem","position":1,"name":"Startseite","item":"https:\/\/marktxxl.de\/markt\/"},{"@type":"ListItem","position":2,"name":"Markt","item":"https:\/\/marktxxl.de\/markt\/"},{"@type":"ListItem","position":3,"name":"3M Scotch Blaues Band Wasserdicht, Automotive Kreppband 3434 110\u00b0C 24 mm x 50m x 2 Rollen"}]},{"@type":"WebSite","@id":"https:\/\/marktxxl.de\/markt\/#website","url":"https:\/\/marktxxl.de\/markt\/","name":"Markt-XXL","description":"Ihr Markt Online","publisher":{"@id":"https:\/\/marktxxl.de\/markt\/#organization"},"potentialAction":[{"@type":"SearchAction","target":{"@type":"EntryPoint","urlTemplate":"https:\/\/marktxxl.de\/markt\/?s={search_term_string}"},"query-input":{"@type":"PropertyValueSpecification","valueRequired":true,"valueName":"search_term_string"}}],"inLanguage":"de"},{"@type":"Organization","@id":"https:\/\/marktxxl.de\/markt\/#organization","name":"Markt-XXL","url":"https:\/\/marktxxl.de\/markt\/","logo":{"@type":"ImageObject","inLanguage":"de","@id":"https:\/\/marktxxl.de\/markt\/#\/schema\/logo\/image\/","url":"https:\/\/marktxxl.de\/markt\/wp-content\/uploads\/sites\/3\/2020\/12\/logo.png","contentUrl":"https:\/\/marktxxl.de\/markt\/wp-content\/uploads\/sites\/3\/2020\/12\/logo.png","width":200,"height":70,"caption":"Markt-XXL"},"image":{"@id":"https:\/\/marktxxl.de\/markt\/#\/schema\/logo\/image\/"}}]}},"_links":{"self":[{"href":"https:\/\/marktxxl.de\/markt\/wp-json\/wp\/v2\/product\/207949","targetHints":{"allow":["GET"]}}],"collection":[{"href":"https:\/\/marktxxl.de\/markt\/wp-json\/wp\/v2\/product"}],"about":[{"href":"https:\/\/marktxxl.de\/markt\/wp-json\/wp\/v2\/types\/product"}],"replies":[{"embeddable":true,"href":"https:\/\/marktxxl.de\/markt\/wp-json\/wp\/v2\/comments?post=207949"}],"wp:featuredmedia":[{"embeddable":true,"href":"https:\/\/marktxxl.de\/markt\/wp-json\/wp\/v2\/media\/207950"}],"wp:attachment":[{"href":"https:\/\/marktxxl.de\/markt\/wp-json\/wp\/v2\/media?parent=207949"}],"wp:term":[{"taxonomy":"product_brand","embeddable":true,"href":"https:\/\/marktxxl.de\/markt\/wp-json\/wp\/v2\/product_brand?post=207949"},{"taxonomy":"product_cat","embeddable":true,"href":"https:\/\/marktxxl.de\/markt\/wp-json\/wp\/v2\/product_cat?post=207949"},{"taxonomy":"product_tag","embeddable":true,"href":"https:\/\/marktxxl.de\/markt\/wp-json\/wp\/v2\/product_tag?post=207949"}],"curies":[{"name":"wp","href":"https:\/\/api.w.org\/{rel}","templated":true}]}}