{"id":207868,"date":"2024-05-29T03:41:52","date_gmt":"2024-05-29T01:41:52","guid":{"rendered":"https:\/\/marktxxl.de\/markt\/produkt\/dema-oberlenker-840-kat-1\/"},"modified":"2024-05-29T03:41:52","modified_gmt":"2024-05-29T01:41:52","slug":"dema-oberlenker-840-kat-1","status":"publish","type":"product","link":"https:\/\/marktxxl.de\/markt\/produkt\/dema-oberlenker-840-kat-1\/","title":{"rendered":"DEMA Oberlenker 840 Kat 1"},"content":{"rendered":"<p>Dema Oberlenker 620-840mm Gewindeoberlenker Schlepper Traktor 30&#215;3 500mm Kat1<br \/>\nHochwertige Qualit\u00e4t und Verarbeitung: Der Oberlenker mit einer einstellbaren L\u00e4nge von 620-840 mm und der Kategorie 1 ist ein Produkt von exzellenter Qualit\u00e4t und Verarbeitung. Hergestellt aus hochwertigen Materialien und mit pr\u00e4ziser Verarbeitung, bietet er eine zuverl\u00e4ssige Leistung und Langlebigkeit.<br \/>\nGeeignet f\u00fcr Schlepper bis ca. 80 PS: Dieser Oberlenker wurde speziell f\u00fcr Schlepper mit einer Leistung von bis zu ca. 80 PS entwickelt. Dadurch ist er ideal f\u00fcr eine Vielzahl von landwirtschaftlichen Anwendungen geeignet, von leichteren bis hin zu mittelschweren Aufgaben.<br \/>\nHohe Korrosionsbest\u00e4ndigkeit durch Verzinkung: Der Oberlenker ist komplett verzinkt, was ihm eine hohe Korrosionsbest\u00e4ndigkeit verleiht. Dadurch ist er auch bei widrigen Witterungsbedingungen und im Freien langfristig vor Rost gesch\u00fctzt, was seine Lebensdauer deutlich verl\u00e4ngert.<br \/>\nEinfache Anpassung und zuverl\u00e4ssige Verbindung: Mit der Oberlenkerkugel erm\u00f6glicht dieser Gewindeoberlenker eine zuverl\u00e4ssige Verbindung und eine einfache Anpassung an verschiedene landwirtschaftliche Anbauger\u00e4te. Dies gew\u00e4hrleistet eine effektive Nutzung und Vielseitigkeit im Einsatz.<br \/>\n<div class=\"main-cross-sell\" data-asin=\"B000RVZGWY\">\n\n\t<div class=\"WooZone-cross-sell-loader\">\n\t\t<div>\n\t\t\t<div id=\"floatingBarsG\">\n\t\t\t\t<div class=\"blockG\" id=\"rotateG_01\"><\/div>\n\t\t\t\t<div class=\"blockG\" id=\"rotateG_02\"><\/div>\n\t\t\t\t<div class=\"blockG\" id=\"rotateG_03\"><\/div>\n\t\t\t\t<div class=\"blockG\" id=\"rotateG_04\"><\/div>\n\t\t\t\t<div class=\"blockG\" id=\"rotateG_05\"><\/div>\n\t\t\t\t<div class=\"blockG\" id=\"rotateG_06\"><\/div>\n\t\t\t\t<div class=\"blockG\" id=\"rotateG_07\"><\/div>\n\t\t\t\t<div class=\"blockG\" id=\"rotateG_08\"><\/div>\n\t\t\t<\/div>\n\t\t\t<div class=\"WooZone-cross-sell-loader-text\"><\/div>\n\t\t<\/div>\n\t<\/div>\n\n\t\t\n<\/div>\n<div style=\"clear:both;\"><\/div><\/p>\n","protected":false},"excerpt":{"rendered":"<p>Dema Oberlenker 620-840mm Gewindeoberlenker Schlepper Traktor 30&#215;3 500mm Kat1<br \/>\nHochwertige Qualit\u00e4t und Verarbeitung: Der Oberlenker mit einer einstellbaren L\u00e4nge von 620-840 mm und der Kategorie 1 ist ein Produkt von exzellenter Qualit\u00e4t und Verarbeitung. Hergestellt aus hochwertigen Materialien und mit pr\u00e4ziser Verarbeitung, bietet er eine zuverl\u00e4ssige Leistung und Langlebigkeit.<br \/>\nGeeignet f\u00fcr Schlepper bis ca. 80 PS: Dieser Oberlenker wurde speziell f\u00fcr Schlepper mit einer Leistung von bis zu ca. 80 PS entwickelt. Dadurch ist er ideal f\u00fcr eine Vielzahl von landwirtschaftlichen Anwendungen geeignet, von leichteren bis hin zu mittelschweren Aufgaben.<\/p>\n","protected":false},"featured_media":207869,"comment_status":"open","ping_status":"closed","template":"","meta":[],"product_brand":[],"product_cat":[1983,10767],"product_tag":[],"class_list":{"0":"post-207868","1":"product","2":"type-product","3":"status-publish","4":"has-post-thumbnail","6":"product_cat-baumarkt","7":"product_cat-baumaschinen-zubehoer","8":"pa_binding-misc","9":"pa_brand-dema","10":"pa_height-1-9685-zoll","11":"pa_length-26-3779-zoll","12":"pa_manufacturer-dema","13":"pa_weight-11-6404074336-pounds","14":"pa_width-3-34645-zoll","16":"first","17":"instock","18":"shipping-taxable","19":"purchasable","20":"product-type-simple","21":"customify-col","22":"product-has-gallery"},"yoast_head":"<!-- This site is optimized with the Yoast SEO plugin v27.3 - https:\/\/yoast.com\/product\/yoast-seo-wordpress\/ -->\n<title>DEMA Oberlenker 840 Kat 1 - Markt-XXL<\/title>\n<meta name=\"description\" content=\"Markt-XXL DEMA Oberlenker 840 Kat 1\" \/>\n<meta name=\"robots\" content=\"index, follow, max-snippet:-1, max-image-preview:large, max-video-preview:-1\" \/>\n<link rel=\"canonical\" href=\"https:\/\/marktxxl.de\/markt\/produkt\/dema-oberlenker-840-kat-1\/\" \/>\n<meta property=\"og:locale\" content=\"de_DE\" \/>\n<meta property=\"og:type\" content=\"article\" \/>\n<meta property=\"og:title\" content=\"DEMA Oberlenker 840 Kat 1 - Markt-XXL\" \/>\n<meta property=\"og:description\" content=\"Markt-XXL DEMA Oberlenker 840 Kat 1\" \/>\n<meta property=\"og:url\" content=\"https:\/\/marktxxl.de\/markt\/produkt\/dema-oberlenker-840-kat-1\/\" \/>\n<meta property=\"og:site_name\" content=\"Markt-XXL\" \/>\n<meta name=\"twitter:card\" content=\"summary_large_image\" \/>\n<meta name=\"twitter:label1\" content=\"Gesch\u00e4tzte Lesezeit\" \/>\n\t<meta name=\"twitter:data1\" content=\"1\u00a0Minute\" \/>\n<script type=\"application\/ld+json\" class=\"yoast-schema-graph\">{\"@context\":\"https:\\\/\\\/schema.org\",\"@graph\":[{\"@type\":\"WebPage\",\"@id\":\"https:\\\/\\\/marktxxl.de\\\/markt\\\/produkt\\\/dema-oberlenker-840-kat-1\\\/\",\"url\":\"https:\\\/\\\/marktxxl.de\\\/markt\\\/produkt\\\/dema-oberlenker-840-kat-1\\\/\",\"name\":\"DEMA Oberlenker 840 Kat 1 - Markt-XXL\",\"isPartOf\":{\"@id\":\"https:\\\/\\\/marktxxl.de\\\/markt\\\/#website\"},\"primaryImageOfPage\":{\"@id\":\"https:\\\/\\\/marktxxl.de\\\/markt\\\/produkt\\\/dema-oberlenker-840-kat-1\\\/#primaryimage\"},\"image\":{\"@id\":\"https:\\\/\\\/marktxxl.de\\\/markt\\\/produkt\\\/dema-oberlenker-840-kat-1\\\/#primaryimage\"},\"thumbnailUrl\":\"https:\\\/\\\/m.media-amazon.com\\\/images\\\/I\\\/31030LPaSUL._SL500_.jpg\",\"datePublished\":\"2024-05-29T01:41:52+00:00\",\"description\":\"Markt-XXL DEMA Oberlenker 840 Kat 1\",\"breadcrumb\":{\"@id\":\"https:\\\/\\\/marktxxl.de\\\/markt\\\/produkt\\\/dema-oberlenker-840-kat-1\\\/#breadcrumb\"},\"inLanguage\":\"de\",\"potentialAction\":[{\"@type\":\"ReadAction\",\"target\":[\"https:\\\/\\\/marktxxl.de\\\/markt\\\/produkt\\\/dema-oberlenker-840-kat-1\\\/\"]}]},{\"@type\":\"ImageObject\",\"inLanguage\":\"de\",\"@id\":\"https:\\\/\\\/marktxxl.de\\\/markt\\\/produkt\\\/dema-oberlenker-840-kat-1\\\/#primaryimage\",\"url\":\"https:\\\/\\\/m.media-amazon.com\\\/images\\\/I\\\/31030LPaSUL._SL500_.jpg\",\"contentUrl\":\"https:\\\/\\\/m.media-amazon.com\\\/images\\\/I\\\/31030LPaSUL._SL500_.jpg\",\"width\":500,\"height\":500},{\"@type\":\"BreadcrumbList\",\"@id\":\"https:\\\/\\\/marktxxl.de\\\/markt\\\/produkt\\\/dema-oberlenker-840-kat-1\\\/#breadcrumb\",\"itemListElement\":[{\"@type\":\"ListItem\",\"position\":1,\"name\":\"Startseite\",\"item\":\"https:\\\/\\\/marktxxl.de\\\/markt\\\/\"},{\"@type\":\"ListItem\",\"position\":2,\"name\":\"Markt\",\"item\":\"https:\\\/\\\/marktxxl.de\\\/markt\\\/\"},{\"@type\":\"ListItem\",\"position\":3,\"name\":\"DEMA Oberlenker 840 Kat 1\"}]},{\"@type\":\"WebSite\",\"@id\":\"https:\\\/\\\/marktxxl.de\\\/markt\\\/#website\",\"url\":\"https:\\\/\\\/marktxxl.de\\\/markt\\\/\",\"name\":\"Markt-XXL\",\"description\":\"Ihr Markt Online\",\"publisher\":{\"@id\":\"https:\\\/\\\/marktxxl.de\\\/markt\\\/#organization\"},\"potentialAction\":[{\"@type\":\"SearchAction\",\"target\":{\"@type\":\"EntryPoint\",\"urlTemplate\":\"https:\\\/\\\/marktxxl.de\\\/markt\\\/?s={search_term_string}\"},\"query-input\":{\"@type\":\"PropertyValueSpecification\",\"valueRequired\":true,\"valueName\":\"search_term_string\"}}],\"inLanguage\":\"de\"},{\"@type\":\"Organization\",\"@id\":\"https:\\\/\\\/marktxxl.de\\\/markt\\\/#organization\",\"name\":\"Markt-XXL\",\"url\":\"https:\\\/\\\/marktxxl.de\\\/markt\\\/\",\"logo\":{\"@type\":\"ImageObject\",\"inLanguage\":\"de\",\"@id\":\"https:\\\/\\\/marktxxl.de\\\/markt\\\/#\\\/schema\\\/logo\\\/image\\\/\",\"url\":\"https:\\\/\\\/marktxxl.de\\\/markt\\\/wp-content\\\/uploads\\\/sites\\\/3\\\/2020\\\/12\\\/logo.png\",\"contentUrl\":\"https:\\\/\\\/marktxxl.de\\\/markt\\\/wp-content\\\/uploads\\\/sites\\\/3\\\/2020\\\/12\\\/logo.png\",\"width\":200,\"height\":70,\"caption\":\"Markt-XXL\"},\"image\":{\"@id\":\"https:\\\/\\\/marktxxl.de\\\/markt\\\/#\\\/schema\\\/logo\\\/image\\\/\"}}]}<\/script>\n<!-- \/ Yoast SEO plugin. -->","yoast_head_json":{"title":"DEMA Oberlenker 840 Kat 1 - Markt-XXL","description":"Markt-XXL DEMA Oberlenker 840 Kat 1","robots":{"index":"index","follow":"follow","max-snippet":"max-snippet:-1","max-image-preview":"max-image-preview:large","max-video-preview":"max-video-preview:-1"},"canonical":"https:\/\/marktxxl.de\/markt\/produkt\/dema-oberlenker-840-kat-1\/","og_locale":"de_DE","og_type":"article","og_title":"DEMA Oberlenker 840 Kat 1 - Markt-XXL","og_description":"Markt-XXL DEMA Oberlenker 840 Kat 1","og_url":"https:\/\/marktxxl.de\/markt\/produkt\/dema-oberlenker-840-kat-1\/","og_site_name":"Markt-XXL","twitter_card":"summary_large_image","twitter_misc":{"Gesch\u00e4tzte Lesezeit":"1\u00a0Minute"},"schema":{"@context":"https:\/\/schema.org","@graph":[{"@type":"WebPage","@id":"https:\/\/marktxxl.de\/markt\/produkt\/dema-oberlenker-840-kat-1\/","url":"https:\/\/marktxxl.de\/markt\/produkt\/dema-oberlenker-840-kat-1\/","name":"DEMA Oberlenker 840 Kat 1 - Markt-XXL","isPartOf":{"@id":"https:\/\/marktxxl.de\/markt\/#website"},"primaryImageOfPage":{"@id":"https:\/\/marktxxl.de\/markt\/produkt\/dema-oberlenker-840-kat-1\/#primaryimage"},"image":{"@id":"https:\/\/marktxxl.de\/markt\/produkt\/dema-oberlenker-840-kat-1\/#primaryimage"},"thumbnailUrl":"https:\/\/m.media-amazon.com\/images\/I\/31030LPaSUL._SL500_.jpg","datePublished":"2024-05-29T01:41:52+00:00","description":"Markt-XXL DEMA Oberlenker 840 Kat 1","breadcrumb":{"@id":"https:\/\/marktxxl.de\/markt\/produkt\/dema-oberlenker-840-kat-1\/#breadcrumb"},"inLanguage":"de","potentialAction":[{"@type":"ReadAction","target":["https:\/\/marktxxl.de\/markt\/produkt\/dema-oberlenker-840-kat-1\/"]}]},{"@type":"ImageObject","inLanguage":"de","@id":"https:\/\/marktxxl.de\/markt\/produkt\/dema-oberlenker-840-kat-1\/#primaryimage","url":"https:\/\/m.media-amazon.com\/images\/I\/31030LPaSUL._SL500_.jpg","contentUrl":"https:\/\/m.media-amazon.com\/images\/I\/31030LPaSUL._SL500_.jpg","width":500,"height":500},{"@type":"BreadcrumbList","@id":"https:\/\/marktxxl.de\/markt\/produkt\/dema-oberlenker-840-kat-1\/#breadcrumb","itemListElement":[{"@type":"ListItem","position":1,"name":"Startseite","item":"https:\/\/marktxxl.de\/markt\/"},{"@type":"ListItem","position":2,"name":"Markt","item":"https:\/\/marktxxl.de\/markt\/"},{"@type":"ListItem","position":3,"name":"DEMA Oberlenker 840 Kat 1"}]},{"@type":"WebSite","@id":"https:\/\/marktxxl.de\/markt\/#website","url":"https:\/\/marktxxl.de\/markt\/","name":"Markt-XXL","description":"Ihr Markt Online","publisher":{"@id":"https:\/\/marktxxl.de\/markt\/#organization"},"potentialAction":[{"@type":"SearchAction","target":{"@type":"EntryPoint","urlTemplate":"https:\/\/marktxxl.de\/markt\/?s={search_term_string}"},"query-input":{"@type":"PropertyValueSpecification","valueRequired":true,"valueName":"search_term_string"}}],"inLanguage":"de"},{"@type":"Organization","@id":"https:\/\/marktxxl.de\/markt\/#organization","name":"Markt-XXL","url":"https:\/\/marktxxl.de\/markt\/","logo":{"@type":"ImageObject","inLanguage":"de","@id":"https:\/\/marktxxl.de\/markt\/#\/schema\/logo\/image\/","url":"https:\/\/marktxxl.de\/markt\/wp-content\/uploads\/sites\/3\/2020\/12\/logo.png","contentUrl":"https:\/\/marktxxl.de\/markt\/wp-content\/uploads\/sites\/3\/2020\/12\/logo.png","width":200,"height":70,"caption":"Markt-XXL"},"image":{"@id":"https:\/\/marktxxl.de\/markt\/#\/schema\/logo\/image\/"}}]}},"_links":{"self":[{"href":"https:\/\/marktxxl.de\/markt\/wp-json\/wp\/v2\/product\/207868","targetHints":{"allow":["GET"]}}],"collection":[{"href":"https:\/\/marktxxl.de\/markt\/wp-json\/wp\/v2\/product"}],"about":[{"href":"https:\/\/marktxxl.de\/markt\/wp-json\/wp\/v2\/types\/product"}],"replies":[{"embeddable":true,"href":"https:\/\/marktxxl.de\/markt\/wp-json\/wp\/v2\/comments?post=207868"}],"wp:featuredmedia":[{"embeddable":true,"href":"https:\/\/marktxxl.de\/markt\/wp-json\/wp\/v2\/media\/207869"}],"wp:attachment":[{"href":"https:\/\/marktxxl.de\/markt\/wp-json\/wp\/v2\/media?parent=207868"}],"wp:term":[{"taxonomy":"product_brand","embeddable":true,"href":"https:\/\/marktxxl.de\/markt\/wp-json\/wp\/v2\/product_brand?post=207868"},{"taxonomy":"product_cat","embeddable":true,"href":"https:\/\/marktxxl.de\/markt\/wp-json\/wp\/v2\/product_cat?post=207868"},{"taxonomy":"product_tag","embeddable":true,"href":"https:\/\/marktxxl.de\/markt\/wp-json\/wp\/v2\/product_tag?post=207868"}],"curies":[{"name":"wp","href":"https:\/\/api.w.org\/{rel}","templated":true}]}}