{"id":207789,"date":"2024-05-29T03:13:11","date_gmt":"2024-05-29T01:13:11","guid":{"rendered":"https:\/\/marktxxl.de\/markt\/produkt\/cub-cadet-946-05121a-speed-drive-cable-z-sc-hw-ez-eq-500z-500hw-500ez-500e\/"},"modified":"2024-05-29T03:13:11","modified_gmt":"2024-05-29T01:13:11","slug":"cub-cadet-946-05121a-speed-drive-cable-z-sc-hw-ez-eq-500z-500hw-500ez-500e","status":"publish","type":"product","link":"https:\/\/marktxxl.de\/markt\/produkt\/cub-cadet-946-05121a-speed-drive-cable-z-sc-hw-ez-eq-500z-500hw-500ez-500e\/","title":{"rendered":"CUB CADET 946-05121A Speed Drive Cable Z SC HW EZ EQ 500Z 500HW 500EZ 500E"},"content":{"rendered":"<p>Original OEM CUB CADET Teilenummer 946-05121A ersetzt MPN 946-05121 746-05121A 746-05121<br \/>\nPassend f\u00fcr folgende Modelle: 12ABO6M5710 SC 500 Z, 12ABP2M5710 SC 500 hw, 12ACP2J6710 SC 500 eq, SC 500 EQ, SC 500 EZ, SC 500 HW, SC 500 Z, SC 500E, SC 5000E, SC 500 EZ, SC 50 0HW, SC 500Z<br \/>\nBitte beachten Sie die Original-Betriebsanleitung f\u00fcr vollst\u00e4ndige Kompatibilit\u00e4t<br \/>\n<div class=\"main-cross-sell\" data-asin=\"B091QDYXFL\">\n\n\t<div class=\"WooZone-cross-sell-loader\">\n\t\t<div>\n\t\t\t<div id=\"floatingBarsG\">\n\t\t\t\t<div class=\"blockG\" id=\"rotateG_01\"><\/div>\n\t\t\t\t<div class=\"blockG\" id=\"rotateG_02\"><\/div>\n\t\t\t\t<div class=\"blockG\" id=\"rotateG_03\"><\/div>\n\t\t\t\t<div class=\"blockG\" id=\"rotateG_04\"><\/div>\n\t\t\t\t<div class=\"blockG\" id=\"rotateG_05\"><\/div>\n\t\t\t\t<div class=\"blockG\" id=\"rotateG_06\"><\/div>\n\t\t\t\t<div class=\"blockG\" id=\"rotateG_07\"><\/div>\n\t\t\t\t<div class=\"blockG\" id=\"rotateG_08\"><\/div>\n\t\t\t<\/div>\n\t\t\t<div class=\"WooZone-cross-sell-loader-text\"><\/div>\n\t\t<\/div>\n\t<\/div>\n\n\t\t\n<\/div>\n<div style=\"clear:both;\"><\/div><\/p>\n","protected":false},"excerpt":{"rendered":"<p>Original OEM CUB CADET Teilenummer 946-05121A ersetzt MPN 946-05121 746-05121A 746-05121<br \/>\nPassend f\u00fcr folgende Modelle: 12ABO6M5710 SC 500 Z, 12ABP2M5710 SC 500 hw, 12ACP2J6710 SC 500 eq, SC 500 EQ, SC 500 EZ, SC 500 HW, SC 500 Z, SC 500E, SC 5000E, SC 500 EZ, SC 50 0HW, SC 500Z<br \/>\nBitte beachten Sie die Original-Betriebsanleitung f\u00fcr vollst\u00e4ndige Kompatibilit\u00e4t<\/p>\n","protected":false},"featured_media":207790,"comment_status":"open","ping_status":"closed","template":"","meta":[],"product_brand":[],"product_cat":[1983,10767],"product_tag":[],"class_list":{"0":"post-207789","1":"product","2":"type-product","3":"status-publish","4":"has-post-thumbnail","6":"product_cat-baumarkt","7":"product_cat-baumaschinen-zubehoer","8":"pa_binding-unbekannter-einband","9":"pa_brand-cub-cadet","10":"pa_color-black","11":"pa_height-0-75-zoll","12":"pa_length-11-zoll","13":"pa_manufacturer-cub-cadet","14":"pa_model-946-05121a","15":"pa_width-9-zoll","17":"first","18":"instock","19":"shipping-taxable","20":"purchasable","21":"product-type-simple","22":"customify-col","23":"product-has-gallery"},"yoast_head":"<!-- This site is optimized with the Yoast SEO plugin v27.3 - https:\/\/yoast.com\/product\/yoast-seo-wordpress\/ -->\n<title>CUB CADET 946-05121A Speed Drive Cable Z SC HW EZ EQ 500Z 500HW 500EZ 500E - Markt-XXL<\/title>\n<meta name=\"description\" content=\"Markt-XXL CUB CADET 946-05121A Speed Drive Cable Z SC HW EZ EQ 500Z 500HW 500EZ 500E\" \/>\n<meta name=\"robots\" content=\"index, follow, max-snippet:-1, max-image-preview:large, max-video-preview:-1\" \/>\n<link rel=\"canonical\" href=\"https:\/\/marktxxl.de\/markt\/produkt\/cub-cadet-946-05121a-speed-drive-cable-z-sc-hw-ez-eq-500z-500hw-500ez-500e\/\" \/>\n<meta property=\"og:locale\" content=\"de_DE\" \/>\n<meta property=\"og:type\" content=\"article\" \/>\n<meta property=\"og:title\" content=\"CUB CADET 946-05121A Speed Drive Cable Z SC HW EZ EQ 500Z 500HW 500EZ 500E - Markt-XXL\" \/>\n<meta property=\"og:description\" content=\"Markt-XXL CUB CADET 946-05121A Speed Drive Cable Z SC HW EZ EQ 500Z 500HW 500EZ 500E\" \/>\n<meta property=\"og:url\" content=\"https:\/\/marktxxl.de\/markt\/produkt\/cub-cadet-946-05121a-speed-drive-cable-z-sc-hw-ez-eq-500z-500hw-500ez-500e\/\" \/>\n<meta property=\"og:site_name\" content=\"Markt-XXL\" \/>\n<meta name=\"twitter:card\" content=\"summary_large_image\" \/>\n<script type=\"application\/ld+json\" class=\"yoast-schema-graph\">{\"@context\":\"https:\\\/\\\/schema.org\",\"@graph\":[{\"@type\":\"WebPage\",\"@id\":\"https:\\\/\\\/marktxxl.de\\\/markt\\\/produkt\\\/cub-cadet-946-05121a-speed-drive-cable-z-sc-hw-ez-eq-500z-500hw-500ez-500e\\\/\",\"url\":\"https:\\\/\\\/marktxxl.de\\\/markt\\\/produkt\\\/cub-cadet-946-05121a-speed-drive-cable-z-sc-hw-ez-eq-500z-500hw-500ez-500e\\\/\",\"name\":\"CUB CADET 946-05121A Speed Drive Cable Z SC HW EZ EQ 500Z 500HW 500EZ 500E - Markt-XXL\",\"isPartOf\":{\"@id\":\"https:\\\/\\\/marktxxl.de\\\/markt\\\/#website\"},\"primaryImageOfPage\":{\"@id\":\"https:\\\/\\\/marktxxl.de\\\/markt\\\/produkt\\\/cub-cadet-946-05121a-speed-drive-cable-z-sc-hw-ez-eq-500z-500hw-500ez-500e\\\/#primaryimage\"},\"image\":{\"@id\":\"https:\\\/\\\/marktxxl.de\\\/markt\\\/produkt\\\/cub-cadet-946-05121a-speed-drive-cable-z-sc-hw-ez-eq-500z-500hw-500ez-500e\\\/#primaryimage\"},\"thumbnailUrl\":\"https:\\\/\\\/m.media-amazon.com\\\/images\\\/I\\\/31D6mH7qj8L._SL500_.jpg\",\"datePublished\":\"2024-05-29T01:13:11+00:00\",\"description\":\"Markt-XXL CUB CADET 946-05121A Speed Drive Cable Z SC HW EZ EQ 500Z 500HW 500EZ 500E\",\"breadcrumb\":{\"@id\":\"https:\\\/\\\/marktxxl.de\\\/markt\\\/produkt\\\/cub-cadet-946-05121a-speed-drive-cable-z-sc-hw-ez-eq-500z-500hw-500ez-500e\\\/#breadcrumb\"},\"inLanguage\":\"de\",\"potentialAction\":[{\"@type\":\"ReadAction\",\"target\":[\"https:\\\/\\\/marktxxl.de\\\/markt\\\/produkt\\\/cub-cadet-946-05121a-speed-drive-cable-z-sc-hw-ez-eq-500z-500hw-500ez-500e\\\/\"]}]},{\"@type\":\"ImageObject\",\"inLanguage\":\"de\",\"@id\":\"https:\\\/\\\/marktxxl.de\\\/markt\\\/produkt\\\/cub-cadet-946-05121a-speed-drive-cable-z-sc-hw-ez-eq-500z-500hw-500ez-500e\\\/#primaryimage\",\"url\":\"https:\\\/\\\/m.media-amazon.com\\\/images\\\/I\\\/31D6mH7qj8L._SL500_.jpg\",\"contentUrl\":\"https:\\\/\\\/m.media-amazon.com\\\/images\\\/I\\\/31D6mH7qj8L._SL500_.jpg\",\"width\":500,\"height\":500},{\"@type\":\"BreadcrumbList\",\"@id\":\"https:\\\/\\\/marktxxl.de\\\/markt\\\/produkt\\\/cub-cadet-946-05121a-speed-drive-cable-z-sc-hw-ez-eq-500z-500hw-500ez-500e\\\/#breadcrumb\",\"itemListElement\":[{\"@type\":\"ListItem\",\"position\":1,\"name\":\"Startseite\",\"item\":\"https:\\\/\\\/marktxxl.de\\\/markt\\\/\"},{\"@type\":\"ListItem\",\"position\":2,\"name\":\"Markt\",\"item\":\"https:\\\/\\\/marktxxl.de\\\/markt\\\/\"},{\"@type\":\"ListItem\",\"position\":3,\"name\":\"CUB CADET 946-05121A Speed Drive Cable Z SC HW EZ EQ 500Z 500HW 500EZ 500E\"}]},{\"@type\":\"WebSite\",\"@id\":\"https:\\\/\\\/marktxxl.de\\\/markt\\\/#website\",\"url\":\"https:\\\/\\\/marktxxl.de\\\/markt\\\/\",\"name\":\"Markt-XXL\",\"description\":\"Ihr Markt Online\",\"publisher\":{\"@id\":\"https:\\\/\\\/marktxxl.de\\\/markt\\\/#organization\"},\"potentialAction\":[{\"@type\":\"SearchAction\",\"target\":{\"@type\":\"EntryPoint\",\"urlTemplate\":\"https:\\\/\\\/marktxxl.de\\\/markt\\\/?s={search_term_string}\"},\"query-input\":{\"@type\":\"PropertyValueSpecification\",\"valueRequired\":true,\"valueName\":\"search_term_string\"}}],\"inLanguage\":\"de\"},{\"@type\":\"Organization\",\"@id\":\"https:\\\/\\\/marktxxl.de\\\/markt\\\/#organization\",\"name\":\"Markt-XXL\",\"url\":\"https:\\\/\\\/marktxxl.de\\\/markt\\\/\",\"logo\":{\"@type\":\"ImageObject\",\"inLanguage\":\"de\",\"@id\":\"https:\\\/\\\/marktxxl.de\\\/markt\\\/#\\\/schema\\\/logo\\\/image\\\/\",\"url\":\"https:\\\/\\\/marktxxl.de\\\/markt\\\/wp-content\\\/uploads\\\/sites\\\/3\\\/2020\\\/12\\\/logo.png\",\"contentUrl\":\"https:\\\/\\\/marktxxl.de\\\/markt\\\/wp-content\\\/uploads\\\/sites\\\/3\\\/2020\\\/12\\\/logo.png\",\"width\":200,\"height\":70,\"caption\":\"Markt-XXL\"},\"image\":{\"@id\":\"https:\\\/\\\/marktxxl.de\\\/markt\\\/#\\\/schema\\\/logo\\\/image\\\/\"}}]}<\/script>\n<!-- \/ Yoast SEO plugin. -->","yoast_head_json":{"title":"CUB CADET 946-05121A Speed Drive Cable Z SC HW EZ EQ 500Z 500HW 500EZ 500E - Markt-XXL","description":"Markt-XXL CUB CADET 946-05121A Speed Drive Cable Z SC HW EZ EQ 500Z 500HW 500EZ 500E","robots":{"index":"index","follow":"follow","max-snippet":"max-snippet:-1","max-image-preview":"max-image-preview:large","max-video-preview":"max-video-preview:-1"},"canonical":"https:\/\/marktxxl.de\/markt\/produkt\/cub-cadet-946-05121a-speed-drive-cable-z-sc-hw-ez-eq-500z-500hw-500ez-500e\/","og_locale":"de_DE","og_type":"article","og_title":"CUB CADET 946-05121A Speed Drive Cable Z SC HW EZ EQ 500Z 500HW 500EZ 500E - Markt-XXL","og_description":"Markt-XXL CUB CADET 946-05121A Speed Drive Cable Z SC HW EZ EQ 500Z 500HW 500EZ 500E","og_url":"https:\/\/marktxxl.de\/markt\/produkt\/cub-cadet-946-05121a-speed-drive-cable-z-sc-hw-ez-eq-500z-500hw-500ez-500e\/","og_site_name":"Markt-XXL","twitter_card":"summary_large_image","schema":{"@context":"https:\/\/schema.org","@graph":[{"@type":"WebPage","@id":"https:\/\/marktxxl.de\/markt\/produkt\/cub-cadet-946-05121a-speed-drive-cable-z-sc-hw-ez-eq-500z-500hw-500ez-500e\/","url":"https:\/\/marktxxl.de\/markt\/produkt\/cub-cadet-946-05121a-speed-drive-cable-z-sc-hw-ez-eq-500z-500hw-500ez-500e\/","name":"CUB CADET 946-05121A Speed Drive Cable Z SC HW EZ EQ 500Z 500HW 500EZ 500E - Markt-XXL","isPartOf":{"@id":"https:\/\/marktxxl.de\/markt\/#website"},"primaryImageOfPage":{"@id":"https:\/\/marktxxl.de\/markt\/produkt\/cub-cadet-946-05121a-speed-drive-cable-z-sc-hw-ez-eq-500z-500hw-500ez-500e\/#primaryimage"},"image":{"@id":"https:\/\/marktxxl.de\/markt\/produkt\/cub-cadet-946-05121a-speed-drive-cable-z-sc-hw-ez-eq-500z-500hw-500ez-500e\/#primaryimage"},"thumbnailUrl":"https:\/\/m.media-amazon.com\/images\/I\/31D6mH7qj8L._SL500_.jpg","datePublished":"2024-05-29T01:13:11+00:00","description":"Markt-XXL CUB CADET 946-05121A Speed Drive Cable Z SC HW EZ EQ 500Z 500HW 500EZ 500E","breadcrumb":{"@id":"https:\/\/marktxxl.de\/markt\/produkt\/cub-cadet-946-05121a-speed-drive-cable-z-sc-hw-ez-eq-500z-500hw-500ez-500e\/#breadcrumb"},"inLanguage":"de","potentialAction":[{"@type":"ReadAction","target":["https:\/\/marktxxl.de\/markt\/produkt\/cub-cadet-946-05121a-speed-drive-cable-z-sc-hw-ez-eq-500z-500hw-500ez-500e\/"]}]},{"@type":"ImageObject","inLanguage":"de","@id":"https:\/\/marktxxl.de\/markt\/produkt\/cub-cadet-946-05121a-speed-drive-cable-z-sc-hw-ez-eq-500z-500hw-500ez-500e\/#primaryimage","url":"https:\/\/m.media-amazon.com\/images\/I\/31D6mH7qj8L._SL500_.jpg","contentUrl":"https:\/\/m.media-amazon.com\/images\/I\/31D6mH7qj8L._SL500_.jpg","width":500,"height":500},{"@type":"BreadcrumbList","@id":"https:\/\/marktxxl.de\/markt\/produkt\/cub-cadet-946-05121a-speed-drive-cable-z-sc-hw-ez-eq-500z-500hw-500ez-500e\/#breadcrumb","itemListElement":[{"@type":"ListItem","position":1,"name":"Startseite","item":"https:\/\/marktxxl.de\/markt\/"},{"@type":"ListItem","position":2,"name":"Markt","item":"https:\/\/marktxxl.de\/markt\/"},{"@type":"ListItem","position":3,"name":"CUB CADET 946-05121A Speed Drive Cable Z SC HW EZ EQ 500Z 500HW 500EZ 500E"}]},{"@type":"WebSite","@id":"https:\/\/marktxxl.de\/markt\/#website","url":"https:\/\/marktxxl.de\/markt\/","name":"Markt-XXL","description":"Ihr Markt Online","publisher":{"@id":"https:\/\/marktxxl.de\/markt\/#organization"},"potentialAction":[{"@type":"SearchAction","target":{"@type":"EntryPoint","urlTemplate":"https:\/\/marktxxl.de\/markt\/?s={search_term_string}"},"query-input":{"@type":"PropertyValueSpecification","valueRequired":true,"valueName":"search_term_string"}}],"inLanguage":"de"},{"@type":"Organization","@id":"https:\/\/marktxxl.de\/markt\/#organization","name":"Markt-XXL","url":"https:\/\/marktxxl.de\/markt\/","logo":{"@type":"ImageObject","inLanguage":"de","@id":"https:\/\/marktxxl.de\/markt\/#\/schema\/logo\/image\/","url":"https:\/\/marktxxl.de\/markt\/wp-content\/uploads\/sites\/3\/2020\/12\/logo.png","contentUrl":"https:\/\/marktxxl.de\/markt\/wp-content\/uploads\/sites\/3\/2020\/12\/logo.png","width":200,"height":70,"caption":"Markt-XXL"},"image":{"@id":"https:\/\/marktxxl.de\/markt\/#\/schema\/logo\/image\/"}}]}},"_links":{"self":[{"href":"https:\/\/marktxxl.de\/markt\/wp-json\/wp\/v2\/product\/207789","targetHints":{"allow":["GET"]}}],"collection":[{"href":"https:\/\/marktxxl.de\/markt\/wp-json\/wp\/v2\/product"}],"about":[{"href":"https:\/\/marktxxl.de\/markt\/wp-json\/wp\/v2\/types\/product"}],"replies":[{"embeddable":true,"href":"https:\/\/marktxxl.de\/markt\/wp-json\/wp\/v2\/comments?post=207789"}],"wp:featuredmedia":[{"embeddable":true,"href":"https:\/\/marktxxl.de\/markt\/wp-json\/wp\/v2\/media\/207790"}],"wp:attachment":[{"href":"https:\/\/marktxxl.de\/markt\/wp-json\/wp\/v2\/media?parent=207789"}],"wp:term":[{"taxonomy":"product_brand","embeddable":true,"href":"https:\/\/marktxxl.de\/markt\/wp-json\/wp\/v2\/product_brand?post=207789"},{"taxonomy":"product_cat","embeddable":true,"href":"https:\/\/marktxxl.de\/markt\/wp-json\/wp\/v2\/product_cat?post=207789"},{"taxonomy":"product_tag","embeddable":true,"href":"https:\/\/marktxxl.de\/markt\/wp-json\/wp\/v2\/product_tag?post=207789"}],"curies":[{"name":"wp","href":"https:\/\/api.w.org\/{rel}","templated":true}]}}