{"id":207676,"date":"2024-05-29T03:02:19","date_gmt":"2024-05-29T01:02:19","guid":{"rendered":"https:\/\/marktxxl.de\/markt\/produkt\/lun-fix-gewindestange\/"},"modified":"2024-05-29T03:02:19","modified_gmt":"2024-05-29T01:02:19","slug":"lun-fix-gewindestange","status":"publish","type":"product","link":"https:\/\/marktxxl.de\/markt\/produkt\/lun-fix-gewindestange\/","title":{"rendered":"Lun Fix Gewindestange"},"content":{"rendered":"<p>ROBUST &amp; LANGLEBIG: Lun Fix Hochwertigen Gewindestangen (Gewindespindel) aus erstklassigem Carbonstahl Material bieten maximale St\u00e4rke und Haltbarkeit. Um einen Korrosionsschutz zu bieten, werden die stange gewinde zus\u00e4tzlich galvanisch verzinkt. Verlassen Sie sich auf die Zuverl\u00e4ssigkeit und Langlebigkeit f\u00fcr alle Ihre Projekte.<br \/>\nPERFEKTE PASSFORM F\u00dcR EINEN SICHEREN HALT: Lun Fix gewinde stangen passen nahtlos zu Muttern, Unterlegscheiben und Befestigungselementen. Erzielen Sie jedes Mal eine enge und sichere Verbindung f\u00fcr eine m\u00fchelose Installation. JETZT IN DEN WARENKORB (ADD TO CART) legen.<br \/>\nROBUSTE BELASTBARKEIT F\u00dcR SCHWERE PROJEKTE: Wir bieten Lun Fix Gewinde stangen in verschiedenen Festigkeitsklassen an, wie z.B. 4.8; 8.8; 10.9, die speziell f\u00fcr unterschiedliche Belastungen und exzellenten Halt ausgelegt sind. W\u00e4hlen Sie eine Festigkeitsklasse, die Ihren Anforderungen entspricht.<br \/>\nDAS UNIVERSELLE ELEMENT F\u00dcR ALLE BEFESTIGUNGSANWENDUNGEN: Die Gewindestifte DIN 975 ist f\u00fcr das Festziehen, Verbinden oder Erweitern von Befestigungskonstruktionen bestimmt. Die Gewindebolzen wird f\u00fcr die Befestigung von L\u00fcftungsanlagen, die Aufh\u00e4ngung von Kan\u00e4len und abgeh\u00e4ngten Decken, Wasserleitungen, Feuerl\u00f6schanlagen und anderen Systemen an Deckenplatten, die Befestigung von Balken, die Montage von Holzbalken, die Installation von Werbetafeln verwendet.<br \/>\nVIELSEITIGE L\u00c4NGENOPTIONEN F\u00dcR JEDES PROJEKT: Gewindestifte sind die L\u00f6sung, wenn aufgrund einer gr\u00f6\u00dferen Distanz eine Schraube als Verbindung nicht mehr ausreicht. Gewindebolzen k\u00f6nnen auf jede beliebige L\u00e4nge gek\u00fcrzt werden und sind dadurch vielf\u00e4ltig einsetzbar.<br \/>\nGRUNDINFORMATIONEN: Gr\u00f6\u00dfe der Gewinde: M8 12 14 16 18 22 24 27 30 6, L\u00e4nge: 1 m (1000 mm), DIN 975, Festigkeitsklasse: 4.8 8.8 10.9, Anwendung: universell,<br \/>\n<div class=\"main-cross-sell\" data-asin=\"B0C8BZL4DL\">\n\n\t<div class=\"WooZone-cross-sell-loader\">\n\t\t<div>\n\t\t\t<div id=\"floatingBarsG\">\n\t\t\t\t<div class=\"blockG\" id=\"rotateG_01\"><\/div>\n\t\t\t\t<div class=\"blockG\" id=\"rotateG_02\"><\/div>\n\t\t\t\t<div class=\"blockG\" id=\"rotateG_03\"><\/div>\n\t\t\t\t<div class=\"blockG\" id=\"rotateG_04\"><\/div>\n\t\t\t\t<div class=\"blockG\" id=\"rotateG_05\"><\/div>\n\t\t\t\t<div class=\"blockG\" id=\"rotateG_06\"><\/div>\n\t\t\t\t<div class=\"blockG\" id=\"rotateG_07\"><\/div>\n\t\t\t\t<div class=\"blockG\" id=\"rotateG_08\"><\/div>\n\t\t\t<\/div>\n\t\t\t<div class=\"WooZone-cross-sell-loader-text\"><\/div>\n\t\t<\/div>\n\t<\/div>\n\n\t\t\n<\/div>\n<div style=\"clear:both;\"><\/div><\/p>\n","protected":false},"excerpt":{"rendered":"<p>ROBUST &amp; LANGLEBIG: Lun Fix Hochwertigen Gewindestangen (Gewindespindel) aus erstklassigem Carbonstahl Material bieten maximale St\u00e4rke und Haltbarkeit. Um einen Korrosionsschutz zu bieten, werden die stange gewinde zus\u00e4tzlich galvanisch verzinkt. Verlassen Sie sich auf die Zuverl\u00e4ssigkeit und Langlebigkeit f\u00fcr alle Ihre Projekte.<br \/>\nPERFEKTE PASSFORM F\u00dcR EINEN SICHEREN HALT: Lun Fix gewinde stangen passen nahtlos zu Muttern, Unterlegscheiben und Befestigungselementen. Erzielen Sie jedes Mal eine enge und sichere Verbindung f\u00fcr eine m\u00fchelose Installation. JETZT IN DEN WARENKORB (ADD TO CART) legen.<br \/>\nROBUSTE BELASTBARKEIT F\u00dcR SCHWERE PROJEKTE: Wir bieten Lun Fix Gewinde stangen in verschiedenen Festigkeitsklassen an, wie z.B. 4.8; 8.8; 10.9, die speziell f\u00fcr unterschiedliche Belastungen und exzellenten Halt ausgelegt sind. W\u00e4hlen Sie eine Festigkeitsklasse, die Ihren Anforderungen entspricht.<\/p>\n","protected":false},"featured_media":207677,"comment_status":"open","ping_status":"closed","template":"","meta":[],"product_brand":[],"product_cat":[1983],"product_tag":[],"class_list":{"0":"post-207676","1":"product","2":"type-product","3":"status-publish","4":"has-post-thumbnail","6":"product_cat-baumarkt","7":"pa_brand-lun-fix","8":"pa_manufacturer-lun-fix","10":"first","11":"instock","12":"shipping-taxable","13":"product-type-simple","14":"customify-col","15":"product-has-gallery"},"yoast_head":"<!-- This site is optimized with the Yoast SEO plugin v27.4 - https:\/\/yoast.com\/product\/yoast-seo-wordpress\/ -->\n<title>Lun Fix Gewindestange - Markt-XXL<\/title>\n<meta name=\"description\" content=\"Markt-XXL Lun Fix Gewindestange\" \/>\n<meta name=\"robots\" content=\"index, follow, max-snippet:-1, max-image-preview:large, max-video-preview:-1\" \/>\n<link rel=\"canonical\" href=\"https:\/\/marktxxl.de\/markt\/produkt\/lun-fix-gewindestange\/\" \/>\n<meta property=\"og:locale\" content=\"de_DE\" \/>\n<meta property=\"og:type\" content=\"article\" \/>\n<meta property=\"og:title\" content=\"Lun Fix Gewindestange - Markt-XXL\" \/>\n<meta property=\"og:description\" content=\"Markt-XXL Lun Fix Gewindestange\" \/>\n<meta property=\"og:url\" content=\"https:\/\/marktxxl.de\/markt\/produkt\/lun-fix-gewindestange\/\" \/>\n<meta property=\"og:site_name\" content=\"Markt-XXL\" \/>\n<meta name=\"twitter:card\" content=\"summary_large_image\" \/>\n<meta name=\"twitter:label1\" content=\"Gesch\u00e4tzte Lesezeit\" \/>\n\t<meta name=\"twitter:data1\" content=\"1\u00a0Minute\" \/>\n<script type=\"application\/ld+json\" class=\"yoast-schema-graph\">{\"@context\":\"https:\\\/\\\/schema.org\",\"@graph\":[{\"@type\":\"WebPage\",\"@id\":\"https:\\\/\\\/marktxxl.de\\\/markt\\\/produkt\\\/lun-fix-gewindestange\\\/\",\"url\":\"https:\\\/\\\/marktxxl.de\\\/markt\\\/produkt\\\/lun-fix-gewindestange\\\/\",\"name\":\"Lun Fix Gewindestange - Markt-XXL\",\"isPartOf\":{\"@id\":\"https:\\\/\\\/marktxxl.de\\\/markt\\\/#website\"},\"primaryImageOfPage\":{\"@id\":\"https:\\\/\\\/marktxxl.de\\\/markt\\\/produkt\\\/lun-fix-gewindestange\\\/#primaryimage\"},\"image\":{\"@id\":\"https:\\\/\\\/marktxxl.de\\\/markt\\\/produkt\\\/lun-fix-gewindestange\\\/#primaryimage\"},\"thumbnailUrl\":\"https:\\\/\\\/m.media-amazon.com\\\/images\\\/I\\\/51HkAXwjB0L._SL500_.jpg\",\"datePublished\":\"2024-05-29T01:02:19+00:00\",\"description\":\"Markt-XXL Lun Fix Gewindestange\",\"breadcrumb\":{\"@id\":\"https:\\\/\\\/marktxxl.de\\\/markt\\\/produkt\\\/lun-fix-gewindestange\\\/#breadcrumb\"},\"inLanguage\":\"de\",\"potentialAction\":[{\"@type\":\"ReadAction\",\"target\":[\"https:\\\/\\\/marktxxl.de\\\/markt\\\/produkt\\\/lun-fix-gewindestange\\\/\"]}]},{\"@type\":\"ImageObject\",\"inLanguage\":\"de\",\"@id\":\"https:\\\/\\\/marktxxl.de\\\/markt\\\/produkt\\\/lun-fix-gewindestange\\\/#primaryimage\",\"url\":\"https:\\\/\\\/m.media-amazon.com\\\/images\\\/I\\\/51HkAXwjB0L._SL500_.jpg\",\"contentUrl\":\"https:\\\/\\\/m.media-amazon.com\\\/images\\\/I\\\/51HkAXwjB0L._SL500_.jpg\",\"width\":500,\"height\":500},{\"@type\":\"BreadcrumbList\",\"@id\":\"https:\\\/\\\/marktxxl.de\\\/markt\\\/produkt\\\/lun-fix-gewindestange\\\/#breadcrumb\",\"itemListElement\":[{\"@type\":\"ListItem\",\"position\":1,\"name\":\"Startseite\",\"item\":\"https:\\\/\\\/marktxxl.de\\\/markt\\\/\"},{\"@type\":\"ListItem\",\"position\":2,\"name\":\"Markt\",\"item\":\"https:\\\/\\\/marktxxl.de\\\/markt\\\/\"},{\"@type\":\"ListItem\",\"position\":3,\"name\":\"Lun Fix Gewindestange\"}]},{\"@type\":\"WebSite\",\"@id\":\"https:\\\/\\\/marktxxl.de\\\/markt\\\/#website\",\"url\":\"https:\\\/\\\/marktxxl.de\\\/markt\\\/\",\"name\":\"Markt-XXL\",\"description\":\"Ihr Markt Online\",\"publisher\":{\"@id\":\"https:\\\/\\\/marktxxl.de\\\/markt\\\/#organization\"},\"potentialAction\":[{\"@type\":\"SearchAction\",\"target\":{\"@type\":\"EntryPoint\",\"urlTemplate\":\"https:\\\/\\\/marktxxl.de\\\/markt\\\/?s={search_term_string}\"},\"query-input\":{\"@type\":\"PropertyValueSpecification\",\"valueRequired\":true,\"valueName\":\"search_term_string\"}}],\"inLanguage\":\"de\"},{\"@type\":\"Organization\",\"@id\":\"https:\\\/\\\/marktxxl.de\\\/markt\\\/#organization\",\"name\":\"Markt-XXL\",\"url\":\"https:\\\/\\\/marktxxl.de\\\/markt\\\/\",\"logo\":{\"@type\":\"ImageObject\",\"inLanguage\":\"de\",\"@id\":\"https:\\\/\\\/marktxxl.de\\\/markt\\\/#\\\/schema\\\/logo\\\/image\\\/\",\"url\":\"https:\\\/\\\/marktxxl.de\\\/markt\\\/wp-content\\\/uploads\\\/sites\\\/3\\\/2020\\\/12\\\/logo.png\",\"contentUrl\":\"https:\\\/\\\/marktxxl.de\\\/markt\\\/wp-content\\\/uploads\\\/sites\\\/3\\\/2020\\\/12\\\/logo.png\",\"width\":200,\"height\":70,\"caption\":\"Markt-XXL\"},\"image\":{\"@id\":\"https:\\\/\\\/marktxxl.de\\\/markt\\\/#\\\/schema\\\/logo\\\/image\\\/\"}}]}<\/script>\n<!-- \/ Yoast SEO plugin. -->","yoast_head_json":{"title":"Lun Fix Gewindestange - Markt-XXL","description":"Markt-XXL Lun Fix Gewindestange","robots":{"index":"index","follow":"follow","max-snippet":"max-snippet:-1","max-image-preview":"max-image-preview:large","max-video-preview":"max-video-preview:-1"},"canonical":"https:\/\/marktxxl.de\/markt\/produkt\/lun-fix-gewindestange\/","og_locale":"de_DE","og_type":"article","og_title":"Lun Fix Gewindestange - Markt-XXL","og_description":"Markt-XXL Lun Fix Gewindestange","og_url":"https:\/\/marktxxl.de\/markt\/produkt\/lun-fix-gewindestange\/","og_site_name":"Markt-XXL","twitter_card":"summary_large_image","twitter_misc":{"Gesch\u00e4tzte Lesezeit":"1\u00a0Minute"},"schema":{"@context":"https:\/\/schema.org","@graph":[{"@type":"WebPage","@id":"https:\/\/marktxxl.de\/markt\/produkt\/lun-fix-gewindestange\/","url":"https:\/\/marktxxl.de\/markt\/produkt\/lun-fix-gewindestange\/","name":"Lun Fix Gewindestange - Markt-XXL","isPartOf":{"@id":"https:\/\/marktxxl.de\/markt\/#website"},"primaryImageOfPage":{"@id":"https:\/\/marktxxl.de\/markt\/produkt\/lun-fix-gewindestange\/#primaryimage"},"image":{"@id":"https:\/\/marktxxl.de\/markt\/produkt\/lun-fix-gewindestange\/#primaryimage"},"thumbnailUrl":"https:\/\/m.media-amazon.com\/images\/I\/51HkAXwjB0L._SL500_.jpg","datePublished":"2024-05-29T01:02:19+00:00","description":"Markt-XXL Lun Fix Gewindestange","breadcrumb":{"@id":"https:\/\/marktxxl.de\/markt\/produkt\/lun-fix-gewindestange\/#breadcrumb"},"inLanguage":"de","potentialAction":[{"@type":"ReadAction","target":["https:\/\/marktxxl.de\/markt\/produkt\/lun-fix-gewindestange\/"]}]},{"@type":"ImageObject","inLanguage":"de","@id":"https:\/\/marktxxl.de\/markt\/produkt\/lun-fix-gewindestange\/#primaryimage","url":"https:\/\/m.media-amazon.com\/images\/I\/51HkAXwjB0L._SL500_.jpg","contentUrl":"https:\/\/m.media-amazon.com\/images\/I\/51HkAXwjB0L._SL500_.jpg","width":500,"height":500},{"@type":"BreadcrumbList","@id":"https:\/\/marktxxl.de\/markt\/produkt\/lun-fix-gewindestange\/#breadcrumb","itemListElement":[{"@type":"ListItem","position":1,"name":"Startseite","item":"https:\/\/marktxxl.de\/markt\/"},{"@type":"ListItem","position":2,"name":"Markt","item":"https:\/\/marktxxl.de\/markt\/"},{"@type":"ListItem","position":3,"name":"Lun Fix Gewindestange"}]},{"@type":"WebSite","@id":"https:\/\/marktxxl.de\/markt\/#website","url":"https:\/\/marktxxl.de\/markt\/","name":"Markt-XXL","description":"Ihr Markt Online","publisher":{"@id":"https:\/\/marktxxl.de\/markt\/#organization"},"potentialAction":[{"@type":"SearchAction","target":{"@type":"EntryPoint","urlTemplate":"https:\/\/marktxxl.de\/markt\/?s={search_term_string}"},"query-input":{"@type":"PropertyValueSpecification","valueRequired":true,"valueName":"search_term_string"}}],"inLanguage":"de"},{"@type":"Organization","@id":"https:\/\/marktxxl.de\/markt\/#organization","name":"Markt-XXL","url":"https:\/\/marktxxl.de\/markt\/","logo":{"@type":"ImageObject","inLanguage":"de","@id":"https:\/\/marktxxl.de\/markt\/#\/schema\/logo\/image\/","url":"https:\/\/marktxxl.de\/markt\/wp-content\/uploads\/sites\/3\/2020\/12\/logo.png","contentUrl":"https:\/\/marktxxl.de\/markt\/wp-content\/uploads\/sites\/3\/2020\/12\/logo.png","width":200,"height":70,"caption":"Markt-XXL"},"image":{"@id":"https:\/\/marktxxl.de\/markt\/#\/schema\/logo\/image\/"}}]}},"_links":{"self":[{"href":"https:\/\/marktxxl.de\/markt\/wp-json\/wp\/v2\/product\/207676","targetHints":{"allow":["GET"]}}],"collection":[{"href":"https:\/\/marktxxl.de\/markt\/wp-json\/wp\/v2\/product"}],"about":[{"href":"https:\/\/marktxxl.de\/markt\/wp-json\/wp\/v2\/types\/product"}],"replies":[{"embeddable":true,"href":"https:\/\/marktxxl.de\/markt\/wp-json\/wp\/v2\/comments?post=207676"}],"wp:featuredmedia":[{"embeddable":true,"href":"https:\/\/marktxxl.de\/markt\/wp-json\/wp\/v2\/media\/207677"}],"wp:attachment":[{"href":"https:\/\/marktxxl.de\/markt\/wp-json\/wp\/v2\/media?parent=207676"}],"wp:term":[{"taxonomy":"product_brand","embeddable":true,"href":"https:\/\/marktxxl.de\/markt\/wp-json\/wp\/v2\/product_brand?post=207676"},{"taxonomy":"product_cat","embeddable":true,"href":"https:\/\/marktxxl.de\/markt\/wp-json\/wp\/v2\/product_cat?post=207676"},{"taxonomy":"product_tag","embeddable":true,"href":"https:\/\/marktxxl.de\/markt\/wp-json\/wp\/v2\/product_tag?post=207676"}],"curies":[{"name":"wp","href":"https:\/\/api.w.org\/{rel}","templated":true}]}}