{"id":207656,"date":"2024-05-29T02:53:03","date_gmt":"2024-05-29T00:53:03","guid":{"rendered":"https:\/\/marktxxl.de\/markt\/produkt\/sign-4-stueck-achtung-videoueberwachung-schild-privatgrundstueck-mit-dsgvo-hinweisschilder-aufkleber-videoueberwachung15x15cm100-aluselbstklebend-und-4-bohrloecherfuer-aussen\/"},"modified":"2024-05-29T02:53:03","modified_gmt":"2024-05-29T00:53:03","slug":"sign-4-stueck-achtung-videoueberwachung-schild-privatgrundstueck-mit-dsgvo-hinweisschilder-aufkleber-videoueberwachung15x15cm100-aluselbstklebend-und-4-bohrloecherfuer-aussen","status":"publish","type":"product","link":"https:\/\/marktxxl.de\/markt\/produkt\/sign-4-stueck-achtung-videoueberwachung-schild-privatgrundstueck-mit-dsgvo-hinweisschilder-aufkleber-videoueberwachung15x15cm100-aluselbstklebend-und-4-bohrloecherfuer-aussen\/","title":{"rendered":"Sign 4 St\u00fcck Achtung Video\u00fcberwachung Schild Privatgrundst\u00fcck mit DSGVO Hinweis,Schilder Aufkleber Video\u00fcberwachung,15x15cm,100% Alu,Selbstklebend und 4 Bohrl\u00f6cher,f\u00fcr Au\u00dfen"},"content":{"rendered":"<p>\u30103 Arten der Installation\u30114 selbstklebende Video\u00fcberwachungsschilder,16 Kabelbinder und 16 Edelstahlschrauben f\u00fcr unterschiedlichste Wandoberfl\u00e4chen,privatgrundst\u00fcck schilder Ideal zum Schutz Ihres privaten und gesch\u00e4ftlichen Eigentums!<br \/>\n\u3010Langlebig\u3011Das schild video\u00fcberwachung privatgrundst\u00fcck ist aus hochwertigem 100% Aluminium gefertigt,das langlebig und rostfrei ist.Die spezielle Beschichtung macht es au\u00dferdem kratz- und wischfest.<br \/>\n\u3010Professionelle Standards\u3011 Kamera \u00dcberwachung Schild mit den Ma\u00dfen 15x15cm,gut ablesbar ohne viel Platz zu beanspruchen,DSGVO detaillierte Hinweise,zur rechtssicheren Video\u00fcberwachung im privaten und \u00f6ffentlichen Bereich.<br \/>\n\u3010Vielf\u00e4ltige Anwendungsszenarien\u3011Schild video\u00fcberwachung k\u00f6nnen \u00fcberall eingesetzt werden,um \u00f6ffentliche oder private Video\u00fcberwachungsbereiche zu kennzeichnen. Zum Beispiel H\u00e4user,Bauernh\u00f6fe,Banken,Lagerh\u00e4user,Einkaufszentren usw,Innen- und Au\u00dfenanwendungen.<br \/>\n\u3010Effizienter Service\u3011Hohe Qualit\u00e4t und bester Service sind unsere Unternehmensrichtlinien.Wenn Sie Probleme mit Ihrer Video\u00fcberwachung schild haben,sind wir immer f\u00fcr Sie da.<br \/>\n<div class=\"main-cross-sell\" data-asin=\"B0CC5LYHF8\">\n\n\t<div class=\"WooZone-cross-sell-loader\">\n\t\t<div>\n\t\t\t<div id=\"floatingBarsG\">\n\t\t\t\t<div class=\"blockG\" id=\"rotateG_01\"><\/div>\n\t\t\t\t<div class=\"blockG\" id=\"rotateG_02\"><\/div>\n\t\t\t\t<div class=\"blockG\" id=\"rotateG_03\"><\/div>\n\t\t\t\t<div class=\"blockG\" id=\"rotateG_04\"><\/div>\n\t\t\t\t<div class=\"blockG\" id=\"rotateG_05\"><\/div>\n\t\t\t\t<div class=\"blockG\" id=\"rotateG_06\"><\/div>\n\t\t\t\t<div class=\"blockG\" id=\"rotateG_07\"><\/div>\n\t\t\t\t<div class=\"blockG\" id=\"rotateG_08\"><\/div>\n\t\t\t<\/div>\n\t\t\t<div class=\"WooZone-cross-sell-loader-text\"><\/div>\n\t\t<\/div>\n\t<\/div>\n\n\t\t\n<\/div>\n<div style=\"clear:both;\"><\/div><\/p>\n","protected":false},"excerpt":{"rendered":"<p>\u30103 Arten der Installation\u30114 selbstklebende Video\u00fcberwachungsschilder,16 Kabelbinder und 16 Edelstahlschrauben f\u00fcr unterschiedlichste Wandoberfl\u00e4chen,privatgrundst\u00fcck schilder Ideal zum Schutz Ihres privaten und gesch\u00e4ftlichen Eigentums!<br \/>\n\u3010Langlebig\u3011Das schild video\u00fcberwachung privatgrundst\u00fcck ist aus hochwertigem 100% Aluminium gefertigt,das langlebig und rostfrei ist.Die spezielle Beschichtung macht es au\u00dferdem kratz- und wischfest.<br \/>\n\u3010Professionelle Standards\u3011 Kamera \u00dcberwachung Schild mit den Ma\u00dfen 15x15cm,gut ablesbar ohne viel Platz zu beanspruchen,DSGVO detaillierte Hinweise,zur rechtssicheren Video\u00fcberwachung im privaten und \u00f6ffentlichen Bereich.<\/p>\n","protected":false},"featured_media":207657,"comment_status":"open","ping_status":"closed","template":"","meta":[],"product_brand":[],"product_cat":[1983],"product_tag":[],"class_list":{"0":"post-207656","1":"product","2":"type-product","3":"status-publish","4":"has-post-thumbnail","6":"product_cat-baumarkt","7":"pa_binding-unbekannter-einband","8":"pa_brand-hoiloie","9":"pa_height-0-393700787-zoll","10":"pa_length-5-905511805-zoll","11":"pa_model-hoiloie-monitor-board-01","12":"pa_size-einheitsgroesse","13":"pa_width-5-905511805-zoll","15":"first","16":"instock","17":"shipping-taxable","18":"purchasable","19":"product-type-simple","20":"customify-col","21":"product-has-gallery"},"yoast_head":"<!-- This site is optimized with the Yoast SEO plugin v27.4 - https:\/\/yoast.com\/product\/yoast-seo-wordpress\/ -->\n<title>Sign 4 St\u00fcck Achtung Video\u00fcberwachung Schild Privatgrundst\u00fcck mit DSGVO Hinweis,Schilder Aufkleber Video\u00fcberwachung,15x15cm,100% Alu,Selbstklebend und 4 Bohrl\u00f6cher,f\u00fcr Au\u00dfen - Markt-XXL<\/title>\n<meta name=\"description\" content=\"Markt-XXL Sign 4 St\u00fcck Achtung Video\u00fcberwachung Schild Privatgrundst\u00fcck mit DSGVO Hinweis,Schilder Aufkleber Video\u00fcberwachung,15x15cm,100% Alu,Selbstklebend und 4 Bohrl\u00f6cher,f\u00fcr Au\u00dfen\" \/>\n<meta name=\"robots\" content=\"index, follow, max-snippet:-1, max-image-preview:large, max-video-preview:-1\" \/>\n<link rel=\"canonical\" href=\"https:\/\/marktxxl.de\/markt\/produkt\/sign-4-stueck-achtung-videoueberwachung-schild-privatgrundstueck-mit-dsgvo-hinweisschilder-aufkleber-videoueberwachung15x15cm100-aluselbstklebend-und-4-bohrloecherfuer-aussen\/\" \/>\n<meta property=\"og:locale\" content=\"de_DE\" \/>\n<meta property=\"og:type\" content=\"article\" \/>\n<meta property=\"og:title\" content=\"Sign 4 St\u00fcck Achtung Video\u00fcberwachung Schild Privatgrundst\u00fcck mit DSGVO Hinweis,Schilder Aufkleber Video\u00fcberwachung,15x15cm,100% Alu,Selbstklebend und 4 Bohrl\u00f6cher,f\u00fcr Au\u00dfen - Markt-XXL\" \/>\n<meta property=\"og:description\" content=\"Markt-XXL Sign 4 St\u00fcck Achtung Video\u00fcberwachung Schild Privatgrundst\u00fcck mit DSGVO Hinweis,Schilder Aufkleber Video\u00fcberwachung,15x15cm,100% Alu,Selbstklebend und 4 Bohrl\u00f6cher,f\u00fcr Au\u00dfen\" \/>\n<meta property=\"og:url\" content=\"https:\/\/marktxxl.de\/markt\/produkt\/sign-4-stueck-achtung-videoueberwachung-schild-privatgrundstueck-mit-dsgvo-hinweisschilder-aufkleber-videoueberwachung15x15cm100-aluselbstklebend-und-4-bohrloecherfuer-aussen\/\" \/>\n<meta property=\"og:site_name\" content=\"Markt-XXL\" \/>\n<meta name=\"twitter:card\" content=\"summary_large_image\" \/>\n<meta name=\"twitter:label1\" content=\"Gesch\u00e4tzte Lesezeit\" \/>\n\t<meta name=\"twitter:data1\" content=\"1\u00a0Minute\" \/>\n<script type=\"application\/ld+json\" class=\"yoast-schema-graph\">{\"@context\":\"https:\\\/\\\/schema.org\",\"@graph\":[{\"@type\":\"WebPage\",\"@id\":\"https:\\\/\\\/marktxxl.de\\\/markt\\\/produkt\\\/sign-4-stueck-achtung-videoueberwachung-schild-privatgrundstueck-mit-dsgvo-hinweisschilder-aufkleber-videoueberwachung15x15cm100-aluselbstklebend-und-4-bohrloecherfuer-aussen\\\/\",\"url\":\"https:\\\/\\\/marktxxl.de\\\/markt\\\/produkt\\\/sign-4-stueck-achtung-videoueberwachung-schild-privatgrundstueck-mit-dsgvo-hinweisschilder-aufkleber-videoueberwachung15x15cm100-aluselbstklebend-und-4-bohrloecherfuer-aussen\\\/\",\"name\":\"Sign 4 St\u00fcck Achtung Video\u00fcberwachung Schild Privatgrundst\u00fcck mit DSGVO Hinweis,Schilder Aufkleber Video\u00fcberwachung,15x15cm,100% Alu,Selbstklebend und 4 Bohrl\u00f6cher,f\u00fcr Au\u00dfen - Markt-XXL\",\"isPartOf\":{\"@id\":\"https:\\\/\\\/marktxxl.de\\\/markt\\\/#website\"},\"primaryImageOfPage\":{\"@id\":\"https:\\\/\\\/marktxxl.de\\\/markt\\\/produkt\\\/sign-4-stueck-achtung-videoueberwachung-schild-privatgrundstueck-mit-dsgvo-hinweisschilder-aufkleber-videoueberwachung15x15cm100-aluselbstklebend-und-4-bohrloecherfuer-aussen\\\/#primaryimage\"},\"image\":{\"@id\":\"https:\\\/\\\/marktxxl.de\\\/markt\\\/produkt\\\/sign-4-stueck-achtung-videoueberwachung-schild-privatgrundstueck-mit-dsgvo-hinweisschilder-aufkleber-videoueberwachung15x15cm100-aluselbstklebend-und-4-bohrloecherfuer-aussen\\\/#primaryimage\"},\"thumbnailUrl\":\"https:\\\/\\\/m.media-amazon.com\\\/images\\\/I\\\/51VIhis8DVL._SL500_.jpg\",\"datePublished\":\"2024-05-29T00:53:03+00:00\",\"description\":\"Markt-XXL Sign 4 St\u00fcck Achtung Video\u00fcberwachung Schild Privatgrundst\u00fcck mit DSGVO Hinweis,Schilder Aufkleber Video\u00fcberwachung,15x15cm,100% Alu,Selbstklebend und 4 Bohrl\u00f6cher,f\u00fcr Au\u00dfen\",\"breadcrumb\":{\"@id\":\"https:\\\/\\\/marktxxl.de\\\/markt\\\/produkt\\\/sign-4-stueck-achtung-videoueberwachung-schild-privatgrundstueck-mit-dsgvo-hinweisschilder-aufkleber-videoueberwachung15x15cm100-aluselbstklebend-und-4-bohrloecherfuer-aussen\\\/#breadcrumb\"},\"inLanguage\":\"de\",\"potentialAction\":[{\"@type\":\"ReadAction\",\"target\":[\"https:\\\/\\\/marktxxl.de\\\/markt\\\/produkt\\\/sign-4-stueck-achtung-videoueberwachung-schild-privatgrundstueck-mit-dsgvo-hinweisschilder-aufkleber-videoueberwachung15x15cm100-aluselbstklebend-und-4-bohrloecherfuer-aussen\\\/\"]}]},{\"@type\":\"ImageObject\",\"inLanguage\":\"de\",\"@id\":\"https:\\\/\\\/marktxxl.de\\\/markt\\\/produkt\\\/sign-4-stueck-achtung-videoueberwachung-schild-privatgrundstueck-mit-dsgvo-hinweisschilder-aufkleber-videoueberwachung15x15cm100-aluselbstklebend-und-4-bohrloecherfuer-aussen\\\/#primaryimage\",\"url\":\"https:\\\/\\\/m.media-amazon.com\\\/images\\\/I\\\/51VIhis8DVL._SL500_.jpg\",\"contentUrl\":\"https:\\\/\\\/m.media-amazon.com\\\/images\\\/I\\\/51VIhis8DVL._SL500_.jpg\",\"width\":500,\"height\":500},{\"@type\":\"BreadcrumbList\",\"@id\":\"https:\\\/\\\/marktxxl.de\\\/markt\\\/produkt\\\/sign-4-stueck-achtung-videoueberwachung-schild-privatgrundstueck-mit-dsgvo-hinweisschilder-aufkleber-videoueberwachung15x15cm100-aluselbstklebend-und-4-bohrloecherfuer-aussen\\\/#breadcrumb\",\"itemListElement\":[{\"@type\":\"ListItem\",\"position\":1,\"name\":\"Startseite\",\"item\":\"https:\\\/\\\/marktxxl.de\\\/markt\\\/\"},{\"@type\":\"ListItem\",\"position\":2,\"name\":\"Markt\",\"item\":\"https:\\\/\\\/marktxxl.de\\\/markt\\\/\"},{\"@type\":\"ListItem\",\"position\":3,\"name\":\"Sign 4 St\u00fcck Achtung Video\u00fcberwachung Schild Privatgrundst\u00fcck mit DSGVO Hinweis,Schilder Aufkleber Video\u00fcberwachung,15x15cm,100% Alu,Selbstklebend und 4 Bohrl\u00f6cher,f\u00fcr Au\u00dfen\"}]},{\"@type\":\"WebSite\",\"@id\":\"https:\\\/\\\/marktxxl.de\\\/markt\\\/#website\",\"url\":\"https:\\\/\\\/marktxxl.de\\\/markt\\\/\",\"name\":\"Markt-XXL\",\"description\":\"Ihr Markt Online\",\"publisher\":{\"@id\":\"https:\\\/\\\/marktxxl.de\\\/markt\\\/#organization\"},\"potentialAction\":[{\"@type\":\"SearchAction\",\"target\":{\"@type\":\"EntryPoint\",\"urlTemplate\":\"https:\\\/\\\/marktxxl.de\\\/markt\\\/?s={search_term_string}\"},\"query-input\":{\"@type\":\"PropertyValueSpecification\",\"valueRequired\":true,\"valueName\":\"search_term_string\"}}],\"inLanguage\":\"de\"},{\"@type\":\"Organization\",\"@id\":\"https:\\\/\\\/marktxxl.de\\\/markt\\\/#organization\",\"name\":\"Markt-XXL\",\"url\":\"https:\\\/\\\/marktxxl.de\\\/markt\\\/\",\"logo\":{\"@type\":\"ImageObject\",\"inLanguage\":\"de\",\"@id\":\"https:\\\/\\\/marktxxl.de\\\/markt\\\/#\\\/schema\\\/logo\\\/image\\\/\",\"url\":\"https:\\\/\\\/marktxxl.de\\\/markt\\\/wp-content\\\/uploads\\\/sites\\\/3\\\/2020\\\/12\\\/logo.png\",\"contentUrl\":\"https:\\\/\\\/marktxxl.de\\\/markt\\\/wp-content\\\/uploads\\\/sites\\\/3\\\/2020\\\/12\\\/logo.png\",\"width\":200,\"height\":70,\"caption\":\"Markt-XXL\"},\"image\":{\"@id\":\"https:\\\/\\\/marktxxl.de\\\/markt\\\/#\\\/schema\\\/logo\\\/image\\\/\"}}]}<\/script>\n<!-- \/ Yoast SEO plugin. -->","yoast_head_json":{"title":"Sign 4 St\u00fcck Achtung Video\u00fcberwachung Schild Privatgrundst\u00fcck mit DSGVO Hinweis,Schilder Aufkleber Video\u00fcberwachung,15x15cm,100% Alu,Selbstklebend und 4 Bohrl\u00f6cher,f\u00fcr Au\u00dfen - Markt-XXL","description":"Markt-XXL Sign 4 St\u00fcck Achtung Video\u00fcberwachung Schild Privatgrundst\u00fcck mit DSGVO Hinweis,Schilder Aufkleber Video\u00fcberwachung,15x15cm,100% Alu,Selbstklebend und 4 Bohrl\u00f6cher,f\u00fcr Au\u00dfen","robots":{"index":"index","follow":"follow","max-snippet":"max-snippet:-1","max-image-preview":"max-image-preview:large","max-video-preview":"max-video-preview:-1"},"canonical":"https:\/\/marktxxl.de\/markt\/produkt\/sign-4-stueck-achtung-videoueberwachung-schild-privatgrundstueck-mit-dsgvo-hinweisschilder-aufkleber-videoueberwachung15x15cm100-aluselbstklebend-und-4-bohrloecherfuer-aussen\/","og_locale":"de_DE","og_type":"article","og_title":"Sign 4 St\u00fcck Achtung Video\u00fcberwachung Schild Privatgrundst\u00fcck mit DSGVO Hinweis,Schilder Aufkleber Video\u00fcberwachung,15x15cm,100% Alu,Selbstklebend und 4 Bohrl\u00f6cher,f\u00fcr Au\u00dfen - Markt-XXL","og_description":"Markt-XXL Sign 4 St\u00fcck Achtung Video\u00fcberwachung Schild Privatgrundst\u00fcck mit DSGVO Hinweis,Schilder Aufkleber Video\u00fcberwachung,15x15cm,100% Alu,Selbstklebend und 4 Bohrl\u00f6cher,f\u00fcr Au\u00dfen","og_url":"https:\/\/marktxxl.de\/markt\/produkt\/sign-4-stueck-achtung-videoueberwachung-schild-privatgrundstueck-mit-dsgvo-hinweisschilder-aufkleber-videoueberwachung15x15cm100-aluselbstklebend-und-4-bohrloecherfuer-aussen\/","og_site_name":"Markt-XXL","twitter_card":"summary_large_image","twitter_misc":{"Gesch\u00e4tzte Lesezeit":"1\u00a0Minute"},"schema":{"@context":"https:\/\/schema.org","@graph":[{"@type":"WebPage","@id":"https:\/\/marktxxl.de\/markt\/produkt\/sign-4-stueck-achtung-videoueberwachung-schild-privatgrundstueck-mit-dsgvo-hinweisschilder-aufkleber-videoueberwachung15x15cm100-aluselbstklebend-und-4-bohrloecherfuer-aussen\/","url":"https:\/\/marktxxl.de\/markt\/produkt\/sign-4-stueck-achtung-videoueberwachung-schild-privatgrundstueck-mit-dsgvo-hinweisschilder-aufkleber-videoueberwachung15x15cm100-aluselbstklebend-und-4-bohrloecherfuer-aussen\/","name":"Sign 4 St\u00fcck Achtung Video\u00fcberwachung Schild Privatgrundst\u00fcck mit DSGVO Hinweis,Schilder Aufkleber Video\u00fcberwachung,15x15cm,100% Alu,Selbstklebend und 4 Bohrl\u00f6cher,f\u00fcr Au\u00dfen - Markt-XXL","isPartOf":{"@id":"https:\/\/marktxxl.de\/markt\/#website"},"primaryImageOfPage":{"@id":"https:\/\/marktxxl.de\/markt\/produkt\/sign-4-stueck-achtung-videoueberwachung-schild-privatgrundstueck-mit-dsgvo-hinweisschilder-aufkleber-videoueberwachung15x15cm100-aluselbstklebend-und-4-bohrloecherfuer-aussen\/#primaryimage"},"image":{"@id":"https:\/\/marktxxl.de\/markt\/produkt\/sign-4-stueck-achtung-videoueberwachung-schild-privatgrundstueck-mit-dsgvo-hinweisschilder-aufkleber-videoueberwachung15x15cm100-aluselbstklebend-und-4-bohrloecherfuer-aussen\/#primaryimage"},"thumbnailUrl":"https:\/\/m.media-amazon.com\/images\/I\/51VIhis8DVL._SL500_.jpg","datePublished":"2024-05-29T00:53:03+00:00","description":"Markt-XXL Sign 4 St\u00fcck Achtung Video\u00fcberwachung Schild Privatgrundst\u00fcck mit DSGVO Hinweis,Schilder Aufkleber Video\u00fcberwachung,15x15cm,100% Alu,Selbstklebend und 4 Bohrl\u00f6cher,f\u00fcr Au\u00dfen","breadcrumb":{"@id":"https:\/\/marktxxl.de\/markt\/produkt\/sign-4-stueck-achtung-videoueberwachung-schild-privatgrundstueck-mit-dsgvo-hinweisschilder-aufkleber-videoueberwachung15x15cm100-aluselbstklebend-und-4-bohrloecherfuer-aussen\/#breadcrumb"},"inLanguage":"de","potentialAction":[{"@type":"ReadAction","target":["https:\/\/marktxxl.de\/markt\/produkt\/sign-4-stueck-achtung-videoueberwachung-schild-privatgrundstueck-mit-dsgvo-hinweisschilder-aufkleber-videoueberwachung15x15cm100-aluselbstklebend-und-4-bohrloecherfuer-aussen\/"]}]},{"@type":"ImageObject","inLanguage":"de","@id":"https:\/\/marktxxl.de\/markt\/produkt\/sign-4-stueck-achtung-videoueberwachung-schild-privatgrundstueck-mit-dsgvo-hinweisschilder-aufkleber-videoueberwachung15x15cm100-aluselbstklebend-und-4-bohrloecherfuer-aussen\/#primaryimage","url":"https:\/\/m.media-amazon.com\/images\/I\/51VIhis8DVL._SL500_.jpg","contentUrl":"https:\/\/m.media-amazon.com\/images\/I\/51VIhis8DVL._SL500_.jpg","width":500,"height":500},{"@type":"BreadcrumbList","@id":"https:\/\/marktxxl.de\/markt\/produkt\/sign-4-stueck-achtung-videoueberwachung-schild-privatgrundstueck-mit-dsgvo-hinweisschilder-aufkleber-videoueberwachung15x15cm100-aluselbstklebend-und-4-bohrloecherfuer-aussen\/#breadcrumb","itemListElement":[{"@type":"ListItem","position":1,"name":"Startseite","item":"https:\/\/marktxxl.de\/markt\/"},{"@type":"ListItem","position":2,"name":"Markt","item":"https:\/\/marktxxl.de\/markt\/"},{"@type":"ListItem","position":3,"name":"Sign 4 St\u00fcck Achtung Video\u00fcberwachung Schild Privatgrundst\u00fcck mit DSGVO Hinweis,Schilder Aufkleber Video\u00fcberwachung,15x15cm,100% Alu,Selbstklebend und 4 Bohrl\u00f6cher,f\u00fcr Au\u00dfen"}]},{"@type":"WebSite","@id":"https:\/\/marktxxl.de\/markt\/#website","url":"https:\/\/marktxxl.de\/markt\/","name":"Markt-XXL","description":"Ihr Markt Online","publisher":{"@id":"https:\/\/marktxxl.de\/markt\/#organization"},"potentialAction":[{"@type":"SearchAction","target":{"@type":"EntryPoint","urlTemplate":"https:\/\/marktxxl.de\/markt\/?s={search_term_string}"},"query-input":{"@type":"PropertyValueSpecification","valueRequired":true,"valueName":"search_term_string"}}],"inLanguage":"de"},{"@type":"Organization","@id":"https:\/\/marktxxl.de\/markt\/#organization","name":"Markt-XXL","url":"https:\/\/marktxxl.de\/markt\/","logo":{"@type":"ImageObject","inLanguage":"de","@id":"https:\/\/marktxxl.de\/markt\/#\/schema\/logo\/image\/","url":"https:\/\/marktxxl.de\/markt\/wp-content\/uploads\/sites\/3\/2020\/12\/logo.png","contentUrl":"https:\/\/marktxxl.de\/markt\/wp-content\/uploads\/sites\/3\/2020\/12\/logo.png","width":200,"height":70,"caption":"Markt-XXL"},"image":{"@id":"https:\/\/marktxxl.de\/markt\/#\/schema\/logo\/image\/"}}]}},"_links":{"self":[{"href":"https:\/\/marktxxl.de\/markt\/wp-json\/wp\/v2\/product\/207656","targetHints":{"allow":["GET"]}}],"collection":[{"href":"https:\/\/marktxxl.de\/markt\/wp-json\/wp\/v2\/product"}],"about":[{"href":"https:\/\/marktxxl.de\/markt\/wp-json\/wp\/v2\/types\/product"}],"replies":[{"embeddable":true,"href":"https:\/\/marktxxl.de\/markt\/wp-json\/wp\/v2\/comments?post=207656"}],"wp:featuredmedia":[{"embeddable":true,"href":"https:\/\/marktxxl.de\/markt\/wp-json\/wp\/v2\/media\/207657"}],"wp:attachment":[{"href":"https:\/\/marktxxl.de\/markt\/wp-json\/wp\/v2\/media?parent=207656"}],"wp:term":[{"taxonomy":"product_brand","embeddable":true,"href":"https:\/\/marktxxl.de\/markt\/wp-json\/wp\/v2\/product_brand?post=207656"},{"taxonomy":"product_cat","embeddable":true,"href":"https:\/\/marktxxl.de\/markt\/wp-json\/wp\/v2\/product_cat?post=207656"},{"taxonomy":"product_tag","embeddable":true,"href":"https:\/\/marktxxl.de\/markt\/wp-json\/wp\/v2\/product_tag?post=207656"}],"curies":[{"name":"wp","href":"https:\/\/api.w.org\/{rel}","templated":true}]}}