{"id":207633,"date":"2024-05-29T02:52:43","date_gmt":"2024-05-29T00:52:43","guid":{"rendered":"https:\/\/marktxxl.de\/markt\/produkt\/jung-turmventilator\/"},"modified":"2024-05-29T02:52:43","modified_gmt":"2024-05-29T00:52:43","slug":"jung-turmventilator","status":"publish","type":"product","link":"https:\/\/marktxxl.de\/markt\/produkt\/jung-turmventilator\/","title":{"rendered":"JUNG Turmventilator"},"content":{"rendered":"<p>\ud83c\udf2c FRISCHE LUFT &#8211; dank dem Rauml\u00fcfter mit einer H\u00f6he von 78cm wird die Luft horizontal \u00fcber einen gro\u00dfen Bereich verteilt damit Sie eine k\u00fchle Brise statt dr\u00fcckender Hitze an hei\u00dfen Sommertagen genie\u00dfen k\u00f6nnen.<br \/>\n\ud83c\udf2c DREI GESCHWINDIGKEITSSTUFEN &#8211; langsam mittel und schnell sowie die 75\u00b0 Dreh Funktion lassen sich am Bedienelement am Ventilator Turm einstellen &#8211; somit ist immer f\u00fcr eine k\u00fchle Brise im Raum gesorgt<br \/>\n\ud83c\udf2c 75\u00b0 OSZILLATION &#8211; Automatisches drehen mit Abschaltfunktion. Die Oszillation sorgt f\u00fcr eine gleichm\u00e4\u00dfig verteilte und gro\u00dfr\u00e4umige Luftverteilung<br \/>\n\ud83c\udf2c STARKE LEISTUNG &#8211; unser S\u00e4ulenventilator verf\u00fcgt \u00fcber einen leistungsstarken \ud835\udfd2\ud835\udfd3\ud835\udc16 \ud835\udc0c\ud835\udc28\ud835\udc2d\ud835\udc28\ud835\udc2b und die 75\u00b0 Oszillation sorgen f\u00fcr eine gleichm\u00e4\u00dfig verteilte Bel\u00fcftung und somit f\u00fcr Sekundenschnelle Abk\u00fchlung ganz egal, ob zu Hause oder im B\u00fcro<br \/>\n\ud83c\udf2c INDIVIDUELL EINSETZBAR &#8211; ob f\u00fcr den Einsatz in den eigenen 4 W\u00e4nden oder im B\u00fcro (Homeoffice), Camping, Wohnmobil, Werkstatt, Garage etc. unser S\u00e4ulen Ventilator im zeitlosen eleganten Design passt \u00fcberall rein und sorgt auch an hei\u00dfen Tagen f\u00fcr Abk\u00fchlung<br \/>\n\ud83c\udf2c UMWELTFREUNDLICH UND ENERGIESPAREND &#8211; Dank g\u00fcnstigen Betriebskosten Umwelt- und Klimafreundlich. Energieeffizienzklasse A+<br \/>\n\ud83c\udf2c PRODUKTEIGENSCHAFTEN: Stabiler Standfu\u00df | Platzsparende Ausf\u00fchrung nur \u00d822 cm im Durchmesser | Leises Betriebsger\u00e4usch nur max. 56dB(A) auf der h\u00f6chsten Geschwindigkeitsstufe | Kabell\u00e4nge: 1,5m | H\u00f6he ca. 78cm \/ Durchmesser: Fu\u00df \u00d822cm \/ Ger\u00e4t \u00d814cm | Luftauslass: 54cm (H\u00f6he) x Breite (5,5cm) | Gewicht: 2,5kg<br \/>\n<div class=\"main-cross-sell\" data-asin=\"B0CVNJ279H\">\n\n\t<div class=\"WooZone-cross-sell-loader\">\n\t\t<div>\n\t\t\t<div id=\"floatingBarsG\">\n\t\t\t\t<div class=\"blockG\" id=\"rotateG_01\"><\/div>\n\t\t\t\t<div class=\"blockG\" id=\"rotateG_02\"><\/div>\n\t\t\t\t<div class=\"blockG\" id=\"rotateG_03\"><\/div>\n\t\t\t\t<div class=\"blockG\" id=\"rotateG_04\"><\/div>\n\t\t\t\t<div class=\"blockG\" id=\"rotateG_05\"><\/div>\n\t\t\t\t<div class=\"blockG\" id=\"rotateG_06\"><\/div>\n\t\t\t\t<div class=\"blockG\" id=\"rotateG_07\"><\/div>\n\t\t\t\t<div class=\"blockG\" id=\"rotateG_08\"><\/div>\n\t\t\t<\/div>\n\t\t\t<div class=\"WooZone-cross-sell-loader-text\"><\/div>\n\t\t<\/div>\n\t<\/div>\n\n\t\t\n<\/div>\n<div style=\"clear:both;\"><\/div><\/p>\n","protected":false},"excerpt":{"rendered":"<p>\ud83c\udf2c FRISCHE LUFT &#8211; dank dem Rauml\u00fcfter mit einer H\u00f6he von 78cm wird die Luft horizontal \u00fcber einen gro\u00dfen Bereich verteilt damit Sie eine k\u00fchle Brise statt dr\u00fcckender Hitze an hei\u00dfen Sommertagen genie\u00dfen k\u00f6nnen.<br \/>\n\ud83c\udf2c DREI GESCHWINDIGKEITSSTUFEN &#8211; langsam mittel und schnell sowie die 75\u00b0 Dreh Funktion lassen sich am Bedienelement am Ventilator Turm einstellen &#8211; somit ist immer f\u00fcr eine k\u00fchle Brise im Raum gesorgt<br \/>\n\ud83c\udf2c 75\u00b0 OSZILLATION &#8211; Automatisches drehen mit Abschaltfunktion. Die Oszillation sorgt f\u00fcr eine gleichm\u00e4\u00dfig verteilte und gro\u00dfr\u00e4umige Luftverteilung<\/p>\n","protected":false},"featured_media":207634,"comment_status":"open","ping_status":"closed","template":"","meta":[],"product_brand":[],"product_cat":[1983],"product_tag":[],"class_list":{"0":"post-207633","1":"product","2":"type-product","3":"status-publish","4":"has-post-thumbnail","6":"product_cat-baumarkt","7":"pa_brand-jung","8":"pa_languages-originalsprache-deutsch","9":"pa_manufacturer-jung","10":"pa_model-tv","11":"pa_weight-6-61386786-pounds","13":"first","14":"instock","15":"shipping-taxable","16":"product-type-simple","17":"customify-col","18":"product-has-gallery"},"yoast_head":"<!-- This site is optimized with the Yoast SEO plugin v27.3 - https:\/\/yoast.com\/product\/yoast-seo-wordpress\/ -->\n<title>JUNG Turmventilator - Markt-XXL<\/title>\n<meta name=\"description\" content=\"Markt-XXL JUNG Turmventilator\" \/>\n<meta name=\"robots\" content=\"index, follow, max-snippet:-1, max-image-preview:large, max-video-preview:-1\" \/>\n<link rel=\"canonical\" href=\"https:\/\/marktxxl.de\/markt\/produkt\/jung-turmventilator\/\" \/>\n<meta property=\"og:locale\" content=\"de_DE\" \/>\n<meta property=\"og:type\" content=\"article\" \/>\n<meta property=\"og:title\" content=\"JUNG Turmventilator - Markt-XXL\" \/>\n<meta property=\"og:description\" content=\"Markt-XXL JUNG Turmventilator\" \/>\n<meta property=\"og:url\" content=\"https:\/\/marktxxl.de\/markt\/produkt\/jung-turmventilator\/\" \/>\n<meta property=\"og:site_name\" content=\"Markt-XXL\" \/>\n<meta name=\"twitter:card\" content=\"summary_large_image\" \/>\n<meta name=\"twitter:label1\" content=\"Gesch\u00e4tzte Lesezeit\" \/>\n\t<meta name=\"twitter:data1\" content=\"1\u00a0Minute\" \/>\n<script type=\"application\/ld+json\" class=\"yoast-schema-graph\">{\"@context\":\"https:\\\/\\\/schema.org\",\"@graph\":[{\"@type\":\"WebPage\",\"@id\":\"https:\\\/\\\/marktxxl.de\\\/markt\\\/produkt\\\/jung-turmventilator\\\/\",\"url\":\"https:\\\/\\\/marktxxl.de\\\/markt\\\/produkt\\\/jung-turmventilator\\\/\",\"name\":\"JUNG Turmventilator - Markt-XXL\",\"isPartOf\":{\"@id\":\"https:\\\/\\\/marktxxl.de\\\/markt\\\/#website\"},\"primaryImageOfPage\":{\"@id\":\"https:\\\/\\\/marktxxl.de\\\/markt\\\/produkt\\\/jung-turmventilator\\\/#primaryimage\"},\"image\":{\"@id\":\"https:\\\/\\\/marktxxl.de\\\/markt\\\/produkt\\\/jung-turmventilator\\\/#primaryimage\"},\"thumbnailUrl\":\"https:\\\/\\\/m.media-amazon.com\\\/images\\\/I\\\/31E8NHi-EwL._SL500_.jpg\",\"datePublished\":\"2024-05-29T00:52:43+00:00\",\"description\":\"Markt-XXL JUNG Turmventilator\",\"breadcrumb\":{\"@id\":\"https:\\\/\\\/marktxxl.de\\\/markt\\\/produkt\\\/jung-turmventilator\\\/#breadcrumb\"},\"inLanguage\":\"de\",\"potentialAction\":[{\"@type\":\"ReadAction\",\"target\":[\"https:\\\/\\\/marktxxl.de\\\/markt\\\/produkt\\\/jung-turmventilator\\\/\"]}]},{\"@type\":\"ImageObject\",\"inLanguage\":\"de\",\"@id\":\"https:\\\/\\\/marktxxl.de\\\/markt\\\/produkt\\\/jung-turmventilator\\\/#primaryimage\",\"url\":\"https:\\\/\\\/m.media-amazon.com\\\/images\\\/I\\\/31E8NHi-EwL._SL500_.jpg\",\"contentUrl\":\"https:\\\/\\\/m.media-amazon.com\\\/images\\\/I\\\/31E8NHi-EwL._SL500_.jpg\",\"width\":198,\"height\":500},{\"@type\":\"BreadcrumbList\",\"@id\":\"https:\\\/\\\/marktxxl.de\\\/markt\\\/produkt\\\/jung-turmventilator\\\/#breadcrumb\",\"itemListElement\":[{\"@type\":\"ListItem\",\"position\":1,\"name\":\"Startseite\",\"item\":\"https:\\\/\\\/marktxxl.de\\\/markt\\\/\"},{\"@type\":\"ListItem\",\"position\":2,\"name\":\"Markt\",\"item\":\"https:\\\/\\\/marktxxl.de\\\/markt\\\/\"},{\"@type\":\"ListItem\",\"position\":3,\"name\":\"JUNG Turmventilator\"}]},{\"@type\":\"WebSite\",\"@id\":\"https:\\\/\\\/marktxxl.de\\\/markt\\\/#website\",\"url\":\"https:\\\/\\\/marktxxl.de\\\/markt\\\/\",\"name\":\"Markt-XXL\",\"description\":\"Ihr Markt Online\",\"publisher\":{\"@id\":\"https:\\\/\\\/marktxxl.de\\\/markt\\\/#organization\"},\"potentialAction\":[{\"@type\":\"SearchAction\",\"target\":{\"@type\":\"EntryPoint\",\"urlTemplate\":\"https:\\\/\\\/marktxxl.de\\\/markt\\\/?s={search_term_string}\"},\"query-input\":{\"@type\":\"PropertyValueSpecification\",\"valueRequired\":true,\"valueName\":\"search_term_string\"}}],\"inLanguage\":\"de\"},{\"@type\":\"Organization\",\"@id\":\"https:\\\/\\\/marktxxl.de\\\/markt\\\/#organization\",\"name\":\"Markt-XXL\",\"url\":\"https:\\\/\\\/marktxxl.de\\\/markt\\\/\",\"logo\":{\"@type\":\"ImageObject\",\"inLanguage\":\"de\",\"@id\":\"https:\\\/\\\/marktxxl.de\\\/markt\\\/#\\\/schema\\\/logo\\\/image\\\/\",\"url\":\"https:\\\/\\\/marktxxl.de\\\/markt\\\/wp-content\\\/uploads\\\/sites\\\/3\\\/2020\\\/12\\\/logo.png\",\"contentUrl\":\"https:\\\/\\\/marktxxl.de\\\/markt\\\/wp-content\\\/uploads\\\/sites\\\/3\\\/2020\\\/12\\\/logo.png\",\"width\":200,\"height\":70,\"caption\":\"Markt-XXL\"},\"image\":{\"@id\":\"https:\\\/\\\/marktxxl.de\\\/markt\\\/#\\\/schema\\\/logo\\\/image\\\/\"}}]}<\/script>\n<!-- \/ Yoast SEO plugin. -->","yoast_head_json":{"title":"JUNG Turmventilator - Markt-XXL","description":"Markt-XXL JUNG Turmventilator","robots":{"index":"index","follow":"follow","max-snippet":"max-snippet:-1","max-image-preview":"max-image-preview:large","max-video-preview":"max-video-preview:-1"},"canonical":"https:\/\/marktxxl.de\/markt\/produkt\/jung-turmventilator\/","og_locale":"de_DE","og_type":"article","og_title":"JUNG Turmventilator - Markt-XXL","og_description":"Markt-XXL JUNG Turmventilator","og_url":"https:\/\/marktxxl.de\/markt\/produkt\/jung-turmventilator\/","og_site_name":"Markt-XXL","twitter_card":"summary_large_image","twitter_misc":{"Gesch\u00e4tzte Lesezeit":"1\u00a0Minute"},"schema":{"@context":"https:\/\/schema.org","@graph":[{"@type":"WebPage","@id":"https:\/\/marktxxl.de\/markt\/produkt\/jung-turmventilator\/","url":"https:\/\/marktxxl.de\/markt\/produkt\/jung-turmventilator\/","name":"JUNG Turmventilator - Markt-XXL","isPartOf":{"@id":"https:\/\/marktxxl.de\/markt\/#website"},"primaryImageOfPage":{"@id":"https:\/\/marktxxl.de\/markt\/produkt\/jung-turmventilator\/#primaryimage"},"image":{"@id":"https:\/\/marktxxl.de\/markt\/produkt\/jung-turmventilator\/#primaryimage"},"thumbnailUrl":"https:\/\/m.media-amazon.com\/images\/I\/31E8NHi-EwL._SL500_.jpg","datePublished":"2024-05-29T00:52:43+00:00","description":"Markt-XXL JUNG Turmventilator","breadcrumb":{"@id":"https:\/\/marktxxl.de\/markt\/produkt\/jung-turmventilator\/#breadcrumb"},"inLanguage":"de","potentialAction":[{"@type":"ReadAction","target":["https:\/\/marktxxl.de\/markt\/produkt\/jung-turmventilator\/"]}]},{"@type":"ImageObject","inLanguage":"de","@id":"https:\/\/marktxxl.de\/markt\/produkt\/jung-turmventilator\/#primaryimage","url":"https:\/\/m.media-amazon.com\/images\/I\/31E8NHi-EwL._SL500_.jpg","contentUrl":"https:\/\/m.media-amazon.com\/images\/I\/31E8NHi-EwL._SL500_.jpg","width":198,"height":500},{"@type":"BreadcrumbList","@id":"https:\/\/marktxxl.de\/markt\/produkt\/jung-turmventilator\/#breadcrumb","itemListElement":[{"@type":"ListItem","position":1,"name":"Startseite","item":"https:\/\/marktxxl.de\/markt\/"},{"@type":"ListItem","position":2,"name":"Markt","item":"https:\/\/marktxxl.de\/markt\/"},{"@type":"ListItem","position":3,"name":"JUNG Turmventilator"}]},{"@type":"WebSite","@id":"https:\/\/marktxxl.de\/markt\/#website","url":"https:\/\/marktxxl.de\/markt\/","name":"Markt-XXL","description":"Ihr Markt Online","publisher":{"@id":"https:\/\/marktxxl.de\/markt\/#organization"},"potentialAction":[{"@type":"SearchAction","target":{"@type":"EntryPoint","urlTemplate":"https:\/\/marktxxl.de\/markt\/?s={search_term_string}"},"query-input":{"@type":"PropertyValueSpecification","valueRequired":true,"valueName":"search_term_string"}}],"inLanguage":"de"},{"@type":"Organization","@id":"https:\/\/marktxxl.de\/markt\/#organization","name":"Markt-XXL","url":"https:\/\/marktxxl.de\/markt\/","logo":{"@type":"ImageObject","inLanguage":"de","@id":"https:\/\/marktxxl.de\/markt\/#\/schema\/logo\/image\/","url":"https:\/\/marktxxl.de\/markt\/wp-content\/uploads\/sites\/3\/2020\/12\/logo.png","contentUrl":"https:\/\/marktxxl.de\/markt\/wp-content\/uploads\/sites\/3\/2020\/12\/logo.png","width":200,"height":70,"caption":"Markt-XXL"},"image":{"@id":"https:\/\/marktxxl.de\/markt\/#\/schema\/logo\/image\/"}}]}},"_links":{"self":[{"href":"https:\/\/marktxxl.de\/markt\/wp-json\/wp\/v2\/product\/207633","targetHints":{"allow":["GET"]}}],"collection":[{"href":"https:\/\/marktxxl.de\/markt\/wp-json\/wp\/v2\/product"}],"about":[{"href":"https:\/\/marktxxl.de\/markt\/wp-json\/wp\/v2\/types\/product"}],"replies":[{"embeddable":true,"href":"https:\/\/marktxxl.de\/markt\/wp-json\/wp\/v2\/comments?post=207633"}],"wp:featuredmedia":[{"embeddable":true,"href":"https:\/\/marktxxl.de\/markt\/wp-json\/wp\/v2\/media\/207634"}],"wp:attachment":[{"href":"https:\/\/marktxxl.de\/markt\/wp-json\/wp\/v2\/media?parent=207633"}],"wp:term":[{"taxonomy":"product_brand","embeddable":true,"href":"https:\/\/marktxxl.de\/markt\/wp-json\/wp\/v2\/product_brand?post=207633"},{"taxonomy":"product_cat","embeddable":true,"href":"https:\/\/marktxxl.de\/markt\/wp-json\/wp\/v2\/product_cat?post=207633"},{"taxonomy":"product_tag","embeddable":true,"href":"https:\/\/marktxxl.de\/markt\/wp-json\/wp\/v2\/product_tag?post=207633"}],"curies":[{"name":"wp","href":"https:\/\/api.w.org\/{rel}","templated":true}]}}