{"id":207604,"date":"2024-05-29T02:52:16","date_gmt":"2024-05-29T00:52:16","guid":{"rendered":"https:\/\/marktxxl.de\/markt\/produkt\/wera-950-pkl-9-sm-n-winkelschluesselsatz-metrisch-gestellverchromt-9-teilig-05022087001\/"},"modified":"2024-05-29T02:52:16","modified_gmt":"2024-05-29T00:52:16","slug":"wera-950-pkl-9-sm-n-winkelschluesselsatz-metrisch-gestellverchromt-9-teilig-05022087001","status":"publish","type":"product","link":"https:\/\/marktxxl.de\/markt\/produkt\/wera-950-pkl-9-sm-n-winkelschluesselsatz-metrisch-gestellverchromt-9-teilig-05022087001\/","title":{"rendered":"Wera 950 PKL\/9 SM N Winkelschl\u00fcsselsatz, metrisch, gestellverchromt, 9-teilig, 05022087001"},"content":{"rendered":"<p>Winkelschl\u00fcsselsatz f\u00fcr Innensechskantschrauben<br \/>\nHex-Plus l\u00e4sst Innensechskantschrauben l\u00e4nger leben<br \/>\nHoher Korrosionsschutz durch Gestellverchromung<br \/>\nWinkelschl\u00fcssel sind durch ihre Gr\u00f6\u00dfenkennzeichnung schnell zur Hand<br \/>\nVerschlei\u00dffreies Clip-Material f\u00fcr erh\u00f6hte Lebensdauer<br \/>\n<div class=\"main-cross-sell\" data-asin=\"B000ZEHMYI\">\n\n\t<div class=\"WooZone-cross-sell-loader\">\n\t\t<div>\n\t\t\t<div id=\"floatingBarsG\">\n\t\t\t\t<div class=\"blockG\" id=\"rotateG_01\"><\/div>\n\t\t\t\t<div class=\"blockG\" id=\"rotateG_02\"><\/div>\n\t\t\t\t<div class=\"blockG\" id=\"rotateG_03\"><\/div>\n\t\t\t\t<div class=\"blockG\" id=\"rotateG_04\"><\/div>\n\t\t\t\t<div class=\"blockG\" id=\"rotateG_05\"><\/div>\n\t\t\t\t<div class=\"blockG\" id=\"rotateG_06\"><\/div>\n\t\t\t\t<div class=\"blockG\" id=\"rotateG_07\"><\/div>\n\t\t\t\t<div class=\"blockG\" id=\"rotateG_08\"><\/div>\n\t\t\t<\/div>\n\t\t\t<div class=\"WooZone-cross-sell-loader-text\"><\/div>\n\t\t<\/div>\n\t<\/div>\n\n\t\t\n<\/div>\n<div style=\"clear:both;\"><\/div><\/p>\n","protected":false},"excerpt":{"rendered":"<p>Winkelschl\u00fcsselsatz f\u00fcr Innensechskantschrauben<br \/>\nHex-Plus l\u00e4sst Innensechskantschrauben l\u00e4nger leben<br \/>\nHoher Korrosionsschutz durch Gestellverchromung<\/p>\n","protected":false},"featured_media":207605,"comment_status":"open","ping_status":"closed","template":"","meta":[],"product_brand":[],"product_cat":[1983],"product_tag":[],"class_list":{"0":"post-207604","1":"product","2":"type-product","3":"status-publish","4":"has-post-thumbnail","6":"product_cat-baumarkt","7":"pa_binding-misc","8":"pa_brand-wera","9":"pa_color-chrom","10":"pa_height-2-56-zoll","11":"pa_length-9-45-zoll","12":"pa_manufacturer-wera-werkzeuge-gmbh","13":"pa_model-52359","14":"pa_warranty-herstellergarantie","15":"pa_weight-0-441-pounds","16":"pa_width-7-09-zoll","18":"first","19":"instock","20":"sale","21":"shipping-taxable","22":"purchasable","23":"product-type-simple","24":"customify-col","25":"product-has-gallery"},"yoast_head":"<!-- This site is optimized with the Yoast SEO plugin v27.3 - https:\/\/yoast.com\/product\/yoast-seo-wordpress\/ -->\n<title>Wera 950 PKL\/9 SM N Winkelschl\u00fcsselsatz, metrisch, gestellverchromt, 9-teilig, 05022087001 - Markt-XXL<\/title>\n<meta name=\"description\" content=\"Markt-XXL Wera 950 PKL\/9 SM N Winkelschl\u00fcsselsatz, metrisch, gestellverchromt, 9-teilig, 05022087001\" \/>\n<meta name=\"robots\" content=\"index, follow, max-snippet:-1, max-image-preview:large, max-video-preview:-1\" \/>\n<link rel=\"canonical\" href=\"https:\/\/marktxxl.de\/markt\/produkt\/wera-950-pkl-9-sm-n-winkelschluesselsatz-metrisch-gestellverchromt-9-teilig-05022087001\/\" \/>\n<meta property=\"og:locale\" content=\"de_DE\" \/>\n<meta property=\"og:type\" content=\"article\" \/>\n<meta property=\"og:title\" content=\"Wera 950 PKL\/9 SM N Winkelschl\u00fcsselsatz, metrisch, gestellverchromt, 9-teilig, 05022087001 - Markt-XXL\" \/>\n<meta property=\"og:description\" content=\"Markt-XXL Wera 950 PKL\/9 SM N Winkelschl\u00fcsselsatz, metrisch, gestellverchromt, 9-teilig, 05022087001\" \/>\n<meta property=\"og:url\" content=\"https:\/\/marktxxl.de\/markt\/produkt\/wera-950-pkl-9-sm-n-winkelschluesselsatz-metrisch-gestellverchromt-9-teilig-05022087001\/\" \/>\n<meta property=\"og:site_name\" content=\"Markt-XXL\" \/>\n<meta name=\"twitter:card\" content=\"summary_large_image\" \/>\n<script type=\"application\/ld+json\" class=\"yoast-schema-graph\">{\"@context\":\"https:\\\/\\\/schema.org\",\"@graph\":[{\"@type\":\"WebPage\",\"@id\":\"https:\\\/\\\/marktxxl.de\\\/markt\\\/produkt\\\/wera-950-pkl-9-sm-n-winkelschluesselsatz-metrisch-gestellverchromt-9-teilig-05022087001\\\/\",\"url\":\"https:\\\/\\\/marktxxl.de\\\/markt\\\/produkt\\\/wera-950-pkl-9-sm-n-winkelschluesselsatz-metrisch-gestellverchromt-9-teilig-05022087001\\\/\",\"name\":\"Wera 950 PKL\\\/9 SM N Winkelschl\u00fcsselsatz, metrisch, gestellverchromt, 9-teilig, 05022087001 - Markt-XXL\",\"isPartOf\":{\"@id\":\"https:\\\/\\\/marktxxl.de\\\/markt\\\/#website\"},\"primaryImageOfPage\":{\"@id\":\"https:\\\/\\\/marktxxl.de\\\/markt\\\/produkt\\\/wera-950-pkl-9-sm-n-winkelschluesselsatz-metrisch-gestellverchromt-9-teilig-05022087001\\\/#primaryimage\"},\"image\":{\"@id\":\"https:\\\/\\\/marktxxl.de\\\/markt\\\/produkt\\\/wera-950-pkl-9-sm-n-winkelschluesselsatz-metrisch-gestellverchromt-9-teilig-05022087001\\\/#primaryimage\"},\"thumbnailUrl\":\"https:\\\/\\\/m.media-amazon.com\\\/images\\\/I\\\/311lDjaFKDS._SL500_.jpg\",\"datePublished\":\"2024-05-29T00:52:16+00:00\",\"description\":\"Markt-XXL Wera 950 PKL\\\/9 SM N Winkelschl\u00fcsselsatz, metrisch, gestellverchromt, 9-teilig, 05022087001\",\"breadcrumb\":{\"@id\":\"https:\\\/\\\/marktxxl.de\\\/markt\\\/produkt\\\/wera-950-pkl-9-sm-n-winkelschluesselsatz-metrisch-gestellverchromt-9-teilig-05022087001\\\/#breadcrumb\"},\"inLanguage\":\"de\",\"potentialAction\":[{\"@type\":\"ReadAction\",\"target\":[\"https:\\\/\\\/marktxxl.de\\\/markt\\\/produkt\\\/wera-950-pkl-9-sm-n-winkelschluesselsatz-metrisch-gestellverchromt-9-teilig-05022087001\\\/\"]}]},{\"@type\":\"ImageObject\",\"inLanguage\":\"de\",\"@id\":\"https:\\\/\\\/marktxxl.de\\\/markt\\\/produkt\\\/wera-950-pkl-9-sm-n-winkelschluesselsatz-metrisch-gestellverchromt-9-teilig-05022087001\\\/#primaryimage\",\"url\":\"https:\\\/\\\/m.media-amazon.com\\\/images\\\/I\\\/311lDjaFKDS._SL500_.jpg\",\"contentUrl\":\"https:\\\/\\\/m.media-amazon.com\\\/images\\\/I\\\/311lDjaFKDS._SL500_.jpg\",\"width\":500,\"height\":156},{\"@type\":\"BreadcrumbList\",\"@id\":\"https:\\\/\\\/marktxxl.de\\\/markt\\\/produkt\\\/wera-950-pkl-9-sm-n-winkelschluesselsatz-metrisch-gestellverchromt-9-teilig-05022087001\\\/#breadcrumb\",\"itemListElement\":[{\"@type\":\"ListItem\",\"position\":1,\"name\":\"Startseite\",\"item\":\"https:\\\/\\\/marktxxl.de\\\/markt\\\/\"},{\"@type\":\"ListItem\",\"position\":2,\"name\":\"Markt\",\"item\":\"https:\\\/\\\/marktxxl.de\\\/markt\\\/\"},{\"@type\":\"ListItem\",\"position\":3,\"name\":\"Wera 950 PKL\\\/9 SM N Winkelschl\u00fcsselsatz, metrisch, gestellverchromt, 9-teilig, 05022087001\"}]},{\"@type\":\"WebSite\",\"@id\":\"https:\\\/\\\/marktxxl.de\\\/markt\\\/#website\",\"url\":\"https:\\\/\\\/marktxxl.de\\\/markt\\\/\",\"name\":\"Markt-XXL\",\"description\":\"Ihr Markt Online\",\"publisher\":{\"@id\":\"https:\\\/\\\/marktxxl.de\\\/markt\\\/#organization\"},\"potentialAction\":[{\"@type\":\"SearchAction\",\"target\":{\"@type\":\"EntryPoint\",\"urlTemplate\":\"https:\\\/\\\/marktxxl.de\\\/markt\\\/?s={search_term_string}\"},\"query-input\":{\"@type\":\"PropertyValueSpecification\",\"valueRequired\":true,\"valueName\":\"search_term_string\"}}],\"inLanguage\":\"de\"},{\"@type\":\"Organization\",\"@id\":\"https:\\\/\\\/marktxxl.de\\\/markt\\\/#organization\",\"name\":\"Markt-XXL\",\"url\":\"https:\\\/\\\/marktxxl.de\\\/markt\\\/\",\"logo\":{\"@type\":\"ImageObject\",\"inLanguage\":\"de\",\"@id\":\"https:\\\/\\\/marktxxl.de\\\/markt\\\/#\\\/schema\\\/logo\\\/image\\\/\",\"url\":\"https:\\\/\\\/marktxxl.de\\\/markt\\\/wp-content\\\/uploads\\\/sites\\\/3\\\/2020\\\/12\\\/logo.png\",\"contentUrl\":\"https:\\\/\\\/marktxxl.de\\\/markt\\\/wp-content\\\/uploads\\\/sites\\\/3\\\/2020\\\/12\\\/logo.png\",\"width\":200,\"height\":70,\"caption\":\"Markt-XXL\"},\"image\":{\"@id\":\"https:\\\/\\\/marktxxl.de\\\/markt\\\/#\\\/schema\\\/logo\\\/image\\\/\"}}]}<\/script>\n<!-- \/ Yoast SEO plugin. -->","yoast_head_json":{"title":"Wera 950 PKL\/9 SM N Winkelschl\u00fcsselsatz, metrisch, gestellverchromt, 9-teilig, 05022087001 - Markt-XXL","description":"Markt-XXL Wera 950 PKL\/9 SM N Winkelschl\u00fcsselsatz, metrisch, gestellverchromt, 9-teilig, 05022087001","robots":{"index":"index","follow":"follow","max-snippet":"max-snippet:-1","max-image-preview":"max-image-preview:large","max-video-preview":"max-video-preview:-1"},"canonical":"https:\/\/marktxxl.de\/markt\/produkt\/wera-950-pkl-9-sm-n-winkelschluesselsatz-metrisch-gestellverchromt-9-teilig-05022087001\/","og_locale":"de_DE","og_type":"article","og_title":"Wera 950 PKL\/9 SM N Winkelschl\u00fcsselsatz, metrisch, gestellverchromt, 9-teilig, 05022087001 - Markt-XXL","og_description":"Markt-XXL Wera 950 PKL\/9 SM N Winkelschl\u00fcsselsatz, metrisch, gestellverchromt, 9-teilig, 05022087001","og_url":"https:\/\/marktxxl.de\/markt\/produkt\/wera-950-pkl-9-sm-n-winkelschluesselsatz-metrisch-gestellverchromt-9-teilig-05022087001\/","og_site_name":"Markt-XXL","twitter_card":"summary_large_image","schema":{"@context":"https:\/\/schema.org","@graph":[{"@type":"WebPage","@id":"https:\/\/marktxxl.de\/markt\/produkt\/wera-950-pkl-9-sm-n-winkelschluesselsatz-metrisch-gestellverchromt-9-teilig-05022087001\/","url":"https:\/\/marktxxl.de\/markt\/produkt\/wera-950-pkl-9-sm-n-winkelschluesselsatz-metrisch-gestellverchromt-9-teilig-05022087001\/","name":"Wera 950 PKL\/9 SM N Winkelschl\u00fcsselsatz, metrisch, gestellverchromt, 9-teilig, 05022087001 - Markt-XXL","isPartOf":{"@id":"https:\/\/marktxxl.de\/markt\/#website"},"primaryImageOfPage":{"@id":"https:\/\/marktxxl.de\/markt\/produkt\/wera-950-pkl-9-sm-n-winkelschluesselsatz-metrisch-gestellverchromt-9-teilig-05022087001\/#primaryimage"},"image":{"@id":"https:\/\/marktxxl.de\/markt\/produkt\/wera-950-pkl-9-sm-n-winkelschluesselsatz-metrisch-gestellverchromt-9-teilig-05022087001\/#primaryimage"},"thumbnailUrl":"https:\/\/m.media-amazon.com\/images\/I\/311lDjaFKDS._SL500_.jpg","datePublished":"2024-05-29T00:52:16+00:00","description":"Markt-XXL Wera 950 PKL\/9 SM N Winkelschl\u00fcsselsatz, metrisch, gestellverchromt, 9-teilig, 05022087001","breadcrumb":{"@id":"https:\/\/marktxxl.de\/markt\/produkt\/wera-950-pkl-9-sm-n-winkelschluesselsatz-metrisch-gestellverchromt-9-teilig-05022087001\/#breadcrumb"},"inLanguage":"de","potentialAction":[{"@type":"ReadAction","target":["https:\/\/marktxxl.de\/markt\/produkt\/wera-950-pkl-9-sm-n-winkelschluesselsatz-metrisch-gestellverchromt-9-teilig-05022087001\/"]}]},{"@type":"ImageObject","inLanguage":"de","@id":"https:\/\/marktxxl.de\/markt\/produkt\/wera-950-pkl-9-sm-n-winkelschluesselsatz-metrisch-gestellverchromt-9-teilig-05022087001\/#primaryimage","url":"https:\/\/m.media-amazon.com\/images\/I\/311lDjaFKDS._SL500_.jpg","contentUrl":"https:\/\/m.media-amazon.com\/images\/I\/311lDjaFKDS._SL500_.jpg","width":500,"height":156},{"@type":"BreadcrumbList","@id":"https:\/\/marktxxl.de\/markt\/produkt\/wera-950-pkl-9-sm-n-winkelschluesselsatz-metrisch-gestellverchromt-9-teilig-05022087001\/#breadcrumb","itemListElement":[{"@type":"ListItem","position":1,"name":"Startseite","item":"https:\/\/marktxxl.de\/markt\/"},{"@type":"ListItem","position":2,"name":"Markt","item":"https:\/\/marktxxl.de\/markt\/"},{"@type":"ListItem","position":3,"name":"Wera 950 PKL\/9 SM N Winkelschl\u00fcsselsatz, metrisch, gestellverchromt, 9-teilig, 05022087001"}]},{"@type":"WebSite","@id":"https:\/\/marktxxl.de\/markt\/#website","url":"https:\/\/marktxxl.de\/markt\/","name":"Markt-XXL","description":"Ihr Markt Online","publisher":{"@id":"https:\/\/marktxxl.de\/markt\/#organization"},"potentialAction":[{"@type":"SearchAction","target":{"@type":"EntryPoint","urlTemplate":"https:\/\/marktxxl.de\/markt\/?s={search_term_string}"},"query-input":{"@type":"PropertyValueSpecification","valueRequired":true,"valueName":"search_term_string"}}],"inLanguage":"de"},{"@type":"Organization","@id":"https:\/\/marktxxl.de\/markt\/#organization","name":"Markt-XXL","url":"https:\/\/marktxxl.de\/markt\/","logo":{"@type":"ImageObject","inLanguage":"de","@id":"https:\/\/marktxxl.de\/markt\/#\/schema\/logo\/image\/","url":"https:\/\/marktxxl.de\/markt\/wp-content\/uploads\/sites\/3\/2020\/12\/logo.png","contentUrl":"https:\/\/marktxxl.de\/markt\/wp-content\/uploads\/sites\/3\/2020\/12\/logo.png","width":200,"height":70,"caption":"Markt-XXL"},"image":{"@id":"https:\/\/marktxxl.de\/markt\/#\/schema\/logo\/image\/"}}]}},"_links":{"self":[{"href":"https:\/\/marktxxl.de\/markt\/wp-json\/wp\/v2\/product\/207604","targetHints":{"allow":["GET"]}}],"collection":[{"href":"https:\/\/marktxxl.de\/markt\/wp-json\/wp\/v2\/product"}],"about":[{"href":"https:\/\/marktxxl.de\/markt\/wp-json\/wp\/v2\/types\/product"}],"replies":[{"embeddable":true,"href":"https:\/\/marktxxl.de\/markt\/wp-json\/wp\/v2\/comments?post=207604"}],"wp:featuredmedia":[{"embeddable":true,"href":"https:\/\/marktxxl.de\/markt\/wp-json\/wp\/v2\/media\/207605"}],"wp:attachment":[{"href":"https:\/\/marktxxl.de\/markt\/wp-json\/wp\/v2\/media?parent=207604"}],"wp:term":[{"taxonomy":"product_brand","embeddable":true,"href":"https:\/\/marktxxl.de\/markt\/wp-json\/wp\/v2\/product_brand?post=207604"},{"taxonomy":"product_cat","embeddable":true,"href":"https:\/\/marktxxl.de\/markt\/wp-json\/wp\/v2\/product_cat?post=207604"},{"taxonomy":"product_tag","embeddable":true,"href":"https:\/\/marktxxl.de\/markt\/wp-json\/wp\/v2\/product_tag?post=207604"}],"curies":[{"name":"wp","href":"https:\/\/api.w.org\/{rel}","templated":true}]}}