{"id":207594,"date":"2024-05-29T02:52:09","date_gmt":"2024-05-29T00:52:09","guid":{"rendered":"https:\/\/marktxxl.de\/markt\/produkt\/xiaovv-hd-ueberwachungskamera-aussenueberwachungskamera-aussen-solar-kabellose-einfache-installation2-4g-wlan-ueberwachungskamera-aussen-akku-10000mazwei-jahren-batterielaufzeit\/"},"modified":"2024-05-29T02:52:09","modified_gmt":"2024-05-29T00:52:09","slug":"xiaovv-hd-ueberwachungskamera-aussenueberwachungskamera-aussen-solar-kabellose-einfache-installation2-4g-wlan-ueberwachungskamera-aussen-akku-10000mazwei-jahren-batterielaufzeit","status":"publish","type":"product","link":"https:\/\/marktxxl.de\/markt\/produkt\/xiaovv-hd-ueberwachungskamera-aussenueberwachungskamera-aussen-solar-kabellose-einfache-installation2-4g-wlan-ueberwachungskamera-aussen-akku-10000mazwei-jahren-batterielaufzeit\/","title":{"rendered":"XIAOVV HD \u00fcberwachungskamera aussen,\u00fcberwachungskamera aussen solar Kabellose einfache Installation,2.4G WLAN \u00fcberwachungskamera aussen akku 10000ma,Zwei Jahren Batterielaufzeit"},"content":{"rendered":"<p>\ud83d\udd0b\u30102.4G WLAN Solar Kamera mit 10000mAh Akku\u3011Die Installation einer \u00fcberwachungskamera solar ist einfach und erfordert keine Verkabelung. Die kamera \u00fcberwachung aussen ist mit einem leistungsstarken 10000-mAh-Akku ausgestattet, der bis zu zwei Jahre lang betrieben werden kann und eine ununterbrochene Stromversorgung an 365 Tagen im Jahr bietet.<br \/>\n\ud83d\udcf8\u30102MP HD Videoaufl\u00f6sung outdoor kamera\u3011Die Solar Kamera WLAN Outdoor unterst\u00fctzt eine 360\u00b0 horizontale und vertikale Drehung. Die 2MP HD-au\u00dfenkamera solar kann Ihr Zuhause tags\u00fcber und nachts klar \u00fcberwachen, um die Sicherheit Ihres Zuhauses zu sch\u00fctzen<br \/>\n\ud83d\udea8\u3010PIR-Alarm und Zwei-Wege-Audio\u3011Die PIR-Funktion der aussenkamera wlan kabellos akku ist darauf ausgelegt, Alarme basierend auf der menschlichen K\u00f6rpertemperatur auszul\u00f6sen, wodurch Fehlalarme wirksam reduziert werden k\u00f6nnen. Durch die Zwei-Wege-Sprach- und KI-Bewegungsverfolgung der kamera \u00fcberwachung aussen solar ein wirksamer Schutz der Sicherheit zu Hause erreicht werden.<br \/>\n\u26c8\u3010IP65 Wetterfest \uff06 Multifunktional\u3011Die solar \u00fcberwachungskamera aussen weist eine Witterungsbest\u00e4ndigkeit von IP65 auf. Die wlan kamera outdoor f\u00fcr den Au\u00dfenbereich ist in der Lage, mit extremen Wetterbedingungen, starkem Frost, sengender Hitze, St\u00fcrmen und Gewittern umzugehen. Sie erm\u00f6glicht die Fernanzeige von \u00dcberwachungsbildern und gew\u00e4hrleistet einen reibungslosen Betrieb unter normalen Bedingungen.<br \/>\n\ud83d\udcac\u3010Qualitativ g\u00fcnstige Produkte und Kundenservice\u3011Die Au\u00dfenkamera unterst\u00fctzt Cloud-Dienste und lokale Speicherung, um die Privatsph\u00e4re der Benutzer zu sch\u00fctzen. Hochwertige camera outdoor und ein umfassender Kundendienst bieten Ihnen zeitnahen und professionellen technischen Support sowie zufriedenstellende L\u00f6sungen zur \u00dcberwachung der Sicherheit zu Hause.<br \/>\n<div class=\"main-cross-sell\" data-asin=\"B0CTCFSSR4\">\n\n\t<div class=\"WooZone-cross-sell-loader\">\n\t\t<div>\n\t\t\t<div id=\"floatingBarsG\">\n\t\t\t\t<div class=\"blockG\" id=\"rotateG_01\"><\/div>\n\t\t\t\t<div class=\"blockG\" id=\"rotateG_02\"><\/div>\n\t\t\t\t<div class=\"blockG\" id=\"rotateG_03\"><\/div>\n\t\t\t\t<div class=\"blockG\" id=\"rotateG_04\"><\/div>\n\t\t\t\t<div class=\"blockG\" id=\"rotateG_05\"><\/div>\n\t\t\t\t<div class=\"blockG\" id=\"rotateG_06\"><\/div>\n\t\t\t\t<div class=\"blockG\" id=\"rotateG_07\"><\/div>\n\t\t\t\t<div class=\"blockG\" id=\"rotateG_08\"><\/div>\n\t\t\t<\/div>\n\t\t\t<div class=\"WooZone-cross-sell-loader-text\"><\/div>\n\t\t<\/div>\n\t<\/div>\n\n\t\t\n<\/div>\n<div style=\"clear:both;\"><\/div><\/p>\n","protected":false},"excerpt":{"rendered":"<p>\ud83d\udd0b\u30102.4G WLAN Solar Kamera mit 10000mAh Akku\u3011Die Installation einer \u00fcberwachungskamera solar ist einfach und erfordert keine Verkabelung. Die kamera \u00fcberwachung aussen ist mit einem leistungsstarken 10000-mAh-Akku ausgestattet, der bis zu zwei Jahre lang betrieben werden kann und eine ununterbrochene Stromversorgung an 365 Tagen im Jahr bietet.<br \/>\n\ud83d\udcf8\u30102MP HD Videoaufl\u00f6sung outdoor kamera\u3011Die Solar Kamera WLAN Outdoor unterst\u00fctzt eine 360\u00b0 horizontale und vertikale Drehung. Die 2MP HD-au\u00dfenkamera solar kann Ihr Zuhause tags\u00fcber und nachts klar \u00fcberwachen, um die Sicherheit Ihres Zuhauses zu sch\u00fctzen<br \/>\n\ud83d\udea8\u3010PIR-Alarm und Zwei-Wege-Audio\u3011Die PIR-Funktion der aussenkamera wlan kabellos akku ist darauf ausgelegt, Alarme basierend auf der menschlichen K\u00f6rpertemperatur auszul\u00f6sen, wodurch Fehlalarme wirksam reduziert werden k\u00f6nnen. Durch die Zwei-Wege-Sprach- und KI-Bewegungsverfolgung der kamera \u00fcberwachung aussen solar ein wirksamer Schutz der Sicherheit zu Hause erreicht werden.<\/p>\n","protected":false},"featured_media":207595,"comment_status":"open","ping_status":"closed","template":"","meta":[],"product_brand":[],"product_cat":[1983],"product_tag":[],"class_list":{"0":"post-207594","1":"product","2":"type-product","3":"status-publish","4":"has-post-thumbnail","6":"product_cat-baumarkt","7":"pa_binding-elektronik","8":"pa_brand-xiaovv","9":"pa_color-weiss","10":"pa_height-5-905511805-zoll","11":"pa_length-5-118110231-zoll","12":"pa_manufacturer-xiaovv","13":"pa_model-camera-solaire-p6-plus","14":"pa_weight-3-30693393-pounds","15":"pa_width-3-93700787-zoll","17":"first","18":"instock","19":"shipping-taxable","20":"purchasable","21":"product-type-simple","22":"customify-col","23":"product-has-gallery"},"yoast_head":"<!-- This site is optimized with the Yoast SEO plugin v27.3 - https:\/\/yoast.com\/product\/yoast-seo-wordpress\/ -->\n<title>XIAOVV HD \u00fcberwachungskamera aussen,\u00fcberwachungskamera aussen solar Kabellose einfache Installation,2.4G WLAN \u00fcberwachungskamera aussen akku 10000ma,Zwei Jahren Batterielaufzeit - Markt-XXL<\/title>\n<meta name=\"description\" content=\"Markt-XXL XIAOVV HD \u00fcberwachungskamera aussen,\u00fcberwachungskamera aussen solar Kabellose einfache Installation,2.4G WLAN \u00fcberwachungskamera aussen akku 10000ma,Zwei Jahren Batterielaufzeit\" \/>\n<meta name=\"robots\" content=\"index, follow, max-snippet:-1, max-image-preview:large, max-video-preview:-1\" \/>\n<link rel=\"canonical\" href=\"https:\/\/marktxxl.de\/markt\/produkt\/xiaovv-hd-ueberwachungskamera-aussenueberwachungskamera-aussen-solar-kabellose-einfache-installation2-4g-wlan-ueberwachungskamera-aussen-akku-10000mazwei-jahren-batterielaufzeit\/\" \/>\n<meta property=\"og:locale\" content=\"de_DE\" \/>\n<meta property=\"og:type\" content=\"article\" \/>\n<meta property=\"og:title\" content=\"XIAOVV HD \u00fcberwachungskamera aussen,\u00fcberwachungskamera aussen solar Kabellose einfache Installation,2.4G WLAN \u00fcberwachungskamera aussen akku 10000ma,Zwei Jahren Batterielaufzeit - Markt-XXL\" \/>\n<meta property=\"og:description\" content=\"Markt-XXL XIAOVV HD \u00fcberwachungskamera aussen,\u00fcberwachungskamera aussen solar Kabellose einfache Installation,2.4G WLAN \u00fcberwachungskamera aussen akku 10000ma,Zwei Jahren Batterielaufzeit\" \/>\n<meta property=\"og:url\" content=\"https:\/\/marktxxl.de\/markt\/produkt\/xiaovv-hd-ueberwachungskamera-aussenueberwachungskamera-aussen-solar-kabellose-einfache-installation2-4g-wlan-ueberwachungskamera-aussen-akku-10000mazwei-jahren-batterielaufzeit\/\" \/>\n<meta property=\"og:site_name\" content=\"Markt-XXL\" \/>\n<meta name=\"twitter:card\" content=\"summary_large_image\" \/>\n<meta name=\"twitter:label1\" content=\"Gesch\u00e4tzte Lesezeit\" \/>\n\t<meta name=\"twitter:data1\" content=\"1\u00a0Minute\" \/>\n<script type=\"application\/ld+json\" class=\"yoast-schema-graph\">{\"@context\":\"https:\\\/\\\/schema.org\",\"@graph\":[{\"@type\":\"WebPage\",\"@id\":\"https:\\\/\\\/marktxxl.de\\\/markt\\\/produkt\\\/xiaovv-hd-ueberwachungskamera-aussenueberwachungskamera-aussen-solar-kabellose-einfache-installation2-4g-wlan-ueberwachungskamera-aussen-akku-10000mazwei-jahren-batterielaufzeit\\\/\",\"url\":\"https:\\\/\\\/marktxxl.de\\\/markt\\\/produkt\\\/xiaovv-hd-ueberwachungskamera-aussenueberwachungskamera-aussen-solar-kabellose-einfache-installation2-4g-wlan-ueberwachungskamera-aussen-akku-10000mazwei-jahren-batterielaufzeit\\\/\",\"name\":\"XIAOVV HD \u00fcberwachungskamera aussen,\u00fcberwachungskamera aussen solar Kabellose einfache Installation,2.4G WLAN \u00fcberwachungskamera aussen akku 10000ma,Zwei Jahren Batterielaufzeit - Markt-XXL\",\"isPartOf\":{\"@id\":\"https:\\\/\\\/marktxxl.de\\\/markt\\\/#website\"},\"primaryImageOfPage\":{\"@id\":\"https:\\\/\\\/marktxxl.de\\\/markt\\\/produkt\\\/xiaovv-hd-ueberwachungskamera-aussenueberwachungskamera-aussen-solar-kabellose-einfache-installation2-4g-wlan-ueberwachungskamera-aussen-akku-10000mazwei-jahren-batterielaufzeit\\\/#primaryimage\"},\"image\":{\"@id\":\"https:\\\/\\\/marktxxl.de\\\/markt\\\/produkt\\\/xiaovv-hd-ueberwachungskamera-aussenueberwachungskamera-aussen-solar-kabellose-einfache-installation2-4g-wlan-ueberwachungskamera-aussen-akku-10000mazwei-jahren-batterielaufzeit\\\/#primaryimage\"},\"thumbnailUrl\":\"https:\\\/\\\/m.media-amazon.com\\\/images\\\/I\\\/31JmFqm+QpL._SL500_.jpg\",\"datePublished\":\"2024-05-29T00:52:09+00:00\",\"description\":\"Markt-XXL XIAOVV HD \u00fcberwachungskamera aussen,\u00fcberwachungskamera aussen solar Kabellose einfache Installation,2.4G WLAN \u00fcberwachungskamera aussen akku 10000ma,Zwei Jahren Batterielaufzeit\",\"breadcrumb\":{\"@id\":\"https:\\\/\\\/marktxxl.de\\\/markt\\\/produkt\\\/xiaovv-hd-ueberwachungskamera-aussenueberwachungskamera-aussen-solar-kabellose-einfache-installation2-4g-wlan-ueberwachungskamera-aussen-akku-10000mazwei-jahren-batterielaufzeit\\\/#breadcrumb\"},\"inLanguage\":\"de\",\"potentialAction\":[{\"@type\":\"ReadAction\",\"target\":[\"https:\\\/\\\/marktxxl.de\\\/markt\\\/produkt\\\/xiaovv-hd-ueberwachungskamera-aussenueberwachungskamera-aussen-solar-kabellose-einfache-installation2-4g-wlan-ueberwachungskamera-aussen-akku-10000mazwei-jahren-batterielaufzeit\\\/\"]}]},{\"@type\":\"ImageObject\",\"inLanguage\":\"de\",\"@id\":\"https:\\\/\\\/marktxxl.de\\\/markt\\\/produkt\\\/xiaovv-hd-ueberwachungskamera-aussenueberwachungskamera-aussen-solar-kabellose-einfache-installation2-4g-wlan-ueberwachungskamera-aussen-akku-10000mazwei-jahren-batterielaufzeit\\\/#primaryimage\",\"url\":\"https:\\\/\\\/m.media-amazon.com\\\/images\\\/I\\\/31JmFqm+QpL._SL500_.jpg\",\"contentUrl\":\"https:\\\/\\\/m.media-amazon.com\\\/images\\\/I\\\/31JmFqm+QpL._SL500_.jpg\",\"width\":500,\"height\":500},{\"@type\":\"BreadcrumbList\",\"@id\":\"https:\\\/\\\/marktxxl.de\\\/markt\\\/produkt\\\/xiaovv-hd-ueberwachungskamera-aussenueberwachungskamera-aussen-solar-kabellose-einfache-installation2-4g-wlan-ueberwachungskamera-aussen-akku-10000mazwei-jahren-batterielaufzeit\\\/#breadcrumb\",\"itemListElement\":[{\"@type\":\"ListItem\",\"position\":1,\"name\":\"Startseite\",\"item\":\"https:\\\/\\\/marktxxl.de\\\/markt\\\/\"},{\"@type\":\"ListItem\",\"position\":2,\"name\":\"Markt\",\"item\":\"https:\\\/\\\/marktxxl.de\\\/markt\\\/\"},{\"@type\":\"ListItem\",\"position\":3,\"name\":\"XIAOVV HD \u00fcberwachungskamera aussen,\u00fcberwachungskamera aussen solar Kabellose einfache Installation,2.4G WLAN \u00fcberwachungskamera aussen akku 10000ma,Zwei Jahren Batterielaufzeit\"}]},{\"@type\":\"WebSite\",\"@id\":\"https:\\\/\\\/marktxxl.de\\\/markt\\\/#website\",\"url\":\"https:\\\/\\\/marktxxl.de\\\/markt\\\/\",\"name\":\"Markt-XXL\",\"description\":\"Ihr Markt Online\",\"publisher\":{\"@id\":\"https:\\\/\\\/marktxxl.de\\\/markt\\\/#organization\"},\"potentialAction\":[{\"@type\":\"SearchAction\",\"target\":{\"@type\":\"EntryPoint\",\"urlTemplate\":\"https:\\\/\\\/marktxxl.de\\\/markt\\\/?s={search_term_string}\"},\"query-input\":{\"@type\":\"PropertyValueSpecification\",\"valueRequired\":true,\"valueName\":\"search_term_string\"}}],\"inLanguage\":\"de\"},{\"@type\":\"Organization\",\"@id\":\"https:\\\/\\\/marktxxl.de\\\/markt\\\/#organization\",\"name\":\"Markt-XXL\",\"url\":\"https:\\\/\\\/marktxxl.de\\\/markt\\\/\",\"logo\":{\"@type\":\"ImageObject\",\"inLanguage\":\"de\",\"@id\":\"https:\\\/\\\/marktxxl.de\\\/markt\\\/#\\\/schema\\\/logo\\\/image\\\/\",\"url\":\"https:\\\/\\\/marktxxl.de\\\/markt\\\/wp-content\\\/uploads\\\/sites\\\/3\\\/2020\\\/12\\\/logo.png\",\"contentUrl\":\"https:\\\/\\\/marktxxl.de\\\/markt\\\/wp-content\\\/uploads\\\/sites\\\/3\\\/2020\\\/12\\\/logo.png\",\"width\":200,\"height\":70,\"caption\":\"Markt-XXL\"},\"image\":{\"@id\":\"https:\\\/\\\/marktxxl.de\\\/markt\\\/#\\\/schema\\\/logo\\\/image\\\/\"}}]}<\/script>\n<!-- \/ Yoast SEO plugin. -->","yoast_head_json":{"title":"XIAOVV HD \u00fcberwachungskamera aussen,\u00fcberwachungskamera aussen solar Kabellose einfache Installation,2.4G WLAN \u00fcberwachungskamera aussen akku 10000ma,Zwei Jahren Batterielaufzeit - Markt-XXL","description":"Markt-XXL XIAOVV HD \u00fcberwachungskamera aussen,\u00fcberwachungskamera aussen solar Kabellose einfache Installation,2.4G WLAN \u00fcberwachungskamera aussen akku 10000ma,Zwei Jahren Batterielaufzeit","robots":{"index":"index","follow":"follow","max-snippet":"max-snippet:-1","max-image-preview":"max-image-preview:large","max-video-preview":"max-video-preview:-1"},"canonical":"https:\/\/marktxxl.de\/markt\/produkt\/xiaovv-hd-ueberwachungskamera-aussenueberwachungskamera-aussen-solar-kabellose-einfache-installation2-4g-wlan-ueberwachungskamera-aussen-akku-10000mazwei-jahren-batterielaufzeit\/","og_locale":"de_DE","og_type":"article","og_title":"XIAOVV HD \u00fcberwachungskamera aussen,\u00fcberwachungskamera aussen solar Kabellose einfache Installation,2.4G WLAN \u00fcberwachungskamera aussen akku 10000ma,Zwei Jahren Batterielaufzeit - Markt-XXL","og_description":"Markt-XXL XIAOVV HD \u00fcberwachungskamera aussen,\u00fcberwachungskamera aussen solar Kabellose einfache Installation,2.4G WLAN \u00fcberwachungskamera aussen akku 10000ma,Zwei Jahren Batterielaufzeit","og_url":"https:\/\/marktxxl.de\/markt\/produkt\/xiaovv-hd-ueberwachungskamera-aussenueberwachungskamera-aussen-solar-kabellose-einfache-installation2-4g-wlan-ueberwachungskamera-aussen-akku-10000mazwei-jahren-batterielaufzeit\/","og_site_name":"Markt-XXL","twitter_card":"summary_large_image","twitter_misc":{"Gesch\u00e4tzte Lesezeit":"1\u00a0Minute"},"schema":{"@context":"https:\/\/schema.org","@graph":[{"@type":"WebPage","@id":"https:\/\/marktxxl.de\/markt\/produkt\/xiaovv-hd-ueberwachungskamera-aussenueberwachungskamera-aussen-solar-kabellose-einfache-installation2-4g-wlan-ueberwachungskamera-aussen-akku-10000mazwei-jahren-batterielaufzeit\/","url":"https:\/\/marktxxl.de\/markt\/produkt\/xiaovv-hd-ueberwachungskamera-aussenueberwachungskamera-aussen-solar-kabellose-einfache-installation2-4g-wlan-ueberwachungskamera-aussen-akku-10000mazwei-jahren-batterielaufzeit\/","name":"XIAOVV HD \u00fcberwachungskamera aussen,\u00fcberwachungskamera aussen solar Kabellose einfache Installation,2.4G WLAN \u00fcberwachungskamera aussen akku 10000ma,Zwei Jahren Batterielaufzeit - Markt-XXL","isPartOf":{"@id":"https:\/\/marktxxl.de\/markt\/#website"},"primaryImageOfPage":{"@id":"https:\/\/marktxxl.de\/markt\/produkt\/xiaovv-hd-ueberwachungskamera-aussenueberwachungskamera-aussen-solar-kabellose-einfache-installation2-4g-wlan-ueberwachungskamera-aussen-akku-10000mazwei-jahren-batterielaufzeit\/#primaryimage"},"image":{"@id":"https:\/\/marktxxl.de\/markt\/produkt\/xiaovv-hd-ueberwachungskamera-aussenueberwachungskamera-aussen-solar-kabellose-einfache-installation2-4g-wlan-ueberwachungskamera-aussen-akku-10000mazwei-jahren-batterielaufzeit\/#primaryimage"},"thumbnailUrl":"https:\/\/m.media-amazon.com\/images\/I\/31JmFqm+QpL._SL500_.jpg","datePublished":"2024-05-29T00:52:09+00:00","description":"Markt-XXL XIAOVV HD \u00fcberwachungskamera aussen,\u00fcberwachungskamera aussen solar Kabellose einfache Installation,2.4G WLAN \u00fcberwachungskamera aussen akku 10000ma,Zwei Jahren Batterielaufzeit","breadcrumb":{"@id":"https:\/\/marktxxl.de\/markt\/produkt\/xiaovv-hd-ueberwachungskamera-aussenueberwachungskamera-aussen-solar-kabellose-einfache-installation2-4g-wlan-ueberwachungskamera-aussen-akku-10000mazwei-jahren-batterielaufzeit\/#breadcrumb"},"inLanguage":"de","potentialAction":[{"@type":"ReadAction","target":["https:\/\/marktxxl.de\/markt\/produkt\/xiaovv-hd-ueberwachungskamera-aussenueberwachungskamera-aussen-solar-kabellose-einfache-installation2-4g-wlan-ueberwachungskamera-aussen-akku-10000mazwei-jahren-batterielaufzeit\/"]}]},{"@type":"ImageObject","inLanguage":"de","@id":"https:\/\/marktxxl.de\/markt\/produkt\/xiaovv-hd-ueberwachungskamera-aussenueberwachungskamera-aussen-solar-kabellose-einfache-installation2-4g-wlan-ueberwachungskamera-aussen-akku-10000mazwei-jahren-batterielaufzeit\/#primaryimage","url":"https:\/\/m.media-amazon.com\/images\/I\/31JmFqm+QpL._SL500_.jpg","contentUrl":"https:\/\/m.media-amazon.com\/images\/I\/31JmFqm+QpL._SL500_.jpg","width":500,"height":500},{"@type":"BreadcrumbList","@id":"https:\/\/marktxxl.de\/markt\/produkt\/xiaovv-hd-ueberwachungskamera-aussenueberwachungskamera-aussen-solar-kabellose-einfache-installation2-4g-wlan-ueberwachungskamera-aussen-akku-10000mazwei-jahren-batterielaufzeit\/#breadcrumb","itemListElement":[{"@type":"ListItem","position":1,"name":"Startseite","item":"https:\/\/marktxxl.de\/markt\/"},{"@type":"ListItem","position":2,"name":"Markt","item":"https:\/\/marktxxl.de\/markt\/"},{"@type":"ListItem","position":3,"name":"XIAOVV HD \u00fcberwachungskamera aussen,\u00fcberwachungskamera aussen solar Kabellose einfache Installation,2.4G WLAN \u00fcberwachungskamera aussen akku 10000ma,Zwei Jahren Batterielaufzeit"}]},{"@type":"WebSite","@id":"https:\/\/marktxxl.de\/markt\/#website","url":"https:\/\/marktxxl.de\/markt\/","name":"Markt-XXL","description":"Ihr Markt Online","publisher":{"@id":"https:\/\/marktxxl.de\/markt\/#organization"},"potentialAction":[{"@type":"SearchAction","target":{"@type":"EntryPoint","urlTemplate":"https:\/\/marktxxl.de\/markt\/?s={search_term_string}"},"query-input":{"@type":"PropertyValueSpecification","valueRequired":true,"valueName":"search_term_string"}}],"inLanguage":"de"},{"@type":"Organization","@id":"https:\/\/marktxxl.de\/markt\/#organization","name":"Markt-XXL","url":"https:\/\/marktxxl.de\/markt\/","logo":{"@type":"ImageObject","inLanguage":"de","@id":"https:\/\/marktxxl.de\/markt\/#\/schema\/logo\/image\/","url":"https:\/\/marktxxl.de\/markt\/wp-content\/uploads\/sites\/3\/2020\/12\/logo.png","contentUrl":"https:\/\/marktxxl.de\/markt\/wp-content\/uploads\/sites\/3\/2020\/12\/logo.png","width":200,"height":70,"caption":"Markt-XXL"},"image":{"@id":"https:\/\/marktxxl.de\/markt\/#\/schema\/logo\/image\/"}}]}},"_links":{"self":[{"href":"https:\/\/marktxxl.de\/markt\/wp-json\/wp\/v2\/product\/207594","targetHints":{"allow":["GET"]}}],"collection":[{"href":"https:\/\/marktxxl.de\/markt\/wp-json\/wp\/v2\/product"}],"about":[{"href":"https:\/\/marktxxl.de\/markt\/wp-json\/wp\/v2\/types\/product"}],"replies":[{"embeddable":true,"href":"https:\/\/marktxxl.de\/markt\/wp-json\/wp\/v2\/comments?post=207594"}],"wp:featuredmedia":[{"embeddable":true,"href":"https:\/\/marktxxl.de\/markt\/wp-json\/wp\/v2\/media\/207595"}],"wp:attachment":[{"href":"https:\/\/marktxxl.de\/markt\/wp-json\/wp\/v2\/media?parent=207594"}],"wp:term":[{"taxonomy":"product_brand","embeddable":true,"href":"https:\/\/marktxxl.de\/markt\/wp-json\/wp\/v2\/product_brand?post=207594"},{"taxonomy":"product_cat","embeddable":true,"href":"https:\/\/marktxxl.de\/markt\/wp-json\/wp\/v2\/product_cat?post=207594"},{"taxonomy":"product_tag","embeddable":true,"href":"https:\/\/marktxxl.de\/markt\/wp-json\/wp\/v2\/product_tag?post=207594"}],"curies":[{"name":"wp","href":"https:\/\/api.w.org\/{rel}","templated":true}]}}