{"id":207564,"date":"2024-05-29T02:49:09","date_gmt":"2024-05-29T00:49:09","guid":{"rendered":"https:\/\/marktxxl.de\/markt\/produkt\/wago-verbindungsklemmen-2273-202-2-leiter-bis-25-mm%c2%b2-100-stueck-compact-verbindungsklemme-fuer-eindraehtige-leiter-bestaetigte-anwendungssicherheit-kleinstmoegliche-bauform\/"},"modified":"2024-05-29T02:49:09","modified_gmt":"2024-05-29T00:49:09","slug":"wago-verbindungsklemmen-2273-202-2-leiter-bis-25-mm%c2%b2-100-stueck-compact-verbindungsklemme-fuer-eindraehtige-leiter-bestaetigte-anwendungssicherheit-kleinstmoegliche-bauform","status":"publish","type":"product","link":"https:\/\/marktxxl.de\/markt\/produkt\/wago-verbindungsklemmen-2273-202-2-leiter-bis-25-mm%c2%b2-100-stueck-compact-verbindungsklemme-fuer-eindraehtige-leiter-bestaetigte-anwendungssicherheit-kleinstmoegliche-bauform\/","title":{"rendered":"WAGO Verbindungsklemmen 2273-202 | 2 Leiter, bis 2,5 mm\u00b2, 100 St\u00fcck, COMPACT Verbindungsklemme f\u00fcr eindr\u00e4htige Leiter, best\u00e4tigte Anwendungssicherheit, kleinstm\u00f6gliche Bauform"},"content":{"rendered":"<p>KOMFORTABEL &amp; SCHNELL: Kompakte WAGO Dosenklemme mit 2 Klemmstellen, transparentem Geh\u00e4use und Pr\u00fcf\u00f6ffnungen. Zeitersparnis durch einfache Anwendung &#8211; schnelle und einfache Installation<br \/>\nEINFACHE HANDHABUNG: Komfortabler Leiteranschluss von bis zu 8 abisolierten, eindr\u00e4tigen Leitern mit einem Querschnittsbereich von 0,5 bis 2,5 mm\u00b2 &#8211; Querschnitte individuell mischbar<br \/>\nNORMGERECHT: Die WAGO-Klemmen f\u00fcr normgerechte und schnelle Elektro-Installation, geeignet bei Anwendungen mit einer Umgebungstemperaturen bis 60\u00b0C, verf\u00fcgen \u00fcber eine weltweit anerkannte Zulassungen<br \/>\nQUALIT\u00c4T SEIT 1951: WAGO ist Erfinder und Patenthalter der Hebel- &amp; Feder-Klemme und seit \u00fcber 70 Jahren als f\u00fchrendes deutsches Unternehmen auf schraubenlose Kabelverbinder und Klemmen spezialisiert<br \/>\nLIEFERUMFANG: 100 x WAGO COMPACT Verbindungsklemme 2273-202 | 2-Leiter, WAGO Schnellanschlussklemmen der Serie 221 sind als 2-, 3- und 5-Leiter Variante erh\u00e4ltlich, transparent, Gewicht: 0,7 g<br \/>\n<div class=\"main-cross-sell\" data-asin=\"B003G63700\">\n\n\t<div class=\"WooZone-cross-sell-loader\">\n\t\t<div>\n\t\t\t<div id=\"floatingBarsG\">\n\t\t\t\t<div class=\"blockG\" id=\"rotateG_01\"><\/div>\n\t\t\t\t<div class=\"blockG\" id=\"rotateG_02\"><\/div>\n\t\t\t\t<div class=\"blockG\" id=\"rotateG_03\"><\/div>\n\t\t\t\t<div class=\"blockG\" id=\"rotateG_04\"><\/div>\n\t\t\t\t<div class=\"blockG\" id=\"rotateG_05\"><\/div>\n\t\t\t\t<div class=\"blockG\" id=\"rotateG_06\"><\/div>\n\t\t\t\t<div class=\"blockG\" id=\"rotateG_07\"><\/div>\n\t\t\t\t<div class=\"blockG\" id=\"rotateG_08\"><\/div>\n\t\t\t<\/div>\n\t\t\t<div class=\"WooZone-cross-sell-loader-text\"><\/div>\n\t\t<\/div>\n\t<\/div>\n\n\t\t\n<\/div>\n<div style=\"clear:both;\"><\/div><\/p>\n","protected":false},"excerpt":{"rendered":"<p>KOMFORTABEL &amp; SCHNELL: Kompakte WAGO Dosenklemme mit 2 Klemmstellen, transparentem Geh\u00e4use und Pr\u00fcf\u00f6ffnungen. Zeitersparnis durch einfache Anwendung &#8211; schnelle und einfache Installation<br \/>\nEINFACHE HANDHABUNG: Komfortabler Leiteranschluss von bis zu 8 abisolierten, eindr\u00e4tigen Leitern mit einem Querschnittsbereich von 0,5 bis 2,5 mm\u00b2 &#8211; Querschnitte individuell mischbar<br \/>\nNORMGERECHT: Die WAGO-Klemmen f\u00fcr normgerechte und schnelle Elektro-Installation, geeignet bei Anwendungen mit einer Umgebungstemperaturen bis 60\u00b0C, verf\u00fcgen \u00fcber eine weltweit anerkannte Zulassungen<\/p>\n","protected":false},"featured_media":207565,"comment_status":"open","ping_status":"closed","template":"","meta":[],"product_brand":[],"product_cat":[1983],"product_tag":[],"class_list":{"0":"post-207564","1":"product","2":"type-product","3":"status-publish","4":"has-post-thumbnail","6":"product_cat-baumarkt","7":"pa_binding-misc","8":"pa_brand-wago","9":"pa_color-weiss","10":"pa_height-0-23-zoll","11":"pa_languages-unbekannt-englisch","12":"pa_length-0-66-zoll","13":"pa_manufacturer-wago","14":"pa_model-2273-202","15":"pa_size-100-stueck","16":"pa_warranty-ac-dc","17":"pa_weight-0-0220462262-pounds","18":"pa_width-0-39-zoll","20":"first","21":"instock","22":"sale","23":"shipping-taxable","24":"purchasable","25":"product-type-simple","26":"customify-col","27":"product-has-gallery"},"yoast_head":"<!-- This site is optimized with the Yoast SEO plugin v27.4 - https:\/\/yoast.com\/product\/yoast-seo-wordpress\/ -->\n<title>WAGO Verbindungsklemmen 2273-202 | 2 Leiter, bis 2,5 mm\u00b2, 100 St\u00fcck, COMPACT Verbindungsklemme f\u00fcr eindr\u00e4htige Leiter, best\u00e4tigte Anwendungssicherheit, kleinstm\u00f6gliche Bauform - Markt-XXL<\/title>\n<meta name=\"description\" content=\"Markt-XXL WAGO Verbindungsklemmen 2273-202 | 2 Leiter, bis 2,5 mm\u00b2, 100 St\u00fcck, COMPACT Verbindungsklemme f\u00fcr eindr\u00e4htige Leiter, best\u00e4tigte Anwendungssicherheit, kleinstm\u00f6gliche Bauform\" \/>\n<meta name=\"robots\" content=\"index, follow, max-snippet:-1, max-image-preview:large, max-video-preview:-1\" \/>\n<link rel=\"canonical\" href=\"https:\/\/marktxxl.de\/markt\/produkt\/wago-verbindungsklemmen-2273-202-2-leiter-bis-25-mm\u00b2-100-stueck-compact-verbindungsklemme-fuer-eindraehtige-leiter-bestaetigte-anwendungssicherheit-kleinstmoegliche-bauform\/\" \/>\n<meta property=\"og:locale\" content=\"de_DE\" \/>\n<meta property=\"og:type\" content=\"article\" \/>\n<meta property=\"og:title\" content=\"WAGO Verbindungsklemmen 2273-202 | 2 Leiter, bis 2,5 mm\u00b2, 100 St\u00fcck, COMPACT Verbindungsklemme f\u00fcr eindr\u00e4htige Leiter, best\u00e4tigte Anwendungssicherheit, kleinstm\u00f6gliche Bauform - Markt-XXL\" \/>\n<meta property=\"og:description\" content=\"Markt-XXL WAGO Verbindungsklemmen 2273-202 | 2 Leiter, bis 2,5 mm\u00b2, 100 St\u00fcck, COMPACT Verbindungsklemme f\u00fcr eindr\u00e4htige Leiter, best\u00e4tigte Anwendungssicherheit, kleinstm\u00f6gliche Bauform\" \/>\n<meta property=\"og:url\" content=\"https:\/\/marktxxl.de\/markt\/produkt\/wago-verbindungsklemmen-2273-202-2-leiter-bis-25-mm\u00b2-100-stueck-compact-verbindungsklemme-fuer-eindraehtige-leiter-bestaetigte-anwendungssicherheit-kleinstmoegliche-bauform\/\" \/>\n<meta property=\"og:site_name\" content=\"Markt-XXL\" \/>\n<meta name=\"twitter:card\" content=\"summary_large_image\" \/>\n<meta name=\"twitter:label1\" content=\"Gesch\u00e4tzte Lesezeit\" \/>\n\t<meta name=\"twitter:data1\" content=\"1\u00a0Minute\" \/>\n<script type=\"application\/ld+json\" class=\"yoast-schema-graph\">{\"@context\":\"https:\\\/\\\/schema.org\",\"@graph\":[{\"@type\":\"WebPage\",\"@id\":\"https:\\\/\\\/marktxxl.de\\\/markt\\\/produkt\\\/wago-verbindungsklemmen-2273-202-2-leiter-bis-25-mm%c2%b2-100-stueck-compact-verbindungsklemme-fuer-eindraehtige-leiter-bestaetigte-anwendungssicherheit-kleinstmoegliche-bauform\\\/\",\"url\":\"https:\\\/\\\/marktxxl.de\\\/markt\\\/produkt\\\/wago-verbindungsklemmen-2273-202-2-leiter-bis-25-mm%c2%b2-100-stueck-compact-verbindungsklemme-fuer-eindraehtige-leiter-bestaetigte-anwendungssicherheit-kleinstmoegliche-bauform\\\/\",\"name\":\"WAGO Verbindungsklemmen 2273-202 | 2 Leiter, bis 2,5 mm\u00b2, 100 St\u00fcck, COMPACT Verbindungsklemme f\u00fcr eindr\u00e4htige Leiter, best\u00e4tigte Anwendungssicherheit, kleinstm\u00f6gliche Bauform - Markt-XXL\",\"isPartOf\":{\"@id\":\"https:\\\/\\\/marktxxl.de\\\/markt\\\/#website\"},\"primaryImageOfPage\":{\"@id\":\"https:\\\/\\\/marktxxl.de\\\/markt\\\/produkt\\\/wago-verbindungsklemmen-2273-202-2-leiter-bis-25-mm%c2%b2-100-stueck-compact-verbindungsklemme-fuer-eindraehtige-leiter-bestaetigte-anwendungssicherheit-kleinstmoegliche-bauform\\\/#primaryimage\"},\"image\":{\"@id\":\"https:\\\/\\\/marktxxl.de\\\/markt\\\/produkt\\\/wago-verbindungsklemmen-2273-202-2-leiter-bis-25-mm%c2%b2-100-stueck-compact-verbindungsklemme-fuer-eindraehtige-leiter-bestaetigte-anwendungssicherheit-kleinstmoegliche-bauform\\\/#primaryimage\"},\"thumbnailUrl\":\"https:\\\/\\\/m.media-amazon.com\\\/images\\\/I\\\/31f40QfkrpL._SL500_.jpg\",\"datePublished\":\"2024-05-29T00:49:09+00:00\",\"description\":\"Markt-XXL WAGO Verbindungsklemmen 2273-202 | 2 Leiter, bis 2,5 mm\u00b2, 100 St\u00fcck, COMPACT Verbindungsklemme f\u00fcr eindr\u00e4htige Leiter, best\u00e4tigte Anwendungssicherheit, kleinstm\u00f6gliche Bauform\",\"breadcrumb\":{\"@id\":\"https:\\\/\\\/marktxxl.de\\\/markt\\\/produkt\\\/wago-verbindungsklemmen-2273-202-2-leiter-bis-25-mm%c2%b2-100-stueck-compact-verbindungsklemme-fuer-eindraehtige-leiter-bestaetigte-anwendungssicherheit-kleinstmoegliche-bauform\\\/#breadcrumb\"},\"inLanguage\":\"de\",\"potentialAction\":[{\"@type\":\"ReadAction\",\"target\":[\"https:\\\/\\\/marktxxl.de\\\/markt\\\/produkt\\\/wago-verbindungsklemmen-2273-202-2-leiter-bis-25-mm%c2%b2-100-stueck-compact-verbindungsklemme-fuer-eindraehtige-leiter-bestaetigte-anwendungssicherheit-kleinstmoegliche-bauform\\\/\"]}]},{\"@type\":\"ImageObject\",\"inLanguage\":\"de\",\"@id\":\"https:\\\/\\\/marktxxl.de\\\/markt\\\/produkt\\\/wago-verbindungsklemmen-2273-202-2-leiter-bis-25-mm%c2%b2-100-stueck-compact-verbindungsklemme-fuer-eindraehtige-leiter-bestaetigte-anwendungssicherheit-kleinstmoegliche-bauform\\\/#primaryimage\",\"url\":\"https:\\\/\\\/m.media-amazon.com\\\/images\\\/I\\\/31f40QfkrpL._SL500_.jpg\",\"contentUrl\":\"https:\\\/\\\/m.media-amazon.com\\\/images\\\/I\\\/31f40QfkrpL._SL500_.jpg\",\"width\":500,\"height\":500},{\"@type\":\"BreadcrumbList\",\"@id\":\"https:\\\/\\\/marktxxl.de\\\/markt\\\/produkt\\\/wago-verbindungsklemmen-2273-202-2-leiter-bis-25-mm%c2%b2-100-stueck-compact-verbindungsklemme-fuer-eindraehtige-leiter-bestaetigte-anwendungssicherheit-kleinstmoegliche-bauform\\\/#breadcrumb\",\"itemListElement\":[{\"@type\":\"ListItem\",\"position\":1,\"name\":\"Startseite\",\"item\":\"https:\\\/\\\/marktxxl.de\\\/markt\\\/\"},{\"@type\":\"ListItem\",\"position\":2,\"name\":\"Markt\",\"item\":\"https:\\\/\\\/marktxxl.de\\\/markt\\\/\"},{\"@type\":\"ListItem\",\"position\":3,\"name\":\"WAGO Verbindungsklemmen 2273-202 | 2 Leiter, bis 2,5 mm\u00b2, 100 St\u00fcck, COMPACT Verbindungsklemme f\u00fcr eindr\u00e4htige Leiter, best\u00e4tigte Anwendungssicherheit, kleinstm\u00f6gliche Bauform\"}]},{\"@type\":\"WebSite\",\"@id\":\"https:\\\/\\\/marktxxl.de\\\/markt\\\/#website\",\"url\":\"https:\\\/\\\/marktxxl.de\\\/markt\\\/\",\"name\":\"Markt-XXL\",\"description\":\"Ihr Markt Online\",\"publisher\":{\"@id\":\"https:\\\/\\\/marktxxl.de\\\/markt\\\/#organization\"},\"potentialAction\":[{\"@type\":\"SearchAction\",\"target\":{\"@type\":\"EntryPoint\",\"urlTemplate\":\"https:\\\/\\\/marktxxl.de\\\/markt\\\/?s={search_term_string}\"},\"query-input\":{\"@type\":\"PropertyValueSpecification\",\"valueRequired\":true,\"valueName\":\"search_term_string\"}}],\"inLanguage\":\"de\"},{\"@type\":\"Organization\",\"@id\":\"https:\\\/\\\/marktxxl.de\\\/markt\\\/#organization\",\"name\":\"Markt-XXL\",\"url\":\"https:\\\/\\\/marktxxl.de\\\/markt\\\/\",\"logo\":{\"@type\":\"ImageObject\",\"inLanguage\":\"de\",\"@id\":\"https:\\\/\\\/marktxxl.de\\\/markt\\\/#\\\/schema\\\/logo\\\/image\\\/\",\"url\":\"https:\\\/\\\/marktxxl.de\\\/markt\\\/wp-content\\\/uploads\\\/sites\\\/3\\\/2020\\\/12\\\/logo.png\",\"contentUrl\":\"https:\\\/\\\/marktxxl.de\\\/markt\\\/wp-content\\\/uploads\\\/sites\\\/3\\\/2020\\\/12\\\/logo.png\",\"width\":200,\"height\":70,\"caption\":\"Markt-XXL\"},\"image\":{\"@id\":\"https:\\\/\\\/marktxxl.de\\\/markt\\\/#\\\/schema\\\/logo\\\/image\\\/\"}}]}<\/script>\n<!-- \/ Yoast SEO plugin. -->","yoast_head_json":{"title":"WAGO Verbindungsklemmen 2273-202 | 2 Leiter, bis 2,5 mm\u00b2, 100 St\u00fcck, COMPACT Verbindungsklemme f\u00fcr eindr\u00e4htige Leiter, best\u00e4tigte Anwendungssicherheit, kleinstm\u00f6gliche Bauform - Markt-XXL","description":"Markt-XXL WAGO Verbindungsklemmen 2273-202 | 2 Leiter, bis 2,5 mm\u00b2, 100 St\u00fcck, COMPACT Verbindungsklemme f\u00fcr eindr\u00e4htige Leiter, best\u00e4tigte Anwendungssicherheit, kleinstm\u00f6gliche Bauform","robots":{"index":"index","follow":"follow","max-snippet":"max-snippet:-1","max-image-preview":"max-image-preview:large","max-video-preview":"max-video-preview:-1"},"canonical":"https:\/\/marktxxl.de\/markt\/produkt\/wago-verbindungsklemmen-2273-202-2-leiter-bis-25-mm\u00b2-100-stueck-compact-verbindungsklemme-fuer-eindraehtige-leiter-bestaetigte-anwendungssicherheit-kleinstmoegliche-bauform\/","og_locale":"de_DE","og_type":"article","og_title":"WAGO Verbindungsklemmen 2273-202 | 2 Leiter, bis 2,5 mm\u00b2, 100 St\u00fcck, COMPACT Verbindungsklemme f\u00fcr eindr\u00e4htige Leiter, best\u00e4tigte Anwendungssicherheit, kleinstm\u00f6gliche Bauform - Markt-XXL","og_description":"Markt-XXL WAGO Verbindungsklemmen 2273-202 | 2 Leiter, bis 2,5 mm\u00b2, 100 St\u00fcck, COMPACT Verbindungsklemme f\u00fcr eindr\u00e4htige Leiter, best\u00e4tigte Anwendungssicherheit, kleinstm\u00f6gliche Bauform","og_url":"https:\/\/marktxxl.de\/markt\/produkt\/wago-verbindungsklemmen-2273-202-2-leiter-bis-25-mm\u00b2-100-stueck-compact-verbindungsklemme-fuer-eindraehtige-leiter-bestaetigte-anwendungssicherheit-kleinstmoegliche-bauform\/","og_site_name":"Markt-XXL","twitter_card":"summary_large_image","twitter_misc":{"Gesch\u00e4tzte Lesezeit":"1\u00a0Minute"},"schema":{"@context":"https:\/\/schema.org","@graph":[{"@type":"WebPage","@id":"https:\/\/marktxxl.de\/markt\/produkt\/wago-verbindungsklemmen-2273-202-2-leiter-bis-25-mm%c2%b2-100-stueck-compact-verbindungsklemme-fuer-eindraehtige-leiter-bestaetigte-anwendungssicherheit-kleinstmoegliche-bauform\/","url":"https:\/\/marktxxl.de\/markt\/produkt\/wago-verbindungsklemmen-2273-202-2-leiter-bis-25-mm%c2%b2-100-stueck-compact-verbindungsklemme-fuer-eindraehtige-leiter-bestaetigte-anwendungssicherheit-kleinstmoegliche-bauform\/","name":"WAGO Verbindungsklemmen 2273-202 | 2 Leiter, bis 2,5 mm\u00b2, 100 St\u00fcck, COMPACT Verbindungsklemme f\u00fcr eindr\u00e4htige Leiter, best\u00e4tigte Anwendungssicherheit, kleinstm\u00f6gliche Bauform - Markt-XXL","isPartOf":{"@id":"https:\/\/marktxxl.de\/markt\/#website"},"primaryImageOfPage":{"@id":"https:\/\/marktxxl.de\/markt\/produkt\/wago-verbindungsklemmen-2273-202-2-leiter-bis-25-mm%c2%b2-100-stueck-compact-verbindungsklemme-fuer-eindraehtige-leiter-bestaetigte-anwendungssicherheit-kleinstmoegliche-bauform\/#primaryimage"},"image":{"@id":"https:\/\/marktxxl.de\/markt\/produkt\/wago-verbindungsklemmen-2273-202-2-leiter-bis-25-mm%c2%b2-100-stueck-compact-verbindungsklemme-fuer-eindraehtige-leiter-bestaetigte-anwendungssicherheit-kleinstmoegliche-bauform\/#primaryimage"},"thumbnailUrl":"https:\/\/m.media-amazon.com\/images\/I\/31f40QfkrpL._SL500_.jpg","datePublished":"2024-05-29T00:49:09+00:00","description":"Markt-XXL WAGO Verbindungsklemmen 2273-202 | 2 Leiter, bis 2,5 mm\u00b2, 100 St\u00fcck, COMPACT Verbindungsklemme f\u00fcr eindr\u00e4htige Leiter, best\u00e4tigte Anwendungssicherheit, kleinstm\u00f6gliche Bauform","breadcrumb":{"@id":"https:\/\/marktxxl.de\/markt\/produkt\/wago-verbindungsklemmen-2273-202-2-leiter-bis-25-mm%c2%b2-100-stueck-compact-verbindungsklemme-fuer-eindraehtige-leiter-bestaetigte-anwendungssicherheit-kleinstmoegliche-bauform\/#breadcrumb"},"inLanguage":"de","potentialAction":[{"@type":"ReadAction","target":["https:\/\/marktxxl.de\/markt\/produkt\/wago-verbindungsklemmen-2273-202-2-leiter-bis-25-mm%c2%b2-100-stueck-compact-verbindungsklemme-fuer-eindraehtige-leiter-bestaetigte-anwendungssicherheit-kleinstmoegliche-bauform\/"]}]},{"@type":"ImageObject","inLanguage":"de","@id":"https:\/\/marktxxl.de\/markt\/produkt\/wago-verbindungsklemmen-2273-202-2-leiter-bis-25-mm%c2%b2-100-stueck-compact-verbindungsklemme-fuer-eindraehtige-leiter-bestaetigte-anwendungssicherheit-kleinstmoegliche-bauform\/#primaryimage","url":"https:\/\/m.media-amazon.com\/images\/I\/31f40QfkrpL._SL500_.jpg","contentUrl":"https:\/\/m.media-amazon.com\/images\/I\/31f40QfkrpL._SL500_.jpg","width":500,"height":500},{"@type":"BreadcrumbList","@id":"https:\/\/marktxxl.de\/markt\/produkt\/wago-verbindungsklemmen-2273-202-2-leiter-bis-25-mm%c2%b2-100-stueck-compact-verbindungsklemme-fuer-eindraehtige-leiter-bestaetigte-anwendungssicherheit-kleinstmoegliche-bauform\/#breadcrumb","itemListElement":[{"@type":"ListItem","position":1,"name":"Startseite","item":"https:\/\/marktxxl.de\/markt\/"},{"@type":"ListItem","position":2,"name":"Markt","item":"https:\/\/marktxxl.de\/markt\/"},{"@type":"ListItem","position":3,"name":"WAGO Verbindungsklemmen 2273-202 | 2 Leiter, bis 2,5 mm\u00b2, 100 St\u00fcck, COMPACT Verbindungsklemme f\u00fcr eindr\u00e4htige Leiter, best\u00e4tigte Anwendungssicherheit, kleinstm\u00f6gliche Bauform"}]},{"@type":"WebSite","@id":"https:\/\/marktxxl.de\/markt\/#website","url":"https:\/\/marktxxl.de\/markt\/","name":"Markt-XXL","description":"Ihr Markt Online","publisher":{"@id":"https:\/\/marktxxl.de\/markt\/#organization"},"potentialAction":[{"@type":"SearchAction","target":{"@type":"EntryPoint","urlTemplate":"https:\/\/marktxxl.de\/markt\/?s={search_term_string}"},"query-input":{"@type":"PropertyValueSpecification","valueRequired":true,"valueName":"search_term_string"}}],"inLanguage":"de"},{"@type":"Organization","@id":"https:\/\/marktxxl.de\/markt\/#organization","name":"Markt-XXL","url":"https:\/\/marktxxl.de\/markt\/","logo":{"@type":"ImageObject","inLanguage":"de","@id":"https:\/\/marktxxl.de\/markt\/#\/schema\/logo\/image\/","url":"https:\/\/marktxxl.de\/markt\/wp-content\/uploads\/sites\/3\/2020\/12\/logo.png","contentUrl":"https:\/\/marktxxl.de\/markt\/wp-content\/uploads\/sites\/3\/2020\/12\/logo.png","width":200,"height":70,"caption":"Markt-XXL"},"image":{"@id":"https:\/\/marktxxl.de\/markt\/#\/schema\/logo\/image\/"}}]}},"_links":{"self":[{"href":"https:\/\/marktxxl.de\/markt\/wp-json\/wp\/v2\/product\/207564","targetHints":{"allow":["GET"]}}],"collection":[{"href":"https:\/\/marktxxl.de\/markt\/wp-json\/wp\/v2\/product"}],"about":[{"href":"https:\/\/marktxxl.de\/markt\/wp-json\/wp\/v2\/types\/product"}],"replies":[{"embeddable":true,"href":"https:\/\/marktxxl.de\/markt\/wp-json\/wp\/v2\/comments?post=207564"}],"wp:featuredmedia":[{"embeddable":true,"href":"https:\/\/marktxxl.de\/markt\/wp-json\/wp\/v2\/media\/207565"}],"wp:attachment":[{"href":"https:\/\/marktxxl.de\/markt\/wp-json\/wp\/v2\/media?parent=207564"}],"wp:term":[{"taxonomy":"product_brand","embeddable":true,"href":"https:\/\/marktxxl.de\/markt\/wp-json\/wp\/v2\/product_brand?post=207564"},{"taxonomy":"product_cat","embeddable":true,"href":"https:\/\/marktxxl.de\/markt\/wp-json\/wp\/v2\/product_cat?post=207564"},{"taxonomy":"product_tag","embeddable":true,"href":"https:\/\/marktxxl.de\/markt\/wp-json\/wp\/v2\/product_tag?post=207564"}],"curies":[{"name":"wp","href":"https:\/\/api.w.org\/{rel}","templated":true}]}}