{"id":207477,"date":"2024-05-29T02:43:24","date_gmt":"2024-05-29T00:43:24","guid":{"rendered":"https:\/\/marktxxl.de\/markt\/produkt\/playtex-diaper-genie-refill-gift-set-2160-diapers-great-for-baby-registry-2\/"},"modified":"2024-05-29T02:43:24","modified_gmt":"2024-05-29T00:43:24","slug":"playtex-diaper-genie-refill-gift-set-2160-diapers-great-for-baby-registry-2","status":"publish","type":"product","link":"https:\/\/marktxxl.de\/markt\/produkt\/playtex-diaper-genie-refill-gift-set-2160-diapers-great-for-baby-registry-2\/","title":{"rendered":"Playtex Diaper Genie Refill Gift Set &#8211; 2160 Diapers &#8211; Great for Baby Registry"},"content":{"rendered":"<p>Fangen Sie stinkenden Geruch ein: Die Nachf\u00fcllpackungen f\u00fcr Windel-Genie-Taschen verf\u00fcgen \u00fcber einen maximalen Geruchsverschluss mit einem integrierten antimikrobiellen Mittel, um die Ausbreitung von Keimen zu verhindern, w\u00e4hrend die mehrschichtige Folie den schmutzigen Windelgeruch einschlie\u00dft<br \/>\nDiskrete Windel-Pail-Nachf\u00fcllpackungen: Diaper Genie Nachf\u00fcllpackungen sind mit einem blickdichten blauen Futter ausgestattet, das den Inhalt der Einwegbeutel verbirgt<br \/>\nKompatibel mit den meisten Windel-Genie-Pails: Nur echte Windel-Genie-Nachf\u00fcllpackungen sind speziell f\u00fcr Diaper Genie Complete und Expressions Eimer f\u00fcr ultimative Geruchskontrolle und Keimschutz entwickelt<br \/>\nUnentbehrlich f\u00fcr Babyregistrierung: Unsere Eimer und Nachf\u00fcllpackungen sind ein Muss f\u00fcr Baby-Kinderzimmer. \u00dcber 2 Millionen Eltern vertrauen der Marke Diaper Genie. Es ist das perfekte Geschenk f\u00fcr jede Babyparty oder Registrierung!<br \/>\nInternationale Produkte haben separate Bedingungen, werden aus dem Ausland verkauft und k\u00f6nnen sich von lokalen Produkten unterscheiden, einschlie\u00dflich Passform, Alterseinstufung und Sprache des Produkts, Kennzeichnung oder Anweisungen.<br \/>\n<div class=\"main-cross-sell\" data-asin=\"B0195DPXO0\">\n\n\t<div class=\"WooZone-cross-sell-loader\">\n\t\t<div>\n\t\t\t<div id=\"floatingBarsG\">\n\t\t\t\t<div class=\"blockG\" id=\"rotateG_01\"><\/div>\n\t\t\t\t<div class=\"blockG\" id=\"rotateG_02\"><\/div>\n\t\t\t\t<div class=\"blockG\" id=\"rotateG_03\"><\/div>\n\t\t\t\t<div class=\"blockG\" id=\"rotateG_04\"><\/div>\n\t\t\t\t<div class=\"blockG\" id=\"rotateG_05\"><\/div>\n\t\t\t\t<div class=\"blockG\" id=\"rotateG_06\"><\/div>\n\t\t\t\t<div class=\"blockG\" id=\"rotateG_07\"><\/div>\n\t\t\t\t<div class=\"blockG\" id=\"rotateG_08\"><\/div>\n\t\t\t<\/div>\n\t\t\t<div class=\"WooZone-cross-sell-loader-text\"><\/div>\n\t\t<\/div>\n\t<\/div>\n\n\t\t\n<\/div>\n<div style=\"clear:both;\"><\/div><\/p>\n","protected":false},"excerpt":{"rendered":"<p>Fangen Sie stinkenden Geruch ein: Die Nachf\u00fcllpackungen f\u00fcr Windel-Genie-Taschen verf\u00fcgen \u00fcber einen maximalen Geruchsverschluss mit einem integrierten antimikrobiellen Mittel, um die Ausbreitung von Keimen zu verhindern, w\u00e4hrend die mehrschichtige Folie den schmutzigen Windelgeruch einschlie\u00dft<br \/>\nDiskrete Windel-Pail-Nachf\u00fcllpackungen: Diaper Genie Nachf\u00fcllpackungen sind mit einem blickdichten blauen Futter ausgestattet, das den Inhalt der Einwegbeutel verbirgt<br \/>\nKompatibel mit den meisten Windel-Genie-Pails: Nur echte Windel-Genie-Nachf\u00fcllpackungen sind speziell f\u00fcr Diaper Genie Complete und Expressions Eimer f\u00fcr ultimative Geruchskontrolle und Keimschutz entwickelt<\/p>\n","protected":false},"featured_media":207478,"comment_status":"open","ping_status":"closed","template":"","meta":[],"product_brand":[],"product_cat":[21,9520],"product_tag":[],"class_list":{"0":"post-207477","1":"product","2":"type-product","3":"status-publish","4":"has-post-thumbnail","6":"product_cat-baby","7":"product_cat-wickeln-baby","8":"pa_binding-werkzeug","9":"pa_brand-diaper-genie","10":"pa_height-6-75-zoll","11":"pa_length-6-75-zoll","12":"pa_manufacturer-energizer-personal-care","13":"pa_model-52320","14":"pa_weight-2-49-pounds","15":"pa_width-15-44-zoll","17":"first","18":"instock","19":"sale","20":"shipping-taxable","21":"purchasable","22":"product-type-simple","23":"customify-col","24":"product-has-gallery"},"yoast_head":"<!-- This site is optimized with the Yoast SEO plugin v27.3 - https:\/\/yoast.com\/product\/yoast-seo-wordpress\/ -->\n<title>Playtex Diaper Genie Refill Gift Set - 2160 Diapers - Great for Baby Registry - Markt-XXL<\/title>\n<meta name=\"description\" content=\"Markt-XXL Playtex Diaper Genie Refill Gift Set - 2160 Diapers - Great for Baby Registry\" \/>\n<meta name=\"robots\" content=\"index, follow, max-snippet:-1, max-image-preview:large, max-video-preview:-1\" \/>\n<link rel=\"canonical\" href=\"https:\/\/marktxxl.de\/markt\/produkt\/playtex-diaper-genie-refill-gift-set-2160-diapers-great-for-baby-registry-2\/\" \/>\n<meta property=\"og:locale\" content=\"de_DE\" \/>\n<meta property=\"og:type\" content=\"article\" \/>\n<meta property=\"og:title\" content=\"Playtex Diaper Genie Refill Gift Set - 2160 Diapers - Great for Baby Registry - Markt-XXL\" \/>\n<meta property=\"og:description\" content=\"Markt-XXL Playtex Diaper Genie Refill Gift Set - 2160 Diapers - Great for Baby Registry\" \/>\n<meta property=\"og:url\" content=\"https:\/\/marktxxl.de\/markt\/produkt\/playtex-diaper-genie-refill-gift-set-2160-diapers-great-for-baby-registry-2\/\" \/>\n<meta property=\"og:site_name\" content=\"Markt-XXL\" \/>\n<meta name=\"twitter:card\" content=\"summary_large_image\" \/>\n<meta name=\"twitter:label1\" content=\"Gesch\u00e4tzte Lesezeit\" \/>\n\t<meta name=\"twitter:data1\" content=\"1\u00a0Minute\" \/>\n<script type=\"application\/ld+json\" class=\"yoast-schema-graph\">{\"@context\":\"https:\\\/\\\/schema.org\",\"@graph\":[{\"@type\":\"WebPage\",\"@id\":\"https:\\\/\\\/marktxxl.de\\\/markt\\\/produkt\\\/playtex-diaper-genie-refill-gift-set-2160-diapers-great-for-baby-registry-2\\\/\",\"url\":\"https:\\\/\\\/marktxxl.de\\\/markt\\\/produkt\\\/playtex-diaper-genie-refill-gift-set-2160-diapers-great-for-baby-registry-2\\\/\",\"name\":\"Playtex Diaper Genie Refill Gift Set - 2160 Diapers - Great for Baby Registry - Markt-XXL\",\"isPartOf\":{\"@id\":\"https:\\\/\\\/marktxxl.de\\\/markt\\\/#website\"},\"primaryImageOfPage\":{\"@id\":\"https:\\\/\\\/marktxxl.de\\\/markt\\\/produkt\\\/playtex-diaper-genie-refill-gift-set-2160-diapers-great-for-baby-registry-2\\\/#primaryimage\"},\"image\":{\"@id\":\"https:\\\/\\\/marktxxl.de\\\/markt\\\/produkt\\\/playtex-diaper-genie-refill-gift-set-2160-diapers-great-for-baby-registry-2\\\/#primaryimage\"},\"thumbnailUrl\":\"https:\\\/\\\/m.media-amazon.com\\\/images\\\/I\\\/51mREPeS2AL._SL500_.jpg\",\"datePublished\":\"2024-05-29T00:43:24+00:00\",\"description\":\"Markt-XXL Playtex Diaper Genie Refill Gift Set - 2160 Diapers - Great for Baby Registry\",\"breadcrumb\":{\"@id\":\"https:\\\/\\\/marktxxl.de\\\/markt\\\/produkt\\\/playtex-diaper-genie-refill-gift-set-2160-diapers-great-for-baby-registry-2\\\/#breadcrumb\"},\"inLanguage\":\"de\",\"potentialAction\":[{\"@type\":\"ReadAction\",\"target\":[\"https:\\\/\\\/marktxxl.de\\\/markt\\\/produkt\\\/playtex-diaper-genie-refill-gift-set-2160-diapers-great-for-baby-registry-2\\\/\"]}]},{\"@type\":\"ImageObject\",\"inLanguage\":\"de\",\"@id\":\"https:\\\/\\\/marktxxl.de\\\/markt\\\/produkt\\\/playtex-diaper-genie-refill-gift-set-2160-diapers-great-for-baby-registry-2\\\/#primaryimage\",\"url\":\"https:\\\/\\\/m.media-amazon.com\\\/images\\\/I\\\/51mREPeS2AL._SL500_.jpg\",\"contentUrl\":\"https:\\\/\\\/m.media-amazon.com\\\/images\\\/I\\\/51mREPeS2AL._SL500_.jpg\",\"width\":447,\"height\":500},{\"@type\":\"BreadcrumbList\",\"@id\":\"https:\\\/\\\/marktxxl.de\\\/markt\\\/produkt\\\/playtex-diaper-genie-refill-gift-set-2160-diapers-great-for-baby-registry-2\\\/#breadcrumb\",\"itemListElement\":[{\"@type\":\"ListItem\",\"position\":1,\"name\":\"Startseite\",\"item\":\"https:\\\/\\\/marktxxl.de\\\/markt\\\/\"},{\"@type\":\"ListItem\",\"position\":2,\"name\":\"Markt\",\"item\":\"https:\\\/\\\/marktxxl.de\\\/markt\\\/\"},{\"@type\":\"ListItem\",\"position\":3,\"name\":\"Playtex Diaper Genie Refill Gift Set &#8211; 2160 Diapers &#8211; Great for Baby Registry\"}]},{\"@type\":\"WebSite\",\"@id\":\"https:\\\/\\\/marktxxl.de\\\/markt\\\/#website\",\"url\":\"https:\\\/\\\/marktxxl.de\\\/markt\\\/\",\"name\":\"Markt-XXL\",\"description\":\"Ihr Markt Online\",\"publisher\":{\"@id\":\"https:\\\/\\\/marktxxl.de\\\/markt\\\/#organization\"},\"potentialAction\":[{\"@type\":\"SearchAction\",\"target\":{\"@type\":\"EntryPoint\",\"urlTemplate\":\"https:\\\/\\\/marktxxl.de\\\/markt\\\/?s={search_term_string}\"},\"query-input\":{\"@type\":\"PropertyValueSpecification\",\"valueRequired\":true,\"valueName\":\"search_term_string\"}}],\"inLanguage\":\"de\"},{\"@type\":\"Organization\",\"@id\":\"https:\\\/\\\/marktxxl.de\\\/markt\\\/#organization\",\"name\":\"Markt-XXL\",\"url\":\"https:\\\/\\\/marktxxl.de\\\/markt\\\/\",\"logo\":{\"@type\":\"ImageObject\",\"inLanguage\":\"de\",\"@id\":\"https:\\\/\\\/marktxxl.de\\\/markt\\\/#\\\/schema\\\/logo\\\/image\\\/\",\"url\":\"https:\\\/\\\/marktxxl.de\\\/markt\\\/wp-content\\\/uploads\\\/sites\\\/3\\\/2020\\\/12\\\/logo.png\",\"contentUrl\":\"https:\\\/\\\/marktxxl.de\\\/markt\\\/wp-content\\\/uploads\\\/sites\\\/3\\\/2020\\\/12\\\/logo.png\",\"width\":200,\"height\":70,\"caption\":\"Markt-XXL\"},\"image\":{\"@id\":\"https:\\\/\\\/marktxxl.de\\\/markt\\\/#\\\/schema\\\/logo\\\/image\\\/\"}}]}<\/script>\n<!-- \/ Yoast SEO plugin. -->","yoast_head_json":{"title":"Playtex Diaper Genie Refill Gift Set - 2160 Diapers - Great for Baby Registry - Markt-XXL","description":"Markt-XXL Playtex Diaper Genie Refill Gift Set - 2160 Diapers - Great for Baby Registry","robots":{"index":"index","follow":"follow","max-snippet":"max-snippet:-1","max-image-preview":"max-image-preview:large","max-video-preview":"max-video-preview:-1"},"canonical":"https:\/\/marktxxl.de\/markt\/produkt\/playtex-diaper-genie-refill-gift-set-2160-diapers-great-for-baby-registry-2\/","og_locale":"de_DE","og_type":"article","og_title":"Playtex Diaper Genie Refill Gift Set - 2160 Diapers - Great for Baby Registry - Markt-XXL","og_description":"Markt-XXL Playtex Diaper Genie Refill Gift Set - 2160 Diapers - Great for Baby Registry","og_url":"https:\/\/marktxxl.de\/markt\/produkt\/playtex-diaper-genie-refill-gift-set-2160-diapers-great-for-baby-registry-2\/","og_site_name":"Markt-XXL","twitter_card":"summary_large_image","twitter_misc":{"Gesch\u00e4tzte Lesezeit":"1\u00a0Minute"},"schema":{"@context":"https:\/\/schema.org","@graph":[{"@type":"WebPage","@id":"https:\/\/marktxxl.de\/markt\/produkt\/playtex-diaper-genie-refill-gift-set-2160-diapers-great-for-baby-registry-2\/","url":"https:\/\/marktxxl.de\/markt\/produkt\/playtex-diaper-genie-refill-gift-set-2160-diapers-great-for-baby-registry-2\/","name":"Playtex Diaper Genie Refill Gift Set - 2160 Diapers - Great for Baby Registry - Markt-XXL","isPartOf":{"@id":"https:\/\/marktxxl.de\/markt\/#website"},"primaryImageOfPage":{"@id":"https:\/\/marktxxl.de\/markt\/produkt\/playtex-diaper-genie-refill-gift-set-2160-diapers-great-for-baby-registry-2\/#primaryimage"},"image":{"@id":"https:\/\/marktxxl.de\/markt\/produkt\/playtex-diaper-genie-refill-gift-set-2160-diapers-great-for-baby-registry-2\/#primaryimage"},"thumbnailUrl":"https:\/\/m.media-amazon.com\/images\/I\/51mREPeS2AL._SL500_.jpg","datePublished":"2024-05-29T00:43:24+00:00","description":"Markt-XXL Playtex Diaper Genie Refill Gift Set - 2160 Diapers - Great for Baby Registry","breadcrumb":{"@id":"https:\/\/marktxxl.de\/markt\/produkt\/playtex-diaper-genie-refill-gift-set-2160-diapers-great-for-baby-registry-2\/#breadcrumb"},"inLanguage":"de","potentialAction":[{"@type":"ReadAction","target":["https:\/\/marktxxl.de\/markt\/produkt\/playtex-diaper-genie-refill-gift-set-2160-diapers-great-for-baby-registry-2\/"]}]},{"@type":"ImageObject","inLanguage":"de","@id":"https:\/\/marktxxl.de\/markt\/produkt\/playtex-diaper-genie-refill-gift-set-2160-diapers-great-for-baby-registry-2\/#primaryimage","url":"https:\/\/m.media-amazon.com\/images\/I\/51mREPeS2AL._SL500_.jpg","contentUrl":"https:\/\/m.media-amazon.com\/images\/I\/51mREPeS2AL._SL500_.jpg","width":447,"height":500},{"@type":"BreadcrumbList","@id":"https:\/\/marktxxl.de\/markt\/produkt\/playtex-diaper-genie-refill-gift-set-2160-diapers-great-for-baby-registry-2\/#breadcrumb","itemListElement":[{"@type":"ListItem","position":1,"name":"Startseite","item":"https:\/\/marktxxl.de\/markt\/"},{"@type":"ListItem","position":2,"name":"Markt","item":"https:\/\/marktxxl.de\/markt\/"},{"@type":"ListItem","position":3,"name":"Playtex Diaper Genie Refill Gift Set &#8211; 2160 Diapers &#8211; Great for Baby Registry"}]},{"@type":"WebSite","@id":"https:\/\/marktxxl.de\/markt\/#website","url":"https:\/\/marktxxl.de\/markt\/","name":"Markt-XXL","description":"Ihr Markt Online","publisher":{"@id":"https:\/\/marktxxl.de\/markt\/#organization"},"potentialAction":[{"@type":"SearchAction","target":{"@type":"EntryPoint","urlTemplate":"https:\/\/marktxxl.de\/markt\/?s={search_term_string}"},"query-input":{"@type":"PropertyValueSpecification","valueRequired":true,"valueName":"search_term_string"}}],"inLanguage":"de"},{"@type":"Organization","@id":"https:\/\/marktxxl.de\/markt\/#organization","name":"Markt-XXL","url":"https:\/\/marktxxl.de\/markt\/","logo":{"@type":"ImageObject","inLanguage":"de","@id":"https:\/\/marktxxl.de\/markt\/#\/schema\/logo\/image\/","url":"https:\/\/marktxxl.de\/markt\/wp-content\/uploads\/sites\/3\/2020\/12\/logo.png","contentUrl":"https:\/\/marktxxl.de\/markt\/wp-content\/uploads\/sites\/3\/2020\/12\/logo.png","width":200,"height":70,"caption":"Markt-XXL"},"image":{"@id":"https:\/\/marktxxl.de\/markt\/#\/schema\/logo\/image\/"}}]}},"_links":{"self":[{"href":"https:\/\/marktxxl.de\/markt\/wp-json\/wp\/v2\/product\/207477","targetHints":{"allow":["GET"]}}],"collection":[{"href":"https:\/\/marktxxl.de\/markt\/wp-json\/wp\/v2\/product"}],"about":[{"href":"https:\/\/marktxxl.de\/markt\/wp-json\/wp\/v2\/types\/product"}],"replies":[{"embeddable":true,"href":"https:\/\/marktxxl.de\/markt\/wp-json\/wp\/v2\/comments?post=207477"}],"wp:featuredmedia":[{"embeddable":true,"href":"https:\/\/marktxxl.de\/markt\/wp-json\/wp\/v2\/media\/207478"}],"wp:attachment":[{"href":"https:\/\/marktxxl.de\/markt\/wp-json\/wp\/v2\/media?parent=207477"}],"wp:term":[{"taxonomy":"product_brand","embeddable":true,"href":"https:\/\/marktxxl.de\/markt\/wp-json\/wp\/v2\/product_brand?post=207477"},{"taxonomy":"product_cat","embeddable":true,"href":"https:\/\/marktxxl.de\/markt\/wp-json\/wp\/v2\/product_cat?post=207477"},{"taxonomy":"product_tag","embeddable":true,"href":"https:\/\/marktxxl.de\/markt\/wp-json\/wp\/v2\/product_tag?post=207477"}],"curies":[{"name":"wp","href":"https:\/\/api.w.org\/{rel}","templated":true}]}}