{"id":207350,"date":"2024-05-29T02:31:54","date_gmt":"2024-05-29T00:31:54","guid":{"rendered":"https:\/\/marktxxl.de\/markt\/produkt\/fenfang-windeltasche-2-stueck-wetbag-organiser-beutel-nasstaschen-wickeltasche-stoffwindeln-taschen-mit-wiederverwendbarem-stoff\/"},"modified":"2024-05-29T02:31:54","modified_gmt":"2024-05-29T00:31:54","slug":"fenfang-windeltasche-2-stueck-wetbag-organiser-beutel-nasstaschen-wickeltasche-stoffwindeln-taschen-mit-wiederverwendbarem-stoff","status":"publish","type":"product","link":"https:\/\/marktxxl.de\/markt\/produkt\/fenfang-windeltasche-2-stueck-wetbag-organiser-beutel-nasstaschen-wickeltasche-stoffwindeln-taschen-mit-wiederverwendbarem-stoff\/","title":{"rendered":"FenFang Windeltasche, 2 St\u00fcck Wetbag Organiser Beutel Nasstaschen Wickeltasche Stoffwindeln Taschen mit Wiederverwendbarem Stoff"},"content":{"rendered":"<p>2 Verschiedene Gr\u00f6\u00dfen &#8212; Wasserdichte, wiederverwendbare, maschinenwaschbare Wickeltaschen sind in 2 verschiedenen Gr\u00f6\u00dfen erh\u00e4ltlich. Gr\u00f6\u00dfere Abmessung: 36 * 30 cm, kleinere Abmessung: 30 * 28 cm.<br \/>\nGro\u00dfe Kapazit\u00e4t &#8212; Die gro\u00dfe Nass- und Trockentasche mit doppeltem Rei\u00dfverschluss trennt nasse und trockene Dinge wie Windeln, Badeanz\u00fcge, Badeanz\u00fcge, Strandt\u00fccher und Sportkleidung in einer Tasche. Die kleinere kann zum Halten von jeweils 5-7 Windeln verwendet werden.<br \/>\nEinfaches Tragen &#8212; Der Druckknopf am Griff erleichtert das Tragen oder Aufh\u00e4ngen des feuchten Beutels am Kinderwagen oder an der Kleiderstange. Kann auch bei Nichtgebrauch zusammengeklappt werden und nimmt nicht viel Platz ein.<br \/>\nMultifunktional &#8212; Nicht nur eine Wickeltasche, sondern auch eine Reisetasche oder ein Organizer f\u00fcr den t\u00e4glichen Gebrauch. Geeignet f\u00fcr die Organisation von sauberer und schmutziger Kleidung f\u00fcr Babys und Erwachsene zum Reisen, Schwimmen, Yoga-Unterricht oder Einkaufen.<br \/>\n100% Kundenzufriedenheit &#8212; Wir bieten eine vollst\u00e4ndige Geld-zur\u00fcck-Service, wenn Sie nicht vollst\u00e4ndig zufrieden sind. Schelle Lieferung innerhalb Deutschland dauert nur 1 bis 3 Werktage.<br \/>\n<div class=\"main-cross-sell\" data-asin=\"B09L5443JP\">\n\n\t<div class=\"WooZone-cross-sell-loader\">\n\t\t<div>\n\t\t\t<div id=\"floatingBarsG\">\n\t\t\t\t<div class=\"blockG\" id=\"rotateG_01\"><\/div>\n\t\t\t\t<div class=\"blockG\" id=\"rotateG_02\"><\/div>\n\t\t\t\t<div class=\"blockG\" id=\"rotateG_03\"><\/div>\n\t\t\t\t<div class=\"blockG\" id=\"rotateG_04\"><\/div>\n\t\t\t\t<div class=\"blockG\" id=\"rotateG_05\"><\/div>\n\t\t\t\t<div class=\"blockG\" id=\"rotateG_06\"><\/div>\n\t\t\t\t<div class=\"blockG\" id=\"rotateG_07\"><\/div>\n\t\t\t\t<div class=\"blockG\" id=\"rotateG_08\"><\/div>\n\t\t\t<\/div>\n\t\t\t<div class=\"WooZone-cross-sell-loader-text\"><\/div>\n\t\t<\/div>\n\t<\/div>\n\n\t\t\n<\/div>\n<div style=\"clear:both;\"><\/div><\/p>\n","protected":false},"excerpt":{"rendered":"<p>2 Verschiedene Gr\u00f6\u00dfen &#8212; Wasserdichte, wiederverwendbare, maschinenwaschbare Wickeltaschen sind in 2 verschiedenen Gr\u00f6\u00dfen erh\u00e4ltlich. Gr\u00f6\u00dfere Abmessung: 36 * 30 cm, kleinere Abmessung: 30 * 28 cm.<br \/>\nGro\u00dfe Kapazit\u00e4t &#8212; Die gro\u00dfe Nass- und Trockentasche mit doppeltem Rei\u00dfverschluss trennt nasse und trockene Dinge wie Windeln, Badeanz\u00fcge, Badeanz\u00fcge, Strandt\u00fccher und Sportkleidung in einer Tasche. Die kleinere kann zum Halten von jeweils 5-7 Windeln verwendet werden.<br \/>\nEinfaches Tragen &#8212; Der Druckknopf am Griff erleichtert das Tragen oder Aufh\u00e4ngen des feuchten Beutels am Kinderwagen oder an der Kleiderstange. Kann auch bei Nichtgebrauch zusammengeklappt werden und nimmt nicht viel Platz ein.<\/p>\n","protected":false},"featured_media":207351,"comment_status":"open","ping_status":"closed","template":"","meta":[],"product_brand":[],"product_cat":[21,9520],"product_tag":[],"class_list":{"0":"post-207350","1":"product","2":"type-product","3":"status-publish","4":"has-post-thumbnail","6":"product_cat-baby","7":"product_cat-wickeln-baby","8":"pa_brand-fenfang","9":"pa_manufacturer-fenfang","10":"pa_model-q-diaper-bag","12":"first","13":"instock","14":"shipping-taxable","15":"product-type-simple","16":"customify-col","17":"product-has-gallery"},"yoast_head":"<!-- This site is optimized with the Yoast SEO plugin v27.4 - https:\/\/yoast.com\/product\/yoast-seo-wordpress\/ -->\n<title>FenFang Windeltasche, 2 St\u00fcck Wetbag Organiser Beutel Nasstaschen Wickeltasche Stoffwindeln Taschen mit Wiederverwendbarem Stoff - Markt-XXL<\/title>\n<meta name=\"description\" content=\"Markt-XXL FenFang Windeltasche, 2 St\u00fcck Wetbag Organiser Beutel Nasstaschen Wickeltasche Stoffwindeln Taschen mit Wiederverwendbarem Stoff\" \/>\n<meta name=\"robots\" content=\"index, follow, max-snippet:-1, max-image-preview:large, max-video-preview:-1\" \/>\n<link rel=\"canonical\" href=\"https:\/\/marktxxl.de\/markt\/produkt\/fenfang-windeltasche-2-stueck-wetbag-organiser-beutel-nasstaschen-wickeltasche-stoffwindeln-taschen-mit-wiederverwendbarem-stoff\/\" \/>\n<meta property=\"og:locale\" content=\"de_DE\" \/>\n<meta property=\"og:type\" content=\"article\" \/>\n<meta property=\"og:title\" content=\"FenFang Windeltasche, 2 St\u00fcck Wetbag Organiser Beutel Nasstaschen Wickeltasche Stoffwindeln Taschen mit Wiederverwendbarem Stoff - Markt-XXL\" \/>\n<meta property=\"og:description\" content=\"Markt-XXL FenFang Windeltasche, 2 St\u00fcck Wetbag Organiser Beutel Nasstaschen Wickeltasche Stoffwindeln Taschen mit Wiederverwendbarem Stoff\" \/>\n<meta property=\"og:url\" content=\"https:\/\/marktxxl.de\/markt\/produkt\/fenfang-windeltasche-2-stueck-wetbag-organiser-beutel-nasstaschen-wickeltasche-stoffwindeln-taschen-mit-wiederverwendbarem-stoff\/\" \/>\n<meta property=\"og:site_name\" content=\"Markt-XXL\" \/>\n<meta name=\"twitter:card\" content=\"summary_large_image\" \/>\n<meta name=\"twitter:label1\" content=\"Gesch\u00e4tzte Lesezeit\" \/>\n\t<meta name=\"twitter:data1\" content=\"1\u00a0Minute\" \/>\n<script type=\"application\/ld+json\" class=\"yoast-schema-graph\">{\"@context\":\"https:\\\/\\\/schema.org\",\"@graph\":[{\"@type\":\"WebPage\",\"@id\":\"https:\\\/\\\/marktxxl.de\\\/markt\\\/produkt\\\/fenfang-windeltasche-2-stueck-wetbag-organiser-beutel-nasstaschen-wickeltasche-stoffwindeln-taschen-mit-wiederverwendbarem-stoff\\\/\",\"url\":\"https:\\\/\\\/marktxxl.de\\\/markt\\\/produkt\\\/fenfang-windeltasche-2-stueck-wetbag-organiser-beutel-nasstaschen-wickeltasche-stoffwindeln-taschen-mit-wiederverwendbarem-stoff\\\/\",\"name\":\"FenFang Windeltasche, 2 St\u00fcck Wetbag Organiser Beutel Nasstaschen Wickeltasche Stoffwindeln Taschen mit Wiederverwendbarem Stoff - Markt-XXL\",\"isPartOf\":{\"@id\":\"https:\\\/\\\/marktxxl.de\\\/markt\\\/#website\"},\"primaryImageOfPage\":{\"@id\":\"https:\\\/\\\/marktxxl.de\\\/markt\\\/produkt\\\/fenfang-windeltasche-2-stueck-wetbag-organiser-beutel-nasstaschen-wickeltasche-stoffwindeln-taschen-mit-wiederverwendbarem-stoff\\\/#primaryimage\"},\"image\":{\"@id\":\"https:\\\/\\\/marktxxl.de\\\/markt\\\/produkt\\\/fenfang-windeltasche-2-stueck-wetbag-organiser-beutel-nasstaschen-wickeltasche-stoffwindeln-taschen-mit-wiederverwendbarem-stoff\\\/#primaryimage\"},\"thumbnailUrl\":\"https:\\\/\\\/m.media-amazon.com\\\/images\\\/I\\\/51VtViay3cL._SL500_.jpg\",\"datePublished\":\"2024-05-29T00:31:54+00:00\",\"description\":\"Markt-XXL FenFang Windeltasche, 2 St\u00fcck Wetbag Organiser Beutel Nasstaschen Wickeltasche Stoffwindeln Taschen mit Wiederverwendbarem Stoff\",\"breadcrumb\":{\"@id\":\"https:\\\/\\\/marktxxl.de\\\/markt\\\/produkt\\\/fenfang-windeltasche-2-stueck-wetbag-organiser-beutel-nasstaschen-wickeltasche-stoffwindeln-taschen-mit-wiederverwendbarem-stoff\\\/#breadcrumb\"},\"inLanguage\":\"de\",\"potentialAction\":[{\"@type\":\"ReadAction\",\"target\":[\"https:\\\/\\\/marktxxl.de\\\/markt\\\/produkt\\\/fenfang-windeltasche-2-stueck-wetbag-organiser-beutel-nasstaschen-wickeltasche-stoffwindeln-taschen-mit-wiederverwendbarem-stoff\\\/\"]}]},{\"@type\":\"ImageObject\",\"inLanguage\":\"de\",\"@id\":\"https:\\\/\\\/marktxxl.de\\\/markt\\\/produkt\\\/fenfang-windeltasche-2-stueck-wetbag-organiser-beutel-nasstaschen-wickeltasche-stoffwindeln-taschen-mit-wiederverwendbarem-stoff\\\/#primaryimage\",\"url\":\"https:\\\/\\\/m.media-amazon.com\\\/images\\\/I\\\/51VtViay3cL._SL500_.jpg\",\"contentUrl\":\"https:\\\/\\\/m.media-amazon.com\\\/images\\\/I\\\/51VtViay3cL._SL500_.jpg\",\"width\":500,\"height\":500},{\"@type\":\"BreadcrumbList\",\"@id\":\"https:\\\/\\\/marktxxl.de\\\/markt\\\/produkt\\\/fenfang-windeltasche-2-stueck-wetbag-organiser-beutel-nasstaschen-wickeltasche-stoffwindeln-taschen-mit-wiederverwendbarem-stoff\\\/#breadcrumb\",\"itemListElement\":[{\"@type\":\"ListItem\",\"position\":1,\"name\":\"Startseite\",\"item\":\"https:\\\/\\\/marktxxl.de\\\/markt\\\/\"},{\"@type\":\"ListItem\",\"position\":2,\"name\":\"Markt\",\"item\":\"https:\\\/\\\/marktxxl.de\\\/markt\\\/\"},{\"@type\":\"ListItem\",\"position\":3,\"name\":\"FenFang Windeltasche, 2 St\u00fcck Wetbag Organiser Beutel Nasstaschen Wickeltasche Stoffwindeln Taschen mit Wiederverwendbarem Stoff\"}]},{\"@type\":\"WebSite\",\"@id\":\"https:\\\/\\\/marktxxl.de\\\/markt\\\/#website\",\"url\":\"https:\\\/\\\/marktxxl.de\\\/markt\\\/\",\"name\":\"Markt-XXL\",\"description\":\"Ihr Markt Online\",\"publisher\":{\"@id\":\"https:\\\/\\\/marktxxl.de\\\/markt\\\/#organization\"},\"potentialAction\":[{\"@type\":\"SearchAction\",\"target\":{\"@type\":\"EntryPoint\",\"urlTemplate\":\"https:\\\/\\\/marktxxl.de\\\/markt\\\/?s={search_term_string}\"},\"query-input\":{\"@type\":\"PropertyValueSpecification\",\"valueRequired\":true,\"valueName\":\"search_term_string\"}}],\"inLanguage\":\"de\"},{\"@type\":\"Organization\",\"@id\":\"https:\\\/\\\/marktxxl.de\\\/markt\\\/#organization\",\"name\":\"Markt-XXL\",\"url\":\"https:\\\/\\\/marktxxl.de\\\/markt\\\/\",\"logo\":{\"@type\":\"ImageObject\",\"inLanguage\":\"de\",\"@id\":\"https:\\\/\\\/marktxxl.de\\\/markt\\\/#\\\/schema\\\/logo\\\/image\\\/\",\"url\":\"https:\\\/\\\/marktxxl.de\\\/markt\\\/wp-content\\\/uploads\\\/sites\\\/3\\\/2020\\\/12\\\/logo.png\",\"contentUrl\":\"https:\\\/\\\/marktxxl.de\\\/markt\\\/wp-content\\\/uploads\\\/sites\\\/3\\\/2020\\\/12\\\/logo.png\",\"width\":200,\"height\":70,\"caption\":\"Markt-XXL\"},\"image\":{\"@id\":\"https:\\\/\\\/marktxxl.de\\\/markt\\\/#\\\/schema\\\/logo\\\/image\\\/\"}}]}<\/script>\n<!-- \/ Yoast SEO plugin. -->","yoast_head_json":{"title":"FenFang Windeltasche, 2 St\u00fcck Wetbag Organiser Beutel Nasstaschen Wickeltasche Stoffwindeln Taschen mit Wiederverwendbarem Stoff - Markt-XXL","description":"Markt-XXL FenFang Windeltasche, 2 St\u00fcck Wetbag Organiser Beutel Nasstaschen Wickeltasche Stoffwindeln Taschen mit Wiederverwendbarem Stoff","robots":{"index":"index","follow":"follow","max-snippet":"max-snippet:-1","max-image-preview":"max-image-preview:large","max-video-preview":"max-video-preview:-1"},"canonical":"https:\/\/marktxxl.de\/markt\/produkt\/fenfang-windeltasche-2-stueck-wetbag-organiser-beutel-nasstaschen-wickeltasche-stoffwindeln-taschen-mit-wiederverwendbarem-stoff\/","og_locale":"de_DE","og_type":"article","og_title":"FenFang Windeltasche, 2 St\u00fcck Wetbag Organiser Beutel Nasstaschen Wickeltasche Stoffwindeln Taschen mit Wiederverwendbarem Stoff - Markt-XXL","og_description":"Markt-XXL FenFang Windeltasche, 2 St\u00fcck Wetbag Organiser Beutel Nasstaschen Wickeltasche Stoffwindeln Taschen mit Wiederverwendbarem Stoff","og_url":"https:\/\/marktxxl.de\/markt\/produkt\/fenfang-windeltasche-2-stueck-wetbag-organiser-beutel-nasstaschen-wickeltasche-stoffwindeln-taschen-mit-wiederverwendbarem-stoff\/","og_site_name":"Markt-XXL","twitter_card":"summary_large_image","twitter_misc":{"Gesch\u00e4tzte Lesezeit":"1\u00a0Minute"},"schema":{"@context":"https:\/\/schema.org","@graph":[{"@type":"WebPage","@id":"https:\/\/marktxxl.de\/markt\/produkt\/fenfang-windeltasche-2-stueck-wetbag-organiser-beutel-nasstaschen-wickeltasche-stoffwindeln-taschen-mit-wiederverwendbarem-stoff\/","url":"https:\/\/marktxxl.de\/markt\/produkt\/fenfang-windeltasche-2-stueck-wetbag-organiser-beutel-nasstaschen-wickeltasche-stoffwindeln-taschen-mit-wiederverwendbarem-stoff\/","name":"FenFang Windeltasche, 2 St\u00fcck Wetbag Organiser Beutel Nasstaschen Wickeltasche Stoffwindeln Taschen mit Wiederverwendbarem Stoff - Markt-XXL","isPartOf":{"@id":"https:\/\/marktxxl.de\/markt\/#website"},"primaryImageOfPage":{"@id":"https:\/\/marktxxl.de\/markt\/produkt\/fenfang-windeltasche-2-stueck-wetbag-organiser-beutel-nasstaschen-wickeltasche-stoffwindeln-taschen-mit-wiederverwendbarem-stoff\/#primaryimage"},"image":{"@id":"https:\/\/marktxxl.de\/markt\/produkt\/fenfang-windeltasche-2-stueck-wetbag-organiser-beutel-nasstaschen-wickeltasche-stoffwindeln-taschen-mit-wiederverwendbarem-stoff\/#primaryimage"},"thumbnailUrl":"https:\/\/m.media-amazon.com\/images\/I\/51VtViay3cL._SL500_.jpg","datePublished":"2024-05-29T00:31:54+00:00","description":"Markt-XXL FenFang Windeltasche, 2 St\u00fcck Wetbag Organiser Beutel Nasstaschen Wickeltasche Stoffwindeln Taschen mit Wiederverwendbarem Stoff","breadcrumb":{"@id":"https:\/\/marktxxl.de\/markt\/produkt\/fenfang-windeltasche-2-stueck-wetbag-organiser-beutel-nasstaschen-wickeltasche-stoffwindeln-taschen-mit-wiederverwendbarem-stoff\/#breadcrumb"},"inLanguage":"de","potentialAction":[{"@type":"ReadAction","target":["https:\/\/marktxxl.de\/markt\/produkt\/fenfang-windeltasche-2-stueck-wetbag-organiser-beutel-nasstaschen-wickeltasche-stoffwindeln-taschen-mit-wiederverwendbarem-stoff\/"]}]},{"@type":"ImageObject","inLanguage":"de","@id":"https:\/\/marktxxl.de\/markt\/produkt\/fenfang-windeltasche-2-stueck-wetbag-organiser-beutel-nasstaschen-wickeltasche-stoffwindeln-taschen-mit-wiederverwendbarem-stoff\/#primaryimage","url":"https:\/\/m.media-amazon.com\/images\/I\/51VtViay3cL._SL500_.jpg","contentUrl":"https:\/\/m.media-amazon.com\/images\/I\/51VtViay3cL._SL500_.jpg","width":500,"height":500},{"@type":"BreadcrumbList","@id":"https:\/\/marktxxl.de\/markt\/produkt\/fenfang-windeltasche-2-stueck-wetbag-organiser-beutel-nasstaschen-wickeltasche-stoffwindeln-taschen-mit-wiederverwendbarem-stoff\/#breadcrumb","itemListElement":[{"@type":"ListItem","position":1,"name":"Startseite","item":"https:\/\/marktxxl.de\/markt\/"},{"@type":"ListItem","position":2,"name":"Markt","item":"https:\/\/marktxxl.de\/markt\/"},{"@type":"ListItem","position":3,"name":"FenFang Windeltasche, 2 St\u00fcck Wetbag Organiser Beutel Nasstaschen Wickeltasche Stoffwindeln Taschen mit Wiederverwendbarem Stoff"}]},{"@type":"WebSite","@id":"https:\/\/marktxxl.de\/markt\/#website","url":"https:\/\/marktxxl.de\/markt\/","name":"Markt-XXL","description":"Ihr Markt Online","publisher":{"@id":"https:\/\/marktxxl.de\/markt\/#organization"},"potentialAction":[{"@type":"SearchAction","target":{"@type":"EntryPoint","urlTemplate":"https:\/\/marktxxl.de\/markt\/?s={search_term_string}"},"query-input":{"@type":"PropertyValueSpecification","valueRequired":true,"valueName":"search_term_string"}}],"inLanguage":"de"},{"@type":"Organization","@id":"https:\/\/marktxxl.de\/markt\/#organization","name":"Markt-XXL","url":"https:\/\/marktxxl.de\/markt\/","logo":{"@type":"ImageObject","inLanguage":"de","@id":"https:\/\/marktxxl.de\/markt\/#\/schema\/logo\/image\/","url":"https:\/\/marktxxl.de\/markt\/wp-content\/uploads\/sites\/3\/2020\/12\/logo.png","contentUrl":"https:\/\/marktxxl.de\/markt\/wp-content\/uploads\/sites\/3\/2020\/12\/logo.png","width":200,"height":70,"caption":"Markt-XXL"},"image":{"@id":"https:\/\/marktxxl.de\/markt\/#\/schema\/logo\/image\/"}}]}},"_links":{"self":[{"href":"https:\/\/marktxxl.de\/markt\/wp-json\/wp\/v2\/product\/207350","targetHints":{"allow":["GET"]}}],"collection":[{"href":"https:\/\/marktxxl.de\/markt\/wp-json\/wp\/v2\/product"}],"about":[{"href":"https:\/\/marktxxl.de\/markt\/wp-json\/wp\/v2\/types\/product"}],"replies":[{"embeddable":true,"href":"https:\/\/marktxxl.de\/markt\/wp-json\/wp\/v2\/comments?post=207350"}],"wp:featuredmedia":[{"embeddable":true,"href":"https:\/\/marktxxl.de\/markt\/wp-json\/wp\/v2\/media\/207351"}],"wp:attachment":[{"href":"https:\/\/marktxxl.de\/markt\/wp-json\/wp\/v2\/media?parent=207350"}],"wp:term":[{"taxonomy":"product_brand","embeddable":true,"href":"https:\/\/marktxxl.de\/markt\/wp-json\/wp\/v2\/product_brand?post=207350"},{"taxonomy":"product_cat","embeddable":true,"href":"https:\/\/marktxxl.de\/markt\/wp-json\/wp\/v2\/product_cat?post=207350"},{"taxonomy":"product_tag","embeddable":true,"href":"https:\/\/marktxxl.de\/markt\/wp-json\/wp\/v2\/product_tag?post=207350"}],"curies":[{"name":"wp","href":"https:\/\/api.w.org\/{rel}","templated":true}]}}