{"id":207342,"date":"2024-05-29T02:31:47","date_gmt":"2024-05-29T00:31:47","guid":{"rendered":"https:\/\/marktxxl.de\/markt\/produkt\/ceekii-wet-dry-cloth-windeltaschen-3er-pack-waschbare-reisetaschen-wasserdichte-wet-bag-baby-reusable-beach-pool-gym-bag-mit-reissverschlusstasche-und-druckknopfgriff\/"},"modified":"2024-05-29T02:31:47","modified_gmt":"2024-05-29T00:31:47","slug":"ceekii-wet-dry-cloth-windeltaschen-3er-pack-waschbare-reisetaschen-wasserdichte-wet-bag-baby-reusable-beach-pool-gym-bag-mit-reissverschlusstasche-und-druckknopfgriff","status":"publish","type":"product","link":"https:\/\/marktxxl.de\/markt\/produkt\/ceekii-wet-dry-cloth-windeltaschen-3er-pack-waschbare-reisetaschen-wasserdichte-wet-bag-baby-reusable-beach-pool-gym-bag-mit-reissverschlusstasche-und-druckknopfgriff\/","title":{"rendered":"CeeKii Wet Dry Cloth Windeltaschen 3er Pack Waschbare Reisetaschen, wasserdichte Wet Bag, Baby Reusable Beach Pool Gym Bag mit Rei\u00dfverschlusstasche und Druckknopfgriff"},"content":{"rendered":"<p>Mode, wiederverwendbar und wasserdicht, hochwertige ekCeekii 3er Pack Baby Stoffwindel nasse Packs\u00e4cke sorgen f\u00fcr einen ordentlichen und attraktiven Design. Nass- und Trockensack bestehen aus wasserdichtem 100% Polyester und k\u00f6nnen zum Reinigen leicht umgedreht werden. Kommt mit Griff zum einfachen Tragen oder Anbringen an Ihrer Wickeltasche oder Ihrem Kinderwagen, ideal f\u00fcr M\u00fctter mit Babys, die ausgehen.<br \/>\nMultifunktionale Taschen\uff0d 3 verschiedene Gr\u00f6\u00dfen, die ineinander passen. Abnehmbare Gurte enthalten diese kleinen Nassbeutel in ein kleines Armband oder eine Umh\u00e4ngetasche. Sie k\u00f6nnen als Windeltaschen, Reisetaschen, Aufbewahrungstaschen, Kosmetiktaschen und Handtaschen verwendet werden , Waschbeutel, Handtaschen, Waschbeutel, Organizer-Taschen.<br \/>\nGenug Platz \uff0d Gro\u00dfe Tasche: L18 &#8220;* W16&#8221;, fasst bis zu 10-14 Windeln; mittlere Tasche: L14 &#8220;* W12&#8221;, fasst bis zu 10 Windeln; kleine Tasche: L11 &#8220;* W12&#8221;, fasst 5-7 Windeln. Gro\u00dfe und mittlere Tasche f\u00fcr Babywindeln, Badeanz\u00fcge, Kleidung, Sportkleidung und mehr. Kleine Tasche f\u00fcr Ihre Toilettenartikel, Kleinigkeiten und Unterw\u00e4sche, Kosmetika, Socken und andere Gegenst\u00e4nde.<br \/>\nDoppelter Rei\u00dfverschluss &#8211; Gro\u00df und mittelgro\u00df enth\u00e4lt einen &#8220;nassen&#8221; Abschnitt, der gen\u00e4ht und versiegelt ist, ohne Dochtwirkung oder Auslaufen zu verursachen, UND einen trockenen Abschnitt mit Rei\u00dfverschluss, um trockene Windeln oder Eins\u00e4tze aufzubewahren. Sie k\u00f6nnen Ihre Windel, Ihren nassen Badeanzug und Ihr Handtuch in eines der F\u00e4cher legen und Ihre trockene, schmutzige Kleidung in ein anderes legen. Perfekt f\u00fcr Reisepool Kindertagesst\u00e4tte verschmutzte Babyartikel Yoga Sporttasche.<br \/>\nLeicht und gefaltet &#8211; Ceekii-Nassbeutel sind sehr leicht, sodass sie bei jeder Gelegenheit zum Kinderspiel werden und bei Nichtgebrauch zusammengeklappt werden k\u00f6nnen. Jede Tasche hat an einer Seite einen Griff zum Aufh\u00e4ngen, sodass Sie sie problemlos aufh\u00e4ngen oder abnehmen k\u00f6nnen. Der robuste Griff kann \u00fcberall wie an einem T\u00fcrknauf, einem Handtuchhalter, einem Haken, einem Kinderwagenlenker oder an anderen Stellen, die Sie f\u00fcr geeignet halten, leicht aufgeh\u00e4ngt werden.<br \/>\n<div class=\"main-cross-sell\" data-asin=\"B087RQWXLQ\">\n\n\t<div class=\"WooZone-cross-sell-loader\">\n\t\t<div>\n\t\t\t<div id=\"floatingBarsG\">\n\t\t\t\t<div class=\"blockG\" id=\"rotateG_01\"><\/div>\n\t\t\t\t<div class=\"blockG\" id=\"rotateG_02\"><\/div>\n\t\t\t\t<div class=\"blockG\" id=\"rotateG_03\"><\/div>\n\t\t\t\t<div class=\"blockG\" id=\"rotateG_04\"><\/div>\n\t\t\t\t<div class=\"blockG\" id=\"rotateG_05\"><\/div>\n\t\t\t\t<div class=\"blockG\" id=\"rotateG_06\"><\/div>\n\t\t\t\t<div class=\"blockG\" id=\"rotateG_07\"><\/div>\n\t\t\t\t<div class=\"blockG\" id=\"rotateG_08\"><\/div>\n\t\t\t<\/div>\n\t\t\t<div class=\"WooZone-cross-sell-loader-text\"><\/div>\n\t\t<\/div>\n\t<\/div>\n\n\t\t\n<\/div>\n<div style=\"clear:both;\"><\/div><\/p>\n","protected":false},"excerpt":{"rendered":"<p>Mode, wiederverwendbar und wasserdicht, hochwertige ekCeekii 3er Pack Baby Stoffwindel nasse Packs\u00e4cke sorgen f\u00fcr einen ordentlichen und attraktiven Design. Nass- und Trockensack bestehen aus wasserdichtem 100% Polyester und k\u00f6nnen zum Reinigen leicht umgedreht werden. Kommt mit Griff zum einfachen Tragen oder Anbringen an Ihrer Wickeltasche oder Ihrem Kinderwagen, ideal f\u00fcr M\u00fctter mit Babys, die ausgehen.<br \/>\nMultifunktionale Taschen\uff0d 3 verschiedene Gr\u00f6\u00dfen, die ineinander passen. Abnehmbare Gurte enthalten diese kleinen Nassbeutel in ein kleines Armband oder eine Umh\u00e4ngetasche. Sie k\u00f6nnen als Windeltaschen, Reisetaschen, Aufbewahrungstaschen, Kosmetiktaschen und Handtaschen verwendet werden , Waschbeutel, Handtaschen, Waschbeutel, Organizer-Taschen.<br \/>\nGenug Platz \uff0d Gro\u00dfe Tasche: L18 &#8220;* W16&#8221;, fasst bis zu 10-14 Windeln; mittlere Tasche: L14 &#8220;* W12&#8221;, fasst bis zu 10 Windeln; kleine Tasche: L11 &#8220;* W12&#8221;, fasst 5-7 Windeln. Gro\u00dfe und mittlere Tasche f\u00fcr Babywindeln, Badeanz\u00fcge, Kleidung, Sportkleidung und mehr. Kleine Tasche f\u00fcr Ihre Toilettenartikel, Kleinigkeiten und Unterw\u00e4sche, Kosmetika, Socken und andere Gegenst\u00e4nde.<\/p>\n","protected":false},"featured_media":207343,"comment_status":"open","ping_status":"closed","template":"","meta":[],"product_brand":[],"product_cat":[21,9520],"product_tag":[],"class_list":{"0":"post-207342","1":"product","2":"type-product","3":"status-publish","4":"has-post-thumbnail","6":"product_cat-baby","7":"product_cat-wickeln-baby","8":"pa_brand-ceekii","9":"pa_manufacturer-ceekii","11":"first","12":"instock","13":"shipping-taxable","14":"product-type-simple","15":"customify-col","16":"product-has-gallery"},"yoast_head":"<!-- This site is optimized with the Yoast SEO plugin v27.4 - https:\/\/yoast.com\/product\/yoast-seo-wordpress\/ -->\n<title>CeeKii Wet Dry Cloth Windeltaschen 3er Pack Waschbare Reisetaschen, wasserdichte Wet Bag, Baby Reusable Beach Pool Gym Bag mit Rei\u00dfverschlusstasche und Druckknopfgriff - Markt-XXL<\/title>\n<meta name=\"description\" content=\"Markt-XXL CeeKii Wet Dry Cloth Windeltaschen 3er Pack Waschbare Reisetaschen, wasserdichte Wet Bag, Baby Reusable Beach Pool Gym Bag mit Rei\u00dfverschlusstasche und Druckknopfgriff\" \/>\n<meta name=\"robots\" content=\"index, follow, max-snippet:-1, max-image-preview:large, max-video-preview:-1\" \/>\n<link rel=\"canonical\" href=\"https:\/\/marktxxl.de\/markt\/produkt\/ceekii-wet-dry-cloth-windeltaschen-3er-pack-waschbare-reisetaschen-wasserdichte-wet-bag-baby-reusable-beach-pool-gym-bag-mit-reissverschlusstasche-und-druckknopfgriff\/\" \/>\n<meta property=\"og:locale\" content=\"de_DE\" \/>\n<meta property=\"og:type\" content=\"article\" \/>\n<meta property=\"og:title\" content=\"CeeKii Wet Dry Cloth Windeltaschen 3er Pack Waschbare Reisetaschen, wasserdichte Wet Bag, Baby Reusable Beach Pool Gym Bag mit Rei\u00dfverschlusstasche und Druckknopfgriff - Markt-XXL\" \/>\n<meta property=\"og:description\" content=\"Markt-XXL CeeKii Wet Dry Cloth Windeltaschen 3er Pack Waschbare Reisetaschen, wasserdichte Wet Bag, Baby Reusable Beach Pool Gym Bag mit Rei\u00dfverschlusstasche und Druckknopfgriff\" \/>\n<meta property=\"og:url\" content=\"https:\/\/marktxxl.de\/markt\/produkt\/ceekii-wet-dry-cloth-windeltaschen-3er-pack-waschbare-reisetaschen-wasserdichte-wet-bag-baby-reusable-beach-pool-gym-bag-mit-reissverschlusstasche-und-druckknopfgriff\/\" \/>\n<meta property=\"og:site_name\" content=\"Markt-XXL\" \/>\n<meta name=\"twitter:card\" content=\"summary_large_image\" \/>\n<meta name=\"twitter:label1\" content=\"Gesch\u00e4tzte Lesezeit\" \/>\n\t<meta name=\"twitter:data1\" content=\"2\u00a0Minuten\" \/>\n<script type=\"application\/ld+json\" class=\"yoast-schema-graph\">{\"@context\":\"https:\\\/\\\/schema.org\",\"@graph\":[{\"@type\":\"WebPage\",\"@id\":\"https:\\\/\\\/marktxxl.de\\\/markt\\\/produkt\\\/ceekii-wet-dry-cloth-windeltaschen-3er-pack-waschbare-reisetaschen-wasserdichte-wet-bag-baby-reusable-beach-pool-gym-bag-mit-reissverschlusstasche-und-druckknopfgriff\\\/\",\"url\":\"https:\\\/\\\/marktxxl.de\\\/markt\\\/produkt\\\/ceekii-wet-dry-cloth-windeltaschen-3er-pack-waschbare-reisetaschen-wasserdichte-wet-bag-baby-reusable-beach-pool-gym-bag-mit-reissverschlusstasche-und-druckknopfgriff\\\/\",\"name\":\"CeeKii Wet Dry Cloth Windeltaschen 3er Pack Waschbare Reisetaschen, wasserdichte Wet Bag, Baby Reusable Beach Pool Gym Bag mit Rei\u00dfverschlusstasche und Druckknopfgriff - Markt-XXL\",\"isPartOf\":{\"@id\":\"https:\\\/\\\/marktxxl.de\\\/markt\\\/#website\"},\"primaryImageOfPage\":{\"@id\":\"https:\\\/\\\/marktxxl.de\\\/markt\\\/produkt\\\/ceekii-wet-dry-cloth-windeltaschen-3er-pack-waschbare-reisetaschen-wasserdichte-wet-bag-baby-reusable-beach-pool-gym-bag-mit-reissverschlusstasche-und-druckknopfgriff\\\/#primaryimage\"},\"image\":{\"@id\":\"https:\\\/\\\/marktxxl.de\\\/markt\\\/produkt\\\/ceekii-wet-dry-cloth-windeltaschen-3er-pack-waschbare-reisetaschen-wasserdichte-wet-bag-baby-reusable-beach-pool-gym-bag-mit-reissverschlusstasche-und-druckknopfgriff\\\/#primaryimage\"},\"thumbnailUrl\":\"https:\\\/\\\/m.media-amazon.com\\\/images\\\/I\\\/51cg1JxK+RL._SL500_.jpg\",\"datePublished\":\"2024-05-29T00:31:47+00:00\",\"description\":\"Markt-XXL CeeKii Wet Dry Cloth Windeltaschen 3er Pack Waschbare Reisetaschen, wasserdichte Wet Bag, Baby Reusable Beach Pool Gym Bag mit Rei\u00dfverschlusstasche und Druckknopfgriff\",\"breadcrumb\":{\"@id\":\"https:\\\/\\\/marktxxl.de\\\/markt\\\/produkt\\\/ceekii-wet-dry-cloth-windeltaschen-3er-pack-waschbare-reisetaschen-wasserdichte-wet-bag-baby-reusable-beach-pool-gym-bag-mit-reissverschlusstasche-und-druckknopfgriff\\\/#breadcrumb\"},\"inLanguage\":\"de\",\"potentialAction\":[{\"@type\":\"ReadAction\",\"target\":[\"https:\\\/\\\/marktxxl.de\\\/markt\\\/produkt\\\/ceekii-wet-dry-cloth-windeltaschen-3er-pack-waschbare-reisetaschen-wasserdichte-wet-bag-baby-reusable-beach-pool-gym-bag-mit-reissverschlusstasche-und-druckknopfgriff\\\/\"]}]},{\"@type\":\"ImageObject\",\"inLanguage\":\"de\",\"@id\":\"https:\\\/\\\/marktxxl.de\\\/markt\\\/produkt\\\/ceekii-wet-dry-cloth-windeltaschen-3er-pack-waschbare-reisetaschen-wasserdichte-wet-bag-baby-reusable-beach-pool-gym-bag-mit-reissverschlusstasche-und-druckknopfgriff\\\/#primaryimage\",\"url\":\"https:\\\/\\\/m.media-amazon.com\\\/images\\\/I\\\/51cg1JxK+RL._SL500_.jpg\",\"contentUrl\":\"https:\\\/\\\/m.media-amazon.com\\\/images\\\/I\\\/51cg1JxK+RL._SL500_.jpg\",\"width\":500,\"height\":500},{\"@type\":\"BreadcrumbList\",\"@id\":\"https:\\\/\\\/marktxxl.de\\\/markt\\\/produkt\\\/ceekii-wet-dry-cloth-windeltaschen-3er-pack-waschbare-reisetaschen-wasserdichte-wet-bag-baby-reusable-beach-pool-gym-bag-mit-reissverschlusstasche-und-druckknopfgriff\\\/#breadcrumb\",\"itemListElement\":[{\"@type\":\"ListItem\",\"position\":1,\"name\":\"Startseite\",\"item\":\"https:\\\/\\\/marktxxl.de\\\/markt\\\/\"},{\"@type\":\"ListItem\",\"position\":2,\"name\":\"Markt\",\"item\":\"https:\\\/\\\/marktxxl.de\\\/markt\\\/\"},{\"@type\":\"ListItem\",\"position\":3,\"name\":\"CeeKii Wet Dry Cloth Windeltaschen 3er Pack Waschbare Reisetaschen, wasserdichte Wet Bag, Baby Reusable Beach Pool Gym Bag mit Rei\u00dfverschlusstasche und Druckknopfgriff\"}]},{\"@type\":\"WebSite\",\"@id\":\"https:\\\/\\\/marktxxl.de\\\/markt\\\/#website\",\"url\":\"https:\\\/\\\/marktxxl.de\\\/markt\\\/\",\"name\":\"Markt-XXL\",\"description\":\"Ihr Markt Online\",\"publisher\":{\"@id\":\"https:\\\/\\\/marktxxl.de\\\/markt\\\/#organization\"},\"potentialAction\":[{\"@type\":\"SearchAction\",\"target\":{\"@type\":\"EntryPoint\",\"urlTemplate\":\"https:\\\/\\\/marktxxl.de\\\/markt\\\/?s={search_term_string}\"},\"query-input\":{\"@type\":\"PropertyValueSpecification\",\"valueRequired\":true,\"valueName\":\"search_term_string\"}}],\"inLanguage\":\"de\"},{\"@type\":\"Organization\",\"@id\":\"https:\\\/\\\/marktxxl.de\\\/markt\\\/#organization\",\"name\":\"Markt-XXL\",\"url\":\"https:\\\/\\\/marktxxl.de\\\/markt\\\/\",\"logo\":{\"@type\":\"ImageObject\",\"inLanguage\":\"de\",\"@id\":\"https:\\\/\\\/marktxxl.de\\\/markt\\\/#\\\/schema\\\/logo\\\/image\\\/\",\"url\":\"https:\\\/\\\/marktxxl.de\\\/markt\\\/wp-content\\\/uploads\\\/sites\\\/3\\\/2020\\\/12\\\/logo.png\",\"contentUrl\":\"https:\\\/\\\/marktxxl.de\\\/markt\\\/wp-content\\\/uploads\\\/sites\\\/3\\\/2020\\\/12\\\/logo.png\",\"width\":200,\"height\":70,\"caption\":\"Markt-XXL\"},\"image\":{\"@id\":\"https:\\\/\\\/marktxxl.de\\\/markt\\\/#\\\/schema\\\/logo\\\/image\\\/\"}}]}<\/script>\n<!-- \/ Yoast SEO plugin. -->","yoast_head_json":{"title":"CeeKii Wet Dry Cloth Windeltaschen 3er Pack Waschbare Reisetaschen, wasserdichte Wet Bag, Baby Reusable Beach Pool Gym Bag mit Rei\u00dfverschlusstasche und Druckknopfgriff - Markt-XXL","description":"Markt-XXL CeeKii Wet Dry Cloth Windeltaschen 3er Pack Waschbare Reisetaschen, wasserdichte Wet Bag, Baby Reusable Beach Pool Gym Bag mit Rei\u00dfverschlusstasche und Druckknopfgriff","robots":{"index":"index","follow":"follow","max-snippet":"max-snippet:-1","max-image-preview":"max-image-preview:large","max-video-preview":"max-video-preview:-1"},"canonical":"https:\/\/marktxxl.de\/markt\/produkt\/ceekii-wet-dry-cloth-windeltaschen-3er-pack-waschbare-reisetaschen-wasserdichte-wet-bag-baby-reusable-beach-pool-gym-bag-mit-reissverschlusstasche-und-druckknopfgriff\/","og_locale":"de_DE","og_type":"article","og_title":"CeeKii Wet Dry Cloth Windeltaschen 3er Pack Waschbare Reisetaschen, wasserdichte Wet Bag, Baby Reusable Beach Pool Gym Bag mit Rei\u00dfverschlusstasche und Druckknopfgriff - Markt-XXL","og_description":"Markt-XXL CeeKii Wet Dry Cloth Windeltaschen 3er Pack Waschbare Reisetaschen, wasserdichte Wet Bag, Baby Reusable Beach Pool Gym Bag mit Rei\u00dfverschlusstasche und Druckknopfgriff","og_url":"https:\/\/marktxxl.de\/markt\/produkt\/ceekii-wet-dry-cloth-windeltaschen-3er-pack-waschbare-reisetaschen-wasserdichte-wet-bag-baby-reusable-beach-pool-gym-bag-mit-reissverschlusstasche-und-druckknopfgriff\/","og_site_name":"Markt-XXL","twitter_card":"summary_large_image","twitter_misc":{"Gesch\u00e4tzte Lesezeit":"2\u00a0Minuten"},"schema":{"@context":"https:\/\/schema.org","@graph":[{"@type":"WebPage","@id":"https:\/\/marktxxl.de\/markt\/produkt\/ceekii-wet-dry-cloth-windeltaschen-3er-pack-waschbare-reisetaschen-wasserdichte-wet-bag-baby-reusable-beach-pool-gym-bag-mit-reissverschlusstasche-und-druckknopfgriff\/","url":"https:\/\/marktxxl.de\/markt\/produkt\/ceekii-wet-dry-cloth-windeltaschen-3er-pack-waschbare-reisetaschen-wasserdichte-wet-bag-baby-reusable-beach-pool-gym-bag-mit-reissverschlusstasche-und-druckknopfgriff\/","name":"CeeKii Wet Dry Cloth Windeltaschen 3er Pack Waschbare Reisetaschen, wasserdichte Wet Bag, Baby Reusable Beach Pool Gym Bag mit Rei\u00dfverschlusstasche und Druckknopfgriff - Markt-XXL","isPartOf":{"@id":"https:\/\/marktxxl.de\/markt\/#website"},"primaryImageOfPage":{"@id":"https:\/\/marktxxl.de\/markt\/produkt\/ceekii-wet-dry-cloth-windeltaschen-3er-pack-waschbare-reisetaschen-wasserdichte-wet-bag-baby-reusable-beach-pool-gym-bag-mit-reissverschlusstasche-und-druckknopfgriff\/#primaryimage"},"image":{"@id":"https:\/\/marktxxl.de\/markt\/produkt\/ceekii-wet-dry-cloth-windeltaschen-3er-pack-waschbare-reisetaschen-wasserdichte-wet-bag-baby-reusable-beach-pool-gym-bag-mit-reissverschlusstasche-und-druckknopfgriff\/#primaryimage"},"thumbnailUrl":"https:\/\/m.media-amazon.com\/images\/I\/51cg1JxK+RL._SL500_.jpg","datePublished":"2024-05-29T00:31:47+00:00","description":"Markt-XXL CeeKii Wet Dry Cloth Windeltaschen 3er Pack Waschbare Reisetaschen, wasserdichte Wet Bag, Baby Reusable Beach Pool Gym Bag mit Rei\u00dfverschlusstasche und Druckknopfgriff","breadcrumb":{"@id":"https:\/\/marktxxl.de\/markt\/produkt\/ceekii-wet-dry-cloth-windeltaschen-3er-pack-waschbare-reisetaschen-wasserdichte-wet-bag-baby-reusable-beach-pool-gym-bag-mit-reissverschlusstasche-und-druckknopfgriff\/#breadcrumb"},"inLanguage":"de","potentialAction":[{"@type":"ReadAction","target":["https:\/\/marktxxl.de\/markt\/produkt\/ceekii-wet-dry-cloth-windeltaschen-3er-pack-waschbare-reisetaschen-wasserdichte-wet-bag-baby-reusable-beach-pool-gym-bag-mit-reissverschlusstasche-und-druckknopfgriff\/"]}]},{"@type":"ImageObject","inLanguage":"de","@id":"https:\/\/marktxxl.de\/markt\/produkt\/ceekii-wet-dry-cloth-windeltaschen-3er-pack-waschbare-reisetaschen-wasserdichte-wet-bag-baby-reusable-beach-pool-gym-bag-mit-reissverschlusstasche-und-druckknopfgriff\/#primaryimage","url":"https:\/\/m.media-amazon.com\/images\/I\/51cg1JxK+RL._SL500_.jpg","contentUrl":"https:\/\/m.media-amazon.com\/images\/I\/51cg1JxK+RL._SL500_.jpg","width":500,"height":500},{"@type":"BreadcrumbList","@id":"https:\/\/marktxxl.de\/markt\/produkt\/ceekii-wet-dry-cloth-windeltaschen-3er-pack-waschbare-reisetaschen-wasserdichte-wet-bag-baby-reusable-beach-pool-gym-bag-mit-reissverschlusstasche-und-druckknopfgriff\/#breadcrumb","itemListElement":[{"@type":"ListItem","position":1,"name":"Startseite","item":"https:\/\/marktxxl.de\/markt\/"},{"@type":"ListItem","position":2,"name":"Markt","item":"https:\/\/marktxxl.de\/markt\/"},{"@type":"ListItem","position":3,"name":"CeeKii Wet Dry Cloth Windeltaschen 3er Pack Waschbare Reisetaschen, wasserdichte Wet Bag, Baby Reusable Beach Pool Gym Bag mit Rei\u00dfverschlusstasche und Druckknopfgriff"}]},{"@type":"WebSite","@id":"https:\/\/marktxxl.de\/markt\/#website","url":"https:\/\/marktxxl.de\/markt\/","name":"Markt-XXL","description":"Ihr Markt Online","publisher":{"@id":"https:\/\/marktxxl.de\/markt\/#organization"},"potentialAction":[{"@type":"SearchAction","target":{"@type":"EntryPoint","urlTemplate":"https:\/\/marktxxl.de\/markt\/?s={search_term_string}"},"query-input":{"@type":"PropertyValueSpecification","valueRequired":true,"valueName":"search_term_string"}}],"inLanguage":"de"},{"@type":"Organization","@id":"https:\/\/marktxxl.de\/markt\/#organization","name":"Markt-XXL","url":"https:\/\/marktxxl.de\/markt\/","logo":{"@type":"ImageObject","inLanguage":"de","@id":"https:\/\/marktxxl.de\/markt\/#\/schema\/logo\/image\/","url":"https:\/\/marktxxl.de\/markt\/wp-content\/uploads\/sites\/3\/2020\/12\/logo.png","contentUrl":"https:\/\/marktxxl.de\/markt\/wp-content\/uploads\/sites\/3\/2020\/12\/logo.png","width":200,"height":70,"caption":"Markt-XXL"},"image":{"@id":"https:\/\/marktxxl.de\/markt\/#\/schema\/logo\/image\/"}}]}},"_links":{"self":[{"href":"https:\/\/marktxxl.de\/markt\/wp-json\/wp\/v2\/product\/207342","targetHints":{"allow":["GET"]}}],"collection":[{"href":"https:\/\/marktxxl.de\/markt\/wp-json\/wp\/v2\/product"}],"about":[{"href":"https:\/\/marktxxl.de\/markt\/wp-json\/wp\/v2\/types\/product"}],"replies":[{"embeddable":true,"href":"https:\/\/marktxxl.de\/markt\/wp-json\/wp\/v2\/comments?post=207342"}],"wp:featuredmedia":[{"embeddable":true,"href":"https:\/\/marktxxl.de\/markt\/wp-json\/wp\/v2\/media\/207343"}],"wp:attachment":[{"href":"https:\/\/marktxxl.de\/markt\/wp-json\/wp\/v2\/media?parent=207342"}],"wp:term":[{"taxonomy":"product_brand","embeddable":true,"href":"https:\/\/marktxxl.de\/markt\/wp-json\/wp\/v2\/product_brand?post=207342"},{"taxonomy":"product_cat","embeddable":true,"href":"https:\/\/marktxxl.de\/markt\/wp-json\/wp\/v2\/product_cat?post=207342"},{"taxonomy":"product_tag","embeddable":true,"href":"https:\/\/marktxxl.de\/markt\/wp-json\/wp\/v2\/product_tag?post=207342"}],"curies":[{"name":"wp","href":"https:\/\/api.w.org\/{rel}","templated":true}]}}