{"id":207335,"date":"2024-05-29T02:31:40","date_gmt":"2024-05-29T00:31:40","guid":{"rendered":"https:\/\/marktxxl.de\/markt\/produkt\/ntgrty-windeltasche-2-stueck-nappy-bags-wet-dry-bags-wet-dirty-laundry-bag-waterproof-dry-wet-bag-diaper-bag-for-babies-swimming-camping-travel-gym-workout-beach\/"},"modified":"2024-05-29T02:31:40","modified_gmt":"2024-05-29T00:31:40","slug":"ntgrty-windeltasche-2-stueck-nappy-bags-wet-dry-bags-wet-dirty-laundry-bag-waterproof-dry-wet-bag-diaper-bag-for-babies-swimming-camping-travel-gym-workout-beach","status":"publish","type":"product","link":"https:\/\/marktxxl.de\/markt\/produkt\/ntgrty-windeltasche-2-stueck-nappy-bags-wet-dry-bags-wet-dirty-laundry-bag-waterproof-dry-wet-bag-diaper-bag-for-babies-swimming-camping-travel-gym-workout-beach\/","title":{"rendered":"NTGRTY Windeltasche, 2 St\u00fcck, Nappy Bags, Wet Dry Bags, Wet Dirty Laundry Bag, Waterproof Dry Wet Bag, Diaper Bag for Babies Swimming Camping Travel Gym Workout Beach"},"content":{"rendered":"<p>\u3010Material\u3011Die nassen und trockenen Taschen bestehen aus zweilagigem, wasserdichtem TPU-Polyester, einem langlebigen wasserdichten Stoffmaterial, eine gute wasserdichte Wirkung. So m\u00fcssen Sie sich keine Sorgen um Lecks machen, und den Geruch wird nicht herauskommen.<br \/>\n\u3010Tragbare Nasstasche\u3011Rei\u00dfverschluss Design f\u00fcr einfaches \u00d6ffnen und Schlie\u00dfen. Mit Knopfgriff kann der Schnallengurt am Handgelenk und am Kinderwagen aufgeh\u00e4ngt werden, um mehr Komfort zu bieten.<br \/>\n\u3010Multifunktional\u3011Feuchte und trockene Taschen sind nicht nur f\u00fcr das Baby, sondern auch als Reisetasche, W\u00e4schetasche, Aufbewahrungstasche oder t\u00e4gliche Organisationstaschen und so weiter f\u00fcr Kindergarten, Reisen, Schwimmen, Wandern, Fitnessstudio, Einkaufen usw.<br \/>\nLeicht zu reinigen und zu lagern: Handw\u00e4sche und Maschinenw\u00e4sche, zum Trocknen aufh\u00e4ngen. Die Nappy net Taschen k\u00f6nnen gefaltet werden, wenn sie nicht in Gebrauch sind und nicht mehr viel Platz haben.<br \/>\n\u3010Servicegarantie\u3011 Vielen Dank f\u00fcr Ihre Wahl. Wenn es ein Problem mit der Quantit\u00e4t oder Qualit\u00e4t des Produkts gibt, kontaktieren Sie uns bitte per E-Mail. Wir werden es f\u00fcr Sie l\u00f6sen, bis Sie zufrieden sind.<br \/>\n<div class=\"main-cross-sell\" data-asin=\"B0CMZJ1ZK8\">\n\n\t<div class=\"WooZone-cross-sell-loader\">\n\t\t<div>\n\t\t\t<div id=\"floatingBarsG\">\n\t\t\t\t<div class=\"blockG\" id=\"rotateG_01\"><\/div>\n\t\t\t\t<div class=\"blockG\" id=\"rotateG_02\"><\/div>\n\t\t\t\t<div class=\"blockG\" id=\"rotateG_03\"><\/div>\n\t\t\t\t<div class=\"blockG\" id=\"rotateG_04\"><\/div>\n\t\t\t\t<div class=\"blockG\" id=\"rotateG_05\"><\/div>\n\t\t\t\t<div class=\"blockG\" id=\"rotateG_06\"><\/div>\n\t\t\t\t<div class=\"blockG\" id=\"rotateG_07\"><\/div>\n\t\t\t\t<div class=\"blockG\" id=\"rotateG_08\"><\/div>\n\t\t\t<\/div>\n\t\t\t<div class=\"WooZone-cross-sell-loader-text\"><\/div>\n\t\t<\/div>\n\t<\/div>\n\n\t\t\n<\/div>\n<div style=\"clear:both;\"><\/div><\/p>\n","protected":false},"excerpt":{"rendered":"<p>\u3010Material\u3011Die nassen und trockenen Taschen bestehen aus zweilagigem, wasserdichtem TPU-Polyester, einem langlebigen wasserdichten Stoffmaterial, eine gute wasserdichte Wirkung. So m\u00fcssen Sie sich keine Sorgen um Lecks machen, und den Geruch wird nicht herauskommen.<br \/>\n\u3010Tragbare Nasstasche\u3011Rei\u00dfverschluss Design f\u00fcr einfaches \u00d6ffnen und Schlie\u00dfen. Mit Knopfgriff kann der Schnallengurt am Handgelenk und am Kinderwagen aufgeh\u00e4ngt werden, um mehr Komfort zu bieten.<br \/>\n\u3010Multifunktional\u3011Feuchte und trockene Taschen sind nicht nur f\u00fcr das Baby, sondern auch als Reisetasche, W\u00e4schetasche, Aufbewahrungstasche oder t\u00e4gliche Organisationstaschen und so weiter f\u00fcr Kindergarten, Reisen, Schwimmen, Wandern, Fitnessstudio, Einkaufen usw.<\/p>\n","protected":false},"featured_media":207336,"comment_status":"open","ping_status":"closed","template":"","meta":[],"product_brand":[],"product_cat":[21,9520],"product_tag":[],"class_list":{"0":"post-207335","1":"product","2":"type-product","3":"status-publish","4":"has-post-thumbnail","6":"product_cat-baby","7":"product_cat-wickeln-baby","8":"pa_brand-ntgrty","9":"pa_model-windeltasche","11":"first","12":"instock","13":"shipping-taxable","14":"product-type-simple","15":"customify-col","16":"product-has-gallery"},"yoast_head":"<!-- This site is optimized with the Yoast SEO plugin v27.4 - https:\/\/yoast.com\/product\/yoast-seo-wordpress\/ -->\n<title>NTGRTY Windeltasche, 2 St\u00fcck, Nappy Bags, Wet Dry Bags, Wet Dirty Laundry Bag, Waterproof Dry Wet Bag, Diaper Bag for Babies Swimming Camping Travel Gym Workout Beach - Markt-XXL<\/title>\n<meta name=\"description\" content=\"Markt-XXL NTGRTY Windeltasche, 2 St\u00fcck, Nappy Bags, Wet Dry Bags, Wet Dirty Laundry Bag, Waterproof Dry Wet Bag, Diaper Bag for Babies Swimming Camping Travel Gym Workout Beach\" \/>\n<meta name=\"robots\" content=\"index, follow, max-snippet:-1, max-image-preview:large, max-video-preview:-1\" \/>\n<link rel=\"canonical\" href=\"https:\/\/marktxxl.de\/markt\/produkt\/ntgrty-windeltasche-2-stueck-nappy-bags-wet-dry-bags-wet-dirty-laundry-bag-waterproof-dry-wet-bag-diaper-bag-for-babies-swimming-camping-travel-gym-workout-beach\/\" \/>\n<meta property=\"og:locale\" content=\"de_DE\" \/>\n<meta property=\"og:type\" content=\"article\" \/>\n<meta property=\"og:title\" content=\"NTGRTY Windeltasche, 2 St\u00fcck, Nappy Bags, Wet Dry Bags, Wet Dirty Laundry Bag, Waterproof Dry Wet Bag, Diaper Bag for Babies Swimming Camping Travel Gym Workout Beach - Markt-XXL\" \/>\n<meta property=\"og:description\" content=\"Markt-XXL NTGRTY Windeltasche, 2 St\u00fcck, Nappy Bags, Wet Dry Bags, Wet Dirty Laundry Bag, Waterproof Dry Wet Bag, Diaper Bag for Babies Swimming Camping Travel Gym Workout Beach\" \/>\n<meta property=\"og:url\" content=\"https:\/\/marktxxl.de\/markt\/produkt\/ntgrty-windeltasche-2-stueck-nappy-bags-wet-dry-bags-wet-dirty-laundry-bag-waterproof-dry-wet-bag-diaper-bag-for-babies-swimming-camping-travel-gym-workout-beach\/\" \/>\n<meta property=\"og:site_name\" content=\"Markt-XXL\" \/>\n<meta name=\"twitter:card\" content=\"summary_large_image\" \/>\n<meta name=\"twitter:label1\" content=\"Gesch\u00e4tzte Lesezeit\" \/>\n\t<meta name=\"twitter:data1\" content=\"1\u00a0Minute\" \/>\n<script type=\"application\/ld+json\" class=\"yoast-schema-graph\">{\"@context\":\"https:\\\/\\\/schema.org\",\"@graph\":[{\"@type\":\"WebPage\",\"@id\":\"https:\\\/\\\/marktxxl.de\\\/markt\\\/produkt\\\/ntgrty-windeltasche-2-stueck-nappy-bags-wet-dry-bags-wet-dirty-laundry-bag-waterproof-dry-wet-bag-diaper-bag-for-babies-swimming-camping-travel-gym-workout-beach\\\/\",\"url\":\"https:\\\/\\\/marktxxl.de\\\/markt\\\/produkt\\\/ntgrty-windeltasche-2-stueck-nappy-bags-wet-dry-bags-wet-dirty-laundry-bag-waterproof-dry-wet-bag-diaper-bag-for-babies-swimming-camping-travel-gym-workout-beach\\\/\",\"name\":\"NTGRTY Windeltasche, 2 St\u00fcck, Nappy Bags, Wet Dry Bags, Wet Dirty Laundry Bag, Waterproof Dry Wet Bag, Diaper Bag for Babies Swimming Camping Travel Gym Workout Beach - Markt-XXL\",\"isPartOf\":{\"@id\":\"https:\\\/\\\/marktxxl.de\\\/markt\\\/#website\"},\"primaryImageOfPage\":{\"@id\":\"https:\\\/\\\/marktxxl.de\\\/markt\\\/produkt\\\/ntgrty-windeltasche-2-stueck-nappy-bags-wet-dry-bags-wet-dirty-laundry-bag-waterproof-dry-wet-bag-diaper-bag-for-babies-swimming-camping-travel-gym-workout-beach\\\/#primaryimage\"},\"image\":{\"@id\":\"https:\\\/\\\/marktxxl.de\\\/markt\\\/produkt\\\/ntgrty-windeltasche-2-stueck-nappy-bags-wet-dry-bags-wet-dirty-laundry-bag-waterproof-dry-wet-bag-diaper-bag-for-babies-swimming-camping-travel-gym-workout-beach\\\/#primaryimage\"},\"thumbnailUrl\":\"https:\\\/\\\/m.media-amazon.com\\\/images\\\/I\\\/61sZWmvXunL._SL500_.jpg\",\"datePublished\":\"2024-05-29T00:31:40+00:00\",\"description\":\"Markt-XXL NTGRTY Windeltasche, 2 St\u00fcck, Nappy Bags, Wet Dry Bags, Wet Dirty Laundry Bag, Waterproof Dry Wet Bag, Diaper Bag for Babies Swimming Camping Travel Gym Workout Beach\",\"breadcrumb\":{\"@id\":\"https:\\\/\\\/marktxxl.de\\\/markt\\\/produkt\\\/ntgrty-windeltasche-2-stueck-nappy-bags-wet-dry-bags-wet-dirty-laundry-bag-waterproof-dry-wet-bag-diaper-bag-for-babies-swimming-camping-travel-gym-workout-beach\\\/#breadcrumb\"},\"inLanguage\":\"de\",\"potentialAction\":[{\"@type\":\"ReadAction\",\"target\":[\"https:\\\/\\\/marktxxl.de\\\/markt\\\/produkt\\\/ntgrty-windeltasche-2-stueck-nappy-bags-wet-dry-bags-wet-dirty-laundry-bag-waterproof-dry-wet-bag-diaper-bag-for-babies-swimming-camping-travel-gym-workout-beach\\\/\"]}]},{\"@type\":\"ImageObject\",\"inLanguage\":\"de\",\"@id\":\"https:\\\/\\\/marktxxl.de\\\/markt\\\/produkt\\\/ntgrty-windeltasche-2-stueck-nappy-bags-wet-dry-bags-wet-dirty-laundry-bag-waterproof-dry-wet-bag-diaper-bag-for-babies-swimming-camping-travel-gym-workout-beach\\\/#primaryimage\",\"url\":\"https:\\\/\\\/m.media-amazon.com\\\/images\\\/I\\\/61sZWmvXunL._SL500_.jpg\",\"contentUrl\":\"https:\\\/\\\/m.media-amazon.com\\\/images\\\/I\\\/61sZWmvXunL._SL500_.jpg\",\"width\":500,\"height\":500},{\"@type\":\"BreadcrumbList\",\"@id\":\"https:\\\/\\\/marktxxl.de\\\/markt\\\/produkt\\\/ntgrty-windeltasche-2-stueck-nappy-bags-wet-dry-bags-wet-dirty-laundry-bag-waterproof-dry-wet-bag-diaper-bag-for-babies-swimming-camping-travel-gym-workout-beach\\\/#breadcrumb\",\"itemListElement\":[{\"@type\":\"ListItem\",\"position\":1,\"name\":\"Startseite\",\"item\":\"https:\\\/\\\/marktxxl.de\\\/markt\\\/\"},{\"@type\":\"ListItem\",\"position\":2,\"name\":\"Markt\",\"item\":\"https:\\\/\\\/marktxxl.de\\\/markt\\\/\"},{\"@type\":\"ListItem\",\"position\":3,\"name\":\"NTGRTY Windeltasche, 2 St\u00fcck, Nappy Bags, Wet Dry Bags, Wet Dirty Laundry Bag, Waterproof Dry Wet Bag, Diaper Bag for Babies Swimming Camping Travel Gym Workout Beach\"}]},{\"@type\":\"WebSite\",\"@id\":\"https:\\\/\\\/marktxxl.de\\\/markt\\\/#website\",\"url\":\"https:\\\/\\\/marktxxl.de\\\/markt\\\/\",\"name\":\"Markt-XXL\",\"description\":\"Ihr Markt Online\",\"publisher\":{\"@id\":\"https:\\\/\\\/marktxxl.de\\\/markt\\\/#organization\"},\"potentialAction\":[{\"@type\":\"SearchAction\",\"target\":{\"@type\":\"EntryPoint\",\"urlTemplate\":\"https:\\\/\\\/marktxxl.de\\\/markt\\\/?s={search_term_string}\"},\"query-input\":{\"@type\":\"PropertyValueSpecification\",\"valueRequired\":true,\"valueName\":\"search_term_string\"}}],\"inLanguage\":\"de\"},{\"@type\":\"Organization\",\"@id\":\"https:\\\/\\\/marktxxl.de\\\/markt\\\/#organization\",\"name\":\"Markt-XXL\",\"url\":\"https:\\\/\\\/marktxxl.de\\\/markt\\\/\",\"logo\":{\"@type\":\"ImageObject\",\"inLanguage\":\"de\",\"@id\":\"https:\\\/\\\/marktxxl.de\\\/markt\\\/#\\\/schema\\\/logo\\\/image\\\/\",\"url\":\"https:\\\/\\\/marktxxl.de\\\/markt\\\/wp-content\\\/uploads\\\/sites\\\/3\\\/2020\\\/12\\\/logo.png\",\"contentUrl\":\"https:\\\/\\\/marktxxl.de\\\/markt\\\/wp-content\\\/uploads\\\/sites\\\/3\\\/2020\\\/12\\\/logo.png\",\"width\":200,\"height\":70,\"caption\":\"Markt-XXL\"},\"image\":{\"@id\":\"https:\\\/\\\/marktxxl.de\\\/markt\\\/#\\\/schema\\\/logo\\\/image\\\/\"}}]}<\/script>\n<!-- \/ Yoast SEO plugin. -->","yoast_head_json":{"title":"NTGRTY Windeltasche, 2 St\u00fcck, Nappy Bags, Wet Dry Bags, Wet Dirty Laundry Bag, Waterproof Dry Wet Bag, Diaper Bag for Babies Swimming Camping Travel Gym Workout Beach - Markt-XXL","description":"Markt-XXL NTGRTY Windeltasche, 2 St\u00fcck, Nappy Bags, Wet Dry Bags, Wet Dirty Laundry Bag, Waterproof Dry Wet Bag, Diaper Bag for Babies Swimming Camping Travel Gym Workout Beach","robots":{"index":"index","follow":"follow","max-snippet":"max-snippet:-1","max-image-preview":"max-image-preview:large","max-video-preview":"max-video-preview:-1"},"canonical":"https:\/\/marktxxl.de\/markt\/produkt\/ntgrty-windeltasche-2-stueck-nappy-bags-wet-dry-bags-wet-dirty-laundry-bag-waterproof-dry-wet-bag-diaper-bag-for-babies-swimming-camping-travel-gym-workout-beach\/","og_locale":"de_DE","og_type":"article","og_title":"NTGRTY Windeltasche, 2 St\u00fcck, Nappy Bags, Wet Dry Bags, Wet Dirty Laundry Bag, Waterproof Dry Wet Bag, Diaper Bag for Babies Swimming Camping Travel Gym Workout Beach - Markt-XXL","og_description":"Markt-XXL NTGRTY Windeltasche, 2 St\u00fcck, Nappy Bags, Wet Dry Bags, Wet Dirty Laundry Bag, Waterproof Dry Wet Bag, Diaper Bag for Babies Swimming Camping Travel Gym Workout Beach","og_url":"https:\/\/marktxxl.de\/markt\/produkt\/ntgrty-windeltasche-2-stueck-nappy-bags-wet-dry-bags-wet-dirty-laundry-bag-waterproof-dry-wet-bag-diaper-bag-for-babies-swimming-camping-travel-gym-workout-beach\/","og_site_name":"Markt-XXL","twitter_card":"summary_large_image","twitter_misc":{"Gesch\u00e4tzte Lesezeit":"1\u00a0Minute"},"schema":{"@context":"https:\/\/schema.org","@graph":[{"@type":"WebPage","@id":"https:\/\/marktxxl.de\/markt\/produkt\/ntgrty-windeltasche-2-stueck-nappy-bags-wet-dry-bags-wet-dirty-laundry-bag-waterproof-dry-wet-bag-diaper-bag-for-babies-swimming-camping-travel-gym-workout-beach\/","url":"https:\/\/marktxxl.de\/markt\/produkt\/ntgrty-windeltasche-2-stueck-nappy-bags-wet-dry-bags-wet-dirty-laundry-bag-waterproof-dry-wet-bag-diaper-bag-for-babies-swimming-camping-travel-gym-workout-beach\/","name":"NTGRTY Windeltasche, 2 St\u00fcck, Nappy Bags, Wet Dry Bags, Wet Dirty Laundry Bag, Waterproof Dry Wet Bag, Diaper Bag for Babies Swimming Camping Travel Gym Workout Beach - Markt-XXL","isPartOf":{"@id":"https:\/\/marktxxl.de\/markt\/#website"},"primaryImageOfPage":{"@id":"https:\/\/marktxxl.de\/markt\/produkt\/ntgrty-windeltasche-2-stueck-nappy-bags-wet-dry-bags-wet-dirty-laundry-bag-waterproof-dry-wet-bag-diaper-bag-for-babies-swimming-camping-travel-gym-workout-beach\/#primaryimage"},"image":{"@id":"https:\/\/marktxxl.de\/markt\/produkt\/ntgrty-windeltasche-2-stueck-nappy-bags-wet-dry-bags-wet-dirty-laundry-bag-waterproof-dry-wet-bag-diaper-bag-for-babies-swimming-camping-travel-gym-workout-beach\/#primaryimage"},"thumbnailUrl":"https:\/\/m.media-amazon.com\/images\/I\/61sZWmvXunL._SL500_.jpg","datePublished":"2024-05-29T00:31:40+00:00","description":"Markt-XXL NTGRTY Windeltasche, 2 St\u00fcck, Nappy Bags, Wet Dry Bags, Wet Dirty Laundry Bag, Waterproof Dry Wet Bag, Diaper Bag for Babies Swimming Camping Travel Gym Workout Beach","breadcrumb":{"@id":"https:\/\/marktxxl.de\/markt\/produkt\/ntgrty-windeltasche-2-stueck-nappy-bags-wet-dry-bags-wet-dirty-laundry-bag-waterproof-dry-wet-bag-diaper-bag-for-babies-swimming-camping-travel-gym-workout-beach\/#breadcrumb"},"inLanguage":"de","potentialAction":[{"@type":"ReadAction","target":["https:\/\/marktxxl.de\/markt\/produkt\/ntgrty-windeltasche-2-stueck-nappy-bags-wet-dry-bags-wet-dirty-laundry-bag-waterproof-dry-wet-bag-diaper-bag-for-babies-swimming-camping-travel-gym-workout-beach\/"]}]},{"@type":"ImageObject","inLanguage":"de","@id":"https:\/\/marktxxl.de\/markt\/produkt\/ntgrty-windeltasche-2-stueck-nappy-bags-wet-dry-bags-wet-dirty-laundry-bag-waterproof-dry-wet-bag-diaper-bag-for-babies-swimming-camping-travel-gym-workout-beach\/#primaryimage","url":"https:\/\/m.media-amazon.com\/images\/I\/61sZWmvXunL._SL500_.jpg","contentUrl":"https:\/\/m.media-amazon.com\/images\/I\/61sZWmvXunL._SL500_.jpg","width":500,"height":500},{"@type":"BreadcrumbList","@id":"https:\/\/marktxxl.de\/markt\/produkt\/ntgrty-windeltasche-2-stueck-nappy-bags-wet-dry-bags-wet-dirty-laundry-bag-waterproof-dry-wet-bag-diaper-bag-for-babies-swimming-camping-travel-gym-workout-beach\/#breadcrumb","itemListElement":[{"@type":"ListItem","position":1,"name":"Startseite","item":"https:\/\/marktxxl.de\/markt\/"},{"@type":"ListItem","position":2,"name":"Markt","item":"https:\/\/marktxxl.de\/markt\/"},{"@type":"ListItem","position":3,"name":"NTGRTY Windeltasche, 2 St\u00fcck, Nappy Bags, Wet Dry Bags, Wet Dirty Laundry Bag, Waterproof Dry Wet Bag, Diaper Bag for Babies Swimming Camping Travel Gym Workout Beach"}]},{"@type":"WebSite","@id":"https:\/\/marktxxl.de\/markt\/#website","url":"https:\/\/marktxxl.de\/markt\/","name":"Markt-XXL","description":"Ihr Markt Online","publisher":{"@id":"https:\/\/marktxxl.de\/markt\/#organization"},"potentialAction":[{"@type":"SearchAction","target":{"@type":"EntryPoint","urlTemplate":"https:\/\/marktxxl.de\/markt\/?s={search_term_string}"},"query-input":{"@type":"PropertyValueSpecification","valueRequired":true,"valueName":"search_term_string"}}],"inLanguage":"de"},{"@type":"Organization","@id":"https:\/\/marktxxl.de\/markt\/#organization","name":"Markt-XXL","url":"https:\/\/marktxxl.de\/markt\/","logo":{"@type":"ImageObject","inLanguage":"de","@id":"https:\/\/marktxxl.de\/markt\/#\/schema\/logo\/image\/","url":"https:\/\/marktxxl.de\/markt\/wp-content\/uploads\/sites\/3\/2020\/12\/logo.png","contentUrl":"https:\/\/marktxxl.de\/markt\/wp-content\/uploads\/sites\/3\/2020\/12\/logo.png","width":200,"height":70,"caption":"Markt-XXL"},"image":{"@id":"https:\/\/marktxxl.de\/markt\/#\/schema\/logo\/image\/"}}]}},"_links":{"self":[{"href":"https:\/\/marktxxl.de\/markt\/wp-json\/wp\/v2\/product\/207335","targetHints":{"allow":["GET"]}}],"collection":[{"href":"https:\/\/marktxxl.de\/markt\/wp-json\/wp\/v2\/product"}],"about":[{"href":"https:\/\/marktxxl.de\/markt\/wp-json\/wp\/v2\/types\/product"}],"replies":[{"embeddable":true,"href":"https:\/\/marktxxl.de\/markt\/wp-json\/wp\/v2\/comments?post=207335"}],"wp:featuredmedia":[{"embeddable":true,"href":"https:\/\/marktxxl.de\/markt\/wp-json\/wp\/v2\/media\/207336"}],"wp:attachment":[{"href":"https:\/\/marktxxl.de\/markt\/wp-json\/wp\/v2\/media?parent=207335"}],"wp:term":[{"taxonomy":"product_brand","embeddable":true,"href":"https:\/\/marktxxl.de\/markt\/wp-json\/wp\/v2\/product_brand?post=207335"},{"taxonomy":"product_cat","embeddable":true,"href":"https:\/\/marktxxl.de\/markt\/wp-json\/wp\/v2\/product_cat?post=207335"},{"taxonomy":"product_tag","embeddable":true,"href":"https:\/\/marktxxl.de\/markt\/wp-json\/wp\/v2\/product_tag?post=207335"}],"curies":[{"name":"wp","href":"https:\/\/api.w.org\/{rel}","templated":true}]}}