{"id":207308,"date":"2024-05-29T02:22:42","date_gmt":"2024-05-29T00:22:42","guid":{"rendered":"https:\/\/marktxxl.de\/markt\/produkt\/avo-cado-biobaumwolle-prefolds-gr-2-inhalt-10-stueck-passen-in-one-size-ueberhosen-fuer-stoffwindeln-100-ungebleichte-oeko-tex-baumwolle\/"},"modified":"2024-05-29T02:22:42","modified_gmt":"2024-05-29T00:22:42","slug":"avo-cado-biobaumwolle-prefolds-gr-2-inhalt-10-stueck-passen-in-one-size-ueberhosen-fuer-stoffwindeln-100-ungebleichte-oeko-tex-baumwolle","status":"publish","type":"product","link":"https:\/\/marktxxl.de\/markt\/produkt\/avo-cado-biobaumwolle-prefolds-gr-2-inhalt-10-stueck-passen-in-one-size-ueberhosen-fuer-stoffwindeln-100-ungebleichte-oeko-tex-baumwolle\/","title":{"rendered":"avo + cado Biobaumwolle Prefolds Gr. 2 &#8211; Inhalt: 10 St\u00fcck &#8211; passen in One Size-\u00dcberhosen f\u00fcr Stoffwindeln &#8211; 100% ungebleichte \u00d6ko-Tex Baumwolle"},"content":{"rendered":"<p>avo + cado Prefolds aus ungebleichter Biobaumwolle sind eine kosteng\u00fcnstiges Wickelsystem f\u00fcr jeden der wenig ausgeben und trotzdem nicht auf nat\u00fcrliche Fasern verzichten m\u00f6chte<br \/>\nPasst von 5-16kg und in nahezu alle g\u00e4ngigen PUL-\u00dcberhosen und Woll\u00fcberhosen.<br \/>\n100% Baumwolle (Bio, ungebleicht, \u00d6ko-Tex zertifiziert).<br \/>\nPrefolds bieten viel Saugf\u00e4higkeit und ergeben trotzdem eine schlanke Windel. So passen normal geschnittene Hosen und Jeans meist noch gut \u00fcber die Stoffy.<br \/>\nWaschbar bis 90 Grad. (40-60 Grad reichen meistens jedoch v\u00f6llig aus.) Trocknergeeignet.<br \/>\n<div class=\"main-cross-sell\" data-asin=\"B08DNZVQ27\">\n\n\t<div class=\"WooZone-cross-sell-loader\">\n\t\t<div>\n\t\t\t<div id=\"floatingBarsG\">\n\t\t\t\t<div class=\"blockG\" id=\"rotateG_01\"><\/div>\n\t\t\t\t<div class=\"blockG\" id=\"rotateG_02\"><\/div>\n\t\t\t\t<div class=\"blockG\" id=\"rotateG_03\"><\/div>\n\t\t\t\t<div class=\"blockG\" id=\"rotateG_04\"><\/div>\n\t\t\t\t<div class=\"blockG\" id=\"rotateG_05\"><\/div>\n\t\t\t\t<div class=\"blockG\" id=\"rotateG_06\"><\/div>\n\t\t\t\t<div class=\"blockG\" id=\"rotateG_07\"><\/div>\n\t\t\t\t<div class=\"blockG\" id=\"rotateG_08\"><\/div>\n\t\t\t<\/div>\n\t\t\t<div class=\"WooZone-cross-sell-loader-text\"><\/div>\n\t\t<\/div>\n\t<\/div>\n\n\t\t\n<\/div>\n<div style=\"clear:both;\"><\/div><\/p>\n","protected":false},"excerpt":{"rendered":"<p>avo + cado Prefolds aus ungebleichter Biobaumwolle sind eine kosteng\u00fcnstiges Wickelsystem f\u00fcr jeden der wenig ausgeben und trotzdem nicht auf nat\u00fcrliche Fasern verzichten m\u00f6chte<br \/>\nPasst von 5-16kg und in nahezu alle g\u00e4ngigen PUL-\u00dcberhosen und Woll\u00fcberhosen.<br \/>\n100% Baumwolle (Bio, ungebleicht, \u00d6ko-Tex zertifiziert).<\/p>\n","protected":false},"featured_media":207309,"comment_status":"open","ping_status":"closed","template":"","meta":[],"product_brand":[],"product_cat":[21,9520],"product_tag":[],"class_list":{"0":"post-207308","1":"product","2":"type-product","3":"status-publish","4":"has-post-thumbnail","6":"product_cat-baby","7":"product_cat-wickeln-baby","8":"pa_brand-avo-plus-cado","9":"pa_color-beige","10":"pa_manufacturer-minzze-gmbh","11":"pa_size-10-stueck-1er-pack","12":"pa_weight-2-2266688462-pounds","14":"first","15":"instock","16":"shipping-taxable","17":"purchasable","18":"product-type-simple","19":"customify-col","20":"product-has-gallery"},"yoast_head":"<!-- This site is optimized with the Yoast SEO plugin v27.3 - https:\/\/yoast.com\/product\/yoast-seo-wordpress\/ -->\n<title>avo + cado Biobaumwolle Prefolds Gr. 2 - Inhalt: 10 St\u00fcck - passen in One Size-\u00dcberhosen f\u00fcr Stoffwindeln - 100% ungebleichte \u00d6ko-Tex Baumwolle - Markt-XXL<\/title>\n<meta name=\"description\" content=\"Markt-XXL avo + cado Biobaumwolle Prefolds Gr. 2 - Inhalt: 10 St\u00fcck - passen in One Size-\u00dcberhosen f\u00fcr Stoffwindeln - 100% ungebleichte \u00d6ko-Tex Baumwolle\" \/>\n<meta name=\"robots\" content=\"index, follow, max-snippet:-1, max-image-preview:large, max-video-preview:-1\" \/>\n<link rel=\"canonical\" href=\"https:\/\/marktxxl.de\/markt\/produkt\/avo-cado-biobaumwolle-prefolds-gr-2-inhalt-10-stueck-passen-in-one-size-ueberhosen-fuer-stoffwindeln-100-ungebleichte-oeko-tex-baumwolle\/\" \/>\n<meta property=\"og:locale\" content=\"de_DE\" \/>\n<meta property=\"og:type\" content=\"article\" \/>\n<meta property=\"og:title\" content=\"avo + cado Biobaumwolle Prefolds Gr. 2 - Inhalt: 10 St\u00fcck - passen in One Size-\u00dcberhosen f\u00fcr Stoffwindeln - 100% ungebleichte \u00d6ko-Tex Baumwolle - Markt-XXL\" \/>\n<meta property=\"og:description\" content=\"Markt-XXL avo + cado Biobaumwolle Prefolds Gr. 2 - Inhalt: 10 St\u00fcck - passen in One Size-\u00dcberhosen f\u00fcr Stoffwindeln - 100% ungebleichte \u00d6ko-Tex Baumwolle\" \/>\n<meta property=\"og:url\" content=\"https:\/\/marktxxl.de\/markt\/produkt\/avo-cado-biobaumwolle-prefolds-gr-2-inhalt-10-stueck-passen-in-one-size-ueberhosen-fuer-stoffwindeln-100-ungebleichte-oeko-tex-baumwolle\/\" \/>\n<meta property=\"og:site_name\" content=\"Markt-XXL\" \/>\n<meta name=\"twitter:card\" content=\"summary_large_image\" \/>\n<script type=\"application\/ld+json\" class=\"yoast-schema-graph\">{\"@context\":\"https:\\\/\\\/schema.org\",\"@graph\":[{\"@type\":\"WebPage\",\"@id\":\"https:\\\/\\\/marktxxl.de\\\/markt\\\/produkt\\\/avo-cado-biobaumwolle-prefolds-gr-2-inhalt-10-stueck-passen-in-one-size-ueberhosen-fuer-stoffwindeln-100-ungebleichte-oeko-tex-baumwolle\\\/\",\"url\":\"https:\\\/\\\/marktxxl.de\\\/markt\\\/produkt\\\/avo-cado-biobaumwolle-prefolds-gr-2-inhalt-10-stueck-passen-in-one-size-ueberhosen-fuer-stoffwindeln-100-ungebleichte-oeko-tex-baumwolle\\\/\",\"name\":\"avo + cado Biobaumwolle Prefolds Gr. 2 - Inhalt: 10 St\u00fcck - passen in One Size-\u00dcberhosen f\u00fcr Stoffwindeln - 100% ungebleichte \u00d6ko-Tex Baumwolle - Markt-XXL\",\"isPartOf\":{\"@id\":\"https:\\\/\\\/marktxxl.de\\\/markt\\\/#website\"},\"primaryImageOfPage\":{\"@id\":\"https:\\\/\\\/marktxxl.de\\\/markt\\\/produkt\\\/avo-cado-biobaumwolle-prefolds-gr-2-inhalt-10-stueck-passen-in-one-size-ueberhosen-fuer-stoffwindeln-100-ungebleichte-oeko-tex-baumwolle\\\/#primaryimage\"},\"image\":{\"@id\":\"https:\\\/\\\/marktxxl.de\\\/markt\\\/produkt\\\/avo-cado-biobaumwolle-prefolds-gr-2-inhalt-10-stueck-passen-in-one-size-ueberhosen-fuer-stoffwindeln-100-ungebleichte-oeko-tex-baumwolle\\\/#primaryimage\"},\"thumbnailUrl\":\"https:\\\/\\\/m.media-amazon.com\\\/images\\\/I\\\/41FNUQEnSPL._SL500_.jpg\",\"datePublished\":\"2024-05-29T00:22:42+00:00\",\"description\":\"Markt-XXL avo + cado Biobaumwolle Prefolds Gr. 2 - Inhalt: 10 St\u00fcck - passen in One Size-\u00dcberhosen f\u00fcr Stoffwindeln - 100% ungebleichte \u00d6ko-Tex Baumwolle\",\"breadcrumb\":{\"@id\":\"https:\\\/\\\/marktxxl.de\\\/markt\\\/produkt\\\/avo-cado-biobaumwolle-prefolds-gr-2-inhalt-10-stueck-passen-in-one-size-ueberhosen-fuer-stoffwindeln-100-ungebleichte-oeko-tex-baumwolle\\\/#breadcrumb\"},\"inLanguage\":\"de\",\"potentialAction\":[{\"@type\":\"ReadAction\",\"target\":[\"https:\\\/\\\/marktxxl.de\\\/markt\\\/produkt\\\/avo-cado-biobaumwolle-prefolds-gr-2-inhalt-10-stueck-passen-in-one-size-ueberhosen-fuer-stoffwindeln-100-ungebleichte-oeko-tex-baumwolle\\\/\"]}]},{\"@type\":\"ImageObject\",\"inLanguage\":\"de\",\"@id\":\"https:\\\/\\\/marktxxl.de\\\/markt\\\/produkt\\\/avo-cado-biobaumwolle-prefolds-gr-2-inhalt-10-stueck-passen-in-one-size-ueberhosen-fuer-stoffwindeln-100-ungebleichte-oeko-tex-baumwolle\\\/#primaryimage\",\"url\":\"https:\\\/\\\/m.media-amazon.com\\\/images\\\/I\\\/41FNUQEnSPL._SL500_.jpg\",\"contentUrl\":\"https:\\\/\\\/m.media-amazon.com\\\/images\\\/I\\\/41FNUQEnSPL._SL500_.jpg\",\"width\":500,\"height\":500},{\"@type\":\"BreadcrumbList\",\"@id\":\"https:\\\/\\\/marktxxl.de\\\/markt\\\/produkt\\\/avo-cado-biobaumwolle-prefolds-gr-2-inhalt-10-stueck-passen-in-one-size-ueberhosen-fuer-stoffwindeln-100-ungebleichte-oeko-tex-baumwolle\\\/#breadcrumb\",\"itemListElement\":[{\"@type\":\"ListItem\",\"position\":1,\"name\":\"Startseite\",\"item\":\"https:\\\/\\\/marktxxl.de\\\/markt\\\/\"},{\"@type\":\"ListItem\",\"position\":2,\"name\":\"Markt\",\"item\":\"https:\\\/\\\/marktxxl.de\\\/markt\\\/\"},{\"@type\":\"ListItem\",\"position\":3,\"name\":\"avo + cado Biobaumwolle Prefolds Gr. 2 &#8211; Inhalt: 10 St\u00fcck &#8211; passen in One Size-\u00dcberhosen f\u00fcr Stoffwindeln &#8211; 100% ungebleichte \u00d6ko-Tex Baumwolle\"}]},{\"@type\":\"WebSite\",\"@id\":\"https:\\\/\\\/marktxxl.de\\\/markt\\\/#website\",\"url\":\"https:\\\/\\\/marktxxl.de\\\/markt\\\/\",\"name\":\"Markt-XXL\",\"description\":\"Ihr Markt Online\",\"publisher\":{\"@id\":\"https:\\\/\\\/marktxxl.de\\\/markt\\\/#organization\"},\"potentialAction\":[{\"@type\":\"SearchAction\",\"target\":{\"@type\":\"EntryPoint\",\"urlTemplate\":\"https:\\\/\\\/marktxxl.de\\\/markt\\\/?s={search_term_string}\"},\"query-input\":{\"@type\":\"PropertyValueSpecification\",\"valueRequired\":true,\"valueName\":\"search_term_string\"}}],\"inLanguage\":\"de\"},{\"@type\":\"Organization\",\"@id\":\"https:\\\/\\\/marktxxl.de\\\/markt\\\/#organization\",\"name\":\"Markt-XXL\",\"url\":\"https:\\\/\\\/marktxxl.de\\\/markt\\\/\",\"logo\":{\"@type\":\"ImageObject\",\"inLanguage\":\"de\",\"@id\":\"https:\\\/\\\/marktxxl.de\\\/markt\\\/#\\\/schema\\\/logo\\\/image\\\/\",\"url\":\"https:\\\/\\\/marktxxl.de\\\/markt\\\/wp-content\\\/uploads\\\/sites\\\/3\\\/2020\\\/12\\\/logo.png\",\"contentUrl\":\"https:\\\/\\\/marktxxl.de\\\/markt\\\/wp-content\\\/uploads\\\/sites\\\/3\\\/2020\\\/12\\\/logo.png\",\"width\":200,\"height\":70,\"caption\":\"Markt-XXL\"},\"image\":{\"@id\":\"https:\\\/\\\/marktxxl.de\\\/markt\\\/#\\\/schema\\\/logo\\\/image\\\/\"}}]}<\/script>\n<!-- \/ Yoast SEO plugin. -->","yoast_head_json":{"title":"avo + cado Biobaumwolle Prefolds Gr. 2 - Inhalt: 10 St\u00fcck - passen in One Size-\u00dcberhosen f\u00fcr Stoffwindeln - 100% ungebleichte \u00d6ko-Tex Baumwolle - Markt-XXL","description":"Markt-XXL avo + cado Biobaumwolle Prefolds Gr. 2 - Inhalt: 10 St\u00fcck - passen in One Size-\u00dcberhosen f\u00fcr Stoffwindeln - 100% ungebleichte \u00d6ko-Tex Baumwolle","robots":{"index":"index","follow":"follow","max-snippet":"max-snippet:-1","max-image-preview":"max-image-preview:large","max-video-preview":"max-video-preview:-1"},"canonical":"https:\/\/marktxxl.de\/markt\/produkt\/avo-cado-biobaumwolle-prefolds-gr-2-inhalt-10-stueck-passen-in-one-size-ueberhosen-fuer-stoffwindeln-100-ungebleichte-oeko-tex-baumwolle\/","og_locale":"de_DE","og_type":"article","og_title":"avo + cado Biobaumwolle Prefolds Gr. 2 - Inhalt: 10 St\u00fcck - passen in One Size-\u00dcberhosen f\u00fcr Stoffwindeln - 100% ungebleichte \u00d6ko-Tex Baumwolle - Markt-XXL","og_description":"Markt-XXL avo + cado Biobaumwolle Prefolds Gr. 2 - Inhalt: 10 St\u00fcck - passen in One Size-\u00dcberhosen f\u00fcr Stoffwindeln - 100% ungebleichte \u00d6ko-Tex Baumwolle","og_url":"https:\/\/marktxxl.de\/markt\/produkt\/avo-cado-biobaumwolle-prefolds-gr-2-inhalt-10-stueck-passen-in-one-size-ueberhosen-fuer-stoffwindeln-100-ungebleichte-oeko-tex-baumwolle\/","og_site_name":"Markt-XXL","twitter_card":"summary_large_image","schema":{"@context":"https:\/\/schema.org","@graph":[{"@type":"WebPage","@id":"https:\/\/marktxxl.de\/markt\/produkt\/avo-cado-biobaumwolle-prefolds-gr-2-inhalt-10-stueck-passen-in-one-size-ueberhosen-fuer-stoffwindeln-100-ungebleichte-oeko-tex-baumwolle\/","url":"https:\/\/marktxxl.de\/markt\/produkt\/avo-cado-biobaumwolle-prefolds-gr-2-inhalt-10-stueck-passen-in-one-size-ueberhosen-fuer-stoffwindeln-100-ungebleichte-oeko-tex-baumwolle\/","name":"avo + cado Biobaumwolle Prefolds Gr. 2 - Inhalt: 10 St\u00fcck - passen in One Size-\u00dcberhosen f\u00fcr Stoffwindeln - 100% ungebleichte \u00d6ko-Tex Baumwolle - Markt-XXL","isPartOf":{"@id":"https:\/\/marktxxl.de\/markt\/#website"},"primaryImageOfPage":{"@id":"https:\/\/marktxxl.de\/markt\/produkt\/avo-cado-biobaumwolle-prefolds-gr-2-inhalt-10-stueck-passen-in-one-size-ueberhosen-fuer-stoffwindeln-100-ungebleichte-oeko-tex-baumwolle\/#primaryimage"},"image":{"@id":"https:\/\/marktxxl.de\/markt\/produkt\/avo-cado-biobaumwolle-prefolds-gr-2-inhalt-10-stueck-passen-in-one-size-ueberhosen-fuer-stoffwindeln-100-ungebleichte-oeko-tex-baumwolle\/#primaryimage"},"thumbnailUrl":"https:\/\/m.media-amazon.com\/images\/I\/41FNUQEnSPL._SL500_.jpg","datePublished":"2024-05-29T00:22:42+00:00","description":"Markt-XXL avo + cado Biobaumwolle Prefolds Gr. 2 - Inhalt: 10 St\u00fcck - passen in One Size-\u00dcberhosen f\u00fcr Stoffwindeln - 100% ungebleichte \u00d6ko-Tex Baumwolle","breadcrumb":{"@id":"https:\/\/marktxxl.de\/markt\/produkt\/avo-cado-biobaumwolle-prefolds-gr-2-inhalt-10-stueck-passen-in-one-size-ueberhosen-fuer-stoffwindeln-100-ungebleichte-oeko-tex-baumwolle\/#breadcrumb"},"inLanguage":"de","potentialAction":[{"@type":"ReadAction","target":["https:\/\/marktxxl.de\/markt\/produkt\/avo-cado-biobaumwolle-prefolds-gr-2-inhalt-10-stueck-passen-in-one-size-ueberhosen-fuer-stoffwindeln-100-ungebleichte-oeko-tex-baumwolle\/"]}]},{"@type":"ImageObject","inLanguage":"de","@id":"https:\/\/marktxxl.de\/markt\/produkt\/avo-cado-biobaumwolle-prefolds-gr-2-inhalt-10-stueck-passen-in-one-size-ueberhosen-fuer-stoffwindeln-100-ungebleichte-oeko-tex-baumwolle\/#primaryimage","url":"https:\/\/m.media-amazon.com\/images\/I\/41FNUQEnSPL._SL500_.jpg","contentUrl":"https:\/\/m.media-amazon.com\/images\/I\/41FNUQEnSPL._SL500_.jpg","width":500,"height":500},{"@type":"BreadcrumbList","@id":"https:\/\/marktxxl.de\/markt\/produkt\/avo-cado-biobaumwolle-prefolds-gr-2-inhalt-10-stueck-passen-in-one-size-ueberhosen-fuer-stoffwindeln-100-ungebleichte-oeko-tex-baumwolle\/#breadcrumb","itemListElement":[{"@type":"ListItem","position":1,"name":"Startseite","item":"https:\/\/marktxxl.de\/markt\/"},{"@type":"ListItem","position":2,"name":"Markt","item":"https:\/\/marktxxl.de\/markt\/"},{"@type":"ListItem","position":3,"name":"avo + cado Biobaumwolle Prefolds Gr. 2 &#8211; Inhalt: 10 St\u00fcck &#8211; passen in One Size-\u00dcberhosen f\u00fcr Stoffwindeln &#8211; 100% ungebleichte \u00d6ko-Tex Baumwolle"}]},{"@type":"WebSite","@id":"https:\/\/marktxxl.de\/markt\/#website","url":"https:\/\/marktxxl.de\/markt\/","name":"Markt-XXL","description":"Ihr Markt Online","publisher":{"@id":"https:\/\/marktxxl.de\/markt\/#organization"},"potentialAction":[{"@type":"SearchAction","target":{"@type":"EntryPoint","urlTemplate":"https:\/\/marktxxl.de\/markt\/?s={search_term_string}"},"query-input":{"@type":"PropertyValueSpecification","valueRequired":true,"valueName":"search_term_string"}}],"inLanguage":"de"},{"@type":"Organization","@id":"https:\/\/marktxxl.de\/markt\/#organization","name":"Markt-XXL","url":"https:\/\/marktxxl.de\/markt\/","logo":{"@type":"ImageObject","inLanguage":"de","@id":"https:\/\/marktxxl.de\/markt\/#\/schema\/logo\/image\/","url":"https:\/\/marktxxl.de\/markt\/wp-content\/uploads\/sites\/3\/2020\/12\/logo.png","contentUrl":"https:\/\/marktxxl.de\/markt\/wp-content\/uploads\/sites\/3\/2020\/12\/logo.png","width":200,"height":70,"caption":"Markt-XXL"},"image":{"@id":"https:\/\/marktxxl.de\/markt\/#\/schema\/logo\/image\/"}}]}},"_links":{"self":[{"href":"https:\/\/marktxxl.de\/markt\/wp-json\/wp\/v2\/product\/207308","targetHints":{"allow":["GET"]}}],"collection":[{"href":"https:\/\/marktxxl.de\/markt\/wp-json\/wp\/v2\/product"}],"about":[{"href":"https:\/\/marktxxl.de\/markt\/wp-json\/wp\/v2\/types\/product"}],"replies":[{"embeddable":true,"href":"https:\/\/marktxxl.de\/markt\/wp-json\/wp\/v2\/comments?post=207308"}],"wp:featuredmedia":[{"embeddable":true,"href":"https:\/\/marktxxl.de\/markt\/wp-json\/wp\/v2\/media\/207309"}],"wp:attachment":[{"href":"https:\/\/marktxxl.de\/markt\/wp-json\/wp\/v2\/media?parent=207308"}],"wp:term":[{"taxonomy":"product_brand","embeddable":true,"href":"https:\/\/marktxxl.de\/markt\/wp-json\/wp\/v2\/product_brand?post=207308"},{"taxonomy":"product_cat","embeddable":true,"href":"https:\/\/marktxxl.de\/markt\/wp-json\/wp\/v2\/product_cat?post=207308"},{"taxonomy":"product_tag","embeddable":true,"href":"https:\/\/marktxxl.de\/markt\/wp-json\/wp\/v2\/product_tag?post=207308"}],"curies":[{"name":"wp","href":"https:\/\/api.w.org\/{rel}","templated":true}]}}