{"id":207290,"date":"2024-05-29T02:22:28","date_gmt":"2024-05-29T00:22:28","guid":{"rendered":"https:\/\/marktxxl.de\/markt\/produkt\/diaper-genie-playtex-clean-waeschebeutel-ideal-fuer-windel-eimer-geschenkset-8-stueck-2160-stueck\/"},"modified":"2024-05-29T02:22:28","modified_gmt":"2024-05-29T00:22:28","slug":"diaper-genie-playtex-clean-waeschebeutel-ideal-fuer-windel-eimer-geschenkset-8-stueck-2160-stueck","status":"publish","type":"product","link":"https:\/\/marktxxl.de\/markt\/produkt\/diaper-genie-playtex-clean-waeschebeutel-ideal-fuer-windel-eimer-geschenkset-8-stueck-2160-stueck\/","title":{"rendered":"Diaper Genie Playtex Clean W\u00e4schebeutel, ideal f\u00fcr Windel-Eimer, Geschenkset, 8 St\u00fcck, 2160 St\u00fcck"},"content":{"rendered":"<p>Diaper Genie Clean Laundry Scent Nachf\u00fcllpackungen mit Max Odor Lock enth\u00e4lt ein integriertes antimikrobielles Mittel zum Schutz vor Keimen und eine langlebige 7-lagige Folie zum Einschlie\u00dfen von Ger\u00fcchen<br \/>\nClean Laundry Scent helps neutralize strong diaper odors to keep your nursery smelling fresh<br \/>\nDiaper Genie Nachf\u00fcllpackungen haben einen blickdichten blauen Einsatz, der schmutzige Windeln beim Entleeren verdeckt, damit Sie keine gro\u00dfen Ausbr\u00fcche sehen<br \/>\nJeder durchgehende Nachf\u00fcllbeutelring fasst bis zu 270 Windeln in Neugeborenengr\u00f6\u00dfe, so dass Sie die Flexibilit\u00e4t haben, den Beutel so oft Sie wollen zu wechseln, was weniger Ausfl\u00fcge in den M\u00fclleimer bedeutet<br \/>\n1 Jahr Vorrat \u2013 enth\u00e4lt 8 Diaper Genie Clean Laundry Scent Nachf\u00fcllringe \u2013 bis zu 2160 neugeborene Windeln. Nur Diaper Genie Nachf\u00fcllpackungen sind speziell f\u00fcr alle Diaper Genie Eimer f\u00fcr ultimativen Geruchs- und Keimschutz entwickelt<br \/>\n<div class=\"main-cross-sell\" data-asin=\"B094ZB299W\">\n\n\t<div class=\"WooZone-cross-sell-loader\">\n\t\t<div>\n\t\t\t<div id=\"floatingBarsG\">\n\t\t\t\t<div class=\"blockG\" id=\"rotateG_01\"><\/div>\n\t\t\t\t<div class=\"blockG\" id=\"rotateG_02\"><\/div>\n\t\t\t\t<div class=\"blockG\" id=\"rotateG_03\"><\/div>\n\t\t\t\t<div class=\"blockG\" id=\"rotateG_04\"><\/div>\n\t\t\t\t<div class=\"blockG\" id=\"rotateG_05\"><\/div>\n\t\t\t\t<div class=\"blockG\" id=\"rotateG_06\"><\/div>\n\t\t\t\t<div class=\"blockG\" id=\"rotateG_07\"><\/div>\n\t\t\t\t<div class=\"blockG\" id=\"rotateG_08\"><\/div>\n\t\t\t<\/div>\n\t\t\t<div class=\"WooZone-cross-sell-loader-text\"><\/div>\n\t\t<\/div>\n\t<\/div>\n\n\t\t\n<\/div>\n<div style=\"clear:both;\"><\/div><\/p>\n","protected":false},"excerpt":{"rendered":"<p>Diaper Genie Clean Laundry Scent Nachf\u00fcllpackungen mit Max Odor Lock enth\u00e4lt ein integriertes antimikrobielles Mittel zum Schutz vor Keimen und eine langlebige 7-lagige Folie zum Einschlie\u00dfen von Ger\u00fcchen<br \/>\nClean Laundry Scent helps neutralize strong diaper odors to keep your nursery smelling fresh<br \/>\nDiaper Genie Nachf\u00fcllpackungen haben einen blickdichten blauen Einsatz, der schmutzige Windeln beim Entleeren verdeckt, damit Sie keine gro\u00dfen Ausbr\u00fcche sehen<\/p>\n","protected":false},"featured_media":207291,"comment_status":"open","ping_status":"closed","template":"","meta":[],"product_brand":[],"product_cat":[21,9520],"product_tag":[],"class_list":{"0":"post-207290","1":"product","2":"type-product","3":"status-publish","4":"has-post-thumbnail","6":"product_cat-baby","7":"product_cat-wickeln-baby","8":"pa_binding-werkzeug","9":"pa_brand-diaper-genie","10":"pa_color-blau","11":"pa_height-6-75-zoll","12":"pa_length-6-75-zoll","13":"pa_manufacturer-amazonus-q05tb","14":"pa_model-52276","15":"pa_weight-2-49-pounds","16":"pa_width-15-44-zoll","18":"first","19":"instock","20":"shipping-taxable","21":"purchasable","22":"product-type-simple","23":"customify-col","24":"product-has-gallery"},"yoast_head":"<!-- This site is optimized with the Yoast SEO plugin v27.4 - https:\/\/yoast.com\/product\/yoast-seo-wordpress\/ -->\n<title>Diaper Genie Playtex Clean W\u00e4schebeutel, ideal f\u00fcr Windel-Eimer, Geschenkset, 8 St\u00fcck, 2160 St\u00fcck - Markt-XXL<\/title>\n<meta name=\"description\" content=\"Markt-XXL Diaper Genie Playtex Clean W\u00e4schebeutel, ideal f\u00fcr Windel-Eimer, Geschenkset, 8 St\u00fcck, 2160 St\u00fcck\" \/>\n<meta name=\"robots\" content=\"index, follow, max-snippet:-1, max-image-preview:large, max-video-preview:-1\" \/>\n<link rel=\"canonical\" href=\"https:\/\/marktxxl.de\/markt\/produkt\/diaper-genie-playtex-clean-waeschebeutel-ideal-fuer-windel-eimer-geschenkset-8-stueck-2160-stueck\/\" \/>\n<meta property=\"og:locale\" content=\"de_DE\" \/>\n<meta property=\"og:type\" content=\"article\" \/>\n<meta property=\"og:title\" content=\"Diaper Genie Playtex Clean W\u00e4schebeutel, ideal f\u00fcr Windel-Eimer, Geschenkset, 8 St\u00fcck, 2160 St\u00fcck - Markt-XXL\" \/>\n<meta property=\"og:description\" content=\"Markt-XXL Diaper Genie Playtex Clean W\u00e4schebeutel, ideal f\u00fcr Windel-Eimer, Geschenkset, 8 St\u00fcck, 2160 St\u00fcck\" \/>\n<meta property=\"og:url\" content=\"https:\/\/marktxxl.de\/markt\/produkt\/diaper-genie-playtex-clean-waeschebeutel-ideal-fuer-windel-eimer-geschenkset-8-stueck-2160-stueck\/\" \/>\n<meta property=\"og:site_name\" content=\"Markt-XXL\" \/>\n<meta name=\"twitter:card\" content=\"summary_large_image\" \/>\n<meta name=\"twitter:label1\" content=\"Gesch\u00e4tzte Lesezeit\" \/>\n\t<meta name=\"twitter:data1\" content=\"1\u00a0Minute\" \/>\n<script type=\"application\/ld+json\" class=\"yoast-schema-graph\">{\"@context\":\"https:\\\/\\\/schema.org\",\"@graph\":[{\"@type\":\"WebPage\",\"@id\":\"https:\\\/\\\/marktxxl.de\\\/markt\\\/produkt\\\/diaper-genie-playtex-clean-waeschebeutel-ideal-fuer-windel-eimer-geschenkset-8-stueck-2160-stueck\\\/\",\"url\":\"https:\\\/\\\/marktxxl.de\\\/markt\\\/produkt\\\/diaper-genie-playtex-clean-waeschebeutel-ideal-fuer-windel-eimer-geschenkset-8-stueck-2160-stueck\\\/\",\"name\":\"Diaper Genie Playtex Clean W\u00e4schebeutel, ideal f\u00fcr Windel-Eimer, Geschenkset, 8 St\u00fcck, 2160 St\u00fcck - Markt-XXL\",\"isPartOf\":{\"@id\":\"https:\\\/\\\/marktxxl.de\\\/markt\\\/#website\"},\"primaryImageOfPage\":{\"@id\":\"https:\\\/\\\/marktxxl.de\\\/markt\\\/produkt\\\/diaper-genie-playtex-clean-waeschebeutel-ideal-fuer-windel-eimer-geschenkset-8-stueck-2160-stueck\\\/#primaryimage\"},\"image\":{\"@id\":\"https:\\\/\\\/marktxxl.de\\\/markt\\\/produkt\\\/diaper-genie-playtex-clean-waeschebeutel-ideal-fuer-windel-eimer-geschenkset-8-stueck-2160-stueck\\\/#primaryimage\"},\"thumbnailUrl\":\"https:\\\/\\\/m.media-amazon.com\\\/images\\\/I\\\/41Hl0g0x9WL._SL500_.jpg\",\"datePublished\":\"2024-05-29T00:22:28+00:00\",\"description\":\"Markt-XXL Diaper Genie Playtex Clean W\u00e4schebeutel, ideal f\u00fcr Windel-Eimer, Geschenkset, 8 St\u00fcck, 2160 St\u00fcck\",\"breadcrumb\":{\"@id\":\"https:\\\/\\\/marktxxl.de\\\/markt\\\/produkt\\\/diaper-genie-playtex-clean-waeschebeutel-ideal-fuer-windel-eimer-geschenkset-8-stueck-2160-stueck\\\/#breadcrumb\"},\"inLanguage\":\"de\",\"potentialAction\":[{\"@type\":\"ReadAction\",\"target\":[\"https:\\\/\\\/marktxxl.de\\\/markt\\\/produkt\\\/diaper-genie-playtex-clean-waeschebeutel-ideal-fuer-windel-eimer-geschenkset-8-stueck-2160-stueck\\\/\"]}]},{\"@type\":\"ImageObject\",\"inLanguage\":\"de\",\"@id\":\"https:\\\/\\\/marktxxl.de\\\/markt\\\/produkt\\\/diaper-genie-playtex-clean-waeschebeutel-ideal-fuer-windel-eimer-geschenkset-8-stueck-2160-stueck\\\/#primaryimage\",\"url\":\"https:\\\/\\\/m.media-amazon.com\\\/images\\\/I\\\/41Hl0g0x9WL._SL500_.jpg\",\"contentUrl\":\"https:\\\/\\\/m.media-amazon.com\\\/images\\\/I\\\/41Hl0g0x9WL._SL500_.jpg\",\"width\":500,\"height\":500},{\"@type\":\"BreadcrumbList\",\"@id\":\"https:\\\/\\\/marktxxl.de\\\/markt\\\/produkt\\\/diaper-genie-playtex-clean-waeschebeutel-ideal-fuer-windel-eimer-geschenkset-8-stueck-2160-stueck\\\/#breadcrumb\",\"itemListElement\":[{\"@type\":\"ListItem\",\"position\":1,\"name\":\"Startseite\",\"item\":\"https:\\\/\\\/marktxxl.de\\\/markt\\\/\"},{\"@type\":\"ListItem\",\"position\":2,\"name\":\"Markt\",\"item\":\"https:\\\/\\\/marktxxl.de\\\/markt\\\/\"},{\"@type\":\"ListItem\",\"position\":3,\"name\":\"Diaper Genie Playtex Clean W\u00e4schebeutel, ideal f\u00fcr Windel-Eimer, Geschenkset, 8 St\u00fcck, 2160 St\u00fcck\"}]},{\"@type\":\"WebSite\",\"@id\":\"https:\\\/\\\/marktxxl.de\\\/markt\\\/#website\",\"url\":\"https:\\\/\\\/marktxxl.de\\\/markt\\\/\",\"name\":\"Markt-XXL\",\"description\":\"Ihr Markt Online\",\"publisher\":{\"@id\":\"https:\\\/\\\/marktxxl.de\\\/markt\\\/#organization\"},\"potentialAction\":[{\"@type\":\"SearchAction\",\"target\":{\"@type\":\"EntryPoint\",\"urlTemplate\":\"https:\\\/\\\/marktxxl.de\\\/markt\\\/?s={search_term_string}\"},\"query-input\":{\"@type\":\"PropertyValueSpecification\",\"valueRequired\":true,\"valueName\":\"search_term_string\"}}],\"inLanguage\":\"de\"},{\"@type\":\"Organization\",\"@id\":\"https:\\\/\\\/marktxxl.de\\\/markt\\\/#organization\",\"name\":\"Markt-XXL\",\"url\":\"https:\\\/\\\/marktxxl.de\\\/markt\\\/\",\"logo\":{\"@type\":\"ImageObject\",\"inLanguage\":\"de\",\"@id\":\"https:\\\/\\\/marktxxl.de\\\/markt\\\/#\\\/schema\\\/logo\\\/image\\\/\",\"url\":\"https:\\\/\\\/marktxxl.de\\\/markt\\\/wp-content\\\/uploads\\\/sites\\\/3\\\/2020\\\/12\\\/logo.png\",\"contentUrl\":\"https:\\\/\\\/marktxxl.de\\\/markt\\\/wp-content\\\/uploads\\\/sites\\\/3\\\/2020\\\/12\\\/logo.png\",\"width\":200,\"height\":70,\"caption\":\"Markt-XXL\"},\"image\":{\"@id\":\"https:\\\/\\\/marktxxl.de\\\/markt\\\/#\\\/schema\\\/logo\\\/image\\\/\"}}]}<\/script>\n<!-- \/ Yoast SEO plugin. -->","yoast_head_json":{"title":"Diaper Genie Playtex Clean W\u00e4schebeutel, ideal f\u00fcr Windel-Eimer, Geschenkset, 8 St\u00fcck, 2160 St\u00fcck - Markt-XXL","description":"Markt-XXL Diaper Genie Playtex Clean W\u00e4schebeutel, ideal f\u00fcr Windel-Eimer, Geschenkset, 8 St\u00fcck, 2160 St\u00fcck","robots":{"index":"index","follow":"follow","max-snippet":"max-snippet:-1","max-image-preview":"max-image-preview:large","max-video-preview":"max-video-preview:-1"},"canonical":"https:\/\/marktxxl.de\/markt\/produkt\/diaper-genie-playtex-clean-waeschebeutel-ideal-fuer-windel-eimer-geschenkset-8-stueck-2160-stueck\/","og_locale":"de_DE","og_type":"article","og_title":"Diaper Genie Playtex Clean W\u00e4schebeutel, ideal f\u00fcr Windel-Eimer, Geschenkset, 8 St\u00fcck, 2160 St\u00fcck - Markt-XXL","og_description":"Markt-XXL Diaper Genie Playtex Clean W\u00e4schebeutel, ideal f\u00fcr Windel-Eimer, Geschenkset, 8 St\u00fcck, 2160 St\u00fcck","og_url":"https:\/\/marktxxl.de\/markt\/produkt\/diaper-genie-playtex-clean-waeschebeutel-ideal-fuer-windel-eimer-geschenkset-8-stueck-2160-stueck\/","og_site_name":"Markt-XXL","twitter_card":"summary_large_image","twitter_misc":{"Gesch\u00e4tzte Lesezeit":"1\u00a0Minute"},"schema":{"@context":"https:\/\/schema.org","@graph":[{"@type":"WebPage","@id":"https:\/\/marktxxl.de\/markt\/produkt\/diaper-genie-playtex-clean-waeschebeutel-ideal-fuer-windel-eimer-geschenkset-8-stueck-2160-stueck\/","url":"https:\/\/marktxxl.de\/markt\/produkt\/diaper-genie-playtex-clean-waeschebeutel-ideal-fuer-windel-eimer-geschenkset-8-stueck-2160-stueck\/","name":"Diaper Genie Playtex Clean W\u00e4schebeutel, ideal f\u00fcr Windel-Eimer, Geschenkset, 8 St\u00fcck, 2160 St\u00fcck - Markt-XXL","isPartOf":{"@id":"https:\/\/marktxxl.de\/markt\/#website"},"primaryImageOfPage":{"@id":"https:\/\/marktxxl.de\/markt\/produkt\/diaper-genie-playtex-clean-waeschebeutel-ideal-fuer-windel-eimer-geschenkset-8-stueck-2160-stueck\/#primaryimage"},"image":{"@id":"https:\/\/marktxxl.de\/markt\/produkt\/diaper-genie-playtex-clean-waeschebeutel-ideal-fuer-windel-eimer-geschenkset-8-stueck-2160-stueck\/#primaryimage"},"thumbnailUrl":"https:\/\/m.media-amazon.com\/images\/I\/41Hl0g0x9WL._SL500_.jpg","datePublished":"2024-05-29T00:22:28+00:00","description":"Markt-XXL Diaper Genie Playtex Clean W\u00e4schebeutel, ideal f\u00fcr Windel-Eimer, Geschenkset, 8 St\u00fcck, 2160 St\u00fcck","breadcrumb":{"@id":"https:\/\/marktxxl.de\/markt\/produkt\/diaper-genie-playtex-clean-waeschebeutel-ideal-fuer-windel-eimer-geschenkset-8-stueck-2160-stueck\/#breadcrumb"},"inLanguage":"de","potentialAction":[{"@type":"ReadAction","target":["https:\/\/marktxxl.de\/markt\/produkt\/diaper-genie-playtex-clean-waeschebeutel-ideal-fuer-windel-eimer-geschenkset-8-stueck-2160-stueck\/"]}]},{"@type":"ImageObject","inLanguage":"de","@id":"https:\/\/marktxxl.de\/markt\/produkt\/diaper-genie-playtex-clean-waeschebeutel-ideal-fuer-windel-eimer-geschenkset-8-stueck-2160-stueck\/#primaryimage","url":"https:\/\/m.media-amazon.com\/images\/I\/41Hl0g0x9WL._SL500_.jpg","contentUrl":"https:\/\/m.media-amazon.com\/images\/I\/41Hl0g0x9WL._SL500_.jpg","width":500,"height":500},{"@type":"BreadcrumbList","@id":"https:\/\/marktxxl.de\/markt\/produkt\/diaper-genie-playtex-clean-waeschebeutel-ideal-fuer-windel-eimer-geschenkset-8-stueck-2160-stueck\/#breadcrumb","itemListElement":[{"@type":"ListItem","position":1,"name":"Startseite","item":"https:\/\/marktxxl.de\/markt\/"},{"@type":"ListItem","position":2,"name":"Markt","item":"https:\/\/marktxxl.de\/markt\/"},{"@type":"ListItem","position":3,"name":"Diaper Genie Playtex Clean W\u00e4schebeutel, ideal f\u00fcr Windel-Eimer, Geschenkset, 8 St\u00fcck, 2160 St\u00fcck"}]},{"@type":"WebSite","@id":"https:\/\/marktxxl.de\/markt\/#website","url":"https:\/\/marktxxl.de\/markt\/","name":"Markt-XXL","description":"Ihr Markt Online","publisher":{"@id":"https:\/\/marktxxl.de\/markt\/#organization"},"potentialAction":[{"@type":"SearchAction","target":{"@type":"EntryPoint","urlTemplate":"https:\/\/marktxxl.de\/markt\/?s={search_term_string}"},"query-input":{"@type":"PropertyValueSpecification","valueRequired":true,"valueName":"search_term_string"}}],"inLanguage":"de"},{"@type":"Organization","@id":"https:\/\/marktxxl.de\/markt\/#organization","name":"Markt-XXL","url":"https:\/\/marktxxl.de\/markt\/","logo":{"@type":"ImageObject","inLanguage":"de","@id":"https:\/\/marktxxl.de\/markt\/#\/schema\/logo\/image\/","url":"https:\/\/marktxxl.de\/markt\/wp-content\/uploads\/sites\/3\/2020\/12\/logo.png","contentUrl":"https:\/\/marktxxl.de\/markt\/wp-content\/uploads\/sites\/3\/2020\/12\/logo.png","width":200,"height":70,"caption":"Markt-XXL"},"image":{"@id":"https:\/\/marktxxl.de\/markt\/#\/schema\/logo\/image\/"}}]}},"_links":{"self":[{"href":"https:\/\/marktxxl.de\/markt\/wp-json\/wp\/v2\/product\/207290","targetHints":{"allow":["GET"]}}],"collection":[{"href":"https:\/\/marktxxl.de\/markt\/wp-json\/wp\/v2\/product"}],"about":[{"href":"https:\/\/marktxxl.de\/markt\/wp-json\/wp\/v2\/types\/product"}],"replies":[{"embeddable":true,"href":"https:\/\/marktxxl.de\/markt\/wp-json\/wp\/v2\/comments?post=207290"}],"wp:featuredmedia":[{"embeddable":true,"href":"https:\/\/marktxxl.de\/markt\/wp-json\/wp\/v2\/media\/207291"}],"wp:attachment":[{"href":"https:\/\/marktxxl.de\/markt\/wp-json\/wp\/v2\/media?parent=207290"}],"wp:term":[{"taxonomy":"product_brand","embeddable":true,"href":"https:\/\/marktxxl.de\/markt\/wp-json\/wp\/v2\/product_brand?post=207290"},{"taxonomy":"product_cat","embeddable":true,"href":"https:\/\/marktxxl.de\/markt\/wp-json\/wp\/v2\/product_cat?post=207290"},{"taxonomy":"product_tag","embeddable":true,"href":"https:\/\/marktxxl.de\/markt\/wp-json\/wp\/v2\/product_tag?post=207290"}],"curies":[{"name":"wp","href":"https:\/\/api.w.org\/{rel}","templated":true}]}}