{"id":207251,"date":"2024-05-29T02:08:57","date_gmt":"2024-05-29T00:08:57","guid":{"rendered":"https:\/\/marktxxl.de\/markt\/produkt\/wesweet-schnullerbox-fuer-unterwegs-2er-pack-silikon-schnullerbehaelter-schnullerhalter-leicht-zu-reinigen\/"},"modified":"2024-05-29T02:08:57","modified_gmt":"2024-05-29T00:08:57","slug":"wesweet-schnullerbox-fuer-unterwegs-2er-pack-silikon-schnullerbehaelter-schnullerhalter-leicht-zu-reinigen","status":"publish","type":"product","link":"https:\/\/marktxxl.de\/markt\/produkt\/wesweet-schnullerbox-fuer-unterwegs-2er-pack-silikon-schnullerbehaelter-schnullerhalter-leicht-zu-reinigen\/","title":{"rendered":"WeSweet Schnullerbox f\u00fcr unterwegs &#8211; 2er Pack Silikon Schnullerbeh\u00e4lter Schnullerhalter &#8211; Leicht zu Reinigen"},"content":{"rendered":"<p>Halten Sie die Schnuller Ihres Babys sauber und griffbereit mit unserem Silikon-Schnullerhaltergeh\u00e4use.<br \/>\nSie k\u00f6nnen es an alles h\u00e4ngen, was Sie brauchen, Autositze, Kinderbett, Moseskorb.<br \/>\nSie k\u00f6nnen dies auch als M\u00fcnzbeutel, Etui f\u00fcr kabellose Ohrh\u00f6rer oder f\u00fcr alles Kleine und Kompakte verwenden.<br \/>\nNiedliche matte neutrale Schnullerhalter. Leicht zu reinigen, einfach mit Seifenwasser von Hand waschen und dann lufttrocknen lassen, perfekt f\u00fcr gesch\u00e4ftige Eltern unterwegs.<br \/>\n<div class=\"main-cross-sell\" data-asin=\"B0CLQRGG77\">\n\n\t<div class=\"WooZone-cross-sell-loader\">\n\t\t<div>\n\t\t\t<div id=\"floatingBarsG\">\n\t\t\t\t<div class=\"blockG\" id=\"rotateG_01\"><\/div>\n\t\t\t\t<div class=\"blockG\" id=\"rotateG_02\"><\/div>\n\t\t\t\t<div class=\"blockG\" id=\"rotateG_03\"><\/div>\n\t\t\t\t<div class=\"blockG\" id=\"rotateG_04\"><\/div>\n\t\t\t\t<div class=\"blockG\" id=\"rotateG_05\"><\/div>\n\t\t\t\t<div class=\"blockG\" id=\"rotateG_06\"><\/div>\n\t\t\t\t<div class=\"blockG\" id=\"rotateG_07\"><\/div>\n\t\t\t\t<div class=\"blockG\" id=\"rotateG_08\"><\/div>\n\t\t\t<\/div>\n\t\t\t<div class=\"WooZone-cross-sell-loader-text\"><\/div>\n\t\t<\/div>\n\t<\/div>\n\n\t\t\n<\/div>\n<div style=\"clear:both;\"><\/div><\/p>\n","protected":false},"excerpt":{"rendered":"<p>Halten Sie die Schnuller Ihres Babys sauber und griffbereit mit unserem Silikon-Schnullerhaltergeh\u00e4use.<br \/>\nSie k\u00f6nnen es an alles h\u00e4ngen, was Sie brauchen, Autositze, Kinderbett, Moseskorb.<br \/>\nSie k\u00f6nnen dies auch als M\u00fcnzbeutel, Etui f\u00fcr kabellose Ohrh\u00f6rer oder f\u00fcr alles Kleine und Kompakte verwenden.<\/p>\n","protected":false},"featured_media":207252,"comment_status":"open","ping_status":"closed","template":"","meta":[],"product_brand":[],"product_cat":[21,9329],"product_tag":[],"class_list":{"0":"post-207251","1":"product","2":"type-product","3":"status-publish","4":"has-post-thumbnail","6":"product_cat-baby","7":"product_cat-kinderwagen-buggys-zubehoer-baby","8":"pa_brand-wesweet","9":"pa_manufacturer-wesweet","10":"pa_model-dhl1385","12":"first","13":"instock","14":"shipping-taxable","15":"product-type-simple","16":"customify-col","17":"product-has-gallery"},"yoast_head":"<!-- This site is optimized with the Yoast SEO plugin v27.4 - https:\/\/yoast.com\/product\/yoast-seo-wordpress\/ -->\n<title>WeSweet Schnullerbox f\u00fcr unterwegs - 2er Pack Silikon Schnullerbeh\u00e4lter Schnullerhalter - Leicht zu Reinigen - Markt-XXL<\/title>\n<meta name=\"description\" content=\"Markt-XXL WeSweet Schnullerbox f\u00fcr unterwegs - 2er Pack Silikon Schnullerbeh\u00e4lter Schnullerhalter - Leicht zu Reinigen\" \/>\n<meta name=\"robots\" content=\"index, follow, max-snippet:-1, max-image-preview:large, max-video-preview:-1\" \/>\n<link rel=\"canonical\" href=\"https:\/\/marktxxl.de\/markt\/produkt\/wesweet-schnullerbox-fuer-unterwegs-2er-pack-silikon-schnullerbehaelter-schnullerhalter-leicht-zu-reinigen\/\" \/>\n<meta property=\"og:locale\" content=\"de_DE\" \/>\n<meta property=\"og:type\" content=\"article\" \/>\n<meta property=\"og:title\" content=\"WeSweet Schnullerbox f\u00fcr unterwegs - 2er Pack Silikon Schnullerbeh\u00e4lter Schnullerhalter - Leicht zu Reinigen - Markt-XXL\" \/>\n<meta property=\"og:description\" content=\"Markt-XXL WeSweet Schnullerbox f\u00fcr unterwegs - 2er Pack Silikon Schnullerbeh\u00e4lter Schnullerhalter - Leicht zu Reinigen\" \/>\n<meta property=\"og:url\" content=\"https:\/\/marktxxl.de\/markt\/produkt\/wesweet-schnullerbox-fuer-unterwegs-2er-pack-silikon-schnullerbehaelter-schnullerhalter-leicht-zu-reinigen\/\" \/>\n<meta property=\"og:site_name\" content=\"Markt-XXL\" \/>\n<meta name=\"twitter:card\" content=\"summary_large_image\" \/>\n<script type=\"application\/ld+json\" class=\"yoast-schema-graph\">{\"@context\":\"https:\\\/\\\/schema.org\",\"@graph\":[{\"@type\":\"WebPage\",\"@id\":\"https:\\\/\\\/marktxxl.de\\\/markt\\\/produkt\\\/wesweet-schnullerbox-fuer-unterwegs-2er-pack-silikon-schnullerbehaelter-schnullerhalter-leicht-zu-reinigen\\\/\",\"url\":\"https:\\\/\\\/marktxxl.de\\\/markt\\\/produkt\\\/wesweet-schnullerbox-fuer-unterwegs-2er-pack-silikon-schnullerbehaelter-schnullerhalter-leicht-zu-reinigen\\\/\",\"name\":\"WeSweet Schnullerbox f\u00fcr unterwegs - 2er Pack Silikon Schnullerbeh\u00e4lter Schnullerhalter - Leicht zu Reinigen - Markt-XXL\",\"isPartOf\":{\"@id\":\"https:\\\/\\\/marktxxl.de\\\/markt\\\/#website\"},\"primaryImageOfPage\":{\"@id\":\"https:\\\/\\\/marktxxl.de\\\/markt\\\/produkt\\\/wesweet-schnullerbox-fuer-unterwegs-2er-pack-silikon-schnullerbehaelter-schnullerhalter-leicht-zu-reinigen\\\/#primaryimage\"},\"image\":{\"@id\":\"https:\\\/\\\/marktxxl.de\\\/markt\\\/produkt\\\/wesweet-schnullerbox-fuer-unterwegs-2er-pack-silikon-schnullerbehaelter-schnullerhalter-leicht-zu-reinigen\\\/#primaryimage\"},\"thumbnailUrl\":\"https:\\\/\\\/m.media-amazon.com\\\/images\\\/I\\\/31cQZLypiPL._SL500_.jpg\",\"datePublished\":\"2024-05-29T00:08:57+00:00\",\"description\":\"Markt-XXL WeSweet Schnullerbox f\u00fcr unterwegs - 2er Pack Silikon Schnullerbeh\u00e4lter Schnullerhalter - Leicht zu Reinigen\",\"breadcrumb\":{\"@id\":\"https:\\\/\\\/marktxxl.de\\\/markt\\\/produkt\\\/wesweet-schnullerbox-fuer-unterwegs-2er-pack-silikon-schnullerbehaelter-schnullerhalter-leicht-zu-reinigen\\\/#breadcrumb\"},\"inLanguage\":\"de\",\"potentialAction\":[{\"@type\":\"ReadAction\",\"target\":[\"https:\\\/\\\/marktxxl.de\\\/markt\\\/produkt\\\/wesweet-schnullerbox-fuer-unterwegs-2er-pack-silikon-schnullerbehaelter-schnullerhalter-leicht-zu-reinigen\\\/\"]}]},{\"@type\":\"ImageObject\",\"inLanguage\":\"de\",\"@id\":\"https:\\\/\\\/marktxxl.de\\\/markt\\\/produkt\\\/wesweet-schnullerbox-fuer-unterwegs-2er-pack-silikon-schnullerbehaelter-schnullerhalter-leicht-zu-reinigen\\\/#primaryimage\",\"url\":\"https:\\\/\\\/m.media-amazon.com\\\/images\\\/I\\\/31cQZLypiPL._SL500_.jpg\",\"contentUrl\":\"https:\\\/\\\/m.media-amazon.com\\\/images\\\/I\\\/31cQZLypiPL._SL500_.jpg\",\"width\":500,\"height\":500},{\"@type\":\"BreadcrumbList\",\"@id\":\"https:\\\/\\\/marktxxl.de\\\/markt\\\/produkt\\\/wesweet-schnullerbox-fuer-unterwegs-2er-pack-silikon-schnullerbehaelter-schnullerhalter-leicht-zu-reinigen\\\/#breadcrumb\",\"itemListElement\":[{\"@type\":\"ListItem\",\"position\":1,\"name\":\"Startseite\",\"item\":\"https:\\\/\\\/marktxxl.de\\\/markt\\\/\"},{\"@type\":\"ListItem\",\"position\":2,\"name\":\"Markt\",\"item\":\"https:\\\/\\\/marktxxl.de\\\/markt\\\/\"},{\"@type\":\"ListItem\",\"position\":3,\"name\":\"WeSweet Schnullerbox f\u00fcr unterwegs &#8211; 2er Pack Silikon Schnullerbeh\u00e4lter Schnullerhalter &#8211; Leicht zu Reinigen\"}]},{\"@type\":\"WebSite\",\"@id\":\"https:\\\/\\\/marktxxl.de\\\/markt\\\/#website\",\"url\":\"https:\\\/\\\/marktxxl.de\\\/markt\\\/\",\"name\":\"Markt-XXL\",\"description\":\"Ihr Markt Online\",\"publisher\":{\"@id\":\"https:\\\/\\\/marktxxl.de\\\/markt\\\/#organization\"},\"potentialAction\":[{\"@type\":\"SearchAction\",\"target\":{\"@type\":\"EntryPoint\",\"urlTemplate\":\"https:\\\/\\\/marktxxl.de\\\/markt\\\/?s={search_term_string}\"},\"query-input\":{\"@type\":\"PropertyValueSpecification\",\"valueRequired\":true,\"valueName\":\"search_term_string\"}}],\"inLanguage\":\"de\"},{\"@type\":\"Organization\",\"@id\":\"https:\\\/\\\/marktxxl.de\\\/markt\\\/#organization\",\"name\":\"Markt-XXL\",\"url\":\"https:\\\/\\\/marktxxl.de\\\/markt\\\/\",\"logo\":{\"@type\":\"ImageObject\",\"inLanguage\":\"de\",\"@id\":\"https:\\\/\\\/marktxxl.de\\\/markt\\\/#\\\/schema\\\/logo\\\/image\\\/\",\"url\":\"https:\\\/\\\/marktxxl.de\\\/markt\\\/wp-content\\\/uploads\\\/sites\\\/3\\\/2020\\\/12\\\/logo.png\",\"contentUrl\":\"https:\\\/\\\/marktxxl.de\\\/markt\\\/wp-content\\\/uploads\\\/sites\\\/3\\\/2020\\\/12\\\/logo.png\",\"width\":200,\"height\":70,\"caption\":\"Markt-XXL\"},\"image\":{\"@id\":\"https:\\\/\\\/marktxxl.de\\\/markt\\\/#\\\/schema\\\/logo\\\/image\\\/\"}}]}<\/script>\n<!-- \/ Yoast SEO plugin. -->","yoast_head_json":{"title":"WeSweet Schnullerbox f\u00fcr unterwegs - 2er Pack Silikon Schnullerbeh\u00e4lter Schnullerhalter - Leicht zu Reinigen - Markt-XXL","description":"Markt-XXL WeSweet Schnullerbox f\u00fcr unterwegs - 2er Pack Silikon Schnullerbeh\u00e4lter Schnullerhalter - Leicht zu Reinigen","robots":{"index":"index","follow":"follow","max-snippet":"max-snippet:-1","max-image-preview":"max-image-preview:large","max-video-preview":"max-video-preview:-1"},"canonical":"https:\/\/marktxxl.de\/markt\/produkt\/wesweet-schnullerbox-fuer-unterwegs-2er-pack-silikon-schnullerbehaelter-schnullerhalter-leicht-zu-reinigen\/","og_locale":"de_DE","og_type":"article","og_title":"WeSweet Schnullerbox f\u00fcr unterwegs - 2er Pack Silikon Schnullerbeh\u00e4lter Schnullerhalter - Leicht zu Reinigen - Markt-XXL","og_description":"Markt-XXL WeSweet Schnullerbox f\u00fcr unterwegs - 2er Pack Silikon Schnullerbeh\u00e4lter Schnullerhalter - Leicht zu Reinigen","og_url":"https:\/\/marktxxl.de\/markt\/produkt\/wesweet-schnullerbox-fuer-unterwegs-2er-pack-silikon-schnullerbehaelter-schnullerhalter-leicht-zu-reinigen\/","og_site_name":"Markt-XXL","twitter_card":"summary_large_image","schema":{"@context":"https:\/\/schema.org","@graph":[{"@type":"WebPage","@id":"https:\/\/marktxxl.de\/markt\/produkt\/wesweet-schnullerbox-fuer-unterwegs-2er-pack-silikon-schnullerbehaelter-schnullerhalter-leicht-zu-reinigen\/","url":"https:\/\/marktxxl.de\/markt\/produkt\/wesweet-schnullerbox-fuer-unterwegs-2er-pack-silikon-schnullerbehaelter-schnullerhalter-leicht-zu-reinigen\/","name":"WeSweet Schnullerbox f\u00fcr unterwegs - 2er Pack Silikon Schnullerbeh\u00e4lter Schnullerhalter - Leicht zu Reinigen - Markt-XXL","isPartOf":{"@id":"https:\/\/marktxxl.de\/markt\/#website"},"primaryImageOfPage":{"@id":"https:\/\/marktxxl.de\/markt\/produkt\/wesweet-schnullerbox-fuer-unterwegs-2er-pack-silikon-schnullerbehaelter-schnullerhalter-leicht-zu-reinigen\/#primaryimage"},"image":{"@id":"https:\/\/marktxxl.de\/markt\/produkt\/wesweet-schnullerbox-fuer-unterwegs-2er-pack-silikon-schnullerbehaelter-schnullerhalter-leicht-zu-reinigen\/#primaryimage"},"thumbnailUrl":"https:\/\/m.media-amazon.com\/images\/I\/31cQZLypiPL._SL500_.jpg","datePublished":"2024-05-29T00:08:57+00:00","description":"Markt-XXL WeSweet Schnullerbox f\u00fcr unterwegs - 2er Pack Silikon Schnullerbeh\u00e4lter Schnullerhalter - Leicht zu Reinigen","breadcrumb":{"@id":"https:\/\/marktxxl.de\/markt\/produkt\/wesweet-schnullerbox-fuer-unterwegs-2er-pack-silikon-schnullerbehaelter-schnullerhalter-leicht-zu-reinigen\/#breadcrumb"},"inLanguage":"de","potentialAction":[{"@type":"ReadAction","target":["https:\/\/marktxxl.de\/markt\/produkt\/wesweet-schnullerbox-fuer-unterwegs-2er-pack-silikon-schnullerbehaelter-schnullerhalter-leicht-zu-reinigen\/"]}]},{"@type":"ImageObject","inLanguage":"de","@id":"https:\/\/marktxxl.de\/markt\/produkt\/wesweet-schnullerbox-fuer-unterwegs-2er-pack-silikon-schnullerbehaelter-schnullerhalter-leicht-zu-reinigen\/#primaryimage","url":"https:\/\/m.media-amazon.com\/images\/I\/31cQZLypiPL._SL500_.jpg","contentUrl":"https:\/\/m.media-amazon.com\/images\/I\/31cQZLypiPL._SL500_.jpg","width":500,"height":500},{"@type":"BreadcrumbList","@id":"https:\/\/marktxxl.de\/markt\/produkt\/wesweet-schnullerbox-fuer-unterwegs-2er-pack-silikon-schnullerbehaelter-schnullerhalter-leicht-zu-reinigen\/#breadcrumb","itemListElement":[{"@type":"ListItem","position":1,"name":"Startseite","item":"https:\/\/marktxxl.de\/markt\/"},{"@type":"ListItem","position":2,"name":"Markt","item":"https:\/\/marktxxl.de\/markt\/"},{"@type":"ListItem","position":3,"name":"WeSweet Schnullerbox f\u00fcr unterwegs &#8211; 2er Pack Silikon Schnullerbeh\u00e4lter Schnullerhalter &#8211; Leicht zu Reinigen"}]},{"@type":"WebSite","@id":"https:\/\/marktxxl.de\/markt\/#website","url":"https:\/\/marktxxl.de\/markt\/","name":"Markt-XXL","description":"Ihr Markt Online","publisher":{"@id":"https:\/\/marktxxl.de\/markt\/#organization"},"potentialAction":[{"@type":"SearchAction","target":{"@type":"EntryPoint","urlTemplate":"https:\/\/marktxxl.de\/markt\/?s={search_term_string}"},"query-input":{"@type":"PropertyValueSpecification","valueRequired":true,"valueName":"search_term_string"}}],"inLanguage":"de"},{"@type":"Organization","@id":"https:\/\/marktxxl.de\/markt\/#organization","name":"Markt-XXL","url":"https:\/\/marktxxl.de\/markt\/","logo":{"@type":"ImageObject","inLanguage":"de","@id":"https:\/\/marktxxl.de\/markt\/#\/schema\/logo\/image\/","url":"https:\/\/marktxxl.de\/markt\/wp-content\/uploads\/sites\/3\/2020\/12\/logo.png","contentUrl":"https:\/\/marktxxl.de\/markt\/wp-content\/uploads\/sites\/3\/2020\/12\/logo.png","width":200,"height":70,"caption":"Markt-XXL"},"image":{"@id":"https:\/\/marktxxl.de\/markt\/#\/schema\/logo\/image\/"}}]}},"_links":{"self":[{"href":"https:\/\/marktxxl.de\/markt\/wp-json\/wp\/v2\/product\/207251","targetHints":{"allow":["GET"]}}],"collection":[{"href":"https:\/\/marktxxl.de\/markt\/wp-json\/wp\/v2\/product"}],"about":[{"href":"https:\/\/marktxxl.de\/markt\/wp-json\/wp\/v2\/types\/product"}],"replies":[{"embeddable":true,"href":"https:\/\/marktxxl.de\/markt\/wp-json\/wp\/v2\/comments?post=207251"}],"wp:featuredmedia":[{"embeddable":true,"href":"https:\/\/marktxxl.de\/markt\/wp-json\/wp\/v2\/media\/207252"}],"wp:attachment":[{"href":"https:\/\/marktxxl.de\/markt\/wp-json\/wp\/v2\/media?parent=207251"}],"wp:term":[{"taxonomy":"product_brand","embeddable":true,"href":"https:\/\/marktxxl.de\/markt\/wp-json\/wp\/v2\/product_brand?post=207251"},{"taxonomy":"product_cat","embeddable":true,"href":"https:\/\/marktxxl.de\/markt\/wp-json\/wp\/v2\/product_cat?post=207251"},{"taxonomy":"product_tag","embeddable":true,"href":"https:\/\/marktxxl.de\/markt\/wp-json\/wp\/v2\/product_tag?post=207251"}],"curies":[{"name":"wp","href":"https:\/\/api.w.org\/{rel}","templated":true}]}}