{"id":207151,"date":"2024-05-29T01:53:39","date_gmt":"2024-05-28T23:53:39","guid":{"rendered":"https:\/\/marktxxl.de\/markt\/produkt\/silikon-beissring-saftige-himbeere-mit-blaettern-rot-razbaby-baby-beissring-3m-100-silikon-frei-von-bpa\/"},"modified":"2024-05-29T01:53:39","modified_gmt":"2024-05-28T23:53:39","slug":"silikon-beissring-saftige-himbeere-mit-blaettern-rot-razbaby-baby-beissring-3m-100-silikon-frei-von-bpa","status":"publish","type":"product","link":"https:\/\/marktxxl.de\/markt\/produkt\/silikon-beissring-saftige-himbeere-mit-blaettern-rot-razbaby-baby-beissring-3m-100-silikon-frei-von-bpa\/","title":{"rendered":"Silikon-Bei\u00dfring, Saftige Himbeere mit Bl\u00e4ttern, rot, RaZbaby, Baby-Bei\u00dfring 3m+, 100% Silikon, frei von BPA"},"content":{"rendered":"<p>Es hat eine originelle, offene Form und Farben, die das Baby interessieren und zum Ausprobieren anregen.<br \/>\nVerf\u00fcgt \u00fcber patentierte Ausbuchtungen, die das geschwollene Zahnfleisch und die durchbrechenden Z\u00e4hne Ihres Babys beruhigen. Se sind auch eine gro\u00dfartige Kautextur, ideal f\u00fcr Vorder- und Backenz\u00e4hne.<br \/>\nIst sicher, da es aus ungiftigem, lebensmittelechtem Silikon besteht, das frei von BPA, PVC, Phthalaten, Blei und Cadmium ist.<br \/>\nHat die ideale Gr\u00f6\u00dfe f\u00fcr kleine H\u00e4nde und ist leicht zu greifen.<br \/>\nMaterial: 100% Silikon, frei von BPA, PVC, Phthalaten, Blei und Cadmium<br \/>\nAlter des Kindes: ab einem Alter von 3 Monaten<br \/>\n<div class=\"main-cross-sell\" data-asin=\"B09HW3BH3N\">\n\n\t<div class=\"WooZone-cross-sell-loader\">\n\t\t<div>\n\t\t\t<div id=\"floatingBarsG\">\n\t\t\t\t<div class=\"blockG\" id=\"rotateG_01\"><\/div>\n\t\t\t\t<div class=\"blockG\" id=\"rotateG_02\"><\/div>\n\t\t\t\t<div class=\"blockG\" id=\"rotateG_03\"><\/div>\n\t\t\t\t<div class=\"blockG\" id=\"rotateG_04\"><\/div>\n\t\t\t\t<div class=\"blockG\" id=\"rotateG_05\"><\/div>\n\t\t\t\t<div class=\"blockG\" id=\"rotateG_06\"><\/div>\n\t\t\t\t<div class=\"blockG\" id=\"rotateG_07\"><\/div>\n\t\t\t\t<div class=\"blockG\" id=\"rotateG_08\"><\/div>\n\t\t\t<\/div>\n\t\t\t<div class=\"WooZone-cross-sell-loader-text\"><\/div>\n\t\t<\/div>\n\t<\/div>\n\n\t\t\n<\/div>\n<div style=\"clear:both;\"><\/div><\/p>\n","protected":false},"excerpt":{"rendered":"<p>Es hat eine originelle, offene Form und Farben, die das Baby interessieren und zum Ausprobieren anregen.<br \/>\nVerf\u00fcgt \u00fcber patentierte Ausbuchtungen, die das geschwollene Zahnfleisch und die durchbrechenden Z\u00e4hne Ihres Babys beruhigen. Se sind auch eine gro\u00dfartige Kautextur, ideal f\u00fcr Vorder- und Backenz\u00e4hne.<br \/>\nIst sicher, da es aus ungiftigem, lebensmittelechtem Silikon besteht, das frei von BPA, PVC, Phthalaten, Blei und Cadmium ist.<\/p>\n","protected":false},"featured_media":207152,"comment_status":"open","ping_status":"closed","template":"","meta":[],"product_brand":[],"product_cat":[21,9329],"product_tag":[],"class_list":{"0":"post-207151","1":"product","2":"type-product","3":"status-publish","4":"has-post-thumbnail","6":"product_cat-baby","7":"product_cat-kinderwagen-buggys-zubehoer-baby","8":"pa_binding-babyartikel","9":"pa_brand-razbaby","10":"pa_color-red","11":"pa_height-1-968503935-zoll","12":"pa_length-2-755905509-zoll","13":"pa_manufacturer-razbaby","14":"pa_model-009-bites-rt","15":"pa_weight-0-2-pounds","16":"pa_width-2-362204722-zoll","18":"first","19":"instock","20":"shipping-taxable","21":"purchasable","22":"product-type-simple","23":"customify-col","24":"product-has-gallery"},"yoast_head":"<!-- This site is optimized with the Yoast SEO plugin v27.3 - https:\/\/yoast.com\/product\/yoast-seo-wordpress\/ -->\n<title>Silikon-Bei\u00dfring, Saftige Himbeere mit Bl\u00e4ttern, rot, RaZbaby, Baby-Bei\u00dfring 3m+, 100% Silikon, frei von BPA - Markt-XXL<\/title>\n<meta name=\"description\" content=\"Markt-XXL Silikon-Bei\u00dfring, Saftige Himbeere mit Bl\u00e4ttern, rot, RaZbaby, Baby-Bei\u00dfring 3m+, 100% Silikon, frei von BPA\" \/>\n<meta name=\"robots\" content=\"index, follow, max-snippet:-1, max-image-preview:large, max-video-preview:-1\" \/>\n<link rel=\"canonical\" href=\"https:\/\/marktxxl.de\/markt\/produkt\/silikon-beissring-saftige-himbeere-mit-blaettern-rot-razbaby-baby-beissring-3m-100-silikon-frei-von-bpa\/\" \/>\n<meta property=\"og:locale\" content=\"de_DE\" \/>\n<meta property=\"og:type\" content=\"article\" \/>\n<meta property=\"og:title\" content=\"Silikon-Bei\u00dfring, Saftige Himbeere mit Bl\u00e4ttern, rot, RaZbaby, Baby-Bei\u00dfring 3m+, 100% Silikon, frei von BPA - Markt-XXL\" \/>\n<meta property=\"og:description\" content=\"Markt-XXL Silikon-Bei\u00dfring, Saftige Himbeere mit Bl\u00e4ttern, rot, RaZbaby, Baby-Bei\u00dfring 3m+, 100% Silikon, frei von BPA\" \/>\n<meta property=\"og:url\" content=\"https:\/\/marktxxl.de\/markt\/produkt\/silikon-beissring-saftige-himbeere-mit-blaettern-rot-razbaby-baby-beissring-3m-100-silikon-frei-von-bpa\/\" \/>\n<meta property=\"og:site_name\" content=\"Markt-XXL\" \/>\n<meta name=\"twitter:card\" content=\"summary_large_image\" \/>\n<meta name=\"twitter:label1\" content=\"Gesch\u00e4tzte Lesezeit\" \/>\n\t<meta name=\"twitter:data1\" content=\"1\u00a0Minute\" \/>\n<script type=\"application\/ld+json\" class=\"yoast-schema-graph\">{\"@context\":\"https:\\\/\\\/schema.org\",\"@graph\":[{\"@type\":\"WebPage\",\"@id\":\"https:\\\/\\\/marktxxl.de\\\/markt\\\/produkt\\\/silikon-beissring-saftige-himbeere-mit-blaettern-rot-razbaby-baby-beissring-3m-100-silikon-frei-von-bpa\\\/\",\"url\":\"https:\\\/\\\/marktxxl.de\\\/markt\\\/produkt\\\/silikon-beissring-saftige-himbeere-mit-blaettern-rot-razbaby-baby-beissring-3m-100-silikon-frei-von-bpa\\\/\",\"name\":\"Silikon-Bei\u00dfring, Saftige Himbeere mit Bl\u00e4ttern, rot, RaZbaby, Baby-Bei\u00dfring 3m+, 100% Silikon, frei von BPA - Markt-XXL\",\"isPartOf\":{\"@id\":\"https:\\\/\\\/marktxxl.de\\\/markt\\\/#website\"},\"primaryImageOfPage\":{\"@id\":\"https:\\\/\\\/marktxxl.de\\\/markt\\\/produkt\\\/silikon-beissring-saftige-himbeere-mit-blaettern-rot-razbaby-baby-beissring-3m-100-silikon-frei-von-bpa\\\/#primaryimage\"},\"image\":{\"@id\":\"https:\\\/\\\/marktxxl.de\\\/markt\\\/produkt\\\/silikon-beissring-saftige-himbeere-mit-blaettern-rot-razbaby-baby-beissring-3m-100-silikon-frei-von-bpa\\\/#primaryimage\"},\"thumbnailUrl\":\"https:\\\/\\\/m.media-amazon.com\\\/images\\\/I\\\/41BYlDOSV-L._SL500_.jpg\",\"datePublished\":\"2024-05-28T23:53:39+00:00\",\"description\":\"Markt-XXL Silikon-Bei\u00dfring, Saftige Himbeere mit Bl\u00e4ttern, rot, RaZbaby, Baby-Bei\u00dfring 3m+, 100% Silikon, frei von BPA\",\"breadcrumb\":{\"@id\":\"https:\\\/\\\/marktxxl.de\\\/markt\\\/produkt\\\/silikon-beissring-saftige-himbeere-mit-blaettern-rot-razbaby-baby-beissring-3m-100-silikon-frei-von-bpa\\\/#breadcrumb\"},\"inLanguage\":\"de\",\"potentialAction\":[{\"@type\":\"ReadAction\",\"target\":[\"https:\\\/\\\/marktxxl.de\\\/markt\\\/produkt\\\/silikon-beissring-saftige-himbeere-mit-blaettern-rot-razbaby-baby-beissring-3m-100-silikon-frei-von-bpa\\\/\"]}]},{\"@type\":\"ImageObject\",\"inLanguage\":\"de\",\"@id\":\"https:\\\/\\\/marktxxl.de\\\/markt\\\/produkt\\\/silikon-beissring-saftige-himbeere-mit-blaettern-rot-razbaby-baby-beissring-3m-100-silikon-frei-von-bpa\\\/#primaryimage\",\"url\":\"https:\\\/\\\/m.media-amazon.com\\\/images\\\/I\\\/41BYlDOSV-L._SL500_.jpg\",\"contentUrl\":\"https:\\\/\\\/m.media-amazon.com\\\/images\\\/I\\\/41BYlDOSV-L._SL500_.jpg\",\"width\":500,\"height\":500},{\"@type\":\"BreadcrumbList\",\"@id\":\"https:\\\/\\\/marktxxl.de\\\/markt\\\/produkt\\\/silikon-beissring-saftige-himbeere-mit-blaettern-rot-razbaby-baby-beissring-3m-100-silikon-frei-von-bpa\\\/#breadcrumb\",\"itemListElement\":[{\"@type\":\"ListItem\",\"position\":1,\"name\":\"Startseite\",\"item\":\"https:\\\/\\\/marktxxl.de\\\/markt\\\/\"},{\"@type\":\"ListItem\",\"position\":2,\"name\":\"Markt\",\"item\":\"https:\\\/\\\/marktxxl.de\\\/markt\\\/\"},{\"@type\":\"ListItem\",\"position\":3,\"name\":\"Silikon-Bei\u00dfring, Saftige Himbeere mit Bl\u00e4ttern, rot, RaZbaby, Baby-Bei\u00dfring 3m+, 100% Silikon, frei von BPA\"}]},{\"@type\":\"WebSite\",\"@id\":\"https:\\\/\\\/marktxxl.de\\\/markt\\\/#website\",\"url\":\"https:\\\/\\\/marktxxl.de\\\/markt\\\/\",\"name\":\"Markt-XXL\",\"description\":\"Ihr Markt Online\",\"publisher\":{\"@id\":\"https:\\\/\\\/marktxxl.de\\\/markt\\\/#organization\"},\"potentialAction\":[{\"@type\":\"SearchAction\",\"target\":{\"@type\":\"EntryPoint\",\"urlTemplate\":\"https:\\\/\\\/marktxxl.de\\\/markt\\\/?s={search_term_string}\"},\"query-input\":{\"@type\":\"PropertyValueSpecification\",\"valueRequired\":true,\"valueName\":\"search_term_string\"}}],\"inLanguage\":\"de\"},{\"@type\":\"Organization\",\"@id\":\"https:\\\/\\\/marktxxl.de\\\/markt\\\/#organization\",\"name\":\"Markt-XXL\",\"url\":\"https:\\\/\\\/marktxxl.de\\\/markt\\\/\",\"logo\":{\"@type\":\"ImageObject\",\"inLanguage\":\"de\",\"@id\":\"https:\\\/\\\/marktxxl.de\\\/markt\\\/#\\\/schema\\\/logo\\\/image\\\/\",\"url\":\"https:\\\/\\\/marktxxl.de\\\/markt\\\/wp-content\\\/uploads\\\/sites\\\/3\\\/2020\\\/12\\\/logo.png\",\"contentUrl\":\"https:\\\/\\\/marktxxl.de\\\/markt\\\/wp-content\\\/uploads\\\/sites\\\/3\\\/2020\\\/12\\\/logo.png\",\"width\":200,\"height\":70,\"caption\":\"Markt-XXL\"},\"image\":{\"@id\":\"https:\\\/\\\/marktxxl.de\\\/markt\\\/#\\\/schema\\\/logo\\\/image\\\/\"}}]}<\/script>\n<!-- \/ Yoast SEO plugin. -->","yoast_head_json":{"title":"Silikon-Bei\u00dfring, Saftige Himbeere mit Bl\u00e4ttern, rot, RaZbaby, Baby-Bei\u00dfring 3m+, 100% Silikon, frei von BPA - Markt-XXL","description":"Markt-XXL Silikon-Bei\u00dfring, Saftige Himbeere mit Bl\u00e4ttern, rot, RaZbaby, Baby-Bei\u00dfring 3m+, 100% Silikon, frei von BPA","robots":{"index":"index","follow":"follow","max-snippet":"max-snippet:-1","max-image-preview":"max-image-preview:large","max-video-preview":"max-video-preview:-1"},"canonical":"https:\/\/marktxxl.de\/markt\/produkt\/silikon-beissring-saftige-himbeere-mit-blaettern-rot-razbaby-baby-beissring-3m-100-silikon-frei-von-bpa\/","og_locale":"de_DE","og_type":"article","og_title":"Silikon-Bei\u00dfring, Saftige Himbeere mit Bl\u00e4ttern, rot, RaZbaby, Baby-Bei\u00dfring 3m+, 100% Silikon, frei von BPA - Markt-XXL","og_description":"Markt-XXL Silikon-Bei\u00dfring, Saftige Himbeere mit Bl\u00e4ttern, rot, RaZbaby, Baby-Bei\u00dfring 3m+, 100% Silikon, frei von BPA","og_url":"https:\/\/marktxxl.de\/markt\/produkt\/silikon-beissring-saftige-himbeere-mit-blaettern-rot-razbaby-baby-beissring-3m-100-silikon-frei-von-bpa\/","og_site_name":"Markt-XXL","twitter_card":"summary_large_image","twitter_misc":{"Gesch\u00e4tzte Lesezeit":"1\u00a0Minute"},"schema":{"@context":"https:\/\/schema.org","@graph":[{"@type":"WebPage","@id":"https:\/\/marktxxl.de\/markt\/produkt\/silikon-beissring-saftige-himbeere-mit-blaettern-rot-razbaby-baby-beissring-3m-100-silikon-frei-von-bpa\/","url":"https:\/\/marktxxl.de\/markt\/produkt\/silikon-beissring-saftige-himbeere-mit-blaettern-rot-razbaby-baby-beissring-3m-100-silikon-frei-von-bpa\/","name":"Silikon-Bei\u00dfring, Saftige Himbeere mit Bl\u00e4ttern, rot, RaZbaby, Baby-Bei\u00dfring 3m+, 100% Silikon, frei von BPA - Markt-XXL","isPartOf":{"@id":"https:\/\/marktxxl.de\/markt\/#website"},"primaryImageOfPage":{"@id":"https:\/\/marktxxl.de\/markt\/produkt\/silikon-beissring-saftige-himbeere-mit-blaettern-rot-razbaby-baby-beissring-3m-100-silikon-frei-von-bpa\/#primaryimage"},"image":{"@id":"https:\/\/marktxxl.de\/markt\/produkt\/silikon-beissring-saftige-himbeere-mit-blaettern-rot-razbaby-baby-beissring-3m-100-silikon-frei-von-bpa\/#primaryimage"},"thumbnailUrl":"https:\/\/m.media-amazon.com\/images\/I\/41BYlDOSV-L._SL500_.jpg","datePublished":"2024-05-28T23:53:39+00:00","description":"Markt-XXL Silikon-Bei\u00dfring, Saftige Himbeere mit Bl\u00e4ttern, rot, RaZbaby, Baby-Bei\u00dfring 3m+, 100% Silikon, frei von BPA","breadcrumb":{"@id":"https:\/\/marktxxl.de\/markt\/produkt\/silikon-beissring-saftige-himbeere-mit-blaettern-rot-razbaby-baby-beissring-3m-100-silikon-frei-von-bpa\/#breadcrumb"},"inLanguage":"de","potentialAction":[{"@type":"ReadAction","target":["https:\/\/marktxxl.de\/markt\/produkt\/silikon-beissring-saftige-himbeere-mit-blaettern-rot-razbaby-baby-beissring-3m-100-silikon-frei-von-bpa\/"]}]},{"@type":"ImageObject","inLanguage":"de","@id":"https:\/\/marktxxl.de\/markt\/produkt\/silikon-beissring-saftige-himbeere-mit-blaettern-rot-razbaby-baby-beissring-3m-100-silikon-frei-von-bpa\/#primaryimage","url":"https:\/\/m.media-amazon.com\/images\/I\/41BYlDOSV-L._SL500_.jpg","contentUrl":"https:\/\/m.media-amazon.com\/images\/I\/41BYlDOSV-L._SL500_.jpg","width":500,"height":500},{"@type":"BreadcrumbList","@id":"https:\/\/marktxxl.de\/markt\/produkt\/silikon-beissring-saftige-himbeere-mit-blaettern-rot-razbaby-baby-beissring-3m-100-silikon-frei-von-bpa\/#breadcrumb","itemListElement":[{"@type":"ListItem","position":1,"name":"Startseite","item":"https:\/\/marktxxl.de\/markt\/"},{"@type":"ListItem","position":2,"name":"Markt","item":"https:\/\/marktxxl.de\/markt\/"},{"@type":"ListItem","position":3,"name":"Silikon-Bei\u00dfring, Saftige Himbeere mit Bl\u00e4ttern, rot, RaZbaby, Baby-Bei\u00dfring 3m+, 100% Silikon, frei von BPA"}]},{"@type":"WebSite","@id":"https:\/\/marktxxl.de\/markt\/#website","url":"https:\/\/marktxxl.de\/markt\/","name":"Markt-XXL","description":"Ihr Markt Online","publisher":{"@id":"https:\/\/marktxxl.de\/markt\/#organization"},"potentialAction":[{"@type":"SearchAction","target":{"@type":"EntryPoint","urlTemplate":"https:\/\/marktxxl.de\/markt\/?s={search_term_string}"},"query-input":{"@type":"PropertyValueSpecification","valueRequired":true,"valueName":"search_term_string"}}],"inLanguage":"de"},{"@type":"Organization","@id":"https:\/\/marktxxl.de\/markt\/#organization","name":"Markt-XXL","url":"https:\/\/marktxxl.de\/markt\/","logo":{"@type":"ImageObject","inLanguage":"de","@id":"https:\/\/marktxxl.de\/markt\/#\/schema\/logo\/image\/","url":"https:\/\/marktxxl.de\/markt\/wp-content\/uploads\/sites\/3\/2020\/12\/logo.png","contentUrl":"https:\/\/marktxxl.de\/markt\/wp-content\/uploads\/sites\/3\/2020\/12\/logo.png","width":200,"height":70,"caption":"Markt-XXL"},"image":{"@id":"https:\/\/marktxxl.de\/markt\/#\/schema\/logo\/image\/"}}]}},"_links":{"self":[{"href":"https:\/\/marktxxl.de\/markt\/wp-json\/wp\/v2\/product\/207151","targetHints":{"allow":["GET"]}}],"collection":[{"href":"https:\/\/marktxxl.de\/markt\/wp-json\/wp\/v2\/product"}],"about":[{"href":"https:\/\/marktxxl.de\/markt\/wp-json\/wp\/v2\/types\/product"}],"replies":[{"embeddable":true,"href":"https:\/\/marktxxl.de\/markt\/wp-json\/wp\/v2\/comments?post=207151"}],"wp:featuredmedia":[{"embeddable":true,"href":"https:\/\/marktxxl.de\/markt\/wp-json\/wp\/v2\/media\/207152"}],"wp:attachment":[{"href":"https:\/\/marktxxl.de\/markt\/wp-json\/wp\/v2\/media?parent=207151"}],"wp:term":[{"taxonomy":"product_brand","embeddable":true,"href":"https:\/\/marktxxl.de\/markt\/wp-json\/wp\/v2\/product_brand?post=207151"},{"taxonomy":"product_cat","embeddable":true,"href":"https:\/\/marktxxl.de\/markt\/wp-json\/wp\/v2\/product_cat?post=207151"},{"taxonomy":"product_tag","embeddable":true,"href":"https:\/\/marktxxl.de\/markt\/wp-json\/wp\/v2\/product_tag?post=207151"}],"curies":[{"name":"wp","href":"https:\/\/api.w.org\/{rel}","templated":true}]}}