{"id":207132,"date":"2024-05-29T01:53:24","date_gmt":"2024-05-28T23:53:24","guid":{"rendered":"https:\/\/marktxxl.de\/markt\/produkt\/philips-avent-ultra-air-schnuller-6-18-monate-baer-pfote-4er-pack-scf085-09\/"},"modified":"2024-05-29T01:53:24","modified_gmt":"2024-05-28T23:53:24","slug":"philips-avent-ultra-air-schnuller-6-18-monate-baer-pfote-4er-pack-scf085-09","status":"publish","type":"product","link":"https:\/\/marktxxl.de\/markt\/produkt\/philips-avent-ultra-air-schnuller-6-18-monate-baer-pfote-4er-pack-scf085-09\/","title":{"rendered":"Philips Avent Ultra Air Schnuller, 6-18 Monate, B\u00e4r\/Pfote, 4er-Pack, SCF085\/09"},"content":{"rendered":"<p>Vier (4) extra gro\u00dfe L\u00f6cher im Schild lassen die Haut des Babys atmen, so dass die Haut trocken bleibt und beruhigt; 84 % der M\u00fctter stimmen zu! *<br \/>\n98 % Brustwarzenakzeptanz**<br \/>\nKomfortabler weicher Silikon-Nippel<br \/>\nBPA-frei<br \/>\nKommt mit 2 Sterilisator\/Tragetaschen; verwenden Sie sie, um die Schnuller mit Wasser in der Mikrowelle zu sterilisieren und sie hygienisch zu transportieren<br \/>\n<div class=\"main-cross-sell\" data-asin=\"B08WG1K7XJ\">\n\n\t<div class=\"WooZone-cross-sell-loader\">\n\t\t<div>\n\t\t\t<div id=\"floatingBarsG\">\n\t\t\t\t<div class=\"blockG\" id=\"rotateG_01\"><\/div>\n\t\t\t\t<div class=\"blockG\" id=\"rotateG_02\"><\/div>\n\t\t\t\t<div class=\"blockG\" id=\"rotateG_03\"><\/div>\n\t\t\t\t<div class=\"blockG\" id=\"rotateG_04\"><\/div>\n\t\t\t\t<div class=\"blockG\" id=\"rotateG_05\"><\/div>\n\t\t\t\t<div class=\"blockG\" id=\"rotateG_06\"><\/div>\n\t\t\t\t<div class=\"blockG\" id=\"rotateG_07\"><\/div>\n\t\t\t\t<div class=\"blockG\" id=\"rotateG_08\"><\/div>\n\t\t\t<\/div>\n\t\t\t<div class=\"WooZone-cross-sell-loader-text\"><\/div>\n\t\t<\/div>\n\t<\/div>\n\n\t\t\n<\/div>\n<div style=\"clear:both;\"><\/div><\/p>\n","protected":false},"excerpt":{"rendered":"<p>Vier (4) extra gro\u00dfe L\u00f6cher im Schild lassen die Haut des Babys atmen, so dass die Haut trocken bleibt und beruhigt; 84 % der M\u00fctter stimmen zu! *<br \/>\n98 % Brustwarzenakzeptanz**<br \/>\nKomfortabler weicher Silikon-Nippel<\/p>\n","protected":false},"featured_media":207133,"comment_status":"open","ping_status":"closed","template":"","meta":[],"product_brand":[],"product_cat":[21,9329],"product_tag":[],"class_list":{"0":"post-207132","1":"product","2":"type-product","3":"status-publish","4":"has-post-thumbnail","6":"product_cat-baby","7":"product_cat-kinderwagen-buggys-zubehoer-baby","8":"pa_binding-babyartikel","9":"pa_brand-philips-avent","10":"pa_color-blau-gruen","11":"pa_height-3-228-zoll","12":"pa_length-4-5275590505-zoll","13":"pa_manufacturer-philips-avent","14":"pa_model-scf085-09","15":"pa_size-4-count-pack-of-1","16":"pa_width-5-0393700736-zoll","18":"first","19":"instock","20":"shipping-taxable","21":"purchasable","22":"product-type-simple","23":"customify-col","24":"product-has-gallery"},"yoast_head":"<!-- This site is optimized with the Yoast SEO plugin v27.3 - https:\/\/yoast.com\/product\/yoast-seo-wordpress\/ -->\n<title>Philips Avent Ultra Air Schnuller, 6-18 Monate, B\u00e4r\/Pfote, 4er-Pack, SCF085\/09 - Markt-XXL<\/title>\n<meta name=\"description\" content=\"Markt-XXL Philips Avent Ultra Air Schnuller, 6-18 Monate, B\u00e4r\/Pfote, 4er-Pack, SCF085\/09\" \/>\n<meta name=\"robots\" content=\"index, follow, max-snippet:-1, max-image-preview:large, max-video-preview:-1\" \/>\n<link rel=\"canonical\" href=\"https:\/\/marktxxl.de\/markt\/produkt\/philips-avent-ultra-air-schnuller-6-18-monate-baer-pfote-4er-pack-scf085-09\/\" \/>\n<meta property=\"og:locale\" content=\"de_DE\" \/>\n<meta property=\"og:type\" content=\"article\" \/>\n<meta property=\"og:title\" content=\"Philips Avent Ultra Air Schnuller, 6-18 Monate, B\u00e4r\/Pfote, 4er-Pack, SCF085\/09 - Markt-XXL\" \/>\n<meta property=\"og:description\" content=\"Markt-XXL Philips Avent Ultra Air Schnuller, 6-18 Monate, B\u00e4r\/Pfote, 4er-Pack, SCF085\/09\" \/>\n<meta property=\"og:url\" content=\"https:\/\/marktxxl.de\/markt\/produkt\/philips-avent-ultra-air-schnuller-6-18-monate-baer-pfote-4er-pack-scf085-09\/\" \/>\n<meta property=\"og:site_name\" content=\"Markt-XXL\" \/>\n<meta name=\"twitter:card\" content=\"summary_large_image\" \/>\n<script type=\"application\/ld+json\" class=\"yoast-schema-graph\">{\"@context\":\"https:\\\/\\\/schema.org\",\"@graph\":[{\"@type\":\"WebPage\",\"@id\":\"https:\\\/\\\/marktxxl.de\\\/markt\\\/produkt\\\/philips-avent-ultra-air-schnuller-6-18-monate-baer-pfote-4er-pack-scf085-09\\\/\",\"url\":\"https:\\\/\\\/marktxxl.de\\\/markt\\\/produkt\\\/philips-avent-ultra-air-schnuller-6-18-monate-baer-pfote-4er-pack-scf085-09\\\/\",\"name\":\"Philips Avent Ultra Air Schnuller, 6-18 Monate, B\u00e4r\\\/Pfote, 4er-Pack, SCF085\\\/09 - Markt-XXL\",\"isPartOf\":{\"@id\":\"https:\\\/\\\/marktxxl.de\\\/markt\\\/#website\"},\"primaryImageOfPage\":{\"@id\":\"https:\\\/\\\/marktxxl.de\\\/markt\\\/produkt\\\/philips-avent-ultra-air-schnuller-6-18-monate-baer-pfote-4er-pack-scf085-09\\\/#primaryimage\"},\"image\":{\"@id\":\"https:\\\/\\\/marktxxl.de\\\/markt\\\/produkt\\\/philips-avent-ultra-air-schnuller-6-18-monate-baer-pfote-4er-pack-scf085-09\\\/#primaryimage\"},\"thumbnailUrl\":\"https:\\\/\\\/m.media-amazon.com\\\/images\\\/I\\\/41OFo1CwakL._SL500_.jpg\",\"datePublished\":\"2024-05-28T23:53:24+00:00\",\"description\":\"Markt-XXL Philips Avent Ultra Air Schnuller, 6-18 Monate, B\u00e4r\\\/Pfote, 4er-Pack, SCF085\\\/09\",\"breadcrumb\":{\"@id\":\"https:\\\/\\\/marktxxl.de\\\/markt\\\/produkt\\\/philips-avent-ultra-air-schnuller-6-18-monate-baer-pfote-4er-pack-scf085-09\\\/#breadcrumb\"},\"inLanguage\":\"de\",\"potentialAction\":[{\"@type\":\"ReadAction\",\"target\":[\"https:\\\/\\\/marktxxl.de\\\/markt\\\/produkt\\\/philips-avent-ultra-air-schnuller-6-18-monate-baer-pfote-4er-pack-scf085-09\\\/\"]}]},{\"@type\":\"ImageObject\",\"inLanguage\":\"de\",\"@id\":\"https:\\\/\\\/marktxxl.de\\\/markt\\\/produkt\\\/philips-avent-ultra-air-schnuller-6-18-monate-baer-pfote-4er-pack-scf085-09\\\/#primaryimage\",\"url\":\"https:\\\/\\\/m.media-amazon.com\\\/images\\\/I\\\/41OFo1CwakL._SL500_.jpg\",\"contentUrl\":\"https:\\\/\\\/m.media-amazon.com\\\/images\\\/I\\\/41OFo1CwakL._SL500_.jpg\",\"width\":500,\"height\":400},{\"@type\":\"BreadcrumbList\",\"@id\":\"https:\\\/\\\/marktxxl.de\\\/markt\\\/produkt\\\/philips-avent-ultra-air-schnuller-6-18-monate-baer-pfote-4er-pack-scf085-09\\\/#breadcrumb\",\"itemListElement\":[{\"@type\":\"ListItem\",\"position\":1,\"name\":\"Startseite\",\"item\":\"https:\\\/\\\/marktxxl.de\\\/markt\\\/\"},{\"@type\":\"ListItem\",\"position\":2,\"name\":\"Markt\",\"item\":\"https:\\\/\\\/marktxxl.de\\\/markt\\\/\"},{\"@type\":\"ListItem\",\"position\":3,\"name\":\"Philips Avent Ultra Air Schnuller, 6-18 Monate, B\u00e4r\\\/Pfote, 4er-Pack, SCF085\\\/09\"}]},{\"@type\":\"WebSite\",\"@id\":\"https:\\\/\\\/marktxxl.de\\\/markt\\\/#website\",\"url\":\"https:\\\/\\\/marktxxl.de\\\/markt\\\/\",\"name\":\"Markt-XXL\",\"description\":\"Ihr Markt Online\",\"publisher\":{\"@id\":\"https:\\\/\\\/marktxxl.de\\\/markt\\\/#organization\"},\"potentialAction\":[{\"@type\":\"SearchAction\",\"target\":{\"@type\":\"EntryPoint\",\"urlTemplate\":\"https:\\\/\\\/marktxxl.de\\\/markt\\\/?s={search_term_string}\"},\"query-input\":{\"@type\":\"PropertyValueSpecification\",\"valueRequired\":true,\"valueName\":\"search_term_string\"}}],\"inLanguage\":\"de\"},{\"@type\":\"Organization\",\"@id\":\"https:\\\/\\\/marktxxl.de\\\/markt\\\/#organization\",\"name\":\"Markt-XXL\",\"url\":\"https:\\\/\\\/marktxxl.de\\\/markt\\\/\",\"logo\":{\"@type\":\"ImageObject\",\"inLanguage\":\"de\",\"@id\":\"https:\\\/\\\/marktxxl.de\\\/markt\\\/#\\\/schema\\\/logo\\\/image\\\/\",\"url\":\"https:\\\/\\\/marktxxl.de\\\/markt\\\/wp-content\\\/uploads\\\/sites\\\/3\\\/2020\\\/12\\\/logo.png\",\"contentUrl\":\"https:\\\/\\\/marktxxl.de\\\/markt\\\/wp-content\\\/uploads\\\/sites\\\/3\\\/2020\\\/12\\\/logo.png\",\"width\":200,\"height\":70,\"caption\":\"Markt-XXL\"},\"image\":{\"@id\":\"https:\\\/\\\/marktxxl.de\\\/markt\\\/#\\\/schema\\\/logo\\\/image\\\/\"}}]}<\/script>\n<!-- \/ Yoast SEO plugin. -->","yoast_head_json":{"title":"Philips Avent Ultra Air Schnuller, 6-18 Monate, B\u00e4r\/Pfote, 4er-Pack, SCF085\/09 - Markt-XXL","description":"Markt-XXL Philips Avent Ultra Air Schnuller, 6-18 Monate, B\u00e4r\/Pfote, 4er-Pack, SCF085\/09","robots":{"index":"index","follow":"follow","max-snippet":"max-snippet:-1","max-image-preview":"max-image-preview:large","max-video-preview":"max-video-preview:-1"},"canonical":"https:\/\/marktxxl.de\/markt\/produkt\/philips-avent-ultra-air-schnuller-6-18-monate-baer-pfote-4er-pack-scf085-09\/","og_locale":"de_DE","og_type":"article","og_title":"Philips Avent Ultra Air Schnuller, 6-18 Monate, B\u00e4r\/Pfote, 4er-Pack, SCF085\/09 - Markt-XXL","og_description":"Markt-XXL Philips Avent Ultra Air Schnuller, 6-18 Monate, B\u00e4r\/Pfote, 4er-Pack, SCF085\/09","og_url":"https:\/\/marktxxl.de\/markt\/produkt\/philips-avent-ultra-air-schnuller-6-18-monate-baer-pfote-4er-pack-scf085-09\/","og_site_name":"Markt-XXL","twitter_card":"summary_large_image","schema":{"@context":"https:\/\/schema.org","@graph":[{"@type":"WebPage","@id":"https:\/\/marktxxl.de\/markt\/produkt\/philips-avent-ultra-air-schnuller-6-18-monate-baer-pfote-4er-pack-scf085-09\/","url":"https:\/\/marktxxl.de\/markt\/produkt\/philips-avent-ultra-air-schnuller-6-18-monate-baer-pfote-4er-pack-scf085-09\/","name":"Philips Avent Ultra Air Schnuller, 6-18 Monate, B\u00e4r\/Pfote, 4er-Pack, SCF085\/09 - Markt-XXL","isPartOf":{"@id":"https:\/\/marktxxl.de\/markt\/#website"},"primaryImageOfPage":{"@id":"https:\/\/marktxxl.de\/markt\/produkt\/philips-avent-ultra-air-schnuller-6-18-monate-baer-pfote-4er-pack-scf085-09\/#primaryimage"},"image":{"@id":"https:\/\/marktxxl.de\/markt\/produkt\/philips-avent-ultra-air-schnuller-6-18-monate-baer-pfote-4er-pack-scf085-09\/#primaryimage"},"thumbnailUrl":"https:\/\/m.media-amazon.com\/images\/I\/41OFo1CwakL._SL500_.jpg","datePublished":"2024-05-28T23:53:24+00:00","description":"Markt-XXL Philips Avent Ultra Air Schnuller, 6-18 Monate, B\u00e4r\/Pfote, 4er-Pack, SCF085\/09","breadcrumb":{"@id":"https:\/\/marktxxl.de\/markt\/produkt\/philips-avent-ultra-air-schnuller-6-18-monate-baer-pfote-4er-pack-scf085-09\/#breadcrumb"},"inLanguage":"de","potentialAction":[{"@type":"ReadAction","target":["https:\/\/marktxxl.de\/markt\/produkt\/philips-avent-ultra-air-schnuller-6-18-monate-baer-pfote-4er-pack-scf085-09\/"]}]},{"@type":"ImageObject","inLanguage":"de","@id":"https:\/\/marktxxl.de\/markt\/produkt\/philips-avent-ultra-air-schnuller-6-18-monate-baer-pfote-4er-pack-scf085-09\/#primaryimage","url":"https:\/\/m.media-amazon.com\/images\/I\/41OFo1CwakL._SL500_.jpg","contentUrl":"https:\/\/m.media-amazon.com\/images\/I\/41OFo1CwakL._SL500_.jpg","width":500,"height":400},{"@type":"BreadcrumbList","@id":"https:\/\/marktxxl.de\/markt\/produkt\/philips-avent-ultra-air-schnuller-6-18-monate-baer-pfote-4er-pack-scf085-09\/#breadcrumb","itemListElement":[{"@type":"ListItem","position":1,"name":"Startseite","item":"https:\/\/marktxxl.de\/markt\/"},{"@type":"ListItem","position":2,"name":"Markt","item":"https:\/\/marktxxl.de\/markt\/"},{"@type":"ListItem","position":3,"name":"Philips Avent Ultra Air Schnuller, 6-18 Monate, B\u00e4r\/Pfote, 4er-Pack, SCF085\/09"}]},{"@type":"WebSite","@id":"https:\/\/marktxxl.de\/markt\/#website","url":"https:\/\/marktxxl.de\/markt\/","name":"Markt-XXL","description":"Ihr Markt Online","publisher":{"@id":"https:\/\/marktxxl.de\/markt\/#organization"},"potentialAction":[{"@type":"SearchAction","target":{"@type":"EntryPoint","urlTemplate":"https:\/\/marktxxl.de\/markt\/?s={search_term_string}"},"query-input":{"@type":"PropertyValueSpecification","valueRequired":true,"valueName":"search_term_string"}}],"inLanguage":"de"},{"@type":"Organization","@id":"https:\/\/marktxxl.de\/markt\/#organization","name":"Markt-XXL","url":"https:\/\/marktxxl.de\/markt\/","logo":{"@type":"ImageObject","inLanguage":"de","@id":"https:\/\/marktxxl.de\/markt\/#\/schema\/logo\/image\/","url":"https:\/\/marktxxl.de\/markt\/wp-content\/uploads\/sites\/3\/2020\/12\/logo.png","contentUrl":"https:\/\/marktxxl.de\/markt\/wp-content\/uploads\/sites\/3\/2020\/12\/logo.png","width":200,"height":70,"caption":"Markt-XXL"},"image":{"@id":"https:\/\/marktxxl.de\/markt\/#\/schema\/logo\/image\/"}}]}},"_links":{"self":[{"href":"https:\/\/marktxxl.de\/markt\/wp-json\/wp\/v2\/product\/207132","targetHints":{"allow":["GET"]}}],"collection":[{"href":"https:\/\/marktxxl.de\/markt\/wp-json\/wp\/v2\/product"}],"about":[{"href":"https:\/\/marktxxl.de\/markt\/wp-json\/wp\/v2\/types\/product"}],"replies":[{"embeddable":true,"href":"https:\/\/marktxxl.de\/markt\/wp-json\/wp\/v2\/comments?post=207132"}],"wp:featuredmedia":[{"embeddable":true,"href":"https:\/\/marktxxl.de\/markt\/wp-json\/wp\/v2\/media\/207133"}],"wp:attachment":[{"href":"https:\/\/marktxxl.de\/markt\/wp-json\/wp\/v2\/media?parent=207132"}],"wp:term":[{"taxonomy":"product_brand","embeddable":true,"href":"https:\/\/marktxxl.de\/markt\/wp-json\/wp\/v2\/product_brand?post=207132"},{"taxonomy":"product_cat","embeddable":true,"href":"https:\/\/marktxxl.de\/markt\/wp-json\/wp\/v2\/product_cat?post=207132"},{"taxonomy":"product_tag","embeddable":true,"href":"https:\/\/marktxxl.de\/markt\/wp-json\/wp\/v2\/product_tag?post=207132"}],"curies":[{"name":"wp","href":"https:\/\/api.w.org\/{rel}","templated":true}]}}