{"id":207070,"date":"2024-05-29T01:51:31","date_gmt":"2024-05-28T23:51:31","guid":{"rendered":"https:\/\/marktxxl.de\/markt\/produkt\/matchstick-monkey-beissring-affe-original-baby-zahnungshilfe-weiche-noppen-massieren-wundes-zahnfleisch-silikon-bpa-frei-greifling-fuer-zahnen-ab-3-monaten-hellblau\/"},"modified":"2024-05-29T01:51:31","modified_gmt":"2024-05-28T23:51:31","slug":"matchstick-monkey-beissring-affe-original-baby-zahnungshilfe-weiche-noppen-massieren-wundes-zahnfleisch-silikon-bpa-frei-greifling-fuer-zahnen-ab-3-monaten-hellblau","status":"publish","type":"product","link":"https:\/\/marktxxl.de\/markt\/produkt\/matchstick-monkey-beissring-affe-original-baby-zahnungshilfe-weiche-noppen-massieren-wundes-zahnfleisch-silikon-bpa-frei-greifling-fuer-zahnen-ab-3-monaten-hellblau\/","title":{"rendered":"Matchstick Monkey &#8211; Bei\u00dfring Affe Original &#8211; Baby Zahnungshilfe &#8211; weiche Noppen massieren wundes Zahnfleisch &#8211; Silikon BPA-frei &#8211; Greifling f\u00fcr Zahnen &#8211; ab 3 Monaten &#8211; hellblau"},"content":{"rendered":"<p>\ud83d\udc35 VIELSEITIGES SPIELZEUG. Der Matchstick Monkey Affe Original ist ein lustiges, vielseitiges Spielzeug f\u00fcr Ihr Baby. Es dient als Zahnungshilfe, Spielzeug und Greifling in einem. Es hilft Ihnen und Ihrem Baby die Herausforderungen des gemeinsamen Zahnens zu bew\u00e4ltigen.<br \/>\n\ud83d\udcaaERGONOMISCHE FORM. Dank seiner ergonomischen Form liegt der Affe perfekt in den kleinen H\u00e4nden Ihres Babys und hilft beim Erlernen des Greifens und Festhaltens.<br \/>\n\ud83c\udf08 BUNTE FARBEN. Der Matchstick Monkey Affe Original ist in verschiedenen bunten Farben erh\u00e4ltlich und weckt die Aufmerksamkeit Ihres Babys. Es ist frei von sch\u00e4dlichen Chemikalien und sicher f\u00fcr Ihr Kind ab 3 Monaten.<br \/>\n\ud83e\uddb7 ZAHNUNGSHILFE. Die spezielle Silikonstruktur auf der R\u00fcckseite des Affen massiert sanft das Zahnfleisch Ihres Babys und lindert den Zahnungsschmerz. Es kann auch dabei helfen, den nat\u00fcrlichen Zahndurchbruch zu erleichtern.<br \/>\n\ud83c\udf81 TOLLES GESCHENK. Der Matchstick Monkey Affe Original ist ein ideales Geschenk zur Geburt oder Taufe. Es f\u00f6rdert die sensorische Entwicklung, hilft beim Zahnen und bringt Ihrem Baby viel Freude.<br \/>\n<div class=\"main-cross-sell\" data-asin=\"B079T4HRXR\">\n\n\t<div class=\"WooZone-cross-sell-loader\">\n\t\t<div>\n\t\t\t<div id=\"floatingBarsG\">\n\t\t\t\t<div class=\"blockG\" id=\"rotateG_01\"><\/div>\n\t\t\t\t<div class=\"blockG\" id=\"rotateG_02\"><\/div>\n\t\t\t\t<div class=\"blockG\" id=\"rotateG_03\"><\/div>\n\t\t\t\t<div class=\"blockG\" id=\"rotateG_04\"><\/div>\n\t\t\t\t<div class=\"blockG\" id=\"rotateG_05\"><\/div>\n\t\t\t\t<div class=\"blockG\" id=\"rotateG_06\"><\/div>\n\t\t\t\t<div class=\"blockG\" id=\"rotateG_07\"><\/div>\n\t\t\t\t<div class=\"blockG\" id=\"rotateG_08\"><\/div>\n\t\t\t<\/div>\n\t\t\t<div class=\"WooZone-cross-sell-loader-text\"><\/div>\n\t\t<\/div>\n\t<\/div>\n\n\t\t\n<\/div>\n<div style=\"clear:both;\"><\/div><\/p>\n","protected":false},"excerpt":{"rendered":"<p>\ud83d\udc35 VIELSEITIGES SPIELZEUG. Der Matchstick Monkey Affe Original ist ein lustiges, vielseitiges Spielzeug f\u00fcr Ihr Baby. Es dient als Zahnungshilfe, Spielzeug und Greifling in einem. Es hilft Ihnen und Ihrem Baby die Herausforderungen des gemeinsamen Zahnens zu bew\u00e4ltigen.<br \/>\n\ud83d\udcaaERGONOMISCHE FORM. Dank seiner ergonomischen Form liegt der Affe perfekt in den kleinen H\u00e4nden Ihres Babys und hilft beim Erlernen des Greifens und Festhaltens.<br \/>\n\ud83c\udf08 BUNTE FARBEN. Der Matchstick Monkey Affe Original ist in verschiedenen bunten Farben erh\u00e4ltlich und weckt die Aufmerksamkeit Ihres Babys. Es ist frei von sch\u00e4dlichen Chemikalien und sicher f\u00fcr Ihr Kind ab 3 Monaten.<\/p>\n","protected":false},"featured_media":207071,"comment_status":"open","ping_status":"closed","template":"","meta":[],"product_brand":[],"product_cat":[21,9329],"product_tag":[],"class_list":{"0":"post-207070","1":"product","2":"type-product","3":"status-publish","4":"has-post-thumbnail","6":"product_cat-baby","7":"product_cat-kinderwagen-buggys-zubehoer-baby","8":"pa_binding-babyartikel","9":"pa_brand-matchstick-monkey","10":"pa_color-grey-blue-pink-rubine-red-orange-yellow-green","11":"pa_height-6-29-zoll","12":"pa_length-2-36-zoll","13":"pa_manufacturer-matchstick-monkey-limited","14":"pa_model-mm-t-007","15":"pa_weight-0-17-pounds","16":"pa_width-2-36-zoll","18":"first","19":"instock","20":"shipping-taxable","21":"purchasable","22":"product-type-simple","23":"customify-col","24":"product-has-gallery"},"yoast_head":"<!-- This site is optimized with the Yoast SEO plugin v27.4 - https:\/\/yoast.com\/product\/yoast-seo-wordpress\/ -->\n<title>Matchstick Monkey - Bei\u00dfring Affe Original - Baby Zahnungshilfe - weiche Noppen massieren wundes Zahnfleisch - Silikon BPA-frei - Greifling f\u00fcr Zahnen - ab 3 Monaten - hellblau - Markt-XXL<\/title>\n<meta name=\"description\" content=\"Markt-XXL Matchstick Monkey - Bei\u00dfring Affe Original - Baby Zahnungshilfe - weiche Noppen massieren wundes Zahnfleisch - Silikon BPA-frei - Greifling f\u00fcr Zahnen - ab 3 Monaten - hellblau\" \/>\n<meta name=\"robots\" content=\"index, follow, max-snippet:-1, max-image-preview:large, max-video-preview:-1\" \/>\n<link rel=\"canonical\" href=\"https:\/\/marktxxl.de\/markt\/produkt\/matchstick-monkey-beissring-affe-original-baby-zahnungshilfe-weiche-noppen-massieren-wundes-zahnfleisch-silikon-bpa-frei-greifling-fuer-zahnen-ab-3-monaten-hellblau\/\" \/>\n<meta property=\"og:locale\" content=\"de_DE\" \/>\n<meta property=\"og:type\" content=\"article\" \/>\n<meta property=\"og:title\" content=\"Matchstick Monkey - Bei\u00dfring Affe Original - Baby Zahnungshilfe - weiche Noppen massieren wundes Zahnfleisch - Silikon BPA-frei - Greifling f\u00fcr Zahnen - ab 3 Monaten - hellblau - Markt-XXL\" \/>\n<meta property=\"og:description\" content=\"Markt-XXL Matchstick Monkey - Bei\u00dfring Affe Original - Baby Zahnungshilfe - weiche Noppen massieren wundes Zahnfleisch - Silikon BPA-frei - Greifling f\u00fcr Zahnen - ab 3 Monaten - hellblau\" \/>\n<meta property=\"og:url\" content=\"https:\/\/marktxxl.de\/markt\/produkt\/matchstick-monkey-beissring-affe-original-baby-zahnungshilfe-weiche-noppen-massieren-wundes-zahnfleisch-silikon-bpa-frei-greifling-fuer-zahnen-ab-3-monaten-hellblau\/\" \/>\n<meta property=\"og:site_name\" content=\"Markt-XXL\" \/>\n<meta name=\"twitter:card\" content=\"summary_large_image\" \/>\n<meta name=\"twitter:label1\" content=\"Gesch\u00e4tzte Lesezeit\" \/>\n\t<meta name=\"twitter:data1\" content=\"1\u00a0Minute\" \/>\n<script type=\"application\/ld+json\" class=\"yoast-schema-graph\">{\"@context\":\"https:\\\/\\\/schema.org\",\"@graph\":[{\"@type\":\"WebPage\",\"@id\":\"https:\\\/\\\/marktxxl.de\\\/markt\\\/produkt\\\/matchstick-monkey-beissring-affe-original-baby-zahnungshilfe-weiche-noppen-massieren-wundes-zahnfleisch-silikon-bpa-frei-greifling-fuer-zahnen-ab-3-monaten-hellblau\\\/\",\"url\":\"https:\\\/\\\/marktxxl.de\\\/markt\\\/produkt\\\/matchstick-monkey-beissring-affe-original-baby-zahnungshilfe-weiche-noppen-massieren-wundes-zahnfleisch-silikon-bpa-frei-greifling-fuer-zahnen-ab-3-monaten-hellblau\\\/\",\"name\":\"Matchstick Monkey - Bei\u00dfring Affe Original - Baby Zahnungshilfe - weiche Noppen massieren wundes Zahnfleisch - Silikon BPA-frei - Greifling f\u00fcr Zahnen - ab 3 Monaten - hellblau - Markt-XXL\",\"isPartOf\":{\"@id\":\"https:\\\/\\\/marktxxl.de\\\/markt\\\/#website\"},\"primaryImageOfPage\":{\"@id\":\"https:\\\/\\\/marktxxl.de\\\/markt\\\/produkt\\\/matchstick-monkey-beissring-affe-original-baby-zahnungshilfe-weiche-noppen-massieren-wundes-zahnfleisch-silikon-bpa-frei-greifling-fuer-zahnen-ab-3-monaten-hellblau\\\/#primaryimage\"},\"image\":{\"@id\":\"https:\\\/\\\/marktxxl.de\\\/markt\\\/produkt\\\/matchstick-monkey-beissring-affe-original-baby-zahnungshilfe-weiche-noppen-massieren-wundes-zahnfleisch-silikon-bpa-frei-greifling-fuer-zahnen-ab-3-monaten-hellblau\\\/#primaryimage\"},\"thumbnailUrl\":\"https:\\\/\\\/m.media-amazon.com\\\/images\\\/I\\\/31ERQ0Ip1-L._SL500_.jpg\",\"datePublished\":\"2024-05-28T23:51:31+00:00\",\"description\":\"Markt-XXL Matchstick Monkey - Bei\u00dfring Affe Original - Baby Zahnungshilfe - weiche Noppen massieren wundes Zahnfleisch - Silikon BPA-frei - Greifling f\u00fcr Zahnen - ab 3 Monaten - hellblau\",\"breadcrumb\":{\"@id\":\"https:\\\/\\\/marktxxl.de\\\/markt\\\/produkt\\\/matchstick-monkey-beissring-affe-original-baby-zahnungshilfe-weiche-noppen-massieren-wundes-zahnfleisch-silikon-bpa-frei-greifling-fuer-zahnen-ab-3-monaten-hellblau\\\/#breadcrumb\"},\"inLanguage\":\"de\",\"potentialAction\":[{\"@type\":\"ReadAction\",\"target\":[\"https:\\\/\\\/marktxxl.de\\\/markt\\\/produkt\\\/matchstick-monkey-beissring-affe-original-baby-zahnungshilfe-weiche-noppen-massieren-wundes-zahnfleisch-silikon-bpa-frei-greifling-fuer-zahnen-ab-3-monaten-hellblau\\\/\"]}]},{\"@type\":\"ImageObject\",\"inLanguage\":\"de\",\"@id\":\"https:\\\/\\\/marktxxl.de\\\/markt\\\/produkt\\\/matchstick-monkey-beissring-affe-original-baby-zahnungshilfe-weiche-noppen-massieren-wundes-zahnfleisch-silikon-bpa-frei-greifling-fuer-zahnen-ab-3-monaten-hellblau\\\/#primaryimage\",\"url\":\"https:\\\/\\\/m.media-amazon.com\\\/images\\\/I\\\/31ERQ0Ip1-L._SL500_.jpg\",\"contentUrl\":\"https:\\\/\\\/m.media-amazon.com\\\/images\\\/I\\\/31ERQ0Ip1-L._SL500_.jpg\",\"width\":500,\"height\":500},{\"@type\":\"BreadcrumbList\",\"@id\":\"https:\\\/\\\/marktxxl.de\\\/markt\\\/produkt\\\/matchstick-monkey-beissring-affe-original-baby-zahnungshilfe-weiche-noppen-massieren-wundes-zahnfleisch-silikon-bpa-frei-greifling-fuer-zahnen-ab-3-monaten-hellblau\\\/#breadcrumb\",\"itemListElement\":[{\"@type\":\"ListItem\",\"position\":1,\"name\":\"Startseite\",\"item\":\"https:\\\/\\\/marktxxl.de\\\/markt\\\/\"},{\"@type\":\"ListItem\",\"position\":2,\"name\":\"Markt\",\"item\":\"https:\\\/\\\/marktxxl.de\\\/markt\\\/\"},{\"@type\":\"ListItem\",\"position\":3,\"name\":\"Matchstick Monkey &#8211; Bei\u00dfring Affe Original &#8211; Baby Zahnungshilfe &#8211; weiche Noppen massieren wundes Zahnfleisch &#8211; Silikon BPA-frei &#8211; Greifling f\u00fcr Zahnen &#8211; ab 3 Monaten &#8211; hellblau\"}]},{\"@type\":\"WebSite\",\"@id\":\"https:\\\/\\\/marktxxl.de\\\/markt\\\/#website\",\"url\":\"https:\\\/\\\/marktxxl.de\\\/markt\\\/\",\"name\":\"Markt-XXL\",\"description\":\"Ihr Markt Online\",\"publisher\":{\"@id\":\"https:\\\/\\\/marktxxl.de\\\/markt\\\/#organization\"},\"potentialAction\":[{\"@type\":\"SearchAction\",\"target\":{\"@type\":\"EntryPoint\",\"urlTemplate\":\"https:\\\/\\\/marktxxl.de\\\/markt\\\/?s={search_term_string}\"},\"query-input\":{\"@type\":\"PropertyValueSpecification\",\"valueRequired\":true,\"valueName\":\"search_term_string\"}}],\"inLanguage\":\"de\"},{\"@type\":\"Organization\",\"@id\":\"https:\\\/\\\/marktxxl.de\\\/markt\\\/#organization\",\"name\":\"Markt-XXL\",\"url\":\"https:\\\/\\\/marktxxl.de\\\/markt\\\/\",\"logo\":{\"@type\":\"ImageObject\",\"inLanguage\":\"de\",\"@id\":\"https:\\\/\\\/marktxxl.de\\\/markt\\\/#\\\/schema\\\/logo\\\/image\\\/\",\"url\":\"https:\\\/\\\/marktxxl.de\\\/markt\\\/wp-content\\\/uploads\\\/sites\\\/3\\\/2020\\\/12\\\/logo.png\",\"contentUrl\":\"https:\\\/\\\/marktxxl.de\\\/markt\\\/wp-content\\\/uploads\\\/sites\\\/3\\\/2020\\\/12\\\/logo.png\",\"width\":200,\"height\":70,\"caption\":\"Markt-XXL\"},\"image\":{\"@id\":\"https:\\\/\\\/marktxxl.de\\\/markt\\\/#\\\/schema\\\/logo\\\/image\\\/\"}}]}<\/script>\n<!-- \/ Yoast SEO plugin. -->","yoast_head_json":{"title":"Matchstick Monkey - Bei\u00dfring Affe Original - Baby Zahnungshilfe - weiche Noppen massieren wundes Zahnfleisch - Silikon BPA-frei - Greifling f\u00fcr Zahnen - ab 3 Monaten - hellblau - Markt-XXL","description":"Markt-XXL Matchstick Monkey - Bei\u00dfring Affe Original - Baby Zahnungshilfe - weiche Noppen massieren wundes Zahnfleisch - Silikon BPA-frei - Greifling f\u00fcr Zahnen - ab 3 Monaten - hellblau","robots":{"index":"index","follow":"follow","max-snippet":"max-snippet:-1","max-image-preview":"max-image-preview:large","max-video-preview":"max-video-preview:-1"},"canonical":"https:\/\/marktxxl.de\/markt\/produkt\/matchstick-monkey-beissring-affe-original-baby-zahnungshilfe-weiche-noppen-massieren-wundes-zahnfleisch-silikon-bpa-frei-greifling-fuer-zahnen-ab-3-monaten-hellblau\/","og_locale":"de_DE","og_type":"article","og_title":"Matchstick Monkey - Bei\u00dfring Affe Original - Baby Zahnungshilfe - weiche Noppen massieren wundes Zahnfleisch - Silikon BPA-frei - Greifling f\u00fcr Zahnen - ab 3 Monaten - hellblau - Markt-XXL","og_description":"Markt-XXL Matchstick Monkey - Bei\u00dfring Affe Original - Baby Zahnungshilfe - weiche Noppen massieren wundes Zahnfleisch - Silikon BPA-frei - Greifling f\u00fcr Zahnen - ab 3 Monaten - hellblau","og_url":"https:\/\/marktxxl.de\/markt\/produkt\/matchstick-monkey-beissring-affe-original-baby-zahnungshilfe-weiche-noppen-massieren-wundes-zahnfleisch-silikon-bpa-frei-greifling-fuer-zahnen-ab-3-monaten-hellblau\/","og_site_name":"Markt-XXL","twitter_card":"summary_large_image","twitter_misc":{"Gesch\u00e4tzte Lesezeit":"1\u00a0Minute"},"schema":{"@context":"https:\/\/schema.org","@graph":[{"@type":"WebPage","@id":"https:\/\/marktxxl.de\/markt\/produkt\/matchstick-monkey-beissring-affe-original-baby-zahnungshilfe-weiche-noppen-massieren-wundes-zahnfleisch-silikon-bpa-frei-greifling-fuer-zahnen-ab-3-monaten-hellblau\/","url":"https:\/\/marktxxl.de\/markt\/produkt\/matchstick-monkey-beissring-affe-original-baby-zahnungshilfe-weiche-noppen-massieren-wundes-zahnfleisch-silikon-bpa-frei-greifling-fuer-zahnen-ab-3-monaten-hellblau\/","name":"Matchstick Monkey - Bei\u00dfring Affe Original - Baby Zahnungshilfe - weiche Noppen massieren wundes Zahnfleisch - Silikon BPA-frei - Greifling f\u00fcr Zahnen - ab 3 Monaten - hellblau - Markt-XXL","isPartOf":{"@id":"https:\/\/marktxxl.de\/markt\/#website"},"primaryImageOfPage":{"@id":"https:\/\/marktxxl.de\/markt\/produkt\/matchstick-monkey-beissring-affe-original-baby-zahnungshilfe-weiche-noppen-massieren-wundes-zahnfleisch-silikon-bpa-frei-greifling-fuer-zahnen-ab-3-monaten-hellblau\/#primaryimage"},"image":{"@id":"https:\/\/marktxxl.de\/markt\/produkt\/matchstick-monkey-beissring-affe-original-baby-zahnungshilfe-weiche-noppen-massieren-wundes-zahnfleisch-silikon-bpa-frei-greifling-fuer-zahnen-ab-3-monaten-hellblau\/#primaryimage"},"thumbnailUrl":"https:\/\/m.media-amazon.com\/images\/I\/31ERQ0Ip1-L._SL500_.jpg","datePublished":"2024-05-28T23:51:31+00:00","description":"Markt-XXL Matchstick Monkey - Bei\u00dfring Affe Original - Baby Zahnungshilfe - weiche Noppen massieren wundes Zahnfleisch - Silikon BPA-frei - Greifling f\u00fcr Zahnen - ab 3 Monaten - hellblau","breadcrumb":{"@id":"https:\/\/marktxxl.de\/markt\/produkt\/matchstick-monkey-beissring-affe-original-baby-zahnungshilfe-weiche-noppen-massieren-wundes-zahnfleisch-silikon-bpa-frei-greifling-fuer-zahnen-ab-3-monaten-hellblau\/#breadcrumb"},"inLanguage":"de","potentialAction":[{"@type":"ReadAction","target":["https:\/\/marktxxl.de\/markt\/produkt\/matchstick-monkey-beissring-affe-original-baby-zahnungshilfe-weiche-noppen-massieren-wundes-zahnfleisch-silikon-bpa-frei-greifling-fuer-zahnen-ab-3-monaten-hellblau\/"]}]},{"@type":"ImageObject","inLanguage":"de","@id":"https:\/\/marktxxl.de\/markt\/produkt\/matchstick-monkey-beissring-affe-original-baby-zahnungshilfe-weiche-noppen-massieren-wundes-zahnfleisch-silikon-bpa-frei-greifling-fuer-zahnen-ab-3-monaten-hellblau\/#primaryimage","url":"https:\/\/m.media-amazon.com\/images\/I\/31ERQ0Ip1-L._SL500_.jpg","contentUrl":"https:\/\/m.media-amazon.com\/images\/I\/31ERQ0Ip1-L._SL500_.jpg","width":500,"height":500},{"@type":"BreadcrumbList","@id":"https:\/\/marktxxl.de\/markt\/produkt\/matchstick-monkey-beissring-affe-original-baby-zahnungshilfe-weiche-noppen-massieren-wundes-zahnfleisch-silikon-bpa-frei-greifling-fuer-zahnen-ab-3-monaten-hellblau\/#breadcrumb","itemListElement":[{"@type":"ListItem","position":1,"name":"Startseite","item":"https:\/\/marktxxl.de\/markt\/"},{"@type":"ListItem","position":2,"name":"Markt","item":"https:\/\/marktxxl.de\/markt\/"},{"@type":"ListItem","position":3,"name":"Matchstick Monkey &#8211; Bei\u00dfring Affe Original &#8211; Baby Zahnungshilfe &#8211; weiche Noppen massieren wundes Zahnfleisch &#8211; Silikon BPA-frei &#8211; Greifling f\u00fcr Zahnen &#8211; ab 3 Monaten &#8211; hellblau"}]},{"@type":"WebSite","@id":"https:\/\/marktxxl.de\/markt\/#website","url":"https:\/\/marktxxl.de\/markt\/","name":"Markt-XXL","description":"Ihr Markt Online","publisher":{"@id":"https:\/\/marktxxl.de\/markt\/#organization"},"potentialAction":[{"@type":"SearchAction","target":{"@type":"EntryPoint","urlTemplate":"https:\/\/marktxxl.de\/markt\/?s={search_term_string}"},"query-input":{"@type":"PropertyValueSpecification","valueRequired":true,"valueName":"search_term_string"}}],"inLanguage":"de"},{"@type":"Organization","@id":"https:\/\/marktxxl.de\/markt\/#organization","name":"Markt-XXL","url":"https:\/\/marktxxl.de\/markt\/","logo":{"@type":"ImageObject","inLanguage":"de","@id":"https:\/\/marktxxl.de\/markt\/#\/schema\/logo\/image\/","url":"https:\/\/marktxxl.de\/markt\/wp-content\/uploads\/sites\/3\/2020\/12\/logo.png","contentUrl":"https:\/\/marktxxl.de\/markt\/wp-content\/uploads\/sites\/3\/2020\/12\/logo.png","width":200,"height":70,"caption":"Markt-XXL"},"image":{"@id":"https:\/\/marktxxl.de\/markt\/#\/schema\/logo\/image\/"}}]}},"_links":{"self":[{"href":"https:\/\/marktxxl.de\/markt\/wp-json\/wp\/v2\/product\/207070","targetHints":{"allow":["GET"]}}],"collection":[{"href":"https:\/\/marktxxl.de\/markt\/wp-json\/wp\/v2\/product"}],"about":[{"href":"https:\/\/marktxxl.de\/markt\/wp-json\/wp\/v2\/types\/product"}],"replies":[{"embeddable":true,"href":"https:\/\/marktxxl.de\/markt\/wp-json\/wp\/v2\/comments?post=207070"}],"wp:featuredmedia":[{"embeddable":true,"href":"https:\/\/marktxxl.de\/markt\/wp-json\/wp\/v2\/media\/207071"}],"wp:attachment":[{"href":"https:\/\/marktxxl.de\/markt\/wp-json\/wp\/v2\/media?parent=207070"}],"wp:term":[{"taxonomy":"product_brand","embeddable":true,"href":"https:\/\/marktxxl.de\/markt\/wp-json\/wp\/v2\/product_brand?post=207070"},{"taxonomy":"product_cat","embeddable":true,"href":"https:\/\/marktxxl.de\/markt\/wp-json\/wp\/v2\/product_cat?post=207070"},{"taxonomy":"product_tag","embeddable":true,"href":"https:\/\/marktxxl.de\/markt\/wp-json\/wp\/v2\/product_tag?post=207070"}],"curies":[{"name":"wp","href":"https:\/\/api.w.org\/{rel}","templated":true}]}}