{"id":206875,"date":"2024-05-29T01:43:55","date_gmt":"2024-05-28T23:43:55","guid":{"rendered":"https:\/\/marktxxl.de\/markt\/produkt\/mam-original-silikon-schnuller-im-2er-set-zahnfreundlicher-schnuller-baby-schnuller-aus-speziellem-mam-skinsoft-silikon-mit-schnullerbox-6-16-monate-wal-2-stueck-1er-pack\/"},"modified":"2024-05-29T01:43:55","modified_gmt":"2024-05-28T23:43:55","slug":"mam-original-silikon-schnuller-im-2er-set-zahnfreundlicher-schnuller-baby-schnuller-aus-speziellem-mam-skinsoft-silikon-mit-schnullerbox-6-16-monate-wal-2-stueck-1er-pack","status":"publish","type":"product","link":"https:\/\/marktxxl.de\/markt\/produkt\/mam-original-silikon-schnuller-im-2er-set-zahnfreundlicher-schnuller-baby-schnuller-aus-speziellem-mam-skinsoft-silikon-mit-schnullerbox-6-16-monate-wal-2-stueck-1er-pack\/","title":{"rendered":"MAM Original Silikon Schnuller im 2er-Set, zahnfreundlicher Schnuller, Baby Schnuller aus speziellem MAM SkinSoft Silikon mit Schnullerbox, 6-16 Monate, Wal, 2 St\u00fcck (1er Pack)"},"content":{"rendered":"<p>Besonders sanft \u2013 Der MAM Original Elements mit Sauger aus SkinSoft Silikon f\u00fchlt sich sehr vertraut im Mund an \u2013 so wird er instinktiv akzeptiert. Eine Bereicherung f\u00fcr jede Baby Ausstattung<br \/>\nZahnfreundliches Design \u2013 MAM Schnuller werden in Zusammenarbeit mit Zahn\u00e4rzten entwickelt. Mit ihrem schmalen, symmetrischen Saugerhals sind die Schnuller besonders zahnfreundlich<br \/>\nHautfreundliche Form \u2013 Die gew\u00f6lbte Form sorgt f\u00fcr maximalen Komfort und dank gro\u00dfer Luftl\u00f6cher sowie Noppen an der Innenseite ist der Baby Schnuller extra hautfreundlich f\u00fcr empfindliche Babyhaut<br \/>\nPraktischer Schnullerknopf \u2013 Am Knopf k\u00f6nnen Babys den Schnuller aus Silikon schnell und einfach greifen. Zudem dient er zum einfachen Befestigen am Schnullerband<br \/>\nEinfache Handhabung \u2013 In der Sterilisier- und Transportbox kann der Schnuller einfach und zeitsparend ohne Zusatzger\u00e4t in der Mikrowelle sterilisiert werden. Das spart 77 % CO2 und Energie sowie Wasser<br \/>\n<div class=\"main-cross-sell\" data-asin=\"B0C9XQ8LDZ\">\n\n\t<div class=\"WooZone-cross-sell-loader\">\n\t\t<div>\n\t\t\t<div id=\"floatingBarsG\">\n\t\t\t\t<div class=\"blockG\" id=\"rotateG_01\"><\/div>\n\t\t\t\t<div class=\"blockG\" id=\"rotateG_02\"><\/div>\n\t\t\t\t<div class=\"blockG\" id=\"rotateG_03\"><\/div>\n\t\t\t\t<div class=\"blockG\" id=\"rotateG_04\"><\/div>\n\t\t\t\t<div class=\"blockG\" id=\"rotateG_05\"><\/div>\n\t\t\t\t<div class=\"blockG\" id=\"rotateG_06\"><\/div>\n\t\t\t\t<div class=\"blockG\" id=\"rotateG_07\"><\/div>\n\t\t\t\t<div class=\"blockG\" id=\"rotateG_08\"><\/div>\n\t\t\t<\/div>\n\t\t\t<div class=\"WooZone-cross-sell-loader-text\"><\/div>\n\t\t<\/div>\n\t<\/div>\n\n\t\t\n<\/div>\n<div style=\"clear:both;\"><\/div><\/p>\n","protected":false},"excerpt":{"rendered":"<p>Besonders sanft \u2013 Der MAM Original Elements mit Sauger aus SkinSoft Silikon f\u00fchlt sich sehr vertraut im Mund an \u2013 so wird er instinktiv akzeptiert. Eine Bereicherung f\u00fcr jede Baby Ausstattung<br \/>\nZahnfreundliches Design \u2013 MAM Schnuller werden in Zusammenarbeit mit Zahn\u00e4rzten entwickelt. Mit ihrem schmalen, symmetrischen Saugerhals sind die Schnuller besonders zahnfreundlich<br \/>\nHautfreundliche Form \u2013 Die gew\u00f6lbte Form sorgt f\u00fcr maximalen Komfort und dank gro\u00dfer Luftl\u00f6cher sowie Noppen an der Innenseite ist der Baby Schnuller extra hautfreundlich f\u00fcr empfindliche Babyhaut<\/p>\n","protected":false},"featured_media":206876,"comment_status":"open","ping_status":"closed","template":"","meta":[],"product_brand":[],"product_cat":[21,9329],"product_tag":[],"class_list":{"0":"post-206875","1":"product","2":"type-product","3":"status-publish","4":"has-post-thumbnail","6":"product_cat-baby","7":"product_cat-kinderwagen-buggys-zubehoer-baby","8":"pa_binding-haushaltswaren","9":"pa_brand-mam","11":"first","12":"instock","13":"shipping-taxable","14":"product-type-simple","15":"customify-col","16":"product-has-gallery"},"yoast_head":"<!-- This site is optimized with the Yoast SEO plugin v27.4 - https:\/\/yoast.com\/product\/yoast-seo-wordpress\/ -->\n<title>MAM Original Silikon Schnuller im 2er-Set, zahnfreundlicher Schnuller, Baby Schnuller aus speziellem MAM SkinSoft Silikon mit Schnullerbox, 6-16 Monate, Wal, 2 St\u00fcck (1er Pack) - Markt-XXL<\/title>\n<meta name=\"description\" content=\"Markt-XXL MAM Original Silikon Schnuller im 2er-Set, zahnfreundlicher Schnuller, Baby Schnuller aus speziellem MAM SkinSoft Silikon mit Schnullerbox, 6-16 Monate, Wal, 2 St\u00fcck (1er Pack)\" \/>\n<meta name=\"robots\" content=\"index, follow, max-snippet:-1, max-image-preview:large, max-video-preview:-1\" \/>\n<link rel=\"canonical\" href=\"https:\/\/marktxxl.de\/markt\/produkt\/mam-original-silikon-schnuller-im-2er-set-zahnfreundlicher-schnuller-baby-schnuller-aus-speziellem-mam-skinsoft-silikon-mit-schnullerbox-6-16-monate-wal-2-stueck-1er-pack\/\" \/>\n<meta property=\"og:locale\" content=\"de_DE\" \/>\n<meta property=\"og:type\" content=\"article\" \/>\n<meta property=\"og:title\" content=\"MAM Original Silikon Schnuller im 2er-Set, zahnfreundlicher Schnuller, Baby Schnuller aus speziellem MAM SkinSoft Silikon mit Schnullerbox, 6-16 Monate, Wal, 2 St\u00fcck (1er Pack) - Markt-XXL\" \/>\n<meta property=\"og:description\" content=\"Markt-XXL MAM Original Silikon Schnuller im 2er-Set, zahnfreundlicher Schnuller, Baby Schnuller aus speziellem MAM SkinSoft Silikon mit Schnullerbox, 6-16 Monate, Wal, 2 St\u00fcck (1er Pack)\" \/>\n<meta property=\"og:url\" content=\"https:\/\/marktxxl.de\/markt\/produkt\/mam-original-silikon-schnuller-im-2er-set-zahnfreundlicher-schnuller-baby-schnuller-aus-speziellem-mam-skinsoft-silikon-mit-schnullerbox-6-16-monate-wal-2-stueck-1er-pack\/\" \/>\n<meta property=\"og:site_name\" content=\"Markt-XXL\" \/>\n<meta name=\"twitter:card\" content=\"summary_large_image\" \/>\n<meta name=\"twitter:label1\" content=\"Gesch\u00e4tzte Lesezeit\" \/>\n\t<meta name=\"twitter:data1\" content=\"1\u00a0Minute\" \/>\n<script type=\"application\/ld+json\" class=\"yoast-schema-graph\">{\"@context\":\"https:\\\/\\\/schema.org\",\"@graph\":[{\"@type\":\"WebPage\",\"@id\":\"https:\\\/\\\/marktxxl.de\\\/markt\\\/produkt\\\/mam-original-silikon-schnuller-im-2er-set-zahnfreundlicher-schnuller-baby-schnuller-aus-speziellem-mam-skinsoft-silikon-mit-schnullerbox-6-16-monate-wal-2-stueck-1er-pack\\\/\",\"url\":\"https:\\\/\\\/marktxxl.de\\\/markt\\\/produkt\\\/mam-original-silikon-schnuller-im-2er-set-zahnfreundlicher-schnuller-baby-schnuller-aus-speziellem-mam-skinsoft-silikon-mit-schnullerbox-6-16-monate-wal-2-stueck-1er-pack\\\/\",\"name\":\"MAM Original Silikon Schnuller im 2er-Set, zahnfreundlicher Schnuller, Baby Schnuller aus speziellem MAM SkinSoft Silikon mit Schnullerbox, 6-16 Monate, Wal, 2 St\u00fcck (1er Pack) - Markt-XXL\",\"isPartOf\":{\"@id\":\"https:\\\/\\\/marktxxl.de\\\/markt\\\/#website\"},\"primaryImageOfPage\":{\"@id\":\"https:\\\/\\\/marktxxl.de\\\/markt\\\/produkt\\\/mam-original-silikon-schnuller-im-2er-set-zahnfreundlicher-schnuller-baby-schnuller-aus-speziellem-mam-skinsoft-silikon-mit-schnullerbox-6-16-monate-wal-2-stueck-1er-pack\\\/#primaryimage\"},\"image\":{\"@id\":\"https:\\\/\\\/marktxxl.de\\\/markt\\\/produkt\\\/mam-original-silikon-schnuller-im-2er-set-zahnfreundlicher-schnuller-baby-schnuller-aus-speziellem-mam-skinsoft-silikon-mit-schnullerbox-6-16-monate-wal-2-stueck-1er-pack\\\/#primaryimage\"},\"thumbnailUrl\":\"https:\\\/\\\/m.media-amazon.com\\\/images\\\/I\\\/31Cku1u8GTL._SL500_.jpg\",\"datePublished\":\"2024-05-28T23:43:55+00:00\",\"description\":\"Markt-XXL MAM Original Silikon Schnuller im 2er-Set, zahnfreundlicher Schnuller, Baby Schnuller aus speziellem MAM SkinSoft Silikon mit Schnullerbox, 6-16 Monate, Wal, 2 St\u00fcck (1er Pack)\",\"breadcrumb\":{\"@id\":\"https:\\\/\\\/marktxxl.de\\\/markt\\\/produkt\\\/mam-original-silikon-schnuller-im-2er-set-zahnfreundlicher-schnuller-baby-schnuller-aus-speziellem-mam-skinsoft-silikon-mit-schnullerbox-6-16-monate-wal-2-stueck-1er-pack\\\/#breadcrumb\"},\"inLanguage\":\"de\",\"potentialAction\":[{\"@type\":\"ReadAction\",\"target\":[\"https:\\\/\\\/marktxxl.de\\\/markt\\\/produkt\\\/mam-original-silikon-schnuller-im-2er-set-zahnfreundlicher-schnuller-baby-schnuller-aus-speziellem-mam-skinsoft-silikon-mit-schnullerbox-6-16-monate-wal-2-stueck-1er-pack\\\/\"]}]},{\"@type\":\"ImageObject\",\"inLanguage\":\"de\",\"@id\":\"https:\\\/\\\/marktxxl.de\\\/markt\\\/produkt\\\/mam-original-silikon-schnuller-im-2er-set-zahnfreundlicher-schnuller-baby-schnuller-aus-speziellem-mam-skinsoft-silikon-mit-schnullerbox-6-16-monate-wal-2-stueck-1er-pack\\\/#primaryimage\",\"url\":\"https:\\\/\\\/m.media-amazon.com\\\/images\\\/I\\\/31Cku1u8GTL._SL500_.jpg\",\"contentUrl\":\"https:\\\/\\\/m.media-amazon.com\\\/images\\\/I\\\/31Cku1u8GTL._SL500_.jpg\",\"width\":500,\"height\":500},{\"@type\":\"BreadcrumbList\",\"@id\":\"https:\\\/\\\/marktxxl.de\\\/markt\\\/produkt\\\/mam-original-silikon-schnuller-im-2er-set-zahnfreundlicher-schnuller-baby-schnuller-aus-speziellem-mam-skinsoft-silikon-mit-schnullerbox-6-16-monate-wal-2-stueck-1er-pack\\\/#breadcrumb\",\"itemListElement\":[{\"@type\":\"ListItem\",\"position\":1,\"name\":\"Startseite\",\"item\":\"https:\\\/\\\/marktxxl.de\\\/markt\\\/\"},{\"@type\":\"ListItem\",\"position\":2,\"name\":\"Markt\",\"item\":\"https:\\\/\\\/marktxxl.de\\\/markt\\\/\"},{\"@type\":\"ListItem\",\"position\":3,\"name\":\"MAM Original Silikon Schnuller im 2er-Set, zahnfreundlicher Schnuller, Baby Schnuller aus speziellem MAM SkinSoft Silikon mit Schnullerbox, 6-16 Monate, Wal, 2 St\u00fcck (1er Pack)\"}]},{\"@type\":\"WebSite\",\"@id\":\"https:\\\/\\\/marktxxl.de\\\/markt\\\/#website\",\"url\":\"https:\\\/\\\/marktxxl.de\\\/markt\\\/\",\"name\":\"Markt-XXL\",\"description\":\"Ihr Markt Online\",\"publisher\":{\"@id\":\"https:\\\/\\\/marktxxl.de\\\/markt\\\/#organization\"},\"potentialAction\":[{\"@type\":\"SearchAction\",\"target\":{\"@type\":\"EntryPoint\",\"urlTemplate\":\"https:\\\/\\\/marktxxl.de\\\/markt\\\/?s={search_term_string}\"},\"query-input\":{\"@type\":\"PropertyValueSpecification\",\"valueRequired\":true,\"valueName\":\"search_term_string\"}}],\"inLanguage\":\"de\"},{\"@type\":\"Organization\",\"@id\":\"https:\\\/\\\/marktxxl.de\\\/markt\\\/#organization\",\"name\":\"Markt-XXL\",\"url\":\"https:\\\/\\\/marktxxl.de\\\/markt\\\/\",\"logo\":{\"@type\":\"ImageObject\",\"inLanguage\":\"de\",\"@id\":\"https:\\\/\\\/marktxxl.de\\\/markt\\\/#\\\/schema\\\/logo\\\/image\\\/\",\"url\":\"https:\\\/\\\/marktxxl.de\\\/markt\\\/wp-content\\\/uploads\\\/sites\\\/3\\\/2020\\\/12\\\/logo.png\",\"contentUrl\":\"https:\\\/\\\/marktxxl.de\\\/markt\\\/wp-content\\\/uploads\\\/sites\\\/3\\\/2020\\\/12\\\/logo.png\",\"width\":200,\"height\":70,\"caption\":\"Markt-XXL\"},\"image\":{\"@id\":\"https:\\\/\\\/marktxxl.de\\\/markt\\\/#\\\/schema\\\/logo\\\/image\\\/\"}}]}<\/script>\n<!-- \/ Yoast SEO plugin. -->","yoast_head_json":{"title":"MAM Original Silikon Schnuller im 2er-Set, zahnfreundlicher Schnuller, Baby Schnuller aus speziellem MAM SkinSoft Silikon mit Schnullerbox, 6-16 Monate, Wal, 2 St\u00fcck (1er Pack) - Markt-XXL","description":"Markt-XXL MAM Original Silikon Schnuller im 2er-Set, zahnfreundlicher Schnuller, Baby Schnuller aus speziellem MAM SkinSoft Silikon mit Schnullerbox, 6-16 Monate, Wal, 2 St\u00fcck (1er Pack)","robots":{"index":"index","follow":"follow","max-snippet":"max-snippet:-1","max-image-preview":"max-image-preview:large","max-video-preview":"max-video-preview:-1"},"canonical":"https:\/\/marktxxl.de\/markt\/produkt\/mam-original-silikon-schnuller-im-2er-set-zahnfreundlicher-schnuller-baby-schnuller-aus-speziellem-mam-skinsoft-silikon-mit-schnullerbox-6-16-monate-wal-2-stueck-1er-pack\/","og_locale":"de_DE","og_type":"article","og_title":"MAM Original Silikon Schnuller im 2er-Set, zahnfreundlicher Schnuller, Baby Schnuller aus speziellem MAM SkinSoft Silikon mit Schnullerbox, 6-16 Monate, Wal, 2 St\u00fcck (1er Pack) - Markt-XXL","og_description":"Markt-XXL MAM Original Silikon Schnuller im 2er-Set, zahnfreundlicher Schnuller, Baby Schnuller aus speziellem MAM SkinSoft Silikon mit Schnullerbox, 6-16 Monate, Wal, 2 St\u00fcck (1er Pack)","og_url":"https:\/\/marktxxl.de\/markt\/produkt\/mam-original-silikon-schnuller-im-2er-set-zahnfreundlicher-schnuller-baby-schnuller-aus-speziellem-mam-skinsoft-silikon-mit-schnullerbox-6-16-monate-wal-2-stueck-1er-pack\/","og_site_name":"Markt-XXL","twitter_card":"summary_large_image","twitter_misc":{"Gesch\u00e4tzte Lesezeit":"1\u00a0Minute"},"schema":{"@context":"https:\/\/schema.org","@graph":[{"@type":"WebPage","@id":"https:\/\/marktxxl.de\/markt\/produkt\/mam-original-silikon-schnuller-im-2er-set-zahnfreundlicher-schnuller-baby-schnuller-aus-speziellem-mam-skinsoft-silikon-mit-schnullerbox-6-16-monate-wal-2-stueck-1er-pack\/","url":"https:\/\/marktxxl.de\/markt\/produkt\/mam-original-silikon-schnuller-im-2er-set-zahnfreundlicher-schnuller-baby-schnuller-aus-speziellem-mam-skinsoft-silikon-mit-schnullerbox-6-16-monate-wal-2-stueck-1er-pack\/","name":"MAM Original Silikon Schnuller im 2er-Set, zahnfreundlicher Schnuller, Baby Schnuller aus speziellem MAM SkinSoft Silikon mit Schnullerbox, 6-16 Monate, Wal, 2 St\u00fcck (1er Pack) - Markt-XXL","isPartOf":{"@id":"https:\/\/marktxxl.de\/markt\/#website"},"primaryImageOfPage":{"@id":"https:\/\/marktxxl.de\/markt\/produkt\/mam-original-silikon-schnuller-im-2er-set-zahnfreundlicher-schnuller-baby-schnuller-aus-speziellem-mam-skinsoft-silikon-mit-schnullerbox-6-16-monate-wal-2-stueck-1er-pack\/#primaryimage"},"image":{"@id":"https:\/\/marktxxl.de\/markt\/produkt\/mam-original-silikon-schnuller-im-2er-set-zahnfreundlicher-schnuller-baby-schnuller-aus-speziellem-mam-skinsoft-silikon-mit-schnullerbox-6-16-monate-wal-2-stueck-1er-pack\/#primaryimage"},"thumbnailUrl":"https:\/\/m.media-amazon.com\/images\/I\/31Cku1u8GTL._SL500_.jpg","datePublished":"2024-05-28T23:43:55+00:00","description":"Markt-XXL MAM Original Silikon Schnuller im 2er-Set, zahnfreundlicher Schnuller, Baby Schnuller aus speziellem MAM SkinSoft Silikon mit Schnullerbox, 6-16 Monate, Wal, 2 St\u00fcck (1er Pack)","breadcrumb":{"@id":"https:\/\/marktxxl.de\/markt\/produkt\/mam-original-silikon-schnuller-im-2er-set-zahnfreundlicher-schnuller-baby-schnuller-aus-speziellem-mam-skinsoft-silikon-mit-schnullerbox-6-16-monate-wal-2-stueck-1er-pack\/#breadcrumb"},"inLanguage":"de","potentialAction":[{"@type":"ReadAction","target":["https:\/\/marktxxl.de\/markt\/produkt\/mam-original-silikon-schnuller-im-2er-set-zahnfreundlicher-schnuller-baby-schnuller-aus-speziellem-mam-skinsoft-silikon-mit-schnullerbox-6-16-monate-wal-2-stueck-1er-pack\/"]}]},{"@type":"ImageObject","inLanguage":"de","@id":"https:\/\/marktxxl.de\/markt\/produkt\/mam-original-silikon-schnuller-im-2er-set-zahnfreundlicher-schnuller-baby-schnuller-aus-speziellem-mam-skinsoft-silikon-mit-schnullerbox-6-16-monate-wal-2-stueck-1er-pack\/#primaryimage","url":"https:\/\/m.media-amazon.com\/images\/I\/31Cku1u8GTL._SL500_.jpg","contentUrl":"https:\/\/m.media-amazon.com\/images\/I\/31Cku1u8GTL._SL500_.jpg","width":500,"height":500},{"@type":"BreadcrumbList","@id":"https:\/\/marktxxl.de\/markt\/produkt\/mam-original-silikon-schnuller-im-2er-set-zahnfreundlicher-schnuller-baby-schnuller-aus-speziellem-mam-skinsoft-silikon-mit-schnullerbox-6-16-monate-wal-2-stueck-1er-pack\/#breadcrumb","itemListElement":[{"@type":"ListItem","position":1,"name":"Startseite","item":"https:\/\/marktxxl.de\/markt\/"},{"@type":"ListItem","position":2,"name":"Markt","item":"https:\/\/marktxxl.de\/markt\/"},{"@type":"ListItem","position":3,"name":"MAM Original Silikon Schnuller im 2er-Set, zahnfreundlicher Schnuller, Baby Schnuller aus speziellem MAM SkinSoft Silikon mit Schnullerbox, 6-16 Monate, Wal, 2 St\u00fcck (1er Pack)"}]},{"@type":"WebSite","@id":"https:\/\/marktxxl.de\/markt\/#website","url":"https:\/\/marktxxl.de\/markt\/","name":"Markt-XXL","description":"Ihr Markt Online","publisher":{"@id":"https:\/\/marktxxl.de\/markt\/#organization"},"potentialAction":[{"@type":"SearchAction","target":{"@type":"EntryPoint","urlTemplate":"https:\/\/marktxxl.de\/markt\/?s={search_term_string}"},"query-input":{"@type":"PropertyValueSpecification","valueRequired":true,"valueName":"search_term_string"}}],"inLanguage":"de"},{"@type":"Organization","@id":"https:\/\/marktxxl.de\/markt\/#organization","name":"Markt-XXL","url":"https:\/\/marktxxl.de\/markt\/","logo":{"@type":"ImageObject","inLanguage":"de","@id":"https:\/\/marktxxl.de\/markt\/#\/schema\/logo\/image\/","url":"https:\/\/marktxxl.de\/markt\/wp-content\/uploads\/sites\/3\/2020\/12\/logo.png","contentUrl":"https:\/\/marktxxl.de\/markt\/wp-content\/uploads\/sites\/3\/2020\/12\/logo.png","width":200,"height":70,"caption":"Markt-XXL"},"image":{"@id":"https:\/\/marktxxl.de\/markt\/#\/schema\/logo\/image\/"}}]}},"_links":{"self":[{"href":"https:\/\/marktxxl.de\/markt\/wp-json\/wp\/v2\/product\/206875","targetHints":{"allow":["GET"]}}],"collection":[{"href":"https:\/\/marktxxl.de\/markt\/wp-json\/wp\/v2\/product"}],"about":[{"href":"https:\/\/marktxxl.de\/markt\/wp-json\/wp\/v2\/types\/product"}],"replies":[{"embeddable":true,"href":"https:\/\/marktxxl.de\/markt\/wp-json\/wp\/v2\/comments?post=206875"}],"wp:featuredmedia":[{"embeddable":true,"href":"https:\/\/marktxxl.de\/markt\/wp-json\/wp\/v2\/media\/206876"}],"wp:attachment":[{"href":"https:\/\/marktxxl.de\/markt\/wp-json\/wp\/v2\/media?parent=206875"}],"wp:term":[{"taxonomy":"product_brand","embeddable":true,"href":"https:\/\/marktxxl.de\/markt\/wp-json\/wp\/v2\/product_brand?post=206875"},{"taxonomy":"product_cat","embeddable":true,"href":"https:\/\/marktxxl.de\/markt\/wp-json\/wp\/v2\/product_cat?post=206875"},{"taxonomy":"product_tag","embeddable":true,"href":"https:\/\/marktxxl.de\/markt\/wp-json\/wp\/v2\/product_tag?post=206875"}],"curies":[{"name":"wp","href":"https:\/\/api.w.org\/{rel}","templated":true}]}}