{"id":206815,"date":"2024-05-29T01:41:08","date_gmt":"2024-05-28T23:41:08","guid":{"rendered":"https:\/\/marktxxl.de\/markt\/produkt\/philips-avent-ultra-air-schnuller-2er-pack-bpa-freier-atmungsaktiver-schnuller-fuer-babys-von-0-6-monaten-inklusive-transport-und-sterilisationsbox-elefant-loewe-modell-scf085-01\/"},"modified":"2024-05-29T01:41:08","modified_gmt":"2024-05-28T23:41:08","slug":"philips-avent-ultra-air-schnuller-2er-pack-bpa-freier-atmungsaktiver-schnuller-fuer-babys-von-0-6-monaten-inklusive-transport-und-sterilisationsbox-elefant-loewe-modell-scf085-01","status":"publish","type":"product","link":"https:\/\/marktxxl.de\/markt\/produkt\/philips-avent-ultra-air-schnuller-2er-pack-bpa-freier-atmungsaktiver-schnuller-fuer-babys-von-0-6-monaten-inklusive-transport-und-sterilisationsbox-elefant-loewe-modell-scf085-01\/","title":{"rendered":"Philips Avent ultra air Schnuller &#8211; 2er Pack, BPA-freier, atmungsaktiver Schnuller f\u00fcr Babys von 0-6 Monaten, inklusive Transport- und Sterilisationsbox, Elefant\/L\u00f6we (Modell SCF085\/01)"},"content":{"rendered":"<p>Maximale Luftzirkulation dank gro\u00dfer L\u00f6cher im Saugerschild zum Schutz empfindlicher Babyhaut<br \/>\n98% Saugerakzeptanz (gem\u00e4\u00df einer Verbraucherumfrage in den USA von 2016 bis 2017)<br \/>\nSymmetrische Saugerform sorgt f\u00fcr eine nat\u00fcrliche Entwicklung von Gaumen, Z\u00e4hnen und Zahnfleisch<br \/>\nSterilisations- und Transportbox zum sicheren Sterilisieren in der Mikrowelle und f\u00fcr hygienischen Schutz unterwegs<br \/>\nBPA-frei sowie geschmacks- und geruchsneutral, wird daher von Ihrem Baby leichter angenommen<br \/>\nF\u00fcr eine optimale Hygiene sollte der Anti-colic Sauger alle 4 Wochen ausgetauscht werden.<br \/>\n<div class=\"main-cross-sell\" data-asin=\"B0CRP11N1X\">\n\n\t<div class=\"WooZone-cross-sell-loader\">\n\t\t<div>\n\t\t\t<div id=\"floatingBarsG\">\n\t\t\t\t<div class=\"blockG\" id=\"rotateG_01\"><\/div>\n\t\t\t\t<div class=\"blockG\" id=\"rotateG_02\"><\/div>\n\t\t\t\t<div class=\"blockG\" id=\"rotateG_03\"><\/div>\n\t\t\t\t<div class=\"blockG\" id=\"rotateG_04\"><\/div>\n\t\t\t\t<div class=\"blockG\" id=\"rotateG_05\"><\/div>\n\t\t\t\t<div class=\"blockG\" id=\"rotateG_06\"><\/div>\n\t\t\t\t<div class=\"blockG\" id=\"rotateG_07\"><\/div>\n\t\t\t\t<div class=\"blockG\" id=\"rotateG_08\"><\/div>\n\t\t\t<\/div>\n\t\t\t<div class=\"WooZone-cross-sell-loader-text\"><\/div>\n\t\t<\/div>\n\t<\/div>\n\n\t\t\n<\/div>\n<div style=\"clear:both;\"><\/div><\/p>\n","protected":false},"excerpt":{"rendered":"<p>Maximale Luftzirkulation dank gro\u00dfer L\u00f6cher im Saugerschild zum Schutz empfindlicher Babyhaut<br \/>\n98% Saugerakzeptanz (gem\u00e4\u00df einer Verbraucherumfrage in den USA von 2016 bis 2017)<br \/>\nSymmetrische Saugerform sorgt f\u00fcr eine nat\u00fcrliche Entwicklung von Gaumen, Z\u00e4hnen und Zahnfleisch<\/p>\n","protected":false},"featured_media":206816,"comment_status":"open","ping_status":"closed","template":"","meta":[],"product_brand":[],"product_cat":[21,9329],"product_tag":[],"class_list":{"0":"post-206815","1":"product","2":"type-product","3":"status-publish","4":"has-post-thumbnail","6":"product_cat-baby","7":"product_cat-kinderwagen-buggys-zubehoer-baby","8":"pa_binding-babyartikel","9":"pa_brand-philips","11":"first","12":"instock","13":"shipping-taxable","14":"product-type-simple","15":"customify-col","16":"product-has-gallery"},"yoast_head":"<!-- This site is optimized with the Yoast SEO plugin v27.3 - https:\/\/yoast.com\/product\/yoast-seo-wordpress\/ -->\n<title>Philips Avent ultra air Schnuller - 2er Pack, BPA-freier, atmungsaktiver Schnuller f\u00fcr Babys von 0-6 Monaten, inklusive Transport- und Sterilisationsbox, Elefant\/L\u00f6we (Modell SCF085\/01) - Markt-XXL<\/title>\n<meta name=\"description\" content=\"Markt-XXL Philips Avent ultra air Schnuller - 2er Pack, BPA-freier, atmungsaktiver Schnuller f\u00fcr Babys von 0-6 Monaten, inklusive Transport- und Sterilisationsbox, Elefant\/L\u00f6we (Modell SCF085\/01)\" \/>\n<meta name=\"robots\" content=\"index, follow, max-snippet:-1, max-image-preview:large, max-video-preview:-1\" \/>\n<link rel=\"canonical\" href=\"https:\/\/marktxxl.de\/markt\/produkt\/philips-avent-ultra-air-schnuller-2er-pack-bpa-freier-atmungsaktiver-schnuller-fuer-babys-von-0-6-monaten-inklusive-transport-und-sterilisationsbox-elefant-loewe-modell-scf085-01\/\" \/>\n<meta property=\"og:locale\" content=\"de_DE\" \/>\n<meta property=\"og:type\" content=\"article\" \/>\n<meta property=\"og:title\" content=\"Philips Avent ultra air Schnuller - 2er Pack, BPA-freier, atmungsaktiver Schnuller f\u00fcr Babys von 0-6 Monaten, inklusive Transport- und Sterilisationsbox, Elefant\/L\u00f6we (Modell SCF085\/01) - Markt-XXL\" \/>\n<meta property=\"og:description\" content=\"Markt-XXL Philips Avent ultra air Schnuller - 2er Pack, BPA-freier, atmungsaktiver Schnuller f\u00fcr Babys von 0-6 Monaten, inklusive Transport- und Sterilisationsbox, Elefant\/L\u00f6we (Modell SCF085\/01)\" \/>\n<meta property=\"og:url\" content=\"https:\/\/marktxxl.de\/markt\/produkt\/philips-avent-ultra-air-schnuller-2er-pack-bpa-freier-atmungsaktiver-schnuller-fuer-babys-von-0-6-monaten-inklusive-transport-und-sterilisationsbox-elefant-loewe-modell-scf085-01\/\" \/>\n<meta property=\"og:site_name\" content=\"Markt-XXL\" \/>\n<meta name=\"twitter:card\" content=\"summary_large_image\" \/>\n<script type=\"application\/ld+json\" class=\"yoast-schema-graph\">{\"@context\":\"https:\\\/\\\/schema.org\",\"@graph\":[{\"@type\":\"WebPage\",\"@id\":\"https:\\\/\\\/marktxxl.de\\\/markt\\\/produkt\\\/philips-avent-ultra-air-schnuller-2er-pack-bpa-freier-atmungsaktiver-schnuller-fuer-babys-von-0-6-monaten-inklusive-transport-und-sterilisationsbox-elefant-loewe-modell-scf085-01\\\/\",\"url\":\"https:\\\/\\\/marktxxl.de\\\/markt\\\/produkt\\\/philips-avent-ultra-air-schnuller-2er-pack-bpa-freier-atmungsaktiver-schnuller-fuer-babys-von-0-6-monaten-inklusive-transport-und-sterilisationsbox-elefant-loewe-modell-scf085-01\\\/\",\"name\":\"Philips Avent ultra air Schnuller - 2er Pack, BPA-freier, atmungsaktiver Schnuller f\u00fcr Babys von 0-6 Monaten, inklusive Transport- und Sterilisationsbox, Elefant\\\/L\u00f6we (Modell SCF085\\\/01) - Markt-XXL\",\"isPartOf\":{\"@id\":\"https:\\\/\\\/marktxxl.de\\\/markt\\\/#website\"},\"primaryImageOfPage\":{\"@id\":\"https:\\\/\\\/marktxxl.de\\\/markt\\\/produkt\\\/philips-avent-ultra-air-schnuller-2er-pack-bpa-freier-atmungsaktiver-schnuller-fuer-babys-von-0-6-monaten-inklusive-transport-und-sterilisationsbox-elefant-loewe-modell-scf085-01\\\/#primaryimage\"},\"image\":{\"@id\":\"https:\\\/\\\/marktxxl.de\\\/markt\\\/produkt\\\/philips-avent-ultra-air-schnuller-2er-pack-bpa-freier-atmungsaktiver-schnuller-fuer-babys-von-0-6-monaten-inklusive-transport-und-sterilisationsbox-elefant-loewe-modell-scf085-01\\\/#primaryimage\"},\"thumbnailUrl\":\"https:\\\/\\\/m.media-amazon.com\\\/images\\\/I\\\/41UdzJ8k8mL._SL500_.jpg\",\"datePublished\":\"2024-05-28T23:41:08+00:00\",\"description\":\"Markt-XXL Philips Avent ultra air Schnuller - 2er Pack, BPA-freier, atmungsaktiver Schnuller f\u00fcr Babys von 0-6 Monaten, inklusive Transport- und Sterilisationsbox, Elefant\\\/L\u00f6we (Modell SCF085\\\/01)\",\"breadcrumb\":{\"@id\":\"https:\\\/\\\/marktxxl.de\\\/markt\\\/produkt\\\/philips-avent-ultra-air-schnuller-2er-pack-bpa-freier-atmungsaktiver-schnuller-fuer-babys-von-0-6-monaten-inklusive-transport-und-sterilisationsbox-elefant-loewe-modell-scf085-01\\\/#breadcrumb\"},\"inLanguage\":\"de\",\"potentialAction\":[{\"@type\":\"ReadAction\",\"target\":[\"https:\\\/\\\/marktxxl.de\\\/markt\\\/produkt\\\/philips-avent-ultra-air-schnuller-2er-pack-bpa-freier-atmungsaktiver-schnuller-fuer-babys-von-0-6-monaten-inklusive-transport-und-sterilisationsbox-elefant-loewe-modell-scf085-01\\\/\"]}]},{\"@type\":\"ImageObject\",\"inLanguage\":\"de\",\"@id\":\"https:\\\/\\\/marktxxl.de\\\/markt\\\/produkt\\\/philips-avent-ultra-air-schnuller-2er-pack-bpa-freier-atmungsaktiver-schnuller-fuer-babys-von-0-6-monaten-inklusive-transport-und-sterilisationsbox-elefant-loewe-modell-scf085-01\\\/#primaryimage\",\"url\":\"https:\\\/\\\/m.media-amazon.com\\\/images\\\/I\\\/41UdzJ8k8mL._SL500_.jpg\",\"contentUrl\":\"https:\\\/\\\/m.media-amazon.com\\\/images\\\/I\\\/41UdzJ8k8mL._SL500_.jpg\",\"width\":500,\"height\":500},{\"@type\":\"BreadcrumbList\",\"@id\":\"https:\\\/\\\/marktxxl.de\\\/markt\\\/produkt\\\/philips-avent-ultra-air-schnuller-2er-pack-bpa-freier-atmungsaktiver-schnuller-fuer-babys-von-0-6-monaten-inklusive-transport-und-sterilisationsbox-elefant-loewe-modell-scf085-01\\\/#breadcrumb\",\"itemListElement\":[{\"@type\":\"ListItem\",\"position\":1,\"name\":\"Startseite\",\"item\":\"https:\\\/\\\/marktxxl.de\\\/markt\\\/\"},{\"@type\":\"ListItem\",\"position\":2,\"name\":\"Markt\",\"item\":\"https:\\\/\\\/marktxxl.de\\\/markt\\\/\"},{\"@type\":\"ListItem\",\"position\":3,\"name\":\"Philips Avent ultra air Schnuller &#8211; 2er Pack, BPA-freier, atmungsaktiver Schnuller f\u00fcr Babys von 0-6 Monaten, inklusive Transport- und Sterilisationsbox, Elefant\\\/L\u00f6we (Modell SCF085\\\/01)\"}]},{\"@type\":\"WebSite\",\"@id\":\"https:\\\/\\\/marktxxl.de\\\/markt\\\/#website\",\"url\":\"https:\\\/\\\/marktxxl.de\\\/markt\\\/\",\"name\":\"Markt-XXL\",\"description\":\"Ihr Markt Online\",\"publisher\":{\"@id\":\"https:\\\/\\\/marktxxl.de\\\/markt\\\/#organization\"},\"potentialAction\":[{\"@type\":\"SearchAction\",\"target\":{\"@type\":\"EntryPoint\",\"urlTemplate\":\"https:\\\/\\\/marktxxl.de\\\/markt\\\/?s={search_term_string}\"},\"query-input\":{\"@type\":\"PropertyValueSpecification\",\"valueRequired\":true,\"valueName\":\"search_term_string\"}}],\"inLanguage\":\"de\"},{\"@type\":\"Organization\",\"@id\":\"https:\\\/\\\/marktxxl.de\\\/markt\\\/#organization\",\"name\":\"Markt-XXL\",\"url\":\"https:\\\/\\\/marktxxl.de\\\/markt\\\/\",\"logo\":{\"@type\":\"ImageObject\",\"inLanguage\":\"de\",\"@id\":\"https:\\\/\\\/marktxxl.de\\\/markt\\\/#\\\/schema\\\/logo\\\/image\\\/\",\"url\":\"https:\\\/\\\/marktxxl.de\\\/markt\\\/wp-content\\\/uploads\\\/sites\\\/3\\\/2020\\\/12\\\/logo.png\",\"contentUrl\":\"https:\\\/\\\/marktxxl.de\\\/markt\\\/wp-content\\\/uploads\\\/sites\\\/3\\\/2020\\\/12\\\/logo.png\",\"width\":200,\"height\":70,\"caption\":\"Markt-XXL\"},\"image\":{\"@id\":\"https:\\\/\\\/marktxxl.de\\\/markt\\\/#\\\/schema\\\/logo\\\/image\\\/\"}}]}<\/script>\n<!-- \/ Yoast SEO plugin. -->","yoast_head_json":{"title":"Philips Avent ultra air Schnuller - 2er Pack, BPA-freier, atmungsaktiver Schnuller f\u00fcr Babys von 0-6 Monaten, inklusive Transport- und Sterilisationsbox, Elefant\/L\u00f6we (Modell SCF085\/01) - Markt-XXL","description":"Markt-XXL Philips Avent ultra air Schnuller - 2er Pack, BPA-freier, atmungsaktiver Schnuller f\u00fcr Babys von 0-6 Monaten, inklusive Transport- und Sterilisationsbox, Elefant\/L\u00f6we (Modell SCF085\/01)","robots":{"index":"index","follow":"follow","max-snippet":"max-snippet:-1","max-image-preview":"max-image-preview:large","max-video-preview":"max-video-preview:-1"},"canonical":"https:\/\/marktxxl.de\/markt\/produkt\/philips-avent-ultra-air-schnuller-2er-pack-bpa-freier-atmungsaktiver-schnuller-fuer-babys-von-0-6-monaten-inklusive-transport-und-sterilisationsbox-elefant-loewe-modell-scf085-01\/","og_locale":"de_DE","og_type":"article","og_title":"Philips Avent ultra air Schnuller - 2er Pack, BPA-freier, atmungsaktiver Schnuller f\u00fcr Babys von 0-6 Monaten, inklusive Transport- und Sterilisationsbox, Elefant\/L\u00f6we (Modell SCF085\/01) - Markt-XXL","og_description":"Markt-XXL Philips Avent ultra air Schnuller - 2er Pack, BPA-freier, atmungsaktiver Schnuller f\u00fcr Babys von 0-6 Monaten, inklusive Transport- und Sterilisationsbox, Elefant\/L\u00f6we (Modell SCF085\/01)","og_url":"https:\/\/marktxxl.de\/markt\/produkt\/philips-avent-ultra-air-schnuller-2er-pack-bpa-freier-atmungsaktiver-schnuller-fuer-babys-von-0-6-monaten-inklusive-transport-und-sterilisationsbox-elefant-loewe-modell-scf085-01\/","og_site_name":"Markt-XXL","twitter_card":"summary_large_image","schema":{"@context":"https:\/\/schema.org","@graph":[{"@type":"WebPage","@id":"https:\/\/marktxxl.de\/markt\/produkt\/philips-avent-ultra-air-schnuller-2er-pack-bpa-freier-atmungsaktiver-schnuller-fuer-babys-von-0-6-monaten-inklusive-transport-und-sterilisationsbox-elefant-loewe-modell-scf085-01\/","url":"https:\/\/marktxxl.de\/markt\/produkt\/philips-avent-ultra-air-schnuller-2er-pack-bpa-freier-atmungsaktiver-schnuller-fuer-babys-von-0-6-monaten-inklusive-transport-und-sterilisationsbox-elefant-loewe-modell-scf085-01\/","name":"Philips Avent ultra air Schnuller - 2er Pack, BPA-freier, atmungsaktiver Schnuller f\u00fcr Babys von 0-6 Monaten, inklusive Transport- und Sterilisationsbox, Elefant\/L\u00f6we (Modell SCF085\/01) - Markt-XXL","isPartOf":{"@id":"https:\/\/marktxxl.de\/markt\/#website"},"primaryImageOfPage":{"@id":"https:\/\/marktxxl.de\/markt\/produkt\/philips-avent-ultra-air-schnuller-2er-pack-bpa-freier-atmungsaktiver-schnuller-fuer-babys-von-0-6-monaten-inklusive-transport-und-sterilisationsbox-elefant-loewe-modell-scf085-01\/#primaryimage"},"image":{"@id":"https:\/\/marktxxl.de\/markt\/produkt\/philips-avent-ultra-air-schnuller-2er-pack-bpa-freier-atmungsaktiver-schnuller-fuer-babys-von-0-6-monaten-inklusive-transport-und-sterilisationsbox-elefant-loewe-modell-scf085-01\/#primaryimage"},"thumbnailUrl":"https:\/\/m.media-amazon.com\/images\/I\/41UdzJ8k8mL._SL500_.jpg","datePublished":"2024-05-28T23:41:08+00:00","description":"Markt-XXL Philips Avent ultra air Schnuller - 2er Pack, BPA-freier, atmungsaktiver Schnuller f\u00fcr Babys von 0-6 Monaten, inklusive Transport- und Sterilisationsbox, Elefant\/L\u00f6we (Modell SCF085\/01)","breadcrumb":{"@id":"https:\/\/marktxxl.de\/markt\/produkt\/philips-avent-ultra-air-schnuller-2er-pack-bpa-freier-atmungsaktiver-schnuller-fuer-babys-von-0-6-monaten-inklusive-transport-und-sterilisationsbox-elefant-loewe-modell-scf085-01\/#breadcrumb"},"inLanguage":"de","potentialAction":[{"@type":"ReadAction","target":["https:\/\/marktxxl.de\/markt\/produkt\/philips-avent-ultra-air-schnuller-2er-pack-bpa-freier-atmungsaktiver-schnuller-fuer-babys-von-0-6-monaten-inklusive-transport-und-sterilisationsbox-elefant-loewe-modell-scf085-01\/"]}]},{"@type":"ImageObject","inLanguage":"de","@id":"https:\/\/marktxxl.de\/markt\/produkt\/philips-avent-ultra-air-schnuller-2er-pack-bpa-freier-atmungsaktiver-schnuller-fuer-babys-von-0-6-monaten-inklusive-transport-und-sterilisationsbox-elefant-loewe-modell-scf085-01\/#primaryimage","url":"https:\/\/m.media-amazon.com\/images\/I\/41UdzJ8k8mL._SL500_.jpg","contentUrl":"https:\/\/m.media-amazon.com\/images\/I\/41UdzJ8k8mL._SL500_.jpg","width":500,"height":500},{"@type":"BreadcrumbList","@id":"https:\/\/marktxxl.de\/markt\/produkt\/philips-avent-ultra-air-schnuller-2er-pack-bpa-freier-atmungsaktiver-schnuller-fuer-babys-von-0-6-monaten-inklusive-transport-und-sterilisationsbox-elefant-loewe-modell-scf085-01\/#breadcrumb","itemListElement":[{"@type":"ListItem","position":1,"name":"Startseite","item":"https:\/\/marktxxl.de\/markt\/"},{"@type":"ListItem","position":2,"name":"Markt","item":"https:\/\/marktxxl.de\/markt\/"},{"@type":"ListItem","position":3,"name":"Philips Avent ultra air Schnuller &#8211; 2er Pack, BPA-freier, atmungsaktiver Schnuller f\u00fcr Babys von 0-6 Monaten, inklusive Transport- und Sterilisationsbox, Elefant\/L\u00f6we (Modell SCF085\/01)"}]},{"@type":"WebSite","@id":"https:\/\/marktxxl.de\/markt\/#website","url":"https:\/\/marktxxl.de\/markt\/","name":"Markt-XXL","description":"Ihr Markt Online","publisher":{"@id":"https:\/\/marktxxl.de\/markt\/#organization"},"potentialAction":[{"@type":"SearchAction","target":{"@type":"EntryPoint","urlTemplate":"https:\/\/marktxxl.de\/markt\/?s={search_term_string}"},"query-input":{"@type":"PropertyValueSpecification","valueRequired":true,"valueName":"search_term_string"}}],"inLanguage":"de"},{"@type":"Organization","@id":"https:\/\/marktxxl.de\/markt\/#organization","name":"Markt-XXL","url":"https:\/\/marktxxl.de\/markt\/","logo":{"@type":"ImageObject","inLanguage":"de","@id":"https:\/\/marktxxl.de\/markt\/#\/schema\/logo\/image\/","url":"https:\/\/marktxxl.de\/markt\/wp-content\/uploads\/sites\/3\/2020\/12\/logo.png","contentUrl":"https:\/\/marktxxl.de\/markt\/wp-content\/uploads\/sites\/3\/2020\/12\/logo.png","width":200,"height":70,"caption":"Markt-XXL"},"image":{"@id":"https:\/\/marktxxl.de\/markt\/#\/schema\/logo\/image\/"}}]}},"_links":{"self":[{"href":"https:\/\/marktxxl.de\/markt\/wp-json\/wp\/v2\/product\/206815","targetHints":{"allow":["GET"]}}],"collection":[{"href":"https:\/\/marktxxl.de\/markt\/wp-json\/wp\/v2\/product"}],"about":[{"href":"https:\/\/marktxxl.de\/markt\/wp-json\/wp\/v2\/types\/product"}],"replies":[{"embeddable":true,"href":"https:\/\/marktxxl.de\/markt\/wp-json\/wp\/v2\/comments?post=206815"}],"wp:featuredmedia":[{"embeddable":true,"href":"https:\/\/marktxxl.de\/markt\/wp-json\/wp\/v2\/media\/206816"}],"wp:attachment":[{"href":"https:\/\/marktxxl.de\/markt\/wp-json\/wp\/v2\/media?parent=206815"}],"wp:term":[{"taxonomy":"product_brand","embeddable":true,"href":"https:\/\/marktxxl.de\/markt\/wp-json\/wp\/v2\/product_brand?post=206815"},{"taxonomy":"product_cat","embeddable":true,"href":"https:\/\/marktxxl.de\/markt\/wp-json\/wp\/v2\/product_cat?post=206815"},{"taxonomy":"product_tag","embeddable":true,"href":"https:\/\/marktxxl.de\/markt\/wp-json\/wp\/v2\/product_tag?post=206815"}],"curies":[{"name":"wp","href":"https:\/\/api.w.org\/{rel}","templated":true}]}}