{"id":206760,"date":"2024-05-29T01:36:52","date_gmt":"2024-05-28T23:36:52","guid":{"rendered":"https:\/\/marktxxl.de\/markt\/produkt\/itzy-ritzy-pacifier-case-with-clip-pacifier-charm-pod-includes-clasp-to-easily-attach-to-a-diaper-bag-or-purse-measures-2-5-in-diameter-and-holds-2-pacifiers-black\/"},"modified":"2024-05-29T01:36:52","modified_gmt":"2024-05-28T23:36:52","slug":"itzy-ritzy-pacifier-case-with-clip-pacifier-charm-pod-includes-clasp-to-easily-attach-to-a-diaper-bag-or-purse-measures-2-5-in-diameter-and-holds-2-pacifiers-black","status":"publish","type":"product","link":"https:\/\/marktxxl.de\/markt\/produkt\/itzy-ritzy-pacifier-case-with-clip-pacifier-charm-pod-includes-clasp-to-easily-attach-to-a-diaper-bag-or-purse-measures-2-5-in-diameter-and-holds-2-pacifiers-black\/","title":{"rendered":"Itzy Ritzy Pacifier Case with Clip \u2013 Pacifier Charm Pod Includes Clasp to Easily Attach to a Diaper Bag or Purse; Measures 2.5\u201d in Diameter and Holds 2 Pacifiers, Black"},"content":{"rendered":"<p>Itzy Ritzy Wickeltaschen-Anh\u00e4nger sind das perfekte Accessoire f\u00fcr jede Wickeltasche, Geldb\u00f6rse, Reisetasche oder Schl\u00fcsselanh\u00e4nger<br \/>\nKlemmen Sie sie an der Au\u00dfenseite Ihrer Tasche f\u00fcr eine externe, leicht zug\u00e4ngliche Aufbewahrung oder verwenden Sie sie, um die Innenseite Ihrer Tasche zu organisieren<br \/>\nItzy Ritzy Charm Pods messen 6,3 cm im Durchmesser und 4,4 cm tief &#8211; die perfekte Gr\u00f6\u00dfe f\u00fcr die Aufbewahrung von zwei Schnullern, Wechselgeld, Lippenbalsam, Ohrh\u00f6rern, Mini-Handdesinfektionsmittel oder kleinen Schl\u00fcsseln<br \/>\nDer strapazierf\u00e4hige Karabinerverschluss erm\u00f6glicht es, die H\u00fclle leicht neu zu positionieren und von einer Tasche in eine andere zu bewegen<br \/>\n<div class=\"main-cross-sell\" data-asin=\"B07M7D9ZP3\">\n\n\t<div class=\"WooZone-cross-sell-loader\">\n\t\t<div>\n\t\t\t<div id=\"floatingBarsG\">\n\t\t\t\t<div class=\"blockG\" id=\"rotateG_01\"><\/div>\n\t\t\t\t<div class=\"blockG\" id=\"rotateG_02\"><\/div>\n\t\t\t\t<div class=\"blockG\" id=\"rotateG_03\"><\/div>\n\t\t\t\t<div class=\"blockG\" id=\"rotateG_04\"><\/div>\n\t\t\t\t<div class=\"blockG\" id=\"rotateG_05\"><\/div>\n\t\t\t\t<div class=\"blockG\" id=\"rotateG_06\"><\/div>\n\t\t\t\t<div class=\"blockG\" id=\"rotateG_07\"><\/div>\n\t\t\t\t<div class=\"blockG\" id=\"rotateG_08\"><\/div>\n\t\t\t<\/div>\n\t\t\t<div class=\"WooZone-cross-sell-loader-text\"><\/div>\n\t\t<\/div>\n\t<\/div>\n\n\t\t\n<\/div>\n<div style=\"clear:both;\"><\/div><\/p>\n","protected":false},"excerpt":{"rendered":"<p>Itzy Ritzy Wickeltaschen-Anh\u00e4nger sind das perfekte Accessoire f\u00fcr jede Wickeltasche, Geldb\u00f6rse, Reisetasche oder Schl\u00fcsselanh\u00e4nger<br \/>\nKlemmen Sie sie an der Au\u00dfenseite Ihrer Tasche f\u00fcr eine externe, leicht zug\u00e4ngliche Aufbewahrung oder verwenden Sie sie, um die Innenseite Ihrer Tasche zu organisieren<br \/>\nItzy Ritzy Charm Pods messen 6,3 cm im Durchmesser und 4,4 cm tief &#8211; die perfekte Gr\u00f6\u00dfe f\u00fcr die Aufbewahrung von zwei Schnullern, Wechselgeld, Lippenbalsam, Ohrh\u00f6rern, Mini-Handdesinfektionsmittel oder kleinen Schl\u00fcsseln<\/p>\n","protected":false},"featured_media":206761,"comment_status":"open","ping_status":"closed","template":"","meta":[],"product_brand":[],"product_cat":[21,9329],"product_tag":[],"class_list":{"0":"post-206760","1":"product","2":"type-product","3":"status-publish","4":"has-post-thumbnail","6":"product_cat-baby","7":"product_cat-kinderwagen-buggys-zubehoer-baby","8":"pa_binding-babyartikel","9":"pa_brand-itzy-ritzy","10":"pa_color-kaffefarben-cremefarben","11":"pa_height-6-zoll","12":"pa_length-3-zoll","13":"pa_manufacturer-itzy-ritzy-baby","14":"pa_model-cp6001","15":"pa_size-2-5-inch-pack-of-1","16":"pa_weight-0-125-pounds","17":"pa_width-2-zoll","19":"first","20":"instock","21":"shipping-taxable","22":"purchasable","23":"product-type-simple","24":"customify-col","25":"product-has-gallery"},"yoast_head":"<!-- This site is optimized with the Yoast SEO plugin v27.4 - https:\/\/yoast.com\/product\/yoast-seo-wordpress\/ -->\n<title>Itzy Ritzy Pacifier Case with Clip \u2013 Pacifier Charm Pod Includes Clasp to Easily Attach to a Diaper Bag or Purse; Measures 2.5\u201d in Diameter and Holds 2 Pacifiers, Black - Markt-XXL<\/title>\n<meta name=\"description\" content=\"Markt-XXL Itzy Ritzy Pacifier Case with Clip \u2013 Pacifier Charm Pod Includes Clasp to Easily Attach to a Diaper Bag or Purse; Measures 2.5\u201d in Diameter and Holds 2 Pacifiers, Black\" \/>\n<meta name=\"robots\" content=\"index, follow, max-snippet:-1, max-image-preview:large, max-video-preview:-1\" \/>\n<link rel=\"canonical\" href=\"https:\/\/marktxxl.de\/markt\/produkt\/itzy-ritzy-pacifier-case-with-clip-pacifier-charm-pod-includes-clasp-to-easily-attach-to-a-diaper-bag-or-purse-measures-2-5-in-diameter-and-holds-2-pacifiers-black\/\" \/>\n<meta property=\"og:locale\" content=\"de_DE\" \/>\n<meta property=\"og:type\" content=\"article\" \/>\n<meta property=\"og:title\" content=\"Itzy Ritzy Pacifier Case with Clip \u2013 Pacifier Charm Pod Includes Clasp to Easily Attach to a Diaper Bag or Purse; Measures 2.5\u201d in Diameter and Holds 2 Pacifiers, Black - Markt-XXL\" \/>\n<meta property=\"og:description\" content=\"Markt-XXL Itzy Ritzy Pacifier Case with Clip \u2013 Pacifier Charm Pod Includes Clasp to Easily Attach to a Diaper Bag or Purse; Measures 2.5\u201d in Diameter and Holds 2 Pacifiers, Black\" \/>\n<meta property=\"og:url\" content=\"https:\/\/marktxxl.de\/markt\/produkt\/itzy-ritzy-pacifier-case-with-clip-pacifier-charm-pod-includes-clasp-to-easily-attach-to-a-diaper-bag-or-purse-measures-2-5-in-diameter-and-holds-2-pacifiers-black\/\" \/>\n<meta property=\"og:site_name\" content=\"Markt-XXL\" \/>\n<meta name=\"twitter:card\" content=\"summary_large_image\" \/>\n<meta name=\"twitter:label1\" content=\"Gesch\u00e4tzte Lesezeit\" \/>\n\t<meta name=\"twitter:data1\" content=\"1\u00a0Minute\" \/>\n<script type=\"application\/ld+json\" class=\"yoast-schema-graph\">{\"@context\":\"https:\\\/\\\/schema.org\",\"@graph\":[{\"@type\":\"WebPage\",\"@id\":\"https:\\\/\\\/marktxxl.de\\\/markt\\\/produkt\\\/itzy-ritzy-pacifier-case-with-clip-pacifier-charm-pod-includes-clasp-to-easily-attach-to-a-diaper-bag-or-purse-measures-2-5-in-diameter-and-holds-2-pacifiers-black\\\/\",\"url\":\"https:\\\/\\\/marktxxl.de\\\/markt\\\/produkt\\\/itzy-ritzy-pacifier-case-with-clip-pacifier-charm-pod-includes-clasp-to-easily-attach-to-a-diaper-bag-or-purse-measures-2-5-in-diameter-and-holds-2-pacifiers-black\\\/\",\"name\":\"Itzy Ritzy Pacifier Case with Clip \u2013 Pacifier Charm Pod Includes Clasp to Easily Attach to a Diaper Bag or Purse; Measures 2.5\u201d in Diameter and Holds 2 Pacifiers, Black - Markt-XXL\",\"isPartOf\":{\"@id\":\"https:\\\/\\\/marktxxl.de\\\/markt\\\/#website\"},\"primaryImageOfPage\":{\"@id\":\"https:\\\/\\\/marktxxl.de\\\/markt\\\/produkt\\\/itzy-ritzy-pacifier-case-with-clip-pacifier-charm-pod-includes-clasp-to-easily-attach-to-a-diaper-bag-or-purse-measures-2-5-in-diameter-and-holds-2-pacifiers-black\\\/#primaryimage\"},\"image\":{\"@id\":\"https:\\\/\\\/marktxxl.de\\\/markt\\\/produkt\\\/itzy-ritzy-pacifier-case-with-clip-pacifier-charm-pod-includes-clasp-to-easily-attach-to-a-diaper-bag-or-purse-measures-2-5-in-diameter-and-holds-2-pacifiers-black\\\/#primaryimage\"},\"thumbnailUrl\":\"https:\\\/\\\/m.media-amazon.com\\\/images\\\/I\\\/51U47du94tL._SL500_.jpg\",\"datePublished\":\"2024-05-28T23:36:52+00:00\",\"description\":\"Markt-XXL Itzy Ritzy Pacifier Case with Clip \u2013 Pacifier Charm Pod Includes Clasp to Easily Attach to a Diaper Bag or Purse; Measures 2.5\u201d in Diameter and Holds 2 Pacifiers, Black\",\"breadcrumb\":{\"@id\":\"https:\\\/\\\/marktxxl.de\\\/markt\\\/produkt\\\/itzy-ritzy-pacifier-case-with-clip-pacifier-charm-pod-includes-clasp-to-easily-attach-to-a-diaper-bag-or-purse-measures-2-5-in-diameter-and-holds-2-pacifiers-black\\\/#breadcrumb\"},\"inLanguage\":\"de\",\"potentialAction\":[{\"@type\":\"ReadAction\",\"target\":[\"https:\\\/\\\/marktxxl.de\\\/markt\\\/produkt\\\/itzy-ritzy-pacifier-case-with-clip-pacifier-charm-pod-includes-clasp-to-easily-attach-to-a-diaper-bag-or-purse-measures-2-5-in-diameter-and-holds-2-pacifiers-black\\\/\"]}]},{\"@type\":\"ImageObject\",\"inLanguage\":\"de\",\"@id\":\"https:\\\/\\\/marktxxl.de\\\/markt\\\/produkt\\\/itzy-ritzy-pacifier-case-with-clip-pacifier-charm-pod-includes-clasp-to-easily-attach-to-a-diaper-bag-or-purse-measures-2-5-in-diameter-and-holds-2-pacifiers-black\\\/#primaryimage\",\"url\":\"https:\\\/\\\/m.media-amazon.com\\\/images\\\/I\\\/51U47du94tL._SL500_.jpg\",\"contentUrl\":\"https:\\\/\\\/m.media-amazon.com\\\/images\\\/I\\\/51U47du94tL._SL500_.jpg\",\"width\":500,\"height\":499},{\"@type\":\"BreadcrumbList\",\"@id\":\"https:\\\/\\\/marktxxl.de\\\/markt\\\/produkt\\\/itzy-ritzy-pacifier-case-with-clip-pacifier-charm-pod-includes-clasp-to-easily-attach-to-a-diaper-bag-or-purse-measures-2-5-in-diameter-and-holds-2-pacifiers-black\\\/#breadcrumb\",\"itemListElement\":[{\"@type\":\"ListItem\",\"position\":1,\"name\":\"Startseite\",\"item\":\"https:\\\/\\\/marktxxl.de\\\/markt\\\/\"},{\"@type\":\"ListItem\",\"position\":2,\"name\":\"Markt\",\"item\":\"https:\\\/\\\/marktxxl.de\\\/markt\\\/\"},{\"@type\":\"ListItem\",\"position\":3,\"name\":\"Itzy Ritzy Pacifier Case with Clip \u2013 Pacifier Charm Pod Includes Clasp to Easily Attach to a Diaper Bag or Purse; Measures 2.5\u201d in Diameter and Holds 2 Pacifiers, Black\"}]},{\"@type\":\"WebSite\",\"@id\":\"https:\\\/\\\/marktxxl.de\\\/markt\\\/#website\",\"url\":\"https:\\\/\\\/marktxxl.de\\\/markt\\\/\",\"name\":\"Markt-XXL\",\"description\":\"Ihr Markt Online\",\"publisher\":{\"@id\":\"https:\\\/\\\/marktxxl.de\\\/markt\\\/#organization\"},\"potentialAction\":[{\"@type\":\"SearchAction\",\"target\":{\"@type\":\"EntryPoint\",\"urlTemplate\":\"https:\\\/\\\/marktxxl.de\\\/markt\\\/?s={search_term_string}\"},\"query-input\":{\"@type\":\"PropertyValueSpecification\",\"valueRequired\":true,\"valueName\":\"search_term_string\"}}],\"inLanguage\":\"de\"},{\"@type\":\"Organization\",\"@id\":\"https:\\\/\\\/marktxxl.de\\\/markt\\\/#organization\",\"name\":\"Markt-XXL\",\"url\":\"https:\\\/\\\/marktxxl.de\\\/markt\\\/\",\"logo\":{\"@type\":\"ImageObject\",\"inLanguage\":\"de\",\"@id\":\"https:\\\/\\\/marktxxl.de\\\/markt\\\/#\\\/schema\\\/logo\\\/image\\\/\",\"url\":\"https:\\\/\\\/marktxxl.de\\\/markt\\\/wp-content\\\/uploads\\\/sites\\\/3\\\/2020\\\/12\\\/logo.png\",\"contentUrl\":\"https:\\\/\\\/marktxxl.de\\\/markt\\\/wp-content\\\/uploads\\\/sites\\\/3\\\/2020\\\/12\\\/logo.png\",\"width\":200,\"height\":70,\"caption\":\"Markt-XXL\"},\"image\":{\"@id\":\"https:\\\/\\\/marktxxl.de\\\/markt\\\/#\\\/schema\\\/logo\\\/image\\\/\"}}]}<\/script>\n<!-- \/ Yoast SEO plugin. -->","yoast_head_json":{"title":"Itzy Ritzy Pacifier Case with Clip \u2013 Pacifier Charm Pod Includes Clasp to Easily Attach to a Diaper Bag or Purse; Measures 2.5\u201d in Diameter and Holds 2 Pacifiers, Black - Markt-XXL","description":"Markt-XXL Itzy Ritzy Pacifier Case with Clip \u2013 Pacifier Charm Pod Includes Clasp to Easily Attach to a Diaper Bag or Purse; Measures 2.5\u201d in Diameter and Holds 2 Pacifiers, Black","robots":{"index":"index","follow":"follow","max-snippet":"max-snippet:-1","max-image-preview":"max-image-preview:large","max-video-preview":"max-video-preview:-1"},"canonical":"https:\/\/marktxxl.de\/markt\/produkt\/itzy-ritzy-pacifier-case-with-clip-pacifier-charm-pod-includes-clasp-to-easily-attach-to-a-diaper-bag-or-purse-measures-2-5-in-diameter-and-holds-2-pacifiers-black\/","og_locale":"de_DE","og_type":"article","og_title":"Itzy Ritzy Pacifier Case with Clip \u2013 Pacifier Charm Pod Includes Clasp to Easily Attach to a Diaper Bag or Purse; Measures 2.5\u201d in Diameter and Holds 2 Pacifiers, Black - Markt-XXL","og_description":"Markt-XXL Itzy Ritzy Pacifier Case with Clip \u2013 Pacifier Charm Pod Includes Clasp to Easily Attach to a Diaper Bag or Purse; Measures 2.5\u201d in Diameter and Holds 2 Pacifiers, Black","og_url":"https:\/\/marktxxl.de\/markt\/produkt\/itzy-ritzy-pacifier-case-with-clip-pacifier-charm-pod-includes-clasp-to-easily-attach-to-a-diaper-bag-or-purse-measures-2-5-in-diameter-and-holds-2-pacifiers-black\/","og_site_name":"Markt-XXL","twitter_card":"summary_large_image","twitter_misc":{"Gesch\u00e4tzte Lesezeit":"1\u00a0Minute"},"schema":{"@context":"https:\/\/schema.org","@graph":[{"@type":"WebPage","@id":"https:\/\/marktxxl.de\/markt\/produkt\/itzy-ritzy-pacifier-case-with-clip-pacifier-charm-pod-includes-clasp-to-easily-attach-to-a-diaper-bag-or-purse-measures-2-5-in-diameter-and-holds-2-pacifiers-black\/","url":"https:\/\/marktxxl.de\/markt\/produkt\/itzy-ritzy-pacifier-case-with-clip-pacifier-charm-pod-includes-clasp-to-easily-attach-to-a-diaper-bag-or-purse-measures-2-5-in-diameter-and-holds-2-pacifiers-black\/","name":"Itzy Ritzy Pacifier Case with Clip \u2013 Pacifier Charm Pod Includes Clasp to Easily Attach to a Diaper Bag or Purse; Measures 2.5\u201d in Diameter and Holds 2 Pacifiers, Black - Markt-XXL","isPartOf":{"@id":"https:\/\/marktxxl.de\/markt\/#website"},"primaryImageOfPage":{"@id":"https:\/\/marktxxl.de\/markt\/produkt\/itzy-ritzy-pacifier-case-with-clip-pacifier-charm-pod-includes-clasp-to-easily-attach-to-a-diaper-bag-or-purse-measures-2-5-in-diameter-and-holds-2-pacifiers-black\/#primaryimage"},"image":{"@id":"https:\/\/marktxxl.de\/markt\/produkt\/itzy-ritzy-pacifier-case-with-clip-pacifier-charm-pod-includes-clasp-to-easily-attach-to-a-diaper-bag-or-purse-measures-2-5-in-diameter-and-holds-2-pacifiers-black\/#primaryimage"},"thumbnailUrl":"https:\/\/m.media-amazon.com\/images\/I\/51U47du94tL._SL500_.jpg","datePublished":"2024-05-28T23:36:52+00:00","description":"Markt-XXL Itzy Ritzy Pacifier Case with Clip \u2013 Pacifier Charm Pod Includes Clasp to Easily Attach to a Diaper Bag or Purse; Measures 2.5\u201d in Diameter and Holds 2 Pacifiers, Black","breadcrumb":{"@id":"https:\/\/marktxxl.de\/markt\/produkt\/itzy-ritzy-pacifier-case-with-clip-pacifier-charm-pod-includes-clasp-to-easily-attach-to-a-diaper-bag-or-purse-measures-2-5-in-diameter-and-holds-2-pacifiers-black\/#breadcrumb"},"inLanguage":"de","potentialAction":[{"@type":"ReadAction","target":["https:\/\/marktxxl.de\/markt\/produkt\/itzy-ritzy-pacifier-case-with-clip-pacifier-charm-pod-includes-clasp-to-easily-attach-to-a-diaper-bag-or-purse-measures-2-5-in-diameter-and-holds-2-pacifiers-black\/"]}]},{"@type":"ImageObject","inLanguage":"de","@id":"https:\/\/marktxxl.de\/markt\/produkt\/itzy-ritzy-pacifier-case-with-clip-pacifier-charm-pod-includes-clasp-to-easily-attach-to-a-diaper-bag-or-purse-measures-2-5-in-diameter-and-holds-2-pacifiers-black\/#primaryimage","url":"https:\/\/m.media-amazon.com\/images\/I\/51U47du94tL._SL500_.jpg","contentUrl":"https:\/\/m.media-amazon.com\/images\/I\/51U47du94tL._SL500_.jpg","width":500,"height":499},{"@type":"BreadcrumbList","@id":"https:\/\/marktxxl.de\/markt\/produkt\/itzy-ritzy-pacifier-case-with-clip-pacifier-charm-pod-includes-clasp-to-easily-attach-to-a-diaper-bag-or-purse-measures-2-5-in-diameter-and-holds-2-pacifiers-black\/#breadcrumb","itemListElement":[{"@type":"ListItem","position":1,"name":"Startseite","item":"https:\/\/marktxxl.de\/markt\/"},{"@type":"ListItem","position":2,"name":"Markt","item":"https:\/\/marktxxl.de\/markt\/"},{"@type":"ListItem","position":3,"name":"Itzy Ritzy Pacifier Case with Clip \u2013 Pacifier Charm Pod Includes Clasp to Easily Attach to a Diaper Bag or Purse; Measures 2.5\u201d in Diameter and Holds 2 Pacifiers, Black"}]},{"@type":"WebSite","@id":"https:\/\/marktxxl.de\/markt\/#website","url":"https:\/\/marktxxl.de\/markt\/","name":"Markt-XXL","description":"Ihr Markt Online","publisher":{"@id":"https:\/\/marktxxl.de\/markt\/#organization"},"potentialAction":[{"@type":"SearchAction","target":{"@type":"EntryPoint","urlTemplate":"https:\/\/marktxxl.de\/markt\/?s={search_term_string}"},"query-input":{"@type":"PropertyValueSpecification","valueRequired":true,"valueName":"search_term_string"}}],"inLanguage":"de"},{"@type":"Organization","@id":"https:\/\/marktxxl.de\/markt\/#organization","name":"Markt-XXL","url":"https:\/\/marktxxl.de\/markt\/","logo":{"@type":"ImageObject","inLanguage":"de","@id":"https:\/\/marktxxl.de\/markt\/#\/schema\/logo\/image\/","url":"https:\/\/marktxxl.de\/markt\/wp-content\/uploads\/sites\/3\/2020\/12\/logo.png","contentUrl":"https:\/\/marktxxl.de\/markt\/wp-content\/uploads\/sites\/3\/2020\/12\/logo.png","width":200,"height":70,"caption":"Markt-XXL"},"image":{"@id":"https:\/\/marktxxl.de\/markt\/#\/schema\/logo\/image\/"}}]}},"_links":{"self":[{"href":"https:\/\/marktxxl.de\/markt\/wp-json\/wp\/v2\/product\/206760","targetHints":{"allow":["GET"]}}],"collection":[{"href":"https:\/\/marktxxl.de\/markt\/wp-json\/wp\/v2\/product"}],"about":[{"href":"https:\/\/marktxxl.de\/markt\/wp-json\/wp\/v2\/types\/product"}],"replies":[{"embeddable":true,"href":"https:\/\/marktxxl.de\/markt\/wp-json\/wp\/v2\/comments?post=206760"}],"wp:featuredmedia":[{"embeddable":true,"href":"https:\/\/marktxxl.de\/markt\/wp-json\/wp\/v2\/media\/206761"}],"wp:attachment":[{"href":"https:\/\/marktxxl.de\/markt\/wp-json\/wp\/v2\/media?parent=206760"}],"wp:term":[{"taxonomy":"product_brand","embeddable":true,"href":"https:\/\/marktxxl.de\/markt\/wp-json\/wp\/v2\/product_brand?post=206760"},{"taxonomy":"product_cat","embeddable":true,"href":"https:\/\/marktxxl.de\/markt\/wp-json\/wp\/v2\/product_cat?post=206760"},{"taxonomy":"product_tag","embeddable":true,"href":"https:\/\/marktxxl.de\/markt\/wp-json\/wp\/v2\/product_tag?post=206760"}],"curies":[{"name":"wp","href":"https:\/\/api.w.org\/{rel}","templated":true}]}}