{"id":206733,"date":"2024-05-29T01:36:37","date_gmt":"2024-05-28T23:36:37","guid":{"rendered":"https:\/\/marktxxl.de\/markt\/produkt\/mam-air-night-day-baby-schnuller-fuer-empfindliche-haut-leuchtet-im-dunkeln-unisex-3-stueck-1-stueck\/"},"modified":"2024-05-29T01:36:37","modified_gmt":"2024-05-28T23:36:37","slug":"mam-air-night-day-baby-schnuller-fuer-empfindliche-haut-leuchtet-im-dunkeln-unisex-3-stueck-1-stueck","status":"publish","type":"product","link":"https:\/\/marktxxl.de\/markt\/produkt\/mam-air-night-day-baby-schnuller-fuer-empfindliche-haut-leuchtet-im-dunkeln-unisex-3-stueck-1-stueck\/","title":{"rendered":"MAM Air Night &amp; Day Baby Schnuller f\u00fcr empfindliche Haut, leuchtet im Dunkeln, Unisex, 3 St\u00fcck (1 St\u00fcck)"},"content":{"rendered":"<p>Empfindliche Haut \u2013 Die gro\u00dfen offenen Luftl\u00f6cher dieser MAM-Schnuller bieten viel Platz f\u00fcr Babys mit empfindlicher Haut und lassen Sie sogar auf das L\u00e4cheln Ihres Babys schauen<br \/>\nLeuchtet im Dunkeln \u2013 ein Schnuller in dieser Packung leuchtet im Dunkeln, so dass es f\u00fcr Sie einfach ist, ihn nachts schnell zu finden, ohne zu stolpern und zu suchen, damit Ihr Baby besser schlafen kann.<br \/>\nSilikon-Nippel \u2013 der BPA-freie Silikon-Nippel ist ein charakteristisches MAM-Schnuller-Design, mit seidigem SkinSoft-Material und einer symmetrischen Form, die ideal f\u00fcr die Kiefer- und Zahnentwicklung ist.<br \/>\nBeruhigt und beruhigt \u2013 Unser Schnullersauger wurde von Eltern und medizinischen Experten entworfen, um sich wie die Mutterbrust zu f\u00fchlen, um Babys ab 6 Monaten zu entspannen.<br \/>\nProduktdetails \u2013 MAM f\u00fcr empfindliche Haut 6+ Schnuller, Air Day &amp; Night Kollektion, 3er-Pack, leuchtet im Dunkeln<br \/>\n<div class=\"main-cross-sell\" data-asin=\"B08DYTD65X\">\n\n\t<div class=\"WooZone-cross-sell-loader\">\n\t\t<div>\n\t\t\t<div id=\"floatingBarsG\">\n\t\t\t\t<div class=\"blockG\" id=\"rotateG_01\"><\/div>\n\t\t\t\t<div class=\"blockG\" id=\"rotateG_02\"><\/div>\n\t\t\t\t<div class=\"blockG\" id=\"rotateG_03\"><\/div>\n\t\t\t\t<div class=\"blockG\" id=\"rotateG_04\"><\/div>\n\t\t\t\t<div class=\"blockG\" id=\"rotateG_05\"><\/div>\n\t\t\t\t<div class=\"blockG\" id=\"rotateG_06\"><\/div>\n\t\t\t\t<div class=\"blockG\" id=\"rotateG_07\"><\/div>\n\t\t\t\t<div class=\"blockG\" id=\"rotateG_08\"><\/div>\n\t\t\t<\/div>\n\t\t\t<div class=\"WooZone-cross-sell-loader-text\"><\/div>\n\t\t<\/div>\n\t<\/div>\n\n\t\t\n<\/div>\n<div style=\"clear:both;\"><\/div><\/p>\n","protected":false},"excerpt":{"rendered":"<p>Empfindliche Haut \u2013 Die gro\u00dfen offenen Luftl\u00f6cher dieser MAM-Schnuller bieten viel Platz f\u00fcr Babys mit empfindlicher Haut und lassen Sie sogar auf das L\u00e4cheln Ihres Babys schauen<br \/>\nLeuchtet im Dunkeln \u2013 ein Schnuller in dieser Packung leuchtet im Dunkeln, so dass es f\u00fcr Sie einfach ist, ihn nachts schnell zu finden, ohne zu stolpern und zu suchen, damit Ihr Baby besser schlafen kann.<br \/>\nSilikon-Nippel \u2013 der BPA-freie Silikon-Nippel ist ein charakteristisches MAM-Schnuller-Design, mit seidigem SkinSoft-Material und einer symmetrischen Form, die ideal f\u00fcr die Kiefer- und Zahnentwicklung ist.<\/p>\n","protected":false},"featured_media":206734,"comment_status":"open","ping_status":"closed","template":"","meta":[],"product_brand":[],"product_cat":[21,9329],"product_tag":[],"class_list":{"0":"post-206733","1":"product","2":"type-product","3":"status-publish","4":"has-post-thumbnail","6":"product_cat-baby","7":"product_cat-kinderwagen-buggys-zubehoer-baby","8":"pa_binding-babyartikel","9":"pa_brand-mam","10":"pa_color-unisex","11":"pa_height-5-7086614173228-zoll","12":"pa_length-1-5748031496063-zoll","13":"pa_manufacturer-amazonus-mamam","14":"pa_model-6063-012-0-1","15":"pa_size-3-count-pack-of-1","16":"pa_width-3-740157480315-zoll","18":"first","19":"instock","20":"shipping-taxable","21":"purchasable","22":"product-type-simple","23":"customify-col","24":"product-has-gallery"},"yoast_head":"<!-- This site is optimized with the Yoast SEO plugin v27.4 - https:\/\/yoast.com\/product\/yoast-seo-wordpress\/ -->\n<title>MAM Air Night &amp; Day Baby Schnuller f\u00fcr empfindliche Haut, leuchtet im Dunkeln, Unisex, 3 St\u00fcck (1 St\u00fcck) - Markt-XXL<\/title>\n<meta name=\"description\" content=\"Markt-XXL MAM Air Night &amp; Day Baby Schnuller f\u00fcr empfindliche Haut, leuchtet im Dunkeln, Unisex, 3 St\u00fcck (1 St\u00fcck)\" \/>\n<meta name=\"robots\" content=\"index, follow, max-snippet:-1, max-image-preview:large, max-video-preview:-1\" \/>\n<link rel=\"canonical\" href=\"https:\/\/marktxxl.de\/markt\/produkt\/mam-air-night-day-baby-schnuller-fuer-empfindliche-haut-leuchtet-im-dunkeln-unisex-3-stueck-1-stueck\/\" \/>\n<meta property=\"og:locale\" content=\"de_DE\" \/>\n<meta property=\"og:type\" content=\"article\" \/>\n<meta property=\"og:title\" content=\"MAM Air Night &amp; Day Baby Schnuller f\u00fcr empfindliche Haut, leuchtet im Dunkeln, Unisex, 3 St\u00fcck (1 St\u00fcck) - Markt-XXL\" \/>\n<meta property=\"og:description\" content=\"Markt-XXL MAM Air Night &amp; Day Baby Schnuller f\u00fcr empfindliche Haut, leuchtet im Dunkeln, Unisex, 3 St\u00fcck (1 St\u00fcck)\" \/>\n<meta property=\"og:url\" content=\"https:\/\/marktxxl.de\/markt\/produkt\/mam-air-night-day-baby-schnuller-fuer-empfindliche-haut-leuchtet-im-dunkeln-unisex-3-stueck-1-stueck\/\" \/>\n<meta property=\"og:site_name\" content=\"Markt-XXL\" \/>\n<meta name=\"twitter:card\" content=\"summary_large_image\" \/>\n<meta name=\"twitter:label1\" content=\"Gesch\u00e4tzte Lesezeit\" \/>\n\t<meta name=\"twitter:data1\" content=\"1\u00a0Minute\" \/>\n<script type=\"application\/ld+json\" class=\"yoast-schema-graph\">{\"@context\":\"https:\\\/\\\/schema.org\",\"@graph\":[{\"@type\":\"WebPage\",\"@id\":\"https:\\\/\\\/marktxxl.de\\\/markt\\\/produkt\\\/mam-air-night-day-baby-schnuller-fuer-empfindliche-haut-leuchtet-im-dunkeln-unisex-3-stueck-1-stueck\\\/\",\"url\":\"https:\\\/\\\/marktxxl.de\\\/markt\\\/produkt\\\/mam-air-night-day-baby-schnuller-fuer-empfindliche-haut-leuchtet-im-dunkeln-unisex-3-stueck-1-stueck\\\/\",\"name\":\"MAM Air Night &amp; Day Baby Schnuller f\u00fcr empfindliche Haut, leuchtet im Dunkeln, Unisex, 3 St\u00fcck (1 St\u00fcck) - Markt-XXL\",\"isPartOf\":{\"@id\":\"https:\\\/\\\/marktxxl.de\\\/markt\\\/#website\"},\"primaryImageOfPage\":{\"@id\":\"https:\\\/\\\/marktxxl.de\\\/markt\\\/produkt\\\/mam-air-night-day-baby-schnuller-fuer-empfindliche-haut-leuchtet-im-dunkeln-unisex-3-stueck-1-stueck\\\/#primaryimage\"},\"image\":{\"@id\":\"https:\\\/\\\/marktxxl.de\\\/markt\\\/produkt\\\/mam-air-night-day-baby-schnuller-fuer-empfindliche-haut-leuchtet-im-dunkeln-unisex-3-stueck-1-stueck\\\/#primaryimage\"},\"thumbnailUrl\":\"https:\\\/\\\/m.media-amazon.com\\\/images\\\/I\\\/411N9rw2xmL._SL500_.jpg\",\"datePublished\":\"2024-05-28T23:36:37+00:00\",\"description\":\"Markt-XXL MAM Air Night &amp; Day Baby Schnuller f\u00fcr empfindliche Haut, leuchtet im Dunkeln, Unisex, 3 St\u00fcck (1 St\u00fcck)\",\"breadcrumb\":{\"@id\":\"https:\\\/\\\/marktxxl.de\\\/markt\\\/produkt\\\/mam-air-night-day-baby-schnuller-fuer-empfindliche-haut-leuchtet-im-dunkeln-unisex-3-stueck-1-stueck\\\/#breadcrumb\"},\"inLanguage\":\"de\",\"potentialAction\":[{\"@type\":\"ReadAction\",\"target\":[\"https:\\\/\\\/marktxxl.de\\\/markt\\\/produkt\\\/mam-air-night-day-baby-schnuller-fuer-empfindliche-haut-leuchtet-im-dunkeln-unisex-3-stueck-1-stueck\\\/\"]}]},{\"@type\":\"ImageObject\",\"inLanguage\":\"de\",\"@id\":\"https:\\\/\\\/marktxxl.de\\\/markt\\\/produkt\\\/mam-air-night-day-baby-schnuller-fuer-empfindliche-haut-leuchtet-im-dunkeln-unisex-3-stueck-1-stueck\\\/#primaryimage\",\"url\":\"https:\\\/\\\/m.media-amazon.com\\\/images\\\/I\\\/411N9rw2xmL._SL500_.jpg\",\"contentUrl\":\"https:\\\/\\\/m.media-amazon.com\\\/images\\\/I\\\/411N9rw2xmL._SL500_.jpg\",\"width\":500,\"height\":500},{\"@type\":\"BreadcrumbList\",\"@id\":\"https:\\\/\\\/marktxxl.de\\\/markt\\\/produkt\\\/mam-air-night-day-baby-schnuller-fuer-empfindliche-haut-leuchtet-im-dunkeln-unisex-3-stueck-1-stueck\\\/#breadcrumb\",\"itemListElement\":[{\"@type\":\"ListItem\",\"position\":1,\"name\":\"Startseite\",\"item\":\"https:\\\/\\\/marktxxl.de\\\/markt\\\/\"},{\"@type\":\"ListItem\",\"position\":2,\"name\":\"Markt\",\"item\":\"https:\\\/\\\/marktxxl.de\\\/markt\\\/\"},{\"@type\":\"ListItem\",\"position\":3,\"name\":\"MAM Air Night &amp; Day Baby Schnuller f\u00fcr empfindliche Haut, leuchtet im Dunkeln, Unisex, 3 St\u00fcck (1 St\u00fcck)\"}]},{\"@type\":\"WebSite\",\"@id\":\"https:\\\/\\\/marktxxl.de\\\/markt\\\/#website\",\"url\":\"https:\\\/\\\/marktxxl.de\\\/markt\\\/\",\"name\":\"Markt-XXL\",\"description\":\"Ihr Markt Online\",\"publisher\":{\"@id\":\"https:\\\/\\\/marktxxl.de\\\/markt\\\/#organization\"},\"potentialAction\":[{\"@type\":\"SearchAction\",\"target\":{\"@type\":\"EntryPoint\",\"urlTemplate\":\"https:\\\/\\\/marktxxl.de\\\/markt\\\/?s={search_term_string}\"},\"query-input\":{\"@type\":\"PropertyValueSpecification\",\"valueRequired\":true,\"valueName\":\"search_term_string\"}}],\"inLanguage\":\"de\"},{\"@type\":\"Organization\",\"@id\":\"https:\\\/\\\/marktxxl.de\\\/markt\\\/#organization\",\"name\":\"Markt-XXL\",\"url\":\"https:\\\/\\\/marktxxl.de\\\/markt\\\/\",\"logo\":{\"@type\":\"ImageObject\",\"inLanguage\":\"de\",\"@id\":\"https:\\\/\\\/marktxxl.de\\\/markt\\\/#\\\/schema\\\/logo\\\/image\\\/\",\"url\":\"https:\\\/\\\/marktxxl.de\\\/markt\\\/wp-content\\\/uploads\\\/sites\\\/3\\\/2020\\\/12\\\/logo.png\",\"contentUrl\":\"https:\\\/\\\/marktxxl.de\\\/markt\\\/wp-content\\\/uploads\\\/sites\\\/3\\\/2020\\\/12\\\/logo.png\",\"width\":200,\"height\":70,\"caption\":\"Markt-XXL\"},\"image\":{\"@id\":\"https:\\\/\\\/marktxxl.de\\\/markt\\\/#\\\/schema\\\/logo\\\/image\\\/\"}}]}<\/script>\n<!-- \/ Yoast SEO plugin. -->","yoast_head_json":{"title":"MAM Air Night &amp; Day Baby Schnuller f\u00fcr empfindliche Haut, leuchtet im Dunkeln, Unisex, 3 St\u00fcck (1 St\u00fcck) - Markt-XXL","description":"Markt-XXL MAM Air Night &amp; Day Baby Schnuller f\u00fcr empfindliche Haut, leuchtet im Dunkeln, Unisex, 3 St\u00fcck (1 St\u00fcck)","robots":{"index":"index","follow":"follow","max-snippet":"max-snippet:-1","max-image-preview":"max-image-preview:large","max-video-preview":"max-video-preview:-1"},"canonical":"https:\/\/marktxxl.de\/markt\/produkt\/mam-air-night-day-baby-schnuller-fuer-empfindliche-haut-leuchtet-im-dunkeln-unisex-3-stueck-1-stueck\/","og_locale":"de_DE","og_type":"article","og_title":"MAM Air Night &amp; Day Baby Schnuller f\u00fcr empfindliche Haut, leuchtet im Dunkeln, Unisex, 3 St\u00fcck (1 St\u00fcck) - Markt-XXL","og_description":"Markt-XXL MAM Air Night &amp; Day Baby Schnuller f\u00fcr empfindliche Haut, leuchtet im Dunkeln, Unisex, 3 St\u00fcck (1 St\u00fcck)","og_url":"https:\/\/marktxxl.de\/markt\/produkt\/mam-air-night-day-baby-schnuller-fuer-empfindliche-haut-leuchtet-im-dunkeln-unisex-3-stueck-1-stueck\/","og_site_name":"Markt-XXL","twitter_card":"summary_large_image","twitter_misc":{"Gesch\u00e4tzte Lesezeit":"1\u00a0Minute"},"schema":{"@context":"https:\/\/schema.org","@graph":[{"@type":"WebPage","@id":"https:\/\/marktxxl.de\/markt\/produkt\/mam-air-night-day-baby-schnuller-fuer-empfindliche-haut-leuchtet-im-dunkeln-unisex-3-stueck-1-stueck\/","url":"https:\/\/marktxxl.de\/markt\/produkt\/mam-air-night-day-baby-schnuller-fuer-empfindliche-haut-leuchtet-im-dunkeln-unisex-3-stueck-1-stueck\/","name":"MAM Air Night &amp; Day Baby Schnuller f\u00fcr empfindliche Haut, leuchtet im Dunkeln, Unisex, 3 St\u00fcck (1 St\u00fcck) - Markt-XXL","isPartOf":{"@id":"https:\/\/marktxxl.de\/markt\/#website"},"primaryImageOfPage":{"@id":"https:\/\/marktxxl.de\/markt\/produkt\/mam-air-night-day-baby-schnuller-fuer-empfindliche-haut-leuchtet-im-dunkeln-unisex-3-stueck-1-stueck\/#primaryimage"},"image":{"@id":"https:\/\/marktxxl.de\/markt\/produkt\/mam-air-night-day-baby-schnuller-fuer-empfindliche-haut-leuchtet-im-dunkeln-unisex-3-stueck-1-stueck\/#primaryimage"},"thumbnailUrl":"https:\/\/m.media-amazon.com\/images\/I\/411N9rw2xmL._SL500_.jpg","datePublished":"2024-05-28T23:36:37+00:00","description":"Markt-XXL MAM Air Night &amp; Day Baby Schnuller f\u00fcr empfindliche Haut, leuchtet im Dunkeln, Unisex, 3 St\u00fcck (1 St\u00fcck)","breadcrumb":{"@id":"https:\/\/marktxxl.de\/markt\/produkt\/mam-air-night-day-baby-schnuller-fuer-empfindliche-haut-leuchtet-im-dunkeln-unisex-3-stueck-1-stueck\/#breadcrumb"},"inLanguage":"de","potentialAction":[{"@type":"ReadAction","target":["https:\/\/marktxxl.de\/markt\/produkt\/mam-air-night-day-baby-schnuller-fuer-empfindliche-haut-leuchtet-im-dunkeln-unisex-3-stueck-1-stueck\/"]}]},{"@type":"ImageObject","inLanguage":"de","@id":"https:\/\/marktxxl.de\/markt\/produkt\/mam-air-night-day-baby-schnuller-fuer-empfindliche-haut-leuchtet-im-dunkeln-unisex-3-stueck-1-stueck\/#primaryimage","url":"https:\/\/m.media-amazon.com\/images\/I\/411N9rw2xmL._SL500_.jpg","contentUrl":"https:\/\/m.media-amazon.com\/images\/I\/411N9rw2xmL._SL500_.jpg","width":500,"height":500},{"@type":"BreadcrumbList","@id":"https:\/\/marktxxl.de\/markt\/produkt\/mam-air-night-day-baby-schnuller-fuer-empfindliche-haut-leuchtet-im-dunkeln-unisex-3-stueck-1-stueck\/#breadcrumb","itemListElement":[{"@type":"ListItem","position":1,"name":"Startseite","item":"https:\/\/marktxxl.de\/markt\/"},{"@type":"ListItem","position":2,"name":"Markt","item":"https:\/\/marktxxl.de\/markt\/"},{"@type":"ListItem","position":3,"name":"MAM Air Night &amp; Day Baby Schnuller f\u00fcr empfindliche Haut, leuchtet im Dunkeln, Unisex, 3 St\u00fcck (1 St\u00fcck)"}]},{"@type":"WebSite","@id":"https:\/\/marktxxl.de\/markt\/#website","url":"https:\/\/marktxxl.de\/markt\/","name":"Markt-XXL","description":"Ihr Markt Online","publisher":{"@id":"https:\/\/marktxxl.de\/markt\/#organization"},"potentialAction":[{"@type":"SearchAction","target":{"@type":"EntryPoint","urlTemplate":"https:\/\/marktxxl.de\/markt\/?s={search_term_string}"},"query-input":{"@type":"PropertyValueSpecification","valueRequired":true,"valueName":"search_term_string"}}],"inLanguage":"de"},{"@type":"Organization","@id":"https:\/\/marktxxl.de\/markt\/#organization","name":"Markt-XXL","url":"https:\/\/marktxxl.de\/markt\/","logo":{"@type":"ImageObject","inLanguage":"de","@id":"https:\/\/marktxxl.de\/markt\/#\/schema\/logo\/image\/","url":"https:\/\/marktxxl.de\/markt\/wp-content\/uploads\/sites\/3\/2020\/12\/logo.png","contentUrl":"https:\/\/marktxxl.de\/markt\/wp-content\/uploads\/sites\/3\/2020\/12\/logo.png","width":200,"height":70,"caption":"Markt-XXL"},"image":{"@id":"https:\/\/marktxxl.de\/markt\/#\/schema\/logo\/image\/"}}]}},"_links":{"self":[{"href":"https:\/\/marktxxl.de\/markt\/wp-json\/wp\/v2\/product\/206733","targetHints":{"allow":["GET"]}}],"collection":[{"href":"https:\/\/marktxxl.de\/markt\/wp-json\/wp\/v2\/product"}],"about":[{"href":"https:\/\/marktxxl.de\/markt\/wp-json\/wp\/v2\/types\/product"}],"replies":[{"embeddable":true,"href":"https:\/\/marktxxl.de\/markt\/wp-json\/wp\/v2\/comments?post=206733"}],"wp:featuredmedia":[{"embeddable":true,"href":"https:\/\/marktxxl.de\/markt\/wp-json\/wp\/v2\/media\/206734"}],"wp:attachment":[{"href":"https:\/\/marktxxl.de\/markt\/wp-json\/wp\/v2\/media?parent=206733"}],"wp:term":[{"taxonomy":"product_brand","embeddable":true,"href":"https:\/\/marktxxl.de\/markt\/wp-json\/wp\/v2\/product_brand?post=206733"},{"taxonomy":"product_cat","embeddable":true,"href":"https:\/\/marktxxl.de\/markt\/wp-json\/wp\/v2\/product_cat?post=206733"},{"taxonomy":"product_tag","embeddable":true,"href":"https:\/\/marktxxl.de\/markt\/wp-json\/wp\/v2\/product_tag?post=206733"}],"curies":[{"name":"wp","href":"https:\/\/api.w.org\/{rel}","templated":true}]}}