{"id":206675,"date":"2024-05-29T01:19:22","date_gmt":"2024-05-28T23:19:22","guid":{"rendered":"https:\/\/marktxxl.de\/markt\/produkt\/wega-kinderwagen-ventilator-wiederaufladbar-tragbar-batteriebetrieben-auto-sitz-baby-ventilator-3-geschwindigkeiten-clip-on-ventilator-usb-ventilator-fuer-kinderbett-laufband-homeoffice-und\/"},"modified":"2024-05-29T01:19:22","modified_gmt":"2024-05-28T23:19:22","slug":"wega-kinderwagen-ventilator-wiederaufladbar-tragbar-batteriebetrieben-auto-sitz-baby-ventilator-3-geschwindigkeiten-clip-on-ventilator-usb-ventilator-fuer-kinderbett-laufband-homeoffice-und","status":"publish","type":"product","link":"https:\/\/marktxxl.de\/markt\/produkt\/wega-kinderwagen-ventilator-wiederaufladbar-tragbar-batteriebetrieben-auto-sitz-baby-ventilator-3-geschwindigkeiten-clip-on-ventilator-usb-ventilator-fuer-kinderbett-laufband-homeoffice-und\/","title":{"rendered":"WEGA Kinderwagen-Ventilator, wiederaufladbar, tragbar, batteriebetrieben, Auto-Sitz, Baby-Ventilator, 3 Geschwindigkeiten, Clip-on-Ventilator, USB-Ventilator f\u00fcr Kinderbett, Laufband, HomeOffice und"},"content":{"rendered":"<p>FLEXIBLES STATIV &#8211; Der Ventilator f\u00fcr Kinderwagen mit einzigartigem flexiblem Stativdesign. Dieses Stativ besteht aus hochwertigem Metall und Silikon. Sie k\u00f6nnen jeden gew\u00fcnschten Winkel biegen, greifen, wickeln, aufstellen, es langlebig, flexibel und stabil halten. Perfekt f\u00fcr Kinderwagen, Kinderbett, Autositz und so weiter.<br \/>\nSch\u00fctzen Sie die Finger des Babys: Die wiederaufladbaren Baby-F\u00e4cher decken die L\u00fccken auf der R\u00fcckseite und Vorderseite von weniger als 5 mm ab, vermeiden Sie, dass die kleinen Finger des Babys durch die R\u00fcckseite des Ventilators die Klingen ber\u00fchren. Der kleine Ventilator h\u00e4lt Ihr Baby den ganzen Sommer k\u00fchl.<br \/>\nDrei Batteriestand-Anzeige-Lichter: Es gibt drei Lichtperlen, die den Batteriestand anzeigen. Wenn alle drei Lichtperlen wei\u00dfes Licht anzeigen, zeigt dies an, dass der Akkustand voll ist. Wenn nur eine Lichtperle wei\u00dfes Licht anzeigt und blinkt, zeigt dies an, dass der Batteriestand niedrig ist und aufgeladen werden muss.<br \/>\nVielseitig und um 360 \u00b0 drehbar: Dieser Kinderwagen-Ventilator mit flexiblen Beinen erm\u00f6glicht es Ihnen, den Ventilator am Kinderwagen, Autositz, Kinderbett zu befestigen. Der Kopf des Kinderwagen-Ventilators kann horizontal in jede Richtung eingestellt werden, damit Sie und Ihr Baby k\u00fchl bleiben. Er kann auch als Desktop-Luftventilator oder Handventilator verwendet werden.<br \/>\nLeistungsstark und leise: Die Kinderwagen-Ventilatoren haben verbesserte L\u00fcfterbl\u00e4tter, leistungsstark und leise, 3 Geschwindigkeitsarten, um alle Ihre Bed\u00fcrfnisse zu befriedigen. Perfekt f\u00fcr Golfwagen, Strand, Fitnessstudio, Reisen und andere Outdoor-Aktivit\u00e4ten. Der tragbare Kinderwagen-Ventilator mit 2-in-1-betriebenem Stil unterst\u00fctzt USB- oder Batteriebetrieb. 4,5 ~ 10 Stunden lange Arbeitszeit h\u00e4ngt von der Geschwindigkeit ab, Sicherheitsdesign, wiederaufladbare Polymer-Batterie ist im Lieferumfang enthalten. (Kann auch per Computer, Laptop, Powerbank, Autoladeger\u00e4t usw. aufgeladen werden).<br \/>\nHOCHWERTIGER SERVICE: Wir sind ein amerikanischer Verk\u00e4ufer. Wenn Sie Fragen zum Produkt haben, kontaktieren Sie uns bitte, wir werden Ihnen innerhalb von 24 Stunden antworten.<br \/>\n<div class=\"main-cross-sell\" data-asin=\"B0CVQBHPGT\">\n\n\t<div class=\"WooZone-cross-sell-loader\">\n\t\t<div>\n\t\t\t<div id=\"floatingBarsG\">\n\t\t\t\t<div class=\"blockG\" id=\"rotateG_01\"><\/div>\n\t\t\t\t<div class=\"blockG\" id=\"rotateG_02\"><\/div>\n\t\t\t\t<div class=\"blockG\" id=\"rotateG_03\"><\/div>\n\t\t\t\t<div class=\"blockG\" id=\"rotateG_04\"><\/div>\n\t\t\t\t<div class=\"blockG\" id=\"rotateG_05\"><\/div>\n\t\t\t\t<div class=\"blockG\" id=\"rotateG_06\"><\/div>\n\t\t\t\t<div class=\"blockG\" id=\"rotateG_07\"><\/div>\n\t\t\t\t<div class=\"blockG\" id=\"rotateG_08\"><\/div>\n\t\t\t<\/div>\n\t\t\t<div class=\"WooZone-cross-sell-loader-text\"><\/div>\n\t\t<\/div>\n\t<\/div>\n\n\t\t\n<\/div>\n<div style=\"clear:both;\"><\/div><\/p>\n","protected":false},"excerpt":{"rendered":"<p>FLEXIBLES STATIV &#8211; Der Ventilator f\u00fcr Kinderwagen mit einzigartigem flexiblem Stativdesign. Dieses Stativ besteht aus hochwertigem Metall und Silikon. Sie k\u00f6nnen jeden gew\u00fcnschten Winkel biegen, greifen, wickeln, aufstellen, es langlebig, flexibel und stabil halten. Perfekt f\u00fcr Kinderwagen, Kinderbett, Autositz und so weiter.<br \/>\nSch\u00fctzen Sie die Finger des Babys: Die wiederaufladbaren Baby-F\u00e4cher decken die L\u00fccken auf der R\u00fcckseite und Vorderseite von weniger als 5 mm ab, vermeiden Sie, dass die kleinen Finger des Babys durch die R\u00fcckseite des Ventilators die Klingen ber\u00fchren. Der kleine Ventilator h\u00e4lt Ihr Baby den ganzen Sommer k\u00fchl.<br \/>\nDrei Batteriestand-Anzeige-Lichter: Es gibt drei Lichtperlen, die den Batteriestand anzeigen. Wenn alle drei Lichtperlen wei\u00dfes Licht anzeigen, zeigt dies an, dass der Akkustand voll ist. Wenn nur eine Lichtperle wei\u00dfes Licht anzeigt und blinkt, zeigt dies an, dass der Batteriestand niedrig ist und aufgeladen werden muss.<\/p>\n","protected":false},"featured_media":206676,"comment_status":"open","ping_status":"closed","template":"","meta":[],"product_brand":[],"product_cat":[21,9329],"product_tag":[],"class_list":{"0":"post-206675","1":"product","2":"type-product","3":"status-publish","4":"has-post-thumbnail","6":"product_cat-baby","7":"product_cat-kinderwagen-buggys-zubehoer-baby","8":"pa_brand-wega","9":"pa_height-11-2-zoll","10":"pa_length-3-5-zoll","11":"pa_manufacturer-wega","12":"pa_model-sf01","13":"pa_size-11-2x4-5in","14":"pa_width-4-4-zoll","16":"first","17":"instock","18":"shipping-taxable","19":"product-type-simple","20":"customify-col","21":"product-has-gallery"},"yoast_head":"<!-- This site is optimized with the Yoast SEO plugin v27.4 - https:\/\/yoast.com\/product\/yoast-seo-wordpress\/ -->\n<title>WEGA Kinderwagen-Ventilator, wiederaufladbar, tragbar, batteriebetrieben, Auto-Sitz, Baby-Ventilator, 3 Geschwindigkeiten, Clip-on-Ventilator, USB-Ventilator f\u00fcr Kinderbett, Laufband, HomeOffice und - Markt-XXL<\/title>\n<meta name=\"description\" content=\"Markt-XXL WEGA Kinderwagen-Ventilator, wiederaufladbar, tragbar, batteriebetrieben, Auto-Sitz, Baby-Ventilator, 3 Geschwindigkeiten, Clip-on-Ventilator, USB-Ventilator f\u00fcr Kinderbett, Laufband, HomeOffice und\" \/>\n<meta name=\"robots\" content=\"index, follow, max-snippet:-1, max-image-preview:large, max-video-preview:-1\" \/>\n<link rel=\"canonical\" href=\"https:\/\/marktxxl.de\/markt\/produkt\/wega-kinderwagen-ventilator-wiederaufladbar-tragbar-batteriebetrieben-auto-sitz-baby-ventilator-3-geschwindigkeiten-clip-on-ventilator-usb-ventilator-fuer-kinderbett-laufband-homeoffice-und\/\" \/>\n<meta property=\"og:locale\" content=\"de_DE\" \/>\n<meta property=\"og:type\" content=\"article\" \/>\n<meta property=\"og:title\" content=\"WEGA Kinderwagen-Ventilator, wiederaufladbar, tragbar, batteriebetrieben, Auto-Sitz, Baby-Ventilator, 3 Geschwindigkeiten, Clip-on-Ventilator, USB-Ventilator f\u00fcr Kinderbett, Laufband, HomeOffice und - Markt-XXL\" \/>\n<meta property=\"og:description\" content=\"Markt-XXL WEGA Kinderwagen-Ventilator, wiederaufladbar, tragbar, batteriebetrieben, Auto-Sitz, Baby-Ventilator, 3 Geschwindigkeiten, Clip-on-Ventilator, USB-Ventilator f\u00fcr Kinderbett, Laufband, HomeOffice und\" \/>\n<meta property=\"og:url\" content=\"https:\/\/marktxxl.de\/markt\/produkt\/wega-kinderwagen-ventilator-wiederaufladbar-tragbar-batteriebetrieben-auto-sitz-baby-ventilator-3-geschwindigkeiten-clip-on-ventilator-usb-ventilator-fuer-kinderbett-laufband-homeoffice-und\/\" \/>\n<meta property=\"og:site_name\" content=\"Markt-XXL\" \/>\n<meta name=\"twitter:card\" content=\"summary_large_image\" \/>\n<meta name=\"twitter:label1\" content=\"Gesch\u00e4tzte Lesezeit\" \/>\n\t<meta name=\"twitter:data1\" content=\"2\u00a0Minuten\" \/>\n<script type=\"application\/ld+json\" class=\"yoast-schema-graph\">{\"@context\":\"https:\\\/\\\/schema.org\",\"@graph\":[{\"@type\":\"WebPage\",\"@id\":\"https:\\\/\\\/marktxxl.de\\\/markt\\\/produkt\\\/wega-kinderwagen-ventilator-wiederaufladbar-tragbar-batteriebetrieben-auto-sitz-baby-ventilator-3-geschwindigkeiten-clip-on-ventilator-usb-ventilator-fuer-kinderbett-laufband-homeoffice-und\\\/\",\"url\":\"https:\\\/\\\/marktxxl.de\\\/markt\\\/produkt\\\/wega-kinderwagen-ventilator-wiederaufladbar-tragbar-batteriebetrieben-auto-sitz-baby-ventilator-3-geschwindigkeiten-clip-on-ventilator-usb-ventilator-fuer-kinderbett-laufband-homeoffice-und\\\/\",\"name\":\"WEGA Kinderwagen-Ventilator, wiederaufladbar, tragbar, batteriebetrieben, Auto-Sitz, Baby-Ventilator, 3 Geschwindigkeiten, Clip-on-Ventilator, USB-Ventilator f\u00fcr Kinderbett, Laufband, HomeOffice und - Markt-XXL\",\"isPartOf\":{\"@id\":\"https:\\\/\\\/marktxxl.de\\\/markt\\\/#website\"},\"primaryImageOfPage\":{\"@id\":\"https:\\\/\\\/marktxxl.de\\\/markt\\\/produkt\\\/wega-kinderwagen-ventilator-wiederaufladbar-tragbar-batteriebetrieben-auto-sitz-baby-ventilator-3-geschwindigkeiten-clip-on-ventilator-usb-ventilator-fuer-kinderbett-laufband-homeoffice-und\\\/#primaryimage\"},\"image\":{\"@id\":\"https:\\\/\\\/marktxxl.de\\\/markt\\\/produkt\\\/wega-kinderwagen-ventilator-wiederaufladbar-tragbar-batteriebetrieben-auto-sitz-baby-ventilator-3-geschwindigkeiten-clip-on-ventilator-usb-ventilator-fuer-kinderbett-laufband-homeoffice-und\\\/#primaryimage\"},\"thumbnailUrl\":\"https:\\\/\\\/m.media-amazon.com\\\/images\\\/I\\\/41ZeoBYziUL._SL500_.jpg\",\"datePublished\":\"2024-05-28T23:19:22+00:00\",\"description\":\"Markt-XXL WEGA Kinderwagen-Ventilator, wiederaufladbar, tragbar, batteriebetrieben, Auto-Sitz, Baby-Ventilator, 3 Geschwindigkeiten, Clip-on-Ventilator, USB-Ventilator f\u00fcr Kinderbett, Laufband, HomeOffice und\",\"breadcrumb\":{\"@id\":\"https:\\\/\\\/marktxxl.de\\\/markt\\\/produkt\\\/wega-kinderwagen-ventilator-wiederaufladbar-tragbar-batteriebetrieben-auto-sitz-baby-ventilator-3-geschwindigkeiten-clip-on-ventilator-usb-ventilator-fuer-kinderbett-laufband-homeoffice-und\\\/#breadcrumb\"},\"inLanguage\":\"de\",\"potentialAction\":[{\"@type\":\"ReadAction\",\"target\":[\"https:\\\/\\\/marktxxl.de\\\/markt\\\/produkt\\\/wega-kinderwagen-ventilator-wiederaufladbar-tragbar-batteriebetrieben-auto-sitz-baby-ventilator-3-geschwindigkeiten-clip-on-ventilator-usb-ventilator-fuer-kinderbett-laufband-homeoffice-und\\\/\"]}]},{\"@type\":\"ImageObject\",\"inLanguage\":\"de\",\"@id\":\"https:\\\/\\\/marktxxl.de\\\/markt\\\/produkt\\\/wega-kinderwagen-ventilator-wiederaufladbar-tragbar-batteriebetrieben-auto-sitz-baby-ventilator-3-geschwindigkeiten-clip-on-ventilator-usb-ventilator-fuer-kinderbett-laufband-homeoffice-und\\\/#primaryimage\",\"url\":\"https:\\\/\\\/m.media-amazon.com\\\/images\\\/I\\\/41ZeoBYziUL._SL500_.jpg\",\"contentUrl\":\"https:\\\/\\\/m.media-amazon.com\\\/images\\\/I\\\/41ZeoBYziUL._SL500_.jpg\",\"width\":500,\"height\":500},{\"@type\":\"BreadcrumbList\",\"@id\":\"https:\\\/\\\/marktxxl.de\\\/markt\\\/produkt\\\/wega-kinderwagen-ventilator-wiederaufladbar-tragbar-batteriebetrieben-auto-sitz-baby-ventilator-3-geschwindigkeiten-clip-on-ventilator-usb-ventilator-fuer-kinderbett-laufband-homeoffice-und\\\/#breadcrumb\",\"itemListElement\":[{\"@type\":\"ListItem\",\"position\":1,\"name\":\"Startseite\",\"item\":\"https:\\\/\\\/marktxxl.de\\\/markt\\\/\"},{\"@type\":\"ListItem\",\"position\":2,\"name\":\"Markt\",\"item\":\"https:\\\/\\\/marktxxl.de\\\/markt\\\/\"},{\"@type\":\"ListItem\",\"position\":3,\"name\":\"WEGA Kinderwagen-Ventilator, wiederaufladbar, tragbar, batteriebetrieben, Auto-Sitz, Baby-Ventilator, 3 Geschwindigkeiten, Clip-on-Ventilator, USB-Ventilator f\u00fcr Kinderbett, Laufband, HomeOffice und\"}]},{\"@type\":\"WebSite\",\"@id\":\"https:\\\/\\\/marktxxl.de\\\/markt\\\/#website\",\"url\":\"https:\\\/\\\/marktxxl.de\\\/markt\\\/\",\"name\":\"Markt-XXL\",\"description\":\"Ihr Markt Online\",\"publisher\":{\"@id\":\"https:\\\/\\\/marktxxl.de\\\/markt\\\/#organization\"},\"potentialAction\":[{\"@type\":\"SearchAction\",\"target\":{\"@type\":\"EntryPoint\",\"urlTemplate\":\"https:\\\/\\\/marktxxl.de\\\/markt\\\/?s={search_term_string}\"},\"query-input\":{\"@type\":\"PropertyValueSpecification\",\"valueRequired\":true,\"valueName\":\"search_term_string\"}}],\"inLanguage\":\"de\"},{\"@type\":\"Organization\",\"@id\":\"https:\\\/\\\/marktxxl.de\\\/markt\\\/#organization\",\"name\":\"Markt-XXL\",\"url\":\"https:\\\/\\\/marktxxl.de\\\/markt\\\/\",\"logo\":{\"@type\":\"ImageObject\",\"inLanguage\":\"de\",\"@id\":\"https:\\\/\\\/marktxxl.de\\\/markt\\\/#\\\/schema\\\/logo\\\/image\\\/\",\"url\":\"https:\\\/\\\/marktxxl.de\\\/markt\\\/wp-content\\\/uploads\\\/sites\\\/3\\\/2020\\\/12\\\/logo.png\",\"contentUrl\":\"https:\\\/\\\/marktxxl.de\\\/markt\\\/wp-content\\\/uploads\\\/sites\\\/3\\\/2020\\\/12\\\/logo.png\",\"width\":200,\"height\":70,\"caption\":\"Markt-XXL\"},\"image\":{\"@id\":\"https:\\\/\\\/marktxxl.de\\\/markt\\\/#\\\/schema\\\/logo\\\/image\\\/\"}}]}<\/script>\n<!-- \/ Yoast SEO plugin. -->","yoast_head_json":{"title":"WEGA Kinderwagen-Ventilator, wiederaufladbar, tragbar, batteriebetrieben, Auto-Sitz, Baby-Ventilator, 3 Geschwindigkeiten, Clip-on-Ventilator, USB-Ventilator f\u00fcr Kinderbett, Laufband, HomeOffice und - Markt-XXL","description":"Markt-XXL WEGA Kinderwagen-Ventilator, wiederaufladbar, tragbar, batteriebetrieben, Auto-Sitz, Baby-Ventilator, 3 Geschwindigkeiten, Clip-on-Ventilator, USB-Ventilator f\u00fcr Kinderbett, Laufband, HomeOffice und","robots":{"index":"index","follow":"follow","max-snippet":"max-snippet:-1","max-image-preview":"max-image-preview:large","max-video-preview":"max-video-preview:-1"},"canonical":"https:\/\/marktxxl.de\/markt\/produkt\/wega-kinderwagen-ventilator-wiederaufladbar-tragbar-batteriebetrieben-auto-sitz-baby-ventilator-3-geschwindigkeiten-clip-on-ventilator-usb-ventilator-fuer-kinderbett-laufband-homeoffice-und\/","og_locale":"de_DE","og_type":"article","og_title":"WEGA Kinderwagen-Ventilator, wiederaufladbar, tragbar, batteriebetrieben, Auto-Sitz, Baby-Ventilator, 3 Geschwindigkeiten, Clip-on-Ventilator, USB-Ventilator f\u00fcr Kinderbett, Laufband, HomeOffice und - Markt-XXL","og_description":"Markt-XXL WEGA Kinderwagen-Ventilator, wiederaufladbar, tragbar, batteriebetrieben, Auto-Sitz, Baby-Ventilator, 3 Geschwindigkeiten, Clip-on-Ventilator, USB-Ventilator f\u00fcr Kinderbett, Laufband, HomeOffice und","og_url":"https:\/\/marktxxl.de\/markt\/produkt\/wega-kinderwagen-ventilator-wiederaufladbar-tragbar-batteriebetrieben-auto-sitz-baby-ventilator-3-geschwindigkeiten-clip-on-ventilator-usb-ventilator-fuer-kinderbett-laufband-homeoffice-und\/","og_site_name":"Markt-XXL","twitter_card":"summary_large_image","twitter_misc":{"Gesch\u00e4tzte Lesezeit":"2\u00a0Minuten"},"schema":{"@context":"https:\/\/schema.org","@graph":[{"@type":"WebPage","@id":"https:\/\/marktxxl.de\/markt\/produkt\/wega-kinderwagen-ventilator-wiederaufladbar-tragbar-batteriebetrieben-auto-sitz-baby-ventilator-3-geschwindigkeiten-clip-on-ventilator-usb-ventilator-fuer-kinderbett-laufband-homeoffice-und\/","url":"https:\/\/marktxxl.de\/markt\/produkt\/wega-kinderwagen-ventilator-wiederaufladbar-tragbar-batteriebetrieben-auto-sitz-baby-ventilator-3-geschwindigkeiten-clip-on-ventilator-usb-ventilator-fuer-kinderbett-laufband-homeoffice-und\/","name":"WEGA Kinderwagen-Ventilator, wiederaufladbar, tragbar, batteriebetrieben, Auto-Sitz, Baby-Ventilator, 3 Geschwindigkeiten, Clip-on-Ventilator, USB-Ventilator f\u00fcr Kinderbett, Laufband, HomeOffice und - Markt-XXL","isPartOf":{"@id":"https:\/\/marktxxl.de\/markt\/#website"},"primaryImageOfPage":{"@id":"https:\/\/marktxxl.de\/markt\/produkt\/wega-kinderwagen-ventilator-wiederaufladbar-tragbar-batteriebetrieben-auto-sitz-baby-ventilator-3-geschwindigkeiten-clip-on-ventilator-usb-ventilator-fuer-kinderbett-laufband-homeoffice-und\/#primaryimage"},"image":{"@id":"https:\/\/marktxxl.de\/markt\/produkt\/wega-kinderwagen-ventilator-wiederaufladbar-tragbar-batteriebetrieben-auto-sitz-baby-ventilator-3-geschwindigkeiten-clip-on-ventilator-usb-ventilator-fuer-kinderbett-laufband-homeoffice-und\/#primaryimage"},"thumbnailUrl":"https:\/\/m.media-amazon.com\/images\/I\/41ZeoBYziUL._SL500_.jpg","datePublished":"2024-05-28T23:19:22+00:00","description":"Markt-XXL WEGA Kinderwagen-Ventilator, wiederaufladbar, tragbar, batteriebetrieben, Auto-Sitz, Baby-Ventilator, 3 Geschwindigkeiten, Clip-on-Ventilator, USB-Ventilator f\u00fcr Kinderbett, Laufband, HomeOffice und","breadcrumb":{"@id":"https:\/\/marktxxl.de\/markt\/produkt\/wega-kinderwagen-ventilator-wiederaufladbar-tragbar-batteriebetrieben-auto-sitz-baby-ventilator-3-geschwindigkeiten-clip-on-ventilator-usb-ventilator-fuer-kinderbett-laufband-homeoffice-und\/#breadcrumb"},"inLanguage":"de","potentialAction":[{"@type":"ReadAction","target":["https:\/\/marktxxl.de\/markt\/produkt\/wega-kinderwagen-ventilator-wiederaufladbar-tragbar-batteriebetrieben-auto-sitz-baby-ventilator-3-geschwindigkeiten-clip-on-ventilator-usb-ventilator-fuer-kinderbett-laufband-homeoffice-und\/"]}]},{"@type":"ImageObject","inLanguage":"de","@id":"https:\/\/marktxxl.de\/markt\/produkt\/wega-kinderwagen-ventilator-wiederaufladbar-tragbar-batteriebetrieben-auto-sitz-baby-ventilator-3-geschwindigkeiten-clip-on-ventilator-usb-ventilator-fuer-kinderbett-laufband-homeoffice-und\/#primaryimage","url":"https:\/\/m.media-amazon.com\/images\/I\/41ZeoBYziUL._SL500_.jpg","contentUrl":"https:\/\/m.media-amazon.com\/images\/I\/41ZeoBYziUL._SL500_.jpg","width":500,"height":500},{"@type":"BreadcrumbList","@id":"https:\/\/marktxxl.de\/markt\/produkt\/wega-kinderwagen-ventilator-wiederaufladbar-tragbar-batteriebetrieben-auto-sitz-baby-ventilator-3-geschwindigkeiten-clip-on-ventilator-usb-ventilator-fuer-kinderbett-laufband-homeoffice-und\/#breadcrumb","itemListElement":[{"@type":"ListItem","position":1,"name":"Startseite","item":"https:\/\/marktxxl.de\/markt\/"},{"@type":"ListItem","position":2,"name":"Markt","item":"https:\/\/marktxxl.de\/markt\/"},{"@type":"ListItem","position":3,"name":"WEGA Kinderwagen-Ventilator, wiederaufladbar, tragbar, batteriebetrieben, Auto-Sitz, Baby-Ventilator, 3 Geschwindigkeiten, Clip-on-Ventilator, USB-Ventilator f\u00fcr Kinderbett, Laufband, HomeOffice und"}]},{"@type":"WebSite","@id":"https:\/\/marktxxl.de\/markt\/#website","url":"https:\/\/marktxxl.de\/markt\/","name":"Markt-XXL","description":"Ihr Markt Online","publisher":{"@id":"https:\/\/marktxxl.de\/markt\/#organization"},"potentialAction":[{"@type":"SearchAction","target":{"@type":"EntryPoint","urlTemplate":"https:\/\/marktxxl.de\/markt\/?s={search_term_string}"},"query-input":{"@type":"PropertyValueSpecification","valueRequired":true,"valueName":"search_term_string"}}],"inLanguage":"de"},{"@type":"Organization","@id":"https:\/\/marktxxl.de\/markt\/#organization","name":"Markt-XXL","url":"https:\/\/marktxxl.de\/markt\/","logo":{"@type":"ImageObject","inLanguage":"de","@id":"https:\/\/marktxxl.de\/markt\/#\/schema\/logo\/image\/","url":"https:\/\/marktxxl.de\/markt\/wp-content\/uploads\/sites\/3\/2020\/12\/logo.png","contentUrl":"https:\/\/marktxxl.de\/markt\/wp-content\/uploads\/sites\/3\/2020\/12\/logo.png","width":200,"height":70,"caption":"Markt-XXL"},"image":{"@id":"https:\/\/marktxxl.de\/markt\/#\/schema\/logo\/image\/"}}]}},"_links":{"self":[{"href":"https:\/\/marktxxl.de\/markt\/wp-json\/wp\/v2\/product\/206675","targetHints":{"allow":["GET"]}}],"collection":[{"href":"https:\/\/marktxxl.de\/markt\/wp-json\/wp\/v2\/product"}],"about":[{"href":"https:\/\/marktxxl.de\/markt\/wp-json\/wp\/v2\/types\/product"}],"replies":[{"embeddable":true,"href":"https:\/\/marktxxl.de\/markt\/wp-json\/wp\/v2\/comments?post=206675"}],"wp:featuredmedia":[{"embeddable":true,"href":"https:\/\/marktxxl.de\/markt\/wp-json\/wp\/v2\/media\/206676"}],"wp:attachment":[{"href":"https:\/\/marktxxl.de\/markt\/wp-json\/wp\/v2\/media?parent=206675"}],"wp:term":[{"taxonomy":"product_brand","embeddable":true,"href":"https:\/\/marktxxl.de\/markt\/wp-json\/wp\/v2\/product_brand?post=206675"},{"taxonomy":"product_cat","embeddable":true,"href":"https:\/\/marktxxl.de\/markt\/wp-json\/wp\/v2\/product_cat?post=206675"},{"taxonomy":"product_tag","embeddable":true,"href":"https:\/\/marktxxl.de\/markt\/wp-json\/wp\/v2\/product_tag?post=206675"}],"curies":[{"name":"wp","href":"https:\/\/api.w.org\/{rel}","templated":true}]}}