{"id":206658,"date":"2024-05-29T01:19:08","date_gmt":"2024-05-28T23:19:08","guid":{"rendered":"https:\/\/marktxxl.de\/markt\/produkt\/lammfellauflage-comfort-von-werner-christ-baby-hochwertige-babyfell-sitzauflage-sitzeinlage-fuer-kinderwagen-buggy-mit-gurtschlitzen-die-ideale-lammfelleinlage-fuer-ihr-kind-universal\/"},"modified":"2024-05-29T01:19:08","modified_gmt":"2024-05-28T23:19:08","slug":"lammfellauflage-comfort-von-werner-christ-baby-hochwertige-babyfell-sitzauflage-sitzeinlage-fuer-kinderwagen-buggy-mit-gurtschlitzen-die-ideale-lammfelleinlage-fuer-ihr-kind-universal","status":"publish","type":"product","link":"https:\/\/marktxxl.de\/markt\/produkt\/lammfellauflage-comfort-von-werner-christ-baby-hochwertige-babyfell-sitzauflage-sitzeinlage-fuer-kinderwagen-buggy-mit-gurtschlitzen-die-ideale-lammfelleinlage-fuer-ihr-kind-universal\/","title":{"rendered":"Lammfellauflage Comfort von WERNER CHRIST BABY\u2013 hochwertige Babyfell Sitzauflage\/Sitzeinlage f\u00fcr Kinderwagen &amp; Buggy mit Gurtschlitzen, die ideale Lammfelleinlage f\u00fcr Ihr Kind, universal 80cmx35cm"},"content":{"rendered":"<p>EIGENSCHAFTEN: Unsere hochwertige Einlage ist aus Vollfell und somit von aller bester Qualit\u00e4t. Sie besteht zu 100% aus medizinischem, echtem Fell mit einer Wollh\u00f6he von ca. 30 mm. Sie ist mit Gurtschlitzen versehen (siehe Ma\u00df-Bild) und kann somit einfach im Kinderwagen, Jogger oder Buggy befestigt werden (3-Punkt- und 5-Punkt-Gurt). Zudem eignet sich die Einlage aufgrund Ihrer Ma\u00dfe (80 x 35 cm) bestens f\u00fcr die Babywanne. Da es ein Naturprodukt ist kann die Fellfarbe leicht abweichen.<br \/>\nNUTZEN: Das kuschelige Fell besitzt eine ideale H\u00f6he f\u00fcr den Sitz-und Liegekomfort Ihres Babys. Es ist isolationsf\u00e4hig und temperaturausgleichend und somit f\u00fcr jede Jahreszeit geeignet. Im Sommer k\u00fchlend und im Winter angenehm warm. Es ist atmungsaktiv, geruchsneutral und kann Feuchtigkeit aufnehmen. Dies gew\u00e4hrleistet Ihrem Kind besten Komfort.<br \/>\nMARKENQUALIT\u00c4T: Unsere Einlage wird mit Liebe von Hand gefertigt. Eine komplett in Eigenregie betriebene Wertsch\u00f6pfungskette, von der Rohware bis zum Endprodukt, ist seit jeher Garant f\u00fcr den bekannten \u201eWERNER CHRIST-Standard\u201c.<br \/>\nUMWELTFREUNDLICHE HERSTELLUNG: Alle Felle werden in unserer eigenen Gerberei hergestellt. F\u00fcr die CO2 emissionsneutrale Produktion werden erneuerbare Energien eingesetzt (ECOL-Siegel), was eine nachhaltige und \u00f6kologische Qualit\u00e4t garantiert.<br \/>\nPFLEGE: Unsere Lammfellunterlage ist maschinenwaschbar mit einem Lammfellwaschmittel (wir empfehlen WERNER CHRIST C7) sowie trocknerbest\u00e4ndig. Durch die Bewegung im Trockner bleibt das Fell lange geschmeidig und elastisch.<br \/>\n<div class=\"main-cross-sell\" data-asin=\"B004RSV280\">\n\n\t<div class=\"WooZone-cross-sell-loader\">\n\t\t<div>\n\t\t\t<div id=\"floatingBarsG\">\n\t\t\t\t<div class=\"blockG\" id=\"rotateG_01\"><\/div>\n\t\t\t\t<div class=\"blockG\" id=\"rotateG_02\"><\/div>\n\t\t\t\t<div class=\"blockG\" id=\"rotateG_03\"><\/div>\n\t\t\t\t<div class=\"blockG\" id=\"rotateG_04\"><\/div>\n\t\t\t\t<div class=\"blockG\" id=\"rotateG_05\"><\/div>\n\t\t\t\t<div class=\"blockG\" id=\"rotateG_06\"><\/div>\n\t\t\t\t<div class=\"blockG\" id=\"rotateG_07\"><\/div>\n\t\t\t\t<div class=\"blockG\" id=\"rotateG_08\"><\/div>\n\t\t\t<\/div>\n\t\t\t<div class=\"WooZone-cross-sell-loader-text\"><\/div>\n\t\t<\/div>\n\t<\/div>\n\n\t\t\n<\/div>\n<div style=\"clear:both;\"><\/div><\/p>\n","protected":false},"excerpt":{"rendered":"<p>EIGENSCHAFTEN: Unsere hochwertige Einlage ist aus Vollfell und somit von aller bester Qualit\u00e4t. Sie besteht zu 100% aus medizinischem, echtem Fell mit einer Wollh\u00f6he von ca. 30 mm. Sie ist mit Gurtschlitzen versehen (siehe Ma\u00df-Bild) und kann somit einfach im Kinderwagen, Jogger oder Buggy befestigt werden (3-Punkt- und 5-Punkt-Gurt). Zudem eignet sich die Einlage aufgrund Ihrer Ma\u00dfe (80 x 35 cm) bestens f\u00fcr die Babywanne. Da es ein Naturprodukt ist kann die Fellfarbe leicht abweichen.<br \/>\nNUTZEN: Das kuschelige Fell besitzt eine ideale H\u00f6he f\u00fcr den Sitz-und Liegekomfort Ihres Babys. Es ist isolationsf\u00e4hig und temperaturausgleichend und somit f\u00fcr jede Jahreszeit geeignet. Im Sommer k\u00fchlend und im Winter angenehm warm. Es ist atmungsaktiv, geruchsneutral und kann Feuchtigkeit aufnehmen. Dies gew\u00e4hrleistet Ihrem Kind besten Komfort.<br \/>\nMARKENQUALIT\u00c4T: Unsere Einlage wird mit Liebe von Hand gefertigt. Eine komplett in Eigenregie betriebene Wertsch\u00f6pfungskette, von der Rohware bis zum Endprodukt, ist seit jeher Garant f\u00fcr den bekannten \u201eWERNER CHRIST-Standard\u201c.<\/p>\n","protected":false},"featured_media":206659,"comment_status":"open","ping_status":"closed","template":"","meta":[],"product_brand":[],"product_cat":[21,9329],"product_tag":[],"class_list":{"0":"post-206658","1":"product","2":"type-product","3":"status-publish","4":"has-post-thumbnail","6":"product_cat-baby","7":"product_cat-kinderwagen-buggys-zubehoer-baby","8":"pa_binding-babyartikel","9":"pa_brand-thames-hudson","10":"pa_brand-werner-christ","11":"pa_languages-unbekannt-spanisch-unbekannt-spanisch-unbekannt-spanisch-unbekannt-spanisch-unbekannt-spanisch","12":"pa_manufacturer-werner-christ-gmbh","13":"pa_size-80x35-cm-1er-pack","14":"pa_weight-4-41-pfund","16":"first","17":"instock","18":"shipping-taxable","19":"purchasable","20":"product-type-simple","21":"customify-col","22":"product-has-gallery"},"yoast_head":"<!-- This site is optimized with the Yoast SEO plugin v27.4 - https:\/\/yoast.com\/product\/yoast-seo-wordpress\/ -->\n<title>Lammfellauflage Comfort von WERNER CHRIST BABY\u2013 hochwertige Babyfell Sitzauflage\/Sitzeinlage f\u00fcr Kinderwagen &amp; Buggy mit Gurtschlitzen, die ideale Lammfelleinlage f\u00fcr Ihr Kind, universal 80cmx35cm - Markt-XXL<\/title>\n<meta name=\"description\" content=\"Markt-XXL Lammfellauflage Comfort von WERNER CHRIST BABY\u2013 hochwertige Babyfell Sitzauflage\/Sitzeinlage f\u00fcr Kinderwagen &amp; Buggy mit Gurtschlitzen, die ideale Lammfelleinlage f\u00fcr Ihr Kind, universal 80cmx35cm\" \/>\n<meta name=\"robots\" content=\"index, follow, max-snippet:-1, max-image-preview:large, max-video-preview:-1\" \/>\n<link rel=\"canonical\" href=\"https:\/\/marktxxl.de\/markt\/produkt\/lammfellauflage-comfort-von-werner-christ-baby-hochwertige-babyfell-sitzauflage-sitzeinlage-fuer-kinderwagen-buggy-mit-gurtschlitzen-die-ideale-lammfelleinlage-fuer-ihr-kind-universal\/\" \/>\n<meta property=\"og:locale\" content=\"de_DE\" \/>\n<meta property=\"og:type\" content=\"article\" \/>\n<meta property=\"og:title\" content=\"Lammfellauflage Comfort von WERNER CHRIST BABY\u2013 hochwertige Babyfell Sitzauflage\/Sitzeinlage f\u00fcr Kinderwagen &amp; Buggy mit Gurtschlitzen, die ideale Lammfelleinlage f\u00fcr Ihr Kind, universal 80cmx35cm - Markt-XXL\" \/>\n<meta property=\"og:description\" content=\"Markt-XXL Lammfellauflage Comfort von WERNER CHRIST BABY\u2013 hochwertige Babyfell Sitzauflage\/Sitzeinlage f\u00fcr Kinderwagen &amp; Buggy mit Gurtschlitzen, die ideale Lammfelleinlage f\u00fcr Ihr Kind, universal 80cmx35cm\" \/>\n<meta property=\"og:url\" content=\"https:\/\/marktxxl.de\/markt\/produkt\/lammfellauflage-comfort-von-werner-christ-baby-hochwertige-babyfell-sitzauflage-sitzeinlage-fuer-kinderwagen-buggy-mit-gurtschlitzen-die-ideale-lammfelleinlage-fuer-ihr-kind-universal\/\" \/>\n<meta property=\"og:site_name\" content=\"Markt-XXL\" \/>\n<meta name=\"twitter:card\" content=\"summary_large_image\" \/>\n<meta name=\"twitter:label1\" content=\"Gesch\u00e4tzte Lesezeit\" \/>\n\t<meta name=\"twitter:data1\" content=\"1\u00a0Minute\" \/>\n<script type=\"application\/ld+json\" class=\"yoast-schema-graph\">{\"@context\":\"https:\\\/\\\/schema.org\",\"@graph\":[{\"@type\":\"WebPage\",\"@id\":\"https:\\\/\\\/marktxxl.de\\\/markt\\\/produkt\\\/lammfellauflage-comfort-von-werner-christ-baby-hochwertige-babyfell-sitzauflage-sitzeinlage-fuer-kinderwagen-buggy-mit-gurtschlitzen-die-ideale-lammfelleinlage-fuer-ihr-kind-universal\\\/\",\"url\":\"https:\\\/\\\/marktxxl.de\\\/markt\\\/produkt\\\/lammfellauflage-comfort-von-werner-christ-baby-hochwertige-babyfell-sitzauflage-sitzeinlage-fuer-kinderwagen-buggy-mit-gurtschlitzen-die-ideale-lammfelleinlage-fuer-ihr-kind-universal\\\/\",\"name\":\"Lammfellauflage Comfort von WERNER CHRIST BABY\u2013 hochwertige Babyfell Sitzauflage\\\/Sitzeinlage f\u00fcr Kinderwagen &amp; Buggy mit Gurtschlitzen, die ideale Lammfelleinlage f\u00fcr Ihr Kind, universal 80cmx35cm - Markt-XXL\",\"isPartOf\":{\"@id\":\"https:\\\/\\\/marktxxl.de\\\/markt\\\/#website\"},\"primaryImageOfPage\":{\"@id\":\"https:\\\/\\\/marktxxl.de\\\/markt\\\/produkt\\\/lammfellauflage-comfort-von-werner-christ-baby-hochwertige-babyfell-sitzauflage-sitzeinlage-fuer-kinderwagen-buggy-mit-gurtschlitzen-die-ideale-lammfelleinlage-fuer-ihr-kind-universal\\\/#primaryimage\"},\"image\":{\"@id\":\"https:\\\/\\\/marktxxl.de\\\/markt\\\/produkt\\\/lammfellauflage-comfort-von-werner-christ-baby-hochwertige-babyfell-sitzauflage-sitzeinlage-fuer-kinderwagen-buggy-mit-gurtschlitzen-die-ideale-lammfelleinlage-fuer-ihr-kind-universal\\\/#primaryimage\"},\"thumbnailUrl\":\"https:\\\/\\\/m.media-amazon.com\\\/images\\\/I\\\/31KcjytN4GL._SL500_.jpg\",\"datePublished\":\"2024-05-28T23:19:08+00:00\",\"description\":\"Markt-XXL Lammfellauflage Comfort von WERNER CHRIST BABY\u2013 hochwertige Babyfell Sitzauflage\\\/Sitzeinlage f\u00fcr Kinderwagen &amp; Buggy mit Gurtschlitzen, die ideale Lammfelleinlage f\u00fcr Ihr Kind, universal 80cmx35cm\",\"breadcrumb\":{\"@id\":\"https:\\\/\\\/marktxxl.de\\\/markt\\\/produkt\\\/lammfellauflage-comfort-von-werner-christ-baby-hochwertige-babyfell-sitzauflage-sitzeinlage-fuer-kinderwagen-buggy-mit-gurtschlitzen-die-ideale-lammfelleinlage-fuer-ihr-kind-universal\\\/#breadcrumb\"},\"inLanguage\":\"de\",\"potentialAction\":[{\"@type\":\"ReadAction\",\"target\":[\"https:\\\/\\\/marktxxl.de\\\/markt\\\/produkt\\\/lammfellauflage-comfort-von-werner-christ-baby-hochwertige-babyfell-sitzauflage-sitzeinlage-fuer-kinderwagen-buggy-mit-gurtschlitzen-die-ideale-lammfelleinlage-fuer-ihr-kind-universal\\\/\"]}]},{\"@type\":\"ImageObject\",\"inLanguage\":\"de\",\"@id\":\"https:\\\/\\\/marktxxl.de\\\/markt\\\/produkt\\\/lammfellauflage-comfort-von-werner-christ-baby-hochwertige-babyfell-sitzauflage-sitzeinlage-fuer-kinderwagen-buggy-mit-gurtschlitzen-die-ideale-lammfelleinlage-fuer-ihr-kind-universal\\\/#primaryimage\",\"url\":\"https:\\\/\\\/m.media-amazon.com\\\/images\\\/I\\\/31KcjytN4GL._SL500_.jpg\",\"contentUrl\":\"https:\\\/\\\/m.media-amazon.com\\\/images\\\/I\\\/31KcjytN4GL._SL500_.jpg\",\"width\":500,\"height\":500},{\"@type\":\"BreadcrumbList\",\"@id\":\"https:\\\/\\\/marktxxl.de\\\/markt\\\/produkt\\\/lammfellauflage-comfort-von-werner-christ-baby-hochwertige-babyfell-sitzauflage-sitzeinlage-fuer-kinderwagen-buggy-mit-gurtschlitzen-die-ideale-lammfelleinlage-fuer-ihr-kind-universal\\\/#breadcrumb\",\"itemListElement\":[{\"@type\":\"ListItem\",\"position\":1,\"name\":\"Startseite\",\"item\":\"https:\\\/\\\/marktxxl.de\\\/markt\\\/\"},{\"@type\":\"ListItem\",\"position\":2,\"name\":\"Markt\",\"item\":\"https:\\\/\\\/marktxxl.de\\\/markt\\\/\"},{\"@type\":\"ListItem\",\"position\":3,\"name\":\"Lammfellauflage Comfort von WERNER CHRIST BABY\u2013 hochwertige Babyfell Sitzauflage\\\/Sitzeinlage f\u00fcr Kinderwagen &amp; Buggy mit Gurtschlitzen, die ideale Lammfelleinlage f\u00fcr Ihr Kind, universal 80cmx35cm\"}]},{\"@type\":\"WebSite\",\"@id\":\"https:\\\/\\\/marktxxl.de\\\/markt\\\/#website\",\"url\":\"https:\\\/\\\/marktxxl.de\\\/markt\\\/\",\"name\":\"Markt-XXL\",\"description\":\"Ihr Markt Online\",\"publisher\":{\"@id\":\"https:\\\/\\\/marktxxl.de\\\/markt\\\/#organization\"},\"potentialAction\":[{\"@type\":\"SearchAction\",\"target\":{\"@type\":\"EntryPoint\",\"urlTemplate\":\"https:\\\/\\\/marktxxl.de\\\/markt\\\/?s={search_term_string}\"},\"query-input\":{\"@type\":\"PropertyValueSpecification\",\"valueRequired\":true,\"valueName\":\"search_term_string\"}}],\"inLanguage\":\"de\"},{\"@type\":\"Organization\",\"@id\":\"https:\\\/\\\/marktxxl.de\\\/markt\\\/#organization\",\"name\":\"Markt-XXL\",\"url\":\"https:\\\/\\\/marktxxl.de\\\/markt\\\/\",\"logo\":{\"@type\":\"ImageObject\",\"inLanguage\":\"de\",\"@id\":\"https:\\\/\\\/marktxxl.de\\\/markt\\\/#\\\/schema\\\/logo\\\/image\\\/\",\"url\":\"https:\\\/\\\/marktxxl.de\\\/markt\\\/wp-content\\\/uploads\\\/sites\\\/3\\\/2020\\\/12\\\/logo.png\",\"contentUrl\":\"https:\\\/\\\/marktxxl.de\\\/markt\\\/wp-content\\\/uploads\\\/sites\\\/3\\\/2020\\\/12\\\/logo.png\",\"width\":200,\"height\":70,\"caption\":\"Markt-XXL\"},\"image\":{\"@id\":\"https:\\\/\\\/marktxxl.de\\\/markt\\\/#\\\/schema\\\/logo\\\/image\\\/\"}}]}<\/script>\n<!-- \/ Yoast SEO plugin. -->","yoast_head_json":{"title":"Lammfellauflage Comfort von WERNER CHRIST BABY\u2013 hochwertige Babyfell Sitzauflage\/Sitzeinlage f\u00fcr Kinderwagen &amp; Buggy mit Gurtschlitzen, die ideale Lammfelleinlage f\u00fcr Ihr Kind, universal 80cmx35cm - Markt-XXL","description":"Markt-XXL Lammfellauflage Comfort von WERNER CHRIST BABY\u2013 hochwertige Babyfell Sitzauflage\/Sitzeinlage f\u00fcr Kinderwagen &amp; Buggy mit Gurtschlitzen, die ideale Lammfelleinlage f\u00fcr Ihr Kind, universal 80cmx35cm","robots":{"index":"index","follow":"follow","max-snippet":"max-snippet:-1","max-image-preview":"max-image-preview:large","max-video-preview":"max-video-preview:-1"},"canonical":"https:\/\/marktxxl.de\/markt\/produkt\/lammfellauflage-comfort-von-werner-christ-baby-hochwertige-babyfell-sitzauflage-sitzeinlage-fuer-kinderwagen-buggy-mit-gurtschlitzen-die-ideale-lammfelleinlage-fuer-ihr-kind-universal\/","og_locale":"de_DE","og_type":"article","og_title":"Lammfellauflage Comfort von WERNER CHRIST BABY\u2013 hochwertige Babyfell Sitzauflage\/Sitzeinlage f\u00fcr Kinderwagen &amp; Buggy mit Gurtschlitzen, die ideale Lammfelleinlage f\u00fcr Ihr Kind, universal 80cmx35cm - Markt-XXL","og_description":"Markt-XXL Lammfellauflage Comfort von WERNER CHRIST BABY\u2013 hochwertige Babyfell Sitzauflage\/Sitzeinlage f\u00fcr Kinderwagen &amp; Buggy mit Gurtschlitzen, die ideale Lammfelleinlage f\u00fcr Ihr Kind, universal 80cmx35cm","og_url":"https:\/\/marktxxl.de\/markt\/produkt\/lammfellauflage-comfort-von-werner-christ-baby-hochwertige-babyfell-sitzauflage-sitzeinlage-fuer-kinderwagen-buggy-mit-gurtschlitzen-die-ideale-lammfelleinlage-fuer-ihr-kind-universal\/","og_site_name":"Markt-XXL","twitter_card":"summary_large_image","twitter_misc":{"Gesch\u00e4tzte Lesezeit":"1\u00a0Minute"},"schema":{"@context":"https:\/\/schema.org","@graph":[{"@type":"WebPage","@id":"https:\/\/marktxxl.de\/markt\/produkt\/lammfellauflage-comfort-von-werner-christ-baby-hochwertige-babyfell-sitzauflage-sitzeinlage-fuer-kinderwagen-buggy-mit-gurtschlitzen-die-ideale-lammfelleinlage-fuer-ihr-kind-universal\/","url":"https:\/\/marktxxl.de\/markt\/produkt\/lammfellauflage-comfort-von-werner-christ-baby-hochwertige-babyfell-sitzauflage-sitzeinlage-fuer-kinderwagen-buggy-mit-gurtschlitzen-die-ideale-lammfelleinlage-fuer-ihr-kind-universal\/","name":"Lammfellauflage Comfort von WERNER CHRIST BABY\u2013 hochwertige Babyfell Sitzauflage\/Sitzeinlage f\u00fcr Kinderwagen &amp; Buggy mit Gurtschlitzen, die ideale Lammfelleinlage f\u00fcr Ihr Kind, universal 80cmx35cm - Markt-XXL","isPartOf":{"@id":"https:\/\/marktxxl.de\/markt\/#website"},"primaryImageOfPage":{"@id":"https:\/\/marktxxl.de\/markt\/produkt\/lammfellauflage-comfort-von-werner-christ-baby-hochwertige-babyfell-sitzauflage-sitzeinlage-fuer-kinderwagen-buggy-mit-gurtschlitzen-die-ideale-lammfelleinlage-fuer-ihr-kind-universal\/#primaryimage"},"image":{"@id":"https:\/\/marktxxl.de\/markt\/produkt\/lammfellauflage-comfort-von-werner-christ-baby-hochwertige-babyfell-sitzauflage-sitzeinlage-fuer-kinderwagen-buggy-mit-gurtschlitzen-die-ideale-lammfelleinlage-fuer-ihr-kind-universal\/#primaryimage"},"thumbnailUrl":"https:\/\/m.media-amazon.com\/images\/I\/31KcjytN4GL._SL500_.jpg","datePublished":"2024-05-28T23:19:08+00:00","description":"Markt-XXL Lammfellauflage Comfort von WERNER CHRIST BABY\u2013 hochwertige Babyfell Sitzauflage\/Sitzeinlage f\u00fcr Kinderwagen &amp; Buggy mit Gurtschlitzen, die ideale Lammfelleinlage f\u00fcr Ihr Kind, universal 80cmx35cm","breadcrumb":{"@id":"https:\/\/marktxxl.de\/markt\/produkt\/lammfellauflage-comfort-von-werner-christ-baby-hochwertige-babyfell-sitzauflage-sitzeinlage-fuer-kinderwagen-buggy-mit-gurtschlitzen-die-ideale-lammfelleinlage-fuer-ihr-kind-universal\/#breadcrumb"},"inLanguage":"de","potentialAction":[{"@type":"ReadAction","target":["https:\/\/marktxxl.de\/markt\/produkt\/lammfellauflage-comfort-von-werner-christ-baby-hochwertige-babyfell-sitzauflage-sitzeinlage-fuer-kinderwagen-buggy-mit-gurtschlitzen-die-ideale-lammfelleinlage-fuer-ihr-kind-universal\/"]}]},{"@type":"ImageObject","inLanguage":"de","@id":"https:\/\/marktxxl.de\/markt\/produkt\/lammfellauflage-comfort-von-werner-christ-baby-hochwertige-babyfell-sitzauflage-sitzeinlage-fuer-kinderwagen-buggy-mit-gurtschlitzen-die-ideale-lammfelleinlage-fuer-ihr-kind-universal\/#primaryimage","url":"https:\/\/m.media-amazon.com\/images\/I\/31KcjytN4GL._SL500_.jpg","contentUrl":"https:\/\/m.media-amazon.com\/images\/I\/31KcjytN4GL._SL500_.jpg","width":500,"height":500},{"@type":"BreadcrumbList","@id":"https:\/\/marktxxl.de\/markt\/produkt\/lammfellauflage-comfort-von-werner-christ-baby-hochwertige-babyfell-sitzauflage-sitzeinlage-fuer-kinderwagen-buggy-mit-gurtschlitzen-die-ideale-lammfelleinlage-fuer-ihr-kind-universal\/#breadcrumb","itemListElement":[{"@type":"ListItem","position":1,"name":"Startseite","item":"https:\/\/marktxxl.de\/markt\/"},{"@type":"ListItem","position":2,"name":"Markt","item":"https:\/\/marktxxl.de\/markt\/"},{"@type":"ListItem","position":3,"name":"Lammfellauflage Comfort von WERNER CHRIST BABY\u2013 hochwertige Babyfell Sitzauflage\/Sitzeinlage f\u00fcr Kinderwagen &amp; Buggy mit Gurtschlitzen, die ideale Lammfelleinlage f\u00fcr Ihr Kind, universal 80cmx35cm"}]},{"@type":"WebSite","@id":"https:\/\/marktxxl.de\/markt\/#website","url":"https:\/\/marktxxl.de\/markt\/","name":"Markt-XXL","description":"Ihr Markt Online","publisher":{"@id":"https:\/\/marktxxl.de\/markt\/#organization"},"potentialAction":[{"@type":"SearchAction","target":{"@type":"EntryPoint","urlTemplate":"https:\/\/marktxxl.de\/markt\/?s={search_term_string}"},"query-input":{"@type":"PropertyValueSpecification","valueRequired":true,"valueName":"search_term_string"}}],"inLanguage":"de"},{"@type":"Organization","@id":"https:\/\/marktxxl.de\/markt\/#organization","name":"Markt-XXL","url":"https:\/\/marktxxl.de\/markt\/","logo":{"@type":"ImageObject","inLanguage":"de","@id":"https:\/\/marktxxl.de\/markt\/#\/schema\/logo\/image\/","url":"https:\/\/marktxxl.de\/markt\/wp-content\/uploads\/sites\/3\/2020\/12\/logo.png","contentUrl":"https:\/\/marktxxl.de\/markt\/wp-content\/uploads\/sites\/3\/2020\/12\/logo.png","width":200,"height":70,"caption":"Markt-XXL"},"image":{"@id":"https:\/\/marktxxl.de\/markt\/#\/schema\/logo\/image\/"}}]}},"_links":{"self":[{"href":"https:\/\/marktxxl.de\/markt\/wp-json\/wp\/v2\/product\/206658","targetHints":{"allow":["GET"]}}],"collection":[{"href":"https:\/\/marktxxl.de\/markt\/wp-json\/wp\/v2\/product"}],"about":[{"href":"https:\/\/marktxxl.de\/markt\/wp-json\/wp\/v2\/types\/product"}],"replies":[{"embeddable":true,"href":"https:\/\/marktxxl.de\/markt\/wp-json\/wp\/v2\/comments?post=206658"}],"wp:featuredmedia":[{"embeddable":true,"href":"https:\/\/marktxxl.de\/markt\/wp-json\/wp\/v2\/media\/206659"}],"wp:attachment":[{"href":"https:\/\/marktxxl.de\/markt\/wp-json\/wp\/v2\/media?parent=206658"}],"wp:term":[{"taxonomy":"product_brand","embeddable":true,"href":"https:\/\/marktxxl.de\/markt\/wp-json\/wp\/v2\/product_brand?post=206658"},{"taxonomy":"product_cat","embeddable":true,"href":"https:\/\/marktxxl.de\/markt\/wp-json\/wp\/v2\/product_cat?post=206658"},{"taxonomy":"product_tag","embeddable":true,"href":"https:\/\/marktxxl.de\/markt\/wp-json\/wp\/v2\/product_tag?post=206658"}],"curies":[{"name":"wp","href":"https:\/\/api.w.org\/{rel}","templated":true}]}}