{"id":206646,"date":"2024-05-29T01:18:47","date_gmt":"2024-05-28T23:18:47","guid":{"rendered":"https:\/\/marktxxl.de\/markt\/produkt\/hofbrucker-lammfell-fusssack-putzi-kinderwagen-buggy-winterfusssack-wind-wasserabweisend-warmer-fusssack-oberteil-abnehmbar-echtes-lammfell-made-in-germany\/"},"modified":"2024-05-29T01:18:47","modified_gmt":"2024-05-28T23:18:47","slug":"hofbrucker-lammfell-fusssack-putzi-kinderwagen-buggy-winterfusssack-wind-wasserabweisend-warmer-fusssack-oberteil-abnehmbar-echtes-lammfell-made-in-germany","status":"publish","type":"product","link":"https:\/\/marktxxl.de\/markt\/produkt\/hofbrucker-lammfell-fusssack-putzi-kinderwagen-buggy-winterfusssack-wind-wasserabweisend-warmer-fusssack-oberteil-abnehmbar-echtes-lammfell-made-in-germany\/","title":{"rendered":"Hofbrucker Lammfell-Fu\u00dfsack Putzi Kinderwagen, Buggy\/Winterfu\u00dfsack wind- &amp; wasserabweisend\/Warmer Fu\u00dfsack Oberteil abnehmbar\/echtes Lammfell\/Made in Germany"},"content":{"rendered":"<p>KUSCHELIG WARM: Im kuschelig-weichen Lammfell-Fu\u00dfsack Putzi von Hofbrucker ist Ihr Kind warm eingepackt. Das Au\u00dfenmaterial ist wind- und wasserabweisend. Durch einen Rundum-Rei\u00dfverschluss ist das Oberteil einfach abnehmbar und somit l\u00e4sst sich der Fu\u00dfsack umwandeln zur Spiel- und Wickelfl\u00e4che.<br \/>\nH\u00d6CHSTE QUALIT\u00c4T: Winterfu\u00dfsack, Lammfell-Fusssack Made in Germany. Durch das schonende Gerbverfahren hat das Fell noch seinen typischen Fellgeruch. Nachhaltig, medizinisch gegerbt und nicht geruchstot chemiekalien behandelt wie Asienprodukte. Einfach bei Bedarf 2-4 Tage ausl\u00fcften lassen.<br \/>\n.UNIVERSELL EINSETZBAR: Mit einer Gr\u00f6\u00dfe von 90cm x 34cm ist der Fu\u00dfsack geeignet f\u00fcr alle g\u00e4ngigen Kinderw\u00e4gen und sp\u00e4ter auch f\u00fcr den Buggy. Getestet mit Kinderwagen folgender Hersteller: ABC Design, Bugaboo, Cybex, Emmaljunga, Gesslein, Hartan, Hauck, Joie, Joolz, knorr-baby, Mutsy, Peg-Perego, Quinny, Teutonia, TFK, Zekiwa.<br \/>\nMARKENQUALIT\u00c4T: Lammfell aus Deutschland, Dieser Fu\u00dfsack wird mit Liebe und Sorgfalt von Hand gefertigt. Eine komplett in Eigenregie betriebene Wertsch\u00f6pfungskette, von der Rohware bis zum fertigen Produkt, ist seit jeher Garant f\u00fcr den bekannten ,,Hofbrucker-Standard&#8217;.<br \/>\nPFLEGELEICHT: Lammfell hat Selbstreinigungskraft, regelm\u00e4\u00dfig an der frischen Luft ausl\u00fcften, falls n\u00f6tig waschbar bei 30\u00b0C mit Fellwaschmittel, anschlie\u00dfend im Trockner im Schongang bei max. 30\u00b0C trocknen, nicht in die Sonne oder auf die Heizung legen.waschbar mit Fellwaschmittel (nicht inkl.)<br \/>\n<div class=\"main-cross-sell\" data-asin=\"B082ZVS5GZ\">\n\n\t<div class=\"WooZone-cross-sell-loader\">\n\t\t<div>\n\t\t\t<div id=\"floatingBarsG\">\n\t\t\t\t<div class=\"blockG\" id=\"rotateG_01\"><\/div>\n\t\t\t\t<div class=\"blockG\" id=\"rotateG_02\"><\/div>\n\t\t\t\t<div class=\"blockG\" id=\"rotateG_03\"><\/div>\n\t\t\t\t<div class=\"blockG\" id=\"rotateG_04\"><\/div>\n\t\t\t\t<div class=\"blockG\" id=\"rotateG_05\"><\/div>\n\t\t\t\t<div class=\"blockG\" id=\"rotateG_06\"><\/div>\n\t\t\t\t<div class=\"blockG\" id=\"rotateG_07\"><\/div>\n\t\t\t\t<div class=\"blockG\" id=\"rotateG_08\"><\/div>\n\t\t\t<\/div>\n\t\t\t<div class=\"WooZone-cross-sell-loader-text\"><\/div>\n\t\t<\/div>\n\t<\/div>\n\n\t\t\n<\/div>\n<div style=\"clear:both;\"><\/div><\/p>\n","protected":false},"excerpt":{"rendered":"<p>KUSCHELIG WARM: Im kuschelig-weichen Lammfell-Fu\u00dfsack Putzi von Hofbrucker ist Ihr Kind warm eingepackt. Das Au\u00dfenmaterial ist wind- und wasserabweisend. Durch einen Rundum-Rei\u00dfverschluss ist das Oberteil einfach abnehmbar und somit l\u00e4sst sich der Fu\u00dfsack umwandeln zur Spiel- und Wickelfl\u00e4che.<br \/>\nH\u00d6CHSTE QUALIT\u00c4T: Winterfu\u00dfsack, Lammfell-Fusssack Made in Germany. Durch das schonende Gerbverfahren hat das Fell noch seinen typischen Fellgeruch. Nachhaltig, medizinisch gegerbt und nicht geruchstot chemiekalien behandelt wie Asienprodukte. Einfach bei Bedarf 2-4 Tage ausl\u00fcften lassen.<br \/>\n.UNIVERSELL EINSETZBAR: Mit einer Gr\u00f6\u00dfe von 90cm x 34cm ist der Fu\u00dfsack geeignet f\u00fcr alle g\u00e4ngigen Kinderw\u00e4gen und sp\u00e4ter auch f\u00fcr den Buggy. Getestet mit Kinderwagen folgender Hersteller: ABC Design, Bugaboo, Cybex, Emmaljunga, Gesslein, Hartan, Hauck, Joie, Joolz, knorr-baby, Mutsy, Peg-Perego, Quinny, Teutonia, TFK, Zekiwa.<\/p>\n","protected":false},"featured_media":206647,"comment_status":"open","ping_status":"closed","template":"","meta":[],"product_brand":[],"product_cat":[21,9329],"product_tag":[],"class_list":{"0":"post-206646","1":"product","2":"type-product","3":"status-publish","4":"has-post-thumbnail","6":"product_cat-baby","7":"product_cat-kinderwagen-buggys-zubehoer-baby","8":"pa_binding-textilien","9":"pa_brand-hofbrucker","10":"pa_manufacturer-hofbrucker","11":"pa_size-einheitsgroesse","13":"first","14":"instock","15":"shipping-taxable","16":"product-type-simple","17":"customify-col","18":"product-has-gallery"},"yoast_head":"<!-- This site is optimized with the Yoast SEO plugin v27.3 - https:\/\/yoast.com\/product\/yoast-seo-wordpress\/ -->\n<title>Hofbrucker Lammfell-Fu\u00dfsack Putzi Kinderwagen, Buggy\/Winterfu\u00dfsack wind- &amp; wasserabweisend\/Warmer Fu\u00dfsack Oberteil abnehmbar\/echtes Lammfell\/Made in Germany - Markt-XXL<\/title>\n<meta name=\"description\" content=\"Markt-XXL Hofbrucker Lammfell-Fu\u00dfsack Putzi Kinderwagen, Buggy\/Winterfu\u00dfsack wind- &amp; wasserabweisend\/Warmer Fu\u00dfsack Oberteil abnehmbar\/echtes Lammfell\/Made in Germany\" \/>\n<meta name=\"robots\" content=\"index, follow, max-snippet:-1, max-image-preview:large, max-video-preview:-1\" \/>\n<link rel=\"canonical\" href=\"https:\/\/marktxxl.de\/markt\/produkt\/hofbrucker-lammfell-fusssack-putzi-kinderwagen-buggy-winterfusssack-wind-wasserabweisend-warmer-fusssack-oberteil-abnehmbar-echtes-lammfell-made-in-germany\/\" \/>\n<meta property=\"og:locale\" content=\"de_DE\" \/>\n<meta property=\"og:type\" content=\"article\" \/>\n<meta property=\"og:title\" content=\"Hofbrucker Lammfell-Fu\u00dfsack Putzi Kinderwagen, Buggy\/Winterfu\u00dfsack wind- &amp; wasserabweisend\/Warmer Fu\u00dfsack Oberteil abnehmbar\/echtes Lammfell\/Made in Germany - Markt-XXL\" \/>\n<meta property=\"og:description\" content=\"Markt-XXL Hofbrucker Lammfell-Fu\u00dfsack Putzi Kinderwagen, Buggy\/Winterfu\u00dfsack wind- &amp; wasserabweisend\/Warmer Fu\u00dfsack Oberteil abnehmbar\/echtes Lammfell\/Made in Germany\" \/>\n<meta property=\"og:url\" content=\"https:\/\/marktxxl.de\/markt\/produkt\/hofbrucker-lammfell-fusssack-putzi-kinderwagen-buggy-winterfusssack-wind-wasserabweisend-warmer-fusssack-oberteil-abnehmbar-echtes-lammfell-made-in-germany\/\" \/>\n<meta property=\"og:site_name\" content=\"Markt-XXL\" \/>\n<meta name=\"twitter:card\" content=\"summary_large_image\" \/>\n<meta name=\"twitter:label1\" content=\"Gesch\u00e4tzte Lesezeit\" \/>\n\t<meta name=\"twitter:data1\" content=\"1\u00a0Minute\" \/>\n<script type=\"application\/ld+json\" class=\"yoast-schema-graph\">{\"@context\":\"https:\\\/\\\/schema.org\",\"@graph\":[{\"@type\":\"WebPage\",\"@id\":\"https:\\\/\\\/marktxxl.de\\\/markt\\\/produkt\\\/hofbrucker-lammfell-fusssack-putzi-kinderwagen-buggy-winterfusssack-wind-wasserabweisend-warmer-fusssack-oberteil-abnehmbar-echtes-lammfell-made-in-germany\\\/\",\"url\":\"https:\\\/\\\/marktxxl.de\\\/markt\\\/produkt\\\/hofbrucker-lammfell-fusssack-putzi-kinderwagen-buggy-winterfusssack-wind-wasserabweisend-warmer-fusssack-oberteil-abnehmbar-echtes-lammfell-made-in-germany\\\/\",\"name\":\"Hofbrucker Lammfell-Fu\u00dfsack Putzi Kinderwagen, Buggy\\\/Winterfu\u00dfsack wind- &amp; wasserabweisend\\\/Warmer Fu\u00dfsack Oberteil abnehmbar\\\/echtes Lammfell\\\/Made in Germany - Markt-XXL\",\"isPartOf\":{\"@id\":\"https:\\\/\\\/marktxxl.de\\\/markt\\\/#website\"},\"primaryImageOfPage\":{\"@id\":\"https:\\\/\\\/marktxxl.de\\\/markt\\\/produkt\\\/hofbrucker-lammfell-fusssack-putzi-kinderwagen-buggy-winterfusssack-wind-wasserabweisend-warmer-fusssack-oberteil-abnehmbar-echtes-lammfell-made-in-germany\\\/#primaryimage\"},\"image\":{\"@id\":\"https:\\\/\\\/marktxxl.de\\\/markt\\\/produkt\\\/hofbrucker-lammfell-fusssack-putzi-kinderwagen-buggy-winterfusssack-wind-wasserabweisend-warmer-fusssack-oberteil-abnehmbar-echtes-lammfell-made-in-germany\\\/#primaryimage\"},\"thumbnailUrl\":\"https:\\\/\\\/m.media-amazon.com\\\/images\\\/I\\\/41OLDZiMHdL._SL500_.jpg\",\"datePublished\":\"2024-05-28T23:18:47+00:00\",\"description\":\"Markt-XXL Hofbrucker Lammfell-Fu\u00dfsack Putzi Kinderwagen, Buggy\\\/Winterfu\u00dfsack wind- &amp; wasserabweisend\\\/Warmer Fu\u00dfsack Oberteil abnehmbar\\\/echtes Lammfell\\\/Made in Germany\",\"breadcrumb\":{\"@id\":\"https:\\\/\\\/marktxxl.de\\\/markt\\\/produkt\\\/hofbrucker-lammfell-fusssack-putzi-kinderwagen-buggy-winterfusssack-wind-wasserabweisend-warmer-fusssack-oberteil-abnehmbar-echtes-lammfell-made-in-germany\\\/#breadcrumb\"},\"inLanguage\":\"de\",\"potentialAction\":[{\"@type\":\"ReadAction\",\"target\":[\"https:\\\/\\\/marktxxl.de\\\/markt\\\/produkt\\\/hofbrucker-lammfell-fusssack-putzi-kinderwagen-buggy-winterfusssack-wind-wasserabweisend-warmer-fusssack-oberteil-abnehmbar-echtes-lammfell-made-in-germany\\\/\"]}]},{\"@type\":\"ImageObject\",\"inLanguage\":\"de\",\"@id\":\"https:\\\/\\\/marktxxl.de\\\/markt\\\/produkt\\\/hofbrucker-lammfell-fusssack-putzi-kinderwagen-buggy-winterfusssack-wind-wasserabweisend-warmer-fusssack-oberteil-abnehmbar-echtes-lammfell-made-in-germany\\\/#primaryimage\",\"url\":\"https:\\\/\\\/m.media-amazon.com\\\/images\\\/I\\\/41OLDZiMHdL._SL500_.jpg\",\"contentUrl\":\"https:\\\/\\\/m.media-amazon.com\\\/images\\\/I\\\/41OLDZiMHdL._SL500_.jpg\",\"width\":375,\"height\":500},{\"@type\":\"BreadcrumbList\",\"@id\":\"https:\\\/\\\/marktxxl.de\\\/markt\\\/produkt\\\/hofbrucker-lammfell-fusssack-putzi-kinderwagen-buggy-winterfusssack-wind-wasserabweisend-warmer-fusssack-oberteil-abnehmbar-echtes-lammfell-made-in-germany\\\/#breadcrumb\",\"itemListElement\":[{\"@type\":\"ListItem\",\"position\":1,\"name\":\"Startseite\",\"item\":\"https:\\\/\\\/marktxxl.de\\\/markt\\\/\"},{\"@type\":\"ListItem\",\"position\":2,\"name\":\"Markt\",\"item\":\"https:\\\/\\\/marktxxl.de\\\/markt\\\/\"},{\"@type\":\"ListItem\",\"position\":3,\"name\":\"Hofbrucker Lammfell-Fu\u00dfsack Putzi Kinderwagen, Buggy\\\/Winterfu\u00dfsack wind- &amp; wasserabweisend\\\/Warmer Fu\u00dfsack Oberteil abnehmbar\\\/echtes Lammfell\\\/Made in Germany\"}]},{\"@type\":\"WebSite\",\"@id\":\"https:\\\/\\\/marktxxl.de\\\/markt\\\/#website\",\"url\":\"https:\\\/\\\/marktxxl.de\\\/markt\\\/\",\"name\":\"Markt-XXL\",\"description\":\"Ihr Markt Online\",\"publisher\":{\"@id\":\"https:\\\/\\\/marktxxl.de\\\/markt\\\/#organization\"},\"potentialAction\":[{\"@type\":\"SearchAction\",\"target\":{\"@type\":\"EntryPoint\",\"urlTemplate\":\"https:\\\/\\\/marktxxl.de\\\/markt\\\/?s={search_term_string}\"},\"query-input\":{\"@type\":\"PropertyValueSpecification\",\"valueRequired\":true,\"valueName\":\"search_term_string\"}}],\"inLanguage\":\"de\"},{\"@type\":\"Organization\",\"@id\":\"https:\\\/\\\/marktxxl.de\\\/markt\\\/#organization\",\"name\":\"Markt-XXL\",\"url\":\"https:\\\/\\\/marktxxl.de\\\/markt\\\/\",\"logo\":{\"@type\":\"ImageObject\",\"inLanguage\":\"de\",\"@id\":\"https:\\\/\\\/marktxxl.de\\\/markt\\\/#\\\/schema\\\/logo\\\/image\\\/\",\"url\":\"https:\\\/\\\/marktxxl.de\\\/markt\\\/wp-content\\\/uploads\\\/sites\\\/3\\\/2020\\\/12\\\/logo.png\",\"contentUrl\":\"https:\\\/\\\/marktxxl.de\\\/markt\\\/wp-content\\\/uploads\\\/sites\\\/3\\\/2020\\\/12\\\/logo.png\",\"width\":200,\"height\":70,\"caption\":\"Markt-XXL\"},\"image\":{\"@id\":\"https:\\\/\\\/marktxxl.de\\\/markt\\\/#\\\/schema\\\/logo\\\/image\\\/\"}}]}<\/script>\n<!-- \/ Yoast SEO plugin. -->","yoast_head_json":{"title":"Hofbrucker Lammfell-Fu\u00dfsack Putzi Kinderwagen, Buggy\/Winterfu\u00dfsack wind- &amp; wasserabweisend\/Warmer Fu\u00dfsack Oberteil abnehmbar\/echtes Lammfell\/Made in Germany - Markt-XXL","description":"Markt-XXL Hofbrucker Lammfell-Fu\u00dfsack Putzi Kinderwagen, Buggy\/Winterfu\u00dfsack wind- &amp; wasserabweisend\/Warmer Fu\u00dfsack Oberteil abnehmbar\/echtes Lammfell\/Made in Germany","robots":{"index":"index","follow":"follow","max-snippet":"max-snippet:-1","max-image-preview":"max-image-preview:large","max-video-preview":"max-video-preview:-1"},"canonical":"https:\/\/marktxxl.de\/markt\/produkt\/hofbrucker-lammfell-fusssack-putzi-kinderwagen-buggy-winterfusssack-wind-wasserabweisend-warmer-fusssack-oberteil-abnehmbar-echtes-lammfell-made-in-germany\/","og_locale":"de_DE","og_type":"article","og_title":"Hofbrucker Lammfell-Fu\u00dfsack Putzi Kinderwagen, Buggy\/Winterfu\u00dfsack wind- &amp; wasserabweisend\/Warmer Fu\u00dfsack Oberteil abnehmbar\/echtes Lammfell\/Made in Germany - Markt-XXL","og_description":"Markt-XXL Hofbrucker Lammfell-Fu\u00dfsack Putzi Kinderwagen, Buggy\/Winterfu\u00dfsack wind- &amp; wasserabweisend\/Warmer Fu\u00dfsack Oberteil abnehmbar\/echtes Lammfell\/Made in Germany","og_url":"https:\/\/marktxxl.de\/markt\/produkt\/hofbrucker-lammfell-fusssack-putzi-kinderwagen-buggy-winterfusssack-wind-wasserabweisend-warmer-fusssack-oberteil-abnehmbar-echtes-lammfell-made-in-germany\/","og_site_name":"Markt-XXL","twitter_card":"summary_large_image","twitter_misc":{"Gesch\u00e4tzte Lesezeit":"1\u00a0Minute"},"schema":{"@context":"https:\/\/schema.org","@graph":[{"@type":"WebPage","@id":"https:\/\/marktxxl.de\/markt\/produkt\/hofbrucker-lammfell-fusssack-putzi-kinderwagen-buggy-winterfusssack-wind-wasserabweisend-warmer-fusssack-oberteil-abnehmbar-echtes-lammfell-made-in-germany\/","url":"https:\/\/marktxxl.de\/markt\/produkt\/hofbrucker-lammfell-fusssack-putzi-kinderwagen-buggy-winterfusssack-wind-wasserabweisend-warmer-fusssack-oberteil-abnehmbar-echtes-lammfell-made-in-germany\/","name":"Hofbrucker Lammfell-Fu\u00dfsack Putzi Kinderwagen, Buggy\/Winterfu\u00dfsack wind- &amp; wasserabweisend\/Warmer Fu\u00dfsack Oberteil abnehmbar\/echtes Lammfell\/Made in Germany - Markt-XXL","isPartOf":{"@id":"https:\/\/marktxxl.de\/markt\/#website"},"primaryImageOfPage":{"@id":"https:\/\/marktxxl.de\/markt\/produkt\/hofbrucker-lammfell-fusssack-putzi-kinderwagen-buggy-winterfusssack-wind-wasserabweisend-warmer-fusssack-oberteil-abnehmbar-echtes-lammfell-made-in-germany\/#primaryimage"},"image":{"@id":"https:\/\/marktxxl.de\/markt\/produkt\/hofbrucker-lammfell-fusssack-putzi-kinderwagen-buggy-winterfusssack-wind-wasserabweisend-warmer-fusssack-oberteil-abnehmbar-echtes-lammfell-made-in-germany\/#primaryimage"},"thumbnailUrl":"https:\/\/m.media-amazon.com\/images\/I\/41OLDZiMHdL._SL500_.jpg","datePublished":"2024-05-28T23:18:47+00:00","description":"Markt-XXL Hofbrucker Lammfell-Fu\u00dfsack Putzi Kinderwagen, Buggy\/Winterfu\u00dfsack wind- &amp; wasserabweisend\/Warmer Fu\u00dfsack Oberteil abnehmbar\/echtes Lammfell\/Made in Germany","breadcrumb":{"@id":"https:\/\/marktxxl.de\/markt\/produkt\/hofbrucker-lammfell-fusssack-putzi-kinderwagen-buggy-winterfusssack-wind-wasserabweisend-warmer-fusssack-oberteil-abnehmbar-echtes-lammfell-made-in-germany\/#breadcrumb"},"inLanguage":"de","potentialAction":[{"@type":"ReadAction","target":["https:\/\/marktxxl.de\/markt\/produkt\/hofbrucker-lammfell-fusssack-putzi-kinderwagen-buggy-winterfusssack-wind-wasserabweisend-warmer-fusssack-oberteil-abnehmbar-echtes-lammfell-made-in-germany\/"]}]},{"@type":"ImageObject","inLanguage":"de","@id":"https:\/\/marktxxl.de\/markt\/produkt\/hofbrucker-lammfell-fusssack-putzi-kinderwagen-buggy-winterfusssack-wind-wasserabweisend-warmer-fusssack-oberteil-abnehmbar-echtes-lammfell-made-in-germany\/#primaryimage","url":"https:\/\/m.media-amazon.com\/images\/I\/41OLDZiMHdL._SL500_.jpg","contentUrl":"https:\/\/m.media-amazon.com\/images\/I\/41OLDZiMHdL._SL500_.jpg","width":375,"height":500},{"@type":"BreadcrumbList","@id":"https:\/\/marktxxl.de\/markt\/produkt\/hofbrucker-lammfell-fusssack-putzi-kinderwagen-buggy-winterfusssack-wind-wasserabweisend-warmer-fusssack-oberteil-abnehmbar-echtes-lammfell-made-in-germany\/#breadcrumb","itemListElement":[{"@type":"ListItem","position":1,"name":"Startseite","item":"https:\/\/marktxxl.de\/markt\/"},{"@type":"ListItem","position":2,"name":"Markt","item":"https:\/\/marktxxl.de\/markt\/"},{"@type":"ListItem","position":3,"name":"Hofbrucker Lammfell-Fu\u00dfsack Putzi Kinderwagen, Buggy\/Winterfu\u00dfsack wind- &amp; wasserabweisend\/Warmer Fu\u00dfsack Oberteil abnehmbar\/echtes Lammfell\/Made in Germany"}]},{"@type":"WebSite","@id":"https:\/\/marktxxl.de\/markt\/#website","url":"https:\/\/marktxxl.de\/markt\/","name":"Markt-XXL","description":"Ihr Markt Online","publisher":{"@id":"https:\/\/marktxxl.de\/markt\/#organization"},"potentialAction":[{"@type":"SearchAction","target":{"@type":"EntryPoint","urlTemplate":"https:\/\/marktxxl.de\/markt\/?s={search_term_string}"},"query-input":{"@type":"PropertyValueSpecification","valueRequired":true,"valueName":"search_term_string"}}],"inLanguage":"de"},{"@type":"Organization","@id":"https:\/\/marktxxl.de\/markt\/#organization","name":"Markt-XXL","url":"https:\/\/marktxxl.de\/markt\/","logo":{"@type":"ImageObject","inLanguage":"de","@id":"https:\/\/marktxxl.de\/markt\/#\/schema\/logo\/image\/","url":"https:\/\/marktxxl.de\/markt\/wp-content\/uploads\/sites\/3\/2020\/12\/logo.png","contentUrl":"https:\/\/marktxxl.de\/markt\/wp-content\/uploads\/sites\/3\/2020\/12\/logo.png","width":200,"height":70,"caption":"Markt-XXL"},"image":{"@id":"https:\/\/marktxxl.de\/markt\/#\/schema\/logo\/image\/"}}]}},"_links":{"self":[{"href":"https:\/\/marktxxl.de\/markt\/wp-json\/wp\/v2\/product\/206646","targetHints":{"allow":["GET"]}}],"collection":[{"href":"https:\/\/marktxxl.de\/markt\/wp-json\/wp\/v2\/product"}],"about":[{"href":"https:\/\/marktxxl.de\/markt\/wp-json\/wp\/v2\/types\/product"}],"replies":[{"embeddable":true,"href":"https:\/\/marktxxl.de\/markt\/wp-json\/wp\/v2\/comments?post=206646"}],"wp:featuredmedia":[{"embeddable":true,"href":"https:\/\/marktxxl.de\/markt\/wp-json\/wp\/v2\/media\/206647"}],"wp:attachment":[{"href":"https:\/\/marktxxl.de\/markt\/wp-json\/wp\/v2\/media?parent=206646"}],"wp:term":[{"taxonomy":"product_brand","embeddable":true,"href":"https:\/\/marktxxl.de\/markt\/wp-json\/wp\/v2\/product_brand?post=206646"},{"taxonomy":"product_cat","embeddable":true,"href":"https:\/\/marktxxl.de\/markt\/wp-json\/wp\/v2\/product_cat?post=206646"},{"taxonomy":"product_tag","embeddable":true,"href":"https:\/\/marktxxl.de\/markt\/wp-json\/wp\/v2\/product_tag?post=206646"}],"curies":[{"name":"wp","href":"https:\/\/api.w.org\/{rel}","templated":true}]}}