{"id":206565,"date":"2024-05-29T01:16:08","date_gmt":"2024-05-28T23:16:08","guid":{"rendered":"https:\/\/marktxxl.de\/markt\/produkt\/manhattan-spielzeug-wimmer-ferguson-mind-shapes-multi-sensory-soft-activity-shape-set\/"},"modified":"2024-05-29T01:16:08","modified_gmt":"2024-05-28T23:16:08","slug":"manhattan-spielzeug-wimmer-ferguson-mind-shapes-multi-sensory-soft-activity-shape-set","status":"publish","type":"product","link":"https:\/\/marktxxl.de\/markt\/produkt\/manhattan-spielzeug-wimmer-ferguson-mind-shapes-multi-sensory-soft-activity-shape-set\/","title":{"rendered":"Manhattan-Spielzeug Wimmer-Ferguson Mind-Shapes Multi-Sensory Soft Activity Shape Set"},"content":{"rendered":"<p>Aus der preisgekr\u00f6nten Wimmer-Ferguson-S\u00e4uglingskollektion von Manhattan Toy &#8211; dem Erfinder von Schwarzwei\u00df-Entwicklungsspielzeug<br \/>\nDas Mind-Shapes-Aktivit\u00e4tsset umfasst drei einzigartige, weich geformte Formen mit verschiedenen Texturen f\u00fcr die taktile Stimulation<br \/>\nJede Form ist visuell anregend. Wimmer-Ferguson untersuchte Schwarzwei\u00df- und Farbdruckgrafiken<br \/>\nVersteckte Ger\u00e4usche wie zerknittertes Papier, Rassel und Glockenkugel vermitteln die Ursache und Wirkung der auditorischen Erkennung<br \/>\nDas multisensorische Aktivit\u00e4tsset f\u00f6rdert die Spielzeit mit den Eltern<br \/>\n<div class=\"main-cross-sell\" data-asin=\"B0000A1Z2A\">\n\n\t<div class=\"WooZone-cross-sell-loader\">\n\t\t<div>\n\t\t\t<div id=\"floatingBarsG\">\n\t\t\t\t<div class=\"blockG\" id=\"rotateG_01\"><\/div>\n\t\t\t\t<div class=\"blockG\" id=\"rotateG_02\"><\/div>\n\t\t\t\t<div class=\"blockG\" id=\"rotateG_03\"><\/div>\n\t\t\t\t<div class=\"blockG\" id=\"rotateG_04\"><\/div>\n\t\t\t\t<div class=\"blockG\" id=\"rotateG_05\"><\/div>\n\t\t\t\t<div class=\"blockG\" id=\"rotateG_06\"><\/div>\n\t\t\t\t<div class=\"blockG\" id=\"rotateG_07\"><\/div>\n\t\t\t\t<div class=\"blockG\" id=\"rotateG_08\"><\/div>\n\t\t\t<\/div>\n\t\t\t<div class=\"WooZone-cross-sell-loader-text\"><\/div>\n\t\t<\/div>\n\t<\/div>\n\n\t\t\n<\/div>\n<div style=\"clear:both;\"><\/div><\/p>\n","protected":false},"excerpt":{"rendered":"<p>Aus der preisgekr\u00f6nten Wimmer-Ferguson-S\u00e4uglingskollektion von Manhattan Toy &#8211; dem Erfinder von Schwarzwei\u00df-Entwicklungsspielzeug<br \/>\nDas Mind-Shapes-Aktivit\u00e4tsset umfasst drei einzigartige, weich geformte Formen mit verschiedenen Texturen f\u00fcr die taktile Stimulation<br \/>\nJede Form ist visuell anregend. Wimmer-Ferguson untersuchte Schwarzwei\u00df- und Farbdruckgrafiken<\/p>\n","protected":false},"featured_media":206566,"comment_status":"open","ping_status":"closed","template":"","meta":[],"product_brand":[],"product_cat":[21,9329],"product_tag":[],"class_list":{"0":"post-206565","1":"product","2":"type-product","3":"status-publish","4":"has-post-thumbnail","6":"product_cat-baby","7":"product_cat-kinderwagen-buggys-zubehoer-baby","8":"pa_binding-babyartikel","9":"pa_brand-thames-hudson","10":"pa_brand-52151","11":"pa_height-4-25-zoll","12":"pa_languages-handbuch-deutsch-unbekannt-englisch","13":"pa_length-4-zoll","14":"pa_manufacturer-manhattan-toy","15":"pa_model-52152","16":"pa_weight-0-4-pounds","17":"pa_width-12-5-zoll","19":"first","20":"instock","21":"shipping-taxable","22":"purchasable","23":"product-type-simple","24":"customify-col","25":"product-has-gallery"},"yoast_head":"<!-- This site is optimized with the Yoast SEO plugin v27.3 - https:\/\/yoast.com\/product\/yoast-seo-wordpress\/ -->\n<title>Manhattan-Spielzeug Wimmer-Ferguson Mind-Shapes Multi-Sensory Soft Activity Shape Set - Markt-XXL<\/title>\n<meta name=\"description\" content=\"Markt-XXL Manhattan-Spielzeug Wimmer-Ferguson Mind-Shapes Multi-Sensory Soft Activity Shape Set\" \/>\n<meta name=\"robots\" content=\"index, follow, max-snippet:-1, max-image-preview:large, max-video-preview:-1\" \/>\n<link rel=\"canonical\" href=\"https:\/\/marktxxl.de\/markt\/produkt\/manhattan-spielzeug-wimmer-ferguson-mind-shapes-multi-sensory-soft-activity-shape-set\/\" \/>\n<meta property=\"og:locale\" content=\"de_DE\" \/>\n<meta property=\"og:type\" content=\"article\" \/>\n<meta property=\"og:title\" content=\"Manhattan-Spielzeug Wimmer-Ferguson Mind-Shapes Multi-Sensory Soft Activity Shape Set - Markt-XXL\" \/>\n<meta property=\"og:description\" content=\"Markt-XXL Manhattan-Spielzeug Wimmer-Ferguson Mind-Shapes Multi-Sensory Soft Activity Shape Set\" \/>\n<meta property=\"og:url\" content=\"https:\/\/marktxxl.de\/markt\/produkt\/manhattan-spielzeug-wimmer-ferguson-mind-shapes-multi-sensory-soft-activity-shape-set\/\" \/>\n<meta property=\"og:site_name\" content=\"Markt-XXL\" \/>\n<meta name=\"twitter:card\" content=\"summary_large_image\" \/>\n<script type=\"application\/ld+json\" class=\"yoast-schema-graph\">{\"@context\":\"https:\\\/\\\/schema.org\",\"@graph\":[{\"@type\":\"WebPage\",\"@id\":\"https:\\\/\\\/marktxxl.de\\\/markt\\\/produkt\\\/manhattan-spielzeug-wimmer-ferguson-mind-shapes-multi-sensory-soft-activity-shape-set\\\/\",\"url\":\"https:\\\/\\\/marktxxl.de\\\/markt\\\/produkt\\\/manhattan-spielzeug-wimmer-ferguson-mind-shapes-multi-sensory-soft-activity-shape-set\\\/\",\"name\":\"Manhattan-Spielzeug Wimmer-Ferguson Mind-Shapes Multi-Sensory Soft Activity Shape Set - Markt-XXL\",\"isPartOf\":{\"@id\":\"https:\\\/\\\/marktxxl.de\\\/markt\\\/#website\"},\"primaryImageOfPage\":{\"@id\":\"https:\\\/\\\/marktxxl.de\\\/markt\\\/produkt\\\/manhattan-spielzeug-wimmer-ferguson-mind-shapes-multi-sensory-soft-activity-shape-set\\\/#primaryimage\"},\"image\":{\"@id\":\"https:\\\/\\\/marktxxl.de\\\/markt\\\/produkt\\\/manhattan-spielzeug-wimmer-ferguson-mind-shapes-multi-sensory-soft-activity-shape-set\\\/#primaryimage\"},\"thumbnailUrl\":\"https:\\\/\\\/m.media-amazon.com\\\/images\\\/I\\\/41eApztrkfL._SL500_.jpg\",\"datePublished\":\"2024-05-28T23:16:08+00:00\",\"description\":\"Markt-XXL Manhattan-Spielzeug Wimmer-Ferguson Mind-Shapes Multi-Sensory Soft Activity Shape Set\",\"breadcrumb\":{\"@id\":\"https:\\\/\\\/marktxxl.de\\\/markt\\\/produkt\\\/manhattan-spielzeug-wimmer-ferguson-mind-shapes-multi-sensory-soft-activity-shape-set\\\/#breadcrumb\"},\"inLanguage\":\"de\",\"potentialAction\":[{\"@type\":\"ReadAction\",\"target\":[\"https:\\\/\\\/marktxxl.de\\\/markt\\\/produkt\\\/manhattan-spielzeug-wimmer-ferguson-mind-shapes-multi-sensory-soft-activity-shape-set\\\/\"]}]},{\"@type\":\"ImageObject\",\"inLanguage\":\"de\",\"@id\":\"https:\\\/\\\/marktxxl.de\\\/markt\\\/produkt\\\/manhattan-spielzeug-wimmer-ferguson-mind-shapes-multi-sensory-soft-activity-shape-set\\\/#primaryimage\",\"url\":\"https:\\\/\\\/m.media-amazon.com\\\/images\\\/I\\\/41eApztrkfL._SL500_.jpg\",\"contentUrl\":\"https:\\\/\\\/m.media-amazon.com\\\/images\\\/I\\\/41eApztrkfL._SL500_.jpg\",\"width\":500,\"height\":235},{\"@type\":\"BreadcrumbList\",\"@id\":\"https:\\\/\\\/marktxxl.de\\\/markt\\\/produkt\\\/manhattan-spielzeug-wimmer-ferguson-mind-shapes-multi-sensory-soft-activity-shape-set\\\/#breadcrumb\",\"itemListElement\":[{\"@type\":\"ListItem\",\"position\":1,\"name\":\"Startseite\",\"item\":\"https:\\\/\\\/marktxxl.de\\\/markt\\\/\"},{\"@type\":\"ListItem\",\"position\":2,\"name\":\"Markt\",\"item\":\"https:\\\/\\\/marktxxl.de\\\/markt\\\/\"},{\"@type\":\"ListItem\",\"position\":3,\"name\":\"Manhattan-Spielzeug Wimmer-Ferguson Mind-Shapes Multi-Sensory Soft Activity Shape Set\"}]},{\"@type\":\"WebSite\",\"@id\":\"https:\\\/\\\/marktxxl.de\\\/markt\\\/#website\",\"url\":\"https:\\\/\\\/marktxxl.de\\\/markt\\\/\",\"name\":\"Markt-XXL\",\"description\":\"Ihr Markt Online\",\"publisher\":{\"@id\":\"https:\\\/\\\/marktxxl.de\\\/markt\\\/#organization\"},\"potentialAction\":[{\"@type\":\"SearchAction\",\"target\":{\"@type\":\"EntryPoint\",\"urlTemplate\":\"https:\\\/\\\/marktxxl.de\\\/markt\\\/?s={search_term_string}\"},\"query-input\":{\"@type\":\"PropertyValueSpecification\",\"valueRequired\":true,\"valueName\":\"search_term_string\"}}],\"inLanguage\":\"de\"},{\"@type\":\"Organization\",\"@id\":\"https:\\\/\\\/marktxxl.de\\\/markt\\\/#organization\",\"name\":\"Markt-XXL\",\"url\":\"https:\\\/\\\/marktxxl.de\\\/markt\\\/\",\"logo\":{\"@type\":\"ImageObject\",\"inLanguage\":\"de\",\"@id\":\"https:\\\/\\\/marktxxl.de\\\/markt\\\/#\\\/schema\\\/logo\\\/image\\\/\",\"url\":\"https:\\\/\\\/marktxxl.de\\\/markt\\\/wp-content\\\/uploads\\\/sites\\\/3\\\/2020\\\/12\\\/logo.png\",\"contentUrl\":\"https:\\\/\\\/marktxxl.de\\\/markt\\\/wp-content\\\/uploads\\\/sites\\\/3\\\/2020\\\/12\\\/logo.png\",\"width\":200,\"height\":70,\"caption\":\"Markt-XXL\"},\"image\":{\"@id\":\"https:\\\/\\\/marktxxl.de\\\/markt\\\/#\\\/schema\\\/logo\\\/image\\\/\"}}]}<\/script>\n<!-- \/ Yoast SEO plugin. -->","yoast_head_json":{"title":"Manhattan-Spielzeug Wimmer-Ferguson Mind-Shapes Multi-Sensory Soft Activity Shape Set - Markt-XXL","description":"Markt-XXL Manhattan-Spielzeug Wimmer-Ferguson Mind-Shapes Multi-Sensory Soft Activity Shape Set","robots":{"index":"index","follow":"follow","max-snippet":"max-snippet:-1","max-image-preview":"max-image-preview:large","max-video-preview":"max-video-preview:-1"},"canonical":"https:\/\/marktxxl.de\/markt\/produkt\/manhattan-spielzeug-wimmer-ferguson-mind-shapes-multi-sensory-soft-activity-shape-set\/","og_locale":"de_DE","og_type":"article","og_title":"Manhattan-Spielzeug Wimmer-Ferguson Mind-Shapes Multi-Sensory Soft Activity Shape Set - Markt-XXL","og_description":"Markt-XXL Manhattan-Spielzeug Wimmer-Ferguson Mind-Shapes Multi-Sensory Soft Activity Shape Set","og_url":"https:\/\/marktxxl.de\/markt\/produkt\/manhattan-spielzeug-wimmer-ferguson-mind-shapes-multi-sensory-soft-activity-shape-set\/","og_site_name":"Markt-XXL","twitter_card":"summary_large_image","schema":{"@context":"https:\/\/schema.org","@graph":[{"@type":"WebPage","@id":"https:\/\/marktxxl.de\/markt\/produkt\/manhattan-spielzeug-wimmer-ferguson-mind-shapes-multi-sensory-soft-activity-shape-set\/","url":"https:\/\/marktxxl.de\/markt\/produkt\/manhattan-spielzeug-wimmer-ferguson-mind-shapes-multi-sensory-soft-activity-shape-set\/","name":"Manhattan-Spielzeug Wimmer-Ferguson Mind-Shapes Multi-Sensory Soft Activity Shape Set - Markt-XXL","isPartOf":{"@id":"https:\/\/marktxxl.de\/markt\/#website"},"primaryImageOfPage":{"@id":"https:\/\/marktxxl.de\/markt\/produkt\/manhattan-spielzeug-wimmer-ferguson-mind-shapes-multi-sensory-soft-activity-shape-set\/#primaryimage"},"image":{"@id":"https:\/\/marktxxl.de\/markt\/produkt\/manhattan-spielzeug-wimmer-ferguson-mind-shapes-multi-sensory-soft-activity-shape-set\/#primaryimage"},"thumbnailUrl":"https:\/\/m.media-amazon.com\/images\/I\/41eApztrkfL._SL500_.jpg","datePublished":"2024-05-28T23:16:08+00:00","description":"Markt-XXL Manhattan-Spielzeug Wimmer-Ferguson Mind-Shapes Multi-Sensory Soft Activity Shape Set","breadcrumb":{"@id":"https:\/\/marktxxl.de\/markt\/produkt\/manhattan-spielzeug-wimmer-ferguson-mind-shapes-multi-sensory-soft-activity-shape-set\/#breadcrumb"},"inLanguage":"de","potentialAction":[{"@type":"ReadAction","target":["https:\/\/marktxxl.de\/markt\/produkt\/manhattan-spielzeug-wimmer-ferguson-mind-shapes-multi-sensory-soft-activity-shape-set\/"]}]},{"@type":"ImageObject","inLanguage":"de","@id":"https:\/\/marktxxl.de\/markt\/produkt\/manhattan-spielzeug-wimmer-ferguson-mind-shapes-multi-sensory-soft-activity-shape-set\/#primaryimage","url":"https:\/\/m.media-amazon.com\/images\/I\/41eApztrkfL._SL500_.jpg","contentUrl":"https:\/\/m.media-amazon.com\/images\/I\/41eApztrkfL._SL500_.jpg","width":500,"height":235},{"@type":"BreadcrumbList","@id":"https:\/\/marktxxl.de\/markt\/produkt\/manhattan-spielzeug-wimmer-ferguson-mind-shapes-multi-sensory-soft-activity-shape-set\/#breadcrumb","itemListElement":[{"@type":"ListItem","position":1,"name":"Startseite","item":"https:\/\/marktxxl.de\/markt\/"},{"@type":"ListItem","position":2,"name":"Markt","item":"https:\/\/marktxxl.de\/markt\/"},{"@type":"ListItem","position":3,"name":"Manhattan-Spielzeug Wimmer-Ferguson Mind-Shapes Multi-Sensory Soft Activity Shape Set"}]},{"@type":"WebSite","@id":"https:\/\/marktxxl.de\/markt\/#website","url":"https:\/\/marktxxl.de\/markt\/","name":"Markt-XXL","description":"Ihr Markt Online","publisher":{"@id":"https:\/\/marktxxl.de\/markt\/#organization"},"potentialAction":[{"@type":"SearchAction","target":{"@type":"EntryPoint","urlTemplate":"https:\/\/marktxxl.de\/markt\/?s={search_term_string}"},"query-input":{"@type":"PropertyValueSpecification","valueRequired":true,"valueName":"search_term_string"}}],"inLanguage":"de"},{"@type":"Organization","@id":"https:\/\/marktxxl.de\/markt\/#organization","name":"Markt-XXL","url":"https:\/\/marktxxl.de\/markt\/","logo":{"@type":"ImageObject","inLanguage":"de","@id":"https:\/\/marktxxl.de\/markt\/#\/schema\/logo\/image\/","url":"https:\/\/marktxxl.de\/markt\/wp-content\/uploads\/sites\/3\/2020\/12\/logo.png","contentUrl":"https:\/\/marktxxl.de\/markt\/wp-content\/uploads\/sites\/3\/2020\/12\/logo.png","width":200,"height":70,"caption":"Markt-XXL"},"image":{"@id":"https:\/\/marktxxl.de\/markt\/#\/schema\/logo\/image\/"}}]}},"_links":{"self":[{"href":"https:\/\/marktxxl.de\/markt\/wp-json\/wp\/v2\/product\/206565","targetHints":{"allow":["GET"]}}],"collection":[{"href":"https:\/\/marktxxl.de\/markt\/wp-json\/wp\/v2\/product"}],"about":[{"href":"https:\/\/marktxxl.de\/markt\/wp-json\/wp\/v2\/types\/product"}],"replies":[{"embeddable":true,"href":"https:\/\/marktxxl.de\/markt\/wp-json\/wp\/v2\/comments?post=206565"}],"wp:featuredmedia":[{"embeddable":true,"href":"https:\/\/marktxxl.de\/markt\/wp-json\/wp\/v2\/media\/206566"}],"wp:attachment":[{"href":"https:\/\/marktxxl.de\/markt\/wp-json\/wp\/v2\/media?parent=206565"}],"wp:term":[{"taxonomy":"product_brand","embeddable":true,"href":"https:\/\/marktxxl.de\/markt\/wp-json\/wp\/v2\/product_brand?post=206565"},{"taxonomy":"product_cat","embeddable":true,"href":"https:\/\/marktxxl.de\/markt\/wp-json\/wp\/v2\/product_cat?post=206565"},{"taxonomy":"product_tag","embeddable":true,"href":"https:\/\/marktxxl.de\/markt\/wp-json\/wp\/v2\/product_tag?post=206565"}],"curies":[{"name":"wp","href":"https:\/\/api.w.org\/{rel}","templated":true}]}}