{"id":206511,"date":"2024-05-29T01:02:30","date_gmt":"2024-05-28T23:02:30","guid":{"rendered":"https:\/\/marktxxl.de\/markt\/produkt\/werner-christ-baby-lammfell-fusssack-arosa-warme-buggy-kinderwagen-fusssack-kinder-ab-6-bis-36-monate-medizinisches-fell-in-grau-blau-schwarz-rot-braun-rosa\/"},"modified":"2024-05-29T01:02:30","modified_gmt":"2024-05-28T23:02:30","slug":"werner-christ-baby-lammfell-fusssack-arosa-warme-buggy-kinderwagen-fusssack-kinder-ab-6-bis-36-monate-medizinisches-fell-in-grau-blau-schwarz-rot-braun-rosa","status":"publish","type":"product","link":"https:\/\/marktxxl.de\/markt\/produkt\/werner-christ-baby-lammfell-fusssack-arosa-warme-buggy-kinderwagen-fusssack-kinder-ab-6-bis-36-monate-medizinisches-fell-in-grau-blau-schwarz-rot-braun-rosa\/","title":{"rendered":"WERNER CHRIST BABY, Lammfell-Fu\u00dfsack AROSA \u2013 warme Buggy, Kinderwagen-Fu\u00dfsack (Kinder ab 6 bis 36 Monate), medizinisches Fell, in grau, blau, schwarz, rot, braun, rosa"},"content":{"rendered":"<p>NUTZEN: Unser Babysweet Fu\u00dfsack AROSA ist ein echter Allrounder. Der 2-Wege-Rei\u00dfverschluss bietet die M\u00f6glichkeit Vorder- und R\u00fcckseite komplett zu trennen. Dadurch k\u00f6nnen beide Teile separat als Wickelunterlage oder Kinderwageneinlage verwendet werden. Der Fu\u00dfsack eignet sich f\u00fcr Kinder ab ca. 6 Monaten, die im Buggy sitzen k\u00f6nnen (und nicht mehr in der Babywanne liegen).<br \/>\nEIGENSCHAFTEN: Unser Fu\u00dfsack aus 100 % echtem Lammfell ist kompatibel mit den g\u00e4ngigen Kinderwagen\/Buggy-Herstellern und bietet durch Gurtschlitze (f\u00fcr 3 und 5 Punkt-Gurt) einfache und sichere Handhabung. Das Fell ist auf 30 mm geschoren und besitzt somit eine ideale H\u00f6he f\u00fcr den Sitz-und Liegekomfort Ihres Babys. Die wasserabweisende und atmungsaktive Au\u00dfenh\u00fclle ist zur Sicherheit mit Reflektorstreifen ausgestattet.<br \/>\nFARBEN UND MA\u00dfE: Der Fu\u00dfsack ist 91 cm lang, 35 cm breit, 15 cm hoch (L\u00e4nge Vorderseite: 50 cm) und wiegt ca. 1800 g. Dieser ist erh\u00e4ltlich in den Farben beige, grau, blau, hellblau, schwarz, rot, braun sowie in einem blau-, braun- und graumelierten Farbton.<br \/>\nMARKENQUALIT\u00c4T: Unser Lammfellfu\u00dfsack wird mit Liebe und Sorgfalt von Hand gefertigt. Eine komplett in Eigenregie betriebene Wertsch\u00f6pfungskette, von der Rohware bis zum fertigen Produkt, ist seit jeher Garant f\u00fcr den bekannten \u201eWERNER CHRIST-Standard\u201c. Alle unsere Lammfelle werden ausschlie\u00dflich mit dem Einsatz erneuerbarer Energien, mit besonderem Augenmerk auf Nachhaltigkeit, in unserer hauseigenen Gerberei hergestellt.<br \/>\nPFLEGE: Unser Fu\u00dfsack ist maschinenwaschbar mit einem Lammfellwaschmittel (wir empfehlen das hauseigene C7) sowie trocknerbest\u00e4ndig. Bitte beachten Sie die beigef\u00fcgte Waschanleitung.<br \/>\n<div class=\"main-cross-sell\" data-asin=\"B07C2KNZJH\">\n\n\t<div class=\"WooZone-cross-sell-loader\">\n\t\t<div>\n\t\t\t<div id=\"floatingBarsG\">\n\t\t\t\t<div class=\"blockG\" id=\"rotateG_01\"><\/div>\n\t\t\t\t<div class=\"blockG\" id=\"rotateG_02\"><\/div>\n\t\t\t\t<div class=\"blockG\" id=\"rotateG_03\"><\/div>\n\t\t\t\t<div class=\"blockG\" id=\"rotateG_04\"><\/div>\n\t\t\t\t<div class=\"blockG\" id=\"rotateG_05\"><\/div>\n\t\t\t\t<div class=\"blockG\" id=\"rotateG_06\"><\/div>\n\t\t\t\t<div class=\"blockG\" id=\"rotateG_07\"><\/div>\n\t\t\t\t<div class=\"blockG\" id=\"rotateG_08\"><\/div>\n\t\t\t<\/div>\n\t\t\t<div class=\"WooZone-cross-sell-loader-text\"><\/div>\n\t\t<\/div>\n\t<\/div>\n\n\t\t\n<\/div>\n<div style=\"clear:both;\"><\/div><\/p>\n","protected":false},"excerpt":{"rendered":"<p>NUTZEN: Unser Babysweet Fu\u00dfsack AROSA ist ein echter Allrounder. Der 2-Wege-Rei\u00dfverschluss bietet die M\u00f6glichkeit Vorder- und R\u00fcckseite komplett zu trennen. Dadurch k\u00f6nnen beide Teile separat als Wickelunterlage oder Kinderwageneinlage verwendet werden. Der Fu\u00dfsack eignet sich f\u00fcr Kinder ab ca. 6 Monaten, die im Buggy sitzen k\u00f6nnen (und nicht mehr in der Babywanne liegen).<br \/>\nEIGENSCHAFTEN: Unser Fu\u00dfsack aus 100 % echtem Lammfell ist kompatibel mit den g\u00e4ngigen Kinderwagen\/Buggy-Herstellern und bietet durch Gurtschlitze (f\u00fcr 3 und 5 Punkt-Gurt) einfache und sichere Handhabung. Das Fell ist auf 30 mm geschoren und besitzt somit eine ideale H\u00f6he f\u00fcr den Sitz-und Liegekomfort Ihres Babys. Die wasserabweisende und atmungsaktive Au\u00dfenh\u00fclle ist zur Sicherheit mit Reflektorstreifen ausgestattet.<br \/>\nFARBEN UND MA\u00dfE: Der Fu\u00dfsack ist 91 cm lang, 35 cm breit, 15 cm hoch (L\u00e4nge Vorderseite: 50 cm) und wiegt ca. 1800 g. Dieser ist erh\u00e4ltlich in den Farben beige, grau, blau, hellblau, schwarz, rot, braun sowie in einem blau-, braun- und graumelierten Farbton.<\/p>\n","protected":false},"featured_media":206512,"comment_status":"open","ping_status":"closed","template":"","meta":[],"product_brand":[],"product_cat":[21,9329],"product_tag":[],"class_list":{"0":"post-206511","1":"product","2":"type-product","3":"status-publish","4":"has-post-thumbnail","6":"product_cat-baby","7":"product_cat-kinderwagen-buggys-zubehoer-baby","8":"pa_binding-babyartikel","9":"pa_brand-werner-christ","10":"pa_manufacturer-werner-christ-gmbh","12":"first","13":"instock","14":"shipping-taxable","15":"product-type-simple","16":"customify-col","17":"product-has-gallery"},"yoast_head":"<!-- This site is optimized with the Yoast SEO plugin v27.4 - https:\/\/yoast.com\/product\/yoast-seo-wordpress\/ -->\n<title>WERNER CHRIST BABY, Lammfell-Fu\u00dfsack AROSA \u2013 warme Buggy, Kinderwagen-Fu\u00dfsack (Kinder ab 6 bis 36 Monate), medizinisches Fell, in grau, blau, schwarz, rot, braun, rosa - Markt-XXL<\/title>\n<meta name=\"description\" content=\"Markt-XXL WERNER CHRIST BABY, Lammfell-Fu\u00dfsack AROSA \u2013 warme Buggy, Kinderwagen-Fu\u00dfsack (Kinder ab 6 bis 36 Monate), medizinisches Fell, in grau, blau, schwarz, rot, braun, rosa\" \/>\n<meta name=\"robots\" content=\"index, follow, max-snippet:-1, max-image-preview:large, max-video-preview:-1\" \/>\n<link rel=\"canonical\" href=\"https:\/\/marktxxl.de\/markt\/produkt\/werner-christ-baby-lammfell-fusssack-arosa-warme-buggy-kinderwagen-fusssack-kinder-ab-6-bis-36-monate-medizinisches-fell-in-grau-blau-schwarz-rot-braun-rosa\/\" \/>\n<meta property=\"og:locale\" content=\"de_DE\" \/>\n<meta property=\"og:type\" content=\"article\" \/>\n<meta property=\"og:title\" content=\"WERNER CHRIST BABY, Lammfell-Fu\u00dfsack AROSA \u2013 warme Buggy, Kinderwagen-Fu\u00dfsack (Kinder ab 6 bis 36 Monate), medizinisches Fell, in grau, blau, schwarz, rot, braun, rosa - Markt-XXL\" \/>\n<meta property=\"og:description\" content=\"Markt-XXL WERNER CHRIST BABY, Lammfell-Fu\u00dfsack AROSA \u2013 warme Buggy, Kinderwagen-Fu\u00dfsack (Kinder ab 6 bis 36 Monate), medizinisches Fell, in grau, blau, schwarz, rot, braun, rosa\" \/>\n<meta property=\"og:url\" content=\"https:\/\/marktxxl.de\/markt\/produkt\/werner-christ-baby-lammfell-fusssack-arosa-warme-buggy-kinderwagen-fusssack-kinder-ab-6-bis-36-monate-medizinisches-fell-in-grau-blau-schwarz-rot-braun-rosa\/\" \/>\n<meta property=\"og:site_name\" content=\"Markt-XXL\" \/>\n<meta name=\"twitter:card\" content=\"summary_large_image\" \/>\n<meta name=\"twitter:label1\" content=\"Gesch\u00e4tzte Lesezeit\" \/>\n\t<meta name=\"twitter:data1\" content=\"1\u00a0Minute\" \/>\n<script type=\"application\/ld+json\" class=\"yoast-schema-graph\">{\"@context\":\"https:\\\/\\\/schema.org\",\"@graph\":[{\"@type\":\"WebPage\",\"@id\":\"https:\\\/\\\/marktxxl.de\\\/markt\\\/produkt\\\/werner-christ-baby-lammfell-fusssack-arosa-warme-buggy-kinderwagen-fusssack-kinder-ab-6-bis-36-monate-medizinisches-fell-in-grau-blau-schwarz-rot-braun-rosa\\\/\",\"url\":\"https:\\\/\\\/marktxxl.de\\\/markt\\\/produkt\\\/werner-christ-baby-lammfell-fusssack-arosa-warme-buggy-kinderwagen-fusssack-kinder-ab-6-bis-36-monate-medizinisches-fell-in-grau-blau-schwarz-rot-braun-rosa\\\/\",\"name\":\"WERNER CHRIST BABY, Lammfell-Fu\u00dfsack AROSA \u2013 warme Buggy, Kinderwagen-Fu\u00dfsack (Kinder ab 6 bis 36 Monate), medizinisches Fell, in grau, blau, schwarz, rot, braun, rosa - Markt-XXL\",\"isPartOf\":{\"@id\":\"https:\\\/\\\/marktxxl.de\\\/markt\\\/#website\"},\"primaryImageOfPage\":{\"@id\":\"https:\\\/\\\/marktxxl.de\\\/markt\\\/produkt\\\/werner-christ-baby-lammfell-fusssack-arosa-warme-buggy-kinderwagen-fusssack-kinder-ab-6-bis-36-monate-medizinisches-fell-in-grau-blau-schwarz-rot-braun-rosa\\\/#primaryimage\"},\"image\":{\"@id\":\"https:\\\/\\\/marktxxl.de\\\/markt\\\/produkt\\\/werner-christ-baby-lammfell-fusssack-arosa-warme-buggy-kinderwagen-fusssack-kinder-ab-6-bis-36-monate-medizinisches-fell-in-grau-blau-schwarz-rot-braun-rosa\\\/#primaryimage\"},\"thumbnailUrl\":\"https:\\\/\\\/m.media-amazon.com\\\/images\\\/I\\\/214vZELuF0L._SL500_.jpg\",\"datePublished\":\"2024-05-28T23:02:30+00:00\",\"description\":\"Markt-XXL WERNER CHRIST BABY, Lammfell-Fu\u00dfsack AROSA \u2013 warme Buggy, Kinderwagen-Fu\u00dfsack (Kinder ab 6 bis 36 Monate), medizinisches Fell, in grau, blau, schwarz, rot, braun, rosa\",\"breadcrumb\":{\"@id\":\"https:\\\/\\\/marktxxl.de\\\/markt\\\/produkt\\\/werner-christ-baby-lammfell-fusssack-arosa-warme-buggy-kinderwagen-fusssack-kinder-ab-6-bis-36-monate-medizinisches-fell-in-grau-blau-schwarz-rot-braun-rosa\\\/#breadcrumb\"},\"inLanguage\":\"de\",\"potentialAction\":[{\"@type\":\"ReadAction\",\"target\":[\"https:\\\/\\\/marktxxl.de\\\/markt\\\/produkt\\\/werner-christ-baby-lammfell-fusssack-arosa-warme-buggy-kinderwagen-fusssack-kinder-ab-6-bis-36-monate-medizinisches-fell-in-grau-blau-schwarz-rot-braun-rosa\\\/\"]}]},{\"@type\":\"ImageObject\",\"inLanguage\":\"de\",\"@id\":\"https:\\\/\\\/marktxxl.de\\\/markt\\\/produkt\\\/werner-christ-baby-lammfell-fusssack-arosa-warme-buggy-kinderwagen-fusssack-kinder-ab-6-bis-36-monate-medizinisches-fell-in-grau-blau-schwarz-rot-braun-rosa\\\/#primaryimage\",\"url\":\"https:\\\/\\\/m.media-amazon.com\\\/images\\\/I\\\/214vZELuF0L._SL500_.jpg\",\"contentUrl\":\"https:\\\/\\\/m.media-amazon.com\\\/images\\\/I\\\/214vZELuF0L._SL500_.jpg\",\"width\":500,\"height\":500},{\"@type\":\"BreadcrumbList\",\"@id\":\"https:\\\/\\\/marktxxl.de\\\/markt\\\/produkt\\\/werner-christ-baby-lammfell-fusssack-arosa-warme-buggy-kinderwagen-fusssack-kinder-ab-6-bis-36-monate-medizinisches-fell-in-grau-blau-schwarz-rot-braun-rosa\\\/#breadcrumb\",\"itemListElement\":[{\"@type\":\"ListItem\",\"position\":1,\"name\":\"Startseite\",\"item\":\"https:\\\/\\\/marktxxl.de\\\/markt\\\/\"},{\"@type\":\"ListItem\",\"position\":2,\"name\":\"Markt\",\"item\":\"https:\\\/\\\/marktxxl.de\\\/markt\\\/\"},{\"@type\":\"ListItem\",\"position\":3,\"name\":\"WERNER CHRIST BABY, Lammfell-Fu\u00dfsack AROSA \u2013 warme Buggy, Kinderwagen-Fu\u00dfsack (Kinder ab 6 bis 36 Monate), medizinisches Fell, in grau, blau, schwarz, rot, braun, rosa\"}]},{\"@type\":\"WebSite\",\"@id\":\"https:\\\/\\\/marktxxl.de\\\/markt\\\/#website\",\"url\":\"https:\\\/\\\/marktxxl.de\\\/markt\\\/\",\"name\":\"Markt-XXL\",\"description\":\"Ihr Markt Online\",\"publisher\":{\"@id\":\"https:\\\/\\\/marktxxl.de\\\/markt\\\/#organization\"},\"potentialAction\":[{\"@type\":\"SearchAction\",\"target\":{\"@type\":\"EntryPoint\",\"urlTemplate\":\"https:\\\/\\\/marktxxl.de\\\/markt\\\/?s={search_term_string}\"},\"query-input\":{\"@type\":\"PropertyValueSpecification\",\"valueRequired\":true,\"valueName\":\"search_term_string\"}}],\"inLanguage\":\"de\"},{\"@type\":\"Organization\",\"@id\":\"https:\\\/\\\/marktxxl.de\\\/markt\\\/#organization\",\"name\":\"Markt-XXL\",\"url\":\"https:\\\/\\\/marktxxl.de\\\/markt\\\/\",\"logo\":{\"@type\":\"ImageObject\",\"inLanguage\":\"de\",\"@id\":\"https:\\\/\\\/marktxxl.de\\\/markt\\\/#\\\/schema\\\/logo\\\/image\\\/\",\"url\":\"https:\\\/\\\/marktxxl.de\\\/markt\\\/wp-content\\\/uploads\\\/sites\\\/3\\\/2020\\\/12\\\/logo.png\",\"contentUrl\":\"https:\\\/\\\/marktxxl.de\\\/markt\\\/wp-content\\\/uploads\\\/sites\\\/3\\\/2020\\\/12\\\/logo.png\",\"width\":200,\"height\":70,\"caption\":\"Markt-XXL\"},\"image\":{\"@id\":\"https:\\\/\\\/marktxxl.de\\\/markt\\\/#\\\/schema\\\/logo\\\/image\\\/\"}}]}<\/script>\n<!-- \/ Yoast SEO plugin. -->","yoast_head_json":{"title":"WERNER CHRIST BABY, Lammfell-Fu\u00dfsack AROSA \u2013 warme Buggy, Kinderwagen-Fu\u00dfsack (Kinder ab 6 bis 36 Monate), medizinisches Fell, in grau, blau, schwarz, rot, braun, rosa - Markt-XXL","description":"Markt-XXL WERNER CHRIST BABY, Lammfell-Fu\u00dfsack AROSA \u2013 warme Buggy, Kinderwagen-Fu\u00dfsack (Kinder ab 6 bis 36 Monate), medizinisches Fell, in grau, blau, schwarz, rot, braun, rosa","robots":{"index":"index","follow":"follow","max-snippet":"max-snippet:-1","max-image-preview":"max-image-preview:large","max-video-preview":"max-video-preview:-1"},"canonical":"https:\/\/marktxxl.de\/markt\/produkt\/werner-christ-baby-lammfell-fusssack-arosa-warme-buggy-kinderwagen-fusssack-kinder-ab-6-bis-36-monate-medizinisches-fell-in-grau-blau-schwarz-rot-braun-rosa\/","og_locale":"de_DE","og_type":"article","og_title":"WERNER CHRIST BABY, Lammfell-Fu\u00dfsack AROSA \u2013 warme Buggy, Kinderwagen-Fu\u00dfsack (Kinder ab 6 bis 36 Monate), medizinisches Fell, in grau, blau, schwarz, rot, braun, rosa - Markt-XXL","og_description":"Markt-XXL WERNER CHRIST BABY, Lammfell-Fu\u00dfsack AROSA \u2013 warme Buggy, Kinderwagen-Fu\u00dfsack (Kinder ab 6 bis 36 Monate), medizinisches Fell, in grau, blau, schwarz, rot, braun, rosa","og_url":"https:\/\/marktxxl.de\/markt\/produkt\/werner-christ-baby-lammfell-fusssack-arosa-warme-buggy-kinderwagen-fusssack-kinder-ab-6-bis-36-monate-medizinisches-fell-in-grau-blau-schwarz-rot-braun-rosa\/","og_site_name":"Markt-XXL","twitter_card":"summary_large_image","twitter_misc":{"Gesch\u00e4tzte Lesezeit":"1\u00a0Minute"},"schema":{"@context":"https:\/\/schema.org","@graph":[{"@type":"WebPage","@id":"https:\/\/marktxxl.de\/markt\/produkt\/werner-christ-baby-lammfell-fusssack-arosa-warme-buggy-kinderwagen-fusssack-kinder-ab-6-bis-36-monate-medizinisches-fell-in-grau-blau-schwarz-rot-braun-rosa\/","url":"https:\/\/marktxxl.de\/markt\/produkt\/werner-christ-baby-lammfell-fusssack-arosa-warme-buggy-kinderwagen-fusssack-kinder-ab-6-bis-36-monate-medizinisches-fell-in-grau-blau-schwarz-rot-braun-rosa\/","name":"WERNER CHRIST BABY, Lammfell-Fu\u00dfsack AROSA \u2013 warme Buggy, Kinderwagen-Fu\u00dfsack (Kinder ab 6 bis 36 Monate), medizinisches Fell, in grau, blau, schwarz, rot, braun, rosa - Markt-XXL","isPartOf":{"@id":"https:\/\/marktxxl.de\/markt\/#website"},"primaryImageOfPage":{"@id":"https:\/\/marktxxl.de\/markt\/produkt\/werner-christ-baby-lammfell-fusssack-arosa-warme-buggy-kinderwagen-fusssack-kinder-ab-6-bis-36-monate-medizinisches-fell-in-grau-blau-schwarz-rot-braun-rosa\/#primaryimage"},"image":{"@id":"https:\/\/marktxxl.de\/markt\/produkt\/werner-christ-baby-lammfell-fusssack-arosa-warme-buggy-kinderwagen-fusssack-kinder-ab-6-bis-36-monate-medizinisches-fell-in-grau-blau-schwarz-rot-braun-rosa\/#primaryimage"},"thumbnailUrl":"https:\/\/m.media-amazon.com\/images\/I\/214vZELuF0L._SL500_.jpg","datePublished":"2024-05-28T23:02:30+00:00","description":"Markt-XXL WERNER CHRIST BABY, Lammfell-Fu\u00dfsack AROSA \u2013 warme Buggy, Kinderwagen-Fu\u00dfsack (Kinder ab 6 bis 36 Monate), medizinisches Fell, in grau, blau, schwarz, rot, braun, rosa","breadcrumb":{"@id":"https:\/\/marktxxl.de\/markt\/produkt\/werner-christ-baby-lammfell-fusssack-arosa-warme-buggy-kinderwagen-fusssack-kinder-ab-6-bis-36-monate-medizinisches-fell-in-grau-blau-schwarz-rot-braun-rosa\/#breadcrumb"},"inLanguage":"de","potentialAction":[{"@type":"ReadAction","target":["https:\/\/marktxxl.de\/markt\/produkt\/werner-christ-baby-lammfell-fusssack-arosa-warme-buggy-kinderwagen-fusssack-kinder-ab-6-bis-36-monate-medizinisches-fell-in-grau-blau-schwarz-rot-braun-rosa\/"]}]},{"@type":"ImageObject","inLanguage":"de","@id":"https:\/\/marktxxl.de\/markt\/produkt\/werner-christ-baby-lammfell-fusssack-arosa-warme-buggy-kinderwagen-fusssack-kinder-ab-6-bis-36-monate-medizinisches-fell-in-grau-blau-schwarz-rot-braun-rosa\/#primaryimage","url":"https:\/\/m.media-amazon.com\/images\/I\/214vZELuF0L._SL500_.jpg","contentUrl":"https:\/\/m.media-amazon.com\/images\/I\/214vZELuF0L._SL500_.jpg","width":500,"height":500},{"@type":"BreadcrumbList","@id":"https:\/\/marktxxl.de\/markt\/produkt\/werner-christ-baby-lammfell-fusssack-arosa-warme-buggy-kinderwagen-fusssack-kinder-ab-6-bis-36-monate-medizinisches-fell-in-grau-blau-schwarz-rot-braun-rosa\/#breadcrumb","itemListElement":[{"@type":"ListItem","position":1,"name":"Startseite","item":"https:\/\/marktxxl.de\/markt\/"},{"@type":"ListItem","position":2,"name":"Markt","item":"https:\/\/marktxxl.de\/markt\/"},{"@type":"ListItem","position":3,"name":"WERNER CHRIST BABY, Lammfell-Fu\u00dfsack AROSA \u2013 warme Buggy, Kinderwagen-Fu\u00dfsack (Kinder ab 6 bis 36 Monate), medizinisches Fell, in grau, blau, schwarz, rot, braun, rosa"}]},{"@type":"WebSite","@id":"https:\/\/marktxxl.de\/markt\/#website","url":"https:\/\/marktxxl.de\/markt\/","name":"Markt-XXL","description":"Ihr Markt Online","publisher":{"@id":"https:\/\/marktxxl.de\/markt\/#organization"},"potentialAction":[{"@type":"SearchAction","target":{"@type":"EntryPoint","urlTemplate":"https:\/\/marktxxl.de\/markt\/?s={search_term_string}"},"query-input":{"@type":"PropertyValueSpecification","valueRequired":true,"valueName":"search_term_string"}}],"inLanguage":"de"},{"@type":"Organization","@id":"https:\/\/marktxxl.de\/markt\/#organization","name":"Markt-XXL","url":"https:\/\/marktxxl.de\/markt\/","logo":{"@type":"ImageObject","inLanguage":"de","@id":"https:\/\/marktxxl.de\/markt\/#\/schema\/logo\/image\/","url":"https:\/\/marktxxl.de\/markt\/wp-content\/uploads\/sites\/3\/2020\/12\/logo.png","contentUrl":"https:\/\/marktxxl.de\/markt\/wp-content\/uploads\/sites\/3\/2020\/12\/logo.png","width":200,"height":70,"caption":"Markt-XXL"},"image":{"@id":"https:\/\/marktxxl.de\/markt\/#\/schema\/logo\/image\/"}}]}},"_links":{"self":[{"href":"https:\/\/marktxxl.de\/markt\/wp-json\/wp\/v2\/product\/206511","targetHints":{"allow":["GET"]}}],"collection":[{"href":"https:\/\/marktxxl.de\/markt\/wp-json\/wp\/v2\/product"}],"about":[{"href":"https:\/\/marktxxl.de\/markt\/wp-json\/wp\/v2\/types\/product"}],"replies":[{"embeddable":true,"href":"https:\/\/marktxxl.de\/markt\/wp-json\/wp\/v2\/comments?post=206511"}],"wp:featuredmedia":[{"embeddable":true,"href":"https:\/\/marktxxl.de\/markt\/wp-json\/wp\/v2\/media\/206512"}],"wp:attachment":[{"href":"https:\/\/marktxxl.de\/markt\/wp-json\/wp\/v2\/media?parent=206511"}],"wp:term":[{"taxonomy":"product_brand","embeddable":true,"href":"https:\/\/marktxxl.de\/markt\/wp-json\/wp\/v2\/product_brand?post=206511"},{"taxonomy":"product_cat","embeddable":true,"href":"https:\/\/marktxxl.de\/markt\/wp-json\/wp\/v2\/product_cat?post=206511"},{"taxonomy":"product_tag","embeddable":true,"href":"https:\/\/marktxxl.de\/markt\/wp-json\/wp\/v2\/product_tag?post=206511"}],"curies":[{"name":"wp","href":"https:\/\/api.w.org\/{rel}","templated":true}]}}