{"id":206370,"date":"2024-05-29T00:57:48","date_gmt":"2024-05-28T22:57:48","guid":{"rendered":"https:\/\/marktxxl.de\/markt\/produkt\/ergopouch-baby-tuck-sheet-grey-marle-wieg-laken\/"},"modified":"2024-05-29T00:57:48","modified_gmt":"2024-05-28T22:57:48","slug":"ergopouch-baby-tuck-sheet-grey-marle-wieg-laken","status":"publish","type":"product","link":"https:\/\/marktxxl.de\/markt\/produkt\/ergopouch-baby-tuck-sheet-grey-marle-wieg-laken\/","title":{"rendered":"Ergopouch Baby Tuck sheet Grey Marle- Wieg laken"},"content":{"rendered":"<p>Verstellbare Passform und h\u00e4lt das Baby kuschelig: Das Babytuch ist eine TOG-bewertete, sichere Alternative zu Decken, die ab der Geburt geeignet sind. Entwickelt, um \u00fcber der Oberseite eines Wickeltuchs oder Schlafsacks verwendet zu werden, ist das Baby Tuck Sheet eine fest sitzende Matratzenh\u00fclle, die zus\u00e4tzliche Sicherheit und Komfort f\u00fcr ein Neugeborenes w\u00e4hrend des Schlafes bietet. Jede Seite des Baby-Bettlakens ist Tog-bewertet. Drehen Sie einfach das Laken um, um die W\u00e4rme anzupassen und folgen Sie unserer Bettw\u00e4sche-Temperaturanleitung (im Lieferumfang enthalten) f\u00fcr Hilfe beim Schichten. Die Rei\u00dfverschl\u00fcsse erm\u00f6glichen es Ihnen, zwei Stufen der Festigkeit (Dichtigkeit) anzupassen, um die perfekte Passform f\u00fcr die Gr\u00f6\u00dfe Ihres Babys oder die St\u00e4rke des Schreckreflexes zu finden.<br \/>\nEntwickelt f\u00fcr die Verwendung \u00fcber einem Wickeltuch oder Schlafsack: Das Baby Tuck Sheet wurde streng getestet und als sicher von der f\u00fchrenden unabh\u00e4ngigen Sicherheitsorganisation INPAA zugelassen. Wenn Sie die richtige Gr\u00f6\u00dfe f\u00fcr die L\u00e4nge und Schlafumgebung Ihres Babys verwenden, wird das Baby Tuck Sheet nicht h\u00f6her als in der Mitte der Brust des Babys nach den Richtlinien f\u00fcr den sicheren Schlaf von Red Nose kommen. Aufgrund des Designs des Produkts kann das Babybett nicht von der Matratze gel\u00f6st werden, in der N\u00e4he des Gesichts des Babys hochgezogen werden oder in irgendeiner Weise als lose Bettw\u00e4sche eingestuft werden. Wenn es Ihrem Baby gelingt, seine Beine aus dem Bettlaken zu holen, liegt es einfach flach auf der Matratze.<br \/>\nKontrolliert den Startle-Reflex: Neugeborene, die nicht gerne gewickelt werden, k\u00f6nnen die Festigkeit des Betttuchs beruhigend finden, anstatt mit ihren Armen zu schlafen. Bitte verwenden Sie das Baby Tuck Sheet nicht, sobald Ihr Baby Anzeichen von Umrollen zeigt.<br \/>\nSuper dehnbare und atmungsaktive Naturfasern: Unsere Produkte werden von der Eczema Association of Australasia als hautfreundlich bewertet. Alle Stoffe von ergoPouch sind mit ungiftigen Farbstoffen auf Wasserbasis gef\u00e4rbt und kommen in trendorientierten Drucken und Farben, die zu jedem Kinderzimmer passen. Alle unsere Drucke werden im eigenen Haus entworfen.<br \/>\nBrandgefahr-Klassifizierung nach AS\/NZS 1249:2014: Niedrige Brandgefahr Vorsicht von Hitze und Flamme fernhalten<br \/>\n<div class=\"main-cross-sell\" data-asin=\"B09B6Y9HPN\">\n\n\t<div class=\"WooZone-cross-sell-loader\">\n\t\t<div>\n\t\t\t<div id=\"floatingBarsG\">\n\t\t\t\t<div class=\"blockG\" id=\"rotateG_01\"><\/div>\n\t\t\t\t<div class=\"blockG\" id=\"rotateG_02\"><\/div>\n\t\t\t\t<div class=\"blockG\" id=\"rotateG_03\"><\/div>\n\t\t\t\t<div class=\"blockG\" id=\"rotateG_04\"><\/div>\n\t\t\t\t<div class=\"blockG\" id=\"rotateG_05\"><\/div>\n\t\t\t\t<div class=\"blockG\" id=\"rotateG_06\"><\/div>\n\t\t\t\t<div class=\"blockG\" id=\"rotateG_07\"><\/div>\n\t\t\t\t<div class=\"blockG\" id=\"rotateG_08\"><\/div>\n\t\t\t<\/div>\n\t\t\t<div class=\"WooZone-cross-sell-loader-text\"><\/div>\n\t\t<\/div>\n\t<\/div>\n\n\t\t\n<\/div>\n<div style=\"clear:both;\"><\/div><\/p>\n","protected":false},"excerpt":{"rendered":"<p>Verstellbare Passform und h\u00e4lt das Baby kuschelig: Das Babytuch ist eine TOG-bewertete, sichere Alternative zu Decken, die ab der Geburt geeignet sind. Entwickelt, um \u00fcber der Oberseite eines Wickeltuchs oder Schlafsacks verwendet zu werden, ist das Baby Tuck Sheet eine fest sitzende Matratzenh\u00fclle, die zus\u00e4tzliche Sicherheit und Komfort f\u00fcr ein Neugeborenes w\u00e4hrend des Schlafes bietet. Jede Seite des Baby-Bettlakens ist Tog-bewertet. Drehen Sie einfach das Laken um, um die W\u00e4rme anzupassen und folgen Sie unserer Bettw\u00e4sche-Temperaturanleitung (im Lieferumfang enthalten) f\u00fcr Hilfe beim Schichten. Die Rei\u00dfverschl\u00fcsse erm\u00f6glichen es Ihnen, zwei Stufen der Festigkeit (Dichtigkeit) anzupassen, um die perfekte Passform f\u00fcr die Gr\u00f6\u00dfe Ihres Babys oder die St\u00e4rke des Schreckreflexes zu finden.<br \/>\nEntwickelt f\u00fcr die Verwendung \u00fcber einem Wickeltuch oder Schlafsack: Das Baby Tuck Sheet wurde streng getestet und als sicher von der f\u00fchrenden unabh\u00e4ngigen Sicherheitsorganisation INPAA zugelassen. Wenn Sie die richtige Gr\u00f6\u00dfe f\u00fcr die L\u00e4nge und Schlafumgebung Ihres Babys verwenden, wird das Baby Tuck Sheet nicht h\u00f6her als in der Mitte der Brust des Babys nach den Richtlinien f\u00fcr den sicheren Schlaf von Red Nose kommen. Aufgrund des Designs des Produkts kann das Babybett nicht von der Matratze gel\u00f6st werden, in der N\u00e4he des Gesichts des Babys hochgezogen werden oder in irgendeiner Weise als lose Bettw\u00e4sche eingestuft werden. Wenn es Ihrem Baby gelingt, seine Beine aus dem Bettlaken zu holen, liegt es einfach flach auf der Matratze.<br \/>\nKontrolliert den Startle-Reflex: Neugeborene, die nicht gerne gewickelt werden, k\u00f6nnen die Festigkeit des Betttuchs beruhigend finden, anstatt mit ihren Armen zu schlafen. Bitte verwenden Sie das Baby Tuck Sheet nicht, sobald Ihr Baby Anzeichen von Umrollen zeigt.<\/p>\n","protected":false},"featured_media":206371,"comment_status":"open","ping_status":"closed","template":"","meta":[],"product_brand":[],"product_cat":[21,9074],"product_tag":[],"class_list":{"0":"post-206370","1":"product","2":"type-product","3":"status-publish","4":"has-post-thumbnail","6":"product_cat-baby","7":"product_cat-babytragen-baby","8":"pa_binding-haushaltswaren","9":"pa_brand-ergopouch","10":"pa_color-grau-marle","11":"pa_height-0-00399999999592-zoll","12":"pa_length-7-750015484221-zoll","13":"pa_manufacturer-ergopouch","14":"pa_model-epbts-0-2-1-0tbgm21","15":"pa_size-bassinet","16":"pa_weight-0-881849048-pounds","17":"pa_width-6-9750139377674-zoll","19":"first","20":"instock","21":"shipping-taxable","22":"purchasable","23":"product-type-simple","24":"customify-col","25":"product-has-gallery"},"yoast_head":"<!-- This site is optimized with the Yoast SEO plugin v27.3 - https:\/\/yoast.com\/product\/yoast-seo-wordpress\/ -->\n<title>Ergopouch Baby Tuck sheet Grey Marle- Wieg laken - Markt-XXL<\/title>\n<meta name=\"description\" content=\"Markt-XXL Ergopouch Baby Tuck sheet Grey Marle- Wieg laken\" \/>\n<meta name=\"robots\" content=\"index, follow, max-snippet:-1, max-image-preview:large, max-video-preview:-1\" \/>\n<link rel=\"canonical\" href=\"https:\/\/marktxxl.de\/markt\/produkt\/ergopouch-baby-tuck-sheet-grey-marle-wieg-laken\/\" \/>\n<meta property=\"og:locale\" content=\"de_DE\" \/>\n<meta property=\"og:type\" content=\"article\" \/>\n<meta property=\"og:title\" content=\"Ergopouch Baby Tuck sheet Grey Marle- Wieg laken - Markt-XXL\" \/>\n<meta property=\"og:description\" content=\"Markt-XXL Ergopouch Baby Tuck sheet Grey Marle- Wieg laken\" \/>\n<meta property=\"og:url\" content=\"https:\/\/marktxxl.de\/markt\/produkt\/ergopouch-baby-tuck-sheet-grey-marle-wieg-laken\/\" \/>\n<meta property=\"og:site_name\" content=\"Markt-XXL\" \/>\n<meta name=\"twitter:card\" content=\"summary_large_image\" \/>\n<meta name=\"twitter:label1\" content=\"Gesch\u00e4tzte Lesezeit\" \/>\n\t<meta name=\"twitter:data1\" content=\"2\u00a0Minuten\" \/>\n<script type=\"application\/ld+json\" class=\"yoast-schema-graph\">{\"@context\":\"https:\\\/\\\/schema.org\",\"@graph\":[{\"@type\":\"WebPage\",\"@id\":\"https:\\\/\\\/marktxxl.de\\\/markt\\\/produkt\\\/ergopouch-baby-tuck-sheet-grey-marle-wieg-laken\\\/\",\"url\":\"https:\\\/\\\/marktxxl.de\\\/markt\\\/produkt\\\/ergopouch-baby-tuck-sheet-grey-marle-wieg-laken\\\/\",\"name\":\"Ergopouch Baby Tuck sheet Grey Marle- Wieg laken - Markt-XXL\",\"isPartOf\":{\"@id\":\"https:\\\/\\\/marktxxl.de\\\/markt\\\/#website\"},\"primaryImageOfPage\":{\"@id\":\"https:\\\/\\\/marktxxl.de\\\/markt\\\/produkt\\\/ergopouch-baby-tuck-sheet-grey-marle-wieg-laken\\\/#primaryimage\"},\"image\":{\"@id\":\"https:\\\/\\\/marktxxl.de\\\/markt\\\/produkt\\\/ergopouch-baby-tuck-sheet-grey-marle-wieg-laken\\\/#primaryimage\"},\"thumbnailUrl\":\"https:\\\/\\\/m.media-amazon.com\\\/images\\\/I\\\/21lkYN+h7KL._SL500_.jpg\",\"datePublished\":\"2024-05-28T22:57:48+00:00\",\"description\":\"Markt-XXL Ergopouch Baby Tuck sheet Grey Marle- Wieg laken\",\"breadcrumb\":{\"@id\":\"https:\\\/\\\/marktxxl.de\\\/markt\\\/produkt\\\/ergopouch-baby-tuck-sheet-grey-marle-wieg-laken\\\/#breadcrumb\"},\"inLanguage\":\"de\",\"potentialAction\":[{\"@type\":\"ReadAction\",\"target\":[\"https:\\\/\\\/marktxxl.de\\\/markt\\\/produkt\\\/ergopouch-baby-tuck-sheet-grey-marle-wieg-laken\\\/\"]}]},{\"@type\":\"ImageObject\",\"inLanguage\":\"de\",\"@id\":\"https:\\\/\\\/marktxxl.de\\\/markt\\\/produkt\\\/ergopouch-baby-tuck-sheet-grey-marle-wieg-laken\\\/#primaryimage\",\"url\":\"https:\\\/\\\/m.media-amazon.com\\\/images\\\/I\\\/21lkYN+h7KL._SL500_.jpg\",\"contentUrl\":\"https:\\\/\\\/m.media-amazon.com\\\/images\\\/I\\\/21lkYN+h7KL._SL500_.jpg\",\"width\":500,\"height\":500},{\"@type\":\"BreadcrumbList\",\"@id\":\"https:\\\/\\\/marktxxl.de\\\/markt\\\/produkt\\\/ergopouch-baby-tuck-sheet-grey-marle-wieg-laken\\\/#breadcrumb\",\"itemListElement\":[{\"@type\":\"ListItem\",\"position\":1,\"name\":\"Startseite\",\"item\":\"https:\\\/\\\/marktxxl.de\\\/markt\\\/\"},{\"@type\":\"ListItem\",\"position\":2,\"name\":\"Markt\",\"item\":\"https:\\\/\\\/marktxxl.de\\\/markt\\\/\"},{\"@type\":\"ListItem\",\"position\":3,\"name\":\"Ergopouch Baby Tuck sheet Grey Marle- Wieg laken\"}]},{\"@type\":\"WebSite\",\"@id\":\"https:\\\/\\\/marktxxl.de\\\/markt\\\/#website\",\"url\":\"https:\\\/\\\/marktxxl.de\\\/markt\\\/\",\"name\":\"Markt-XXL\",\"description\":\"Ihr Markt Online\",\"publisher\":{\"@id\":\"https:\\\/\\\/marktxxl.de\\\/markt\\\/#organization\"},\"potentialAction\":[{\"@type\":\"SearchAction\",\"target\":{\"@type\":\"EntryPoint\",\"urlTemplate\":\"https:\\\/\\\/marktxxl.de\\\/markt\\\/?s={search_term_string}\"},\"query-input\":{\"@type\":\"PropertyValueSpecification\",\"valueRequired\":true,\"valueName\":\"search_term_string\"}}],\"inLanguage\":\"de\"},{\"@type\":\"Organization\",\"@id\":\"https:\\\/\\\/marktxxl.de\\\/markt\\\/#organization\",\"name\":\"Markt-XXL\",\"url\":\"https:\\\/\\\/marktxxl.de\\\/markt\\\/\",\"logo\":{\"@type\":\"ImageObject\",\"inLanguage\":\"de\",\"@id\":\"https:\\\/\\\/marktxxl.de\\\/markt\\\/#\\\/schema\\\/logo\\\/image\\\/\",\"url\":\"https:\\\/\\\/marktxxl.de\\\/markt\\\/wp-content\\\/uploads\\\/sites\\\/3\\\/2020\\\/12\\\/logo.png\",\"contentUrl\":\"https:\\\/\\\/marktxxl.de\\\/markt\\\/wp-content\\\/uploads\\\/sites\\\/3\\\/2020\\\/12\\\/logo.png\",\"width\":200,\"height\":70,\"caption\":\"Markt-XXL\"},\"image\":{\"@id\":\"https:\\\/\\\/marktxxl.de\\\/markt\\\/#\\\/schema\\\/logo\\\/image\\\/\"}}]}<\/script>\n<!-- \/ Yoast SEO plugin. -->","yoast_head_json":{"title":"Ergopouch Baby Tuck sheet Grey Marle- Wieg laken - Markt-XXL","description":"Markt-XXL Ergopouch Baby Tuck sheet Grey Marle- Wieg laken","robots":{"index":"index","follow":"follow","max-snippet":"max-snippet:-1","max-image-preview":"max-image-preview:large","max-video-preview":"max-video-preview:-1"},"canonical":"https:\/\/marktxxl.de\/markt\/produkt\/ergopouch-baby-tuck-sheet-grey-marle-wieg-laken\/","og_locale":"de_DE","og_type":"article","og_title":"Ergopouch Baby Tuck sheet Grey Marle- Wieg laken - Markt-XXL","og_description":"Markt-XXL Ergopouch Baby Tuck sheet Grey Marle- Wieg laken","og_url":"https:\/\/marktxxl.de\/markt\/produkt\/ergopouch-baby-tuck-sheet-grey-marle-wieg-laken\/","og_site_name":"Markt-XXL","twitter_card":"summary_large_image","twitter_misc":{"Gesch\u00e4tzte Lesezeit":"2\u00a0Minuten"},"schema":{"@context":"https:\/\/schema.org","@graph":[{"@type":"WebPage","@id":"https:\/\/marktxxl.de\/markt\/produkt\/ergopouch-baby-tuck-sheet-grey-marle-wieg-laken\/","url":"https:\/\/marktxxl.de\/markt\/produkt\/ergopouch-baby-tuck-sheet-grey-marle-wieg-laken\/","name":"Ergopouch Baby Tuck sheet Grey Marle- Wieg laken - Markt-XXL","isPartOf":{"@id":"https:\/\/marktxxl.de\/markt\/#website"},"primaryImageOfPage":{"@id":"https:\/\/marktxxl.de\/markt\/produkt\/ergopouch-baby-tuck-sheet-grey-marle-wieg-laken\/#primaryimage"},"image":{"@id":"https:\/\/marktxxl.de\/markt\/produkt\/ergopouch-baby-tuck-sheet-grey-marle-wieg-laken\/#primaryimage"},"thumbnailUrl":"https:\/\/m.media-amazon.com\/images\/I\/21lkYN+h7KL._SL500_.jpg","datePublished":"2024-05-28T22:57:48+00:00","description":"Markt-XXL Ergopouch Baby Tuck sheet Grey Marle- Wieg laken","breadcrumb":{"@id":"https:\/\/marktxxl.de\/markt\/produkt\/ergopouch-baby-tuck-sheet-grey-marle-wieg-laken\/#breadcrumb"},"inLanguage":"de","potentialAction":[{"@type":"ReadAction","target":["https:\/\/marktxxl.de\/markt\/produkt\/ergopouch-baby-tuck-sheet-grey-marle-wieg-laken\/"]}]},{"@type":"ImageObject","inLanguage":"de","@id":"https:\/\/marktxxl.de\/markt\/produkt\/ergopouch-baby-tuck-sheet-grey-marle-wieg-laken\/#primaryimage","url":"https:\/\/m.media-amazon.com\/images\/I\/21lkYN+h7KL._SL500_.jpg","contentUrl":"https:\/\/m.media-amazon.com\/images\/I\/21lkYN+h7KL._SL500_.jpg","width":500,"height":500},{"@type":"BreadcrumbList","@id":"https:\/\/marktxxl.de\/markt\/produkt\/ergopouch-baby-tuck-sheet-grey-marle-wieg-laken\/#breadcrumb","itemListElement":[{"@type":"ListItem","position":1,"name":"Startseite","item":"https:\/\/marktxxl.de\/markt\/"},{"@type":"ListItem","position":2,"name":"Markt","item":"https:\/\/marktxxl.de\/markt\/"},{"@type":"ListItem","position":3,"name":"Ergopouch Baby Tuck sheet Grey Marle- Wieg laken"}]},{"@type":"WebSite","@id":"https:\/\/marktxxl.de\/markt\/#website","url":"https:\/\/marktxxl.de\/markt\/","name":"Markt-XXL","description":"Ihr Markt Online","publisher":{"@id":"https:\/\/marktxxl.de\/markt\/#organization"},"potentialAction":[{"@type":"SearchAction","target":{"@type":"EntryPoint","urlTemplate":"https:\/\/marktxxl.de\/markt\/?s={search_term_string}"},"query-input":{"@type":"PropertyValueSpecification","valueRequired":true,"valueName":"search_term_string"}}],"inLanguage":"de"},{"@type":"Organization","@id":"https:\/\/marktxxl.de\/markt\/#organization","name":"Markt-XXL","url":"https:\/\/marktxxl.de\/markt\/","logo":{"@type":"ImageObject","inLanguage":"de","@id":"https:\/\/marktxxl.de\/markt\/#\/schema\/logo\/image\/","url":"https:\/\/marktxxl.de\/markt\/wp-content\/uploads\/sites\/3\/2020\/12\/logo.png","contentUrl":"https:\/\/marktxxl.de\/markt\/wp-content\/uploads\/sites\/3\/2020\/12\/logo.png","width":200,"height":70,"caption":"Markt-XXL"},"image":{"@id":"https:\/\/marktxxl.de\/markt\/#\/schema\/logo\/image\/"}}]}},"_links":{"self":[{"href":"https:\/\/marktxxl.de\/markt\/wp-json\/wp\/v2\/product\/206370","targetHints":{"allow":["GET"]}}],"collection":[{"href":"https:\/\/marktxxl.de\/markt\/wp-json\/wp\/v2\/product"}],"about":[{"href":"https:\/\/marktxxl.de\/markt\/wp-json\/wp\/v2\/types\/product"}],"replies":[{"embeddable":true,"href":"https:\/\/marktxxl.de\/markt\/wp-json\/wp\/v2\/comments?post=206370"}],"wp:featuredmedia":[{"embeddable":true,"href":"https:\/\/marktxxl.de\/markt\/wp-json\/wp\/v2\/media\/206371"}],"wp:attachment":[{"href":"https:\/\/marktxxl.de\/markt\/wp-json\/wp\/v2\/media?parent=206370"}],"wp:term":[{"taxonomy":"product_brand","embeddable":true,"href":"https:\/\/marktxxl.de\/markt\/wp-json\/wp\/v2\/product_brand?post=206370"},{"taxonomy":"product_cat","embeddable":true,"href":"https:\/\/marktxxl.de\/markt\/wp-json\/wp\/v2\/product_cat?post=206370"},{"taxonomy":"product_tag","embeddable":true,"href":"https:\/\/marktxxl.de\/markt\/wp-json\/wp\/v2\/product_tag?post=206370"}],"curies":[{"name":"wp","href":"https:\/\/api.w.org\/{rel}","templated":true}]}}