{"id":206331,"date":"2024-05-29T00:53:13","date_gmt":"2024-05-28T22:53:13","guid":{"rendered":"https:\/\/marktxxl.de\/markt\/produkt\/nuby-animal-adventures-baby-geschenkset-3-teiliges-andenken-set-geburtsgeschenk-schmusetuch-quietscher-und-rassel-inklusive-geschenkverpackung-geeignet-ab-der-geburt\/"},"modified":"2024-05-29T00:53:13","modified_gmt":"2024-05-28T22:53:13","slug":"nuby-animal-adventures-baby-geschenkset-3-teiliges-andenken-set-geburtsgeschenk-schmusetuch-quietscher-und-rassel-inklusive-geschenkverpackung-geeignet-ab-der-geburt","status":"publish","type":"product","link":"https:\/\/marktxxl.de\/markt\/produkt\/nuby-animal-adventures-baby-geschenkset-3-teiliges-andenken-set-geburtsgeschenk-schmusetuch-quietscher-und-rassel-inklusive-geschenkverpackung-geeignet-ab-der-geburt\/","title":{"rendered":"Nuby &#8211; Animal Adventures Baby Geschenkset &#8211; 3-teiliges Andenken-Set &#8211; Geburtsgeschenk Schmusetuch, Quietscher und Rassel &#8211; Inklusive Geschenkverpackung &#8211; Geeignet ab der Geburt"},"content":{"rendered":"<p>BABY GESCHENKSET: Dein kleiner Entdecker wird von diesem niedlichen Animal Adventures Baby Geschenkset begeistert sein. Dieses flauschige dreiteilige Set ist das perfekte Andenken f\u00fcr dein Kleines.<br \/>\nBABY SPIELZEUG: Dieses Geschenkset f\u00fcr das erste Jahr enth\u00e4lt ein superweiches Schmusetuch, in das dein Kleines herrlich hineinkuscheln kann, ein niedliches Koala-Quietschspielzeug, das dein Kleines stundenlang unterhalten wird, und eine s\u00fc\u00dfe h\u00f6lzerne Ringpapageienrassel, die perfekt ist, wenn dein Kleines Z\u00e4hne bekommt.<br \/>\nGESCHENKVERPACKUNG: Das dreiteilige Geschenkset wird in einer sch\u00f6nen wiederverwendbaren Aufbewahrungsbox geliefert &#8211; ein Geschenk, das Freude bereitet.<br \/>\nFR\u00dcHE ENTWICKLUNG: Das Spielzeug in diesem wundersch\u00f6nen Geschenkset ist dazu konzipiert, dem Baby bei seiner fr\u00fchen Entwicklung zu helfen und sensorisches Spielen zu f\u00f6rdern.<br \/>\nANIMAL ADVENTURES KOLLEKTION: Bei N\u00fbby steht die F\u00fcrsorge f\u00fcr dein Kleines immer im Mittelpunkt! Wir streben danach, frischgebackene Eltern bei jedem Schritt des Weges zu unterst\u00fctzen. Dieses Geschenkset ist Teil unserer gro\u00dfartigen Geschenk-Inspirationskollektion, die in unserem Amazon-Shop erh\u00e4ltlich ist!<br \/>\n<div class=\"main-cross-sell\" data-asin=\"B0BFFCDDY5\">\n\n\t<div class=\"WooZone-cross-sell-loader\">\n\t\t<div>\n\t\t\t<div id=\"floatingBarsG\">\n\t\t\t\t<div class=\"blockG\" id=\"rotateG_01\"><\/div>\n\t\t\t\t<div class=\"blockG\" id=\"rotateG_02\"><\/div>\n\t\t\t\t<div class=\"blockG\" id=\"rotateG_03\"><\/div>\n\t\t\t\t<div class=\"blockG\" id=\"rotateG_04\"><\/div>\n\t\t\t\t<div class=\"blockG\" id=\"rotateG_05\"><\/div>\n\t\t\t\t<div class=\"blockG\" id=\"rotateG_06\"><\/div>\n\t\t\t\t<div class=\"blockG\" id=\"rotateG_07\"><\/div>\n\t\t\t\t<div class=\"blockG\" id=\"rotateG_08\"><\/div>\n\t\t\t<\/div>\n\t\t\t<div class=\"WooZone-cross-sell-loader-text\"><\/div>\n\t\t<\/div>\n\t<\/div>\n\n\t\t\n<\/div>\n<div style=\"clear:both;\"><\/div><\/p>\n","protected":false},"excerpt":{"rendered":"<p>BABY GESCHENKSET: Dein kleiner Entdecker wird von diesem niedlichen Animal Adventures Baby Geschenkset begeistert sein. Dieses flauschige dreiteilige Set ist das perfekte Andenken f\u00fcr dein Kleines.<br \/>\nBABY SPIELZEUG: Dieses Geschenkset f\u00fcr das erste Jahr enth\u00e4lt ein superweiches Schmusetuch, in das dein Kleines herrlich hineinkuscheln kann, ein niedliches Koala-Quietschspielzeug, das dein Kleines stundenlang unterhalten wird, und eine s\u00fc\u00dfe h\u00f6lzerne Ringpapageienrassel, die perfekt ist, wenn dein Kleines Z\u00e4hne bekommt.<br \/>\nGESCHENKVERPACKUNG: Das dreiteilige Geschenkset wird in einer sch\u00f6nen wiederverwendbaren Aufbewahrungsbox geliefert &#8211; ein Geschenk, das Freude bereitet.<\/p>\n","protected":false},"featured_media":206332,"comment_status":"open","ping_status":"closed","template":"","meta":[],"product_brand":[],"product_cat":[21,8879],"product_tag":[],"class_list":{"0":"post-206331","1":"product","2":"type-product","3":"status-publish","4":"has-post-thumbnail","6":"product_cat-baby","7":"product_cat-baby-kleinkindspielzeug-baby","8":"pa_binding-babyartikel","9":"pa_brand-nuby","10":"pa_color-multicolour","11":"pa_height-1-968503935-zoll","12":"pa_length-7-480314953-zoll","13":"pa_manufacturer-nuby-uk","14":"pa_model-52106","15":"pa_size-einheitsgroesse","16":"pa_weight-0-440924524-pounds","17":"pa_width-7-480314953-zoll","19":"first","20":"instock","21":"shipping-taxable","22":"purchasable","23":"product-type-simple","24":"customify-col","25":"product-has-gallery"},"yoast_head":"<!-- This site is optimized with the Yoast SEO plugin v27.3 - https:\/\/yoast.com\/product\/yoast-seo-wordpress\/ -->\n<title>Nuby - Animal Adventures Baby Geschenkset - 3-teiliges Andenken-Set - Geburtsgeschenk Schmusetuch, Quietscher und Rassel - Inklusive Geschenkverpackung - Geeignet ab der Geburt - Markt-XXL<\/title>\n<meta name=\"description\" content=\"Markt-XXL Nuby - Animal Adventures Baby Geschenkset - 3-teiliges Andenken-Set - Geburtsgeschenk Schmusetuch, Quietscher und Rassel - Inklusive Geschenkverpackung - Geeignet ab der Geburt\" \/>\n<meta name=\"robots\" content=\"index, follow, max-snippet:-1, max-image-preview:large, max-video-preview:-1\" \/>\n<link rel=\"canonical\" href=\"https:\/\/marktxxl.de\/markt\/produkt\/nuby-animal-adventures-baby-geschenkset-3-teiliges-andenken-set-geburtsgeschenk-schmusetuch-quietscher-und-rassel-inklusive-geschenkverpackung-geeignet-ab-der-geburt\/\" \/>\n<meta property=\"og:locale\" content=\"de_DE\" \/>\n<meta property=\"og:type\" content=\"article\" \/>\n<meta property=\"og:title\" content=\"Nuby - Animal Adventures Baby Geschenkset - 3-teiliges Andenken-Set - Geburtsgeschenk Schmusetuch, Quietscher und Rassel - Inklusive Geschenkverpackung - Geeignet ab der Geburt - Markt-XXL\" \/>\n<meta property=\"og:description\" content=\"Markt-XXL Nuby - Animal Adventures Baby Geschenkset - 3-teiliges Andenken-Set - Geburtsgeschenk Schmusetuch, Quietscher und Rassel - Inklusive Geschenkverpackung - Geeignet ab der Geburt\" \/>\n<meta property=\"og:url\" content=\"https:\/\/marktxxl.de\/markt\/produkt\/nuby-animal-adventures-baby-geschenkset-3-teiliges-andenken-set-geburtsgeschenk-schmusetuch-quietscher-und-rassel-inklusive-geschenkverpackung-geeignet-ab-der-geburt\/\" \/>\n<meta property=\"og:site_name\" content=\"Markt-XXL\" \/>\n<meta name=\"twitter:card\" content=\"summary_large_image\" \/>\n<meta name=\"twitter:label1\" content=\"Gesch\u00e4tzte Lesezeit\" \/>\n\t<meta name=\"twitter:data1\" content=\"1\u00a0Minute\" \/>\n<script type=\"application\/ld+json\" class=\"yoast-schema-graph\">{\"@context\":\"https:\\\/\\\/schema.org\",\"@graph\":[{\"@type\":\"WebPage\",\"@id\":\"https:\\\/\\\/marktxxl.de\\\/markt\\\/produkt\\\/nuby-animal-adventures-baby-geschenkset-3-teiliges-andenken-set-geburtsgeschenk-schmusetuch-quietscher-und-rassel-inklusive-geschenkverpackung-geeignet-ab-der-geburt\\\/\",\"url\":\"https:\\\/\\\/marktxxl.de\\\/markt\\\/produkt\\\/nuby-animal-adventures-baby-geschenkset-3-teiliges-andenken-set-geburtsgeschenk-schmusetuch-quietscher-und-rassel-inklusive-geschenkverpackung-geeignet-ab-der-geburt\\\/\",\"name\":\"Nuby - Animal Adventures Baby Geschenkset - 3-teiliges Andenken-Set - Geburtsgeschenk Schmusetuch, Quietscher und Rassel - Inklusive Geschenkverpackung - Geeignet ab der Geburt - Markt-XXL\",\"isPartOf\":{\"@id\":\"https:\\\/\\\/marktxxl.de\\\/markt\\\/#website\"},\"primaryImageOfPage\":{\"@id\":\"https:\\\/\\\/marktxxl.de\\\/markt\\\/produkt\\\/nuby-animal-adventures-baby-geschenkset-3-teiliges-andenken-set-geburtsgeschenk-schmusetuch-quietscher-und-rassel-inklusive-geschenkverpackung-geeignet-ab-der-geburt\\\/#primaryimage\"},\"image\":{\"@id\":\"https:\\\/\\\/marktxxl.de\\\/markt\\\/produkt\\\/nuby-animal-adventures-baby-geschenkset-3-teiliges-andenken-set-geburtsgeschenk-schmusetuch-quietscher-und-rassel-inklusive-geschenkverpackung-geeignet-ab-der-geburt\\\/#primaryimage\"},\"thumbnailUrl\":\"https:\\\/\\\/m.media-amazon.com\\\/images\\\/I\\\/31m1a8Pf8zL._SL500_.jpg\",\"datePublished\":\"2024-05-28T22:53:13+00:00\",\"description\":\"Markt-XXL Nuby - Animal Adventures Baby Geschenkset - 3-teiliges Andenken-Set - Geburtsgeschenk Schmusetuch, Quietscher und Rassel - Inklusive Geschenkverpackung - Geeignet ab der Geburt\",\"breadcrumb\":{\"@id\":\"https:\\\/\\\/marktxxl.de\\\/markt\\\/produkt\\\/nuby-animal-adventures-baby-geschenkset-3-teiliges-andenken-set-geburtsgeschenk-schmusetuch-quietscher-und-rassel-inklusive-geschenkverpackung-geeignet-ab-der-geburt\\\/#breadcrumb\"},\"inLanguage\":\"de\",\"potentialAction\":[{\"@type\":\"ReadAction\",\"target\":[\"https:\\\/\\\/marktxxl.de\\\/markt\\\/produkt\\\/nuby-animal-adventures-baby-geschenkset-3-teiliges-andenken-set-geburtsgeschenk-schmusetuch-quietscher-und-rassel-inklusive-geschenkverpackung-geeignet-ab-der-geburt\\\/\"]}]},{\"@type\":\"ImageObject\",\"inLanguage\":\"de\",\"@id\":\"https:\\\/\\\/marktxxl.de\\\/markt\\\/produkt\\\/nuby-animal-adventures-baby-geschenkset-3-teiliges-andenken-set-geburtsgeschenk-schmusetuch-quietscher-und-rassel-inklusive-geschenkverpackung-geeignet-ab-der-geburt\\\/#primaryimage\",\"url\":\"https:\\\/\\\/m.media-amazon.com\\\/images\\\/I\\\/31m1a8Pf8zL._SL500_.jpg\",\"contentUrl\":\"https:\\\/\\\/m.media-amazon.com\\\/images\\\/I\\\/31m1a8Pf8zL._SL500_.jpg\",\"width\":500,\"height\":500},{\"@type\":\"BreadcrumbList\",\"@id\":\"https:\\\/\\\/marktxxl.de\\\/markt\\\/produkt\\\/nuby-animal-adventures-baby-geschenkset-3-teiliges-andenken-set-geburtsgeschenk-schmusetuch-quietscher-und-rassel-inklusive-geschenkverpackung-geeignet-ab-der-geburt\\\/#breadcrumb\",\"itemListElement\":[{\"@type\":\"ListItem\",\"position\":1,\"name\":\"Startseite\",\"item\":\"https:\\\/\\\/marktxxl.de\\\/markt\\\/\"},{\"@type\":\"ListItem\",\"position\":2,\"name\":\"Markt\",\"item\":\"https:\\\/\\\/marktxxl.de\\\/markt\\\/\"},{\"@type\":\"ListItem\",\"position\":3,\"name\":\"Nuby &#8211; Animal Adventures Baby Geschenkset &#8211; 3-teiliges Andenken-Set &#8211; Geburtsgeschenk Schmusetuch, Quietscher und Rassel &#8211; Inklusive Geschenkverpackung &#8211; Geeignet ab der Geburt\"}]},{\"@type\":\"WebSite\",\"@id\":\"https:\\\/\\\/marktxxl.de\\\/markt\\\/#website\",\"url\":\"https:\\\/\\\/marktxxl.de\\\/markt\\\/\",\"name\":\"Markt-XXL\",\"description\":\"Ihr Markt Online\",\"publisher\":{\"@id\":\"https:\\\/\\\/marktxxl.de\\\/markt\\\/#organization\"},\"potentialAction\":[{\"@type\":\"SearchAction\",\"target\":{\"@type\":\"EntryPoint\",\"urlTemplate\":\"https:\\\/\\\/marktxxl.de\\\/markt\\\/?s={search_term_string}\"},\"query-input\":{\"@type\":\"PropertyValueSpecification\",\"valueRequired\":true,\"valueName\":\"search_term_string\"}}],\"inLanguage\":\"de\"},{\"@type\":\"Organization\",\"@id\":\"https:\\\/\\\/marktxxl.de\\\/markt\\\/#organization\",\"name\":\"Markt-XXL\",\"url\":\"https:\\\/\\\/marktxxl.de\\\/markt\\\/\",\"logo\":{\"@type\":\"ImageObject\",\"inLanguage\":\"de\",\"@id\":\"https:\\\/\\\/marktxxl.de\\\/markt\\\/#\\\/schema\\\/logo\\\/image\\\/\",\"url\":\"https:\\\/\\\/marktxxl.de\\\/markt\\\/wp-content\\\/uploads\\\/sites\\\/3\\\/2020\\\/12\\\/logo.png\",\"contentUrl\":\"https:\\\/\\\/marktxxl.de\\\/markt\\\/wp-content\\\/uploads\\\/sites\\\/3\\\/2020\\\/12\\\/logo.png\",\"width\":200,\"height\":70,\"caption\":\"Markt-XXL\"},\"image\":{\"@id\":\"https:\\\/\\\/marktxxl.de\\\/markt\\\/#\\\/schema\\\/logo\\\/image\\\/\"}}]}<\/script>\n<!-- \/ Yoast SEO plugin. -->","yoast_head_json":{"title":"Nuby - Animal Adventures Baby Geschenkset - 3-teiliges Andenken-Set - Geburtsgeschenk Schmusetuch, Quietscher und Rassel - Inklusive Geschenkverpackung - Geeignet ab der Geburt - Markt-XXL","description":"Markt-XXL Nuby - Animal Adventures Baby Geschenkset - 3-teiliges Andenken-Set - Geburtsgeschenk Schmusetuch, Quietscher und Rassel - Inklusive Geschenkverpackung - Geeignet ab der Geburt","robots":{"index":"index","follow":"follow","max-snippet":"max-snippet:-1","max-image-preview":"max-image-preview:large","max-video-preview":"max-video-preview:-1"},"canonical":"https:\/\/marktxxl.de\/markt\/produkt\/nuby-animal-adventures-baby-geschenkset-3-teiliges-andenken-set-geburtsgeschenk-schmusetuch-quietscher-und-rassel-inklusive-geschenkverpackung-geeignet-ab-der-geburt\/","og_locale":"de_DE","og_type":"article","og_title":"Nuby - Animal Adventures Baby Geschenkset - 3-teiliges Andenken-Set - Geburtsgeschenk Schmusetuch, Quietscher und Rassel - Inklusive Geschenkverpackung - Geeignet ab der Geburt - Markt-XXL","og_description":"Markt-XXL Nuby - Animal Adventures Baby Geschenkset - 3-teiliges Andenken-Set - Geburtsgeschenk Schmusetuch, Quietscher und Rassel - Inklusive Geschenkverpackung - Geeignet ab der Geburt","og_url":"https:\/\/marktxxl.de\/markt\/produkt\/nuby-animal-adventures-baby-geschenkset-3-teiliges-andenken-set-geburtsgeschenk-schmusetuch-quietscher-und-rassel-inklusive-geschenkverpackung-geeignet-ab-der-geburt\/","og_site_name":"Markt-XXL","twitter_card":"summary_large_image","twitter_misc":{"Gesch\u00e4tzte Lesezeit":"1\u00a0Minute"},"schema":{"@context":"https:\/\/schema.org","@graph":[{"@type":"WebPage","@id":"https:\/\/marktxxl.de\/markt\/produkt\/nuby-animal-adventures-baby-geschenkset-3-teiliges-andenken-set-geburtsgeschenk-schmusetuch-quietscher-und-rassel-inklusive-geschenkverpackung-geeignet-ab-der-geburt\/","url":"https:\/\/marktxxl.de\/markt\/produkt\/nuby-animal-adventures-baby-geschenkset-3-teiliges-andenken-set-geburtsgeschenk-schmusetuch-quietscher-und-rassel-inklusive-geschenkverpackung-geeignet-ab-der-geburt\/","name":"Nuby - Animal Adventures Baby Geschenkset - 3-teiliges Andenken-Set - Geburtsgeschenk Schmusetuch, Quietscher und Rassel - Inklusive Geschenkverpackung - Geeignet ab der Geburt - Markt-XXL","isPartOf":{"@id":"https:\/\/marktxxl.de\/markt\/#website"},"primaryImageOfPage":{"@id":"https:\/\/marktxxl.de\/markt\/produkt\/nuby-animal-adventures-baby-geschenkset-3-teiliges-andenken-set-geburtsgeschenk-schmusetuch-quietscher-und-rassel-inklusive-geschenkverpackung-geeignet-ab-der-geburt\/#primaryimage"},"image":{"@id":"https:\/\/marktxxl.de\/markt\/produkt\/nuby-animal-adventures-baby-geschenkset-3-teiliges-andenken-set-geburtsgeschenk-schmusetuch-quietscher-und-rassel-inklusive-geschenkverpackung-geeignet-ab-der-geburt\/#primaryimage"},"thumbnailUrl":"https:\/\/m.media-amazon.com\/images\/I\/31m1a8Pf8zL._SL500_.jpg","datePublished":"2024-05-28T22:53:13+00:00","description":"Markt-XXL Nuby - Animal Adventures Baby Geschenkset - 3-teiliges Andenken-Set - Geburtsgeschenk Schmusetuch, Quietscher und Rassel - Inklusive Geschenkverpackung - Geeignet ab der Geburt","breadcrumb":{"@id":"https:\/\/marktxxl.de\/markt\/produkt\/nuby-animal-adventures-baby-geschenkset-3-teiliges-andenken-set-geburtsgeschenk-schmusetuch-quietscher-und-rassel-inklusive-geschenkverpackung-geeignet-ab-der-geburt\/#breadcrumb"},"inLanguage":"de","potentialAction":[{"@type":"ReadAction","target":["https:\/\/marktxxl.de\/markt\/produkt\/nuby-animal-adventures-baby-geschenkset-3-teiliges-andenken-set-geburtsgeschenk-schmusetuch-quietscher-und-rassel-inklusive-geschenkverpackung-geeignet-ab-der-geburt\/"]}]},{"@type":"ImageObject","inLanguage":"de","@id":"https:\/\/marktxxl.de\/markt\/produkt\/nuby-animal-adventures-baby-geschenkset-3-teiliges-andenken-set-geburtsgeschenk-schmusetuch-quietscher-und-rassel-inklusive-geschenkverpackung-geeignet-ab-der-geburt\/#primaryimage","url":"https:\/\/m.media-amazon.com\/images\/I\/31m1a8Pf8zL._SL500_.jpg","contentUrl":"https:\/\/m.media-amazon.com\/images\/I\/31m1a8Pf8zL._SL500_.jpg","width":500,"height":500},{"@type":"BreadcrumbList","@id":"https:\/\/marktxxl.de\/markt\/produkt\/nuby-animal-adventures-baby-geschenkset-3-teiliges-andenken-set-geburtsgeschenk-schmusetuch-quietscher-und-rassel-inklusive-geschenkverpackung-geeignet-ab-der-geburt\/#breadcrumb","itemListElement":[{"@type":"ListItem","position":1,"name":"Startseite","item":"https:\/\/marktxxl.de\/markt\/"},{"@type":"ListItem","position":2,"name":"Markt","item":"https:\/\/marktxxl.de\/markt\/"},{"@type":"ListItem","position":3,"name":"Nuby &#8211; Animal Adventures Baby Geschenkset &#8211; 3-teiliges Andenken-Set &#8211; Geburtsgeschenk Schmusetuch, Quietscher und Rassel &#8211; Inklusive Geschenkverpackung &#8211; Geeignet ab der Geburt"}]},{"@type":"WebSite","@id":"https:\/\/marktxxl.de\/markt\/#website","url":"https:\/\/marktxxl.de\/markt\/","name":"Markt-XXL","description":"Ihr Markt Online","publisher":{"@id":"https:\/\/marktxxl.de\/markt\/#organization"},"potentialAction":[{"@type":"SearchAction","target":{"@type":"EntryPoint","urlTemplate":"https:\/\/marktxxl.de\/markt\/?s={search_term_string}"},"query-input":{"@type":"PropertyValueSpecification","valueRequired":true,"valueName":"search_term_string"}}],"inLanguage":"de"},{"@type":"Organization","@id":"https:\/\/marktxxl.de\/markt\/#organization","name":"Markt-XXL","url":"https:\/\/marktxxl.de\/markt\/","logo":{"@type":"ImageObject","inLanguage":"de","@id":"https:\/\/marktxxl.de\/markt\/#\/schema\/logo\/image\/","url":"https:\/\/marktxxl.de\/markt\/wp-content\/uploads\/sites\/3\/2020\/12\/logo.png","contentUrl":"https:\/\/marktxxl.de\/markt\/wp-content\/uploads\/sites\/3\/2020\/12\/logo.png","width":200,"height":70,"caption":"Markt-XXL"},"image":{"@id":"https:\/\/marktxxl.de\/markt\/#\/schema\/logo\/image\/"}}]}},"_links":{"self":[{"href":"https:\/\/marktxxl.de\/markt\/wp-json\/wp\/v2\/product\/206331","targetHints":{"allow":["GET"]}}],"collection":[{"href":"https:\/\/marktxxl.de\/markt\/wp-json\/wp\/v2\/product"}],"about":[{"href":"https:\/\/marktxxl.de\/markt\/wp-json\/wp\/v2\/types\/product"}],"replies":[{"embeddable":true,"href":"https:\/\/marktxxl.de\/markt\/wp-json\/wp\/v2\/comments?post=206331"}],"wp:featuredmedia":[{"embeddable":true,"href":"https:\/\/marktxxl.de\/markt\/wp-json\/wp\/v2\/media\/206332"}],"wp:attachment":[{"href":"https:\/\/marktxxl.de\/markt\/wp-json\/wp\/v2\/media?parent=206331"}],"wp:term":[{"taxonomy":"product_brand","embeddable":true,"href":"https:\/\/marktxxl.de\/markt\/wp-json\/wp\/v2\/product_brand?post=206331"},{"taxonomy":"product_cat","embeddable":true,"href":"https:\/\/marktxxl.de\/markt\/wp-json\/wp\/v2\/product_cat?post=206331"},{"taxonomy":"product_tag","embeddable":true,"href":"https:\/\/marktxxl.de\/markt\/wp-json\/wp\/v2\/product_tag?post=206331"}],"curies":[{"name":"wp","href":"https:\/\/api.w.org\/{rel}","templated":true}]}}