{"id":206243,"date":"2024-05-29T00:48:02","date_gmt":"2024-05-28T22:48:02","guid":{"rendered":"https:\/\/marktxxl.de\/markt\/produkt\/lego-duplo-marvel-spider-mans-house-10995-spiderman-spielzeug-fuer-kleinkinder-jungen-maedchen-spidey-und-seine-erstaunlichen-freunde-superhelden-set\/"},"modified":"2024-05-29T00:48:02","modified_gmt":"2024-05-28T22:48:02","slug":"lego-duplo-marvel-spider-mans-house-10995-spiderman-spielzeug-fuer-kleinkinder-jungen-maedchen-spidey-und-seine-erstaunlichen-freunde-superhelden-set","status":"publish","type":"product","link":"https:\/\/marktxxl.de\/markt\/produkt\/lego-duplo-marvel-spider-mans-house-10995-spiderman-spielzeug-fuer-kleinkinder-jungen-maedchen-spidey-und-seine-erstaunlichen-freunde-superhelden-set\/","title":{"rendered":"LEGO DUPLO Marvel Spider-Man&#8217;s House 10995 &#8211; Spiderman Spielzeug f\u00fcr Kleinkinder, Jungen, M\u00e4dchen, Spidey und seine erstaunlichen Freunde Superhelden-Set"},"content":{"rendered":"<p>Dieses LEGO DUPLO Spielzeug f\u00fcr Kleinkinder ab 2 Jahren bringt die Action aus der Disney+ TV-Show Spidey und seine erstaunlichen Freunde in kleine Superhelden-H\u00e4nde<br \/>\nDas Spider-Man Bauspielzeug verf\u00fcgt \u00fcber ein baubares Haus aus DUPLO-Steinen sowie Spider-Man, Ghost-Spider und Bootsie die Katzenfiguren<br \/>\nDas Zubeh\u00f6r in diesem Spider-Man-Lernspielzeug f\u00fcr Kleinkinder umfasst eine wachsende Pflanze, eine Gie\u00dfkanne und ein Netzelement, um Szenen aus der Show nachzubilden<br \/>\nPeter Parkers erkennbares blaues Haus steckt voller lustiger Funktionen wie eine sich \u00f6ffnende T\u00fcr und Fenster, perfekt f\u00fcr neugierige Finger zum Erkunden<br \/>\nMit diesem Superhelden-Set k\u00f6nnen Kleinkinder das Netz am Laternenpfahl befestigen und die Spider-Man DUPLO-Figuren um ihn herumschwingen lassen<br \/>\nEnth\u00e4lt Bildanleitungen sowie digitale Anweisungen in der LEGO Builder-App, um kleine Kinder zu einem gro\u00dfartigen Start auf ihre LEGO Reise zu bringen<br \/>\n\u00dcberraschen Sie Kleinkinder ab 2 Jahren mit diesem Spidey und seinen erstaunlichen Freunden Bauspielzeug als Geburtstagsgeschenk, das jederzeit fantasievolles Spielen inspiriert<br \/>\n<div class=\"main-cross-sell\" data-asin=\"B0BBSG16QR\">\n\n\t<div class=\"WooZone-cross-sell-loader\">\n\t\t<div>\n\t\t\t<div id=\"floatingBarsG\">\n\t\t\t\t<div class=\"blockG\" id=\"rotateG_01\"><\/div>\n\t\t\t\t<div class=\"blockG\" id=\"rotateG_02\"><\/div>\n\t\t\t\t<div class=\"blockG\" id=\"rotateG_03\"><\/div>\n\t\t\t\t<div class=\"blockG\" id=\"rotateG_04\"><\/div>\n\t\t\t\t<div class=\"blockG\" id=\"rotateG_05\"><\/div>\n\t\t\t\t<div class=\"blockG\" id=\"rotateG_06\"><\/div>\n\t\t\t\t<div class=\"blockG\" id=\"rotateG_07\"><\/div>\n\t\t\t\t<div class=\"blockG\" id=\"rotateG_08\"><\/div>\n\t\t\t<\/div>\n\t\t\t<div class=\"WooZone-cross-sell-loader-text\"><\/div>\n\t\t<\/div>\n\t<\/div>\n\n\t\t\n<\/div>\n<div style=\"clear:both;\"><\/div><\/p>\n","protected":false},"excerpt":{"rendered":"<p>Dieses LEGO DUPLO Spielzeug f\u00fcr Kleinkinder ab 2 Jahren bringt die Action aus der Disney+ TV-Show Spidey und seine erstaunlichen Freunde in kleine Superhelden-H\u00e4nde<br \/>\nDas Spider-Man Bauspielzeug verf\u00fcgt \u00fcber ein baubares Haus aus DUPLO-Steinen sowie Spider-Man, Ghost-Spider und Bootsie die Katzenfiguren<br \/>\nDas Zubeh\u00f6r in diesem Spider-Man-Lernspielzeug f\u00fcr Kleinkinder umfasst eine wachsende Pflanze, eine Gie\u00dfkanne und ein Netzelement, um Szenen aus der Show nachzubilden<\/p>\n","protected":false},"featured_media":206244,"comment_status":"open","ping_status":"closed","template":"","meta":[],"product_brand":[],"product_cat":[21,8879],"product_tag":[],"class_list":{"0":"post-206243","1":"product","2":"type-product","3":"status-publish","4":"has-post-thumbnail","6":"product_cat-baby","7":"product_cat-baby-kleinkindspielzeug-baby","8":"pa_binding-spielzeug","9":"pa_brand-lego","10":"pa_color-blau","11":"pa_height-2-992-zoll","12":"pa_length-8-74-zoll","13":"pa_manufacturer-lego","14":"pa_model-52095","15":"pa_weight-0-7936641432-pfund","16":"pa_width-10-315-zoll","18":"first","19":"instock","20":"shipping-taxable","21":"purchasable","22":"product-type-simple","23":"customify-col","24":"product-has-gallery"},"yoast_head":"<!-- This site is optimized with the Yoast SEO plugin v27.4 - https:\/\/yoast.com\/product\/yoast-seo-wordpress\/ -->\n<title>LEGO DUPLO Marvel Spider-Man&#039;s House 10995 - Spiderman Spielzeug f\u00fcr Kleinkinder, Jungen, M\u00e4dchen, Spidey und seine erstaunlichen Freunde Superhelden-Set - Markt-XXL<\/title>\n<meta name=\"description\" content=\"Markt-XXL LEGO DUPLO Marvel Spider-Man&#039;s House 10995 - Spiderman Spielzeug f\u00fcr Kleinkinder, Jungen, M\u00e4dchen, Spidey und seine erstaunlichen Freunde Superhelden-Set\" \/>\n<meta name=\"robots\" content=\"index, follow, max-snippet:-1, max-image-preview:large, max-video-preview:-1\" \/>\n<link rel=\"canonical\" href=\"https:\/\/marktxxl.de\/markt\/produkt\/lego-duplo-marvel-spider-mans-house-10995-spiderman-spielzeug-fuer-kleinkinder-jungen-maedchen-spidey-und-seine-erstaunlichen-freunde-superhelden-set\/\" \/>\n<meta property=\"og:locale\" content=\"de_DE\" \/>\n<meta property=\"og:type\" content=\"article\" \/>\n<meta property=\"og:title\" content=\"LEGO DUPLO Marvel Spider-Man&#039;s House 10995 - Spiderman Spielzeug f\u00fcr Kleinkinder, Jungen, M\u00e4dchen, Spidey und seine erstaunlichen Freunde Superhelden-Set - Markt-XXL\" \/>\n<meta property=\"og:description\" content=\"Markt-XXL LEGO DUPLO Marvel Spider-Man&#039;s House 10995 - Spiderman Spielzeug f\u00fcr Kleinkinder, Jungen, M\u00e4dchen, Spidey und seine erstaunlichen Freunde Superhelden-Set\" \/>\n<meta property=\"og:url\" content=\"https:\/\/marktxxl.de\/markt\/produkt\/lego-duplo-marvel-spider-mans-house-10995-spiderman-spielzeug-fuer-kleinkinder-jungen-maedchen-spidey-und-seine-erstaunlichen-freunde-superhelden-set\/\" \/>\n<meta property=\"og:site_name\" content=\"Markt-XXL\" \/>\n<meta name=\"twitter:card\" content=\"summary_large_image\" \/>\n<meta name=\"twitter:label1\" content=\"Gesch\u00e4tzte Lesezeit\" \/>\n\t<meta name=\"twitter:data1\" content=\"1\u00a0Minute\" \/>\n<script type=\"application\/ld+json\" class=\"yoast-schema-graph\">{\"@context\":\"https:\\\/\\\/schema.org\",\"@graph\":[{\"@type\":\"WebPage\",\"@id\":\"https:\\\/\\\/marktxxl.de\\\/markt\\\/produkt\\\/lego-duplo-marvel-spider-mans-house-10995-spiderman-spielzeug-fuer-kleinkinder-jungen-maedchen-spidey-und-seine-erstaunlichen-freunde-superhelden-set\\\/\",\"url\":\"https:\\\/\\\/marktxxl.de\\\/markt\\\/produkt\\\/lego-duplo-marvel-spider-mans-house-10995-spiderman-spielzeug-fuer-kleinkinder-jungen-maedchen-spidey-und-seine-erstaunlichen-freunde-superhelden-set\\\/\",\"name\":\"LEGO DUPLO Marvel Spider-Man's House 10995 - Spiderman Spielzeug f\u00fcr Kleinkinder, Jungen, M\u00e4dchen, Spidey und seine erstaunlichen Freunde Superhelden-Set - Markt-XXL\",\"isPartOf\":{\"@id\":\"https:\\\/\\\/marktxxl.de\\\/markt\\\/#website\"},\"primaryImageOfPage\":{\"@id\":\"https:\\\/\\\/marktxxl.de\\\/markt\\\/produkt\\\/lego-duplo-marvel-spider-mans-house-10995-spiderman-spielzeug-fuer-kleinkinder-jungen-maedchen-spidey-und-seine-erstaunlichen-freunde-superhelden-set\\\/#primaryimage\"},\"image\":{\"@id\":\"https:\\\/\\\/marktxxl.de\\\/markt\\\/produkt\\\/lego-duplo-marvel-spider-mans-house-10995-spiderman-spielzeug-fuer-kleinkinder-jungen-maedchen-spidey-und-seine-erstaunlichen-freunde-superhelden-set\\\/#primaryimage\"},\"thumbnailUrl\":\"https:\\\/\\\/m.media-amazon.com\\\/images\\\/I\\\/51VOQi-v+jL._SL500_.jpg\",\"datePublished\":\"2024-05-28T22:48:02+00:00\",\"description\":\"Markt-XXL LEGO DUPLO Marvel Spider-Man's House 10995 - Spiderman Spielzeug f\u00fcr Kleinkinder, Jungen, M\u00e4dchen, Spidey und seine erstaunlichen Freunde Superhelden-Set\",\"breadcrumb\":{\"@id\":\"https:\\\/\\\/marktxxl.de\\\/markt\\\/produkt\\\/lego-duplo-marvel-spider-mans-house-10995-spiderman-spielzeug-fuer-kleinkinder-jungen-maedchen-spidey-und-seine-erstaunlichen-freunde-superhelden-set\\\/#breadcrumb\"},\"inLanguage\":\"de\",\"potentialAction\":[{\"@type\":\"ReadAction\",\"target\":[\"https:\\\/\\\/marktxxl.de\\\/markt\\\/produkt\\\/lego-duplo-marvel-spider-mans-house-10995-spiderman-spielzeug-fuer-kleinkinder-jungen-maedchen-spidey-und-seine-erstaunlichen-freunde-superhelden-set\\\/\"]}]},{\"@type\":\"ImageObject\",\"inLanguage\":\"de\",\"@id\":\"https:\\\/\\\/marktxxl.de\\\/markt\\\/produkt\\\/lego-duplo-marvel-spider-mans-house-10995-spiderman-spielzeug-fuer-kleinkinder-jungen-maedchen-spidey-und-seine-erstaunlichen-freunde-superhelden-set\\\/#primaryimage\",\"url\":\"https:\\\/\\\/m.media-amazon.com\\\/images\\\/I\\\/51VOQi-v+jL._SL500_.jpg\",\"contentUrl\":\"https:\\\/\\\/m.media-amazon.com\\\/images\\\/I\\\/51VOQi-v+jL._SL500_.jpg\",\"width\":500,\"height\":500},{\"@type\":\"BreadcrumbList\",\"@id\":\"https:\\\/\\\/marktxxl.de\\\/markt\\\/produkt\\\/lego-duplo-marvel-spider-mans-house-10995-spiderman-spielzeug-fuer-kleinkinder-jungen-maedchen-spidey-und-seine-erstaunlichen-freunde-superhelden-set\\\/#breadcrumb\",\"itemListElement\":[{\"@type\":\"ListItem\",\"position\":1,\"name\":\"Startseite\",\"item\":\"https:\\\/\\\/marktxxl.de\\\/markt\\\/\"},{\"@type\":\"ListItem\",\"position\":2,\"name\":\"Markt\",\"item\":\"https:\\\/\\\/marktxxl.de\\\/markt\\\/\"},{\"@type\":\"ListItem\",\"position\":3,\"name\":\"LEGO DUPLO Marvel Spider-Man&#8217;s House 10995 &#8211; Spiderman Spielzeug f\u00fcr Kleinkinder, Jungen, M\u00e4dchen, Spidey und seine erstaunlichen Freunde Superhelden-Set\"}]},{\"@type\":\"WebSite\",\"@id\":\"https:\\\/\\\/marktxxl.de\\\/markt\\\/#website\",\"url\":\"https:\\\/\\\/marktxxl.de\\\/markt\\\/\",\"name\":\"Markt-XXL\",\"description\":\"Ihr Markt Online\",\"publisher\":{\"@id\":\"https:\\\/\\\/marktxxl.de\\\/markt\\\/#organization\"},\"potentialAction\":[{\"@type\":\"SearchAction\",\"target\":{\"@type\":\"EntryPoint\",\"urlTemplate\":\"https:\\\/\\\/marktxxl.de\\\/markt\\\/?s={search_term_string}\"},\"query-input\":{\"@type\":\"PropertyValueSpecification\",\"valueRequired\":true,\"valueName\":\"search_term_string\"}}],\"inLanguage\":\"de\"},{\"@type\":\"Organization\",\"@id\":\"https:\\\/\\\/marktxxl.de\\\/markt\\\/#organization\",\"name\":\"Markt-XXL\",\"url\":\"https:\\\/\\\/marktxxl.de\\\/markt\\\/\",\"logo\":{\"@type\":\"ImageObject\",\"inLanguage\":\"de\",\"@id\":\"https:\\\/\\\/marktxxl.de\\\/markt\\\/#\\\/schema\\\/logo\\\/image\\\/\",\"url\":\"https:\\\/\\\/marktxxl.de\\\/markt\\\/wp-content\\\/uploads\\\/sites\\\/3\\\/2020\\\/12\\\/logo.png\",\"contentUrl\":\"https:\\\/\\\/marktxxl.de\\\/markt\\\/wp-content\\\/uploads\\\/sites\\\/3\\\/2020\\\/12\\\/logo.png\",\"width\":200,\"height\":70,\"caption\":\"Markt-XXL\"},\"image\":{\"@id\":\"https:\\\/\\\/marktxxl.de\\\/markt\\\/#\\\/schema\\\/logo\\\/image\\\/\"}}]}<\/script>\n<!-- \/ Yoast SEO plugin. -->","yoast_head_json":{"title":"LEGO DUPLO Marvel Spider-Man's House 10995 - Spiderman Spielzeug f\u00fcr Kleinkinder, Jungen, M\u00e4dchen, Spidey und seine erstaunlichen Freunde Superhelden-Set - Markt-XXL","description":"Markt-XXL LEGO DUPLO Marvel Spider-Man's House 10995 - Spiderman Spielzeug f\u00fcr Kleinkinder, Jungen, M\u00e4dchen, Spidey und seine erstaunlichen Freunde Superhelden-Set","robots":{"index":"index","follow":"follow","max-snippet":"max-snippet:-1","max-image-preview":"max-image-preview:large","max-video-preview":"max-video-preview:-1"},"canonical":"https:\/\/marktxxl.de\/markt\/produkt\/lego-duplo-marvel-spider-mans-house-10995-spiderman-spielzeug-fuer-kleinkinder-jungen-maedchen-spidey-und-seine-erstaunlichen-freunde-superhelden-set\/","og_locale":"de_DE","og_type":"article","og_title":"LEGO DUPLO Marvel Spider-Man's House 10995 - Spiderman Spielzeug f\u00fcr Kleinkinder, Jungen, M\u00e4dchen, Spidey und seine erstaunlichen Freunde Superhelden-Set - Markt-XXL","og_description":"Markt-XXL LEGO DUPLO Marvel Spider-Man's House 10995 - Spiderman Spielzeug f\u00fcr Kleinkinder, Jungen, M\u00e4dchen, Spidey und seine erstaunlichen Freunde Superhelden-Set","og_url":"https:\/\/marktxxl.de\/markt\/produkt\/lego-duplo-marvel-spider-mans-house-10995-spiderman-spielzeug-fuer-kleinkinder-jungen-maedchen-spidey-und-seine-erstaunlichen-freunde-superhelden-set\/","og_site_name":"Markt-XXL","twitter_card":"summary_large_image","twitter_misc":{"Gesch\u00e4tzte Lesezeit":"1\u00a0Minute"},"schema":{"@context":"https:\/\/schema.org","@graph":[{"@type":"WebPage","@id":"https:\/\/marktxxl.de\/markt\/produkt\/lego-duplo-marvel-spider-mans-house-10995-spiderman-spielzeug-fuer-kleinkinder-jungen-maedchen-spidey-und-seine-erstaunlichen-freunde-superhelden-set\/","url":"https:\/\/marktxxl.de\/markt\/produkt\/lego-duplo-marvel-spider-mans-house-10995-spiderman-spielzeug-fuer-kleinkinder-jungen-maedchen-spidey-und-seine-erstaunlichen-freunde-superhelden-set\/","name":"LEGO DUPLO Marvel Spider-Man's House 10995 - Spiderman Spielzeug f\u00fcr Kleinkinder, Jungen, M\u00e4dchen, Spidey und seine erstaunlichen Freunde Superhelden-Set - Markt-XXL","isPartOf":{"@id":"https:\/\/marktxxl.de\/markt\/#website"},"primaryImageOfPage":{"@id":"https:\/\/marktxxl.de\/markt\/produkt\/lego-duplo-marvel-spider-mans-house-10995-spiderman-spielzeug-fuer-kleinkinder-jungen-maedchen-spidey-und-seine-erstaunlichen-freunde-superhelden-set\/#primaryimage"},"image":{"@id":"https:\/\/marktxxl.de\/markt\/produkt\/lego-duplo-marvel-spider-mans-house-10995-spiderman-spielzeug-fuer-kleinkinder-jungen-maedchen-spidey-und-seine-erstaunlichen-freunde-superhelden-set\/#primaryimage"},"thumbnailUrl":"https:\/\/m.media-amazon.com\/images\/I\/51VOQi-v+jL._SL500_.jpg","datePublished":"2024-05-28T22:48:02+00:00","description":"Markt-XXL LEGO DUPLO Marvel Spider-Man's House 10995 - Spiderman Spielzeug f\u00fcr Kleinkinder, Jungen, M\u00e4dchen, Spidey und seine erstaunlichen Freunde Superhelden-Set","breadcrumb":{"@id":"https:\/\/marktxxl.de\/markt\/produkt\/lego-duplo-marvel-spider-mans-house-10995-spiderman-spielzeug-fuer-kleinkinder-jungen-maedchen-spidey-und-seine-erstaunlichen-freunde-superhelden-set\/#breadcrumb"},"inLanguage":"de","potentialAction":[{"@type":"ReadAction","target":["https:\/\/marktxxl.de\/markt\/produkt\/lego-duplo-marvel-spider-mans-house-10995-spiderman-spielzeug-fuer-kleinkinder-jungen-maedchen-spidey-und-seine-erstaunlichen-freunde-superhelden-set\/"]}]},{"@type":"ImageObject","inLanguage":"de","@id":"https:\/\/marktxxl.de\/markt\/produkt\/lego-duplo-marvel-spider-mans-house-10995-spiderman-spielzeug-fuer-kleinkinder-jungen-maedchen-spidey-und-seine-erstaunlichen-freunde-superhelden-set\/#primaryimage","url":"https:\/\/m.media-amazon.com\/images\/I\/51VOQi-v+jL._SL500_.jpg","contentUrl":"https:\/\/m.media-amazon.com\/images\/I\/51VOQi-v+jL._SL500_.jpg","width":500,"height":500},{"@type":"BreadcrumbList","@id":"https:\/\/marktxxl.de\/markt\/produkt\/lego-duplo-marvel-spider-mans-house-10995-spiderman-spielzeug-fuer-kleinkinder-jungen-maedchen-spidey-und-seine-erstaunlichen-freunde-superhelden-set\/#breadcrumb","itemListElement":[{"@type":"ListItem","position":1,"name":"Startseite","item":"https:\/\/marktxxl.de\/markt\/"},{"@type":"ListItem","position":2,"name":"Markt","item":"https:\/\/marktxxl.de\/markt\/"},{"@type":"ListItem","position":3,"name":"LEGO DUPLO Marvel Spider-Man&#8217;s House 10995 &#8211; Spiderman Spielzeug f\u00fcr Kleinkinder, Jungen, M\u00e4dchen, Spidey und seine erstaunlichen Freunde Superhelden-Set"}]},{"@type":"WebSite","@id":"https:\/\/marktxxl.de\/markt\/#website","url":"https:\/\/marktxxl.de\/markt\/","name":"Markt-XXL","description":"Ihr Markt Online","publisher":{"@id":"https:\/\/marktxxl.de\/markt\/#organization"},"potentialAction":[{"@type":"SearchAction","target":{"@type":"EntryPoint","urlTemplate":"https:\/\/marktxxl.de\/markt\/?s={search_term_string}"},"query-input":{"@type":"PropertyValueSpecification","valueRequired":true,"valueName":"search_term_string"}}],"inLanguage":"de"},{"@type":"Organization","@id":"https:\/\/marktxxl.de\/markt\/#organization","name":"Markt-XXL","url":"https:\/\/marktxxl.de\/markt\/","logo":{"@type":"ImageObject","inLanguage":"de","@id":"https:\/\/marktxxl.de\/markt\/#\/schema\/logo\/image\/","url":"https:\/\/marktxxl.de\/markt\/wp-content\/uploads\/sites\/3\/2020\/12\/logo.png","contentUrl":"https:\/\/marktxxl.de\/markt\/wp-content\/uploads\/sites\/3\/2020\/12\/logo.png","width":200,"height":70,"caption":"Markt-XXL"},"image":{"@id":"https:\/\/marktxxl.de\/markt\/#\/schema\/logo\/image\/"}}]}},"_links":{"self":[{"href":"https:\/\/marktxxl.de\/markt\/wp-json\/wp\/v2\/product\/206243","targetHints":{"allow":["GET"]}}],"collection":[{"href":"https:\/\/marktxxl.de\/markt\/wp-json\/wp\/v2\/product"}],"about":[{"href":"https:\/\/marktxxl.de\/markt\/wp-json\/wp\/v2\/types\/product"}],"replies":[{"embeddable":true,"href":"https:\/\/marktxxl.de\/markt\/wp-json\/wp\/v2\/comments?post=206243"}],"wp:featuredmedia":[{"embeddable":true,"href":"https:\/\/marktxxl.de\/markt\/wp-json\/wp\/v2\/media\/206244"}],"wp:attachment":[{"href":"https:\/\/marktxxl.de\/markt\/wp-json\/wp\/v2\/media?parent=206243"}],"wp:term":[{"taxonomy":"product_brand","embeddable":true,"href":"https:\/\/marktxxl.de\/markt\/wp-json\/wp\/v2\/product_brand?post=206243"},{"taxonomy":"product_cat","embeddable":true,"href":"https:\/\/marktxxl.de\/markt\/wp-json\/wp\/v2\/product_cat?post=206243"},{"taxonomy":"product_tag","embeddable":true,"href":"https:\/\/marktxxl.de\/markt\/wp-json\/wp\/v2\/product_tag?post=206243"}],"curies":[{"name":"wp","href":"https:\/\/api.w.org\/{rel}","templated":true}]}}