{"id":206192,"date":"2024-05-29T00:47:19","date_gmt":"2024-05-28T22:47:19","guid":{"rendered":"https:\/\/marktxxl.de\/markt\/produkt\/boba-babytrage-classic-carrier-babytragetasche-im-rucksack-stil-tragen-sie-ihr-kind-auf-dem-bauch-wie-auch-auf-dem-ruecken-fuer-babies-ab-3kg-bis-zu-kleinkindern-bis-20kg\/"},"modified":"2024-05-29T00:47:19","modified_gmt":"2024-05-28T22:47:19","slug":"boba-babytrage-classic-carrier-babytragetasche-im-rucksack-stil-tragen-sie-ihr-kind-auf-dem-bauch-wie-auch-auf-dem-ruecken-fuer-babies-ab-3kg-bis-zu-kleinkindern-bis-20kg","status":"publish","type":"product","link":"https:\/\/marktxxl.de\/markt\/produkt\/boba-babytrage-classic-carrier-babytragetasche-im-rucksack-stil-tragen-sie-ihr-kind-auf-dem-bauch-wie-auch-auf-dem-ruecken-fuer-babies-ab-3kg-bis-zu-kleinkindern-bis-20kg\/","title":{"rendered":"Boba Babytrage Classic Carrier &#8211; Babytragetasche im Rucksack Stil \u2013 Tragen Sie Ihr Kind auf dem Bauch wie auch auf dem R\u00fccken, f\u00fcr Babies ab 3kg bis zu Kleinkindern bis 20kg"},"content":{"rendered":"<p>Von der Geburt bis zum Kleinkindalter: Genie\u00dfen Sie es, Ihr Kind vom ersten Tag an bis zum Kleinkindalter (3-20 kg) in der Boba Classic Baby Tragehilfe zu tragen! Mit dieser Baby Tragetasche k\u00f6nnen Sie die Welt erkunden, w\u00e4hrend Ihr Baby sicher, ruhig und zufrieden auf Ihrer Brust oder Ihrem R\u00fccken kuschelt.<br \/>\nZertifiziert h\u00fcftfreundlich: Die Boba Baby- und Kleinkind Trage hat einen herausnehmbaren S\u00e4uglingseinsatz mit 2 Sitzkonfigurationen (+3\/+4,5 kg), sodass in allen Wachstumsphasen eine gesunde H\u00fcft- und Wirbels\u00e4ulenentwicklung sowie eine ergonomische Positionierung unterst\u00fctzt wird!<br \/>\n100 % Baumwoll-Canvas: Diese Baby R\u00fcckentrage und Brusttrage ist aus weichem und robustem Baumwoll-Canvas gefertigt. Der Stoff ist sanft zur empfindlichen Kinderhaut, leicht zu reinigen und maschinenwaschbar, sodass Sie alle gemeinsamen Momente genie\u00dfen k\u00f6nnen, ohne sich Sorgen zu machen, ob die Trage schmutzig wird.<br \/>\nEinfach sagenhaft praktisch: Der Baby Tragerucksack wurde mit Bedacht auf Tragekomfort sowie eine einfache Nutzung entwickelt und ist so gestaltet, dass sie Ihnen das Elternsein erleichtert. Sie hat eine leicht zug\u00e4ngliche Schnalle f\u00fcr unkompliziertes Stillen, eine Haube, die als Sonnenschutz dient und den Kopf sanft st\u00fctzt, eine herausnehmbare Babyeinlage und mehrere F\u00e4cher zur Verstauung von Kleinigkeiten.<br \/>\nPasst allen Eltern: Die Boba Classic Babytrage wurde entwickelt, um M\u00fcttern und V\u00e4tern verschiedener K\u00f6rpergr\u00f6\u00dfen (1,52 m-1,91 m) und Taillengr\u00f6\u00dfen (63,5 cm-147,32 cm) zu passen. Durch ihre verstellbaren Gurte, k\u00f6nnen Sie die Passform genau an Ihren K\u00f6rper anpassen. Der robuste Taillengurt bietet sicheren Halt und verteilt das Gewicht Ihres Kindes gleichm\u00e4\u00dfig, so dass Sie es m\u00fchelos und lange tragen k\u00f6nnen.<br \/>\n<div class=\"main-cross-sell\" data-asin=\"B0BZ19QXQN\">\n\n\t<div class=\"WooZone-cross-sell-loader\">\n\t\t<div>\n\t\t\t<div id=\"floatingBarsG\">\n\t\t\t\t<div class=\"blockG\" id=\"rotateG_01\"><\/div>\n\t\t\t\t<div class=\"blockG\" id=\"rotateG_02\"><\/div>\n\t\t\t\t<div class=\"blockG\" id=\"rotateG_03\"><\/div>\n\t\t\t\t<div class=\"blockG\" id=\"rotateG_04\"><\/div>\n\t\t\t\t<div class=\"blockG\" id=\"rotateG_05\"><\/div>\n\t\t\t\t<div class=\"blockG\" id=\"rotateG_06\"><\/div>\n\t\t\t\t<div class=\"blockG\" id=\"rotateG_07\"><\/div>\n\t\t\t\t<div class=\"blockG\" id=\"rotateG_08\"><\/div>\n\t\t\t<\/div>\n\t\t\t<div class=\"WooZone-cross-sell-loader-text\"><\/div>\n\t\t<\/div>\n\t<\/div>\n\n\t\t\n<\/div>\n<div style=\"clear:both;\"><\/div><\/p>\n","protected":false},"excerpt":{"rendered":"<p>Von der Geburt bis zum Kleinkindalter: Genie\u00dfen Sie es, Ihr Kind vom ersten Tag an bis zum Kleinkindalter (3-20 kg) in der Boba Classic Baby Tragehilfe zu tragen! Mit dieser Baby Tragetasche k\u00f6nnen Sie die Welt erkunden, w\u00e4hrend Ihr Baby sicher, ruhig und zufrieden auf Ihrer Brust oder Ihrem R\u00fccken kuschelt.<br \/>\nZertifiziert h\u00fcftfreundlich: Die Boba Baby- und Kleinkind Trage hat einen herausnehmbaren S\u00e4uglingseinsatz mit 2 Sitzkonfigurationen (+3\/+4,5 kg), sodass in allen Wachstumsphasen eine gesunde H\u00fcft- und Wirbels\u00e4ulenentwicklung sowie eine ergonomische Positionierung unterst\u00fctzt wird!<br \/>\n100 % Baumwoll-Canvas: Diese Baby R\u00fcckentrage und Brusttrage ist aus weichem und robustem Baumwoll-Canvas gefertigt. Der Stoff ist sanft zur empfindlichen Kinderhaut, leicht zu reinigen und maschinenwaschbar, sodass Sie alle gemeinsamen Momente genie\u00dfen k\u00f6nnen, ohne sich Sorgen zu machen, ob die Trage schmutzig wird.<\/p>\n","protected":false},"featured_media":206193,"comment_status":"open","ping_status":"closed","template":"","meta":[],"product_brand":[],"product_cat":[21,9074],"product_tag":[],"class_list":{"0":"post-206192","1":"product","2":"type-product","3":"status-publish","4":"has-post-thumbnail","6":"product_cat-baby","7":"product_cat-babytragen-baby","8":"pa_binding-babyartikel","9":"pa_brand-boba","10":"pa_height-8-9763779436-zoll","11":"pa_length-12-992125971-zoll","12":"pa_manufacturer-boba","13":"pa_width-4-9999999949-zoll","15":"first","16":"instock","17":"shipping-taxable","18":"product-type-simple","19":"customify-col","20":"product-has-gallery"},"yoast_head":"<!-- This site is optimized with the Yoast SEO plugin v27.3 - https:\/\/yoast.com\/product\/yoast-seo-wordpress\/ -->\n<title>Boba Babytrage Classic Carrier - Babytragetasche im Rucksack Stil \u2013 Tragen Sie Ihr Kind auf dem Bauch wie auch auf dem R\u00fccken, f\u00fcr Babies ab 3kg bis zu Kleinkindern bis 20kg - Markt-XXL<\/title>\n<meta name=\"description\" content=\"Markt-XXL Boba Babytrage Classic Carrier - Babytragetasche im Rucksack Stil \u2013 Tragen Sie Ihr Kind auf dem Bauch wie auch auf dem R\u00fccken, f\u00fcr Babies ab 3kg bis zu Kleinkindern bis 20kg\" \/>\n<meta name=\"robots\" content=\"index, follow, max-snippet:-1, max-image-preview:large, max-video-preview:-1\" \/>\n<link rel=\"canonical\" href=\"https:\/\/marktxxl.de\/markt\/produkt\/boba-babytrage-classic-carrier-babytragetasche-im-rucksack-stil-tragen-sie-ihr-kind-auf-dem-bauch-wie-auch-auf-dem-ruecken-fuer-babies-ab-3kg-bis-zu-kleinkindern-bis-20kg\/\" \/>\n<meta property=\"og:locale\" content=\"de_DE\" \/>\n<meta property=\"og:type\" content=\"article\" \/>\n<meta property=\"og:title\" content=\"Boba Babytrage Classic Carrier - Babytragetasche im Rucksack Stil \u2013 Tragen Sie Ihr Kind auf dem Bauch wie auch auf dem R\u00fccken, f\u00fcr Babies ab 3kg bis zu Kleinkindern bis 20kg - Markt-XXL\" \/>\n<meta property=\"og:description\" content=\"Markt-XXL Boba Babytrage Classic Carrier - Babytragetasche im Rucksack Stil \u2013 Tragen Sie Ihr Kind auf dem Bauch wie auch auf dem R\u00fccken, f\u00fcr Babies ab 3kg bis zu Kleinkindern bis 20kg\" \/>\n<meta property=\"og:url\" content=\"https:\/\/marktxxl.de\/markt\/produkt\/boba-babytrage-classic-carrier-babytragetasche-im-rucksack-stil-tragen-sie-ihr-kind-auf-dem-bauch-wie-auch-auf-dem-ruecken-fuer-babies-ab-3kg-bis-zu-kleinkindern-bis-20kg\/\" \/>\n<meta property=\"og:site_name\" content=\"Markt-XXL\" \/>\n<meta name=\"twitter:card\" content=\"summary_large_image\" \/>\n<meta name=\"twitter:label1\" content=\"Gesch\u00e4tzte Lesezeit\" \/>\n\t<meta name=\"twitter:data1\" content=\"1\u00a0Minute\" \/>\n<script type=\"application\/ld+json\" class=\"yoast-schema-graph\">{\"@context\":\"https:\\\/\\\/schema.org\",\"@graph\":[{\"@type\":\"WebPage\",\"@id\":\"https:\\\/\\\/marktxxl.de\\\/markt\\\/produkt\\\/boba-babytrage-classic-carrier-babytragetasche-im-rucksack-stil-tragen-sie-ihr-kind-auf-dem-bauch-wie-auch-auf-dem-ruecken-fuer-babies-ab-3kg-bis-zu-kleinkindern-bis-20kg\\\/\",\"url\":\"https:\\\/\\\/marktxxl.de\\\/markt\\\/produkt\\\/boba-babytrage-classic-carrier-babytragetasche-im-rucksack-stil-tragen-sie-ihr-kind-auf-dem-bauch-wie-auch-auf-dem-ruecken-fuer-babies-ab-3kg-bis-zu-kleinkindern-bis-20kg\\\/\",\"name\":\"Boba Babytrage Classic Carrier - Babytragetasche im Rucksack Stil \u2013 Tragen Sie Ihr Kind auf dem Bauch wie auch auf dem R\u00fccken, f\u00fcr Babies ab 3kg bis zu Kleinkindern bis 20kg - Markt-XXL\",\"isPartOf\":{\"@id\":\"https:\\\/\\\/marktxxl.de\\\/markt\\\/#website\"},\"primaryImageOfPage\":{\"@id\":\"https:\\\/\\\/marktxxl.de\\\/markt\\\/produkt\\\/boba-babytrage-classic-carrier-babytragetasche-im-rucksack-stil-tragen-sie-ihr-kind-auf-dem-bauch-wie-auch-auf-dem-ruecken-fuer-babies-ab-3kg-bis-zu-kleinkindern-bis-20kg\\\/#primaryimage\"},\"image\":{\"@id\":\"https:\\\/\\\/marktxxl.de\\\/markt\\\/produkt\\\/boba-babytrage-classic-carrier-babytragetasche-im-rucksack-stil-tragen-sie-ihr-kind-auf-dem-bauch-wie-auch-auf-dem-ruecken-fuer-babies-ab-3kg-bis-zu-kleinkindern-bis-20kg\\\/#primaryimage\"},\"thumbnailUrl\":\"https:\\\/\\\/m.media-amazon.com\\\/images\\\/I\\\/41z9PzM3NiL._SL500_.jpg\",\"datePublished\":\"2024-05-28T22:47:19+00:00\",\"description\":\"Markt-XXL Boba Babytrage Classic Carrier - Babytragetasche im Rucksack Stil \u2013 Tragen Sie Ihr Kind auf dem Bauch wie auch auf dem R\u00fccken, f\u00fcr Babies ab 3kg bis zu Kleinkindern bis 20kg\",\"breadcrumb\":{\"@id\":\"https:\\\/\\\/marktxxl.de\\\/markt\\\/produkt\\\/boba-babytrage-classic-carrier-babytragetasche-im-rucksack-stil-tragen-sie-ihr-kind-auf-dem-bauch-wie-auch-auf-dem-ruecken-fuer-babies-ab-3kg-bis-zu-kleinkindern-bis-20kg\\\/#breadcrumb\"},\"inLanguage\":\"de\",\"potentialAction\":[{\"@type\":\"ReadAction\",\"target\":[\"https:\\\/\\\/marktxxl.de\\\/markt\\\/produkt\\\/boba-babytrage-classic-carrier-babytragetasche-im-rucksack-stil-tragen-sie-ihr-kind-auf-dem-bauch-wie-auch-auf-dem-ruecken-fuer-babies-ab-3kg-bis-zu-kleinkindern-bis-20kg\\\/\"]}]},{\"@type\":\"ImageObject\",\"inLanguage\":\"de\",\"@id\":\"https:\\\/\\\/marktxxl.de\\\/markt\\\/produkt\\\/boba-babytrage-classic-carrier-babytragetasche-im-rucksack-stil-tragen-sie-ihr-kind-auf-dem-bauch-wie-auch-auf-dem-ruecken-fuer-babies-ab-3kg-bis-zu-kleinkindern-bis-20kg\\\/#primaryimage\",\"url\":\"https:\\\/\\\/m.media-amazon.com\\\/images\\\/I\\\/41z9PzM3NiL._SL500_.jpg\",\"contentUrl\":\"https:\\\/\\\/m.media-amazon.com\\\/images\\\/I\\\/41z9PzM3NiL._SL500_.jpg\",\"width\":500,\"height\":500},{\"@type\":\"BreadcrumbList\",\"@id\":\"https:\\\/\\\/marktxxl.de\\\/markt\\\/produkt\\\/boba-babytrage-classic-carrier-babytragetasche-im-rucksack-stil-tragen-sie-ihr-kind-auf-dem-bauch-wie-auch-auf-dem-ruecken-fuer-babies-ab-3kg-bis-zu-kleinkindern-bis-20kg\\\/#breadcrumb\",\"itemListElement\":[{\"@type\":\"ListItem\",\"position\":1,\"name\":\"Startseite\",\"item\":\"https:\\\/\\\/marktxxl.de\\\/markt\\\/\"},{\"@type\":\"ListItem\",\"position\":2,\"name\":\"Markt\",\"item\":\"https:\\\/\\\/marktxxl.de\\\/markt\\\/\"},{\"@type\":\"ListItem\",\"position\":3,\"name\":\"Boba Babytrage Classic Carrier &#8211; Babytragetasche im Rucksack Stil \u2013 Tragen Sie Ihr Kind auf dem Bauch wie auch auf dem R\u00fccken, f\u00fcr Babies ab 3kg bis zu Kleinkindern bis 20kg\"}]},{\"@type\":\"WebSite\",\"@id\":\"https:\\\/\\\/marktxxl.de\\\/markt\\\/#website\",\"url\":\"https:\\\/\\\/marktxxl.de\\\/markt\\\/\",\"name\":\"Markt-XXL\",\"description\":\"Ihr Markt Online\",\"publisher\":{\"@id\":\"https:\\\/\\\/marktxxl.de\\\/markt\\\/#organization\"},\"potentialAction\":[{\"@type\":\"SearchAction\",\"target\":{\"@type\":\"EntryPoint\",\"urlTemplate\":\"https:\\\/\\\/marktxxl.de\\\/markt\\\/?s={search_term_string}\"},\"query-input\":{\"@type\":\"PropertyValueSpecification\",\"valueRequired\":true,\"valueName\":\"search_term_string\"}}],\"inLanguage\":\"de\"},{\"@type\":\"Organization\",\"@id\":\"https:\\\/\\\/marktxxl.de\\\/markt\\\/#organization\",\"name\":\"Markt-XXL\",\"url\":\"https:\\\/\\\/marktxxl.de\\\/markt\\\/\",\"logo\":{\"@type\":\"ImageObject\",\"inLanguage\":\"de\",\"@id\":\"https:\\\/\\\/marktxxl.de\\\/markt\\\/#\\\/schema\\\/logo\\\/image\\\/\",\"url\":\"https:\\\/\\\/marktxxl.de\\\/markt\\\/wp-content\\\/uploads\\\/sites\\\/3\\\/2020\\\/12\\\/logo.png\",\"contentUrl\":\"https:\\\/\\\/marktxxl.de\\\/markt\\\/wp-content\\\/uploads\\\/sites\\\/3\\\/2020\\\/12\\\/logo.png\",\"width\":200,\"height\":70,\"caption\":\"Markt-XXL\"},\"image\":{\"@id\":\"https:\\\/\\\/marktxxl.de\\\/markt\\\/#\\\/schema\\\/logo\\\/image\\\/\"}}]}<\/script>\n<!-- \/ Yoast SEO plugin. -->","yoast_head_json":{"title":"Boba Babytrage Classic Carrier - Babytragetasche im Rucksack Stil \u2013 Tragen Sie Ihr Kind auf dem Bauch wie auch auf dem R\u00fccken, f\u00fcr Babies ab 3kg bis zu Kleinkindern bis 20kg - Markt-XXL","description":"Markt-XXL Boba Babytrage Classic Carrier - Babytragetasche im Rucksack Stil \u2013 Tragen Sie Ihr Kind auf dem Bauch wie auch auf dem R\u00fccken, f\u00fcr Babies ab 3kg bis zu Kleinkindern bis 20kg","robots":{"index":"index","follow":"follow","max-snippet":"max-snippet:-1","max-image-preview":"max-image-preview:large","max-video-preview":"max-video-preview:-1"},"canonical":"https:\/\/marktxxl.de\/markt\/produkt\/boba-babytrage-classic-carrier-babytragetasche-im-rucksack-stil-tragen-sie-ihr-kind-auf-dem-bauch-wie-auch-auf-dem-ruecken-fuer-babies-ab-3kg-bis-zu-kleinkindern-bis-20kg\/","og_locale":"de_DE","og_type":"article","og_title":"Boba Babytrage Classic Carrier - Babytragetasche im Rucksack Stil \u2013 Tragen Sie Ihr Kind auf dem Bauch wie auch auf dem R\u00fccken, f\u00fcr Babies ab 3kg bis zu Kleinkindern bis 20kg - Markt-XXL","og_description":"Markt-XXL Boba Babytrage Classic Carrier - Babytragetasche im Rucksack Stil \u2013 Tragen Sie Ihr Kind auf dem Bauch wie auch auf dem R\u00fccken, f\u00fcr Babies ab 3kg bis zu Kleinkindern bis 20kg","og_url":"https:\/\/marktxxl.de\/markt\/produkt\/boba-babytrage-classic-carrier-babytragetasche-im-rucksack-stil-tragen-sie-ihr-kind-auf-dem-bauch-wie-auch-auf-dem-ruecken-fuer-babies-ab-3kg-bis-zu-kleinkindern-bis-20kg\/","og_site_name":"Markt-XXL","twitter_card":"summary_large_image","twitter_misc":{"Gesch\u00e4tzte Lesezeit":"1\u00a0Minute"},"schema":{"@context":"https:\/\/schema.org","@graph":[{"@type":"WebPage","@id":"https:\/\/marktxxl.de\/markt\/produkt\/boba-babytrage-classic-carrier-babytragetasche-im-rucksack-stil-tragen-sie-ihr-kind-auf-dem-bauch-wie-auch-auf-dem-ruecken-fuer-babies-ab-3kg-bis-zu-kleinkindern-bis-20kg\/","url":"https:\/\/marktxxl.de\/markt\/produkt\/boba-babytrage-classic-carrier-babytragetasche-im-rucksack-stil-tragen-sie-ihr-kind-auf-dem-bauch-wie-auch-auf-dem-ruecken-fuer-babies-ab-3kg-bis-zu-kleinkindern-bis-20kg\/","name":"Boba Babytrage Classic Carrier - Babytragetasche im Rucksack Stil \u2013 Tragen Sie Ihr Kind auf dem Bauch wie auch auf dem R\u00fccken, f\u00fcr Babies ab 3kg bis zu Kleinkindern bis 20kg - Markt-XXL","isPartOf":{"@id":"https:\/\/marktxxl.de\/markt\/#website"},"primaryImageOfPage":{"@id":"https:\/\/marktxxl.de\/markt\/produkt\/boba-babytrage-classic-carrier-babytragetasche-im-rucksack-stil-tragen-sie-ihr-kind-auf-dem-bauch-wie-auch-auf-dem-ruecken-fuer-babies-ab-3kg-bis-zu-kleinkindern-bis-20kg\/#primaryimage"},"image":{"@id":"https:\/\/marktxxl.de\/markt\/produkt\/boba-babytrage-classic-carrier-babytragetasche-im-rucksack-stil-tragen-sie-ihr-kind-auf-dem-bauch-wie-auch-auf-dem-ruecken-fuer-babies-ab-3kg-bis-zu-kleinkindern-bis-20kg\/#primaryimage"},"thumbnailUrl":"https:\/\/m.media-amazon.com\/images\/I\/41z9PzM3NiL._SL500_.jpg","datePublished":"2024-05-28T22:47:19+00:00","description":"Markt-XXL Boba Babytrage Classic Carrier - Babytragetasche im Rucksack Stil \u2013 Tragen Sie Ihr Kind auf dem Bauch wie auch auf dem R\u00fccken, f\u00fcr Babies ab 3kg bis zu Kleinkindern bis 20kg","breadcrumb":{"@id":"https:\/\/marktxxl.de\/markt\/produkt\/boba-babytrage-classic-carrier-babytragetasche-im-rucksack-stil-tragen-sie-ihr-kind-auf-dem-bauch-wie-auch-auf-dem-ruecken-fuer-babies-ab-3kg-bis-zu-kleinkindern-bis-20kg\/#breadcrumb"},"inLanguage":"de","potentialAction":[{"@type":"ReadAction","target":["https:\/\/marktxxl.de\/markt\/produkt\/boba-babytrage-classic-carrier-babytragetasche-im-rucksack-stil-tragen-sie-ihr-kind-auf-dem-bauch-wie-auch-auf-dem-ruecken-fuer-babies-ab-3kg-bis-zu-kleinkindern-bis-20kg\/"]}]},{"@type":"ImageObject","inLanguage":"de","@id":"https:\/\/marktxxl.de\/markt\/produkt\/boba-babytrage-classic-carrier-babytragetasche-im-rucksack-stil-tragen-sie-ihr-kind-auf-dem-bauch-wie-auch-auf-dem-ruecken-fuer-babies-ab-3kg-bis-zu-kleinkindern-bis-20kg\/#primaryimage","url":"https:\/\/m.media-amazon.com\/images\/I\/41z9PzM3NiL._SL500_.jpg","contentUrl":"https:\/\/m.media-amazon.com\/images\/I\/41z9PzM3NiL._SL500_.jpg","width":500,"height":500},{"@type":"BreadcrumbList","@id":"https:\/\/marktxxl.de\/markt\/produkt\/boba-babytrage-classic-carrier-babytragetasche-im-rucksack-stil-tragen-sie-ihr-kind-auf-dem-bauch-wie-auch-auf-dem-ruecken-fuer-babies-ab-3kg-bis-zu-kleinkindern-bis-20kg\/#breadcrumb","itemListElement":[{"@type":"ListItem","position":1,"name":"Startseite","item":"https:\/\/marktxxl.de\/markt\/"},{"@type":"ListItem","position":2,"name":"Markt","item":"https:\/\/marktxxl.de\/markt\/"},{"@type":"ListItem","position":3,"name":"Boba Babytrage Classic Carrier &#8211; Babytragetasche im Rucksack Stil \u2013 Tragen Sie Ihr Kind auf dem Bauch wie auch auf dem R\u00fccken, f\u00fcr Babies ab 3kg bis zu Kleinkindern bis 20kg"}]},{"@type":"WebSite","@id":"https:\/\/marktxxl.de\/markt\/#website","url":"https:\/\/marktxxl.de\/markt\/","name":"Markt-XXL","description":"Ihr Markt Online","publisher":{"@id":"https:\/\/marktxxl.de\/markt\/#organization"},"potentialAction":[{"@type":"SearchAction","target":{"@type":"EntryPoint","urlTemplate":"https:\/\/marktxxl.de\/markt\/?s={search_term_string}"},"query-input":{"@type":"PropertyValueSpecification","valueRequired":true,"valueName":"search_term_string"}}],"inLanguage":"de"},{"@type":"Organization","@id":"https:\/\/marktxxl.de\/markt\/#organization","name":"Markt-XXL","url":"https:\/\/marktxxl.de\/markt\/","logo":{"@type":"ImageObject","inLanguage":"de","@id":"https:\/\/marktxxl.de\/markt\/#\/schema\/logo\/image\/","url":"https:\/\/marktxxl.de\/markt\/wp-content\/uploads\/sites\/3\/2020\/12\/logo.png","contentUrl":"https:\/\/marktxxl.de\/markt\/wp-content\/uploads\/sites\/3\/2020\/12\/logo.png","width":200,"height":70,"caption":"Markt-XXL"},"image":{"@id":"https:\/\/marktxxl.de\/markt\/#\/schema\/logo\/image\/"}}]}},"_links":{"self":[{"href":"https:\/\/marktxxl.de\/markt\/wp-json\/wp\/v2\/product\/206192","targetHints":{"allow":["GET"]}}],"collection":[{"href":"https:\/\/marktxxl.de\/markt\/wp-json\/wp\/v2\/product"}],"about":[{"href":"https:\/\/marktxxl.de\/markt\/wp-json\/wp\/v2\/types\/product"}],"replies":[{"embeddable":true,"href":"https:\/\/marktxxl.de\/markt\/wp-json\/wp\/v2\/comments?post=206192"}],"wp:featuredmedia":[{"embeddable":true,"href":"https:\/\/marktxxl.de\/markt\/wp-json\/wp\/v2\/media\/206193"}],"wp:attachment":[{"href":"https:\/\/marktxxl.de\/markt\/wp-json\/wp\/v2\/media?parent=206192"}],"wp:term":[{"taxonomy":"product_brand","embeddable":true,"href":"https:\/\/marktxxl.de\/markt\/wp-json\/wp\/v2\/product_brand?post=206192"},{"taxonomy":"product_cat","embeddable":true,"href":"https:\/\/marktxxl.de\/markt\/wp-json\/wp\/v2\/product_cat?post=206192"},{"taxonomy":"product_tag","embeddable":true,"href":"https:\/\/marktxxl.de\/markt\/wp-json\/wp\/v2\/product_tag?post=206192"}],"curies":[{"name":"wp","href":"https:\/\/api.w.org\/{rel}","templated":true}]}}