{"id":206184,"date":"2024-05-29T00:44:47","date_gmt":"2024-05-28T22:44:47","guid":{"rendered":"https:\/\/marktxxl.de\/markt\/produkt\/ergobaby-babytrage-bis-20kg-360-trunks-up-4-positionen-baby-tragetasche-kindertrage-rueckentrage-bauchtrage\/"},"modified":"2024-05-29T00:44:47","modified_gmt":"2024-05-28T22:44:47","slug":"ergobaby-babytrage-bis-20kg-360-trunks-up-4-positionen-baby-tragetasche-kindertrage-rueckentrage-bauchtrage","status":"publish","type":"product","link":"https:\/\/marktxxl.de\/markt\/produkt\/ergobaby-babytrage-bis-20kg-360-trunks-up-4-positionen-baby-tragetasche-kindertrage-rueckentrage-bauchtrage\/","title":{"rendered":"Ergobaby Babytrage bis 20kg, 360 Trunks Up 4-Positionen Baby-Tragetasche, Kindertrage R\u00fcckentrage Bauchtrage"},"content":{"rendered":"<p>Ergonomische Babytrage mit vier Tragepositionen: vor dem Bauch, auf dem R\u00fccken, auf der H\u00fcfte und vor dem Bauch in Blickrichtung nach vorne. Die Babytrage ist f\u00fcr Babys und Kleinkinder von 5,5 bis 20 kg geeignet. Mit separat erh\u00e4ltlichem Einsatz auch f\u00fcr Neugeborene ab 3,2 bis 5,5 kg.<br \/>\nNEU &#8211; Der Taillengurt mit Lordosenst\u00fctze kann etwas h\u00f6her oder tiefer getragen werden, um den unteren R\u00fccken zu st\u00fctzen und optimalen Komfort zu bieten und verf\u00fcgt \u00fcber verstellbare, gepolsterte Schultergurte. Die Babytrage ist f\u00fcr M\u00e4nner und Frauen geeignet.<br \/>\nMaximaler Baby Komfort &#8211; Der strukturierte Schalensitz unterst\u00fctzt die korrekte Anhock-Spreiz-Haltung des Babys. Au\u00dferdem besitzt die Babytrage eine gepolsterte, faltbare Kopf- und Nackenst\u00fctze.<br \/>\nVerstellbares R\u00fcckenpanel passt sich an das wachsende Baby an. Die Trage eigent sich f\u00fcr Kleinkinder bis 3 Jahren bzw. bis 20kg und kann als R\u00fcckentrage benutzt werden.<br \/>\nBabytragetasche schwarz aus 100 % atmungsaktiver Premium-Baumwolle und maschinenwaschbar bis 30\u00b0 C. Verstaubare Kapuze f\u00fcr Sonnenschutz (SPF 50+) und Sichtschutz.<br \/>\n<div class=\"main-cross-sell\" data-asin=\"B07DFVLH4P\">\n\n\t<div class=\"WooZone-cross-sell-loader\">\n\t\t<div>\n\t\t\t<div id=\"floatingBarsG\">\n\t\t\t\t<div class=\"blockG\" id=\"rotateG_01\"><\/div>\n\t\t\t\t<div class=\"blockG\" id=\"rotateG_02\"><\/div>\n\t\t\t\t<div class=\"blockG\" id=\"rotateG_03\"><\/div>\n\t\t\t\t<div class=\"blockG\" id=\"rotateG_04\"><\/div>\n\t\t\t\t<div class=\"blockG\" id=\"rotateG_05\"><\/div>\n\t\t\t\t<div class=\"blockG\" id=\"rotateG_06\"><\/div>\n\t\t\t\t<div class=\"blockG\" id=\"rotateG_07\"><\/div>\n\t\t\t\t<div class=\"blockG\" id=\"rotateG_08\"><\/div>\n\t\t\t<\/div>\n\t\t\t<div class=\"WooZone-cross-sell-loader-text\"><\/div>\n\t\t<\/div>\n\t<\/div>\n\n\t\t\n<\/div>\n<div style=\"clear:both;\"><\/div><\/p>\n","protected":false},"excerpt":{"rendered":"<p>Ergonomische Babytrage mit vier Tragepositionen: vor dem Bauch, auf dem R\u00fccken, auf der H\u00fcfte und vor dem Bauch in Blickrichtung nach vorne. Die Babytrage ist f\u00fcr Babys und Kleinkinder von 5,5 bis 20 kg geeignet. Mit separat erh\u00e4ltlichem Einsatz auch f\u00fcr Neugeborene ab 3,2 bis 5,5 kg.<br \/>\nNEU &#8211; Der Taillengurt mit Lordosenst\u00fctze kann etwas h\u00f6her oder tiefer getragen werden, um den unteren R\u00fccken zu st\u00fctzen und optimalen Komfort zu bieten und verf\u00fcgt \u00fcber verstellbare, gepolsterte Schultergurte. Die Babytrage ist f\u00fcr M\u00e4nner und Frauen geeignet.<br \/>\nMaximaler Baby Komfort &#8211; Der strukturierte Schalensitz unterst\u00fctzt die korrekte Anhock-Spreiz-Haltung des Babys. Au\u00dferdem besitzt die Babytrage eine gepolsterte, faltbare Kopf- und Nackenst\u00fctze.<\/p>\n","protected":false},"featured_media":206185,"comment_status":"open","ping_status":"closed","template":"","meta":[],"product_brand":[],"product_cat":[21,9074],"product_tag":[],"class_list":{"0":"post-206184","1":"product","2":"type-product","3":"status-publish","4":"has-post-thumbnail","6":"product_cat-baby","7":"product_cat-babytragen-baby","8":"pa_binding-babyartikel","9":"pa_brand-ergobaby","10":"pa_color-pure-black","11":"pa_height-6-7-zoll","12":"pa_length-6-7-zoll","13":"pa_manufacturer-ergobaby-carrier-gmbh","14":"pa_model-bc360black","15":"pa_size-1-stueck-1er-pack","16":"pa_warranty-24-monate","17":"pa_weight-0-5-pfund","18":"pa_width-10-5-zoll","20":"first","21":"instock","22":"shipping-taxable","23":"purchasable","24":"product-type-simple","25":"customify-col","26":"product-has-gallery"},"yoast_head":"<!-- This site is optimized with the Yoast SEO plugin v27.3 - https:\/\/yoast.com\/product\/yoast-seo-wordpress\/ -->\n<title>Ergobaby Babytrage bis 20kg, 360 Trunks Up 4-Positionen Baby-Tragetasche, Kindertrage R\u00fcckentrage Bauchtrage - Markt-XXL<\/title>\n<meta name=\"description\" content=\"Markt-XXL Ergobaby Babytrage bis 20kg, 360 Trunks Up 4-Positionen Baby-Tragetasche, Kindertrage R\u00fcckentrage Bauchtrage\" \/>\n<meta name=\"robots\" content=\"index, follow, max-snippet:-1, max-image-preview:large, max-video-preview:-1\" \/>\n<link rel=\"canonical\" href=\"https:\/\/marktxxl.de\/markt\/produkt\/ergobaby-babytrage-bis-20kg-360-trunks-up-4-positionen-baby-tragetasche-kindertrage-rueckentrage-bauchtrage\/\" \/>\n<meta property=\"og:locale\" content=\"de_DE\" \/>\n<meta property=\"og:type\" content=\"article\" \/>\n<meta property=\"og:title\" content=\"Ergobaby Babytrage bis 20kg, 360 Trunks Up 4-Positionen Baby-Tragetasche, Kindertrage R\u00fcckentrage Bauchtrage - Markt-XXL\" \/>\n<meta property=\"og:description\" content=\"Markt-XXL Ergobaby Babytrage bis 20kg, 360 Trunks Up 4-Positionen Baby-Tragetasche, Kindertrage R\u00fcckentrage Bauchtrage\" \/>\n<meta property=\"og:url\" content=\"https:\/\/marktxxl.de\/markt\/produkt\/ergobaby-babytrage-bis-20kg-360-trunks-up-4-positionen-baby-tragetasche-kindertrage-rueckentrage-bauchtrage\/\" \/>\n<meta property=\"og:site_name\" content=\"Markt-XXL\" \/>\n<meta name=\"twitter:card\" content=\"summary_large_image\" \/>\n<meta name=\"twitter:label1\" content=\"Gesch\u00e4tzte Lesezeit\" \/>\n\t<meta name=\"twitter:data1\" content=\"1\u00a0Minute\" \/>\n<script type=\"application\/ld+json\" class=\"yoast-schema-graph\">{\"@context\":\"https:\\\/\\\/schema.org\",\"@graph\":[{\"@type\":\"WebPage\",\"@id\":\"https:\\\/\\\/marktxxl.de\\\/markt\\\/produkt\\\/ergobaby-babytrage-bis-20kg-360-trunks-up-4-positionen-baby-tragetasche-kindertrage-rueckentrage-bauchtrage\\\/\",\"url\":\"https:\\\/\\\/marktxxl.de\\\/markt\\\/produkt\\\/ergobaby-babytrage-bis-20kg-360-trunks-up-4-positionen-baby-tragetasche-kindertrage-rueckentrage-bauchtrage\\\/\",\"name\":\"Ergobaby Babytrage bis 20kg, 360 Trunks Up 4-Positionen Baby-Tragetasche, Kindertrage R\u00fcckentrage Bauchtrage - Markt-XXL\",\"isPartOf\":{\"@id\":\"https:\\\/\\\/marktxxl.de\\\/markt\\\/#website\"},\"primaryImageOfPage\":{\"@id\":\"https:\\\/\\\/marktxxl.de\\\/markt\\\/produkt\\\/ergobaby-babytrage-bis-20kg-360-trunks-up-4-positionen-baby-tragetasche-kindertrage-rueckentrage-bauchtrage\\\/#primaryimage\"},\"image\":{\"@id\":\"https:\\\/\\\/marktxxl.de\\\/markt\\\/produkt\\\/ergobaby-babytrage-bis-20kg-360-trunks-up-4-positionen-baby-tragetasche-kindertrage-rueckentrage-bauchtrage\\\/#primaryimage\"},\"thumbnailUrl\":\"https:\\\/\\\/m.media-amazon.com\\\/images\\\/I\\\/41xx1QpQroL._SL500_.jpg\",\"datePublished\":\"2024-05-28T22:44:47+00:00\",\"description\":\"Markt-XXL Ergobaby Babytrage bis 20kg, 360 Trunks Up 4-Positionen Baby-Tragetasche, Kindertrage R\u00fcckentrage Bauchtrage\",\"breadcrumb\":{\"@id\":\"https:\\\/\\\/marktxxl.de\\\/markt\\\/produkt\\\/ergobaby-babytrage-bis-20kg-360-trunks-up-4-positionen-baby-tragetasche-kindertrage-rueckentrage-bauchtrage\\\/#breadcrumb\"},\"inLanguage\":\"de\",\"potentialAction\":[{\"@type\":\"ReadAction\",\"target\":[\"https:\\\/\\\/marktxxl.de\\\/markt\\\/produkt\\\/ergobaby-babytrage-bis-20kg-360-trunks-up-4-positionen-baby-tragetasche-kindertrage-rueckentrage-bauchtrage\\\/\"]}]},{\"@type\":\"ImageObject\",\"inLanguage\":\"de\",\"@id\":\"https:\\\/\\\/marktxxl.de\\\/markt\\\/produkt\\\/ergobaby-babytrage-bis-20kg-360-trunks-up-4-positionen-baby-tragetasche-kindertrage-rueckentrage-bauchtrage\\\/#primaryimage\",\"url\":\"https:\\\/\\\/m.media-amazon.com\\\/images\\\/I\\\/41xx1QpQroL._SL500_.jpg\",\"contentUrl\":\"https:\\\/\\\/m.media-amazon.com\\\/images\\\/I\\\/41xx1QpQroL._SL500_.jpg\",\"width\":500,\"height\":500},{\"@type\":\"BreadcrumbList\",\"@id\":\"https:\\\/\\\/marktxxl.de\\\/markt\\\/produkt\\\/ergobaby-babytrage-bis-20kg-360-trunks-up-4-positionen-baby-tragetasche-kindertrage-rueckentrage-bauchtrage\\\/#breadcrumb\",\"itemListElement\":[{\"@type\":\"ListItem\",\"position\":1,\"name\":\"Startseite\",\"item\":\"https:\\\/\\\/marktxxl.de\\\/markt\\\/\"},{\"@type\":\"ListItem\",\"position\":2,\"name\":\"Markt\",\"item\":\"https:\\\/\\\/marktxxl.de\\\/markt\\\/\"},{\"@type\":\"ListItem\",\"position\":3,\"name\":\"Ergobaby Babytrage bis 20kg, 360 Trunks Up 4-Positionen Baby-Tragetasche, Kindertrage R\u00fcckentrage Bauchtrage\"}]},{\"@type\":\"WebSite\",\"@id\":\"https:\\\/\\\/marktxxl.de\\\/markt\\\/#website\",\"url\":\"https:\\\/\\\/marktxxl.de\\\/markt\\\/\",\"name\":\"Markt-XXL\",\"description\":\"Ihr Markt Online\",\"publisher\":{\"@id\":\"https:\\\/\\\/marktxxl.de\\\/markt\\\/#organization\"},\"potentialAction\":[{\"@type\":\"SearchAction\",\"target\":{\"@type\":\"EntryPoint\",\"urlTemplate\":\"https:\\\/\\\/marktxxl.de\\\/markt\\\/?s={search_term_string}\"},\"query-input\":{\"@type\":\"PropertyValueSpecification\",\"valueRequired\":true,\"valueName\":\"search_term_string\"}}],\"inLanguage\":\"de\"},{\"@type\":\"Organization\",\"@id\":\"https:\\\/\\\/marktxxl.de\\\/markt\\\/#organization\",\"name\":\"Markt-XXL\",\"url\":\"https:\\\/\\\/marktxxl.de\\\/markt\\\/\",\"logo\":{\"@type\":\"ImageObject\",\"inLanguage\":\"de\",\"@id\":\"https:\\\/\\\/marktxxl.de\\\/markt\\\/#\\\/schema\\\/logo\\\/image\\\/\",\"url\":\"https:\\\/\\\/marktxxl.de\\\/markt\\\/wp-content\\\/uploads\\\/sites\\\/3\\\/2020\\\/12\\\/logo.png\",\"contentUrl\":\"https:\\\/\\\/marktxxl.de\\\/markt\\\/wp-content\\\/uploads\\\/sites\\\/3\\\/2020\\\/12\\\/logo.png\",\"width\":200,\"height\":70,\"caption\":\"Markt-XXL\"},\"image\":{\"@id\":\"https:\\\/\\\/marktxxl.de\\\/markt\\\/#\\\/schema\\\/logo\\\/image\\\/\"}}]}<\/script>\n<!-- \/ Yoast SEO plugin. -->","yoast_head_json":{"title":"Ergobaby Babytrage bis 20kg, 360 Trunks Up 4-Positionen Baby-Tragetasche, Kindertrage R\u00fcckentrage Bauchtrage - Markt-XXL","description":"Markt-XXL Ergobaby Babytrage bis 20kg, 360 Trunks Up 4-Positionen Baby-Tragetasche, Kindertrage R\u00fcckentrage Bauchtrage","robots":{"index":"index","follow":"follow","max-snippet":"max-snippet:-1","max-image-preview":"max-image-preview:large","max-video-preview":"max-video-preview:-1"},"canonical":"https:\/\/marktxxl.de\/markt\/produkt\/ergobaby-babytrage-bis-20kg-360-trunks-up-4-positionen-baby-tragetasche-kindertrage-rueckentrage-bauchtrage\/","og_locale":"de_DE","og_type":"article","og_title":"Ergobaby Babytrage bis 20kg, 360 Trunks Up 4-Positionen Baby-Tragetasche, Kindertrage R\u00fcckentrage Bauchtrage - Markt-XXL","og_description":"Markt-XXL Ergobaby Babytrage bis 20kg, 360 Trunks Up 4-Positionen Baby-Tragetasche, Kindertrage R\u00fcckentrage Bauchtrage","og_url":"https:\/\/marktxxl.de\/markt\/produkt\/ergobaby-babytrage-bis-20kg-360-trunks-up-4-positionen-baby-tragetasche-kindertrage-rueckentrage-bauchtrage\/","og_site_name":"Markt-XXL","twitter_card":"summary_large_image","twitter_misc":{"Gesch\u00e4tzte Lesezeit":"1\u00a0Minute"},"schema":{"@context":"https:\/\/schema.org","@graph":[{"@type":"WebPage","@id":"https:\/\/marktxxl.de\/markt\/produkt\/ergobaby-babytrage-bis-20kg-360-trunks-up-4-positionen-baby-tragetasche-kindertrage-rueckentrage-bauchtrage\/","url":"https:\/\/marktxxl.de\/markt\/produkt\/ergobaby-babytrage-bis-20kg-360-trunks-up-4-positionen-baby-tragetasche-kindertrage-rueckentrage-bauchtrage\/","name":"Ergobaby Babytrage bis 20kg, 360 Trunks Up 4-Positionen Baby-Tragetasche, Kindertrage R\u00fcckentrage Bauchtrage - Markt-XXL","isPartOf":{"@id":"https:\/\/marktxxl.de\/markt\/#website"},"primaryImageOfPage":{"@id":"https:\/\/marktxxl.de\/markt\/produkt\/ergobaby-babytrage-bis-20kg-360-trunks-up-4-positionen-baby-tragetasche-kindertrage-rueckentrage-bauchtrage\/#primaryimage"},"image":{"@id":"https:\/\/marktxxl.de\/markt\/produkt\/ergobaby-babytrage-bis-20kg-360-trunks-up-4-positionen-baby-tragetasche-kindertrage-rueckentrage-bauchtrage\/#primaryimage"},"thumbnailUrl":"https:\/\/m.media-amazon.com\/images\/I\/41xx1QpQroL._SL500_.jpg","datePublished":"2024-05-28T22:44:47+00:00","description":"Markt-XXL Ergobaby Babytrage bis 20kg, 360 Trunks Up 4-Positionen Baby-Tragetasche, Kindertrage R\u00fcckentrage Bauchtrage","breadcrumb":{"@id":"https:\/\/marktxxl.de\/markt\/produkt\/ergobaby-babytrage-bis-20kg-360-trunks-up-4-positionen-baby-tragetasche-kindertrage-rueckentrage-bauchtrage\/#breadcrumb"},"inLanguage":"de","potentialAction":[{"@type":"ReadAction","target":["https:\/\/marktxxl.de\/markt\/produkt\/ergobaby-babytrage-bis-20kg-360-trunks-up-4-positionen-baby-tragetasche-kindertrage-rueckentrage-bauchtrage\/"]}]},{"@type":"ImageObject","inLanguage":"de","@id":"https:\/\/marktxxl.de\/markt\/produkt\/ergobaby-babytrage-bis-20kg-360-trunks-up-4-positionen-baby-tragetasche-kindertrage-rueckentrage-bauchtrage\/#primaryimage","url":"https:\/\/m.media-amazon.com\/images\/I\/41xx1QpQroL._SL500_.jpg","contentUrl":"https:\/\/m.media-amazon.com\/images\/I\/41xx1QpQroL._SL500_.jpg","width":500,"height":500},{"@type":"BreadcrumbList","@id":"https:\/\/marktxxl.de\/markt\/produkt\/ergobaby-babytrage-bis-20kg-360-trunks-up-4-positionen-baby-tragetasche-kindertrage-rueckentrage-bauchtrage\/#breadcrumb","itemListElement":[{"@type":"ListItem","position":1,"name":"Startseite","item":"https:\/\/marktxxl.de\/markt\/"},{"@type":"ListItem","position":2,"name":"Markt","item":"https:\/\/marktxxl.de\/markt\/"},{"@type":"ListItem","position":3,"name":"Ergobaby Babytrage bis 20kg, 360 Trunks Up 4-Positionen Baby-Tragetasche, Kindertrage R\u00fcckentrage Bauchtrage"}]},{"@type":"WebSite","@id":"https:\/\/marktxxl.de\/markt\/#website","url":"https:\/\/marktxxl.de\/markt\/","name":"Markt-XXL","description":"Ihr Markt Online","publisher":{"@id":"https:\/\/marktxxl.de\/markt\/#organization"},"potentialAction":[{"@type":"SearchAction","target":{"@type":"EntryPoint","urlTemplate":"https:\/\/marktxxl.de\/markt\/?s={search_term_string}"},"query-input":{"@type":"PropertyValueSpecification","valueRequired":true,"valueName":"search_term_string"}}],"inLanguage":"de"},{"@type":"Organization","@id":"https:\/\/marktxxl.de\/markt\/#organization","name":"Markt-XXL","url":"https:\/\/marktxxl.de\/markt\/","logo":{"@type":"ImageObject","inLanguage":"de","@id":"https:\/\/marktxxl.de\/markt\/#\/schema\/logo\/image\/","url":"https:\/\/marktxxl.de\/markt\/wp-content\/uploads\/sites\/3\/2020\/12\/logo.png","contentUrl":"https:\/\/marktxxl.de\/markt\/wp-content\/uploads\/sites\/3\/2020\/12\/logo.png","width":200,"height":70,"caption":"Markt-XXL"},"image":{"@id":"https:\/\/marktxxl.de\/markt\/#\/schema\/logo\/image\/"}}]}},"_links":{"self":[{"href":"https:\/\/marktxxl.de\/markt\/wp-json\/wp\/v2\/product\/206184","targetHints":{"allow":["GET"]}}],"collection":[{"href":"https:\/\/marktxxl.de\/markt\/wp-json\/wp\/v2\/product"}],"about":[{"href":"https:\/\/marktxxl.de\/markt\/wp-json\/wp\/v2\/types\/product"}],"replies":[{"embeddable":true,"href":"https:\/\/marktxxl.de\/markt\/wp-json\/wp\/v2\/comments?post=206184"}],"wp:featuredmedia":[{"embeddable":true,"href":"https:\/\/marktxxl.de\/markt\/wp-json\/wp\/v2\/media\/206185"}],"wp:attachment":[{"href":"https:\/\/marktxxl.de\/markt\/wp-json\/wp\/v2\/media?parent=206184"}],"wp:term":[{"taxonomy":"product_brand","embeddable":true,"href":"https:\/\/marktxxl.de\/markt\/wp-json\/wp\/v2\/product_brand?post=206184"},{"taxonomy":"product_cat","embeddable":true,"href":"https:\/\/marktxxl.de\/markt\/wp-json\/wp\/v2\/product_cat?post=206184"},{"taxonomy":"product_tag","embeddable":true,"href":"https:\/\/marktxxl.de\/markt\/wp-json\/wp\/v2\/product_tag?post=206184"}],"curies":[{"name":"wp","href":"https:\/\/api.w.org\/{rel}","templated":true}]}}