{"id":206130,"date":"2024-05-29T00:43:51","date_gmt":"2024-05-28T22:43:51","guid":{"rendered":"https:\/\/marktxxl.de\/markt\/produkt\/ryloobaby-babytrage-tragetuch-baby-neugeboren-babytrage-neugeborene-ab-geburt-baby-tragetuch-neugeborene-kleinkinder-babytrage-ab-geburt-babytragetuecher\/"},"modified":"2024-05-29T00:43:51","modified_gmt":"2024-05-28T22:43:51","slug":"ryloobaby-babytrage-tragetuch-baby-neugeboren-babytrage-neugeborene-ab-geburt-baby-tragetuch-neugeborene-kleinkinder-babytrage-ab-geburt-babytragetuecher","status":"publish","type":"product","link":"https:\/\/marktxxl.de\/markt\/produkt\/ryloobaby-babytrage-tragetuch-baby-neugeboren-babytrage-neugeborene-ab-geburt-baby-tragetuch-neugeborene-kleinkinder-babytrage-ab-geburt-babytragetuecher\/","title":{"rendered":"RYLOOBABY\u00ae Babytrage Tragetuch Baby Neugeboren &#8211; Babytrage Neugeborene ab Geburt &#8211; Baby Tragetuch Neugeborene, Kleinkinder &#8211; Babytrage ab Geburt &#8211; Babytraget\u00fccher"},"content":{"rendered":"<p>Einfach zu verwenden: Unser Wickeltuch wird mit einfachen und klaren Anweisungen geliefert, damit Sie jedes Mal leicht die perfekte Passform finden.<br \/>\nEinheitsgr\u00f6\u00dfe Komfort: Egal welche Gr\u00f6\u00dfe Sie haben, unsere RylooBaby Wickeltrage wird Sie perfekt b\u00fcndeln<br \/>\nPremium-Stoff: Sie erhalten das perfekte Ma\u00df an Dehnbarkeit und \u00fcber 508 cm feinster Baumwolle und dehnbarem Spandex, um Ihren kleinen Schatz kuschelig und sicher zu halten, mit einem L\u00e4cheln auf dem Gesicht.<br \/>\nEntspannen und schneller lernen: Geeignet f\u00fcr Neugeborene bis 18 Monate, unsere RylooBaby Tragetuch gibt Ihrem Baby das Gef\u00fchl, sicher und bequem im Mutterleib zu sein, reduziert das Weinen um \u00fcber 45 % und h\u00e4lt es beruhigt und ruhig. In deiner N\u00e4he zu sein, wird ihnen helfen, die Welt durch deine Augen zu sehen, auf deinen Herzschlag zu h\u00f6ren und zu erleben, was du erlebst.<br \/>\nPerfektes Geschenk zur Babyparty: Auf der Suche nach dem perfekten Babyparty-Geschenk? Mit der RylooBaby Wickeltrage verschenken Sie nicht nur ein hochwertiges Tragetuch, Sie bieten eine ganze Erfahrung, vom Moment an, in dem Ihre Lieben das Paket \u00f6ffnen, bis hin zu jeder Minute, die Sie zusammen mit ihrem kostbaren Baby verbringen.<br \/>\n<div class=\"main-cross-sell\" data-asin=\"B0C9QGB71Y\">\n\n\t<div class=\"WooZone-cross-sell-loader\">\n\t\t<div>\n\t\t\t<div id=\"floatingBarsG\">\n\t\t\t\t<div class=\"blockG\" id=\"rotateG_01\"><\/div>\n\t\t\t\t<div class=\"blockG\" id=\"rotateG_02\"><\/div>\n\t\t\t\t<div class=\"blockG\" id=\"rotateG_03\"><\/div>\n\t\t\t\t<div class=\"blockG\" id=\"rotateG_04\"><\/div>\n\t\t\t\t<div class=\"blockG\" id=\"rotateG_05\"><\/div>\n\t\t\t\t<div class=\"blockG\" id=\"rotateG_06\"><\/div>\n\t\t\t\t<div class=\"blockG\" id=\"rotateG_07\"><\/div>\n\t\t\t\t<div class=\"blockG\" id=\"rotateG_08\"><\/div>\n\t\t\t<\/div>\n\t\t\t<div class=\"WooZone-cross-sell-loader-text\"><\/div>\n\t\t<\/div>\n\t<\/div>\n\n\t\t\n<\/div>\n<div style=\"clear:both;\"><\/div><\/p>\n","protected":false},"excerpt":{"rendered":"<p>Einfach zu verwenden: Unser Wickeltuch wird mit einfachen und klaren Anweisungen geliefert, damit Sie jedes Mal leicht die perfekte Passform finden.<br \/>\nEinheitsgr\u00f6\u00dfe Komfort: Egal welche Gr\u00f6\u00dfe Sie haben, unsere RylooBaby Wickeltrage wird Sie perfekt b\u00fcndeln<br \/>\nPremium-Stoff: Sie erhalten das perfekte Ma\u00df an Dehnbarkeit und \u00fcber 508 cm feinster Baumwolle und dehnbarem Spandex, um Ihren kleinen Schatz kuschelig und sicher zu halten, mit einem L\u00e4cheln auf dem Gesicht.<\/p>\n","protected":false},"featured_media":206131,"comment_status":"open","ping_status":"closed","template":"","meta":[],"product_brand":[],"product_cat":[21,9074],"product_tag":[],"class_list":{"0":"post-206130","1":"product","2":"type-product","3":"status-publish","4":"has-post-thumbnail","6":"product_cat-baby","7":"product_cat-babytragen-baby","8":"pa_brand-ryloobaby","9":"pa_height-21-59842517482-zoll","10":"pa_length-4-9999999949-zoll","11":"pa_manufacturer-ryloo-products","12":"pa_width-202-70078719482-zoll","14":"first","15":"instock","16":"shipping-taxable","17":"product-type-simple","18":"customify-col","19":"product-has-gallery"},"yoast_head":"<!-- This site is optimized with the Yoast SEO plugin v27.4 - https:\/\/yoast.com\/product\/yoast-seo-wordpress\/ -->\n<title>RYLOOBABY\u00ae Babytrage Tragetuch Baby Neugeboren - Babytrage Neugeborene ab Geburt - Baby Tragetuch Neugeborene, Kleinkinder - Babytrage ab Geburt - Babytraget\u00fccher - Markt-XXL<\/title>\n<meta name=\"description\" content=\"Markt-XXL RYLOOBABY\u00ae Babytrage Tragetuch Baby Neugeboren - Babytrage Neugeborene ab Geburt - Baby Tragetuch Neugeborene, Kleinkinder - Babytrage ab Geburt - Babytraget\u00fccher\" \/>\n<meta name=\"robots\" content=\"index, follow, max-snippet:-1, max-image-preview:large, max-video-preview:-1\" \/>\n<link rel=\"canonical\" href=\"https:\/\/marktxxl.de\/markt\/produkt\/ryloobaby-babytrage-tragetuch-baby-neugeboren-babytrage-neugeborene-ab-geburt-baby-tragetuch-neugeborene-kleinkinder-babytrage-ab-geburt-babytragetuecher\/\" \/>\n<meta property=\"og:locale\" content=\"de_DE\" \/>\n<meta property=\"og:type\" content=\"article\" \/>\n<meta property=\"og:title\" content=\"RYLOOBABY\u00ae Babytrage Tragetuch Baby Neugeboren - Babytrage Neugeborene ab Geburt - Baby Tragetuch Neugeborene, Kleinkinder - Babytrage ab Geburt - Babytraget\u00fccher - Markt-XXL\" \/>\n<meta property=\"og:description\" content=\"Markt-XXL RYLOOBABY\u00ae Babytrage Tragetuch Baby Neugeboren - Babytrage Neugeborene ab Geburt - Baby Tragetuch Neugeborene, Kleinkinder - Babytrage ab Geburt - Babytraget\u00fccher\" \/>\n<meta property=\"og:url\" content=\"https:\/\/marktxxl.de\/markt\/produkt\/ryloobaby-babytrage-tragetuch-baby-neugeboren-babytrage-neugeborene-ab-geburt-baby-tragetuch-neugeborene-kleinkinder-babytrage-ab-geburt-babytragetuecher\/\" \/>\n<meta property=\"og:site_name\" content=\"Markt-XXL\" \/>\n<meta name=\"twitter:card\" content=\"summary_large_image\" \/>\n<meta name=\"twitter:label1\" content=\"Gesch\u00e4tzte Lesezeit\" \/>\n\t<meta name=\"twitter:data1\" content=\"1\u00a0Minute\" \/>\n<script type=\"application\/ld+json\" class=\"yoast-schema-graph\">{\"@context\":\"https:\\\/\\\/schema.org\",\"@graph\":[{\"@type\":\"WebPage\",\"@id\":\"https:\\\/\\\/marktxxl.de\\\/markt\\\/produkt\\\/ryloobaby-babytrage-tragetuch-baby-neugeboren-babytrage-neugeborene-ab-geburt-baby-tragetuch-neugeborene-kleinkinder-babytrage-ab-geburt-babytragetuecher\\\/\",\"url\":\"https:\\\/\\\/marktxxl.de\\\/markt\\\/produkt\\\/ryloobaby-babytrage-tragetuch-baby-neugeboren-babytrage-neugeborene-ab-geburt-baby-tragetuch-neugeborene-kleinkinder-babytrage-ab-geburt-babytragetuecher\\\/\",\"name\":\"RYLOOBABY\u00ae Babytrage Tragetuch Baby Neugeboren - Babytrage Neugeborene ab Geburt - Baby Tragetuch Neugeborene, Kleinkinder - Babytrage ab Geburt - Babytraget\u00fccher - Markt-XXL\",\"isPartOf\":{\"@id\":\"https:\\\/\\\/marktxxl.de\\\/markt\\\/#website\"},\"primaryImageOfPage\":{\"@id\":\"https:\\\/\\\/marktxxl.de\\\/markt\\\/produkt\\\/ryloobaby-babytrage-tragetuch-baby-neugeboren-babytrage-neugeborene-ab-geburt-baby-tragetuch-neugeborene-kleinkinder-babytrage-ab-geburt-babytragetuecher\\\/#primaryimage\"},\"image\":{\"@id\":\"https:\\\/\\\/marktxxl.de\\\/markt\\\/produkt\\\/ryloobaby-babytrage-tragetuch-baby-neugeboren-babytrage-neugeborene-ab-geburt-baby-tragetuch-neugeborene-kleinkinder-babytrage-ab-geburt-babytragetuecher\\\/#primaryimage\"},\"thumbnailUrl\":\"https:\\\/\\\/m.media-amazon.com\\\/images\\\/I\\\/41Q4VprX6QL._SL500_.jpg\",\"datePublished\":\"2024-05-28T22:43:51+00:00\",\"description\":\"Markt-XXL RYLOOBABY\u00ae Babytrage Tragetuch Baby Neugeboren - Babytrage Neugeborene ab Geburt - Baby Tragetuch Neugeborene, Kleinkinder - Babytrage ab Geburt - Babytraget\u00fccher\",\"breadcrumb\":{\"@id\":\"https:\\\/\\\/marktxxl.de\\\/markt\\\/produkt\\\/ryloobaby-babytrage-tragetuch-baby-neugeboren-babytrage-neugeborene-ab-geburt-baby-tragetuch-neugeborene-kleinkinder-babytrage-ab-geburt-babytragetuecher\\\/#breadcrumb\"},\"inLanguage\":\"de\",\"potentialAction\":[{\"@type\":\"ReadAction\",\"target\":[\"https:\\\/\\\/marktxxl.de\\\/markt\\\/produkt\\\/ryloobaby-babytrage-tragetuch-baby-neugeboren-babytrage-neugeborene-ab-geburt-baby-tragetuch-neugeborene-kleinkinder-babytrage-ab-geburt-babytragetuecher\\\/\"]}]},{\"@type\":\"ImageObject\",\"inLanguage\":\"de\",\"@id\":\"https:\\\/\\\/marktxxl.de\\\/markt\\\/produkt\\\/ryloobaby-babytrage-tragetuch-baby-neugeboren-babytrage-neugeborene-ab-geburt-baby-tragetuch-neugeborene-kleinkinder-babytrage-ab-geburt-babytragetuecher\\\/#primaryimage\",\"url\":\"https:\\\/\\\/m.media-amazon.com\\\/images\\\/I\\\/41Q4VprX6QL._SL500_.jpg\",\"contentUrl\":\"https:\\\/\\\/m.media-amazon.com\\\/images\\\/I\\\/41Q4VprX6QL._SL500_.jpg\",\"width\":362,\"height\":500},{\"@type\":\"BreadcrumbList\",\"@id\":\"https:\\\/\\\/marktxxl.de\\\/markt\\\/produkt\\\/ryloobaby-babytrage-tragetuch-baby-neugeboren-babytrage-neugeborene-ab-geburt-baby-tragetuch-neugeborene-kleinkinder-babytrage-ab-geburt-babytragetuecher\\\/#breadcrumb\",\"itemListElement\":[{\"@type\":\"ListItem\",\"position\":1,\"name\":\"Startseite\",\"item\":\"https:\\\/\\\/marktxxl.de\\\/markt\\\/\"},{\"@type\":\"ListItem\",\"position\":2,\"name\":\"Markt\",\"item\":\"https:\\\/\\\/marktxxl.de\\\/markt\\\/\"},{\"@type\":\"ListItem\",\"position\":3,\"name\":\"RYLOOBABY\u00ae Babytrage Tragetuch Baby Neugeboren &#8211; Babytrage Neugeborene ab Geburt &#8211; Baby Tragetuch Neugeborene, Kleinkinder &#8211; Babytrage ab Geburt &#8211; Babytraget\u00fccher\"}]},{\"@type\":\"WebSite\",\"@id\":\"https:\\\/\\\/marktxxl.de\\\/markt\\\/#website\",\"url\":\"https:\\\/\\\/marktxxl.de\\\/markt\\\/\",\"name\":\"Markt-XXL\",\"description\":\"Ihr Markt Online\",\"publisher\":{\"@id\":\"https:\\\/\\\/marktxxl.de\\\/markt\\\/#organization\"},\"potentialAction\":[{\"@type\":\"SearchAction\",\"target\":{\"@type\":\"EntryPoint\",\"urlTemplate\":\"https:\\\/\\\/marktxxl.de\\\/markt\\\/?s={search_term_string}\"},\"query-input\":{\"@type\":\"PropertyValueSpecification\",\"valueRequired\":true,\"valueName\":\"search_term_string\"}}],\"inLanguage\":\"de\"},{\"@type\":\"Organization\",\"@id\":\"https:\\\/\\\/marktxxl.de\\\/markt\\\/#organization\",\"name\":\"Markt-XXL\",\"url\":\"https:\\\/\\\/marktxxl.de\\\/markt\\\/\",\"logo\":{\"@type\":\"ImageObject\",\"inLanguage\":\"de\",\"@id\":\"https:\\\/\\\/marktxxl.de\\\/markt\\\/#\\\/schema\\\/logo\\\/image\\\/\",\"url\":\"https:\\\/\\\/marktxxl.de\\\/markt\\\/wp-content\\\/uploads\\\/sites\\\/3\\\/2020\\\/12\\\/logo.png\",\"contentUrl\":\"https:\\\/\\\/marktxxl.de\\\/markt\\\/wp-content\\\/uploads\\\/sites\\\/3\\\/2020\\\/12\\\/logo.png\",\"width\":200,\"height\":70,\"caption\":\"Markt-XXL\"},\"image\":{\"@id\":\"https:\\\/\\\/marktxxl.de\\\/markt\\\/#\\\/schema\\\/logo\\\/image\\\/\"}}]}<\/script>\n<!-- \/ Yoast SEO plugin. -->","yoast_head_json":{"title":"RYLOOBABY\u00ae Babytrage Tragetuch Baby Neugeboren - Babytrage Neugeborene ab Geburt - Baby Tragetuch Neugeborene, Kleinkinder - Babytrage ab Geburt - Babytraget\u00fccher - Markt-XXL","description":"Markt-XXL RYLOOBABY\u00ae Babytrage Tragetuch Baby Neugeboren - Babytrage Neugeborene ab Geburt - Baby Tragetuch Neugeborene, Kleinkinder - Babytrage ab Geburt - Babytraget\u00fccher","robots":{"index":"index","follow":"follow","max-snippet":"max-snippet:-1","max-image-preview":"max-image-preview:large","max-video-preview":"max-video-preview:-1"},"canonical":"https:\/\/marktxxl.de\/markt\/produkt\/ryloobaby-babytrage-tragetuch-baby-neugeboren-babytrage-neugeborene-ab-geburt-baby-tragetuch-neugeborene-kleinkinder-babytrage-ab-geburt-babytragetuecher\/","og_locale":"de_DE","og_type":"article","og_title":"RYLOOBABY\u00ae Babytrage Tragetuch Baby Neugeboren - Babytrage Neugeborene ab Geburt - Baby Tragetuch Neugeborene, Kleinkinder - Babytrage ab Geburt - Babytraget\u00fccher - Markt-XXL","og_description":"Markt-XXL RYLOOBABY\u00ae Babytrage Tragetuch Baby Neugeboren - Babytrage Neugeborene ab Geburt - Baby Tragetuch Neugeborene, Kleinkinder - Babytrage ab Geburt - Babytraget\u00fccher","og_url":"https:\/\/marktxxl.de\/markt\/produkt\/ryloobaby-babytrage-tragetuch-baby-neugeboren-babytrage-neugeborene-ab-geburt-baby-tragetuch-neugeborene-kleinkinder-babytrage-ab-geburt-babytragetuecher\/","og_site_name":"Markt-XXL","twitter_card":"summary_large_image","twitter_misc":{"Gesch\u00e4tzte Lesezeit":"1\u00a0Minute"},"schema":{"@context":"https:\/\/schema.org","@graph":[{"@type":"WebPage","@id":"https:\/\/marktxxl.de\/markt\/produkt\/ryloobaby-babytrage-tragetuch-baby-neugeboren-babytrage-neugeborene-ab-geburt-baby-tragetuch-neugeborene-kleinkinder-babytrage-ab-geburt-babytragetuecher\/","url":"https:\/\/marktxxl.de\/markt\/produkt\/ryloobaby-babytrage-tragetuch-baby-neugeboren-babytrage-neugeborene-ab-geburt-baby-tragetuch-neugeborene-kleinkinder-babytrage-ab-geburt-babytragetuecher\/","name":"RYLOOBABY\u00ae Babytrage Tragetuch Baby Neugeboren - Babytrage Neugeborene ab Geburt - Baby Tragetuch Neugeborene, Kleinkinder - Babytrage ab Geburt - Babytraget\u00fccher - Markt-XXL","isPartOf":{"@id":"https:\/\/marktxxl.de\/markt\/#website"},"primaryImageOfPage":{"@id":"https:\/\/marktxxl.de\/markt\/produkt\/ryloobaby-babytrage-tragetuch-baby-neugeboren-babytrage-neugeborene-ab-geburt-baby-tragetuch-neugeborene-kleinkinder-babytrage-ab-geburt-babytragetuecher\/#primaryimage"},"image":{"@id":"https:\/\/marktxxl.de\/markt\/produkt\/ryloobaby-babytrage-tragetuch-baby-neugeboren-babytrage-neugeborene-ab-geburt-baby-tragetuch-neugeborene-kleinkinder-babytrage-ab-geburt-babytragetuecher\/#primaryimage"},"thumbnailUrl":"https:\/\/m.media-amazon.com\/images\/I\/41Q4VprX6QL._SL500_.jpg","datePublished":"2024-05-28T22:43:51+00:00","description":"Markt-XXL RYLOOBABY\u00ae Babytrage Tragetuch Baby Neugeboren - Babytrage Neugeborene ab Geburt - Baby Tragetuch Neugeborene, Kleinkinder - Babytrage ab Geburt - Babytraget\u00fccher","breadcrumb":{"@id":"https:\/\/marktxxl.de\/markt\/produkt\/ryloobaby-babytrage-tragetuch-baby-neugeboren-babytrage-neugeborene-ab-geburt-baby-tragetuch-neugeborene-kleinkinder-babytrage-ab-geburt-babytragetuecher\/#breadcrumb"},"inLanguage":"de","potentialAction":[{"@type":"ReadAction","target":["https:\/\/marktxxl.de\/markt\/produkt\/ryloobaby-babytrage-tragetuch-baby-neugeboren-babytrage-neugeborene-ab-geburt-baby-tragetuch-neugeborene-kleinkinder-babytrage-ab-geburt-babytragetuecher\/"]}]},{"@type":"ImageObject","inLanguage":"de","@id":"https:\/\/marktxxl.de\/markt\/produkt\/ryloobaby-babytrage-tragetuch-baby-neugeboren-babytrage-neugeborene-ab-geburt-baby-tragetuch-neugeborene-kleinkinder-babytrage-ab-geburt-babytragetuecher\/#primaryimage","url":"https:\/\/m.media-amazon.com\/images\/I\/41Q4VprX6QL._SL500_.jpg","contentUrl":"https:\/\/m.media-amazon.com\/images\/I\/41Q4VprX6QL._SL500_.jpg","width":362,"height":500},{"@type":"BreadcrumbList","@id":"https:\/\/marktxxl.de\/markt\/produkt\/ryloobaby-babytrage-tragetuch-baby-neugeboren-babytrage-neugeborene-ab-geburt-baby-tragetuch-neugeborene-kleinkinder-babytrage-ab-geburt-babytragetuecher\/#breadcrumb","itemListElement":[{"@type":"ListItem","position":1,"name":"Startseite","item":"https:\/\/marktxxl.de\/markt\/"},{"@type":"ListItem","position":2,"name":"Markt","item":"https:\/\/marktxxl.de\/markt\/"},{"@type":"ListItem","position":3,"name":"RYLOOBABY\u00ae Babytrage Tragetuch Baby Neugeboren &#8211; Babytrage Neugeborene ab Geburt &#8211; Baby Tragetuch Neugeborene, Kleinkinder &#8211; Babytrage ab Geburt &#8211; Babytraget\u00fccher"}]},{"@type":"WebSite","@id":"https:\/\/marktxxl.de\/markt\/#website","url":"https:\/\/marktxxl.de\/markt\/","name":"Markt-XXL","description":"Ihr Markt Online","publisher":{"@id":"https:\/\/marktxxl.de\/markt\/#organization"},"potentialAction":[{"@type":"SearchAction","target":{"@type":"EntryPoint","urlTemplate":"https:\/\/marktxxl.de\/markt\/?s={search_term_string}"},"query-input":{"@type":"PropertyValueSpecification","valueRequired":true,"valueName":"search_term_string"}}],"inLanguage":"de"},{"@type":"Organization","@id":"https:\/\/marktxxl.de\/markt\/#organization","name":"Markt-XXL","url":"https:\/\/marktxxl.de\/markt\/","logo":{"@type":"ImageObject","inLanguage":"de","@id":"https:\/\/marktxxl.de\/markt\/#\/schema\/logo\/image\/","url":"https:\/\/marktxxl.de\/markt\/wp-content\/uploads\/sites\/3\/2020\/12\/logo.png","contentUrl":"https:\/\/marktxxl.de\/markt\/wp-content\/uploads\/sites\/3\/2020\/12\/logo.png","width":200,"height":70,"caption":"Markt-XXL"},"image":{"@id":"https:\/\/marktxxl.de\/markt\/#\/schema\/logo\/image\/"}}]}},"_links":{"self":[{"href":"https:\/\/marktxxl.de\/markt\/wp-json\/wp\/v2\/product\/206130","targetHints":{"allow":["GET"]}}],"collection":[{"href":"https:\/\/marktxxl.de\/markt\/wp-json\/wp\/v2\/product"}],"about":[{"href":"https:\/\/marktxxl.de\/markt\/wp-json\/wp\/v2\/types\/product"}],"replies":[{"embeddable":true,"href":"https:\/\/marktxxl.de\/markt\/wp-json\/wp\/v2\/comments?post=206130"}],"wp:featuredmedia":[{"embeddable":true,"href":"https:\/\/marktxxl.de\/markt\/wp-json\/wp\/v2\/media\/206131"}],"wp:attachment":[{"href":"https:\/\/marktxxl.de\/markt\/wp-json\/wp\/v2\/media?parent=206130"}],"wp:term":[{"taxonomy":"product_brand","embeddable":true,"href":"https:\/\/marktxxl.de\/markt\/wp-json\/wp\/v2\/product_brand?post=206130"},{"taxonomy":"product_cat","embeddable":true,"href":"https:\/\/marktxxl.de\/markt\/wp-json\/wp\/v2\/product_cat?post=206130"},{"taxonomy":"product_tag","embeddable":true,"href":"https:\/\/marktxxl.de\/markt\/wp-json\/wp\/v2\/product_tag?post=206130"}],"curies":[{"name":"wp","href":"https:\/\/api.w.org\/{rel}","templated":true}]}}