{"id":205978,"date":"2024-05-29T00:36:15","date_gmt":"2024-05-28T22:36:15","guid":{"rendered":"https:\/\/marktxxl.de\/markt\/produkt\/nici-46735-fledermaus-weltentdecker-25x25-cm-ab-0-monaten-kuscheltuch-fuer-babys-kleinkinder-baby-kuscheltier-schnuffeltuch-schmusetuch-fuer-maedchen-jungen\/"},"modified":"2024-05-29T00:36:15","modified_gmt":"2024-05-28T22:36:15","slug":"nici-46735-fledermaus-weltentdecker-25x25-cm-ab-0-monaten-kuscheltuch-fuer-babys-kleinkinder-baby-kuscheltier-schnuffeltuch-schmusetuch-fuer-maedchen-jungen","status":"publish","type":"product","link":"https:\/\/marktxxl.de\/markt\/produkt\/nici-46735-fledermaus-weltentdecker-25x25-cm-ab-0-monaten-kuscheltuch-fuer-babys-kleinkinder-baby-kuscheltier-schnuffeltuch-schmusetuch-fuer-maedchen-jungen\/","title":{"rendered":"NICI 46735 Fledermaus Weltentdecker 25&#215;25 cm ab 0+ Monaten \u2013 Kuscheltuch f\u00fcr Babys &amp; Kleinkinder \u2013 Baby Kuscheltier\/Schnuffeltuch \u2013 Schmusetuch f\u00fcr M\u00e4dchen &amp; Jungen, Buchstabenmuster, GRAU\/ROT"},"content":{"rendered":"<p>SCHNUFFELTUCH FLEDERMAUS: Das Schmusetuch f\u00fcr Babys aus hochwertigem NICI Pl\u00fcsch ist Kuscheltier &amp; Knuddel-Tuch in einem. Tolle Stickereien, geknotete \u00c4rmchen &amp; bunten Farben machen das Pl\u00fcschtier zum kuscheligen Begleiter in den ersten Lebensjahren.<br \/>\nBABY-ERSTAUSSTATTUNG: F\u00fcr Babys Haut nur das Beste. Unsere liebevoll gestalteten Schmuset\u00fccher werden strengen Qualit\u00e4tskontrollen unterzogen, um eine ausgezeichnete Qualit\u00e4t nach modernsten Sicherheitsstandards zu gew\u00e4hrleisten.<br \/>\nMY FIRST NICI: Die Erstlings-Produkte von NICI sind speziell auf Babys und Kleinkinder abgestimmt und f\u00f6rdern ihre Entwicklung spielerisch.<br \/>\nGESCHENKE ZUR GEBURT &amp; TAUFE: Das Baby Kuscheltuch mit Spruch ist ein wundersch\u00f6nes Baby-Geschenk. Es f\u00f6rdert spielerisch die Entwicklung &amp; spendet als weiches Stofftier in unruhigen Momenten Trost.<br \/>\nNICI Kuscheltiere: Seit \u00fcber 30 Jahren sorgt NICI f\u00fcr strahlende Baby- &amp; Kinderaugen. NICI Pl\u00fcschtiere sorgen f\u00fcr Kuschelgl\u00fcck &amp; zaubern jedem ein L\u00e4cheln ins Gesicht.<br \/>\n<div class=\"main-cross-sell\" data-asin=\"B08X1FQHNC\">\n\n\t<div class=\"WooZone-cross-sell-loader\">\n\t\t<div>\n\t\t\t<div id=\"floatingBarsG\">\n\t\t\t\t<div class=\"blockG\" id=\"rotateG_01\"><\/div>\n\t\t\t\t<div class=\"blockG\" id=\"rotateG_02\"><\/div>\n\t\t\t\t<div class=\"blockG\" id=\"rotateG_03\"><\/div>\n\t\t\t\t<div class=\"blockG\" id=\"rotateG_04\"><\/div>\n\t\t\t\t<div class=\"blockG\" id=\"rotateG_05\"><\/div>\n\t\t\t\t<div class=\"blockG\" id=\"rotateG_06\"><\/div>\n\t\t\t\t<div class=\"blockG\" id=\"rotateG_07\"><\/div>\n\t\t\t\t<div class=\"blockG\" id=\"rotateG_08\"><\/div>\n\t\t\t<\/div>\n\t\t\t<div class=\"WooZone-cross-sell-loader-text\"><\/div>\n\t\t<\/div>\n\t<\/div>\n\n\t\t\n<\/div>\n<div style=\"clear:both;\"><\/div><\/p>\n","protected":false},"excerpt":{"rendered":"<p>SCHNUFFELTUCH FLEDERMAUS: Das Schmusetuch f\u00fcr Babys aus hochwertigem NICI Pl\u00fcsch ist Kuscheltier &amp; Knuddel-Tuch in einem. Tolle Stickereien, geknotete \u00c4rmchen &amp; bunten Farben machen das Pl\u00fcschtier zum kuscheligen Begleiter in den ersten Lebensjahren.<br \/>\nBABY-ERSTAUSSTATTUNG: F\u00fcr Babys Haut nur das Beste. Unsere liebevoll gestalteten Schmuset\u00fccher werden strengen Qualit\u00e4tskontrollen unterzogen, um eine ausgezeichnete Qualit\u00e4t nach modernsten Sicherheitsstandards zu gew\u00e4hrleisten.<br \/>\nMY FIRST NICI: Die Erstlings-Produkte von NICI sind speziell auf Babys und Kleinkinder abgestimmt und f\u00f6rdern ihre Entwicklung spielerisch.<\/p>\n","protected":false},"featured_media":205979,"comment_status":"open","ping_status":"closed","template":"","meta":[],"product_brand":[],"product_cat":[21,8879],"product_tag":[],"class_list":{"0":"post-205978","1":"product","2":"type-product","3":"status-publish","4":"has-post-thumbnail","6":"product_cat-baby","7":"product_cat-baby-kleinkindspielzeug-baby","8":"pa_binding-spielzeug","9":"pa_brand-nici","10":"pa_color-grau-rot","11":"pa_height-11-023622036-zoll","12":"pa_length-2-5590551155-zoll","13":"pa_manufacturer-nici-gmbh","14":"pa_model-52043","15":"pa_warranty-2-jahre-bei-sachgemaesser-behandlung","16":"pa_width-9-448818888-zoll","18":"first","19":"instock","20":"shipping-taxable","21":"purchasable","22":"product-type-simple","23":"customify-col","24":"product-has-gallery"},"yoast_head":"<!-- This site is optimized with the Yoast SEO plugin v27.4 - https:\/\/yoast.com\/product\/yoast-seo-wordpress\/ -->\n<title>NICI 46735 Fledermaus Weltentdecker 25x25 cm ab 0+ Monaten \u2013 Kuscheltuch f\u00fcr Babys &amp; Kleinkinder \u2013 Baby Kuscheltier\/Schnuffeltuch \u2013 Schmusetuch f\u00fcr M\u00e4dchen &amp; Jungen, Buchstabenmuster, GRAU\/ROT - Markt-XXL<\/title>\n<meta name=\"description\" content=\"Markt-XXL NICI 46735 Fledermaus Weltentdecker 25x25 cm ab 0+ Monaten \u2013 Kuscheltuch f\u00fcr Babys &amp; Kleinkinder \u2013 Baby Kuscheltier\/Schnuffeltuch \u2013 Schmusetuch f\u00fcr M\u00e4dchen &amp; Jungen, Buchstabenmuster, GRAU\/ROT\" \/>\n<meta name=\"robots\" content=\"index, follow, max-snippet:-1, max-image-preview:large, max-video-preview:-1\" \/>\n<link rel=\"canonical\" href=\"https:\/\/marktxxl.de\/markt\/produkt\/nici-46735-fledermaus-weltentdecker-25x25-cm-ab-0-monaten-kuscheltuch-fuer-babys-kleinkinder-baby-kuscheltier-schnuffeltuch-schmusetuch-fuer-maedchen-jungen\/\" \/>\n<meta property=\"og:locale\" content=\"de_DE\" \/>\n<meta property=\"og:type\" content=\"article\" \/>\n<meta property=\"og:title\" content=\"NICI 46735 Fledermaus Weltentdecker 25x25 cm ab 0+ Monaten \u2013 Kuscheltuch f\u00fcr Babys &amp; Kleinkinder \u2013 Baby Kuscheltier\/Schnuffeltuch \u2013 Schmusetuch f\u00fcr M\u00e4dchen &amp; Jungen, Buchstabenmuster, GRAU\/ROT - Markt-XXL\" \/>\n<meta property=\"og:description\" content=\"Markt-XXL NICI 46735 Fledermaus Weltentdecker 25x25 cm ab 0+ Monaten \u2013 Kuscheltuch f\u00fcr Babys &amp; Kleinkinder \u2013 Baby Kuscheltier\/Schnuffeltuch \u2013 Schmusetuch f\u00fcr M\u00e4dchen &amp; Jungen, Buchstabenmuster, GRAU\/ROT\" \/>\n<meta property=\"og:url\" content=\"https:\/\/marktxxl.de\/markt\/produkt\/nici-46735-fledermaus-weltentdecker-25x25-cm-ab-0-monaten-kuscheltuch-fuer-babys-kleinkinder-baby-kuscheltier-schnuffeltuch-schmusetuch-fuer-maedchen-jungen\/\" \/>\n<meta property=\"og:site_name\" content=\"Markt-XXL\" \/>\n<meta name=\"twitter:card\" content=\"summary_large_image\" \/>\n<meta name=\"twitter:label1\" content=\"Gesch\u00e4tzte Lesezeit\" \/>\n\t<meta name=\"twitter:data1\" content=\"1\u00a0Minute\" \/>\n<script type=\"application\/ld+json\" class=\"yoast-schema-graph\">{\"@context\":\"https:\\\/\\\/schema.org\",\"@graph\":[{\"@type\":\"WebPage\",\"@id\":\"https:\\\/\\\/marktxxl.de\\\/markt\\\/produkt\\\/nici-46735-fledermaus-weltentdecker-25x25-cm-ab-0-monaten-kuscheltuch-fuer-babys-kleinkinder-baby-kuscheltier-schnuffeltuch-schmusetuch-fuer-maedchen-jungen\\\/\",\"url\":\"https:\\\/\\\/marktxxl.de\\\/markt\\\/produkt\\\/nici-46735-fledermaus-weltentdecker-25x25-cm-ab-0-monaten-kuscheltuch-fuer-babys-kleinkinder-baby-kuscheltier-schnuffeltuch-schmusetuch-fuer-maedchen-jungen\\\/\",\"name\":\"NICI 46735 Fledermaus Weltentdecker 25x25 cm ab 0+ Monaten \u2013 Kuscheltuch f\u00fcr Babys &amp; Kleinkinder \u2013 Baby Kuscheltier\\\/Schnuffeltuch \u2013 Schmusetuch f\u00fcr M\u00e4dchen &amp; Jungen, Buchstabenmuster, GRAU\\\/ROT - Markt-XXL\",\"isPartOf\":{\"@id\":\"https:\\\/\\\/marktxxl.de\\\/markt\\\/#website\"},\"primaryImageOfPage\":{\"@id\":\"https:\\\/\\\/marktxxl.de\\\/markt\\\/produkt\\\/nici-46735-fledermaus-weltentdecker-25x25-cm-ab-0-monaten-kuscheltuch-fuer-babys-kleinkinder-baby-kuscheltier-schnuffeltuch-schmusetuch-fuer-maedchen-jungen\\\/#primaryimage\"},\"image\":{\"@id\":\"https:\\\/\\\/marktxxl.de\\\/markt\\\/produkt\\\/nici-46735-fledermaus-weltentdecker-25x25-cm-ab-0-monaten-kuscheltuch-fuer-babys-kleinkinder-baby-kuscheltier-schnuffeltuch-schmusetuch-fuer-maedchen-jungen\\\/#primaryimage\"},\"thumbnailUrl\":\"https:\\\/\\\/m.media-amazon.com\\\/images\\\/I\\\/41obwrx1EYL._SL500_.jpg\",\"datePublished\":\"2024-05-28T22:36:15+00:00\",\"description\":\"Markt-XXL NICI 46735 Fledermaus Weltentdecker 25x25 cm ab 0+ Monaten \u2013 Kuscheltuch f\u00fcr Babys &amp; Kleinkinder \u2013 Baby Kuscheltier\\\/Schnuffeltuch \u2013 Schmusetuch f\u00fcr M\u00e4dchen &amp; Jungen, Buchstabenmuster, GRAU\\\/ROT\",\"breadcrumb\":{\"@id\":\"https:\\\/\\\/marktxxl.de\\\/markt\\\/produkt\\\/nici-46735-fledermaus-weltentdecker-25x25-cm-ab-0-monaten-kuscheltuch-fuer-babys-kleinkinder-baby-kuscheltier-schnuffeltuch-schmusetuch-fuer-maedchen-jungen\\\/#breadcrumb\"},\"inLanguage\":\"de\",\"potentialAction\":[{\"@type\":\"ReadAction\",\"target\":[\"https:\\\/\\\/marktxxl.de\\\/markt\\\/produkt\\\/nici-46735-fledermaus-weltentdecker-25x25-cm-ab-0-monaten-kuscheltuch-fuer-babys-kleinkinder-baby-kuscheltier-schnuffeltuch-schmusetuch-fuer-maedchen-jungen\\\/\"]}]},{\"@type\":\"ImageObject\",\"inLanguage\":\"de\",\"@id\":\"https:\\\/\\\/marktxxl.de\\\/markt\\\/produkt\\\/nici-46735-fledermaus-weltentdecker-25x25-cm-ab-0-monaten-kuscheltuch-fuer-babys-kleinkinder-baby-kuscheltier-schnuffeltuch-schmusetuch-fuer-maedchen-jungen\\\/#primaryimage\",\"url\":\"https:\\\/\\\/m.media-amazon.com\\\/images\\\/I\\\/41obwrx1EYL._SL500_.jpg\",\"contentUrl\":\"https:\\\/\\\/m.media-amazon.com\\\/images\\\/I\\\/41obwrx1EYL._SL500_.jpg\",\"width\":500,\"height\":500},{\"@type\":\"BreadcrumbList\",\"@id\":\"https:\\\/\\\/marktxxl.de\\\/markt\\\/produkt\\\/nici-46735-fledermaus-weltentdecker-25x25-cm-ab-0-monaten-kuscheltuch-fuer-babys-kleinkinder-baby-kuscheltier-schnuffeltuch-schmusetuch-fuer-maedchen-jungen\\\/#breadcrumb\",\"itemListElement\":[{\"@type\":\"ListItem\",\"position\":1,\"name\":\"Startseite\",\"item\":\"https:\\\/\\\/marktxxl.de\\\/markt\\\/\"},{\"@type\":\"ListItem\",\"position\":2,\"name\":\"Markt\",\"item\":\"https:\\\/\\\/marktxxl.de\\\/markt\\\/\"},{\"@type\":\"ListItem\",\"position\":3,\"name\":\"NICI 46735 Fledermaus Weltentdecker 25&#215;25 cm ab 0+ Monaten \u2013 Kuscheltuch f\u00fcr Babys &amp; Kleinkinder \u2013 Baby Kuscheltier\\\/Schnuffeltuch \u2013 Schmusetuch f\u00fcr M\u00e4dchen &amp; Jungen, Buchstabenmuster, GRAU\\\/ROT\"}]},{\"@type\":\"WebSite\",\"@id\":\"https:\\\/\\\/marktxxl.de\\\/markt\\\/#website\",\"url\":\"https:\\\/\\\/marktxxl.de\\\/markt\\\/\",\"name\":\"Markt-XXL\",\"description\":\"Ihr Markt Online\",\"publisher\":{\"@id\":\"https:\\\/\\\/marktxxl.de\\\/markt\\\/#organization\"},\"potentialAction\":[{\"@type\":\"SearchAction\",\"target\":{\"@type\":\"EntryPoint\",\"urlTemplate\":\"https:\\\/\\\/marktxxl.de\\\/markt\\\/?s={search_term_string}\"},\"query-input\":{\"@type\":\"PropertyValueSpecification\",\"valueRequired\":true,\"valueName\":\"search_term_string\"}}],\"inLanguage\":\"de\"},{\"@type\":\"Organization\",\"@id\":\"https:\\\/\\\/marktxxl.de\\\/markt\\\/#organization\",\"name\":\"Markt-XXL\",\"url\":\"https:\\\/\\\/marktxxl.de\\\/markt\\\/\",\"logo\":{\"@type\":\"ImageObject\",\"inLanguage\":\"de\",\"@id\":\"https:\\\/\\\/marktxxl.de\\\/markt\\\/#\\\/schema\\\/logo\\\/image\\\/\",\"url\":\"https:\\\/\\\/marktxxl.de\\\/markt\\\/wp-content\\\/uploads\\\/sites\\\/3\\\/2020\\\/12\\\/logo.png\",\"contentUrl\":\"https:\\\/\\\/marktxxl.de\\\/markt\\\/wp-content\\\/uploads\\\/sites\\\/3\\\/2020\\\/12\\\/logo.png\",\"width\":200,\"height\":70,\"caption\":\"Markt-XXL\"},\"image\":{\"@id\":\"https:\\\/\\\/marktxxl.de\\\/markt\\\/#\\\/schema\\\/logo\\\/image\\\/\"}}]}<\/script>\n<!-- \/ Yoast SEO plugin. -->","yoast_head_json":{"title":"NICI 46735 Fledermaus Weltentdecker 25x25 cm ab 0+ Monaten \u2013 Kuscheltuch f\u00fcr Babys &amp; Kleinkinder \u2013 Baby Kuscheltier\/Schnuffeltuch \u2013 Schmusetuch f\u00fcr M\u00e4dchen &amp; Jungen, Buchstabenmuster, GRAU\/ROT - Markt-XXL","description":"Markt-XXL NICI 46735 Fledermaus Weltentdecker 25x25 cm ab 0+ Monaten \u2013 Kuscheltuch f\u00fcr Babys &amp; Kleinkinder \u2013 Baby Kuscheltier\/Schnuffeltuch \u2013 Schmusetuch f\u00fcr M\u00e4dchen &amp; Jungen, Buchstabenmuster, GRAU\/ROT","robots":{"index":"index","follow":"follow","max-snippet":"max-snippet:-1","max-image-preview":"max-image-preview:large","max-video-preview":"max-video-preview:-1"},"canonical":"https:\/\/marktxxl.de\/markt\/produkt\/nici-46735-fledermaus-weltentdecker-25x25-cm-ab-0-monaten-kuscheltuch-fuer-babys-kleinkinder-baby-kuscheltier-schnuffeltuch-schmusetuch-fuer-maedchen-jungen\/","og_locale":"de_DE","og_type":"article","og_title":"NICI 46735 Fledermaus Weltentdecker 25x25 cm ab 0+ Monaten \u2013 Kuscheltuch f\u00fcr Babys &amp; Kleinkinder \u2013 Baby Kuscheltier\/Schnuffeltuch \u2013 Schmusetuch f\u00fcr M\u00e4dchen &amp; Jungen, Buchstabenmuster, GRAU\/ROT - Markt-XXL","og_description":"Markt-XXL NICI 46735 Fledermaus Weltentdecker 25x25 cm ab 0+ Monaten \u2013 Kuscheltuch f\u00fcr Babys &amp; Kleinkinder \u2013 Baby Kuscheltier\/Schnuffeltuch \u2013 Schmusetuch f\u00fcr M\u00e4dchen &amp; Jungen, Buchstabenmuster, GRAU\/ROT","og_url":"https:\/\/marktxxl.de\/markt\/produkt\/nici-46735-fledermaus-weltentdecker-25x25-cm-ab-0-monaten-kuscheltuch-fuer-babys-kleinkinder-baby-kuscheltier-schnuffeltuch-schmusetuch-fuer-maedchen-jungen\/","og_site_name":"Markt-XXL","twitter_card":"summary_large_image","twitter_misc":{"Gesch\u00e4tzte Lesezeit":"1\u00a0Minute"},"schema":{"@context":"https:\/\/schema.org","@graph":[{"@type":"WebPage","@id":"https:\/\/marktxxl.de\/markt\/produkt\/nici-46735-fledermaus-weltentdecker-25x25-cm-ab-0-monaten-kuscheltuch-fuer-babys-kleinkinder-baby-kuscheltier-schnuffeltuch-schmusetuch-fuer-maedchen-jungen\/","url":"https:\/\/marktxxl.de\/markt\/produkt\/nici-46735-fledermaus-weltentdecker-25x25-cm-ab-0-monaten-kuscheltuch-fuer-babys-kleinkinder-baby-kuscheltier-schnuffeltuch-schmusetuch-fuer-maedchen-jungen\/","name":"NICI 46735 Fledermaus Weltentdecker 25x25 cm ab 0+ Monaten \u2013 Kuscheltuch f\u00fcr Babys &amp; Kleinkinder \u2013 Baby Kuscheltier\/Schnuffeltuch \u2013 Schmusetuch f\u00fcr M\u00e4dchen &amp; Jungen, Buchstabenmuster, GRAU\/ROT - Markt-XXL","isPartOf":{"@id":"https:\/\/marktxxl.de\/markt\/#website"},"primaryImageOfPage":{"@id":"https:\/\/marktxxl.de\/markt\/produkt\/nici-46735-fledermaus-weltentdecker-25x25-cm-ab-0-monaten-kuscheltuch-fuer-babys-kleinkinder-baby-kuscheltier-schnuffeltuch-schmusetuch-fuer-maedchen-jungen\/#primaryimage"},"image":{"@id":"https:\/\/marktxxl.de\/markt\/produkt\/nici-46735-fledermaus-weltentdecker-25x25-cm-ab-0-monaten-kuscheltuch-fuer-babys-kleinkinder-baby-kuscheltier-schnuffeltuch-schmusetuch-fuer-maedchen-jungen\/#primaryimage"},"thumbnailUrl":"https:\/\/m.media-amazon.com\/images\/I\/41obwrx1EYL._SL500_.jpg","datePublished":"2024-05-28T22:36:15+00:00","description":"Markt-XXL NICI 46735 Fledermaus Weltentdecker 25x25 cm ab 0+ Monaten \u2013 Kuscheltuch f\u00fcr Babys &amp; Kleinkinder \u2013 Baby Kuscheltier\/Schnuffeltuch \u2013 Schmusetuch f\u00fcr M\u00e4dchen &amp; Jungen, Buchstabenmuster, GRAU\/ROT","breadcrumb":{"@id":"https:\/\/marktxxl.de\/markt\/produkt\/nici-46735-fledermaus-weltentdecker-25x25-cm-ab-0-monaten-kuscheltuch-fuer-babys-kleinkinder-baby-kuscheltier-schnuffeltuch-schmusetuch-fuer-maedchen-jungen\/#breadcrumb"},"inLanguage":"de","potentialAction":[{"@type":"ReadAction","target":["https:\/\/marktxxl.de\/markt\/produkt\/nici-46735-fledermaus-weltentdecker-25x25-cm-ab-0-monaten-kuscheltuch-fuer-babys-kleinkinder-baby-kuscheltier-schnuffeltuch-schmusetuch-fuer-maedchen-jungen\/"]}]},{"@type":"ImageObject","inLanguage":"de","@id":"https:\/\/marktxxl.de\/markt\/produkt\/nici-46735-fledermaus-weltentdecker-25x25-cm-ab-0-monaten-kuscheltuch-fuer-babys-kleinkinder-baby-kuscheltier-schnuffeltuch-schmusetuch-fuer-maedchen-jungen\/#primaryimage","url":"https:\/\/m.media-amazon.com\/images\/I\/41obwrx1EYL._SL500_.jpg","contentUrl":"https:\/\/m.media-amazon.com\/images\/I\/41obwrx1EYL._SL500_.jpg","width":500,"height":500},{"@type":"BreadcrumbList","@id":"https:\/\/marktxxl.de\/markt\/produkt\/nici-46735-fledermaus-weltentdecker-25x25-cm-ab-0-monaten-kuscheltuch-fuer-babys-kleinkinder-baby-kuscheltier-schnuffeltuch-schmusetuch-fuer-maedchen-jungen\/#breadcrumb","itemListElement":[{"@type":"ListItem","position":1,"name":"Startseite","item":"https:\/\/marktxxl.de\/markt\/"},{"@type":"ListItem","position":2,"name":"Markt","item":"https:\/\/marktxxl.de\/markt\/"},{"@type":"ListItem","position":3,"name":"NICI 46735 Fledermaus Weltentdecker 25&#215;25 cm ab 0+ Monaten \u2013 Kuscheltuch f\u00fcr Babys &amp; Kleinkinder \u2013 Baby Kuscheltier\/Schnuffeltuch \u2013 Schmusetuch f\u00fcr M\u00e4dchen &amp; Jungen, Buchstabenmuster, GRAU\/ROT"}]},{"@type":"WebSite","@id":"https:\/\/marktxxl.de\/markt\/#website","url":"https:\/\/marktxxl.de\/markt\/","name":"Markt-XXL","description":"Ihr Markt Online","publisher":{"@id":"https:\/\/marktxxl.de\/markt\/#organization"},"potentialAction":[{"@type":"SearchAction","target":{"@type":"EntryPoint","urlTemplate":"https:\/\/marktxxl.de\/markt\/?s={search_term_string}"},"query-input":{"@type":"PropertyValueSpecification","valueRequired":true,"valueName":"search_term_string"}}],"inLanguage":"de"},{"@type":"Organization","@id":"https:\/\/marktxxl.de\/markt\/#organization","name":"Markt-XXL","url":"https:\/\/marktxxl.de\/markt\/","logo":{"@type":"ImageObject","inLanguage":"de","@id":"https:\/\/marktxxl.de\/markt\/#\/schema\/logo\/image\/","url":"https:\/\/marktxxl.de\/markt\/wp-content\/uploads\/sites\/3\/2020\/12\/logo.png","contentUrl":"https:\/\/marktxxl.de\/markt\/wp-content\/uploads\/sites\/3\/2020\/12\/logo.png","width":200,"height":70,"caption":"Markt-XXL"},"image":{"@id":"https:\/\/marktxxl.de\/markt\/#\/schema\/logo\/image\/"}}]}},"_links":{"self":[{"href":"https:\/\/marktxxl.de\/markt\/wp-json\/wp\/v2\/product\/205978","targetHints":{"allow":["GET"]}}],"collection":[{"href":"https:\/\/marktxxl.de\/markt\/wp-json\/wp\/v2\/product"}],"about":[{"href":"https:\/\/marktxxl.de\/markt\/wp-json\/wp\/v2\/types\/product"}],"replies":[{"embeddable":true,"href":"https:\/\/marktxxl.de\/markt\/wp-json\/wp\/v2\/comments?post=205978"}],"wp:featuredmedia":[{"embeddable":true,"href":"https:\/\/marktxxl.de\/markt\/wp-json\/wp\/v2\/media\/205979"}],"wp:attachment":[{"href":"https:\/\/marktxxl.de\/markt\/wp-json\/wp\/v2\/media?parent=205978"}],"wp:term":[{"taxonomy":"product_brand","embeddable":true,"href":"https:\/\/marktxxl.de\/markt\/wp-json\/wp\/v2\/product_brand?post=205978"},{"taxonomy":"product_cat","embeddable":true,"href":"https:\/\/marktxxl.de\/markt\/wp-json\/wp\/v2\/product_cat?post=205978"},{"taxonomy":"product_tag","embeddable":true,"href":"https:\/\/marktxxl.de\/markt\/wp-json\/wp\/v2\/product_tag?post=205978"}],"curies":[{"name":"wp","href":"https:\/\/api.w.org\/{rel}","templated":true}]}}