{"id":205940,"date":"2024-05-29T00:31:57","date_gmt":"2024-05-28T22:31:57","guid":{"rendered":"https:\/\/marktxxl.de\/markt\/produkt\/merle-toys-faedelspiel-auf-dem-bauernhof-montessori-spielzeug-fuer-kinder-ab-2-jahren-motorikspielzeug-aus-holz-kinderspielzeug-holzspielzeug-mit-12-holzfiguren-und-spielbrett\/"},"modified":"2024-05-29T00:31:57","modified_gmt":"2024-05-28T22:31:57","slug":"merle-toys-faedelspiel-auf-dem-bauernhof-montessori-spielzeug-fuer-kinder-ab-2-jahren-motorikspielzeug-aus-holz-kinderspielzeug-holzspielzeug-mit-12-holzfiguren-und-spielbrett","status":"publish","type":"product","link":"https:\/\/marktxxl.de\/markt\/produkt\/merle-toys-faedelspiel-auf-dem-bauernhof-montessori-spielzeug-fuer-kinder-ab-2-jahren-motorikspielzeug-aus-holz-kinderspielzeug-holzspielzeug-mit-12-holzfiguren-und-spielbrett\/","title":{"rendered":"Merle Toys\u00ae F\u00e4delspiel auf dem Bauernhof: Montessori Spielzeug f\u00fcr Kinder ab 2 Jahren, Motorikspielzeug aus Holz, Kinderspielzeug, Holzspielzeug mit 12 Holzfiguren und Spielbrett"},"content":{"rendered":"<p>\u2705 F\u00d6RDERT DIE KINDLICHE ENTWICKLUNG: Bei unserem unterhaltsamen Spiel ab 2 Jahren steht die F\u00f6rderung der Feinmotorik im Mittelpunkt. Au\u00dferdem wird das Erkennen von Formen gef\u00f6rdert sowie die Fantasie, Kreativit\u00e4t und Konzentration des Kleinkindes angeregt<br \/>\n\u2705 ENTWICKELT VON P\u00c4DAGOG\/INNEN und perfekt an die Bed\u00fcrfnisse des Kindes angepasst. Dieses p\u00e4dagogische Spielzeug besteht aus 12 entz\u00fcckenden Holzfiguren zum Auff\u00e4deln und einem lebendigen Spielbrett, was das freie Spiel des Kindes f\u00f6rdert<br \/>\n\u2705 HOCHWERTIGES MATERIAL: Unser Lernspielzeug wird aus hochwertigem Buchenholz (Holzfiguren) und fester Pappe (Spielbrett) gefertigt. Eine praktische Aufbewahrungstasche aus 100% Baumwolle hilft, alle Spielfiguren an einem Ort aufzubewahren<br \/>\n\u2705 PERFEKTES GESCHENK f\u00fcr M\u00e4dchen und Jungen zum Geburtstag, als ideales Gastgeschenk zum Kindergeburtstag oder als hervorragendes Weihnachtsgeschenk f\u00fcr Kinder<br \/>\n\u2705 GEPR\u00dcFTE SICHERHEIT: Alle unsere Produkte entsprechen der DIN EN 71 Sicherheitsnorm. Vom ersten Entwurf bis zur Testung in einem unabh\u00e4ngigen deutschen Labor (T\u00dcV S\u00dcD) steht die Sicherheit bei uns immer an erster Stelle<br \/>\n<div class=\"main-cross-sell\" data-asin=\"B09G71W1XT\">\n\n\t<div class=\"WooZone-cross-sell-loader\">\n\t\t<div>\n\t\t\t<div id=\"floatingBarsG\">\n\t\t\t\t<div class=\"blockG\" id=\"rotateG_01\"><\/div>\n\t\t\t\t<div class=\"blockG\" id=\"rotateG_02\"><\/div>\n\t\t\t\t<div class=\"blockG\" id=\"rotateG_03\"><\/div>\n\t\t\t\t<div class=\"blockG\" id=\"rotateG_04\"><\/div>\n\t\t\t\t<div class=\"blockG\" id=\"rotateG_05\"><\/div>\n\t\t\t\t<div class=\"blockG\" id=\"rotateG_06\"><\/div>\n\t\t\t\t<div class=\"blockG\" id=\"rotateG_07\"><\/div>\n\t\t\t\t<div class=\"blockG\" id=\"rotateG_08\"><\/div>\n\t\t\t<\/div>\n\t\t\t<div class=\"WooZone-cross-sell-loader-text\"><\/div>\n\t\t<\/div>\n\t<\/div>\n\n\t\t\n<\/div>\n<div style=\"clear:both;\"><\/div><\/p>\n","protected":false},"excerpt":{"rendered":"<p>\u2705 F\u00d6RDERT DIE KINDLICHE ENTWICKLUNG: Bei unserem unterhaltsamen Spiel ab 2 Jahren steht die F\u00f6rderung der Feinmotorik im Mittelpunkt. Au\u00dferdem wird das Erkennen von Formen gef\u00f6rdert sowie die Fantasie, Kreativit\u00e4t und Konzentration des Kleinkindes angeregt<br \/>\n\u2705 ENTWICKELT VON P\u00c4DAGOG\/INNEN und perfekt an die Bed\u00fcrfnisse des Kindes angepasst. Dieses p\u00e4dagogische Spielzeug besteht aus 12 entz\u00fcckenden Holzfiguren zum Auff\u00e4deln und einem lebendigen Spielbrett, was das freie Spiel des Kindes f\u00f6rdert<br \/>\n\u2705 HOCHWERTIGES MATERIAL: Unser Lernspielzeug wird aus hochwertigem Buchenholz (Holzfiguren) und fester Pappe (Spielbrett) gefertigt. Eine praktische Aufbewahrungstasche aus 100% Baumwolle hilft, alle Spielfiguren an einem Ort aufzubewahren<\/p>\n","protected":false},"featured_media":205941,"comment_status":"open","ping_status":"closed","template":"","meta":[],"product_brand":[],"product_cat":[21,8879],"product_tag":[],"class_list":{"0":"post-205940","1":"product","2":"type-product","3":"status-publish","4":"has-post-thumbnail","6":"product_cat-baby","7":"product_cat-baby-kleinkindspielzeug-baby","8":"pa_brand-merle-toys","9":"pa_height-2-28346-zoll","10":"pa_length-8-14959-zoll","11":"pa_manufacturer-merle-toys-gmbh","12":"pa_weight-1-6314207388-pfund","13":"pa_width-7-95274-zoll","15":"first","16":"instock","17":"sale","18":"shipping-taxable","19":"purchasable","20":"product-type-simple","21":"customify-col","22":"product-has-gallery"},"yoast_head":"<!-- This site is optimized with the Yoast SEO plugin v27.4 - https:\/\/yoast.com\/product\/yoast-seo-wordpress\/ -->\n<title>Merle Toys\u00ae F\u00e4delspiel auf dem Bauernhof: Montessori Spielzeug f\u00fcr Kinder ab 2 Jahren, Motorikspielzeug aus Holz, Kinderspielzeug, Holzspielzeug mit 12 Holzfiguren und Spielbrett - Markt-XXL<\/title>\n<meta name=\"description\" content=\"Markt-XXL Merle Toys\u00ae F\u00e4delspiel auf dem Bauernhof: Montessori Spielzeug f\u00fcr Kinder ab 2 Jahren, Motorikspielzeug aus Holz, Kinderspielzeug, Holzspielzeug mit 12 Holzfiguren und Spielbrett\" \/>\n<meta name=\"robots\" content=\"index, follow, max-snippet:-1, max-image-preview:large, max-video-preview:-1\" \/>\n<link rel=\"canonical\" href=\"https:\/\/marktxxl.de\/markt\/produkt\/merle-toys-faedelspiel-auf-dem-bauernhof-montessori-spielzeug-fuer-kinder-ab-2-jahren-motorikspielzeug-aus-holz-kinderspielzeug-holzspielzeug-mit-12-holzfiguren-und-spielbrett\/\" \/>\n<meta property=\"og:locale\" content=\"de_DE\" \/>\n<meta property=\"og:type\" content=\"article\" \/>\n<meta property=\"og:title\" content=\"Merle Toys\u00ae F\u00e4delspiel auf dem Bauernhof: Montessori Spielzeug f\u00fcr Kinder ab 2 Jahren, Motorikspielzeug aus Holz, Kinderspielzeug, Holzspielzeug mit 12 Holzfiguren und Spielbrett - Markt-XXL\" \/>\n<meta property=\"og:description\" content=\"Markt-XXL Merle Toys\u00ae F\u00e4delspiel auf dem Bauernhof: Montessori Spielzeug f\u00fcr Kinder ab 2 Jahren, Motorikspielzeug aus Holz, Kinderspielzeug, Holzspielzeug mit 12 Holzfiguren und Spielbrett\" \/>\n<meta property=\"og:url\" content=\"https:\/\/marktxxl.de\/markt\/produkt\/merle-toys-faedelspiel-auf-dem-bauernhof-montessori-spielzeug-fuer-kinder-ab-2-jahren-motorikspielzeug-aus-holz-kinderspielzeug-holzspielzeug-mit-12-holzfiguren-und-spielbrett\/\" \/>\n<meta property=\"og:site_name\" content=\"Markt-XXL\" \/>\n<meta name=\"twitter:card\" content=\"summary_large_image\" \/>\n<meta name=\"twitter:label1\" content=\"Gesch\u00e4tzte Lesezeit\" \/>\n\t<meta name=\"twitter:data1\" content=\"1\u00a0Minute\" \/>\n<script type=\"application\/ld+json\" class=\"yoast-schema-graph\">{\"@context\":\"https:\\\/\\\/schema.org\",\"@graph\":[{\"@type\":\"WebPage\",\"@id\":\"https:\\\/\\\/marktxxl.de\\\/markt\\\/produkt\\\/merle-toys-faedelspiel-auf-dem-bauernhof-montessori-spielzeug-fuer-kinder-ab-2-jahren-motorikspielzeug-aus-holz-kinderspielzeug-holzspielzeug-mit-12-holzfiguren-und-spielbrett\\\/\",\"url\":\"https:\\\/\\\/marktxxl.de\\\/markt\\\/produkt\\\/merle-toys-faedelspiel-auf-dem-bauernhof-montessori-spielzeug-fuer-kinder-ab-2-jahren-motorikspielzeug-aus-holz-kinderspielzeug-holzspielzeug-mit-12-holzfiguren-und-spielbrett\\\/\",\"name\":\"Merle Toys\u00ae F\u00e4delspiel auf dem Bauernhof: Montessori Spielzeug f\u00fcr Kinder ab 2 Jahren, Motorikspielzeug aus Holz, Kinderspielzeug, Holzspielzeug mit 12 Holzfiguren und Spielbrett - Markt-XXL\",\"isPartOf\":{\"@id\":\"https:\\\/\\\/marktxxl.de\\\/markt\\\/#website\"},\"primaryImageOfPage\":{\"@id\":\"https:\\\/\\\/marktxxl.de\\\/markt\\\/produkt\\\/merle-toys-faedelspiel-auf-dem-bauernhof-montessori-spielzeug-fuer-kinder-ab-2-jahren-motorikspielzeug-aus-holz-kinderspielzeug-holzspielzeug-mit-12-holzfiguren-und-spielbrett\\\/#primaryimage\"},\"image\":{\"@id\":\"https:\\\/\\\/marktxxl.de\\\/markt\\\/produkt\\\/merle-toys-faedelspiel-auf-dem-bauernhof-montessori-spielzeug-fuer-kinder-ab-2-jahren-motorikspielzeug-aus-holz-kinderspielzeug-holzspielzeug-mit-12-holzfiguren-und-spielbrett\\\/#primaryimage\"},\"thumbnailUrl\":\"https:\\\/\\\/m.media-amazon.com\\\/images\\\/I\\\/51dIM1bYxrL._SL500_.jpg\",\"datePublished\":\"2024-05-28T22:31:57+00:00\",\"description\":\"Markt-XXL Merle Toys\u00ae F\u00e4delspiel auf dem Bauernhof: Montessori Spielzeug f\u00fcr Kinder ab 2 Jahren, Motorikspielzeug aus Holz, Kinderspielzeug, Holzspielzeug mit 12 Holzfiguren und Spielbrett\",\"breadcrumb\":{\"@id\":\"https:\\\/\\\/marktxxl.de\\\/markt\\\/produkt\\\/merle-toys-faedelspiel-auf-dem-bauernhof-montessori-spielzeug-fuer-kinder-ab-2-jahren-motorikspielzeug-aus-holz-kinderspielzeug-holzspielzeug-mit-12-holzfiguren-und-spielbrett\\\/#breadcrumb\"},\"inLanguage\":\"de\",\"potentialAction\":[{\"@type\":\"ReadAction\",\"target\":[\"https:\\\/\\\/marktxxl.de\\\/markt\\\/produkt\\\/merle-toys-faedelspiel-auf-dem-bauernhof-montessori-spielzeug-fuer-kinder-ab-2-jahren-motorikspielzeug-aus-holz-kinderspielzeug-holzspielzeug-mit-12-holzfiguren-und-spielbrett\\\/\"]}]},{\"@type\":\"ImageObject\",\"inLanguage\":\"de\",\"@id\":\"https:\\\/\\\/marktxxl.de\\\/markt\\\/produkt\\\/merle-toys-faedelspiel-auf-dem-bauernhof-montessori-spielzeug-fuer-kinder-ab-2-jahren-motorikspielzeug-aus-holz-kinderspielzeug-holzspielzeug-mit-12-holzfiguren-und-spielbrett\\\/#primaryimage\",\"url\":\"https:\\\/\\\/m.media-amazon.com\\\/images\\\/I\\\/51dIM1bYxrL._SL500_.jpg\",\"contentUrl\":\"https:\\\/\\\/m.media-amazon.com\\\/images\\\/I\\\/51dIM1bYxrL._SL500_.jpg\",\"width\":500,\"height\":500},{\"@type\":\"BreadcrumbList\",\"@id\":\"https:\\\/\\\/marktxxl.de\\\/markt\\\/produkt\\\/merle-toys-faedelspiel-auf-dem-bauernhof-montessori-spielzeug-fuer-kinder-ab-2-jahren-motorikspielzeug-aus-holz-kinderspielzeug-holzspielzeug-mit-12-holzfiguren-und-spielbrett\\\/#breadcrumb\",\"itemListElement\":[{\"@type\":\"ListItem\",\"position\":1,\"name\":\"Startseite\",\"item\":\"https:\\\/\\\/marktxxl.de\\\/markt\\\/\"},{\"@type\":\"ListItem\",\"position\":2,\"name\":\"Markt\",\"item\":\"https:\\\/\\\/marktxxl.de\\\/markt\\\/\"},{\"@type\":\"ListItem\",\"position\":3,\"name\":\"Merle Toys\u00ae F\u00e4delspiel auf dem Bauernhof: Montessori Spielzeug f\u00fcr Kinder ab 2 Jahren, Motorikspielzeug aus Holz, Kinderspielzeug, Holzspielzeug mit 12 Holzfiguren und Spielbrett\"}]},{\"@type\":\"WebSite\",\"@id\":\"https:\\\/\\\/marktxxl.de\\\/markt\\\/#website\",\"url\":\"https:\\\/\\\/marktxxl.de\\\/markt\\\/\",\"name\":\"Markt-XXL\",\"description\":\"Ihr Markt Online\",\"publisher\":{\"@id\":\"https:\\\/\\\/marktxxl.de\\\/markt\\\/#organization\"},\"potentialAction\":[{\"@type\":\"SearchAction\",\"target\":{\"@type\":\"EntryPoint\",\"urlTemplate\":\"https:\\\/\\\/marktxxl.de\\\/markt\\\/?s={search_term_string}\"},\"query-input\":{\"@type\":\"PropertyValueSpecification\",\"valueRequired\":true,\"valueName\":\"search_term_string\"}}],\"inLanguage\":\"de\"},{\"@type\":\"Organization\",\"@id\":\"https:\\\/\\\/marktxxl.de\\\/markt\\\/#organization\",\"name\":\"Markt-XXL\",\"url\":\"https:\\\/\\\/marktxxl.de\\\/markt\\\/\",\"logo\":{\"@type\":\"ImageObject\",\"inLanguage\":\"de\",\"@id\":\"https:\\\/\\\/marktxxl.de\\\/markt\\\/#\\\/schema\\\/logo\\\/image\\\/\",\"url\":\"https:\\\/\\\/marktxxl.de\\\/markt\\\/wp-content\\\/uploads\\\/sites\\\/3\\\/2020\\\/12\\\/logo.png\",\"contentUrl\":\"https:\\\/\\\/marktxxl.de\\\/markt\\\/wp-content\\\/uploads\\\/sites\\\/3\\\/2020\\\/12\\\/logo.png\",\"width\":200,\"height\":70,\"caption\":\"Markt-XXL\"},\"image\":{\"@id\":\"https:\\\/\\\/marktxxl.de\\\/markt\\\/#\\\/schema\\\/logo\\\/image\\\/\"}}]}<\/script>\n<!-- \/ Yoast SEO plugin. -->","yoast_head_json":{"title":"Merle Toys\u00ae F\u00e4delspiel auf dem Bauernhof: Montessori Spielzeug f\u00fcr Kinder ab 2 Jahren, Motorikspielzeug aus Holz, Kinderspielzeug, Holzspielzeug mit 12 Holzfiguren und Spielbrett - Markt-XXL","description":"Markt-XXL Merle Toys\u00ae F\u00e4delspiel auf dem Bauernhof: Montessori Spielzeug f\u00fcr Kinder ab 2 Jahren, Motorikspielzeug aus Holz, Kinderspielzeug, Holzspielzeug mit 12 Holzfiguren und Spielbrett","robots":{"index":"index","follow":"follow","max-snippet":"max-snippet:-1","max-image-preview":"max-image-preview:large","max-video-preview":"max-video-preview:-1"},"canonical":"https:\/\/marktxxl.de\/markt\/produkt\/merle-toys-faedelspiel-auf-dem-bauernhof-montessori-spielzeug-fuer-kinder-ab-2-jahren-motorikspielzeug-aus-holz-kinderspielzeug-holzspielzeug-mit-12-holzfiguren-und-spielbrett\/","og_locale":"de_DE","og_type":"article","og_title":"Merle Toys\u00ae F\u00e4delspiel auf dem Bauernhof: Montessori Spielzeug f\u00fcr Kinder ab 2 Jahren, Motorikspielzeug aus Holz, Kinderspielzeug, Holzspielzeug mit 12 Holzfiguren und Spielbrett - Markt-XXL","og_description":"Markt-XXL Merle Toys\u00ae F\u00e4delspiel auf dem Bauernhof: Montessori Spielzeug f\u00fcr Kinder ab 2 Jahren, Motorikspielzeug aus Holz, Kinderspielzeug, Holzspielzeug mit 12 Holzfiguren und Spielbrett","og_url":"https:\/\/marktxxl.de\/markt\/produkt\/merle-toys-faedelspiel-auf-dem-bauernhof-montessori-spielzeug-fuer-kinder-ab-2-jahren-motorikspielzeug-aus-holz-kinderspielzeug-holzspielzeug-mit-12-holzfiguren-und-spielbrett\/","og_site_name":"Markt-XXL","twitter_card":"summary_large_image","twitter_misc":{"Gesch\u00e4tzte Lesezeit":"1\u00a0Minute"},"schema":{"@context":"https:\/\/schema.org","@graph":[{"@type":"WebPage","@id":"https:\/\/marktxxl.de\/markt\/produkt\/merle-toys-faedelspiel-auf-dem-bauernhof-montessori-spielzeug-fuer-kinder-ab-2-jahren-motorikspielzeug-aus-holz-kinderspielzeug-holzspielzeug-mit-12-holzfiguren-und-spielbrett\/","url":"https:\/\/marktxxl.de\/markt\/produkt\/merle-toys-faedelspiel-auf-dem-bauernhof-montessori-spielzeug-fuer-kinder-ab-2-jahren-motorikspielzeug-aus-holz-kinderspielzeug-holzspielzeug-mit-12-holzfiguren-und-spielbrett\/","name":"Merle Toys\u00ae F\u00e4delspiel auf dem Bauernhof: Montessori Spielzeug f\u00fcr Kinder ab 2 Jahren, Motorikspielzeug aus Holz, Kinderspielzeug, Holzspielzeug mit 12 Holzfiguren und Spielbrett - Markt-XXL","isPartOf":{"@id":"https:\/\/marktxxl.de\/markt\/#website"},"primaryImageOfPage":{"@id":"https:\/\/marktxxl.de\/markt\/produkt\/merle-toys-faedelspiel-auf-dem-bauernhof-montessori-spielzeug-fuer-kinder-ab-2-jahren-motorikspielzeug-aus-holz-kinderspielzeug-holzspielzeug-mit-12-holzfiguren-und-spielbrett\/#primaryimage"},"image":{"@id":"https:\/\/marktxxl.de\/markt\/produkt\/merle-toys-faedelspiel-auf-dem-bauernhof-montessori-spielzeug-fuer-kinder-ab-2-jahren-motorikspielzeug-aus-holz-kinderspielzeug-holzspielzeug-mit-12-holzfiguren-und-spielbrett\/#primaryimage"},"thumbnailUrl":"https:\/\/m.media-amazon.com\/images\/I\/51dIM1bYxrL._SL500_.jpg","datePublished":"2024-05-28T22:31:57+00:00","description":"Markt-XXL Merle Toys\u00ae F\u00e4delspiel auf dem Bauernhof: Montessori Spielzeug f\u00fcr Kinder ab 2 Jahren, Motorikspielzeug aus Holz, Kinderspielzeug, Holzspielzeug mit 12 Holzfiguren und Spielbrett","breadcrumb":{"@id":"https:\/\/marktxxl.de\/markt\/produkt\/merle-toys-faedelspiel-auf-dem-bauernhof-montessori-spielzeug-fuer-kinder-ab-2-jahren-motorikspielzeug-aus-holz-kinderspielzeug-holzspielzeug-mit-12-holzfiguren-und-spielbrett\/#breadcrumb"},"inLanguage":"de","potentialAction":[{"@type":"ReadAction","target":["https:\/\/marktxxl.de\/markt\/produkt\/merle-toys-faedelspiel-auf-dem-bauernhof-montessori-spielzeug-fuer-kinder-ab-2-jahren-motorikspielzeug-aus-holz-kinderspielzeug-holzspielzeug-mit-12-holzfiguren-und-spielbrett\/"]}]},{"@type":"ImageObject","inLanguage":"de","@id":"https:\/\/marktxxl.de\/markt\/produkt\/merle-toys-faedelspiel-auf-dem-bauernhof-montessori-spielzeug-fuer-kinder-ab-2-jahren-motorikspielzeug-aus-holz-kinderspielzeug-holzspielzeug-mit-12-holzfiguren-und-spielbrett\/#primaryimage","url":"https:\/\/m.media-amazon.com\/images\/I\/51dIM1bYxrL._SL500_.jpg","contentUrl":"https:\/\/m.media-amazon.com\/images\/I\/51dIM1bYxrL._SL500_.jpg","width":500,"height":500},{"@type":"BreadcrumbList","@id":"https:\/\/marktxxl.de\/markt\/produkt\/merle-toys-faedelspiel-auf-dem-bauernhof-montessori-spielzeug-fuer-kinder-ab-2-jahren-motorikspielzeug-aus-holz-kinderspielzeug-holzspielzeug-mit-12-holzfiguren-und-spielbrett\/#breadcrumb","itemListElement":[{"@type":"ListItem","position":1,"name":"Startseite","item":"https:\/\/marktxxl.de\/markt\/"},{"@type":"ListItem","position":2,"name":"Markt","item":"https:\/\/marktxxl.de\/markt\/"},{"@type":"ListItem","position":3,"name":"Merle Toys\u00ae F\u00e4delspiel auf dem Bauernhof: Montessori Spielzeug f\u00fcr Kinder ab 2 Jahren, Motorikspielzeug aus Holz, Kinderspielzeug, Holzspielzeug mit 12 Holzfiguren und Spielbrett"}]},{"@type":"WebSite","@id":"https:\/\/marktxxl.de\/markt\/#website","url":"https:\/\/marktxxl.de\/markt\/","name":"Markt-XXL","description":"Ihr Markt Online","publisher":{"@id":"https:\/\/marktxxl.de\/markt\/#organization"},"potentialAction":[{"@type":"SearchAction","target":{"@type":"EntryPoint","urlTemplate":"https:\/\/marktxxl.de\/markt\/?s={search_term_string}"},"query-input":{"@type":"PropertyValueSpecification","valueRequired":true,"valueName":"search_term_string"}}],"inLanguage":"de"},{"@type":"Organization","@id":"https:\/\/marktxxl.de\/markt\/#organization","name":"Markt-XXL","url":"https:\/\/marktxxl.de\/markt\/","logo":{"@type":"ImageObject","inLanguage":"de","@id":"https:\/\/marktxxl.de\/markt\/#\/schema\/logo\/image\/","url":"https:\/\/marktxxl.de\/markt\/wp-content\/uploads\/sites\/3\/2020\/12\/logo.png","contentUrl":"https:\/\/marktxxl.de\/markt\/wp-content\/uploads\/sites\/3\/2020\/12\/logo.png","width":200,"height":70,"caption":"Markt-XXL"},"image":{"@id":"https:\/\/marktxxl.de\/markt\/#\/schema\/logo\/image\/"}}]}},"_links":{"self":[{"href":"https:\/\/marktxxl.de\/markt\/wp-json\/wp\/v2\/product\/205940","targetHints":{"allow":["GET"]}}],"collection":[{"href":"https:\/\/marktxxl.de\/markt\/wp-json\/wp\/v2\/product"}],"about":[{"href":"https:\/\/marktxxl.de\/markt\/wp-json\/wp\/v2\/types\/product"}],"replies":[{"embeddable":true,"href":"https:\/\/marktxxl.de\/markt\/wp-json\/wp\/v2\/comments?post=205940"}],"wp:featuredmedia":[{"embeddable":true,"href":"https:\/\/marktxxl.de\/markt\/wp-json\/wp\/v2\/media\/205941"}],"wp:attachment":[{"href":"https:\/\/marktxxl.de\/markt\/wp-json\/wp\/v2\/media?parent=205940"}],"wp:term":[{"taxonomy":"product_brand","embeddable":true,"href":"https:\/\/marktxxl.de\/markt\/wp-json\/wp\/v2\/product_brand?post=205940"},{"taxonomy":"product_cat","embeddable":true,"href":"https:\/\/marktxxl.de\/markt\/wp-json\/wp\/v2\/product_cat?post=205940"},{"taxonomy":"product_tag","embeddable":true,"href":"https:\/\/marktxxl.de\/markt\/wp-json\/wp\/v2\/product_tag?post=205940"}],"curies":[{"name":"wp","href":"https:\/\/api.w.org\/{rel}","templated":true}]}}