{"id":205916,"date":"2024-05-29T00:31:29","date_gmt":"2024-05-28T22:31:29","guid":{"rendered":"https:\/\/marktxxl.de\/markt\/produkt\/tonies-dino-ranch-audio-play-charakter-medium\/"},"modified":"2024-05-29T00:31:29","modified_gmt":"2024-05-28T22:31:29","slug":"tonies-dino-ranch-audio-play-charakter-medium","status":"publish","type":"product","link":"https:\/\/marktxxl.de\/markt\/produkt\/tonies-dino-ranch-audio-play-charakter-medium\/","title":{"rendered":"Tonies Dino Ranch Audio Play Charakter, Medium"},"content":{"rendered":"<p>Begleite Jon, Min und Miguel auf spannenden Abenteuern, w\u00e4hrend sie sich um entz\u00fcckende Dinosaurier k\u00fcmmern. W\u00e4hrend die jungen Rancher die Seile lernen, entdecken sie den Nervenkitzel des Ranchlebens, w\u00e4hrend sie durch unvorhersehbare Herausforderungen durch die freie Natur navigieren.<br \/>\nLehrt Kinder \u00fcber Teamwork, Perserveranz und Familienbindungen.<br \/>\nEnth\u00e4lt Dino Ranch Spielfigur mit 1 Liedern, 4 Geschichten und einer Gesamtlaufzeit von ca. 48 Minuten. Altersempfehlung: ab 3 Jahren, Sprache: Englisch<br \/>\nTrackliste: Song Dino Ranch Theme Song Geschichten: Pterodactyl-Doodle-Doo, kleines Wunder, Goliaths kleiner Helfer, gute Nachbarn<br \/>\nErfordert Toniebox Audio Player zum Abspielen von Audio; separat erh\u00e4ltlich.<br \/>\n<div class=\"main-cross-sell\" data-asin=\"B0BPJPWBGT\">\n\n\t<div class=\"WooZone-cross-sell-loader\">\n\t\t<div>\n\t\t\t<div id=\"floatingBarsG\">\n\t\t\t\t<div class=\"blockG\" id=\"rotateG_01\"><\/div>\n\t\t\t\t<div class=\"blockG\" id=\"rotateG_02\"><\/div>\n\t\t\t\t<div class=\"blockG\" id=\"rotateG_03\"><\/div>\n\t\t\t\t<div class=\"blockG\" id=\"rotateG_04\"><\/div>\n\t\t\t\t<div class=\"blockG\" id=\"rotateG_05\"><\/div>\n\t\t\t\t<div class=\"blockG\" id=\"rotateG_06\"><\/div>\n\t\t\t\t<div class=\"blockG\" id=\"rotateG_07\"><\/div>\n\t\t\t\t<div class=\"blockG\" id=\"rotateG_08\"><\/div>\n\t\t\t<\/div>\n\t\t\t<div class=\"WooZone-cross-sell-loader-text\"><\/div>\n\t\t<\/div>\n\t<\/div>\n\n\t\t\n<\/div>\n<div style=\"clear:both;\"><\/div><\/p>\n","protected":false},"excerpt":{"rendered":"<p>Begleite Jon, Min und Miguel auf spannenden Abenteuern, w\u00e4hrend sie sich um entz\u00fcckende Dinosaurier k\u00fcmmern. W\u00e4hrend die jungen Rancher die Seile lernen, entdecken sie den Nervenkitzel des Ranchlebens, w\u00e4hrend sie durch unvorhersehbare Herausforderungen durch die freie Natur navigieren.<br \/>\nLehrt Kinder \u00fcber Teamwork, Perserveranz und Familienbindungen.<br \/>\nEnth\u00e4lt Dino Ranch Spielfigur mit 1 Liedern, 4 Geschichten und einer Gesamtlaufzeit von ca. 48 Minuten. Altersempfehlung: ab 3 Jahren, Sprache: Englisch<\/p>\n","protected":false},"featured_media":205917,"comment_status":"open","ping_status":"closed","template":"","meta":[],"product_brand":[],"product_cat":[21,8879],"product_tag":[],"class_list":{"0":"post-205916","1":"product","2":"type-product","3":"status-publish","4":"has-post-thumbnail","6":"product_cat-baby","7":"product_cat-baby-kleinkindspielzeug-baby","8":"pa_binding-spielzeug","9":"pa_brand-tonies","10":"pa_height-2-zoll","11":"pa_length-1-zoll","12":"pa_manufacturer-tonies","13":"pa_size-medium","14":"pa_width-0-5-zoll","16":"first","17":"instock","18":"shipping-taxable","19":"purchasable","20":"product-type-simple","21":"customify-col","22":"product-has-gallery"},"yoast_head":"<!-- This site is optimized with the Yoast SEO plugin v27.3 - https:\/\/yoast.com\/product\/yoast-seo-wordpress\/ -->\n<title>Tonies Dino Ranch Audio Play Charakter, Medium - Markt-XXL<\/title>\n<meta name=\"description\" content=\"Markt-XXL Tonies Dino Ranch Audio Play Charakter, Medium\" \/>\n<meta name=\"robots\" content=\"index, follow, max-snippet:-1, max-image-preview:large, max-video-preview:-1\" \/>\n<link rel=\"canonical\" href=\"https:\/\/marktxxl.de\/markt\/produkt\/tonies-dino-ranch-audio-play-charakter-medium\/\" \/>\n<meta property=\"og:locale\" content=\"de_DE\" \/>\n<meta property=\"og:type\" content=\"article\" \/>\n<meta property=\"og:title\" content=\"Tonies Dino Ranch Audio Play Charakter, Medium - Markt-XXL\" \/>\n<meta property=\"og:description\" content=\"Markt-XXL Tonies Dino Ranch Audio Play Charakter, Medium\" \/>\n<meta property=\"og:url\" content=\"https:\/\/marktxxl.de\/markt\/produkt\/tonies-dino-ranch-audio-play-charakter-medium\/\" \/>\n<meta property=\"og:site_name\" content=\"Markt-XXL\" \/>\n<meta name=\"twitter:card\" content=\"summary_large_image\" \/>\n<meta name=\"twitter:label1\" content=\"Gesch\u00e4tzte Lesezeit\" \/>\n\t<meta name=\"twitter:data1\" content=\"1\u00a0Minute\" \/>\n<script type=\"application\/ld+json\" class=\"yoast-schema-graph\">{\"@context\":\"https:\\\/\\\/schema.org\",\"@graph\":[{\"@type\":\"WebPage\",\"@id\":\"https:\\\/\\\/marktxxl.de\\\/markt\\\/produkt\\\/tonies-dino-ranch-audio-play-charakter-medium\\\/\",\"url\":\"https:\\\/\\\/marktxxl.de\\\/markt\\\/produkt\\\/tonies-dino-ranch-audio-play-charakter-medium\\\/\",\"name\":\"Tonies Dino Ranch Audio Play Charakter, Medium - Markt-XXL\",\"isPartOf\":{\"@id\":\"https:\\\/\\\/marktxxl.de\\\/markt\\\/#website\"},\"primaryImageOfPage\":{\"@id\":\"https:\\\/\\\/marktxxl.de\\\/markt\\\/produkt\\\/tonies-dino-ranch-audio-play-charakter-medium\\\/#primaryimage\"},\"image\":{\"@id\":\"https:\\\/\\\/marktxxl.de\\\/markt\\\/produkt\\\/tonies-dino-ranch-audio-play-charakter-medium\\\/#primaryimage\"},\"thumbnailUrl\":\"https:\\\/\\\/m.media-amazon.com\\\/images\\\/I\\\/41V4WHM2KSL._SL500_.jpg\",\"datePublished\":\"2024-05-28T22:31:29+00:00\",\"description\":\"Markt-XXL Tonies Dino Ranch Audio Play Charakter, Medium\",\"breadcrumb\":{\"@id\":\"https:\\\/\\\/marktxxl.de\\\/markt\\\/produkt\\\/tonies-dino-ranch-audio-play-charakter-medium\\\/#breadcrumb\"},\"inLanguage\":\"de\",\"potentialAction\":[{\"@type\":\"ReadAction\",\"target\":[\"https:\\\/\\\/marktxxl.de\\\/markt\\\/produkt\\\/tonies-dino-ranch-audio-play-charakter-medium\\\/\"]}]},{\"@type\":\"ImageObject\",\"inLanguage\":\"de\",\"@id\":\"https:\\\/\\\/marktxxl.de\\\/markt\\\/produkt\\\/tonies-dino-ranch-audio-play-charakter-medium\\\/#primaryimage\",\"url\":\"https:\\\/\\\/m.media-amazon.com\\\/images\\\/I\\\/41V4WHM2KSL._SL500_.jpg\",\"contentUrl\":\"https:\\\/\\\/m.media-amazon.com\\\/images\\\/I\\\/41V4WHM2KSL._SL500_.jpg\",\"width\":500,\"height\":500},{\"@type\":\"BreadcrumbList\",\"@id\":\"https:\\\/\\\/marktxxl.de\\\/markt\\\/produkt\\\/tonies-dino-ranch-audio-play-charakter-medium\\\/#breadcrumb\",\"itemListElement\":[{\"@type\":\"ListItem\",\"position\":1,\"name\":\"Startseite\",\"item\":\"https:\\\/\\\/marktxxl.de\\\/markt\\\/\"},{\"@type\":\"ListItem\",\"position\":2,\"name\":\"Markt\",\"item\":\"https:\\\/\\\/marktxxl.de\\\/markt\\\/\"},{\"@type\":\"ListItem\",\"position\":3,\"name\":\"Tonies Dino Ranch Audio Play Charakter, Medium\"}]},{\"@type\":\"WebSite\",\"@id\":\"https:\\\/\\\/marktxxl.de\\\/markt\\\/#website\",\"url\":\"https:\\\/\\\/marktxxl.de\\\/markt\\\/\",\"name\":\"Markt-XXL\",\"description\":\"Ihr Markt Online\",\"publisher\":{\"@id\":\"https:\\\/\\\/marktxxl.de\\\/markt\\\/#organization\"},\"potentialAction\":[{\"@type\":\"SearchAction\",\"target\":{\"@type\":\"EntryPoint\",\"urlTemplate\":\"https:\\\/\\\/marktxxl.de\\\/markt\\\/?s={search_term_string}\"},\"query-input\":{\"@type\":\"PropertyValueSpecification\",\"valueRequired\":true,\"valueName\":\"search_term_string\"}}],\"inLanguage\":\"de\"},{\"@type\":\"Organization\",\"@id\":\"https:\\\/\\\/marktxxl.de\\\/markt\\\/#organization\",\"name\":\"Markt-XXL\",\"url\":\"https:\\\/\\\/marktxxl.de\\\/markt\\\/\",\"logo\":{\"@type\":\"ImageObject\",\"inLanguage\":\"de\",\"@id\":\"https:\\\/\\\/marktxxl.de\\\/markt\\\/#\\\/schema\\\/logo\\\/image\\\/\",\"url\":\"https:\\\/\\\/marktxxl.de\\\/markt\\\/wp-content\\\/uploads\\\/sites\\\/3\\\/2020\\\/12\\\/logo.png\",\"contentUrl\":\"https:\\\/\\\/marktxxl.de\\\/markt\\\/wp-content\\\/uploads\\\/sites\\\/3\\\/2020\\\/12\\\/logo.png\",\"width\":200,\"height\":70,\"caption\":\"Markt-XXL\"},\"image\":{\"@id\":\"https:\\\/\\\/marktxxl.de\\\/markt\\\/#\\\/schema\\\/logo\\\/image\\\/\"}}]}<\/script>\n<!-- \/ Yoast SEO plugin. -->","yoast_head_json":{"title":"Tonies Dino Ranch Audio Play Charakter, Medium - Markt-XXL","description":"Markt-XXL Tonies Dino Ranch Audio Play Charakter, Medium","robots":{"index":"index","follow":"follow","max-snippet":"max-snippet:-1","max-image-preview":"max-image-preview:large","max-video-preview":"max-video-preview:-1"},"canonical":"https:\/\/marktxxl.de\/markt\/produkt\/tonies-dino-ranch-audio-play-charakter-medium\/","og_locale":"de_DE","og_type":"article","og_title":"Tonies Dino Ranch Audio Play Charakter, Medium - Markt-XXL","og_description":"Markt-XXL Tonies Dino Ranch Audio Play Charakter, Medium","og_url":"https:\/\/marktxxl.de\/markt\/produkt\/tonies-dino-ranch-audio-play-charakter-medium\/","og_site_name":"Markt-XXL","twitter_card":"summary_large_image","twitter_misc":{"Gesch\u00e4tzte Lesezeit":"1\u00a0Minute"},"schema":{"@context":"https:\/\/schema.org","@graph":[{"@type":"WebPage","@id":"https:\/\/marktxxl.de\/markt\/produkt\/tonies-dino-ranch-audio-play-charakter-medium\/","url":"https:\/\/marktxxl.de\/markt\/produkt\/tonies-dino-ranch-audio-play-charakter-medium\/","name":"Tonies Dino Ranch Audio Play Charakter, Medium - Markt-XXL","isPartOf":{"@id":"https:\/\/marktxxl.de\/markt\/#website"},"primaryImageOfPage":{"@id":"https:\/\/marktxxl.de\/markt\/produkt\/tonies-dino-ranch-audio-play-charakter-medium\/#primaryimage"},"image":{"@id":"https:\/\/marktxxl.de\/markt\/produkt\/tonies-dino-ranch-audio-play-charakter-medium\/#primaryimage"},"thumbnailUrl":"https:\/\/m.media-amazon.com\/images\/I\/41V4WHM2KSL._SL500_.jpg","datePublished":"2024-05-28T22:31:29+00:00","description":"Markt-XXL Tonies Dino Ranch Audio Play Charakter, Medium","breadcrumb":{"@id":"https:\/\/marktxxl.de\/markt\/produkt\/tonies-dino-ranch-audio-play-charakter-medium\/#breadcrumb"},"inLanguage":"de","potentialAction":[{"@type":"ReadAction","target":["https:\/\/marktxxl.de\/markt\/produkt\/tonies-dino-ranch-audio-play-charakter-medium\/"]}]},{"@type":"ImageObject","inLanguage":"de","@id":"https:\/\/marktxxl.de\/markt\/produkt\/tonies-dino-ranch-audio-play-charakter-medium\/#primaryimage","url":"https:\/\/m.media-amazon.com\/images\/I\/41V4WHM2KSL._SL500_.jpg","contentUrl":"https:\/\/m.media-amazon.com\/images\/I\/41V4WHM2KSL._SL500_.jpg","width":500,"height":500},{"@type":"BreadcrumbList","@id":"https:\/\/marktxxl.de\/markt\/produkt\/tonies-dino-ranch-audio-play-charakter-medium\/#breadcrumb","itemListElement":[{"@type":"ListItem","position":1,"name":"Startseite","item":"https:\/\/marktxxl.de\/markt\/"},{"@type":"ListItem","position":2,"name":"Markt","item":"https:\/\/marktxxl.de\/markt\/"},{"@type":"ListItem","position":3,"name":"Tonies Dino Ranch Audio Play Charakter, Medium"}]},{"@type":"WebSite","@id":"https:\/\/marktxxl.de\/markt\/#website","url":"https:\/\/marktxxl.de\/markt\/","name":"Markt-XXL","description":"Ihr Markt Online","publisher":{"@id":"https:\/\/marktxxl.de\/markt\/#organization"},"potentialAction":[{"@type":"SearchAction","target":{"@type":"EntryPoint","urlTemplate":"https:\/\/marktxxl.de\/markt\/?s={search_term_string}"},"query-input":{"@type":"PropertyValueSpecification","valueRequired":true,"valueName":"search_term_string"}}],"inLanguage":"de"},{"@type":"Organization","@id":"https:\/\/marktxxl.de\/markt\/#organization","name":"Markt-XXL","url":"https:\/\/marktxxl.de\/markt\/","logo":{"@type":"ImageObject","inLanguage":"de","@id":"https:\/\/marktxxl.de\/markt\/#\/schema\/logo\/image\/","url":"https:\/\/marktxxl.de\/markt\/wp-content\/uploads\/sites\/3\/2020\/12\/logo.png","contentUrl":"https:\/\/marktxxl.de\/markt\/wp-content\/uploads\/sites\/3\/2020\/12\/logo.png","width":200,"height":70,"caption":"Markt-XXL"},"image":{"@id":"https:\/\/marktxxl.de\/markt\/#\/schema\/logo\/image\/"}}]}},"_links":{"self":[{"href":"https:\/\/marktxxl.de\/markt\/wp-json\/wp\/v2\/product\/205916","targetHints":{"allow":["GET"]}}],"collection":[{"href":"https:\/\/marktxxl.de\/markt\/wp-json\/wp\/v2\/product"}],"about":[{"href":"https:\/\/marktxxl.de\/markt\/wp-json\/wp\/v2\/types\/product"}],"replies":[{"embeddable":true,"href":"https:\/\/marktxxl.de\/markt\/wp-json\/wp\/v2\/comments?post=205916"}],"wp:featuredmedia":[{"embeddable":true,"href":"https:\/\/marktxxl.de\/markt\/wp-json\/wp\/v2\/media\/205917"}],"wp:attachment":[{"href":"https:\/\/marktxxl.de\/markt\/wp-json\/wp\/v2\/media?parent=205916"}],"wp:term":[{"taxonomy":"product_brand","embeddable":true,"href":"https:\/\/marktxxl.de\/markt\/wp-json\/wp\/v2\/product_brand?post=205916"},{"taxonomy":"product_cat","embeddable":true,"href":"https:\/\/marktxxl.de\/markt\/wp-json\/wp\/v2\/product_cat?post=205916"},{"taxonomy":"product_tag","embeddable":true,"href":"https:\/\/marktxxl.de\/markt\/wp-json\/wp\/v2\/product_tag?post=205916"}],"curies":[{"name":"wp","href":"https:\/\/api.w.org\/{rel}","templated":true}]}}