{"id":205909,"date":"2024-05-29T00:29:36","date_gmt":"2024-05-28T22:29:36","guid":{"rendered":"https:\/\/marktxxl.de\/markt\/produkt\/tonies-audio-character-for-toniebox-toy-story-2-audio-story-and-songs-for-children-for-use-with-toniebox-music-player-sold-separately\/"},"modified":"2024-05-29T00:29:36","modified_gmt":"2024-05-28T22:29:36","slug":"tonies-audio-character-for-toniebox-toy-story-2-audio-story-and-songs-for-children-for-use-with-toniebox-music-player-sold-separately","status":"publish","type":"product","link":"https:\/\/marktxxl.de\/markt\/produkt\/tonies-audio-character-for-toniebox-toy-story-2-audio-story-and-songs-for-children-for-use-with-toniebox-music-player-sold-separately\/","title":{"rendered":"Tonies Audio Character for Toniebox, Toy Story 2, Audio Story and Songs for Children for Use with Toniebox Music Player (Sold Separately)"},"content":{"rendered":"<p>\u3010Bildschirmfrei\u3011tonies sind H\u00f6rb\u00fccher, Lieder und Geschichten, die mit einer Toniebox funktionieren, dem innovativen tragbaren Musik-Player-System, das Spielen, Lernen und H\u00f6ren kombiniert, und alles bildschirmfrei<br \/>\n\u3010Einfach zu bedienen\u3011Legen Sie eine der tonies Audio-Charaktere auf den Toniebox-Musikplayer f\u00fcr Kinder, und es beginnt zu spielen. Zieh es ab, es stoppt. Es ist so einfach zu bedienen, auch Kleinkinder k\u00f6nnen es bedienen<br \/>\nF\u00dcR KINDER ENTWICKELT &#8211; Alle tonies sind speziell f\u00fcr den Gebrauch durch Kinder hergestellt &#8211; ohne scharfe Kanten und extrem robust. Au\u00dferdem sind sie in kindgerechten Designs handbemalt<br \/>\nToy Story 2: Platziere den Buzz Lightyear Tonie auf die Musikplatte und genie\u00dfe die spannende Geschichte von Disney Pixars Toy Story 2 auf der Toniebox, zusammen mit beliebten Songs aus dem Soundtrack des Films<br \/>\nLieferumfang: tonies Audiocharakter &#8211; Disneys tonies Story 2, 1x Audiocharakter mit Liedern und Geschichten Ca. 27 Minuten Laufzeit Erfordert Toniebox zur Verwendung (separat erh\u00e4ltlich)<br \/>\n<div class=\"main-cross-sell\" data-asin=\"B09RX4RW86\">\n\n\t<div class=\"WooZone-cross-sell-loader\">\n\t\t<div>\n\t\t\t<div id=\"floatingBarsG\">\n\t\t\t\t<div class=\"blockG\" id=\"rotateG_01\"><\/div>\n\t\t\t\t<div class=\"blockG\" id=\"rotateG_02\"><\/div>\n\t\t\t\t<div class=\"blockG\" id=\"rotateG_03\"><\/div>\n\t\t\t\t<div class=\"blockG\" id=\"rotateG_04\"><\/div>\n\t\t\t\t<div class=\"blockG\" id=\"rotateG_05\"><\/div>\n\t\t\t\t<div class=\"blockG\" id=\"rotateG_06\"><\/div>\n\t\t\t\t<div class=\"blockG\" id=\"rotateG_07\"><\/div>\n\t\t\t\t<div class=\"blockG\" id=\"rotateG_08\"><\/div>\n\t\t\t<\/div>\n\t\t\t<div class=\"WooZone-cross-sell-loader-text\"><\/div>\n\t\t<\/div>\n\t<\/div>\n\n\t\t\n<\/div>\n<div style=\"clear:both;\"><\/div><\/p>\n","protected":false},"excerpt":{"rendered":"<p>\u3010Bildschirmfrei\u3011tonies sind H\u00f6rb\u00fccher, Lieder und Geschichten, die mit einer Toniebox funktionieren, dem innovativen tragbaren Musik-Player-System, das Spielen, Lernen und H\u00f6ren kombiniert, und alles bildschirmfrei<br \/>\n\u3010Einfach zu bedienen\u3011Legen Sie eine der tonies Audio-Charaktere auf den Toniebox-Musikplayer f\u00fcr Kinder, und es beginnt zu spielen. Zieh es ab, es stoppt. Es ist so einfach zu bedienen, auch Kleinkinder k\u00f6nnen es bedienen<br \/>\nF\u00dcR KINDER ENTWICKELT &#8211; Alle tonies sind speziell f\u00fcr den Gebrauch durch Kinder hergestellt &#8211; ohne scharfe Kanten und extrem robust. Au\u00dferdem sind sie in kindgerechten Designs handbemalt<\/p>\n","protected":false},"featured_media":205910,"comment_status":"open","ping_status":"closed","template":"","meta":[],"product_brand":[],"product_cat":[21,8879],"product_tag":[],"class_list":{"0":"post-205909","1":"product","2":"type-product","3":"status-publish","4":"has-post-thumbnail","6":"product_cat-baby","7":"product_cat-baby-kleinkindspielzeug-baby","8":"pa_binding-unbekannter-einband","9":"pa_brand-tonies","10":"pa_color-toy-story-2","11":"pa_manufacturer-awehiru","13":"first","14":"instock","15":"shipping-taxable","16":"purchasable","17":"product-type-simple","18":"customify-col","19":"product-has-gallery"},"yoast_head":"<!-- This site is optimized with the Yoast SEO plugin v27.4 - https:\/\/yoast.com\/product\/yoast-seo-wordpress\/ -->\n<title>Tonies Audio Character for Toniebox, Toy Story 2, Audio Story and Songs for Children for Use with Toniebox Music Player (Sold Separately) - Markt-XXL<\/title>\n<meta name=\"description\" content=\"Markt-XXL Tonies Audio Character for Toniebox, Toy Story 2, Audio Story and Songs for Children for Use with Toniebox Music Player (Sold Separately)\" \/>\n<meta name=\"robots\" content=\"index, follow, max-snippet:-1, max-image-preview:large, max-video-preview:-1\" \/>\n<link rel=\"canonical\" href=\"https:\/\/marktxxl.de\/markt\/produkt\/tonies-audio-character-for-toniebox-toy-story-2-audio-story-and-songs-for-children-for-use-with-toniebox-music-player-sold-separately\/\" \/>\n<meta property=\"og:locale\" content=\"de_DE\" \/>\n<meta property=\"og:type\" content=\"article\" \/>\n<meta property=\"og:title\" content=\"Tonies Audio Character for Toniebox, Toy Story 2, Audio Story and Songs for Children for Use with Toniebox Music Player (Sold Separately) - Markt-XXL\" \/>\n<meta property=\"og:description\" content=\"Markt-XXL Tonies Audio Character for Toniebox, Toy Story 2, Audio Story and Songs for Children for Use with Toniebox Music Player (Sold Separately)\" \/>\n<meta property=\"og:url\" content=\"https:\/\/marktxxl.de\/markt\/produkt\/tonies-audio-character-for-toniebox-toy-story-2-audio-story-and-songs-for-children-for-use-with-toniebox-music-player-sold-separately\/\" \/>\n<meta property=\"og:site_name\" content=\"Markt-XXL\" \/>\n<meta name=\"twitter:card\" content=\"summary_large_image\" \/>\n<meta name=\"twitter:label1\" content=\"Gesch\u00e4tzte Lesezeit\" \/>\n\t<meta name=\"twitter:data1\" content=\"1\u00a0Minute\" \/>\n<script type=\"application\/ld+json\" class=\"yoast-schema-graph\">{\"@context\":\"https:\\\/\\\/schema.org\",\"@graph\":[{\"@type\":\"WebPage\",\"@id\":\"https:\\\/\\\/marktxxl.de\\\/markt\\\/produkt\\\/tonies-audio-character-for-toniebox-toy-story-2-audio-story-and-songs-for-children-for-use-with-toniebox-music-player-sold-separately\\\/\",\"url\":\"https:\\\/\\\/marktxxl.de\\\/markt\\\/produkt\\\/tonies-audio-character-for-toniebox-toy-story-2-audio-story-and-songs-for-children-for-use-with-toniebox-music-player-sold-separately\\\/\",\"name\":\"Tonies Audio Character for Toniebox, Toy Story 2, Audio Story and Songs for Children for Use with Toniebox Music Player (Sold Separately) - Markt-XXL\",\"isPartOf\":{\"@id\":\"https:\\\/\\\/marktxxl.de\\\/markt\\\/#website\"},\"primaryImageOfPage\":{\"@id\":\"https:\\\/\\\/marktxxl.de\\\/markt\\\/produkt\\\/tonies-audio-character-for-toniebox-toy-story-2-audio-story-and-songs-for-children-for-use-with-toniebox-music-player-sold-separately\\\/#primaryimage\"},\"image\":{\"@id\":\"https:\\\/\\\/marktxxl.de\\\/markt\\\/produkt\\\/tonies-audio-character-for-toniebox-toy-story-2-audio-story-and-songs-for-children-for-use-with-toniebox-music-player-sold-separately\\\/#primaryimage\"},\"thumbnailUrl\":\"https:\\\/\\\/m.media-amazon.com\\\/images\\\/I\\\/51sf6C-2MgL._SL500_.jpg\",\"datePublished\":\"2024-05-28T22:29:36+00:00\",\"description\":\"Markt-XXL Tonies Audio Character for Toniebox, Toy Story 2, Audio Story and Songs for Children for Use with Toniebox Music Player (Sold Separately)\",\"breadcrumb\":{\"@id\":\"https:\\\/\\\/marktxxl.de\\\/markt\\\/produkt\\\/tonies-audio-character-for-toniebox-toy-story-2-audio-story-and-songs-for-children-for-use-with-toniebox-music-player-sold-separately\\\/#breadcrumb\"},\"inLanguage\":\"de\",\"potentialAction\":[{\"@type\":\"ReadAction\",\"target\":[\"https:\\\/\\\/marktxxl.de\\\/markt\\\/produkt\\\/tonies-audio-character-for-toniebox-toy-story-2-audio-story-and-songs-for-children-for-use-with-toniebox-music-player-sold-separately\\\/\"]}]},{\"@type\":\"ImageObject\",\"inLanguage\":\"de\",\"@id\":\"https:\\\/\\\/marktxxl.de\\\/markt\\\/produkt\\\/tonies-audio-character-for-toniebox-toy-story-2-audio-story-and-songs-for-children-for-use-with-toniebox-music-player-sold-separately\\\/#primaryimage\",\"url\":\"https:\\\/\\\/m.media-amazon.com\\\/images\\\/I\\\/51sf6C-2MgL._SL500_.jpg\",\"contentUrl\":\"https:\\\/\\\/m.media-amazon.com\\\/images\\\/I\\\/51sf6C-2MgL._SL500_.jpg\",\"width\":500,\"height\":406},{\"@type\":\"BreadcrumbList\",\"@id\":\"https:\\\/\\\/marktxxl.de\\\/markt\\\/produkt\\\/tonies-audio-character-for-toniebox-toy-story-2-audio-story-and-songs-for-children-for-use-with-toniebox-music-player-sold-separately\\\/#breadcrumb\",\"itemListElement\":[{\"@type\":\"ListItem\",\"position\":1,\"name\":\"Startseite\",\"item\":\"https:\\\/\\\/marktxxl.de\\\/markt\\\/\"},{\"@type\":\"ListItem\",\"position\":2,\"name\":\"Markt\",\"item\":\"https:\\\/\\\/marktxxl.de\\\/markt\\\/\"},{\"@type\":\"ListItem\",\"position\":3,\"name\":\"Tonies Audio Character for Toniebox, Toy Story 2, Audio Story and Songs for Children for Use with Toniebox Music Player (Sold Separately)\"}]},{\"@type\":\"WebSite\",\"@id\":\"https:\\\/\\\/marktxxl.de\\\/markt\\\/#website\",\"url\":\"https:\\\/\\\/marktxxl.de\\\/markt\\\/\",\"name\":\"Markt-XXL\",\"description\":\"Ihr Markt Online\",\"publisher\":{\"@id\":\"https:\\\/\\\/marktxxl.de\\\/markt\\\/#organization\"},\"potentialAction\":[{\"@type\":\"SearchAction\",\"target\":{\"@type\":\"EntryPoint\",\"urlTemplate\":\"https:\\\/\\\/marktxxl.de\\\/markt\\\/?s={search_term_string}\"},\"query-input\":{\"@type\":\"PropertyValueSpecification\",\"valueRequired\":true,\"valueName\":\"search_term_string\"}}],\"inLanguage\":\"de\"},{\"@type\":\"Organization\",\"@id\":\"https:\\\/\\\/marktxxl.de\\\/markt\\\/#organization\",\"name\":\"Markt-XXL\",\"url\":\"https:\\\/\\\/marktxxl.de\\\/markt\\\/\",\"logo\":{\"@type\":\"ImageObject\",\"inLanguage\":\"de\",\"@id\":\"https:\\\/\\\/marktxxl.de\\\/markt\\\/#\\\/schema\\\/logo\\\/image\\\/\",\"url\":\"https:\\\/\\\/marktxxl.de\\\/markt\\\/wp-content\\\/uploads\\\/sites\\\/3\\\/2020\\\/12\\\/logo.png\",\"contentUrl\":\"https:\\\/\\\/marktxxl.de\\\/markt\\\/wp-content\\\/uploads\\\/sites\\\/3\\\/2020\\\/12\\\/logo.png\",\"width\":200,\"height\":70,\"caption\":\"Markt-XXL\"},\"image\":{\"@id\":\"https:\\\/\\\/marktxxl.de\\\/markt\\\/#\\\/schema\\\/logo\\\/image\\\/\"}}]}<\/script>\n<!-- \/ Yoast SEO plugin. -->","yoast_head_json":{"title":"Tonies Audio Character for Toniebox, Toy Story 2, Audio Story and Songs for Children for Use with Toniebox Music Player (Sold Separately) - Markt-XXL","description":"Markt-XXL Tonies Audio Character for Toniebox, Toy Story 2, Audio Story and Songs for Children for Use with Toniebox Music Player (Sold Separately)","robots":{"index":"index","follow":"follow","max-snippet":"max-snippet:-1","max-image-preview":"max-image-preview:large","max-video-preview":"max-video-preview:-1"},"canonical":"https:\/\/marktxxl.de\/markt\/produkt\/tonies-audio-character-for-toniebox-toy-story-2-audio-story-and-songs-for-children-for-use-with-toniebox-music-player-sold-separately\/","og_locale":"de_DE","og_type":"article","og_title":"Tonies Audio Character for Toniebox, Toy Story 2, Audio Story and Songs for Children for Use with Toniebox Music Player (Sold Separately) - Markt-XXL","og_description":"Markt-XXL Tonies Audio Character for Toniebox, Toy Story 2, Audio Story and Songs for Children for Use with Toniebox Music Player (Sold Separately)","og_url":"https:\/\/marktxxl.de\/markt\/produkt\/tonies-audio-character-for-toniebox-toy-story-2-audio-story-and-songs-for-children-for-use-with-toniebox-music-player-sold-separately\/","og_site_name":"Markt-XXL","twitter_card":"summary_large_image","twitter_misc":{"Gesch\u00e4tzte Lesezeit":"1\u00a0Minute"},"schema":{"@context":"https:\/\/schema.org","@graph":[{"@type":"WebPage","@id":"https:\/\/marktxxl.de\/markt\/produkt\/tonies-audio-character-for-toniebox-toy-story-2-audio-story-and-songs-for-children-for-use-with-toniebox-music-player-sold-separately\/","url":"https:\/\/marktxxl.de\/markt\/produkt\/tonies-audio-character-for-toniebox-toy-story-2-audio-story-and-songs-for-children-for-use-with-toniebox-music-player-sold-separately\/","name":"Tonies Audio Character for Toniebox, Toy Story 2, Audio Story and Songs for Children for Use with Toniebox Music Player (Sold Separately) - Markt-XXL","isPartOf":{"@id":"https:\/\/marktxxl.de\/markt\/#website"},"primaryImageOfPage":{"@id":"https:\/\/marktxxl.de\/markt\/produkt\/tonies-audio-character-for-toniebox-toy-story-2-audio-story-and-songs-for-children-for-use-with-toniebox-music-player-sold-separately\/#primaryimage"},"image":{"@id":"https:\/\/marktxxl.de\/markt\/produkt\/tonies-audio-character-for-toniebox-toy-story-2-audio-story-and-songs-for-children-for-use-with-toniebox-music-player-sold-separately\/#primaryimage"},"thumbnailUrl":"https:\/\/m.media-amazon.com\/images\/I\/51sf6C-2MgL._SL500_.jpg","datePublished":"2024-05-28T22:29:36+00:00","description":"Markt-XXL Tonies Audio Character for Toniebox, Toy Story 2, Audio Story and Songs for Children for Use with Toniebox Music Player (Sold Separately)","breadcrumb":{"@id":"https:\/\/marktxxl.de\/markt\/produkt\/tonies-audio-character-for-toniebox-toy-story-2-audio-story-and-songs-for-children-for-use-with-toniebox-music-player-sold-separately\/#breadcrumb"},"inLanguage":"de","potentialAction":[{"@type":"ReadAction","target":["https:\/\/marktxxl.de\/markt\/produkt\/tonies-audio-character-for-toniebox-toy-story-2-audio-story-and-songs-for-children-for-use-with-toniebox-music-player-sold-separately\/"]}]},{"@type":"ImageObject","inLanguage":"de","@id":"https:\/\/marktxxl.de\/markt\/produkt\/tonies-audio-character-for-toniebox-toy-story-2-audio-story-and-songs-for-children-for-use-with-toniebox-music-player-sold-separately\/#primaryimage","url":"https:\/\/m.media-amazon.com\/images\/I\/51sf6C-2MgL._SL500_.jpg","contentUrl":"https:\/\/m.media-amazon.com\/images\/I\/51sf6C-2MgL._SL500_.jpg","width":500,"height":406},{"@type":"BreadcrumbList","@id":"https:\/\/marktxxl.de\/markt\/produkt\/tonies-audio-character-for-toniebox-toy-story-2-audio-story-and-songs-for-children-for-use-with-toniebox-music-player-sold-separately\/#breadcrumb","itemListElement":[{"@type":"ListItem","position":1,"name":"Startseite","item":"https:\/\/marktxxl.de\/markt\/"},{"@type":"ListItem","position":2,"name":"Markt","item":"https:\/\/marktxxl.de\/markt\/"},{"@type":"ListItem","position":3,"name":"Tonies Audio Character for Toniebox, Toy Story 2, Audio Story and Songs for Children for Use with Toniebox Music Player (Sold Separately)"}]},{"@type":"WebSite","@id":"https:\/\/marktxxl.de\/markt\/#website","url":"https:\/\/marktxxl.de\/markt\/","name":"Markt-XXL","description":"Ihr Markt Online","publisher":{"@id":"https:\/\/marktxxl.de\/markt\/#organization"},"potentialAction":[{"@type":"SearchAction","target":{"@type":"EntryPoint","urlTemplate":"https:\/\/marktxxl.de\/markt\/?s={search_term_string}"},"query-input":{"@type":"PropertyValueSpecification","valueRequired":true,"valueName":"search_term_string"}}],"inLanguage":"de"},{"@type":"Organization","@id":"https:\/\/marktxxl.de\/markt\/#organization","name":"Markt-XXL","url":"https:\/\/marktxxl.de\/markt\/","logo":{"@type":"ImageObject","inLanguage":"de","@id":"https:\/\/marktxxl.de\/markt\/#\/schema\/logo\/image\/","url":"https:\/\/marktxxl.de\/markt\/wp-content\/uploads\/sites\/3\/2020\/12\/logo.png","contentUrl":"https:\/\/marktxxl.de\/markt\/wp-content\/uploads\/sites\/3\/2020\/12\/logo.png","width":200,"height":70,"caption":"Markt-XXL"},"image":{"@id":"https:\/\/marktxxl.de\/markt\/#\/schema\/logo\/image\/"}}]}},"_links":{"self":[{"href":"https:\/\/marktxxl.de\/markt\/wp-json\/wp\/v2\/product\/205909","targetHints":{"allow":["GET"]}}],"collection":[{"href":"https:\/\/marktxxl.de\/markt\/wp-json\/wp\/v2\/product"}],"about":[{"href":"https:\/\/marktxxl.de\/markt\/wp-json\/wp\/v2\/types\/product"}],"replies":[{"embeddable":true,"href":"https:\/\/marktxxl.de\/markt\/wp-json\/wp\/v2\/comments?post=205909"}],"wp:featuredmedia":[{"embeddable":true,"href":"https:\/\/marktxxl.de\/markt\/wp-json\/wp\/v2\/media\/205910"}],"wp:attachment":[{"href":"https:\/\/marktxxl.de\/markt\/wp-json\/wp\/v2\/media?parent=205909"}],"wp:term":[{"taxonomy":"product_brand","embeddable":true,"href":"https:\/\/marktxxl.de\/markt\/wp-json\/wp\/v2\/product_brand?post=205909"},{"taxonomy":"product_cat","embeddable":true,"href":"https:\/\/marktxxl.de\/markt\/wp-json\/wp\/v2\/product_cat?post=205909"},{"taxonomy":"product_tag","embeddable":true,"href":"https:\/\/marktxxl.de\/markt\/wp-json\/wp\/v2\/product_tag?post=205909"}],"curies":[{"name":"wp","href":"https:\/\/api.w.org\/{rel}","templated":true}]}}