{"id":205904,"date":"2024-05-29T00:29:30","date_gmt":"2024-05-28T22:29:30","guid":{"rendered":"https:\/\/marktxxl.de\/markt\/produkt\/aurora-halloween-palm-pals-5-brainy-zombie\/"},"modified":"2024-05-29T00:29:30","modified_gmt":"2024-05-28T22:29:30","slug":"aurora-halloween-palm-pals-5-brainy-zombie","status":"publish","type":"product","link":"https:\/\/marktxxl.de\/markt\/produkt\/aurora-halloween-palm-pals-5-brainy-zombie\/","title":{"rendered":"Aurora &#8211; Halloween &#8211; Palm Pals &#8211; 5&#8243; Brainy Zombie"},"content":{"rendered":"<p>Dieser Pl\u00fcsch ist ca. Gr\u00f6\u00dfe: 10,2 x 10,2 x 12,7 cm<br \/>\nHochwertige Materialien f\u00fcr eine weiche und flauschige Haptik<br \/>\nPasst in die Handfl\u00e4che!<br \/>\nSammle Palm Pals aus jeder Sammlung!<br \/>\nUm Stabilit\u00e4t und Qualit\u00e4t zu gew\u00e4hrleisten, enth\u00e4lt dieser Pl\u00fcsch Bohnenpellets, die f\u00fcr alle Altersgruppen geeignet sind<br \/>\n<div class=\"main-cross-sell\" data-asin=\"B0C91QZHP9\">\n\n\t<div class=\"WooZone-cross-sell-loader\">\n\t\t<div>\n\t\t\t<div id=\"floatingBarsG\">\n\t\t\t\t<div class=\"blockG\" id=\"rotateG_01\"><\/div>\n\t\t\t\t<div class=\"blockG\" id=\"rotateG_02\"><\/div>\n\t\t\t\t<div class=\"blockG\" id=\"rotateG_03\"><\/div>\n\t\t\t\t<div class=\"blockG\" id=\"rotateG_04\"><\/div>\n\t\t\t\t<div class=\"blockG\" id=\"rotateG_05\"><\/div>\n\t\t\t\t<div class=\"blockG\" id=\"rotateG_06\"><\/div>\n\t\t\t\t<div class=\"blockG\" id=\"rotateG_07\"><\/div>\n\t\t\t\t<div class=\"blockG\" id=\"rotateG_08\"><\/div>\n\t\t\t<\/div>\n\t\t\t<div class=\"WooZone-cross-sell-loader-text\"><\/div>\n\t\t<\/div>\n\t<\/div>\n\n\t\t\n<\/div>\n<div style=\"clear:both;\"><\/div><\/p>\n","protected":false},"excerpt":{"rendered":"<p>Dieser Pl\u00fcsch ist ca. Gr\u00f6\u00dfe: 10,2 x 10,2 x 12,7 cm<br \/>\nHochwertige Materialien f\u00fcr eine weiche und flauschige Haptik<br \/>\nPasst in die Handfl\u00e4che!<\/p>\n","protected":false},"featured_media":205905,"comment_status":"open","ping_status":"closed","template":"","meta":[],"product_brand":[],"product_cat":[21,8879],"product_tag":[],"class_list":{"0":"post-205904","1":"product","2":"type-product","3":"status-publish","4":"has-post-thumbnail","6":"product_cat-baby","7":"product_cat-baby-kleinkindspielzeug-baby","8":"pa_brand-aurora","9":"pa_color-gruen","10":"pa_height-5-zoll","11":"pa_length-4-zoll","12":"pa_manufacturer-aurora-world","13":"pa_width-4-zoll","15":"first","16":"instock","17":"shipping-taxable","18":"purchasable","19":"product-type-simple","20":"customify-col","21":"product-has-gallery"},"yoast_head":"<!-- This site is optimized with the Yoast SEO plugin v27.3 - https:\/\/yoast.com\/product\/yoast-seo-wordpress\/ -->\n<title>Aurora - Halloween - Palm Pals - 5&quot; Brainy Zombie - Markt-XXL<\/title>\n<meta name=\"description\" content=\"Markt-XXL Aurora - Halloween - Palm Pals - 5&quot; Brainy Zombie\" \/>\n<meta name=\"robots\" content=\"index, follow, max-snippet:-1, max-image-preview:large, max-video-preview:-1\" \/>\n<link rel=\"canonical\" href=\"https:\/\/marktxxl.de\/markt\/produkt\/aurora-halloween-palm-pals-5-brainy-zombie\/\" \/>\n<meta property=\"og:locale\" content=\"de_DE\" \/>\n<meta property=\"og:type\" content=\"article\" \/>\n<meta property=\"og:title\" content=\"Aurora - Halloween - Palm Pals - 5&quot; Brainy Zombie - Markt-XXL\" \/>\n<meta property=\"og:description\" content=\"Markt-XXL Aurora - Halloween - Palm Pals - 5&quot; Brainy Zombie\" \/>\n<meta property=\"og:url\" content=\"https:\/\/marktxxl.de\/markt\/produkt\/aurora-halloween-palm-pals-5-brainy-zombie\/\" \/>\n<meta property=\"og:site_name\" content=\"Markt-XXL\" \/>\n<meta name=\"twitter:card\" content=\"summary_large_image\" \/>\n<script type=\"application\/ld+json\" class=\"yoast-schema-graph\">{\"@context\":\"https:\\\/\\\/schema.org\",\"@graph\":[{\"@type\":\"WebPage\",\"@id\":\"https:\\\/\\\/marktxxl.de\\\/markt\\\/produkt\\\/aurora-halloween-palm-pals-5-brainy-zombie\\\/\",\"url\":\"https:\\\/\\\/marktxxl.de\\\/markt\\\/produkt\\\/aurora-halloween-palm-pals-5-brainy-zombie\\\/\",\"name\":\"Aurora - Halloween - Palm Pals - 5\\\" Brainy Zombie - Markt-XXL\",\"isPartOf\":{\"@id\":\"https:\\\/\\\/marktxxl.de\\\/markt\\\/#website\"},\"primaryImageOfPage\":{\"@id\":\"https:\\\/\\\/marktxxl.de\\\/markt\\\/produkt\\\/aurora-halloween-palm-pals-5-brainy-zombie\\\/#primaryimage\"},\"image\":{\"@id\":\"https:\\\/\\\/marktxxl.de\\\/markt\\\/produkt\\\/aurora-halloween-palm-pals-5-brainy-zombie\\\/#primaryimage\"},\"thumbnailUrl\":\"https:\\\/\\\/m.media-amazon.com\\\/images\\\/I\\\/518idJdRTXL._SL500_.jpg\",\"datePublished\":\"2024-05-28T22:29:30+00:00\",\"description\":\"Markt-XXL Aurora - Halloween - Palm Pals - 5\\\" Brainy Zombie\",\"breadcrumb\":{\"@id\":\"https:\\\/\\\/marktxxl.de\\\/markt\\\/produkt\\\/aurora-halloween-palm-pals-5-brainy-zombie\\\/#breadcrumb\"},\"inLanguage\":\"de\",\"potentialAction\":[{\"@type\":\"ReadAction\",\"target\":[\"https:\\\/\\\/marktxxl.de\\\/markt\\\/produkt\\\/aurora-halloween-palm-pals-5-brainy-zombie\\\/\"]}]},{\"@type\":\"ImageObject\",\"inLanguage\":\"de\",\"@id\":\"https:\\\/\\\/marktxxl.de\\\/markt\\\/produkt\\\/aurora-halloween-palm-pals-5-brainy-zombie\\\/#primaryimage\",\"url\":\"https:\\\/\\\/m.media-amazon.com\\\/images\\\/I\\\/518idJdRTXL._SL500_.jpg\",\"contentUrl\":\"https:\\\/\\\/m.media-amazon.com\\\/images\\\/I\\\/518idJdRTXL._SL500_.jpg\",\"width\":442,\"height\":500},{\"@type\":\"BreadcrumbList\",\"@id\":\"https:\\\/\\\/marktxxl.de\\\/markt\\\/produkt\\\/aurora-halloween-palm-pals-5-brainy-zombie\\\/#breadcrumb\",\"itemListElement\":[{\"@type\":\"ListItem\",\"position\":1,\"name\":\"Startseite\",\"item\":\"https:\\\/\\\/marktxxl.de\\\/markt\\\/\"},{\"@type\":\"ListItem\",\"position\":2,\"name\":\"Markt\",\"item\":\"https:\\\/\\\/marktxxl.de\\\/markt\\\/\"},{\"@type\":\"ListItem\",\"position\":3,\"name\":\"Aurora &#8211; Halloween &#8211; Palm Pals &#8211; 5&#8243; Brainy Zombie\"}]},{\"@type\":\"WebSite\",\"@id\":\"https:\\\/\\\/marktxxl.de\\\/markt\\\/#website\",\"url\":\"https:\\\/\\\/marktxxl.de\\\/markt\\\/\",\"name\":\"Markt-XXL\",\"description\":\"Ihr Markt Online\",\"publisher\":{\"@id\":\"https:\\\/\\\/marktxxl.de\\\/markt\\\/#organization\"},\"potentialAction\":[{\"@type\":\"SearchAction\",\"target\":{\"@type\":\"EntryPoint\",\"urlTemplate\":\"https:\\\/\\\/marktxxl.de\\\/markt\\\/?s={search_term_string}\"},\"query-input\":{\"@type\":\"PropertyValueSpecification\",\"valueRequired\":true,\"valueName\":\"search_term_string\"}}],\"inLanguage\":\"de\"},{\"@type\":\"Organization\",\"@id\":\"https:\\\/\\\/marktxxl.de\\\/markt\\\/#organization\",\"name\":\"Markt-XXL\",\"url\":\"https:\\\/\\\/marktxxl.de\\\/markt\\\/\",\"logo\":{\"@type\":\"ImageObject\",\"inLanguage\":\"de\",\"@id\":\"https:\\\/\\\/marktxxl.de\\\/markt\\\/#\\\/schema\\\/logo\\\/image\\\/\",\"url\":\"https:\\\/\\\/marktxxl.de\\\/markt\\\/wp-content\\\/uploads\\\/sites\\\/3\\\/2020\\\/12\\\/logo.png\",\"contentUrl\":\"https:\\\/\\\/marktxxl.de\\\/markt\\\/wp-content\\\/uploads\\\/sites\\\/3\\\/2020\\\/12\\\/logo.png\",\"width\":200,\"height\":70,\"caption\":\"Markt-XXL\"},\"image\":{\"@id\":\"https:\\\/\\\/marktxxl.de\\\/markt\\\/#\\\/schema\\\/logo\\\/image\\\/\"}}]}<\/script>\n<!-- \/ Yoast SEO plugin. -->","yoast_head_json":{"title":"Aurora - Halloween - Palm Pals - 5\" Brainy Zombie - Markt-XXL","description":"Markt-XXL Aurora - Halloween - Palm Pals - 5\" Brainy Zombie","robots":{"index":"index","follow":"follow","max-snippet":"max-snippet:-1","max-image-preview":"max-image-preview:large","max-video-preview":"max-video-preview:-1"},"canonical":"https:\/\/marktxxl.de\/markt\/produkt\/aurora-halloween-palm-pals-5-brainy-zombie\/","og_locale":"de_DE","og_type":"article","og_title":"Aurora - Halloween - Palm Pals - 5\" Brainy Zombie - Markt-XXL","og_description":"Markt-XXL Aurora - Halloween - Palm Pals - 5\" Brainy Zombie","og_url":"https:\/\/marktxxl.de\/markt\/produkt\/aurora-halloween-palm-pals-5-brainy-zombie\/","og_site_name":"Markt-XXL","twitter_card":"summary_large_image","schema":{"@context":"https:\/\/schema.org","@graph":[{"@type":"WebPage","@id":"https:\/\/marktxxl.de\/markt\/produkt\/aurora-halloween-palm-pals-5-brainy-zombie\/","url":"https:\/\/marktxxl.de\/markt\/produkt\/aurora-halloween-palm-pals-5-brainy-zombie\/","name":"Aurora - Halloween - Palm Pals - 5\" Brainy Zombie - Markt-XXL","isPartOf":{"@id":"https:\/\/marktxxl.de\/markt\/#website"},"primaryImageOfPage":{"@id":"https:\/\/marktxxl.de\/markt\/produkt\/aurora-halloween-palm-pals-5-brainy-zombie\/#primaryimage"},"image":{"@id":"https:\/\/marktxxl.de\/markt\/produkt\/aurora-halloween-palm-pals-5-brainy-zombie\/#primaryimage"},"thumbnailUrl":"https:\/\/m.media-amazon.com\/images\/I\/518idJdRTXL._SL500_.jpg","datePublished":"2024-05-28T22:29:30+00:00","description":"Markt-XXL Aurora - Halloween - Palm Pals - 5\" Brainy Zombie","breadcrumb":{"@id":"https:\/\/marktxxl.de\/markt\/produkt\/aurora-halloween-palm-pals-5-brainy-zombie\/#breadcrumb"},"inLanguage":"de","potentialAction":[{"@type":"ReadAction","target":["https:\/\/marktxxl.de\/markt\/produkt\/aurora-halloween-palm-pals-5-brainy-zombie\/"]}]},{"@type":"ImageObject","inLanguage":"de","@id":"https:\/\/marktxxl.de\/markt\/produkt\/aurora-halloween-palm-pals-5-brainy-zombie\/#primaryimage","url":"https:\/\/m.media-amazon.com\/images\/I\/518idJdRTXL._SL500_.jpg","contentUrl":"https:\/\/m.media-amazon.com\/images\/I\/518idJdRTXL._SL500_.jpg","width":442,"height":500},{"@type":"BreadcrumbList","@id":"https:\/\/marktxxl.de\/markt\/produkt\/aurora-halloween-palm-pals-5-brainy-zombie\/#breadcrumb","itemListElement":[{"@type":"ListItem","position":1,"name":"Startseite","item":"https:\/\/marktxxl.de\/markt\/"},{"@type":"ListItem","position":2,"name":"Markt","item":"https:\/\/marktxxl.de\/markt\/"},{"@type":"ListItem","position":3,"name":"Aurora &#8211; Halloween &#8211; Palm Pals &#8211; 5&#8243; Brainy Zombie"}]},{"@type":"WebSite","@id":"https:\/\/marktxxl.de\/markt\/#website","url":"https:\/\/marktxxl.de\/markt\/","name":"Markt-XXL","description":"Ihr Markt Online","publisher":{"@id":"https:\/\/marktxxl.de\/markt\/#organization"},"potentialAction":[{"@type":"SearchAction","target":{"@type":"EntryPoint","urlTemplate":"https:\/\/marktxxl.de\/markt\/?s={search_term_string}"},"query-input":{"@type":"PropertyValueSpecification","valueRequired":true,"valueName":"search_term_string"}}],"inLanguage":"de"},{"@type":"Organization","@id":"https:\/\/marktxxl.de\/markt\/#organization","name":"Markt-XXL","url":"https:\/\/marktxxl.de\/markt\/","logo":{"@type":"ImageObject","inLanguage":"de","@id":"https:\/\/marktxxl.de\/markt\/#\/schema\/logo\/image\/","url":"https:\/\/marktxxl.de\/markt\/wp-content\/uploads\/sites\/3\/2020\/12\/logo.png","contentUrl":"https:\/\/marktxxl.de\/markt\/wp-content\/uploads\/sites\/3\/2020\/12\/logo.png","width":200,"height":70,"caption":"Markt-XXL"},"image":{"@id":"https:\/\/marktxxl.de\/markt\/#\/schema\/logo\/image\/"}}]}},"_links":{"self":[{"href":"https:\/\/marktxxl.de\/markt\/wp-json\/wp\/v2\/product\/205904","targetHints":{"allow":["GET"]}}],"collection":[{"href":"https:\/\/marktxxl.de\/markt\/wp-json\/wp\/v2\/product"}],"about":[{"href":"https:\/\/marktxxl.de\/markt\/wp-json\/wp\/v2\/types\/product"}],"replies":[{"embeddable":true,"href":"https:\/\/marktxxl.de\/markt\/wp-json\/wp\/v2\/comments?post=205904"}],"wp:featuredmedia":[{"embeddable":true,"href":"https:\/\/marktxxl.de\/markt\/wp-json\/wp\/v2\/media\/205905"}],"wp:attachment":[{"href":"https:\/\/marktxxl.de\/markt\/wp-json\/wp\/v2\/media?parent=205904"}],"wp:term":[{"taxonomy":"product_brand","embeddable":true,"href":"https:\/\/marktxxl.de\/markt\/wp-json\/wp\/v2\/product_brand?post=205904"},{"taxonomy":"product_cat","embeddable":true,"href":"https:\/\/marktxxl.de\/markt\/wp-json\/wp\/v2\/product_cat?post=205904"},{"taxonomy":"product_tag","embeddable":true,"href":"https:\/\/marktxxl.de\/markt\/wp-json\/wp\/v2\/product_tag?post=205904"}],"curies":[{"name":"wp","href":"https:\/\/api.w.org\/{rel}","templated":true}]}}