{"id":205897,"date":"2024-05-29T00:29:23","date_gmt":"2024-05-28T22:29:23","guid":{"rendered":"https:\/\/marktxxl.de\/markt\/produkt\/tonies-tinker-bell-hoerspielfigur-aus-disney\/"},"modified":"2024-05-29T00:29:23","modified_gmt":"2024-05-28T22:29:23","slug":"tonies-tinker-bell-hoerspielfigur-aus-disney","status":"publish","type":"product","link":"https:\/\/marktxxl.de\/markt\/produkt\/tonies-tinker-bell-hoerspielfigur-aus-disney\/","title":{"rendered":"Tonies Tinker Bell H\u00f6rspielfigur aus Disney"},"content":{"rendered":"<p>Disney Tinker Bell ist aus dem ersten Lachen eines Babys geboren und wird von den Winden nach Pixie Hollow auf der Insel Neverland gebracht und erf\u00e4hrt, dass sie als Bastlerin darin besteht, kaputte Gegenst\u00e4nde zu reparieren. Als Tinker Bell erkennt, dass sie nicht auf das Festland reisen wird, um den Fr\u00fchling herbeizuf\u00fchren, wird sie traurig und ver\u00e4rgert. Tinker Bell k\u00e4mpft damit, wer sie ist und wer sie sein will.<br \/>\nLehrt Kindern, an sich selbst zu glauben, neue Freunde zu finden und treu zu bleiben, wer Sie sind.<br \/>\nEnth\u00e4lt Tinker Bell Spielzeugfigur mit 3 Liedern, 1 Geschichten und einer Gesamtlaufzeit von ca. 60 Minuten. Empfohlene Altersgruppe: 3+, Sprache: Englisch.<br \/>\nTracklist: Lieder: 1) Zu den Feen, die sie nahe ziehen, 2) Fliege zu deinem Herzen, 3) Zu den Feen, die sie nahe ziehen &#8211; Pt. 2. Geschichte: 4) Tinker Bell Geschichtenerz\u00e4hler.<br \/>\nBen\u00f6tigt Toniebox Audio Player zum Abspielen von Audio; separat erh\u00e4ltlich.<br \/>\n<div class=\"main-cross-sell\" data-asin=\"B0BPJVHSB1\">\n\n\t<div class=\"WooZone-cross-sell-loader\">\n\t\t<div>\n\t\t\t<div id=\"floatingBarsG\">\n\t\t\t\t<div class=\"blockG\" id=\"rotateG_01\"><\/div>\n\t\t\t\t<div class=\"blockG\" id=\"rotateG_02\"><\/div>\n\t\t\t\t<div class=\"blockG\" id=\"rotateG_03\"><\/div>\n\t\t\t\t<div class=\"blockG\" id=\"rotateG_04\"><\/div>\n\t\t\t\t<div class=\"blockG\" id=\"rotateG_05\"><\/div>\n\t\t\t\t<div class=\"blockG\" id=\"rotateG_06\"><\/div>\n\t\t\t\t<div class=\"blockG\" id=\"rotateG_07\"><\/div>\n\t\t\t\t<div class=\"blockG\" id=\"rotateG_08\"><\/div>\n\t\t\t<\/div>\n\t\t\t<div class=\"WooZone-cross-sell-loader-text\"><\/div>\n\t\t<\/div>\n\t<\/div>\n\n\t\t\n<\/div>\n<div style=\"clear:both;\"><\/div><\/p>\n","protected":false},"excerpt":{"rendered":"<p>Disney Tinker Bell ist aus dem ersten Lachen eines Babys geboren und wird von den Winden nach Pixie Hollow auf der Insel Neverland gebracht und erf\u00e4hrt, dass sie als Bastlerin darin besteht, kaputte Gegenst\u00e4nde zu reparieren. Als Tinker Bell erkennt, dass sie nicht auf das Festland reisen wird, um den Fr\u00fchling herbeizuf\u00fchren, wird sie traurig und ver\u00e4rgert. Tinker Bell k\u00e4mpft damit, wer sie ist und wer sie sein will.<br \/>\nLehrt Kindern, an sich selbst zu glauben, neue Freunde zu finden und treu zu bleiben, wer Sie sind.<br \/>\nEnth\u00e4lt Tinker Bell Spielzeugfigur mit 3 Liedern, 1 Geschichten und einer Gesamtlaufzeit von ca. 60 Minuten. Empfohlene Altersgruppe: 3+, Sprache: Englisch.<\/p>\n","protected":false},"featured_media":205898,"comment_status":"open","ping_status":"closed","template":"","meta":[],"product_brand":[],"product_cat":[21,8879],"product_tag":[],"class_list":{"0":"post-205897","1":"product","2":"type-product","3":"status-publish","4":"has-post-thumbnail","6":"product_cat-baby","7":"product_cat-baby-kleinkindspielzeug-baby","8":"pa_binding-haushaltswaren","9":"pa_brand-tonies","10":"pa_color-multicolor","11":"pa_height-2-zoll","12":"pa_length-1-zoll","13":"pa_manufacturer-tonies","14":"pa_width-0-5-zoll","16":"first","17":"instock","18":"shipping-taxable","19":"purchasable","20":"product-type-simple","21":"customify-col","22":"product-has-gallery"},"yoast_head":"<!-- This site is optimized with the Yoast SEO plugin v27.3 - https:\/\/yoast.com\/product\/yoast-seo-wordpress\/ -->\n<title>Tonies Tinker Bell H\u00f6rspielfigur aus Disney - Markt-XXL<\/title>\n<meta name=\"description\" content=\"Markt-XXL Tonies Tinker Bell H\u00f6rspielfigur aus Disney\" \/>\n<meta name=\"robots\" content=\"index, follow, max-snippet:-1, max-image-preview:large, max-video-preview:-1\" \/>\n<link rel=\"canonical\" href=\"https:\/\/marktxxl.de\/markt\/produkt\/tonies-tinker-bell-hoerspielfigur-aus-disney\/\" \/>\n<meta property=\"og:locale\" content=\"de_DE\" \/>\n<meta property=\"og:type\" content=\"article\" \/>\n<meta property=\"og:title\" content=\"Tonies Tinker Bell H\u00f6rspielfigur aus Disney - Markt-XXL\" \/>\n<meta property=\"og:description\" content=\"Markt-XXL Tonies Tinker Bell H\u00f6rspielfigur aus Disney\" \/>\n<meta property=\"og:url\" content=\"https:\/\/marktxxl.de\/markt\/produkt\/tonies-tinker-bell-hoerspielfigur-aus-disney\/\" \/>\n<meta property=\"og:site_name\" content=\"Markt-XXL\" \/>\n<meta name=\"twitter:card\" content=\"summary_large_image\" \/>\n<meta name=\"twitter:label1\" content=\"Gesch\u00e4tzte Lesezeit\" \/>\n\t<meta name=\"twitter:data1\" content=\"1\u00a0Minute\" \/>\n<script type=\"application\/ld+json\" class=\"yoast-schema-graph\">{\"@context\":\"https:\\\/\\\/schema.org\",\"@graph\":[{\"@type\":\"WebPage\",\"@id\":\"https:\\\/\\\/marktxxl.de\\\/markt\\\/produkt\\\/tonies-tinker-bell-hoerspielfigur-aus-disney\\\/\",\"url\":\"https:\\\/\\\/marktxxl.de\\\/markt\\\/produkt\\\/tonies-tinker-bell-hoerspielfigur-aus-disney\\\/\",\"name\":\"Tonies Tinker Bell H\u00f6rspielfigur aus Disney - Markt-XXL\",\"isPartOf\":{\"@id\":\"https:\\\/\\\/marktxxl.de\\\/markt\\\/#website\"},\"primaryImageOfPage\":{\"@id\":\"https:\\\/\\\/marktxxl.de\\\/markt\\\/produkt\\\/tonies-tinker-bell-hoerspielfigur-aus-disney\\\/#primaryimage\"},\"image\":{\"@id\":\"https:\\\/\\\/marktxxl.de\\\/markt\\\/produkt\\\/tonies-tinker-bell-hoerspielfigur-aus-disney\\\/#primaryimage\"},\"thumbnailUrl\":\"https:\\\/\\\/m.media-amazon.com\\\/images\\\/I\\\/31+VK-x1YbL._SL500_.jpg\",\"datePublished\":\"2024-05-28T22:29:23+00:00\",\"description\":\"Markt-XXL Tonies Tinker Bell H\u00f6rspielfigur aus Disney\",\"breadcrumb\":{\"@id\":\"https:\\\/\\\/marktxxl.de\\\/markt\\\/produkt\\\/tonies-tinker-bell-hoerspielfigur-aus-disney\\\/#breadcrumb\"},\"inLanguage\":\"de\",\"potentialAction\":[{\"@type\":\"ReadAction\",\"target\":[\"https:\\\/\\\/marktxxl.de\\\/markt\\\/produkt\\\/tonies-tinker-bell-hoerspielfigur-aus-disney\\\/\"]}]},{\"@type\":\"ImageObject\",\"inLanguage\":\"de\",\"@id\":\"https:\\\/\\\/marktxxl.de\\\/markt\\\/produkt\\\/tonies-tinker-bell-hoerspielfigur-aus-disney\\\/#primaryimage\",\"url\":\"https:\\\/\\\/m.media-amazon.com\\\/images\\\/I\\\/31+VK-x1YbL._SL500_.jpg\",\"contentUrl\":\"https:\\\/\\\/m.media-amazon.com\\\/images\\\/I\\\/31+VK-x1YbL._SL500_.jpg\",\"width\":500,\"height\":500},{\"@type\":\"BreadcrumbList\",\"@id\":\"https:\\\/\\\/marktxxl.de\\\/markt\\\/produkt\\\/tonies-tinker-bell-hoerspielfigur-aus-disney\\\/#breadcrumb\",\"itemListElement\":[{\"@type\":\"ListItem\",\"position\":1,\"name\":\"Startseite\",\"item\":\"https:\\\/\\\/marktxxl.de\\\/markt\\\/\"},{\"@type\":\"ListItem\",\"position\":2,\"name\":\"Markt\",\"item\":\"https:\\\/\\\/marktxxl.de\\\/markt\\\/\"},{\"@type\":\"ListItem\",\"position\":3,\"name\":\"Tonies Tinker Bell H\u00f6rspielfigur aus Disney\"}]},{\"@type\":\"WebSite\",\"@id\":\"https:\\\/\\\/marktxxl.de\\\/markt\\\/#website\",\"url\":\"https:\\\/\\\/marktxxl.de\\\/markt\\\/\",\"name\":\"Markt-XXL\",\"description\":\"Ihr Markt Online\",\"publisher\":{\"@id\":\"https:\\\/\\\/marktxxl.de\\\/markt\\\/#organization\"},\"potentialAction\":[{\"@type\":\"SearchAction\",\"target\":{\"@type\":\"EntryPoint\",\"urlTemplate\":\"https:\\\/\\\/marktxxl.de\\\/markt\\\/?s={search_term_string}\"},\"query-input\":{\"@type\":\"PropertyValueSpecification\",\"valueRequired\":true,\"valueName\":\"search_term_string\"}}],\"inLanguage\":\"de\"},{\"@type\":\"Organization\",\"@id\":\"https:\\\/\\\/marktxxl.de\\\/markt\\\/#organization\",\"name\":\"Markt-XXL\",\"url\":\"https:\\\/\\\/marktxxl.de\\\/markt\\\/\",\"logo\":{\"@type\":\"ImageObject\",\"inLanguage\":\"de\",\"@id\":\"https:\\\/\\\/marktxxl.de\\\/markt\\\/#\\\/schema\\\/logo\\\/image\\\/\",\"url\":\"https:\\\/\\\/marktxxl.de\\\/markt\\\/wp-content\\\/uploads\\\/sites\\\/3\\\/2020\\\/12\\\/logo.png\",\"contentUrl\":\"https:\\\/\\\/marktxxl.de\\\/markt\\\/wp-content\\\/uploads\\\/sites\\\/3\\\/2020\\\/12\\\/logo.png\",\"width\":200,\"height\":70,\"caption\":\"Markt-XXL\"},\"image\":{\"@id\":\"https:\\\/\\\/marktxxl.de\\\/markt\\\/#\\\/schema\\\/logo\\\/image\\\/\"}}]}<\/script>\n<!-- \/ Yoast SEO plugin. -->","yoast_head_json":{"title":"Tonies Tinker Bell H\u00f6rspielfigur aus Disney - Markt-XXL","description":"Markt-XXL Tonies Tinker Bell H\u00f6rspielfigur aus Disney","robots":{"index":"index","follow":"follow","max-snippet":"max-snippet:-1","max-image-preview":"max-image-preview:large","max-video-preview":"max-video-preview:-1"},"canonical":"https:\/\/marktxxl.de\/markt\/produkt\/tonies-tinker-bell-hoerspielfigur-aus-disney\/","og_locale":"de_DE","og_type":"article","og_title":"Tonies Tinker Bell H\u00f6rspielfigur aus Disney - Markt-XXL","og_description":"Markt-XXL Tonies Tinker Bell H\u00f6rspielfigur aus Disney","og_url":"https:\/\/marktxxl.de\/markt\/produkt\/tonies-tinker-bell-hoerspielfigur-aus-disney\/","og_site_name":"Markt-XXL","twitter_card":"summary_large_image","twitter_misc":{"Gesch\u00e4tzte Lesezeit":"1\u00a0Minute"},"schema":{"@context":"https:\/\/schema.org","@graph":[{"@type":"WebPage","@id":"https:\/\/marktxxl.de\/markt\/produkt\/tonies-tinker-bell-hoerspielfigur-aus-disney\/","url":"https:\/\/marktxxl.de\/markt\/produkt\/tonies-tinker-bell-hoerspielfigur-aus-disney\/","name":"Tonies Tinker Bell H\u00f6rspielfigur aus Disney - Markt-XXL","isPartOf":{"@id":"https:\/\/marktxxl.de\/markt\/#website"},"primaryImageOfPage":{"@id":"https:\/\/marktxxl.de\/markt\/produkt\/tonies-tinker-bell-hoerspielfigur-aus-disney\/#primaryimage"},"image":{"@id":"https:\/\/marktxxl.de\/markt\/produkt\/tonies-tinker-bell-hoerspielfigur-aus-disney\/#primaryimage"},"thumbnailUrl":"https:\/\/m.media-amazon.com\/images\/I\/31+VK-x1YbL._SL500_.jpg","datePublished":"2024-05-28T22:29:23+00:00","description":"Markt-XXL Tonies Tinker Bell H\u00f6rspielfigur aus Disney","breadcrumb":{"@id":"https:\/\/marktxxl.de\/markt\/produkt\/tonies-tinker-bell-hoerspielfigur-aus-disney\/#breadcrumb"},"inLanguage":"de","potentialAction":[{"@type":"ReadAction","target":["https:\/\/marktxxl.de\/markt\/produkt\/tonies-tinker-bell-hoerspielfigur-aus-disney\/"]}]},{"@type":"ImageObject","inLanguage":"de","@id":"https:\/\/marktxxl.de\/markt\/produkt\/tonies-tinker-bell-hoerspielfigur-aus-disney\/#primaryimage","url":"https:\/\/m.media-amazon.com\/images\/I\/31+VK-x1YbL._SL500_.jpg","contentUrl":"https:\/\/m.media-amazon.com\/images\/I\/31+VK-x1YbL._SL500_.jpg","width":500,"height":500},{"@type":"BreadcrumbList","@id":"https:\/\/marktxxl.de\/markt\/produkt\/tonies-tinker-bell-hoerspielfigur-aus-disney\/#breadcrumb","itemListElement":[{"@type":"ListItem","position":1,"name":"Startseite","item":"https:\/\/marktxxl.de\/markt\/"},{"@type":"ListItem","position":2,"name":"Markt","item":"https:\/\/marktxxl.de\/markt\/"},{"@type":"ListItem","position":3,"name":"Tonies Tinker Bell H\u00f6rspielfigur aus Disney"}]},{"@type":"WebSite","@id":"https:\/\/marktxxl.de\/markt\/#website","url":"https:\/\/marktxxl.de\/markt\/","name":"Markt-XXL","description":"Ihr Markt Online","publisher":{"@id":"https:\/\/marktxxl.de\/markt\/#organization"},"potentialAction":[{"@type":"SearchAction","target":{"@type":"EntryPoint","urlTemplate":"https:\/\/marktxxl.de\/markt\/?s={search_term_string}"},"query-input":{"@type":"PropertyValueSpecification","valueRequired":true,"valueName":"search_term_string"}}],"inLanguage":"de"},{"@type":"Organization","@id":"https:\/\/marktxxl.de\/markt\/#organization","name":"Markt-XXL","url":"https:\/\/marktxxl.de\/markt\/","logo":{"@type":"ImageObject","inLanguage":"de","@id":"https:\/\/marktxxl.de\/markt\/#\/schema\/logo\/image\/","url":"https:\/\/marktxxl.de\/markt\/wp-content\/uploads\/sites\/3\/2020\/12\/logo.png","contentUrl":"https:\/\/marktxxl.de\/markt\/wp-content\/uploads\/sites\/3\/2020\/12\/logo.png","width":200,"height":70,"caption":"Markt-XXL"},"image":{"@id":"https:\/\/marktxxl.de\/markt\/#\/schema\/logo\/image\/"}}]}},"_links":{"self":[{"href":"https:\/\/marktxxl.de\/markt\/wp-json\/wp\/v2\/product\/205897","targetHints":{"allow":["GET"]}}],"collection":[{"href":"https:\/\/marktxxl.de\/markt\/wp-json\/wp\/v2\/product"}],"about":[{"href":"https:\/\/marktxxl.de\/markt\/wp-json\/wp\/v2\/types\/product"}],"replies":[{"embeddable":true,"href":"https:\/\/marktxxl.de\/markt\/wp-json\/wp\/v2\/comments?post=205897"}],"wp:featuredmedia":[{"embeddable":true,"href":"https:\/\/marktxxl.de\/markt\/wp-json\/wp\/v2\/media\/205898"}],"wp:attachment":[{"href":"https:\/\/marktxxl.de\/markt\/wp-json\/wp\/v2\/media?parent=205897"}],"wp:term":[{"taxonomy":"product_brand","embeddable":true,"href":"https:\/\/marktxxl.de\/markt\/wp-json\/wp\/v2\/product_brand?post=205897"},{"taxonomy":"product_cat","embeddable":true,"href":"https:\/\/marktxxl.de\/markt\/wp-json\/wp\/v2\/product_cat?post=205897"},{"taxonomy":"product_tag","embeddable":true,"href":"https:\/\/marktxxl.de\/markt\/wp-json\/wp\/v2\/product_tag?post=205897"}],"curies":[{"name":"wp","href":"https:\/\/api.w.org\/{rel}","templated":true}]}}