{"id":205812,"date":"2024-05-28T19:53:09","date_gmt":"2024-05-28T17:53:09","guid":{"rendered":"https:\/\/marktxxl.de\/markt\/produkt\/fisher-price-little-people-frozen-ii-wagon-disney\/"},"modified":"2024-05-28T19:53:09","modified_gmt":"2024-05-28T17:53:09","slug":"fisher-price-little-people-frozen-ii-wagon-disney","status":"publish","type":"product","link":"https:\/\/marktxxl.de\/markt\/produkt\/fisher-price-little-people-frozen-ii-wagon-disney\/","title":{"rendered":"Fisher Price &#8211; Little People Frozen II Wagon (Disney)"},"content":{"rendered":"<p>Rutschfahrzeug mit Disney Frozen 2 Figuren Anna, Kristoff und Sven<br \/>\nSchieben Sie den Wagen mit, um Sven auf und ab zu sehen<br \/>\nAnna und Sven Figuren k\u00f6nnen im Wagen oder auf Svens R\u00fccken fahren<br \/>\nFiguren und Fahrzeug haben genau die richtige Gr\u00f6\u00dfe f\u00fcr kleine H\u00e4nde zum Greifen und Bewegen, was zur St\u00e4rkung der Feinmotorik beitr\u00e4gt<br \/>\nF\u00fcr Kleinkinder und Vorschulkinder im Alter von 1 \u00bd-5 Jahren<br \/>\n<div class=\"main-cross-sell\" data-asin=\"B08V75FG94\">\n\n\t<div class=\"WooZone-cross-sell-loader\">\n\t\t<div>\n\t\t\t<div id=\"floatingBarsG\">\n\t\t\t\t<div class=\"blockG\" id=\"rotateG_01\"><\/div>\n\t\t\t\t<div class=\"blockG\" id=\"rotateG_02\"><\/div>\n\t\t\t\t<div class=\"blockG\" id=\"rotateG_03\"><\/div>\n\t\t\t\t<div class=\"blockG\" id=\"rotateG_04\"><\/div>\n\t\t\t\t<div class=\"blockG\" id=\"rotateG_05\"><\/div>\n\t\t\t\t<div class=\"blockG\" id=\"rotateG_06\"><\/div>\n\t\t\t\t<div class=\"blockG\" id=\"rotateG_07\"><\/div>\n\t\t\t\t<div class=\"blockG\" id=\"rotateG_08\"><\/div>\n\t\t\t<\/div>\n\t\t\t<div class=\"WooZone-cross-sell-loader-text\"><\/div>\n\t\t<\/div>\n\t<\/div>\n\n\t\t\n<\/div>\n<div style=\"clear:both;\"><\/div><\/p>\n","protected":false},"excerpt":{"rendered":"<p>Rutschfahrzeug mit Disney Frozen 2 Figuren Anna, Kristoff und Sven<br \/>\nSchieben Sie den Wagen mit, um Sven auf und ab zu sehen<br \/>\nAnna und Sven Figuren k\u00f6nnen im Wagen oder auf Svens R\u00fccken fahren<\/p>\n","protected":false},"featured_media":205813,"comment_status":"open","ping_status":"closed","template":"","meta":[],"product_brand":[],"product_cat":[21,8879],"product_tag":[],"class_list":{"0":"post-205812","1":"product","2":"type-product","3":"status-publish","4":"has-post-thumbnail","6":"product_cat-baby","7":"product_cat-baby-kleinkindspielzeug-baby","8":"pa_binding-zubehoer","9":"pa_brand-fisher-price","10":"pa_color-mehrfarbig-meereswellen-ocean-tides","11":"pa_height-60-63-zoll","12":"pa_languages-handbuch-spanisch","13":"pa_length-11-2992-zoll","14":"pa_manufacturer-fisher-price","15":"pa_model-gwr87","16":"pa_width-29-1339-zoll","18":"first","19":"instock","20":"shipping-taxable","21":"purchasable","22":"product-type-simple","23":"customify-col","24":"product-has-gallery"},"yoast_head":"<!-- This site is optimized with the Yoast SEO plugin v27.3 - https:\/\/yoast.com\/product\/yoast-seo-wordpress\/ -->\n<title>Fisher Price - Little People Frozen II Wagon (Disney) - Markt-XXL<\/title>\n<meta name=\"description\" content=\"Markt-XXL Fisher Price - Little People Frozen II Wagon (Disney)\" \/>\n<meta name=\"robots\" content=\"index, follow, max-snippet:-1, max-image-preview:large, max-video-preview:-1\" \/>\n<link rel=\"canonical\" href=\"https:\/\/marktxxl.de\/markt\/produkt\/fisher-price-little-people-frozen-ii-wagon-disney\/\" \/>\n<meta property=\"og:locale\" content=\"de_DE\" \/>\n<meta property=\"og:type\" content=\"article\" \/>\n<meta property=\"og:title\" content=\"Fisher Price - Little People Frozen II Wagon (Disney) - Markt-XXL\" \/>\n<meta property=\"og:description\" content=\"Markt-XXL Fisher Price - Little People Frozen II Wagon (Disney)\" \/>\n<meta property=\"og:url\" content=\"https:\/\/marktxxl.de\/markt\/produkt\/fisher-price-little-people-frozen-ii-wagon-disney\/\" \/>\n<meta property=\"og:site_name\" content=\"Markt-XXL\" \/>\n<meta name=\"twitter:card\" content=\"summary_large_image\" \/>\n<script type=\"application\/ld+json\" class=\"yoast-schema-graph\">{\"@context\":\"https:\\\/\\\/schema.org\",\"@graph\":[{\"@type\":\"WebPage\",\"@id\":\"https:\\\/\\\/marktxxl.de\\\/markt\\\/produkt\\\/fisher-price-little-people-frozen-ii-wagon-disney\\\/\",\"url\":\"https:\\\/\\\/marktxxl.de\\\/markt\\\/produkt\\\/fisher-price-little-people-frozen-ii-wagon-disney\\\/\",\"name\":\"Fisher Price - Little People Frozen II Wagon (Disney) - Markt-XXL\",\"isPartOf\":{\"@id\":\"https:\\\/\\\/marktxxl.de\\\/markt\\\/#website\"},\"primaryImageOfPage\":{\"@id\":\"https:\\\/\\\/marktxxl.de\\\/markt\\\/produkt\\\/fisher-price-little-people-frozen-ii-wagon-disney\\\/#primaryimage\"},\"image\":{\"@id\":\"https:\\\/\\\/marktxxl.de\\\/markt\\\/produkt\\\/fisher-price-little-people-frozen-ii-wagon-disney\\\/#primaryimage\"},\"thumbnailUrl\":\"https:\\\/\\\/m.media-amazon.com\\\/images\\\/I\\\/51MFiA3E7YS._SL500_.jpg\",\"datePublished\":\"2024-05-28T17:53:09+00:00\",\"description\":\"Markt-XXL Fisher Price - Little People Frozen II Wagon (Disney)\",\"breadcrumb\":{\"@id\":\"https:\\\/\\\/marktxxl.de\\\/markt\\\/produkt\\\/fisher-price-little-people-frozen-ii-wagon-disney\\\/#breadcrumb\"},\"inLanguage\":\"de\",\"potentialAction\":[{\"@type\":\"ReadAction\",\"target\":[\"https:\\\/\\\/marktxxl.de\\\/markt\\\/produkt\\\/fisher-price-little-people-frozen-ii-wagon-disney\\\/\"]}]},{\"@type\":\"ImageObject\",\"inLanguage\":\"de\",\"@id\":\"https:\\\/\\\/marktxxl.de\\\/markt\\\/produkt\\\/fisher-price-little-people-frozen-ii-wagon-disney\\\/#primaryimage\",\"url\":\"https:\\\/\\\/m.media-amazon.com\\\/images\\\/I\\\/51MFiA3E7YS._SL500_.jpg\",\"contentUrl\":\"https:\\\/\\\/m.media-amazon.com\\\/images\\\/I\\\/51MFiA3E7YS._SL500_.jpg\",\"width\":500,\"height\":428},{\"@type\":\"BreadcrumbList\",\"@id\":\"https:\\\/\\\/marktxxl.de\\\/markt\\\/produkt\\\/fisher-price-little-people-frozen-ii-wagon-disney\\\/#breadcrumb\",\"itemListElement\":[{\"@type\":\"ListItem\",\"position\":1,\"name\":\"Startseite\",\"item\":\"https:\\\/\\\/marktxxl.de\\\/markt\\\/\"},{\"@type\":\"ListItem\",\"position\":2,\"name\":\"Markt\",\"item\":\"https:\\\/\\\/marktxxl.de\\\/markt\\\/\"},{\"@type\":\"ListItem\",\"position\":3,\"name\":\"Fisher Price &#8211; Little People Frozen II Wagon (Disney)\"}]},{\"@type\":\"WebSite\",\"@id\":\"https:\\\/\\\/marktxxl.de\\\/markt\\\/#website\",\"url\":\"https:\\\/\\\/marktxxl.de\\\/markt\\\/\",\"name\":\"Markt-XXL\",\"description\":\"Ihr Markt Online\",\"publisher\":{\"@id\":\"https:\\\/\\\/marktxxl.de\\\/markt\\\/#organization\"},\"potentialAction\":[{\"@type\":\"SearchAction\",\"target\":{\"@type\":\"EntryPoint\",\"urlTemplate\":\"https:\\\/\\\/marktxxl.de\\\/markt\\\/?s={search_term_string}\"},\"query-input\":{\"@type\":\"PropertyValueSpecification\",\"valueRequired\":true,\"valueName\":\"search_term_string\"}}],\"inLanguage\":\"de\"},{\"@type\":\"Organization\",\"@id\":\"https:\\\/\\\/marktxxl.de\\\/markt\\\/#organization\",\"name\":\"Markt-XXL\",\"url\":\"https:\\\/\\\/marktxxl.de\\\/markt\\\/\",\"logo\":{\"@type\":\"ImageObject\",\"inLanguage\":\"de\",\"@id\":\"https:\\\/\\\/marktxxl.de\\\/markt\\\/#\\\/schema\\\/logo\\\/image\\\/\",\"url\":\"https:\\\/\\\/marktxxl.de\\\/markt\\\/wp-content\\\/uploads\\\/sites\\\/3\\\/2020\\\/12\\\/logo.png\",\"contentUrl\":\"https:\\\/\\\/marktxxl.de\\\/markt\\\/wp-content\\\/uploads\\\/sites\\\/3\\\/2020\\\/12\\\/logo.png\",\"width\":200,\"height\":70,\"caption\":\"Markt-XXL\"},\"image\":{\"@id\":\"https:\\\/\\\/marktxxl.de\\\/markt\\\/#\\\/schema\\\/logo\\\/image\\\/\"}}]}<\/script>\n<!-- \/ Yoast SEO plugin. -->","yoast_head_json":{"title":"Fisher Price - Little People Frozen II Wagon (Disney) - Markt-XXL","description":"Markt-XXL Fisher Price - Little People Frozen II Wagon (Disney)","robots":{"index":"index","follow":"follow","max-snippet":"max-snippet:-1","max-image-preview":"max-image-preview:large","max-video-preview":"max-video-preview:-1"},"canonical":"https:\/\/marktxxl.de\/markt\/produkt\/fisher-price-little-people-frozen-ii-wagon-disney\/","og_locale":"de_DE","og_type":"article","og_title":"Fisher Price - Little People Frozen II Wagon (Disney) - Markt-XXL","og_description":"Markt-XXL Fisher Price - Little People Frozen II Wagon (Disney)","og_url":"https:\/\/marktxxl.de\/markt\/produkt\/fisher-price-little-people-frozen-ii-wagon-disney\/","og_site_name":"Markt-XXL","twitter_card":"summary_large_image","schema":{"@context":"https:\/\/schema.org","@graph":[{"@type":"WebPage","@id":"https:\/\/marktxxl.de\/markt\/produkt\/fisher-price-little-people-frozen-ii-wagon-disney\/","url":"https:\/\/marktxxl.de\/markt\/produkt\/fisher-price-little-people-frozen-ii-wagon-disney\/","name":"Fisher Price - Little People Frozen II Wagon (Disney) - Markt-XXL","isPartOf":{"@id":"https:\/\/marktxxl.de\/markt\/#website"},"primaryImageOfPage":{"@id":"https:\/\/marktxxl.de\/markt\/produkt\/fisher-price-little-people-frozen-ii-wagon-disney\/#primaryimage"},"image":{"@id":"https:\/\/marktxxl.de\/markt\/produkt\/fisher-price-little-people-frozen-ii-wagon-disney\/#primaryimage"},"thumbnailUrl":"https:\/\/m.media-amazon.com\/images\/I\/51MFiA3E7YS._SL500_.jpg","datePublished":"2024-05-28T17:53:09+00:00","description":"Markt-XXL Fisher Price - Little People Frozen II Wagon (Disney)","breadcrumb":{"@id":"https:\/\/marktxxl.de\/markt\/produkt\/fisher-price-little-people-frozen-ii-wagon-disney\/#breadcrumb"},"inLanguage":"de","potentialAction":[{"@type":"ReadAction","target":["https:\/\/marktxxl.de\/markt\/produkt\/fisher-price-little-people-frozen-ii-wagon-disney\/"]}]},{"@type":"ImageObject","inLanguage":"de","@id":"https:\/\/marktxxl.de\/markt\/produkt\/fisher-price-little-people-frozen-ii-wagon-disney\/#primaryimage","url":"https:\/\/m.media-amazon.com\/images\/I\/51MFiA3E7YS._SL500_.jpg","contentUrl":"https:\/\/m.media-amazon.com\/images\/I\/51MFiA3E7YS._SL500_.jpg","width":500,"height":428},{"@type":"BreadcrumbList","@id":"https:\/\/marktxxl.de\/markt\/produkt\/fisher-price-little-people-frozen-ii-wagon-disney\/#breadcrumb","itemListElement":[{"@type":"ListItem","position":1,"name":"Startseite","item":"https:\/\/marktxxl.de\/markt\/"},{"@type":"ListItem","position":2,"name":"Markt","item":"https:\/\/marktxxl.de\/markt\/"},{"@type":"ListItem","position":3,"name":"Fisher Price &#8211; Little People Frozen II Wagon (Disney)"}]},{"@type":"WebSite","@id":"https:\/\/marktxxl.de\/markt\/#website","url":"https:\/\/marktxxl.de\/markt\/","name":"Markt-XXL","description":"Ihr Markt Online","publisher":{"@id":"https:\/\/marktxxl.de\/markt\/#organization"},"potentialAction":[{"@type":"SearchAction","target":{"@type":"EntryPoint","urlTemplate":"https:\/\/marktxxl.de\/markt\/?s={search_term_string}"},"query-input":{"@type":"PropertyValueSpecification","valueRequired":true,"valueName":"search_term_string"}}],"inLanguage":"de"},{"@type":"Organization","@id":"https:\/\/marktxxl.de\/markt\/#organization","name":"Markt-XXL","url":"https:\/\/marktxxl.de\/markt\/","logo":{"@type":"ImageObject","inLanguage":"de","@id":"https:\/\/marktxxl.de\/markt\/#\/schema\/logo\/image\/","url":"https:\/\/marktxxl.de\/markt\/wp-content\/uploads\/sites\/3\/2020\/12\/logo.png","contentUrl":"https:\/\/marktxxl.de\/markt\/wp-content\/uploads\/sites\/3\/2020\/12\/logo.png","width":200,"height":70,"caption":"Markt-XXL"},"image":{"@id":"https:\/\/marktxxl.de\/markt\/#\/schema\/logo\/image\/"}}]}},"_links":{"self":[{"href":"https:\/\/marktxxl.de\/markt\/wp-json\/wp\/v2\/product\/205812","targetHints":{"allow":["GET"]}}],"collection":[{"href":"https:\/\/marktxxl.de\/markt\/wp-json\/wp\/v2\/product"}],"about":[{"href":"https:\/\/marktxxl.de\/markt\/wp-json\/wp\/v2\/types\/product"}],"replies":[{"embeddable":true,"href":"https:\/\/marktxxl.de\/markt\/wp-json\/wp\/v2\/comments?post=205812"}],"wp:featuredmedia":[{"embeddable":true,"href":"https:\/\/marktxxl.de\/markt\/wp-json\/wp\/v2\/media\/205813"}],"wp:attachment":[{"href":"https:\/\/marktxxl.de\/markt\/wp-json\/wp\/v2\/media?parent=205812"}],"wp:term":[{"taxonomy":"product_brand","embeddable":true,"href":"https:\/\/marktxxl.de\/markt\/wp-json\/wp\/v2\/product_brand?post=205812"},{"taxonomy":"product_cat","embeddable":true,"href":"https:\/\/marktxxl.de\/markt\/wp-json\/wp\/v2\/product_cat?post=205812"},{"taxonomy":"product_tag","embeddable":true,"href":"https:\/\/marktxxl.de\/markt\/wp-json\/wp\/v2\/product_tag?post=205812"}],"curies":[{"name":"wp","href":"https:\/\/api.w.org\/{rel}","templated":true}]}}